{"id":1047,"date":"2024-10-16T11:47:23","date_gmt":"2024-10-16T11:47:23","guid":{"rendered":"https:\/\/nembutalhouse.com\/?post_type=product&#038;p=1047"},"modified":"2026-03-06T08:54:36","modified_gmt":"2026-03-06T08:54:36","slug":"buy-fentanyl-online","status":"publish","type":"product","link":"https:\/\/nembutalhouse.com\/fr\/produit\/buy-fentanyl-online\/","title":{"rendered":"Buy Fentanyl Online"},"content":{"rendered":"<h2>Acheter FETHANYL POWDER en ligne<\/h2>\n<p><a href=\"https:\/\/nembutalhouse.com\/fr\/produit\/buy-fentanyl-online\/\">Fentanyl en poudre<\/a>Le fentanil est un analg\u00e9sique opio\u00efde synth\u00e9tique puissant qui agit rapidement. Il poss\u00e8de des propri\u00e9t\u00e9s agonistes importantes au niveau des r\u00e9cepteurs \u03bc-opio\u00efdes. On pense que le fentanyl est 50 \u00e0 100 fois plus puissant que la morphine.<br \/>\nPaul Janssen a cr\u00e9\u00e9 la poudre de fentanyl pour la premi\u00e8re fois en 1960, quelques ann\u00e9es apr\u00e8s que la p\u00e9thidine (\u00e9galement appel\u00e9e m\u00e9p\u00e9ridine, vendue sous le nom de Demerol) ait \u00e9t\u00e9 utilis\u00e9e pour la premi\u00e8re fois en m\u00e9decine. En testant l'action opio\u00efde d'analogues de la p\u00e9thidine, un m\u00e9dicament \u00e0 la structure similaire, Janssen a cr\u00e9\u00e9 le fentanyl. Le citrate de fentanyl, qui est produit en m\u00e9langeant du fentanyl et de l'acide citrique dans une st\u0153chiom\u00e9trie de 1:1, a \u00e9t\u00e9 utilis\u00e9 pour la premi\u00e8re fois en m\u00e9decine comme anesth\u00e9sique g\u00e9n\u00e9ral sous le nom de marque Sublimaze, au fur et \u00e0 mesure de la g\u00e9n\u00e9ralisation de l'utilisation du m\u00e9dicament. <a href=\"https:\/\/nembutalhouse.com\/fr\/\">NembutalHouse<\/a><\/p>\n<p>dans les ann\u00e9es 1960. Par la suite, plusieurs autres analogues du fentanyl, tels que le sufentanil, l'alfentanil, le r\u00e9mifentanil et le lofentanil, ont \u00e9t\u00e9 cr\u00e9\u00e9s et utilis\u00e9s en m\u00e9decine.<\/p>\n<p>Fentanyl en poudre Le patch de fentanyl a \u00e9t\u00e9 mis \u00e0 disposition pour la premi\u00e8re fois pour un usage palliatif au milieu des ann\u00e9es 1990. Au cours des dix ann\u00e9es suivantes, d'autres formes de fentanyl ont \u00e9galement \u00e9t\u00e9 mises sur le march\u00e9, notamment une sucette, des comprim\u00e9s \u00e0 dissoudre et un spray sublingual qui se r\u00e9sorbe par la peau \u00e0 l'int\u00e9rieur de la bouche. En 2012, le fentanyl \u00e9tait l'opio\u00efde synth\u00e9tique le plus utilis\u00e9 en m\u00e9decine. 1700 kg ont \u00e9t\u00e9 utilis\u00e9s dans le monde en 2013.<\/p>\n<p>Utilisateurs r\u00e9cr\u00e9atifs de <a href=\"https:\/\/en.wikipedia.org\/wiki\/Fentanyl\">fentanyl<\/a> ont \u00e9galement \u00e9t\u00e9 responsables de milliers de d\u00e9c\u00e8s par overdose chaque ann\u00e9e au cours des derni\u00e8res ann\u00e9es. L'utilisation m\u00e9dicale inappropri\u00e9e a \u00e9galement entra\u00een\u00e9 des d\u00e9c\u00e8s. Le fentanyl est un m\u00e9dicament particuli\u00e8rement s\u00fbr en raison de son index th\u00e9rapeutique exceptionnellement large (270).<\/p>\n<p>Cependant, en raison de son extr\u00eame puissance, les mesures de fentanyl hautement dilu\u00e9 en solution doivent \u00eatre effectu\u00e9es avec pr\u00e9caution. Il n'est pas possible de mesurer avec pr\u00e9cision une dose de poudre de fentanyl pure sans un \u00e9quipement scientifique sophistiqu\u00e9, car il serait difficile, voire impossible, de faire la distinction entre une dose efficace et une dose mortelle du m\u00e9dicament si elles \u00e9taient plac\u00e9es l'une \u00e0 c\u00f4t\u00e9 de l'autre.<\/p>\n<p>Nous proposons de la poudre, des patchs, du liquide et des pilules de Fentanyl \u00e0 acheter en ligne.<\/p>\n<p>&nbsp;<\/p>\n<p>&nbsp;<\/p>","protected":false},"excerpt":{"rendered":"<p>Acheter FETHANYL POWDER en ligne Le fentanyl en poudre, parfois appel\u00e9 fentanil, est un analg\u00e9sique opio\u00efde synth\u00e9tique puissant qui agit rapidement. Au niveau des r\u00e9cepteurs \u03bc-opio\u00efdes, il poss\u00e8de des propri\u00e9t\u00e9s agonistes substantielles. Il...<\/p>","protected":false},"featured_media":1607,"comment_status":"open","ping_status":"closed","template":"","meta":{"_joinchat":[]},"product_cat":[186],"product_tag":[804,793,783,795,810,784,802,790,809,797,800,806,808,811,796,807,805,786,785,799,792,788,789,812,803,801,798,791,794,787],"class_list":{"0":"post-1047","1":"product","2":"type-product","3":"status-publish","4":"has-post-thumbnail","6":"product_cat-research-chemicals","7":"product_tag-best-cheap-price-fentanyl-powder","8":"product_tag-best-place-to-buy-fentanyl-powder","9":"product_tag-buy-fentanyl","10":"product_tag-buy-fentanyl-powder-legally","11":"product_tag-buy-fentanyl-powderonline","12":"product_tag-buy-fentanylonline","13":"product_tag-cheap-fentanyl-powders","14":"product_tag-fentanyl-powder","15":"product_tag-fentanyl-powder-powder","16":"product_tag-fentanyl-powder-price","17":"product_tag-fentanyl-powder-store","18":"product_tag-fentanyl-powder-use","19":"product_tag-fentanyl-powderfor-cleaning","20":"product_tag-fentanyl-powderfor-sale","21":"product_tag-fentanyl-powderpowder-online","22":"product_tag-fentanyl-powderwiki","23":"product_tag-fentanyl-powderworldwide","24":"product_tag-fentanyl-supplier","25":"product_tag-fentanylfor-sale","26":"product_tag-high-quality-fentanyl-powder","27":"product_tag-how-to-buy-fentanyl-powder","28":"product_tag-order-fentanyl","29":"product_tag-order-fentanyl-online","30":"product_tag-order-fentanyl-powder","31":"product_tag-purcharse-fentanyl-powder-powder","32":"product_tag-shop-fentanyl-powder","33":"product_tag-top-quality-fentanyl-powder","34":"product_tag-where-to-buy-fentanyl-powder","35":"product_tag-where-to-order-fentanyl-powder","36":"product_tag-wholesale-fentanyl-bulk-online","38":"first","39":"instock","40":"shipping-taxable","41":"purchasable","42":"product-type-variable"},"yoast_head":"<!-- This site is optimized with the Yoast SEO plugin v24.1 - https:\/\/yoast.com\/wordpress\/plugins\/seo\/ -->\n<title>Buy Fentanyl Online - Fentanyl for Sale - Order Fentanyl Online<\/title>\n<meta name=\"description\" content=\"Where to buy fentanyl online at the best price? Find high-quality fentanyl for sale at our secure online store, catering to your research requirements. Order Now!\" \/>\n<meta name=\"robots\" content=\"index, follow, max-snippet:-1, max-image-preview:large, max-video-preview:-1\" \/>\n<link rel=\"canonical\" href=\"https:\/\/nembutalhouse.com\/fr\/produit\/buy-fentanyl-online\/\" \/>\n<meta property=\"og:locale\" content=\"fr_FR\" \/>\n<meta property=\"og:type\" content=\"article\" \/>\n<meta property=\"og:title\" content=\"Buy Fentanyl Online - Fentanyl for Sale - Order Fentanyl Online\" \/>\n<meta property=\"og:description\" content=\"Where to buy fentanyl online at the best price? Find high-quality fentanyl for sale at our secure online store, catering to your research requirements. Order Now!\" \/>\n<meta property=\"og:url\" content=\"https:\/\/nembutalhouse.com\/fr\/produit\/buy-fentanyl-online\/\" \/>\n<meta property=\"og:site_name\" content=\"Nembutal House\" \/>\n<meta property=\"article:modified_time\" content=\"2026-03-06T08:54:36+00:00\" \/>\n<meta property=\"og:image\" content=\"https:\/\/nembutalhouse.com\/wp-content\/uploads\/2024\/10\/Fentanyl.gif\" \/>\n\t<meta property=\"og:image:width\" content=\"600\" \/>\n\t<meta property=\"og:image:height\" content=\"600\" \/>\n\t<meta property=\"og:image:type\" content=\"image\/gif\" \/>\n<meta name=\"twitter:card\" content=\"summary_large_image\" \/>\n<meta name=\"twitter:label1\" content=\"Dur\u00e9e de lecture estim\u00e9e\" \/>\n\t<meta name=\"twitter:data1\" content=\"2 minutes\" \/>\n<script type=\"application\/ld+json\" class=\"yoast-schema-graph\">{\"@context\":\"https:\/\/schema.org\",\"@graph\":[{\"@type\":\"WebPage\",\"@id\":\"https:\/\/nembutalhouse.com\/product\/buy-fentanyl-online\/\",\"url\":\"https:\/\/nembutalhouse.com\/product\/buy-fentanyl-online\/\",\"name\":\"Buy Fentanyl Online - Fentanyl for Sale - Order Fentanyl Online\",\"isPartOf\":{\"@id\":\"https:\/\/nembutalhouse.com\/#website\"},\"primaryImageOfPage\":{\"@id\":\"https:\/\/nembutalhouse.com\/product\/buy-fentanyl-online\/#primaryimage\"},\"image\":{\"@id\":\"https:\/\/nembutalhouse.com\/product\/buy-fentanyl-online\/#primaryimage\"},\"thumbnailUrl\":\"https:\/\/nembutalhouse.com\/wp-content\/uploads\/2024\/10\/Fentanyl.gif\",\"datePublished\":\"2024-10-16T11:47:23+00:00\",\"dateModified\":\"2026-03-06T08:54:36+00:00\",\"description\":\"Where to buy fentanyl online at the best price? Find high-quality fentanyl for sale at our secure online store, catering to your research requirements. Order Now!\",\"breadcrumb\":{\"@id\":\"https:\/\/nembutalhouse.com\/product\/buy-fentanyl-online\/#breadcrumb\"},\"inLanguage\":\"fr-FR\",\"potentialAction\":[{\"@type\":\"ReadAction\",\"target\":[\"https:\/\/nembutalhouse.com\/product\/buy-fentanyl-online\/\"]}]},{\"@type\":\"ImageObject\",\"inLanguage\":\"fr-FR\",\"@id\":\"https:\/\/nembutalhouse.com\/product\/buy-fentanyl-online\/#primaryimage\",\"url\":\"https:\/\/nembutalhouse.com\/wp-content\/uploads\/2024\/10\/Fentanyl.gif\",\"contentUrl\":\"https:\/\/nembutalhouse.com\/wp-content\/uploads\/2024\/10\/Fentanyl.gif\",\"width\":600,\"height\":600,\"caption\":\"Buy Fentanyl Online\"},{\"@type\":\"BreadcrumbList\",\"@id\":\"https:\/\/nembutalhouse.com\/product\/buy-fentanyl-online\/#breadcrumb\",\"itemListElement\":[{\"@type\":\"ListItem\",\"position\":1,\"name\":\"Home\",\"item\":\"https:\/\/nembutalhouse.com\/\"},{\"@type\":\"ListItem\",\"position\":2,\"name\":\"Shop\",\"item\":\"https:\/\/nembutalhouse.com\/shop\/\"},{\"@type\":\"ListItem\",\"position\":3,\"name\":\"Buy Fentanyl Online\"}]},{\"@type\":\"WebSite\",\"@id\":\"https:\/\/nembutalhouse.com\/#website\",\"url\":\"https:\/\/nembutalhouse.com\/\",\"name\":\"Nembutal House\",\"description\":\"Best Nembutal Online Store\",\"publisher\":{\"@id\":\"https:\/\/nembutalhouse.com\/#organization\"},\"potentialAction\":[{\"@type\":\"SearchAction\",\"target\":{\"@type\":\"EntryPoint\",\"urlTemplate\":\"https:\/\/nembutalhouse.com\/?s={search_term_string}\"},\"query-input\":{\"@type\":\"PropertyValueSpecification\",\"valueRequired\":true,\"valueName\":\"search_term_string\"}}],\"inLanguage\":\"fr-FR\"},{\"@type\":\"Organization\",\"@id\":\"https:\/\/nembutalhouse.com\/#organization\",\"name\":\"Nembutal House\",\"url\":\"https:\/\/nembutalhouse.com\/\",\"logo\":{\"@type\":\"ImageObject\",\"inLanguage\":\"fr-FR\",\"@id\":\"https:\/\/nembutalhouse.com\/#\/schema\/logo\/image\/\",\"url\":\"https:\/\/nembutalhouse.com\/wp-content\/uploads\/2022\/12\/logo.png\",\"contentUrl\":\"https:\/\/nembutalhouse.com\/wp-content\/uploads\/2022\/12\/logo.png\",\"width\":344,\"height\":103,\"caption\":\"Nembutal House\"},\"image\":{\"@id\":\"https:\/\/nembutalhouse.com\/#\/schema\/logo\/image\/\"}}]}<\/script>\n<!-- \/ Yoast SEO plugin. -->","yoast_head_json":{"title":"Buy Fentanyl Online - Fentanyl for Sale - Order Fentanyl Online","description":"Where to buy fentanyl online at the best price? Find high-quality fentanyl for sale at our secure online store, catering to your research requirements. Order Now!","robots":{"index":"index","follow":"follow","max-snippet":"max-snippet:-1","max-image-preview":"max-image-preview:large","max-video-preview":"max-video-preview:-1"},"canonical":"https:\/\/nembutalhouse.com\/fr\/produit\/buy-fentanyl-online\/","og_locale":"fr_FR","og_type":"article","og_title":"Buy Fentanyl Online - Fentanyl for Sale - Order Fentanyl Online","og_description":"Where to buy fentanyl online at the best price? Find high-quality fentanyl for sale at our secure online store, catering to your research requirements. Order Now!","og_url":"https:\/\/nembutalhouse.com\/fr\/produit\/buy-fentanyl-online\/","og_site_name":"Nembutal House","article_modified_time":"2026-03-06T08:54:36+00:00","og_image":[{"width":600,"height":600,"url":"https:\/\/nembutalhouse.com\/wp-content\/uploads\/2024\/10\/Fentanyl.gif","type":"image\/gif"}],"twitter_card":"summary_large_image","twitter_misc":{"Dur\u00e9e de lecture estim\u00e9e":"2 minutes"},"schema":{"@context":"https:\/\/schema.org","@graph":[{"@type":"WebPage","@id":"https:\/\/nembutalhouse.com\/product\/buy-fentanyl-online\/","url":"https:\/\/nembutalhouse.com\/product\/buy-fentanyl-online\/","name":"Buy Fentanyl Online - Fentanyl for Sale - Order Fentanyl Online","isPartOf":{"@id":"https:\/\/nembutalhouse.com\/#website"},"primaryImageOfPage":{"@id":"https:\/\/nembutalhouse.com\/product\/buy-fentanyl-online\/#primaryimage"},"image":{"@id":"https:\/\/nembutalhouse.com\/product\/buy-fentanyl-online\/#primaryimage"},"thumbnailUrl":"https:\/\/nembutalhouse.com\/wp-content\/uploads\/2024\/10\/Fentanyl.gif","datePublished":"2024-10-16T11:47:23+00:00","dateModified":"2026-03-06T08:54:36+00:00","description":"Where to buy fentanyl online at the best price? Find high-quality fentanyl for sale at our secure online store, catering to your research requirements. Order Now!","breadcrumb":{"@id":"https:\/\/nembutalhouse.com\/product\/buy-fentanyl-online\/#breadcrumb"},"inLanguage":"fr-FR","potentialAction":[{"@type":"ReadAction","target":["https:\/\/nembutalhouse.com\/product\/buy-fentanyl-online\/"]}]},{"@type":"ImageObject","inLanguage":"fr-FR","@id":"https:\/\/nembutalhouse.com\/product\/buy-fentanyl-online\/#primaryimage","url":"https:\/\/nembutalhouse.com\/wp-content\/uploads\/2024\/10\/Fentanyl.gif","contentUrl":"https:\/\/nembutalhouse.com\/wp-content\/uploads\/2024\/10\/Fentanyl.gif","width":600,"height":600,"caption":"Buy Fentanyl Online"},{"@type":"BreadcrumbList","@id":"https:\/\/nembutalhouse.com\/product\/buy-fentanyl-online\/#breadcrumb","itemListElement":[{"@type":"ListItem","position":1,"name":"Home","item":"https:\/\/nembutalhouse.com\/"},{"@type":"ListItem","position":2,"name":"Shop","item":"https:\/\/nembutalhouse.com\/shop\/"},{"@type":"ListItem","position":3,"name":"Buy Fentanyl Online"}]},{"@type":"WebSite","@id":"https:\/\/nembutalhouse.com\/#website","url":"https:\/\/nembutalhouse.com\/","name":"Nembutal House","description":"Best Nembutal Online Store","publisher":{"@id":"https:\/\/nembutalhouse.com\/#organization"},"potentialAction":[{"@type":"SearchAction","target":{"@type":"EntryPoint","urlTemplate":"https:\/\/nembutalhouse.com\/?s={search_term_string}"},"query-input":{"@type":"PropertyValueSpecification","valueRequired":true,"valueName":"search_term_string"}}],"inLanguage":"fr-FR"},{"@type":"Organization","@id":"https:\/\/nembutalhouse.com\/#organization","name":"Nembutal House","url":"https:\/\/nembutalhouse.com\/","logo":{"@type":"ImageObject","inLanguage":"fr-FR","@id":"https:\/\/nembutalhouse.com\/#\/schema\/logo\/image\/","url":"https:\/\/nembutalhouse.com\/wp-content\/uploads\/2022\/12\/logo.png","contentUrl":"https:\/\/nembutalhouse.com\/wp-content\/uploads\/2022\/12\/logo.png","width":344,"height":103,"caption":"Nembutal House"},"image":{"@id":"https:\/\/nembutalhouse.com\/#\/schema\/logo\/image\/"}}]}},"_links":{"self":[{"href":"https:\/\/nembutalhouse.com\/fr\/wp-json\/wp\/v2\/product\/1047","targetHints":{"allow":["GET"]}}],"collection":[{"href":"https:\/\/nembutalhouse.com\/fr\/wp-json\/wp\/v2\/product"}],"about":[{"href":"https:\/\/nembutalhouse.com\/fr\/wp-json\/wp\/v2\/types\/product"}],"replies":[{"embeddable":true,"href":"https:\/\/nembutalhouse.com\/fr\/wp-json\/wp\/v2\/comments?post=1047"}],"wp:featuredmedia":[{"embeddable":true,"href":"https:\/\/nembutalhouse.com\/fr\/wp-json\/wp\/v2\/media\/1607"}],"wp:attachment":[{"href":"https:\/\/nembutalhouse.com\/fr\/wp-json\/wp\/v2\/media?parent=1047"}],"wp:term":[{"taxonomy":"product_cat","embeddable":true,"href":"https:\/\/nembutalhouse.com\/fr\/wp-json\/wp\/v2\/product_cat?post=1047"},{"taxonomy":"product_tag","embeddable":true,"href":"https:\/\/nembutalhouse.com\/fr\/wp-json\/wp\/v2\/product_tag?post=1047"}],"curies":[{"name":"wp","href":"https:\/\/api.w.org\/{rel}","templated":true}]}}