{"id":91,"date":"2022-12-14T06:49:39","date_gmt":"2022-12-14T06:49:39","guid":{"rendered":"https:\/\/nembutalhouse.com\/?page_id=91"},"modified":"2022-12-14T07:00:36","modified_gmt":"2022-12-14T07:00:36","slug":"about-us","status":"publish","type":"page","link":"https:\/\/nembutalhouse.com\/fr\/a-propos-de-nous\/","title":{"rendered":"\u00c0 propos de nous"},"content":{"rendered":"<div data-elementor-type=\"wp-page\" data-elementor-id=\"91\" class=\"elementor elementor-91\">\n\t\t\t\t\t\t<section class=\"elementor-section elementor-top-section elementor-element elementor-element-20ba00c elementor-section-boxed elementor-section-height-default elementor-section-height-default\" data-id=\"20ba00c\" data-element_type=\"section\">\n\t\t\t\t\t\t<div class=\"elementor-container elementor-column-gap-default\">\n\t\t\t\t\t<div class=\"elementor-column elementor-col-100 elementor-top-column elementor-element elementor-element-16a6bc4\" data-id=\"16a6bc4\" data-element_type=\"column\">\n\t\t\t<div class=\"elementor-widget-wrap elementor-element-populated\">\n\t\t\t\t\t\t<div class=\"elementor-element elementor-element-436affe elementor-widget elementor-widget-heading\" data-id=\"436affe\" data-element_type=\"widget\" data-widget_type=\"heading.default\">\n\t\t\t\t<div class=\"elementor-widget-container\">\n\t\t\t\t\t<h2 class=\"elementor-heading-title elementor-size-default\">\u00c0 propos de nous pour Nembutal \u00e0 vendre<\/h2>\t\t\t\t<\/div>\n\t\t\t\t<\/div>\n\t\t\t\t<div class=\"elementor-element elementor-element-53ece00 elementor-widget elementor-widget-text-editor\" data-id=\"53ece00\" data-element_type=\"widget\" data-widget_type=\"text-editor.default\">\n\t\t\t\t<div class=\"elementor-widget-container\">\n\t\t\t\t\t\t\t\t\t<p>Nous avons une \u00e9quipe bien organis\u00e9e pr\u00eate et disponible \u00e0 tout moment pour r\u00e9pondre \u00e0 votre demande. Vous n'avez pas besoin d'ordonnance. Nos prix sont mod\u00e9r\u00e9s. Nos services d'emballage et de livraison sont rapides, bon march\u00e9, discrets et hautement s\u00e9curis\u00e9s. Nous sommes la meilleure source d'informations sur les soins de sant\u00e9 et de fournisseurs pharmaceutiques certifi\u00e9s PCCA \u00e0 votre porte.<\/p>\t\t\t\t\t\t\t\t<\/div>\n\t\t\t\t<\/div>\n\t\t\t\t<section class=\"elementor-section elementor-inner-section elementor-element elementor-element-4c4d2a0 elementor-section-boxed elementor-section-height-default elementor-section-height-default\" data-id=\"4c4d2a0\" data-element_type=\"section\">\n\t\t\t\t\t\t<div class=\"elementor-container elementor-column-gap-default\">\n\t\t\t\t\t<div class=\"elementor-column elementor-col-50 elementor-inner-column elementor-element elementor-element-5941eec\" data-id=\"5941eec\" data-element_type=\"column\">\n\t\t\t<div class=\"elementor-widget-wrap elementor-element-populated\">\n\t\t\t\t\t\t<div class=\"elementor-element elementor-element-8b9e898 elementor-widget elementor-widget-text-editor\" data-id=\"8b9e898\" data-element_type=\"widget\" data-widget_type=\"text-editor.default\">\n\t\t\t\t<div class=\"elementor-widget-container\">\n\t\t\t\t\t\t\t\t\t<p>La s\u00e9curit\u00e9 des clients est notre priorit\u00e9 absolue. Nous traitons tous nos clients avec 100% de confidentialit\u00e9 et de s\u00e9curit\u00e9. Nous veillons \u00e0 ce que toutes les exp\u00e9ditions soient aussi discr\u00e8tes que possible. Alors n'h\u00e9sitez pas \u00e0 passer une commande maintenant avec nous. Les informations que nous fournissons sont \u00e0 titre de r\u00e9f\u00e9rence uniquement et nous n'avons pas l'intention de remplacer l'opinion professionnelle donn\u00e9e par un professionnel de la sant\u00e9.<\/p><p>Nous aspirons \u00e0 am\u00e9liorer la s\u00e9curit\u00e9 des consommateurs afin que vous n'ayez pas seulement besoin d'une ordonnance. Notre plateforme est con\u00e7ue pour aider les praticiens agr\u00e9\u00e9s \u00e0 mieux servir leurs patients. Nos prix sont tr\u00e8s mod\u00e9r\u00e9s. Nous sommes experts en service de livraison rapide, prix bon march\u00e9, discret et hautement s\u00e9curis\u00e9. La s\u00e9curit\u00e9 des clients est notre priorit\u00e9 absolue.<\/p>\t\t\t\t\t\t\t\t<\/div>\n\t\t\t\t<\/div>\n\t\t\t\t\t<\/div>\n\t\t<\/div>\n\t\t\t\t<div class=\"elementor-column elementor-col-50 elementor-inner-column elementor-element elementor-element-6c25ab1\" data-id=\"6c25ab1\" data-element_type=\"column\">\n\t\t\t<div class=\"elementor-widget-wrap elementor-element-populated\">\n\t\t\t\t\t\t<div class=\"elementor-element elementor-element-f2dab8a elementor-widget elementor-widget-text-editor\" data-id=\"f2dab8a\" data-element_type=\"widget\" data-widget_type=\"text-editor.default\">\n\t\t\t\t<div class=\"elementor-widget-container\">\n\t\t\t\t\t\t\t\t\t<p>Pour cette raison, NembutalHouse est une boutique en ligne qui promet de livrer les produits pharmaceutiques de la plus haute qualit\u00e9 \u00e0 votre porte d\u00e8s que possible apr\u00e8s avoir class\u00e9 les m\u00e9dicaments par dosage. Alors que Nembutal Store, nous appr\u00e9cions la qualit\u00e9 des produits pour nous assurer que vous \u00eates satisfait Parce que votre satisfaction est notre priorit\u00e9 absolue, vous trouverez du Nembutal \u00e0 acheter sous diff\u00e9rentes formes dans notre magasin, comme le Nembutal liquide, les pilules de Nembutal et la poudre de Nembutal en Espagne, Canada et Australie. Cependant, c'est le meilleur endroit pour trouver le meilleur Nembutal au prix le plus abordable sans ordonnance. Ensuite, le prix du produit sera celui indiqu\u00e9 sur notre site Web.<\/p>\t\t\t\t\t\t\t\t<\/div>\n\t\t\t\t<\/div>\n\t\t\t\t\t<\/div>\n\t\t<\/div>\n\t\t\t\t\t<\/div>\n\t\t<\/section>\n\t\t\t\t<section class=\"elementor-section elementor-inner-section elementor-element elementor-element-09d2854 elementor-section-boxed elementor-section-height-default elementor-section-height-default\" data-id=\"09d2854\" data-element_type=\"section\">\n\t\t\t\t\t\t<div class=\"elementor-container elementor-column-gap-default\">\n\t\t\t\t\t<div class=\"elementor-column elementor-col-100 elementor-inner-column elementor-element elementor-element-775372c\" data-id=\"775372c\" data-element_type=\"column\">\n\t\t\t<div class=\"elementor-widget-wrap elementor-element-populated\">\n\t\t\t\t\t\t<div class=\"elementor-element elementor-element-3ddf45b elementor-widget elementor-widget-text-editor\" data-id=\"3ddf45b\" data-element_type=\"widget\" data-widget_type=\"text-editor.default\">\n\t\t\t\t<div class=\"elementor-widget-container\">\n\t\t\t\t\t\t\t\t\t<p>Tous nos clients avec 100% de confidentialit\u00e9 et de s\u00e9curit\u00e9, nous nous assurons que toutes les exp\u00e9ditions arrivent \u00e0 destination en toute s\u00e9curit\u00e9. Nous avons une \u00e9quipe bien organis\u00e9e pr\u00eate et disponible \u00e0 tout moment pour r\u00e9pondre \u00e0 votre demande. Vous n'avez pas besoin d'ordonnance. Notre plateforme est \u00e9galement con\u00e7ue pour aider les praticiens agr\u00e9\u00e9s \u00e0 mieux servir les patients.<\/p>\t\t\t\t\t\t\t\t<\/div>\n\t\t\t\t<\/div>\n\t\t\t\t<div class=\"elementor-element elementor-element-d81c0c1 elementor-widget elementor-widget-text-editor\" data-id=\"d81c0c1\" data-element_type=\"widget\" data-widget_type=\"text-editor.default\">\n\t\t\t\t<div class=\"elementor-widget-container\">\n\t\t\t\t\t\t\t\t\t<p><strong>Politique de confidentialit\u00e9:<\/strong><\/p><p>Tout d'abord, nous nous assurons que toutes vos donn\u00e9es restent confidentielles sur un serveur s\u00e9curis\u00e9. Vos informations peuvent \u00eatre utilis\u00e9es uniquement pour vous informer des offres ou des modifications de nos politiques.<\/p><p><strong>Politique d'exp\u00e9dition et de livraison\u00a0:<\/strong><\/p><p>Deuxi\u00e8mement, le processus de livraison commence d\u00e8s que vous soumettez votre commande. Nous nous effor\u00e7ons d'exp\u00e9dier les commandes le plus rapidement possible. Si vous r\u00e9sidez \u00e0 l'int\u00e9rieur du pays, le produit sera livr\u00e9 \u00e0 votre porte dans un d\u00e9lai de 2 \u00e0 3 jours. En dehors de la nation, cela prendra un maximum de 3 \u00e0 4 jours.<\/p><p><strong>Politique de retour:<\/strong><\/p><p>Nous offrons une politique de retour pour votre enti\u00e8re commodit\u00e9. Si vous avez une bonne raison d'\u00eatre m\u00e9content de l'achat, vous disposez de cinq jours pour retourner l'article. Vous ne pouvez effectuer un retour que dans les cinq jours en contactant notre service client et en demandant l'autorisation \u00e0 l'aide de notre formulaire de retour client.<\/p>\t\t\t\t\t\t\t\t<\/div>\n\t\t\t\t<\/div>\n\t\t\t\t\t<\/div>\n\t\t<\/div>\n\t\t\t\t\t<\/div>\n\t\t<\/section>\n\t\t\t\t\t<\/div>\n\t\t<\/div>\n\t\t\t\t\t<\/div>\n\t\t<\/section>\n\t\t\t\t<\/div>","protected":false},"excerpt":{"rendered":"<p>A propos de Nembutal for Sale Nous disposons d'une \u00e9quipe bien organis\u00e9e, pr\u00eate et disponible \u00e0 tout moment pour r\u00e9pondre \u00e0 votre demande. Vous n'avez pas besoin d'ordonnance. Nos prix sont mod\u00e9r\u00e9s....<\/p>","protected":false},"author":1,"featured_media":0,"parent":0,"menu_order":0,"comment_status":"closed","ping_status":"closed","template":"page-templates\/template-sinatra-fullwidth.php","meta":{"_joinchat":[],"footnotes":""},"class_list":["post-91","page","type-page","status-publish","hentry"],"yoast_head":"<!-- This site is optimized with the Yoast SEO plugin v24.1 - https:\/\/yoast.com\/wordpress\/plugins\/seo\/ -->\n<title>About us | Nembutal House<\/title>\n<meta name=\"robots\" content=\"index, follow, max-snippet:-1, max-image-preview:large, max-video-preview:-1\" \/>\n<link rel=\"canonical\" href=\"https:\/\/nembutalhouse.com\/fr\/a-propos-de-nous\/\" \/>\n<meta property=\"og:locale\" content=\"fr_FR\" \/>\n<meta property=\"og:type\" content=\"article\" \/>\n<meta property=\"og:title\" content=\"About us | Nembutal House\" \/>\n<meta property=\"og:description\" content=\"About us for Nembutal for Sale We have a well-organized team ready and available at any time to answer your request. You don&#8217;t need a prescription. Our prices are moderate.&hellip;\" \/>\n<meta property=\"og:url\" content=\"https:\/\/nembutalhouse.com\/fr\/a-propos-de-nous\/\" \/>\n<meta property=\"og:site_name\" content=\"Nembutal House\" \/>\n<meta property=\"article:modified_time\" content=\"2022-12-14T07:00:36+00:00\" \/>\n<meta name=\"twitter:card\" content=\"summary_large_image\" \/>\n<meta name=\"twitter:label1\" content=\"Dur\u00e9e de lecture estim\u00e9e\" \/>\n\t<meta name=\"twitter:data1\" content=\"2 minutes\" \/>\n<script type=\"application\/ld+json\" class=\"yoast-schema-graph\">{\"@context\":\"https:\/\/schema.org\",\"@graph\":[{\"@type\":\"WebPage\",\"@id\":\"https:\/\/nembutalhouse.com\/about-us\/\",\"url\":\"https:\/\/nembutalhouse.com\/about-us\/\",\"name\":\"About us | Nembutal House\",\"isPartOf\":{\"@id\":\"https:\/\/nembutalhouse.com\/#website\"},\"datePublished\":\"2022-12-14T06:49:39+00:00\",\"dateModified\":\"2022-12-14T07:00:36+00:00\",\"breadcrumb\":{\"@id\":\"https:\/\/nembutalhouse.com\/about-us\/#breadcrumb\"},\"inLanguage\":\"fr-FR\",\"potentialAction\":[{\"@type\":\"ReadAction\",\"target\":[\"https:\/\/nembutalhouse.com\/about-us\/\"]}]},{\"@type\":\"BreadcrumbList\",\"@id\":\"https:\/\/nembutalhouse.com\/about-us\/#breadcrumb\",\"itemListElement\":[{\"@type\":\"ListItem\",\"position\":1,\"name\":\"Home\",\"item\":\"https:\/\/nembutalhouse.com\/\"},{\"@type\":\"ListItem\",\"position\":2,\"name\":\"About us\"}]},{\"@type\":\"WebSite\",\"@id\":\"https:\/\/nembutalhouse.com\/#website\",\"url\":\"https:\/\/nembutalhouse.com\/\",\"name\":\"Nembutal House\",\"description\":\"Best Nembutal Online Store\",\"publisher\":{\"@id\":\"https:\/\/nembutalhouse.com\/#organization\"},\"potentialAction\":[{\"@type\":\"SearchAction\",\"target\":{\"@type\":\"EntryPoint\",\"urlTemplate\":\"https:\/\/nembutalhouse.com\/?s={search_term_string}\"},\"query-input\":{\"@type\":\"PropertyValueSpecification\",\"valueRequired\":true,\"valueName\":\"search_term_string\"}}],\"inLanguage\":\"fr-FR\"},{\"@type\":\"Organization\",\"@id\":\"https:\/\/nembutalhouse.com\/#organization\",\"name\":\"Nembutal House\",\"url\":\"https:\/\/nembutalhouse.com\/\",\"logo\":{\"@type\":\"ImageObject\",\"inLanguage\":\"fr-FR\",\"@id\":\"https:\/\/nembutalhouse.com\/#\/schema\/logo\/image\/\",\"url\":\"https:\/\/nembutalhouse.com\/wp-content\/uploads\/2022\/12\/logo.png\",\"contentUrl\":\"https:\/\/nembutalhouse.com\/wp-content\/uploads\/2022\/12\/logo.png\",\"width\":344,\"height\":103,\"caption\":\"Nembutal House\"},\"image\":{\"@id\":\"https:\/\/nembutalhouse.com\/#\/schema\/logo\/image\/\"}}]}<\/script>\n<!-- \/ Yoast SEO plugin. -->","yoast_head_json":{"title":"About us | Nembutal House","robots":{"index":"index","follow":"follow","max-snippet":"max-snippet:-1","max-image-preview":"max-image-preview:large","max-video-preview":"max-video-preview:-1"},"canonical":"https:\/\/nembutalhouse.com\/fr\/a-propos-de-nous\/","og_locale":"fr_FR","og_type":"article","og_title":"About us | Nembutal House","og_description":"About us for Nembutal for Sale We have a well-organized team ready and available at any time to answer your request. You don&#8217;t need a prescription. Our prices are moderate.&hellip;","og_url":"https:\/\/nembutalhouse.com\/fr\/a-propos-de-nous\/","og_site_name":"Nembutal House","article_modified_time":"2022-12-14T07:00:36+00:00","twitter_card":"summary_large_image","twitter_misc":{"Dur\u00e9e de lecture estim\u00e9e":"2 minutes"},"schema":{"@context":"https:\/\/schema.org","@graph":[{"@type":"WebPage","@id":"https:\/\/nembutalhouse.com\/about-us\/","url":"https:\/\/nembutalhouse.com\/about-us\/","name":"About us | Nembutal House","isPartOf":{"@id":"https:\/\/nembutalhouse.com\/#website"},"datePublished":"2022-12-14T06:49:39+00:00","dateModified":"2022-12-14T07:00:36+00:00","breadcrumb":{"@id":"https:\/\/nembutalhouse.com\/about-us\/#breadcrumb"},"inLanguage":"fr-FR","potentialAction":[{"@type":"ReadAction","target":["https:\/\/nembutalhouse.com\/about-us\/"]}]},{"@type":"BreadcrumbList","@id":"https:\/\/nembutalhouse.com\/about-us\/#breadcrumb","itemListElement":[{"@type":"ListItem","position":1,"name":"Home","item":"https:\/\/nembutalhouse.com\/"},{"@type":"ListItem","position":2,"name":"About us"}]},{"@type":"WebSite","@id":"https:\/\/nembutalhouse.com\/#website","url":"https:\/\/nembutalhouse.com\/","name":"Nembutal House","description":"Best Nembutal Online Store","publisher":{"@id":"https:\/\/nembutalhouse.com\/#organization"},"potentialAction":[{"@type":"SearchAction","target":{"@type":"EntryPoint","urlTemplate":"https:\/\/nembutalhouse.com\/?s={search_term_string}"},"query-input":{"@type":"PropertyValueSpecification","valueRequired":true,"valueName":"search_term_string"}}],"inLanguage":"fr-FR"},{"@type":"Organization","@id":"https:\/\/nembutalhouse.com\/#organization","name":"Nembutal House","url":"https:\/\/nembutalhouse.com\/","logo":{"@type":"ImageObject","inLanguage":"fr-FR","@id":"https:\/\/nembutalhouse.com\/#\/schema\/logo\/image\/","url":"https:\/\/nembutalhouse.com\/wp-content\/uploads\/2022\/12\/logo.png","contentUrl":"https:\/\/nembutalhouse.com\/wp-content\/uploads\/2022\/12\/logo.png","width":344,"height":103,"caption":"Nembutal House"},"image":{"@id":"https:\/\/nembutalhouse.com\/#\/schema\/logo\/image\/"}}]}},"_links":{"self":[{"href":"https:\/\/nembutalhouse.com\/fr\/wp-json\/wp\/v2\/pages\/91","targetHints":{"allow":["GET"]}}],"collection":[{"href":"https:\/\/nembutalhouse.com\/fr\/wp-json\/wp\/v2\/pages"}],"about":[{"href":"https:\/\/nembutalhouse.com\/fr\/wp-json\/wp\/v2\/types\/page"}],"author":[{"embeddable":true,"href":"https:\/\/nembutalhouse.com\/fr\/wp-json\/wp\/v2\/users\/1"}],"replies":[{"embeddable":true,"href":"https:\/\/nembutalhouse.com\/fr\/wp-json\/wp\/v2\/comments?post=91"}],"version-history":[{"count":0,"href":"https:\/\/nembutalhouse.com\/fr\/wp-json\/wp\/v2\/pages\/91\/revisions"}],"wp:attachment":[{"href":"https:\/\/nembutalhouse.com\/fr\/wp-json\/wp\/v2\/media?parent=91"}],"curies":[{"name":"wp","href":"https:\/\/api.w.org\/{rel}","templated":true}]}}