{"id":579,"date":"2024-10-16T05:30:32","date_gmt":"2024-10-16T05:30:32","guid":{"rendered":"https:\/\/nembutalhouse.com\/?post_type=product&#038;p=579"},"modified":"2026-03-06T08:54:23","modified_gmt":"2026-03-06T08:54:23","slug":"buy-gbl-online","status":"publish","type":"product","link":"https:\/\/nembutalhouse.com\/es\/producto\/buy-gbl-online\/","title":{"rendered":"Buy Gbl Online"},"content":{"rendered":"<h2>Buy Gbl Online<\/h2>\n<p>El mejor lugar para comprar gamma-butirolactona en l\u00ednea es TLC. Disponible en polvo y l\u00edquido.<\/p>\n<h3>GAMMA-BUTIROLACTONA: \u00bfQU\u00c9 ES?<\/h3>\n<p>El producto tambi\u00e9n se denomina <a href=\"https:\/\/nembutalhouse.com\/es\/producto\/buy-gbl-online\/\">gbl<\/a>y su n\u00famero CAS es 96-48-0. Se trata de un \u00e9ster c\u00edclico polivalente con una amplia gama de usos. En lugar de utilizarse una sola vez, el GBL suele emplearse para crear derivados de otros compuestos. Otro disolvente habitual en muchos cosm\u00e9ticos es el GBL. En varios sectores norteamericanos, la gamma-butirolactona puede comprarse en l\u00ednea. La gamma-butirolactona tambi\u00e9n se conoce con los nombres de BLO, butirolactona, gamma butirolactona y <a href=\"https:\/\/en.wikipedia.org\/wiki\/GBL\">GBL<\/a>. La butirolactona, con la f\u00f3rmula molecular C4H6O2, es el INCI.<\/p>\n<h3>Una caracter\u00edstica de la gamma-butirolactona<\/h3>\n<p>Es crucial que los consumidores conozcan las caracter\u00edsticas espec\u00edficas antes de intentar comprar gamma-butirolactona en l\u00ednea. Se presenta como un l\u00edquido incoloro sin olor. JBL disponible para la compra Tiene una densidad total de 1,13 g\/cm\u00b3 y es soluble en agua. A 400,3 \u00b0F hierve y a -47 \u00b0F se congela. Su peso molecular es de 86,1 g\/mol. Pertenece a la clase Lactona, Disolvente no HAP, Disolvente y pesa 9,4208 libras por gal\u00f3n. A la venta: gamma-butirolactona <a href=\"https:\/\/nembutalhouse.com\/es\/\">NembutalCasa<\/a>.<\/p>\n<h3>Aplicaciones y usos de la gamma-butirolactona<\/h3>\n<p>Las siguientes industrias y usos de la gamma-butirolactona incluyen productos qu\u00edmicos agr\u00edcolas, bater\u00edas, electr\u00f3nica, sabores, procesamiento del cuero, productos farmac\u00e9uticos, fundiciones, perfumes, disolvente de tintas, grabado fotoqu\u00edmico, fotograf\u00eda, poliuretanos, disolvente, uretanos y conservaci\u00f3n de la madera.<\/p>\n<h3>Se utiliza en productos agroqu\u00edmicos para la agricultura.<\/h3>\n<p>Construcci\u00f3n y revestimientos: Sirve como disolvente para pinturas y tintas.<\/p>\n<h3>Alimentaci\u00f3n<\/h3>\n<p>Alimentaci\u00f3n y nutrici\u00f3n: Se utiliza como potenciador del sabor y posee cualidades gustativas.<\/p>\n<p>Cuidado personal: Es un componente del aroma que se mezcla con aceites de perfume.<\/p>\n<p>Medicamentos<\/p>\n<p>&nbsp;<\/p>\n<p>&nbsp;<\/p>","protected":false},"excerpt":{"rendered":"<p>Buy Gbl Online The best place to purchase gamma-butyrolactone online is TLC. available in powder and liquid forms. GAMMA-BUTYROLACTONE: WHAT IS IT? The product is also referred to as gbl,&hellip;<\/p>","protected":false},"featured_media":595,"comment_status":"closed","ping_status":"closed","template":"","meta":{"_joinchat":[]},"product_cat":[186],"product_tag":[748,737,727,739,728,746,734,741,744,730,750,752,729,740,751,749,743,736,732,733,747,745,742,735,738,731],"class_list":{"0":"post-579","1":"product","2":"type-product","3":"status-publish","4":"has-post-thumbnail","6":"product_cat-research-chemicals","7":"product_tag-best-cheap-price-gbl-liuid","8":"product_tag-best-place-to-buy-gbl-liuid","9":"product_tag-buy-gbl-liuid","10":"product_tag-buy-gbl-liuid-legally","11":"product_tag-buy-gbl-liuidonline","12":"product_tag-cheap-gbl-liuids","13":"product_tag-gbl-liuid-powder","14":"product_tag-gbl-liuid-price","15":"product_tag-gbl-liuid-store","16":"product_tag-gbl-liuid-supplier","17":"product_tag-gbl-liuid-use","18":"product_tag-gbl-liuidfor-cleaning","19":"product_tag-gbl-liuidfor-sale","20":"product_tag-gbl-liuidpowder-online","21":"product_tag-gbl-liuidwiki","22":"product_tag-gbl-liuidworldwide","23":"product_tag-high-quality-gbl-liuid","24":"product_tag-how-to-buy-gbl-liuid","25":"product_tag-order-gbl-liuid","26":"product_tag-order-gbl-liuid-online","27":"product_tag-purcharse-gbl-liuid-powder","28":"product_tag-shop-gbl-liuid","29":"product_tag-top-quality-gbl-liuid","30":"product_tag-where-to-buy-gbl-liuid","31":"product_tag-where-to-order-gbl-liuid","32":"product_tag-wholesale-gbl-liuid-bulk-online","34":"first","35":"instock","36":"shipping-taxable","37":"purchasable","38":"product-type-variable"},"yoast_head":"<!-- This site is optimized with the Yoast SEO plugin v24.1 - https:\/\/yoast.com\/wordpress\/plugins\/seo\/ -->\n<title>Buy GBL Online - GBL for Sale - Order GBL Online<\/title>\n<meta name=\"description\" content=\"Looking to Buy gbl Online? Discover a seamless platform at our online store where you can buy gbl, ensuring top-grade quality for your research needs.\" \/>\n<meta name=\"robots\" content=\"index, follow, max-snippet:-1, max-image-preview:large, max-video-preview:-1\" \/>\n<link rel=\"canonical\" href=\"https:\/\/nembutalhouse.com\/es\/producto\/buy-gbl-online\/\" \/>\n<meta property=\"og:locale\" content=\"es_ES\" \/>\n<meta property=\"og:type\" content=\"article\" \/>\n<meta property=\"og:title\" content=\"Buy GBL Online - GBL for Sale - Order GBL Online\" \/>\n<meta property=\"og:description\" content=\"Looking to Buy gbl Online? Discover a seamless platform at our online store where you can buy gbl, ensuring top-grade quality for your research needs.\" \/>\n<meta property=\"og:url\" content=\"https:\/\/nembutalhouse.com\/es\/producto\/buy-gbl-online\/\" \/>\n<meta property=\"og:site_name\" content=\"Nembutal House\" \/>\n<meta property=\"article:modified_time\" content=\"2026-03-06T08:54:23+00:00\" \/>\n<meta property=\"og:image\" content=\"https:\/\/nembutalhouse.com\/wp-content\/uploads\/2024\/10\/GBL.gif\" \/>\n\t<meta property=\"og:image:width\" content=\"600\" \/>\n\t<meta property=\"og:image:height\" content=\"600\" \/>\n\t<meta property=\"og:image:type\" content=\"image\/gif\" \/>\n<meta name=\"twitter:card\" content=\"summary_large_image\" \/>\n<meta name=\"twitter:label1\" content=\"Tiempo de lectura\" \/>\n\t<meta name=\"twitter:data1\" content=\"2 minutos\" \/>\n<script type=\"application\/ld+json\" class=\"yoast-schema-graph\">{\"@context\":\"https:\/\/schema.org\",\"@graph\":[{\"@type\":\"WebPage\",\"@id\":\"https:\/\/nembutalhouse.com\/product\/buy-gbl-online\/\",\"url\":\"https:\/\/nembutalhouse.com\/product\/buy-gbl-online\/\",\"name\":\"Buy GBL Online - GBL for Sale - Order GBL Online\",\"isPartOf\":{\"@id\":\"https:\/\/nembutalhouse.com\/#website\"},\"primaryImageOfPage\":{\"@id\":\"https:\/\/nembutalhouse.com\/product\/buy-gbl-online\/#primaryimage\"},\"image\":{\"@id\":\"https:\/\/nembutalhouse.com\/product\/buy-gbl-online\/#primaryimage\"},\"thumbnailUrl\":\"https:\/\/nembutalhouse.com\/wp-content\/uploads\/2024\/10\/GBL.gif\",\"datePublished\":\"2024-10-16T05:30:32+00:00\",\"dateModified\":\"2026-03-06T08:54:23+00:00\",\"description\":\"Looking to Buy gbl Online? Discover a seamless platform at our online store where you can buy gbl, ensuring top-grade quality for your research needs.\",\"breadcrumb\":{\"@id\":\"https:\/\/nembutalhouse.com\/product\/buy-gbl-online\/#breadcrumb\"},\"inLanguage\":\"es\",\"potentialAction\":[{\"@type\":\"ReadAction\",\"target\":[\"https:\/\/nembutalhouse.com\/product\/buy-gbl-online\/\"]}]},{\"@type\":\"ImageObject\",\"inLanguage\":\"es\",\"@id\":\"https:\/\/nembutalhouse.com\/product\/buy-gbl-online\/#primaryimage\",\"url\":\"https:\/\/nembutalhouse.com\/wp-content\/uploads\/2024\/10\/GBL.gif\",\"contentUrl\":\"https:\/\/nembutalhouse.com\/wp-content\/uploads\/2024\/10\/GBL.gif\",\"width\":600,\"height\":600,\"caption\":\"Buy Gbl Online\"},{\"@type\":\"BreadcrumbList\",\"@id\":\"https:\/\/nembutalhouse.com\/product\/buy-gbl-online\/#breadcrumb\",\"itemListElement\":[{\"@type\":\"ListItem\",\"position\":1,\"name\":\"Home\",\"item\":\"https:\/\/nembutalhouse.com\/\"},{\"@type\":\"ListItem\",\"position\":2,\"name\":\"Shop\",\"item\":\"https:\/\/nembutalhouse.com\/shop\/\"},{\"@type\":\"ListItem\",\"position\":3,\"name\":\"Buy Gbl Online\"}]},{\"@type\":\"WebSite\",\"@id\":\"https:\/\/nembutalhouse.com\/#website\",\"url\":\"https:\/\/nembutalhouse.com\/\",\"name\":\"Nembutal House\",\"description\":\"Best Nembutal Online Store\",\"publisher\":{\"@id\":\"https:\/\/nembutalhouse.com\/#organization\"},\"potentialAction\":[{\"@type\":\"SearchAction\",\"target\":{\"@type\":\"EntryPoint\",\"urlTemplate\":\"https:\/\/nembutalhouse.com\/?s={search_term_string}\"},\"query-input\":{\"@type\":\"PropertyValueSpecification\",\"valueRequired\":true,\"valueName\":\"search_term_string\"}}],\"inLanguage\":\"es\"},{\"@type\":\"Organization\",\"@id\":\"https:\/\/nembutalhouse.com\/#organization\",\"name\":\"Nembutal House\",\"url\":\"https:\/\/nembutalhouse.com\/\",\"logo\":{\"@type\":\"ImageObject\",\"inLanguage\":\"es\",\"@id\":\"https:\/\/nembutalhouse.com\/#\/schema\/logo\/image\/\",\"url\":\"https:\/\/nembutalhouse.com\/wp-content\/uploads\/2022\/12\/logo.png\",\"contentUrl\":\"https:\/\/nembutalhouse.com\/wp-content\/uploads\/2022\/12\/logo.png\",\"width\":344,\"height\":103,\"caption\":\"Nembutal House\"},\"image\":{\"@id\":\"https:\/\/nembutalhouse.com\/#\/schema\/logo\/image\/\"}}]}<\/script>\n<!-- \/ Yoast SEO plugin. -->","yoast_head_json":{"title":"Buy GBL Online - GBL for Sale - Order GBL Online","description":"Looking to Buy gbl Online? Discover a seamless platform at our online store where you can buy gbl, ensuring top-grade quality for your research needs.","robots":{"index":"index","follow":"follow","max-snippet":"max-snippet:-1","max-image-preview":"max-image-preview:large","max-video-preview":"max-video-preview:-1"},"canonical":"https:\/\/nembutalhouse.com\/es\/producto\/buy-gbl-online\/","og_locale":"es_ES","og_type":"article","og_title":"Buy GBL Online - GBL for Sale - Order GBL Online","og_description":"Looking to Buy gbl Online? Discover a seamless platform at our online store where you can buy gbl, ensuring top-grade quality for your research needs.","og_url":"https:\/\/nembutalhouse.com\/es\/producto\/buy-gbl-online\/","og_site_name":"Nembutal House","article_modified_time":"2026-03-06T08:54:23+00:00","og_image":[{"width":600,"height":600,"url":"https:\/\/nembutalhouse.com\/wp-content\/uploads\/2024\/10\/GBL.gif","type":"image\/gif"}],"twitter_card":"summary_large_image","twitter_misc":{"Tiempo de lectura":"2 minutos"},"schema":{"@context":"https:\/\/schema.org","@graph":[{"@type":"WebPage","@id":"https:\/\/nembutalhouse.com\/product\/buy-gbl-online\/","url":"https:\/\/nembutalhouse.com\/product\/buy-gbl-online\/","name":"Buy GBL Online - GBL for Sale - Order GBL Online","isPartOf":{"@id":"https:\/\/nembutalhouse.com\/#website"},"primaryImageOfPage":{"@id":"https:\/\/nembutalhouse.com\/product\/buy-gbl-online\/#primaryimage"},"image":{"@id":"https:\/\/nembutalhouse.com\/product\/buy-gbl-online\/#primaryimage"},"thumbnailUrl":"https:\/\/nembutalhouse.com\/wp-content\/uploads\/2024\/10\/GBL.gif","datePublished":"2024-10-16T05:30:32+00:00","dateModified":"2026-03-06T08:54:23+00:00","description":"Looking to Buy gbl Online? Discover a seamless platform at our online store where you can buy gbl, ensuring top-grade quality for your research needs.","breadcrumb":{"@id":"https:\/\/nembutalhouse.com\/product\/buy-gbl-online\/#breadcrumb"},"inLanguage":"es","potentialAction":[{"@type":"ReadAction","target":["https:\/\/nembutalhouse.com\/product\/buy-gbl-online\/"]}]},{"@type":"ImageObject","inLanguage":"es","@id":"https:\/\/nembutalhouse.com\/product\/buy-gbl-online\/#primaryimage","url":"https:\/\/nembutalhouse.com\/wp-content\/uploads\/2024\/10\/GBL.gif","contentUrl":"https:\/\/nembutalhouse.com\/wp-content\/uploads\/2024\/10\/GBL.gif","width":600,"height":600,"caption":"Buy Gbl Online"},{"@type":"BreadcrumbList","@id":"https:\/\/nembutalhouse.com\/product\/buy-gbl-online\/#breadcrumb","itemListElement":[{"@type":"ListItem","position":1,"name":"Home","item":"https:\/\/nembutalhouse.com\/"},{"@type":"ListItem","position":2,"name":"Shop","item":"https:\/\/nembutalhouse.com\/shop\/"},{"@type":"ListItem","position":3,"name":"Buy Gbl Online"}]},{"@type":"WebSite","@id":"https:\/\/nembutalhouse.com\/#website","url":"https:\/\/nembutalhouse.com\/","name":"Nembutal House","description":"Best Nembutal Online Store","publisher":{"@id":"https:\/\/nembutalhouse.com\/#organization"},"potentialAction":[{"@type":"SearchAction","target":{"@type":"EntryPoint","urlTemplate":"https:\/\/nembutalhouse.com\/?s={search_term_string}"},"query-input":{"@type":"PropertyValueSpecification","valueRequired":true,"valueName":"search_term_string"}}],"inLanguage":"es"},{"@type":"Organization","@id":"https:\/\/nembutalhouse.com\/#organization","name":"Nembutal House","url":"https:\/\/nembutalhouse.com\/","logo":{"@type":"ImageObject","inLanguage":"es","@id":"https:\/\/nembutalhouse.com\/#\/schema\/logo\/image\/","url":"https:\/\/nembutalhouse.com\/wp-content\/uploads\/2022\/12\/logo.png","contentUrl":"https:\/\/nembutalhouse.com\/wp-content\/uploads\/2022\/12\/logo.png","width":344,"height":103,"caption":"Nembutal House"},"image":{"@id":"https:\/\/nembutalhouse.com\/#\/schema\/logo\/image\/"}}]}},"_links":{"self":[{"href":"https:\/\/nembutalhouse.com\/es\/wp-json\/wp\/v2\/product\/579","targetHints":{"allow":["GET"]}}],"collection":[{"href":"https:\/\/nembutalhouse.com\/es\/wp-json\/wp\/v2\/product"}],"about":[{"href":"https:\/\/nembutalhouse.com\/es\/wp-json\/wp\/v2\/types\/product"}],"replies":[{"embeddable":true,"href":"https:\/\/nembutalhouse.com\/es\/wp-json\/wp\/v2\/comments?post=579"}],"wp:featuredmedia":[{"embeddable":true,"href":"https:\/\/nembutalhouse.com\/es\/wp-json\/wp\/v2\/media\/595"}],"wp:attachment":[{"href":"https:\/\/nembutalhouse.com\/es\/wp-json\/wp\/v2\/media?parent=579"}],"wp:term":[{"taxonomy":"product_cat","embeddable":true,"href":"https:\/\/nembutalhouse.com\/es\/wp-json\/wp\/v2\/product_cat?post=579"},{"taxonomy":"product_tag","embeddable":true,"href":"https:\/\/nembutalhouse.com\/es\/wp-json\/wp\/v2\/product_tag?post=579"}],"curies":[{"name":"wp","href":"https:\/\/api.w.org\/{rel}","templated":true}]}}