{"id":531,"date":"2024-10-16T04:46:10","date_gmt":"2024-10-16T04:46:10","guid":{"rendered":"https:\/\/nembutalhouse.com\/?post_type=product&#038;p=531"},"modified":"2026-03-06T07:04:12","modified_gmt":"2026-03-06T07:04:12","slug":"buy-3fa-online","status":"publish","type":"product","link":"https:\/\/nembutalhouse.com\/es\/producto\/buy-3fa-online\/","title":{"rendered":"Buy 3FA Online"},"content":{"rendered":"<h2>Comprar 3F-PVP (3FPVP) CRISTALES online.<\/h2>\n<p>NembutalHouse vende <a href=\"https:\/\/nembutalhouse.com\/es\/producto\/buy-3fa-online\/\">3F-PVP (3FPVP)<\/a> CRISTALES para satisfacer todas sus necesidades qu\u00edmicas. Como se ha ganado la confianza de tanta gente, la empresa se dedica a dar a sus clientes el mejor servicio posible.<br \/>\n3F-PVP: Describa el fen\u00f3meno.<\/p>\n<p>3F-PVP online comparte las mismas cualidades que A-PHP y es una catinona de clase <a href=\"https:\/\/nembutalhouse.com\/es\/\">NembutalCasa<\/a>. El nombre qu\u00edmico del 3F-PVP es 3F-alfa-PVP. El 3f-PVP es un compuesto con f\u00f3rmula C15H20FNO y un peso molecular de 249,32.<\/p>\n<p>Una dosis de 3F-PVP produce un efecto euf\u00f3rico de moderado a fuerte que invade todo el cuerpo. En segundo lugar, en grandes dosis, puede ser abrumador. Fomenta actividades de ocio como correr, escalar y bailar.<\/p>\n<p>Hay momentos en que no es factible. La falta generalizada de control motor y el fuerte temblor de las manos son<\/p>\n<p>provocados por el apretamiento de la mand\u00edbula, sacudidas incontroladas del cuerpo y vibraciones, que hacen dif\u00edcil o a menudo imposible permanecer quieto. No obstante, se aconseja consultar siempre al m\u00e9dico antes de utilizar este medicamento, a pesar de que tiene ciertos efectos secundarios, como la capacidad de mover los ojos de un lado a otro, lo que puede causar visi\u00f3n borrosa temporal y alteraciones de la visi\u00f3n. En los EE.UU., comprar <a href=\"https:\/\/en.wikipedia.org\/wiki\/3-Fluoroamphetamine\">3F-PVP<\/a> (3FPVP) CRISTALES en l\u00ednea.<\/p>\n<h3>EL MEJOR SITIO WEB PARA COMPRAR 3F-PVP EN L\u00cdNEA<\/h3>\n<p>NembutalHouse es uno de los comerciantes de Internet de 3F-PVP m\u00e1s respetables y fiables. Los consumidores han sido muy elogioso de la empresa, asegur\u00e1ndoles que van a recibir productos de la m\u00e1s alta calidad.<\/p>\n<p>Debe tener al menos dieciocho a\u00f1os para comprar 3F-PVP online. Aceptamos pedidos de 3F-PVP en l\u00ednea.<\/p>\n<p>en cantidades que var\u00edan de 25 kg a unos pocos microgramos. La empresa ofrece servicios de env\u00edo a todo el mundo. Cada art\u00edculo se embala por separado para garantizar que nadie descubra lo que contiene. Todo su expediente se guarda en nuestro sistema. Es imposible que sus datos se vean comprometidos. Le entregaremos la mercanc\u00eda lo antes posible.<\/p>\n<h3>OBTENER CRISTALES 3F-PVP (3FPVP) EN L\u00cdNEA.<\/h3>\n<p>Sinopsis<\/p>\n<p>\u00bfDesea comprar 3-fluoro-\u03b1-pirrolidinovalerofenona, o 3F-PVP en polvo? Si es as\u00ed, \u00a1ha llegado al lugar ideal! Nuestra tienda en l\u00ednea ofrece s\u00f3lo los mejores productos qu\u00edmicos de investigaci\u00f3n probados en laboratorio. En el plazo de un d\u00eda, los pedidos se envuelven y env\u00edan discretamente. Adem\u00e1s, puede utilizar Bitcoin y otras criptodivisas para realizar pagos r\u00e1pidos y seguros.<\/p>\n<h3>\u00bfD\u00f3nde puedo comprar 3F-PVP?<\/h3>\n<p>Todos sus productos qu\u00edmicos de investigaci\u00f3n est\u00e1n disponibles en nuestra tienda en l\u00ednea, donde tambi\u00e9n puede conseguir 3F-PVP de la m\u00e1s alta calidad.<\/p>\n<p>Este material s\u00f3lo debe utilizarse en laboratorios.<\/p>\n<p>Recuerde siempre tomar las precauciones de seguridad necesarias, como utilizar gafas protectoras y proteger la piel expuesta.<\/p>\n<p>Tenga en cuenta que la 3F-PVP, al igual que otros productos qu\u00edmicos de investigaci\u00f3n, s\u00f3lo se utiliza en estudios y no debe ser ingerida por personas, animales u otros seres vivos.<\/p>\n<p>Para que dure lo m\u00e1s posible, gu\u00e1rdelo en un lugar fresco y seco.<\/p>\n<p>Los menores de dieciocho a\u00f1os no pueden comprarnos sustancias de investigaci\u00f3n.<\/p>\n<p>&nbsp;<\/p>\n<p>&nbsp;<\/p>","protected":false},"excerpt":{"rendered":"<p>Buy 3F-PVP (3FPVP) CRYSTALS online. NembutalHouse sells 3F-PVP (3FPVP) CRYSTALS to fulfill all of your chemical requirements. Since it has earned the trust of so many people, the company is&hellip;<\/p>","protected":false},"featured_media":564,"comment_status":"closed","ping_status":"closed","template":"","meta":{"_joinchat":[]},"product_cat":[186],"product_tag":[564,587,590,569,588,576,579,565,586,584,575,585,583,572,562,563,574,589,581,578,571,567,568,582,580,577,570,573,566],"class_list":{"0":"post-531","1":"product","2":"type-product","3":"status-publish","4":"has-post-thumbnail","6":"product_cat-research-chemicals","7":"product_tag-3fa-for-sale","8":"product_tag-3fa-powder-for-cleaning","9":"product_tag-3fa-powder-for-sale","10":"product_tag-3fa-powder-liquid","11":"product_tag-3fa-powder-powder","12":"product_tag-3fa-powder-price","13":"product_tag-3fa-powder-store","14":"product_tag-3fa-powder-supplier","15":"product_tag-3fa-powder-wiki","16":"product_tag-3fa-powder-worldwide","17":"product_tag-3fa-powders-online","18":"product_tag-3fa-powders-use","19":"product_tag-best-cheap-price-3fa-powder","20":"product_tag-best-place-to-buy-3fa-powder","21":"product_tag-buy-3fa","22":"product_tag-buy-3fa-online","23":"product_tag-buy-3fa-powder-legally","24":"product_tag-buy-3fa-powder-online","25":"product_tag-cheap-3fa-powders","26":"product_tag-high-quality-3fa-powder","27":"product_tag-how-to-buy-3fa-powder","28":"product_tag-order-3fa-powder","29":"product_tag-order-3fa-powder-online","30":"product_tag-purcharse-3fa-powder","31":"product_tag-shop-3fa-powder","32":"product_tag-top-quality-3fa-powder","33":"product_tag-where-to-buy-3fa-powder","34":"product_tag-where-to-order-3fa-powder","35":"product_tag-wholesale-3fa-powder-bulk-online","37":"first","38":"instock","39":"shipping-taxable","40":"purchasable","41":"product-type-variable"},"yoast_head":"<!-- This site is optimized with the Yoast SEO plugin v24.1 - https:\/\/yoast.com\/wordpress\/plugins\/seo\/ -->\n<title>Buy 3 FA Online - 3 FA for Sale - Order 3 FA Online<\/title>\n<meta name=\"description\" content=\"If you want to buy 3fa online and looking for a reliable online store, then buy here. We offer only high-quality 3fa for sale at an affordable price. Order 3fa Now!\" \/>\n<meta name=\"robots\" content=\"index, follow, max-snippet:-1, max-image-preview:large, max-video-preview:-1\" \/>\n<link rel=\"canonical\" href=\"https:\/\/nembutalhouse.com\/es\/producto\/buy-3fa-online\/\" \/>\n<meta property=\"og:locale\" content=\"es_ES\" \/>\n<meta property=\"og:type\" content=\"article\" \/>\n<meta property=\"og:title\" content=\"Buy 3 FA Online - 3 FA for Sale - Order 3 FA Online\" \/>\n<meta property=\"og:description\" content=\"If you want to buy 3fa online and looking for a reliable online store, then buy here. We offer only high-quality 3fa for sale at an affordable price. Order 3fa Now!\" \/>\n<meta property=\"og:url\" content=\"https:\/\/nembutalhouse.com\/es\/producto\/buy-3fa-online\/\" \/>\n<meta property=\"og:site_name\" content=\"Nembutal House\" \/>\n<meta property=\"article:modified_time\" content=\"2026-03-06T07:04:12+00:00\" \/>\n<meta property=\"og:image\" content=\"https:\/\/nembutalhouse.com\/wp-content\/uploads\/2024\/10\/3FA.gif\" \/>\n\t<meta property=\"og:image:width\" content=\"600\" \/>\n\t<meta property=\"og:image:height\" content=\"600\" \/>\n\t<meta property=\"og:image:type\" content=\"image\/gif\" \/>\n<meta name=\"twitter:card\" content=\"summary_large_image\" \/>\n<meta name=\"twitter:label1\" content=\"Tiempo de lectura\" \/>\n\t<meta name=\"twitter:data1\" content=\"3 minutos\" \/>\n<script type=\"application\/ld+json\" class=\"yoast-schema-graph\">{\"@context\":\"https:\/\/schema.org\",\"@graph\":[{\"@type\":\"WebPage\",\"@id\":\"https:\/\/nembutalhouse.com\/product\/buy-3fa-online\/\",\"url\":\"https:\/\/nembutalhouse.com\/product\/buy-3fa-online\/\",\"name\":\"Buy 3 FA Online - 3 FA for Sale - Order 3 FA Online\",\"isPartOf\":{\"@id\":\"https:\/\/nembutalhouse.com\/#website\"},\"primaryImageOfPage\":{\"@id\":\"https:\/\/nembutalhouse.com\/product\/buy-3fa-online\/#primaryimage\"},\"image\":{\"@id\":\"https:\/\/nembutalhouse.com\/product\/buy-3fa-online\/#primaryimage\"},\"thumbnailUrl\":\"https:\/\/nembutalhouse.com\/wp-content\/uploads\/2024\/10\/3FA.gif\",\"datePublished\":\"2024-10-16T04:46:10+00:00\",\"dateModified\":\"2026-03-06T07:04:12+00:00\",\"description\":\"If you want to buy 3fa online and looking for a reliable online store, then buy here. We offer only high-quality 3fa for sale at an affordable price. Order 3fa Now!\",\"breadcrumb\":{\"@id\":\"https:\/\/nembutalhouse.com\/product\/buy-3fa-online\/#breadcrumb\"},\"inLanguage\":\"es\",\"potentialAction\":[{\"@type\":\"ReadAction\",\"target\":[\"https:\/\/nembutalhouse.com\/product\/buy-3fa-online\/\"]}]},{\"@type\":\"ImageObject\",\"inLanguage\":\"es\",\"@id\":\"https:\/\/nembutalhouse.com\/product\/buy-3fa-online\/#primaryimage\",\"url\":\"https:\/\/nembutalhouse.com\/wp-content\/uploads\/2024\/10\/3FA.gif\",\"contentUrl\":\"https:\/\/nembutalhouse.com\/wp-content\/uploads\/2024\/10\/3FA.gif\",\"width\":600,\"height\":600,\"caption\":\"Buy 3FA Online\"},{\"@type\":\"BreadcrumbList\",\"@id\":\"https:\/\/nembutalhouse.com\/product\/buy-3fa-online\/#breadcrumb\",\"itemListElement\":[{\"@type\":\"ListItem\",\"position\":1,\"name\":\"Home\",\"item\":\"https:\/\/nembutalhouse.com\/\"},{\"@type\":\"ListItem\",\"position\":2,\"name\":\"Shop\",\"item\":\"https:\/\/nembutalhouse.com\/shop\/\"},{\"@type\":\"ListItem\",\"position\":3,\"name\":\"Buy 3FA Online\"}]},{\"@type\":\"WebSite\",\"@id\":\"https:\/\/nembutalhouse.com\/#website\",\"url\":\"https:\/\/nembutalhouse.com\/\",\"name\":\"Nembutal House\",\"description\":\"Best Nembutal Online Store\",\"publisher\":{\"@id\":\"https:\/\/nembutalhouse.com\/#organization\"},\"potentialAction\":[{\"@type\":\"SearchAction\",\"target\":{\"@type\":\"EntryPoint\",\"urlTemplate\":\"https:\/\/nembutalhouse.com\/?s={search_term_string}\"},\"query-input\":{\"@type\":\"PropertyValueSpecification\",\"valueRequired\":true,\"valueName\":\"search_term_string\"}}],\"inLanguage\":\"es\"},{\"@type\":\"Organization\",\"@id\":\"https:\/\/nembutalhouse.com\/#organization\",\"name\":\"Nembutal House\",\"url\":\"https:\/\/nembutalhouse.com\/\",\"logo\":{\"@type\":\"ImageObject\",\"inLanguage\":\"es\",\"@id\":\"https:\/\/nembutalhouse.com\/#\/schema\/logo\/image\/\",\"url\":\"https:\/\/nembutalhouse.com\/wp-content\/uploads\/2022\/12\/logo.png\",\"contentUrl\":\"https:\/\/nembutalhouse.com\/wp-content\/uploads\/2022\/12\/logo.png\",\"width\":344,\"height\":103,\"caption\":\"Nembutal House\"},\"image\":{\"@id\":\"https:\/\/nembutalhouse.com\/#\/schema\/logo\/image\/\"}}]}<\/script>\n<!-- \/ Yoast SEO plugin. -->","yoast_head_json":{"title":"Buy 3 FA Online - 3 FA for Sale - Order 3 FA Online","description":"If you want to buy 3fa online and looking for a reliable online store, then buy here. We offer only high-quality 3fa for sale at an affordable price. Order 3fa Now!","robots":{"index":"index","follow":"follow","max-snippet":"max-snippet:-1","max-image-preview":"max-image-preview:large","max-video-preview":"max-video-preview:-1"},"canonical":"https:\/\/nembutalhouse.com\/es\/producto\/buy-3fa-online\/","og_locale":"es_ES","og_type":"article","og_title":"Buy 3 FA Online - 3 FA for Sale - Order 3 FA Online","og_description":"If you want to buy 3fa online and looking for a reliable online store, then buy here. We offer only high-quality 3fa for sale at an affordable price. Order 3fa Now!","og_url":"https:\/\/nembutalhouse.com\/es\/producto\/buy-3fa-online\/","og_site_name":"Nembutal House","article_modified_time":"2026-03-06T07:04:12+00:00","og_image":[{"width":600,"height":600,"url":"https:\/\/nembutalhouse.com\/wp-content\/uploads\/2024\/10\/3FA.gif","type":"image\/gif"}],"twitter_card":"summary_large_image","twitter_misc":{"Tiempo de lectura":"3 minutos"},"schema":{"@context":"https:\/\/schema.org","@graph":[{"@type":"WebPage","@id":"https:\/\/nembutalhouse.com\/product\/buy-3fa-online\/","url":"https:\/\/nembutalhouse.com\/product\/buy-3fa-online\/","name":"Buy 3 FA Online - 3 FA for Sale - Order 3 FA Online","isPartOf":{"@id":"https:\/\/nembutalhouse.com\/#website"},"primaryImageOfPage":{"@id":"https:\/\/nembutalhouse.com\/product\/buy-3fa-online\/#primaryimage"},"image":{"@id":"https:\/\/nembutalhouse.com\/product\/buy-3fa-online\/#primaryimage"},"thumbnailUrl":"https:\/\/nembutalhouse.com\/wp-content\/uploads\/2024\/10\/3FA.gif","datePublished":"2024-10-16T04:46:10+00:00","dateModified":"2026-03-06T07:04:12+00:00","description":"If you want to buy 3fa online and looking for a reliable online store, then buy here. We offer only high-quality 3fa for sale at an affordable price. Order 3fa Now!","breadcrumb":{"@id":"https:\/\/nembutalhouse.com\/product\/buy-3fa-online\/#breadcrumb"},"inLanguage":"es","potentialAction":[{"@type":"ReadAction","target":["https:\/\/nembutalhouse.com\/product\/buy-3fa-online\/"]}]},{"@type":"ImageObject","inLanguage":"es","@id":"https:\/\/nembutalhouse.com\/product\/buy-3fa-online\/#primaryimage","url":"https:\/\/nembutalhouse.com\/wp-content\/uploads\/2024\/10\/3FA.gif","contentUrl":"https:\/\/nembutalhouse.com\/wp-content\/uploads\/2024\/10\/3FA.gif","width":600,"height":600,"caption":"Buy 3FA Online"},{"@type":"BreadcrumbList","@id":"https:\/\/nembutalhouse.com\/product\/buy-3fa-online\/#breadcrumb","itemListElement":[{"@type":"ListItem","position":1,"name":"Home","item":"https:\/\/nembutalhouse.com\/"},{"@type":"ListItem","position":2,"name":"Shop","item":"https:\/\/nembutalhouse.com\/shop\/"},{"@type":"ListItem","position":3,"name":"Buy 3FA Online"}]},{"@type":"WebSite","@id":"https:\/\/nembutalhouse.com\/#website","url":"https:\/\/nembutalhouse.com\/","name":"Nembutal House","description":"Best Nembutal Online Store","publisher":{"@id":"https:\/\/nembutalhouse.com\/#organization"},"potentialAction":[{"@type":"SearchAction","target":{"@type":"EntryPoint","urlTemplate":"https:\/\/nembutalhouse.com\/?s={search_term_string}"},"query-input":{"@type":"PropertyValueSpecification","valueRequired":true,"valueName":"search_term_string"}}],"inLanguage":"es"},{"@type":"Organization","@id":"https:\/\/nembutalhouse.com\/#organization","name":"Nembutal House","url":"https:\/\/nembutalhouse.com\/","logo":{"@type":"ImageObject","inLanguage":"es","@id":"https:\/\/nembutalhouse.com\/#\/schema\/logo\/image\/","url":"https:\/\/nembutalhouse.com\/wp-content\/uploads\/2022\/12\/logo.png","contentUrl":"https:\/\/nembutalhouse.com\/wp-content\/uploads\/2022\/12\/logo.png","width":344,"height":103,"caption":"Nembutal House"},"image":{"@id":"https:\/\/nembutalhouse.com\/#\/schema\/logo\/image\/"}}]}},"_links":{"self":[{"href":"https:\/\/nembutalhouse.com\/es\/wp-json\/wp\/v2\/product\/531","targetHints":{"allow":["GET"]}}],"collection":[{"href":"https:\/\/nembutalhouse.com\/es\/wp-json\/wp\/v2\/product"}],"about":[{"href":"https:\/\/nembutalhouse.com\/es\/wp-json\/wp\/v2\/types\/product"}],"replies":[{"embeddable":true,"href":"https:\/\/nembutalhouse.com\/es\/wp-json\/wp\/v2\/comments?post=531"}],"wp:featuredmedia":[{"embeddable":true,"href":"https:\/\/nembutalhouse.com\/es\/wp-json\/wp\/v2\/media\/564"}],"wp:attachment":[{"href":"https:\/\/nembutalhouse.com\/es\/wp-json\/wp\/v2\/media?parent=531"}],"wp:term":[{"taxonomy":"product_cat","embeddable":true,"href":"https:\/\/nembutalhouse.com\/es\/wp-json\/wp\/v2\/product_cat?post=531"},{"taxonomy":"product_tag","embeddable":true,"href":"https:\/\/nembutalhouse.com\/es\/wp-json\/wp\/v2\/product_tag?post=531"}],"curies":[{"name":"wp","href":"https:\/\/api.w.org\/{rel}","templated":true}]}}