{"id":530,"date":"2024-10-16T05:04:43","date_gmt":"2024-10-16T05:04:43","guid":{"rendered":"https:\/\/nembutalhouse.com\/?post_type=product&#038;p=530"},"modified":"2026-03-06T07:03:14","modified_gmt":"2026-03-06T07:03:14","slug":"buy-3cl-online","status":"publish","type":"product","link":"https:\/\/nembutalhouse.com\/es\/producto\/comprar-3cl-online\/","title":{"rendered":"Buy 3cl Online"},"content":{"rendered":"<h2>Comprar 3-aminoindano (3-CI) en l\u00ednea<\/h2>\n<p><a href=\"https:\/\/nembutalhouse.com\/es\/producto\/comprar-3cl-online\/\">3-CI<\/a> Dado que no se ha realizado ninguna investigaci\u00f3n sobre esta sustancia qu\u00edmica, cualquier debate sobre su farmacolog\u00eda se ha centrado \u00fanicamente en la similitud de su estructura y sus efectos subjetivos con los de otros estimulantes como la anfetamina, la metanfetamina y la 2-FMA.<\/p>\n<p>Lo m\u00e1s probable es que el 3-CI funcione como liberador de norepinefrina y dopamina.<\/p>\n<p>Dado que el 3-CI se une a las prote\u00ednas transportadoras que normalmente eliminan la norepinefrina y la dopamina de la hendidura sin\u00e1ptica y las bloquea parcialmente, eleva eficazmente los niveles de estos neurotransmisores en el cerebro.<\/p>\n<p>Esto hace que la norepinefrina y la dopamina se acumulen en el cerebro, produciendo efectos euf\u00f3ricos y estimulantes.<\/p>\n<h3>3-CI Consecuencias f\u00edsicas<\/h3>\n<p><a href=\"https:\/\/en.wikipedia.org\/wiki\/Chloromethane\">3-CI<\/a> Estimulaci\u00f3n: Bas\u00e1ndose en su impacto sobre los niveles de energ\u00eda f\u00edsica del usuario, el 3-CI se considera normalmente energizante y vigorizante de una forma m\u00e1s potente que el modafinilo o la cafe\u00edna, y similar a la anfetamina.<\/p>\n<p>Es algo diferente de la estimulaci\u00f3n provocada por la MDMA, pero tambi\u00e9n se diferencia en que promueve la actividad f\u00edsica como bailar, mezclarse, correr o limpiar. <a href=\"https:\/\/nembutalhouse.com\/es\/\">NembutalCasa<\/a><\/p>\n<p>Es posible caracterizar la forma espec\u00edfica de estimulaci\u00f3n que ofrece el 3-CI como forzada.<\/p>\n<p>Esto significa que, a dosis mayores, se aprieta la mand\u00edbula y se producen sacudidas y vibraciones corporales involuntarias que hacen dif\u00edcil o imposible permanecer quieto. El resultado son temblores corporales excesivos, manos temblorosas y una falta general de control motor.<\/p>\n<p>3-CI Alivio del dolor: Seg\u00fan numerosos informes anecd\u00f3ticos, esta sustancia puede reducir el dolor de forma comparable a los opi\u00e1ceos, pero sin el pronunciado subid\u00f3n f\u00edsico.<\/p>\n<p>frecuencia cardiaca elevada<\/p>\n<p>frecuencia cardiaca elevada<\/p>\n<p>Falta de agua<\/p>\n<p>Represi\u00f3n del apetito<\/p>\n<p>emesis<\/p>\n<p>disfunci\u00f3n er\u00e9ctil moment\u00e1nea<\/p>\n<p>sudoraci\u00f3n elevada<\/p>\n<p>Rechinar los dientes: A diferencia de la MDMA, se cree que este ingrediente es menos potente.<\/p>\n<p>Mayor aprecio por la m\u00fasica<\/p>\n<p>efectos sobre la cognici\u00f3n<\/p>\n<p>Los efectos cognitivos del 3-CI tienen m\u00faltiples componentes, y la intensidad de cada uno de ellos aumenta con la dosis.<\/p>\n<p>Muchas personas caracterizan el estado mental general del 3-CI como de euforia, mayor concentraci\u00f3n y estimulaci\u00f3n cerebral.<\/p>\n<p>Tiene muchos de los efectos cognitivos estimulantes habituales. Aunque los efectos adversos suelen ser m\u00ednimos a dosis bajas o moderadas, es m\u00e1s probable que aparezcan a dosis mayores o durante un uso prolongado.<\/p>\n<p>Esto es especialmente v\u00e1lido cuando la experiencia se compensa.<\/p>\n<p>&nbsp;<\/p>\n<p>&nbsp;<\/p>","protected":false},"excerpt":{"rendered":"<p>Buy 3-Aminoindane (3-CI) Online 3-CI Since there hasn&#8217;t been any research done on the chemical, any discussion of its pharmacology has only focused on how similar its structure and subjective&hellip;<\/p>","protected":false},"featured_media":576,"comment_status":"closed","ping_status":"closed","template":"","meta":{"_joinchat":[]},"product_cat":[186],"product_tag":[696,699,697,695,693,694,673,678,684,685,688,674,692,681,671,698,683,672,690,687,680,676,700,677,691,689,686,679,682,675],"class_list":{"0":"post-530","1":"product","2":"type-product","3":"status-publish","4":"has-post-thumbnail","6":"product_cat-research-chemicals","7":"product_tag-3cl-brown-powder-for-cleaning","8":"product_tag-3cl-brown-powder-for-sale","9":"product_tag-3cl-brown-powder-powder","10":"product_tag-3cl-brown-powder-wiki","11":"product_tag-3cl-brown-powder-worldwide","12":"product_tag-3cl-brown-powders-use","13":"product_tag-3cl-for-sale","14":"product_tag-3cl-powder","15":"product_tag-3cl-powder-online","16":"product_tag-3cl-price","17":"product_tag-3cl-store","18":"product_tag-3cl-supplier","19":"product_tag-best-cheap-price-3cl-brown-powder","20":"product_tag-best-place-to-buy-3cl","21":"product_tag-buy-3cl","22":"product_tag-buy-3cl-brown-powder-online","23":"product_tag-buy-3cl-legally","24":"product_tag-buy-3cl-online","25":"product_tag-cheap-3cls","26":"product_tag-high-quality-3cl","27":"product_tag-how-to-buy-3cl","28":"product_tag-order-3cl","29":"product_tag-order-3cl-brown-powder","30":"product_tag-order-3cl-online","31":"product_tag-purcharse-3cl-brown-powder","32":"product_tag-shop-3cl","33":"product_tag-top-quality-3cl","34":"product_tag-where-to-buy-3cl","35":"product_tag-where-to-order-3cl","36":"product_tag-wholesale-3cl-bulk-online","38":"first","39":"instock","40":"shipping-taxable","41":"purchasable","42":"product-type-variable"},"yoast_head":"<!-- This site is optimized with the Yoast SEO plugin v24.1 - https:\/\/yoast.com\/wordpress\/plugins\/seo\/ -->\n<title>3 CL Sale - Buy 3 CL Online - Order 3 CL Online | NembutalHouse<\/title>\n<meta name=\"description\" content=\"Looking for a reliable source to buy 3cl online? Your search ends here. Order 3cl online from our trusted store and enjoy a seamless buying process tailored for your research needs.\" \/>\n<meta name=\"robots\" content=\"index, follow, max-snippet:-1, max-image-preview:large, max-video-preview:-1\" \/>\n<link rel=\"canonical\" href=\"https:\/\/nembutalhouse.com\/es\/producto\/comprar-3cl-online\/\" \/>\n<meta property=\"og:locale\" content=\"es_ES\" \/>\n<meta property=\"og:type\" content=\"article\" \/>\n<meta property=\"og:title\" content=\"3 CL Sale - Buy 3 CL Online - Order 3 CL Online | NembutalHouse\" \/>\n<meta property=\"og:description\" content=\"Looking for a reliable source to buy 3cl online? Your search ends here. Order 3cl online from our trusted store and enjoy a seamless buying process tailored for your research needs.\" \/>\n<meta property=\"og:url\" content=\"https:\/\/nembutalhouse.com\/es\/producto\/comprar-3cl-online\/\" \/>\n<meta property=\"og:site_name\" content=\"Nembutal House\" \/>\n<meta property=\"article:modified_time\" content=\"2026-03-06T07:03:14+00:00\" \/>\n<meta property=\"og:image\" content=\"https:\/\/nembutalhouse.com\/wp-content\/uploads\/2024\/10\/3cl.gif\" \/>\n\t<meta property=\"og:image:width\" content=\"600\" \/>\n\t<meta property=\"og:image:height\" content=\"600\" \/>\n\t<meta property=\"og:image:type\" content=\"image\/gif\" \/>\n<meta name=\"twitter:card\" content=\"summary_large_image\" \/>\n<meta name=\"twitter:label1\" content=\"Tiempo de lectura\" \/>\n\t<meta name=\"twitter:data1\" content=\"2 minutos\" \/>\n<script type=\"application\/ld+json\" class=\"yoast-schema-graph\">{\"@context\":\"https:\/\/schema.org\",\"@graph\":[{\"@type\":\"WebPage\",\"@id\":\"https:\/\/nembutalhouse.com\/product\/buy-3cl-online\/\",\"url\":\"https:\/\/nembutalhouse.com\/product\/buy-3cl-online\/\",\"name\":\"3 CL Sale - Buy 3 CL Online - Order 3 CL Online | NembutalHouse\",\"isPartOf\":{\"@id\":\"https:\/\/nembutalhouse.com\/#website\"},\"primaryImageOfPage\":{\"@id\":\"https:\/\/nembutalhouse.com\/product\/buy-3cl-online\/#primaryimage\"},\"image\":{\"@id\":\"https:\/\/nembutalhouse.com\/product\/buy-3cl-online\/#primaryimage\"},\"thumbnailUrl\":\"https:\/\/nembutalhouse.com\/wp-content\/uploads\/2024\/10\/3cl.gif\",\"datePublished\":\"2024-10-16T05:04:43+00:00\",\"dateModified\":\"2026-03-06T07:03:14+00:00\",\"description\":\"Looking for a reliable source to buy 3cl online? Your search ends here. Order 3cl online from our trusted store and enjoy a seamless buying process tailored for your research needs.\",\"breadcrumb\":{\"@id\":\"https:\/\/nembutalhouse.com\/product\/buy-3cl-online\/#breadcrumb\"},\"inLanguage\":\"es\",\"potentialAction\":[{\"@type\":\"ReadAction\",\"target\":[\"https:\/\/nembutalhouse.com\/product\/buy-3cl-online\/\"]}]},{\"@type\":\"ImageObject\",\"inLanguage\":\"es\",\"@id\":\"https:\/\/nembutalhouse.com\/product\/buy-3cl-online\/#primaryimage\",\"url\":\"https:\/\/nembutalhouse.com\/wp-content\/uploads\/2024\/10\/3cl.gif\",\"contentUrl\":\"https:\/\/nembutalhouse.com\/wp-content\/uploads\/2024\/10\/3cl.gif\",\"width\":600,\"height\":600,\"caption\":\"Buy 3cl Online\"},{\"@type\":\"BreadcrumbList\",\"@id\":\"https:\/\/nembutalhouse.com\/product\/buy-3cl-online\/#breadcrumb\",\"itemListElement\":[{\"@type\":\"ListItem\",\"position\":1,\"name\":\"Home\",\"item\":\"https:\/\/nembutalhouse.com\/\"},{\"@type\":\"ListItem\",\"position\":2,\"name\":\"Shop\",\"item\":\"https:\/\/nembutalhouse.com\/shop\/\"},{\"@type\":\"ListItem\",\"position\":3,\"name\":\"Buy 3cl Online\"}]},{\"@type\":\"WebSite\",\"@id\":\"https:\/\/nembutalhouse.com\/#website\",\"url\":\"https:\/\/nembutalhouse.com\/\",\"name\":\"Nembutal House\",\"description\":\"Best Nembutal Online Store\",\"publisher\":{\"@id\":\"https:\/\/nembutalhouse.com\/#organization\"},\"potentialAction\":[{\"@type\":\"SearchAction\",\"target\":{\"@type\":\"EntryPoint\",\"urlTemplate\":\"https:\/\/nembutalhouse.com\/?s={search_term_string}\"},\"query-input\":{\"@type\":\"PropertyValueSpecification\",\"valueRequired\":true,\"valueName\":\"search_term_string\"}}],\"inLanguage\":\"es\"},{\"@type\":\"Organization\",\"@id\":\"https:\/\/nembutalhouse.com\/#organization\",\"name\":\"Nembutal House\",\"url\":\"https:\/\/nembutalhouse.com\/\",\"logo\":{\"@type\":\"ImageObject\",\"inLanguage\":\"es\",\"@id\":\"https:\/\/nembutalhouse.com\/#\/schema\/logo\/image\/\",\"url\":\"https:\/\/nembutalhouse.com\/wp-content\/uploads\/2022\/12\/logo.png\",\"contentUrl\":\"https:\/\/nembutalhouse.com\/wp-content\/uploads\/2022\/12\/logo.png\",\"width\":344,\"height\":103,\"caption\":\"Nembutal House\"},\"image\":{\"@id\":\"https:\/\/nembutalhouse.com\/#\/schema\/logo\/image\/\"}}]}<\/script>\n<!-- \/ Yoast SEO plugin. -->","yoast_head_json":{"title":"3 CL Sale - Buy 3 CL Online - Order 3 CL Online | NembutalHouse","description":"Looking for a reliable source to buy 3cl online? Your search ends here. Order 3cl online from our trusted store and enjoy a seamless buying process tailored for your research needs.","robots":{"index":"index","follow":"follow","max-snippet":"max-snippet:-1","max-image-preview":"max-image-preview:large","max-video-preview":"max-video-preview:-1"},"canonical":"https:\/\/nembutalhouse.com\/es\/producto\/comprar-3cl-online\/","og_locale":"es_ES","og_type":"article","og_title":"3 CL Sale - Buy 3 CL Online - Order 3 CL Online | NembutalHouse","og_description":"Looking for a reliable source to buy 3cl online? Your search ends here. Order 3cl online from our trusted store and enjoy a seamless buying process tailored for your research needs.","og_url":"https:\/\/nembutalhouse.com\/es\/producto\/comprar-3cl-online\/","og_site_name":"Nembutal House","article_modified_time":"2026-03-06T07:03:14+00:00","og_image":[{"width":600,"height":600,"url":"https:\/\/nembutalhouse.com\/wp-content\/uploads\/2024\/10\/3cl.gif","type":"image\/gif"}],"twitter_card":"summary_large_image","twitter_misc":{"Tiempo de lectura":"2 minutos"},"schema":{"@context":"https:\/\/schema.org","@graph":[{"@type":"WebPage","@id":"https:\/\/nembutalhouse.com\/product\/buy-3cl-online\/","url":"https:\/\/nembutalhouse.com\/product\/buy-3cl-online\/","name":"3 CL Sale - Buy 3 CL Online - Order 3 CL Online | NembutalHouse","isPartOf":{"@id":"https:\/\/nembutalhouse.com\/#website"},"primaryImageOfPage":{"@id":"https:\/\/nembutalhouse.com\/product\/buy-3cl-online\/#primaryimage"},"image":{"@id":"https:\/\/nembutalhouse.com\/product\/buy-3cl-online\/#primaryimage"},"thumbnailUrl":"https:\/\/nembutalhouse.com\/wp-content\/uploads\/2024\/10\/3cl.gif","datePublished":"2024-10-16T05:04:43+00:00","dateModified":"2026-03-06T07:03:14+00:00","description":"Looking for a reliable source to buy 3cl online? Your search ends here. Order 3cl online from our trusted store and enjoy a seamless buying process tailored for your research needs.","breadcrumb":{"@id":"https:\/\/nembutalhouse.com\/product\/buy-3cl-online\/#breadcrumb"},"inLanguage":"es","potentialAction":[{"@type":"ReadAction","target":["https:\/\/nembutalhouse.com\/product\/buy-3cl-online\/"]}]},{"@type":"ImageObject","inLanguage":"es","@id":"https:\/\/nembutalhouse.com\/product\/buy-3cl-online\/#primaryimage","url":"https:\/\/nembutalhouse.com\/wp-content\/uploads\/2024\/10\/3cl.gif","contentUrl":"https:\/\/nembutalhouse.com\/wp-content\/uploads\/2024\/10\/3cl.gif","width":600,"height":600,"caption":"Buy 3cl Online"},{"@type":"BreadcrumbList","@id":"https:\/\/nembutalhouse.com\/product\/buy-3cl-online\/#breadcrumb","itemListElement":[{"@type":"ListItem","position":1,"name":"Home","item":"https:\/\/nembutalhouse.com\/"},{"@type":"ListItem","position":2,"name":"Shop","item":"https:\/\/nembutalhouse.com\/shop\/"},{"@type":"ListItem","position":3,"name":"Buy 3cl Online"}]},{"@type":"WebSite","@id":"https:\/\/nembutalhouse.com\/#website","url":"https:\/\/nembutalhouse.com\/","name":"Nembutal House","description":"Best Nembutal Online Store","publisher":{"@id":"https:\/\/nembutalhouse.com\/#organization"},"potentialAction":[{"@type":"SearchAction","target":{"@type":"EntryPoint","urlTemplate":"https:\/\/nembutalhouse.com\/?s={search_term_string}"},"query-input":{"@type":"PropertyValueSpecification","valueRequired":true,"valueName":"search_term_string"}}],"inLanguage":"es"},{"@type":"Organization","@id":"https:\/\/nembutalhouse.com\/#organization","name":"Nembutal House","url":"https:\/\/nembutalhouse.com\/","logo":{"@type":"ImageObject","inLanguage":"es","@id":"https:\/\/nembutalhouse.com\/#\/schema\/logo\/image\/","url":"https:\/\/nembutalhouse.com\/wp-content\/uploads\/2022\/12\/logo.png","contentUrl":"https:\/\/nembutalhouse.com\/wp-content\/uploads\/2022\/12\/logo.png","width":344,"height":103,"caption":"Nembutal House"},"image":{"@id":"https:\/\/nembutalhouse.com\/#\/schema\/logo\/image\/"}}]}},"_links":{"self":[{"href":"https:\/\/nembutalhouse.com\/es\/wp-json\/wp\/v2\/product\/530","targetHints":{"allow":["GET"]}}],"collection":[{"href":"https:\/\/nembutalhouse.com\/es\/wp-json\/wp\/v2\/product"}],"about":[{"href":"https:\/\/nembutalhouse.com\/es\/wp-json\/wp\/v2\/types\/product"}],"replies":[{"embeddable":true,"href":"https:\/\/nembutalhouse.com\/es\/wp-json\/wp\/v2\/comments?post=530"}],"wp:featuredmedia":[{"embeddable":true,"href":"https:\/\/nembutalhouse.com\/es\/wp-json\/wp\/v2\/media\/576"}],"wp:attachment":[{"href":"https:\/\/nembutalhouse.com\/es\/wp-json\/wp\/v2\/media?parent=530"}],"wp:term":[{"taxonomy":"product_cat","embeddable":true,"href":"https:\/\/nembutalhouse.com\/es\/wp-json\/wp\/v2\/product_cat?post=530"},{"taxonomy":"product_tag","embeddable":true,"href":"https:\/\/nembutalhouse.com\/es\/wp-json\/wp\/v2\/product_tag?post=530"}],"curies":[{"name":"wp","href":"https:\/\/api.w.org\/{rel}","templated":true}]}}