{"id":36,"date":"2022-12-13T19:00:28","date_gmt":"2022-12-13T19:00:28","guid":{"rendered":"https:\/\/nembutalhouse.com\/?post_type=product&#038;p=36"},"modified":"2026-03-06T11:11:03","modified_gmt":"2026-03-06T11:11:03","slug":"buy-nembutal-tablets-online","status":"publish","type":"product","link":"https:\/\/nembutalhouse.com\/es\/producto\/comprar-tabletas-de-nembutal-en-linea\/","title":{"rendered":"Compre tabletas de Nembutal en l\u00ednea"},"content":{"rendered":"<h2>Compre tabletas de Nembutal en l\u00ednea<\/h2>\n<p>Encontrar una fuente s\u00f3lida y confiable o un vendedor de tabletas de nembutal es tan importante como nosotros. Recuerde que est\u00e1 prestando atenci\u00f3n a su salud si el producto que est\u00e1 usando no es aut\u00e9ntico. si planeas <a href=\"https:\/\/nembutalhouse.com\/es\/producto\/comprar-tabletas-de-nembutal-en-linea\/\"><strong>comprar tabletas de nembutal en l\u00ednea<\/strong><\/a>, lo guiaremos para comprar las tabletas de Nembutal en nuestra tienda.<\/p>\n<h3>Comprar las tabletas de Nembutal en l\u00ednea:<\/h3>\n<p>Antes de comprar Nembutal en nuestra tienda, siempre hable primero con su m\u00e9dico sobre qu\u00e9 tipo de medicamento necesita. Haga una cita con su m\u00e9dico para un diagn\u00f3stico adecuado y recomendaciones de tratamiento. Esto es especialmente cierto si tiene una afecci\u00f3n m\u00e9dica grave o cr\u00f3nica. Suponga que compra tabletas de nembutal en l\u00ednea sin consultar a un m\u00e9dico puede ser peligroso. Sin saberlo, puede empeorar su condici\u00f3n o tener efectos secundarios no deseados. Puede recibir notificaciones de\u00a0tabletas de nembutal a la venta\u00a0desde nuestro sitio.<\/p>\n<p>Si solicita tabletas de nembutal desde nuestro sitio, es seguro porque necesita averiguar qu\u00e9 est\u00e1 consumiendo. Puede\u00a0comprar tabletas de nembutal Espa\u00f1a\u00a0de nuestro proveedor confiable en el mercado. Puede ponerse en contacto f\u00e1cilmente con nuestro equipo de profesionales para conocer el procedimiento para comprar las tabletas de Nembutal en nuestra tienda en l\u00ednea.<\/p>\n<p>Recu\u00e9rdalo\u00a0<a href=\"https:\/\/nembutalhouse.com\/es\/\" target=\"_blank\" rel=\"noopener\"><strong>comprar nembutal en l\u00ednea<\/strong><\/a>\u00a0las plataformas suelen ser deficientes o falsificadas. Estos productos pueden afectar negativamente su salud a largo plazo. Cuando un sitio web o un minorista est\u00e1 dispuesto a venderle medicamentos recetados sin receta, consid\u00e9relo una se\u00f1al peligrosa.<\/p>\n<h3>Venta de tabletas de Nembutal:<\/h3>\n<p>Una de las principales razones para\u00a0comprar pentobarbital en l\u00ednea\u00a0en nuestra tienda es que tiene confianza en el origen del producto. As\u00ed que investigue para encontrar un minorista de confianza como nosotros en su \u00e1rea. Es posible que no pueda reclamar da\u00f1os u obtener un reembolso en caso de falla. Tambi\u00e9n corre el riesgo de recibir productos da\u00f1ados o vencidos.<\/p>\n<p>El precio del Nembutal online no siempre es el mismo que el del producto en la farmacia f\u00edsica. Por lo tanto, tiene sentido llamar a su farmacia local para preguntar el precio del Nembutal que desea comprar nembutal (pentobarbital s\u00f3dico) y comparar los precios con los precios en l\u00ednea.<\/p>\n<h3>\u00bfC\u00f3mo comprar\u00e1 tabletas de Nembutal en l\u00ednea?<\/h3>\n<p><a href=\"https:\/\/en.wikipedia.org\/wiki\/Pentobarbital\">Nembutal<\/a> that provides miraculous or fast results for specific medical conditions is too good to be true. Stay away from these products at all costs and know the steps on\u00a0how to buy nembutal tablets. These products may contain ingredients that can cause serious side effects. Labels like &#8216;miracle,&#8217; &#8216;100% safe&#8217;, &#8216;cure-all,&#8217; or &#8216;risk-free&#8217; indicate questionable products you need to avoid. Testimonials in forum posts, blogs, or group messages are untrusted because they are easy to generate or pay for. The best place to start when looking for advice is family and friends but always consult your doctor or pharmacist.<\/p>\n<p>With the convenience of the internet, almost everything is accessible from the comfort of your home. Now it is possible to buy Nembutal from our online store. Make sure you are familiar with these safety tips and\u00a0where to buy nembutal tablets. You will find the best Nembutal tablets from our site. Contact us today!<\/p>","protected":false},"excerpt":{"rendered":"<p>Cada comprimido de Nembutal 100 mg contiene.<\/p>","protected":false},"featured_media":18,"comment_status":"open","ping_status":"closed","template":"","meta":{"_joinchat":[]},"product_cat":[16],"product_tag":[483,472,48,17,49,50,51,462,474,463,19,52,481,478,20,471,21,23,24,25,26,53,27,30,31,54,35,36,487,464,469,488,476,479,465,486,484,475,485,37,38,39,55,467,468,482,480,477,45,46,57,470,58,473,466],"class_list":{"0":"post-36","1":"product","2":"type-product","3":"status-publish","4":"has-post-thumbnail","6":"product_cat-nembutal","7":"product_tag-best-cheap-price-nembutal-tablets","8":"product_tag-best-place-to-buy-nembutal-tablets","9":"product_tag-buy-nembutal-exit-international","10":"product_tag-buy-nembutal-online","11":"product_tag-buy-nembutal-pentobarbital","12":"product_tag-buy-nembutal-pills-online","13":"product_tag-buy-nembutal-pills-online-without-prescription","14":"product_tag-buy-nembutal-tablets","15":"product_tag-buy-nembutal-tablets-legally","16":"product_tag-buy-nembutal-tablets-online","17":"product_tag-buy-nembutal-uk","18":"product_tag-cheap-nembutal-pills-for-sale","19":"product_tag-cheap-nembutal-tabletss","20":"product_tag-high-quality-nembutal-tablets","21":"product_tag-how-can-i-get-nembutal","22":"product_tag-how-to-buy-nembutal-tablets","23":"product_tag-how-to-make-nembutal","24":"product_tag-how-to-purchase-nembutal","25":"product_tag-nembutal","26":"product_tag-nembutal-buy","27":"product_tag-nembutal-buy-india","28":"product_tag-nembutal-capsules-for-sale","29":"product_tag-nembutal-for-sale","30":"product_tag-nembutal-order-online","31":"product_tag-nembutal-pentobarbital-for-sale-in-usa","32":"product_tag-nembutal-pills-for-sale","33":"product_tag-nembutal-sodium","34":"product_tag-nembutal-suicide","35":"product_tag-nembutal-tablets-for-cleaning","36":"product_tag-nembutal-tablets-for-sale","37":"product_tag-nembutal-tablets-liquid","38":"product_tag-nembutal-tablets-powder","39":"product_tag-nembutal-tablets-price","40":"product_tag-nembutal-tablets-store","41":"product_tag-nembutal-tablets-supplier","42":"product_tag-nembutal-tablets-wiki","43":"product_tag-nembutal-tablets-worldwide","44":"product_tag-nembutal-tabletss-online","45":"product_tag-nembutal-tabletss-use","46":"product_tag-nembutal-where-to-buy","47":"product_tag-order-nembutal","48":"product_tag-order-nembutal-online","49":"product_tag-order-nembutal-pills-online","50":"product_tag-order-nembutal-tablets","51":"product_tag-order-nembutal-tablets-online","52":"product_tag-purcharse-nembutal-tablets","53":"product_tag-shop-nembutal-tablets","54":"product_tag-top-quality-nembutal-tablets","55":"product_tag-what-is-nembutal","56":"product_tag-where-to-buy-nembutal","57":"product_tag-where-to-buy-nembutal-pills","58":"product_tag-where-to-buy-nembutal-tablets","59":"product_tag-where-to-buy-pentobarbital-for-dogs","60":"product_tag-where-to-order-nembutal-tablets","61":"product_tag-wholesale-nembutal-tablets-bulk-online","63":"first","64":"instock","65":"shipping-taxable","66":"purchasable","67":"product-type-variable","68":"has-default-attributes"},"yoast_head":"<!-- This site is optimized with the Yoast SEO plugin v24.1 - https:\/\/yoast.com\/wordpress\/plugins\/seo\/ -->\n<title>Buy Nembutal Tablets Online - Nembutal Tablets for Sale<\/title>\n<meta name=\"description\" content=\"Looking to buy nembutal tablets Online? Discover a seamless platform at our online store where you can buy nembutal tablets, ensuring top-grade quality for your research needs.\" \/>\n<meta name=\"robots\" content=\"index, follow, max-snippet:-1, max-image-preview:large, max-video-preview:-1\" \/>\n<link rel=\"canonical\" href=\"https:\/\/nembutalhouse.com\/es\/producto\/comprar-tabletas-de-nembutal-en-linea\/\" \/>\n<meta property=\"og:locale\" content=\"es_ES\" \/>\n<meta property=\"og:type\" content=\"article\" \/>\n<meta property=\"og:title\" content=\"Buy Nembutal Tablets Online - Nembutal Tablets for Sale\" \/>\n<meta property=\"og:description\" content=\"Looking to buy nembutal tablets Online? Discover a seamless platform at our online store where you can buy nembutal tablets, ensuring top-grade quality for your research needs.\" \/>\n<meta property=\"og:url\" content=\"https:\/\/nembutalhouse.com\/es\/producto\/comprar-tabletas-de-nembutal-en-linea\/\" \/>\n<meta property=\"og:site_name\" content=\"Nembutal House\" \/>\n<meta property=\"article:modified_time\" content=\"2026-03-06T11:11:03+00:00\" \/>\n<meta property=\"og:image\" content=\"https:\/\/nembutalhouse.com\/wp-content\/uploads\/2022\/12\/nembutal-tablets.jpg\" \/>\n\t<meta property=\"og:image:width\" content=\"1000\" \/>\n\t<meta property=\"og:image:height\" content=\"1000\" \/>\n\t<meta property=\"og:image:type\" content=\"image\/jpeg\" \/>\n<meta name=\"twitter:card\" content=\"summary_large_image\" \/>\n<meta name=\"twitter:label1\" content=\"Tiempo de lectura\" \/>\n\t<meta name=\"twitter:data1\" content=\"3 minutos\" \/>\n<script type=\"application\/ld+json\" class=\"yoast-schema-graph\">{\"@context\":\"https:\/\/schema.org\",\"@graph\":[{\"@type\":\"WebPage\",\"@id\":\"https:\/\/nembutalhouse.com\/product\/buy-nembutal-tablets-online\/\",\"url\":\"https:\/\/nembutalhouse.com\/product\/buy-nembutal-tablets-online\/\",\"name\":\"Buy Nembutal Tablets Online - Nembutal Tablets for Sale\",\"isPartOf\":{\"@id\":\"https:\/\/nembutalhouse.com\/#website\"},\"primaryImageOfPage\":{\"@id\":\"https:\/\/nembutalhouse.com\/product\/buy-nembutal-tablets-online\/#primaryimage\"},\"image\":{\"@id\":\"https:\/\/nembutalhouse.com\/product\/buy-nembutal-tablets-online\/#primaryimage\"},\"thumbnailUrl\":\"https:\/\/nembutalhouse.com\/wp-content\/uploads\/2022\/12\/nembutal-tablets.jpg\",\"datePublished\":\"2022-12-13T19:00:28+00:00\",\"dateModified\":\"2026-03-06T11:11:03+00:00\",\"description\":\"Looking to buy nembutal tablets Online? Discover a seamless platform at our online store where you can buy nembutal tablets, ensuring top-grade quality for your research needs.\",\"breadcrumb\":{\"@id\":\"https:\/\/nembutalhouse.com\/product\/buy-nembutal-tablets-online\/#breadcrumb\"},\"inLanguage\":\"es\",\"potentialAction\":[{\"@type\":\"ReadAction\",\"target\":[\"https:\/\/nembutalhouse.com\/product\/buy-nembutal-tablets-online\/\"]}]},{\"@type\":\"ImageObject\",\"inLanguage\":\"es\",\"@id\":\"https:\/\/nembutalhouse.com\/product\/buy-nembutal-tablets-online\/#primaryimage\",\"url\":\"https:\/\/nembutalhouse.com\/wp-content\/uploads\/2022\/12\/nembutal-tablets.jpg\",\"contentUrl\":\"https:\/\/nembutalhouse.com\/wp-content\/uploads\/2022\/12\/nembutal-tablets.jpg\",\"width\":1000,\"height\":1000,\"caption\":\"buy nembutal tablets online\"},{\"@type\":\"BreadcrumbList\",\"@id\":\"https:\/\/nembutalhouse.com\/product\/buy-nembutal-tablets-online\/#breadcrumb\",\"itemListElement\":[{\"@type\":\"ListItem\",\"position\":1,\"name\":\"Home\",\"item\":\"https:\/\/nembutalhouse.com\/\"},{\"@type\":\"ListItem\",\"position\":2,\"name\":\"Shop\",\"item\":\"https:\/\/nembutalhouse.com\/shop\/\"},{\"@type\":\"ListItem\",\"position\":3,\"name\":\"Buy Nembutal Tablets Online\"}]},{\"@type\":\"WebSite\",\"@id\":\"https:\/\/nembutalhouse.com\/#website\",\"url\":\"https:\/\/nembutalhouse.com\/\",\"name\":\"Nembutal House\",\"description\":\"Best Nembutal Online Store\",\"publisher\":{\"@id\":\"https:\/\/nembutalhouse.com\/#organization\"},\"potentialAction\":[{\"@type\":\"SearchAction\",\"target\":{\"@type\":\"EntryPoint\",\"urlTemplate\":\"https:\/\/nembutalhouse.com\/?s={search_term_string}\"},\"query-input\":{\"@type\":\"PropertyValueSpecification\",\"valueRequired\":true,\"valueName\":\"search_term_string\"}}],\"inLanguage\":\"es\"},{\"@type\":\"Organization\",\"@id\":\"https:\/\/nembutalhouse.com\/#organization\",\"name\":\"Nembutal House\",\"url\":\"https:\/\/nembutalhouse.com\/\",\"logo\":{\"@type\":\"ImageObject\",\"inLanguage\":\"es\",\"@id\":\"https:\/\/nembutalhouse.com\/#\/schema\/logo\/image\/\",\"url\":\"https:\/\/nembutalhouse.com\/wp-content\/uploads\/2022\/12\/logo.png\",\"contentUrl\":\"https:\/\/nembutalhouse.com\/wp-content\/uploads\/2022\/12\/logo.png\",\"width\":344,\"height\":103,\"caption\":\"Nembutal House\"},\"image\":{\"@id\":\"https:\/\/nembutalhouse.com\/#\/schema\/logo\/image\/\"}}]}<\/script>\n<!-- \/ Yoast SEO plugin. -->","yoast_head_json":{"title":"Buy Nembutal Tablets Online - Nembutal Tablets for Sale","description":"Looking to buy nembutal tablets Online? Discover a seamless platform at our online store where you can buy nembutal tablets, ensuring top-grade quality for your research needs.","robots":{"index":"index","follow":"follow","max-snippet":"max-snippet:-1","max-image-preview":"max-image-preview:large","max-video-preview":"max-video-preview:-1"},"canonical":"https:\/\/nembutalhouse.com\/es\/producto\/comprar-tabletas-de-nembutal-en-linea\/","og_locale":"es_ES","og_type":"article","og_title":"Buy Nembutal Tablets Online - Nembutal Tablets for Sale","og_description":"Looking to buy nembutal tablets Online? Discover a seamless platform at our online store where you can buy nembutal tablets, ensuring top-grade quality for your research needs.","og_url":"https:\/\/nembutalhouse.com\/es\/producto\/comprar-tabletas-de-nembutal-en-linea\/","og_site_name":"Nembutal House","article_modified_time":"2026-03-06T11:11:03+00:00","og_image":[{"width":1000,"height":1000,"url":"https:\/\/nembutalhouse.com\/wp-content\/uploads\/2022\/12\/nembutal-tablets.jpg","type":"image\/jpeg"}],"twitter_card":"summary_large_image","twitter_misc":{"Tiempo de lectura":"3 minutos"},"schema":{"@context":"https:\/\/schema.org","@graph":[{"@type":"WebPage","@id":"https:\/\/nembutalhouse.com\/product\/buy-nembutal-tablets-online\/","url":"https:\/\/nembutalhouse.com\/product\/buy-nembutal-tablets-online\/","name":"Buy Nembutal Tablets Online - Nembutal Tablets for Sale","isPartOf":{"@id":"https:\/\/nembutalhouse.com\/#website"},"primaryImageOfPage":{"@id":"https:\/\/nembutalhouse.com\/product\/buy-nembutal-tablets-online\/#primaryimage"},"image":{"@id":"https:\/\/nembutalhouse.com\/product\/buy-nembutal-tablets-online\/#primaryimage"},"thumbnailUrl":"https:\/\/nembutalhouse.com\/wp-content\/uploads\/2022\/12\/nembutal-tablets.jpg","datePublished":"2022-12-13T19:00:28+00:00","dateModified":"2026-03-06T11:11:03+00:00","description":"Looking to buy nembutal tablets Online? Discover a seamless platform at our online store where you can buy nembutal tablets, ensuring top-grade quality for your research needs.","breadcrumb":{"@id":"https:\/\/nembutalhouse.com\/product\/buy-nembutal-tablets-online\/#breadcrumb"},"inLanguage":"es","potentialAction":[{"@type":"ReadAction","target":["https:\/\/nembutalhouse.com\/product\/buy-nembutal-tablets-online\/"]}]},{"@type":"ImageObject","inLanguage":"es","@id":"https:\/\/nembutalhouse.com\/product\/buy-nembutal-tablets-online\/#primaryimage","url":"https:\/\/nembutalhouse.com\/wp-content\/uploads\/2022\/12\/nembutal-tablets.jpg","contentUrl":"https:\/\/nembutalhouse.com\/wp-content\/uploads\/2022\/12\/nembutal-tablets.jpg","width":1000,"height":1000,"caption":"buy nembutal tablets online"},{"@type":"BreadcrumbList","@id":"https:\/\/nembutalhouse.com\/product\/buy-nembutal-tablets-online\/#breadcrumb","itemListElement":[{"@type":"ListItem","position":1,"name":"Home","item":"https:\/\/nembutalhouse.com\/"},{"@type":"ListItem","position":2,"name":"Shop","item":"https:\/\/nembutalhouse.com\/shop\/"},{"@type":"ListItem","position":3,"name":"Buy Nembutal Tablets Online"}]},{"@type":"WebSite","@id":"https:\/\/nembutalhouse.com\/#website","url":"https:\/\/nembutalhouse.com\/","name":"Nembutal House","description":"Best Nembutal Online Store","publisher":{"@id":"https:\/\/nembutalhouse.com\/#organization"},"potentialAction":[{"@type":"SearchAction","target":{"@type":"EntryPoint","urlTemplate":"https:\/\/nembutalhouse.com\/?s={search_term_string}"},"query-input":{"@type":"PropertyValueSpecification","valueRequired":true,"valueName":"search_term_string"}}],"inLanguage":"es"},{"@type":"Organization","@id":"https:\/\/nembutalhouse.com\/#organization","name":"Nembutal House","url":"https:\/\/nembutalhouse.com\/","logo":{"@type":"ImageObject","inLanguage":"es","@id":"https:\/\/nembutalhouse.com\/#\/schema\/logo\/image\/","url":"https:\/\/nembutalhouse.com\/wp-content\/uploads\/2022\/12\/logo.png","contentUrl":"https:\/\/nembutalhouse.com\/wp-content\/uploads\/2022\/12\/logo.png","width":344,"height":103,"caption":"Nembutal House"},"image":{"@id":"https:\/\/nembutalhouse.com\/#\/schema\/logo\/image\/"}}]}},"_links":{"self":[{"href":"https:\/\/nembutalhouse.com\/es\/wp-json\/wp\/v2\/product\/36","targetHints":{"allow":["GET"]}}],"collection":[{"href":"https:\/\/nembutalhouse.com\/es\/wp-json\/wp\/v2\/product"}],"about":[{"href":"https:\/\/nembutalhouse.com\/es\/wp-json\/wp\/v2\/types\/product"}],"replies":[{"embeddable":true,"href":"https:\/\/nembutalhouse.com\/es\/wp-json\/wp\/v2\/comments?post=36"}],"wp:featuredmedia":[{"embeddable":true,"href":"https:\/\/nembutalhouse.com\/es\/wp-json\/wp\/v2\/media\/18"}],"wp:attachment":[{"href":"https:\/\/nembutalhouse.com\/es\/wp-json\/wp\/v2\/media?parent=36"}],"wp:term":[{"taxonomy":"product_cat","embeddable":true,"href":"https:\/\/nembutalhouse.com\/es\/wp-json\/wp\/v2\/product_cat?post=36"},{"taxonomy":"product_tag","embeddable":true,"href":"https:\/\/nembutalhouse.com\/es\/wp-json\/wp\/v2\/product_tag?post=36"}],"curies":[{"name":"wp","href":"https:\/\/api.w.org\/{rel}","templated":true}]}}