{"id":303,"date":"2023-06-14T10:06:07","date_gmt":"2023-06-14T10:06:07","guid":{"rendered":"https:\/\/nembutalhouse.com\/?post_type=product&#038;p=303"},"modified":"2026-03-06T11:22:21","modified_gmt":"2026-03-06T11:22:21","slug":"buy-seconal-sodium-for-sale","status":"publish","type":"product","link":"https:\/\/nembutalhouse.com\/es\/producto\/buy-seconal-sodium-for-sale\/","title":{"rendered":"Buy Seconal Sodium For Sale"},"content":{"rendered":"<h2>Buy Seconal Sodium For Sale<\/h2>\n<h3>La Mejor Farmacia Online Es Donde Comprar Seconal S\u00f3dico.<\/h3>\n<p>The most affordable online pharmacies for <a href=\"https:\/\/nembutalhouse.com\/es\/producto\/buy-seconal-sodium-for-sale\/\">Seconal Sodium<\/a> and nembutal are currently available. If you want to buy Seconal Sodium online, fill out your order at our online pharmacy right away and we&#8217;ll take care of the rest. Simply place an order for Seconal Sodium, and our staff will prepare, pack, and deliver your item as soon as possible. We are a trustworthy pharmacy that has been continually operating in this field for many years. You may rely on us to provide you with the highest-quality medications within the specified time frame.<\/p>\n<h3>\u00bfQu\u00e9 beneficios ofrece Seconal S\u00f3dico? \u00bfPor qu\u00e9 nos eligi\u00f3 para comprarlo?<\/h3>\n<p>Se le hace sentir m\u00e1s tranquilo justo antes de la intervenci\u00f3n quir\u00fargica utilizando seconal s\u00f3dico. Seconal S\u00f3dico pertenece al grupo de f\u00e1rmacos denominados hipn\u00f3ticos barbit\u00faricos. Act\u00faa calm\u00e1ndole al influir en regiones cerebrales espec\u00edficas. Las personas mayores deben comentar con su m\u00e9dico o especialista en f\u00e1rmacos los beneficios e inconvenientes de este medicamento, as\u00ed como los tratamientos m\u00e1s potentes y potencialmente m\u00e1s seguros. Antes de empezar a tomar Seconal S\u00f3dico y cada vez que obtenga una recarga, lea la Gu\u00eda del Medicamento que nuestra farmacia online suministra con el producto. Consulte a su m\u00e9dico o a un especialista en medicamentos si tiene alguna duda. Tome este medicamento por v\u00eda oral como se indica con el est\u00f3mago lleno.<\/p>\n<p><strong>Las siguientes condiciones son las \u00fanicas para las que se utiliza el seconal s\u00f3dico<a href=\"https:\/\/nembutalhouse.com\/es\/\">:<\/a><\/strong><\/p>\n<p>anestesia local suplementaria<br \/>\notra sustancia para provocar la anestesia general<br \/>\nSeconal Sodium Secobarbital est\u00e1 disponible para su compra en nembutalhouse, y se lo enviaremos lo antes posible al lugar que desee. Por favor, perm\u00edtanos servirle lo mejor que podamos. Puede confiar plenamente en nuestra farmacia online para nembutal y exigirnos el mejor rendimiento. Para nuestros clientes importantes, estamos constantemente disponibles para satisfacer sus necesidades y demandas. \u00a1Cont\u00e1ctenos inmediatamente!<\/p>\n<h2>\u00bfC\u00f3mo comprar Seconal s\u00f3dico online?<\/h2>\n<p>Por \u00faltimo, debido a que este medicamento se utiliza para calmarte justo antes de la cirug\u00eda, tiene un lugar con una clase de medicamentos conocidos como barbit\u00faricos. Por lo tanto influye en ciertas partes del cerebro para calmarle. Los adultos mayores deben hablar de los riesgos y beneficios de este medicamento con su m\u00e9dico o especialista en drogas, con otros tratamientos potentes y posiblemente m\u00e1s seguro. La medicacion viene con la guia del producto por nuestro Grupo para ayudarle antes de tomar. Para cualquier consulta, consulte a su m\u00e9dico o especialista en medicamentos. Tome este medicamento por v\u00eda oral con el est\u00f3mago vac\u00edo, seg\u00fan lo aconsejado por su m\u00e9dico.<a href=\"https:\/\/nembutalhouse.com\/es\/\">NembutalCasa<\/a><\/p>\n<h3>Comprar en l\u00ednea sin receta<\/h3>\n<p><a href=\"https:\/\/en.wikipedia.org\/wiki\/Secobarbital\">Seconal Sodium<\/a> for sale at nembutalhouse for medical use and delivery will proceed as soon as possible. Let us serve you in the best manner. You can entirely rely on nembutalhouse and expect the best from us. Contact us right away as we are always available to all clients and customer needs.<\/p>","protected":false},"excerpt":{"rendered":"<p>Buy Seconal Sodium For Sale The Best Online Pharmacy Is Where To Buy Seconal Sodium. The most affordable online pharmacies for Seconal Sodium and nembutal are currently available. If you&hellip;<\/p>","protected":false},"featured_media":345,"comment_status":"closed","ping_status":"closed","template":"","meta":{"_joinchat":[]},"product_cat":[16],"product_tag":[407,396,403,386,387,405,402,395,391,408,392,406,393,388,398,399,400,389,404,401,394,397,390],"class_list":{"0":"post-303","1":"product","2":"type-product","3":"status-publish","4":"has-post-thumbnail","6":"product_cat-nembutal","7":"product_tag-best-cheap-price-seconal-sodium","8":"product_tag-best-place-to-buy-seconal-sodium","9":"product_tag-best-store-seconal-sodium","10":"product_tag-buy-seconal-sodium","11":"product_tag-buy-seconal-sodium-online","12":"product_tag-cheap-seconal-sodium","13":"product_tag-high-quality-seconal-sodium","14":"product_tag-how-to-buy-seconal-sodium","15":"product_tag-order-seconal-sodium","16":"product_tag-order-seconal-sodium-for-sale","17":"product_tag-order-seconal-sodium-online","18":"product_tag-purcharse-seconal-sodium","19":"product_tag-seconal-sodium-chemical","20":"product_tag-seconal-sodium-for-sale","21":"product_tag-seconal-sodium-legally","22":"product_tag-seconal-sodium-online","23":"product_tag-seconal-sodium-price","24":"product_tag-seconal-sodium-supplier-online","25":"product_tag-shop-seconal-sodium","26":"product_tag-top-quality-seconal-sodium","27":"product_tag-where-to-buy-seconal-sodium","28":"product_tag-where-to-order-seconal-sodium","29":"product_tag-wholesale-seconal-sodium-bulk-online","31":"first","32":"instock","33":"shipping-taxable","34":"purchasable","35":"product-type-variable"},"yoast_head":"<!-- This site is optimized with the Yoast SEO plugin v24.1 - https:\/\/yoast.com\/wordpress\/plugins\/seo\/ -->\n<title>Seconal Sodium for Sale - Order Seconal Sodium<\/title>\n<meta name=\"description\" content=\"Find premium seconal sodium for sale at our online store, providing a secure platform to buy seconal sodium online with ease, catering to your research needs.\" \/>\n<meta name=\"robots\" content=\"index, follow, max-snippet:-1, max-image-preview:large, max-video-preview:-1\" \/>\n<link rel=\"canonical\" href=\"https:\/\/nembutalhouse.com\/es\/producto\/buy-seconal-sodium-for-sale\/\" \/>\n<meta property=\"og:locale\" content=\"es_ES\" \/>\n<meta property=\"og:type\" content=\"article\" \/>\n<meta property=\"og:title\" content=\"Seconal Sodium for Sale - Order Seconal Sodium\" \/>\n<meta property=\"og:description\" content=\"Find premium seconal sodium for sale at our online store, providing a secure platform to buy seconal sodium online with ease, catering to your research needs.\" \/>\n<meta property=\"og:url\" content=\"https:\/\/nembutalhouse.com\/es\/producto\/buy-seconal-sodium-for-sale\/\" \/>\n<meta property=\"og:site_name\" content=\"Nembutal House\" \/>\n<meta property=\"article:modified_time\" content=\"2026-03-06T11:22:21+00:00\" \/>\n<meta property=\"og:image\" content=\"https:\/\/nembutalhouse.com\/wp-content\/uploads\/2023\/06\/seconal-sodium.jpg\" \/>\n\t<meta property=\"og:image:width\" content=\"600\" \/>\n\t<meta property=\"og:image:height\" content=\"600\" \/>\n\t<meta property=\"og:image:type\" content=\"image\/jpeg\" \/>\n<meta name=\"twitter:card\" content=\"summary_large_image\" \/>\n<meta name=\"twitter:label1\" content=\"Tiempo de lectura\" \/>\n\t<meta name=\"twitter:data1\" content=\"3 minutos\" \/>\n<script type=\"application\/ld+json\" class=\"yoast-schema-graph\">{\"@context\":\"https:\/\/schema.org\",\"@graph\":[{\"@type\":\"WebPage\",\"@id\":\"https:\/\/nembutalhouse.com\/product\/buy-seconal-sodium-for-sale\/\",\"url\":\"https:\/\/nembutalhouse.com\/product\/buy-seconal-sodium-for-sale\/\",\"name\":\"Seconal Sodium for Sale - Order Seconal Sodium\",\"isPartOf\":{\"@id\":\"https:\/\/nembutalhouse.com\/#website\"},\"primaryImageOfPage\":{\"@id\":\"https:\/\/nembutalhouse.com\/product\/buy-seconal-sodium-for-sale\/#primaryimage\"},\"image\":{\"@id\":\"https:\/\/nembutalhouse.com\/product\/buy-seconal-sodium-for-sale\/#primaryimage\"},\"thumbnailUrl\":\"https:\/\/nembutalhouse.com\/wp-content\/uploads\/2023\/06\/seconal-sodium.jpg\",\"datePublished\":\"2023-06-14T10:06:07+00:00\",\"dateModified\":\"2026-03-06T11:22:21+00:00\",\"description\":\"Find premium seconal sodium for sale at our online store, providing a secure platform to buy seconal sodium online with ease, catering to your research needs.\",\"breadcrumb\":{\"@id\":\"https:\/\/nembutalhouse.com\/product\/buy-seconal-sodium-for-sale\/#breadcrumb\"},\"inLanguage\":\"es\",\"potentialAction\":[{\"@type\":\"ReadAction\",\"target\":[\"https:\/\/nembutalhouse.com\/product\/buy-seconal-sodium-for-sale\/\"]}]},{\"@type\":\"ImageObject\",\"inLanguage\":\"es\",\"@id\":\"https:\/\/nembutalhouse.com\/product\/buy-seconal-sodium-for-sale\/#primaryimage\",\"url\":\"https:\/\/nembutalhouse.com\/wp-content\/uploads\/2023\/06\/seconal-sodium.jpg\",\"contentUrl\":\"https:\/\/nembutalhouse.com\/wp-content\/uploads\/2023\/06\/seconal-sodium.jpg\",\"width\":600,\"height\":600,\"caption\":\"Buy Seconal Sodium For Sale\"},{\"@type\":\"BreadcrumbList\",\"@id\":\"https:\/\/nembutalhouse.com\/product\/buy-seconal-sodium-for-sale\/#breadcrumb\",\"itemListElement\":[{\"@type\":\"ListItem\",\"position\":1,\"name\":\"Home\",\"item\":\"https:\/\/nembutalhouse.com\/\"},{\"@type\":\"ListItem\",\"position\":2,\"name\":\"Shop\",\"item\":\"https:\/\/nembutalhouse.com\/shop\/\"},{\"@type\":\"ListItem\",\"position\":3,\"name\":\"Buy Seconal Sodium For Sale\"}]},{\"@type\":\"WebSite\",\"@id\":\"https:\/\/nembutalhouse.com\/#website\",\"url\":\"https:\/\/nembutalhouse.com\/\",\"name\":\"Nembutal House\",\"description\":\"Best Nembutal Online Store\",\"publisher\":{\"@id\":\"https:\/\/nembutalhouse.com\/#organization\"},\"potentialAction\":[{\"@type\":\"SearchAction\",\"target\":{\"@type\":\"EntryPoint\",\"urlTemplate\":\"https:\/\/nembutalhouse.com\/?s={search_term_string}\"},\"query-input\":{\"@type\":\"PropertyValueSpecification\",\"valueRequired\":true,\"valueName\":\"search_term_string\"}}],\"inLanguage\":\"es\"},{\"@type\":\"Organization\",\"@id\":\"https:\/\/nembutalhouse.com\/#organization\",\"name\":\"Nembutal House\",\"url\":\"https:\/\/nembutalhouse.com\/\",\"logo\":{\"@type\":\"ImageObject\",\"inLanguage\":\"es\",\"@id\":\"https:\/\/nembutalhouse.com\/#\/schema\/logo\/image\/\",\"url\":\"https:\/\/nembutalhouse.com\/wp-content\/uploads\/2022\/12\/logo.png\",\"contentUrl\":\"https:\/\/nembutalhouse.com\/wp-content\/uploads\/2022\/12\/logo.png\",\"width\":344,\"height\":103,\"caption\":\"Nembutal House\"},\"image\":{\"@id\":\"https:\/\/nembutalhouse.com\/#\/schema\/logo\/image\/\"}}]}<\/script>\n<!-- \/ Yoast SEO plugin. -->","yoast_head_json":{"title":"Seconal Sodium for Sale - Order Seconal Sodium","description":"Find premium seconal sodium for sale at our online store, providing a secure platform to buy seconal sodium online with ease, catering to your research needs.","robots":{"index":"index","follow":"follow","max-snippet":"max-snippet:-1","max-image-preview":"max-image-preview:large","max-video-preview":"max-video-preview:-1"},"canonical":"https:\/\/nembutalhouse.com\/es\/producto\/buy-seconal-sodium-for-sale\/","og_locale":"es_ES","og_type":"article","og_title":"Seconal Sodium for Sale - Order Seconal Sodium","og_description":"Find premium seconal sodium for sale at our online store, providing a secure platform to buy seconal sodium online with ease, catering to your research needs.","og_url":"https:\/\/nembutalhouse.com\/es\/producto\/buy-seconal-sodium-for-sale\/","og_site_name":"Nembutal House","article_modified_time":"2026-03-06T11:22:21+00:00","og_image":[{"width":600,"height":600,"url":"https:\/\/nembutalhouse.com\/wp-content\/uploads\/2023\/06\/seconal-sodium.jpg","type":"image\/jpeg"}],"twitter_card":"summary_large_image","twitter_misc":{"Tiempo de lectura":"3 minutos"},"schema":{"@context":"https:\/\/schema.org","@graph":[{"@type":"WebPage","@id":"https:\/\/nembutalhouse.com\/product\/buy-seconal-sodium-for-sale\/","url":"https:\/\/nembutalhouse.com\/product\/buy-seconal-sodium-for-sale\/","name":"Seconal Sodium for Sale - Order Seconal Sodium","isPartOf":{"@id":"https:\/\/nembutalhouse.com\/#website"},"primaryImageOfPage":{"@id":"https:\/\/nembutalhouse.com\/product\/buy-seconal-sodium-for-sale\/#primaryimage"},"image":{"@id":"https:\/\/nembutalhouse.com\/product\/buy-seconal-sodium-for-sale\/#primaryimage"},"thumbnailUrl":"https:\/\/nembutalhouse.com\/wp-content\/uploads\/2023\/06\/seconal-sodium.jpg","datePublished":"2023-06-14T10:06:07+00:00","dateModified":"2026-03-06T11:22:21+00:00","description":"Find premium seconal sodium for sale at our online store, providing a secure platform to buy seconal sodium online with ease, catering to your research needs.","breadcrumb":{"@id":"https:\/\/nembutalhouse.com\/product\/buy-seconal-sodium-for-sale\/#breadcrumb"},"inLanguage":"es","potentialAction":[{"@type":"ReadAction","target":["https:\/\/nembutalhouse.com\/product\/buy-seconal-sodium-for-sale\/"]}]},{"@type":"ImageObject","inLanguage":"es","@id":"https:\/\/nembutalhouse.com\/product\/buy-seconal-sodium-for-sale\/#primaryimage","url":"https:\/\/nembutalhouse.com\/wp-content\/uploads\/2023\/06\/seconal-sodium.jpg","contentUrl":"https:\/\/nembutalhouse.com\/wp-content\/uploads\/2023\/06\/seconal-sodium.jpg","width":600,"height":600,"caption":"Buy Seconal Sodium For Sale"},{"@type":"BreadcrumbList","@id":"https:\/\/nembutalhouse.com\/product\/buy-seconal-sodium-for-sale\/#breadcrumb","itemListElement":[{"@type":"ListItem","position":1,"name":"Home","item":"https:\/\/nembutalhouse.com\/"},{"@type":"ListItem","position":2,"name":"Shop","item":"https:\/\/nembutalhouse.com\/shop\/"},{"@type":"ListItem","position":3,"name":"Buy Seconal Sodium For Sale"}]},{"@type":"WebSite","@id":"https:\/\/nembutalhouse.com\/#website","url":"https:\/\/nembutalhouse.com\/","name":"Nembutal House","description":"Best Nembutal Online Store","publisher":{"@id":"https:\/\/nembutalhouse.com\/#organization"},"potentialAction":[{"@type":"SearchAction","target":{"@type":"EntryPoint","urlTemplate":"https:\/\/nembutalhouse.com\/?s={search_term_string}"},"query-input":{"@type":"PropertyValueSpecification","valueRequired":true,"valueName":"search_term_string"}}],"inLanguage":"es"},{"@type":"Organization","@id":"https:\/\/nembutalhouse.com\/#organization","name":"Nembutal House","url":"https:\/\/nembutalhouse.com\/","logo":{"@type":"ImageObject","inLanguage":"es","@id":"https:\/\/nembutalhouse.com\/#\/schema\/logo\/image\/","url":"https:\/\/nembutalhouse.com\/wp-content\/uploads\/2022\/12\/logo.png","contentUrl":"https:\/\/nembutalhouse.com\/wp-content\/uploads\/2022\/12\/logo.png","width":344,"height":103,"caption":"Nembutal House"},"image":{"@id":"https:\/\/nembutalhouse.com\/#\/schema\/logo\/image\/"}}]}},"_links":{"self":[{"href":"https:\/\/nembutalhouse.com\/es\/wp-json\/wp\/v2\/product\/303","targetHints":{"allow":["GET"]}}],"collection":[{"href":"https:\/\/nembutalhouse.com\/es\/wp-json\/wp\/v2\/product"}],"about":[{"href":"https:\/\/nembutalhouse.com\/es\/wp-json\/wp\/v2\/types\/product"}],"replies":[{"embeddable":true,"href":"https:\/\/nembutalhouse.com\/es\/wp-json\/wp\/v2\/comments?post=303"}],"wp:featuredmedia":[{"embeddable":true,"href":"https:\/\/nembutalhouse.com\/es\/wp-json\/wp\/v2\/media\/345"}],"wp:attachment":[{"href":"https:\/\/nembutalhouse.com\/es\/wp-json\/wp\/v2\/media?parent=303"}],"wp:term":[{"taxonomy":"product_cat","embeddable":true,"href":"https:\/\/nembutalhouse.com\/es\/wp-json\/wp\/v2\/product_cat?post=303"},{"taxonomy":"product_tag","embeddable":true,"href":"https:\/\/nembutalhouse.com\/es\/wp-json\/wp\/v2\/product_tag?post=303"}],"curies":[{"name":"wp","href":"https:\/\/api.w.org\/{rel}","templated":true}]}}