{"id":299,"date":"2023-06-14T09:30:23","date_gmt":"2023-06-14T09:30:23","guid":{"rendered":"https:\/\/nembutalhouse.com\/?post_type=product&#038;p=299"},"modified":"2026-03-06T08:21:53","modified_gmt":"2026-03-06T08:21:53","slug":"buy-aprobarbitone-online","status":"publish","type":"product","link":"https:\/\/nembutalhouse.com\/es\/producto\/buy-aprobarbitone-online\/","title":{"rendered":"Buy Aprobarbitone Online"},"content":{"rendered":"<h2>NembutalHouse | Aprobarbitona en venta | Comprar Aprobarbitona en l\u00ednea\"<\/h2>\n<p>La Mejor Farmacia Online Nembutal: Aprobarbitone Purchase<\/p>\n<p><a href=\"https:\/\/nembutalhouse.com\/es\/producto\/buy-aprobarbitone-online\/\">Aprobarbitona en venta<\/a>, <a href=\"https:\/\/nembutalhouse.com\/es\/\">Casa Nembutal<\/a> has a significant amount of experience in this field. The opinions and needs of clients from all around the world are now fully understood by us. We are here to fulfil any Aprobarbitone-related requests. The best place to get Aprobarbitone online is at our pharmacy. We offer this pharmaceutical medicine for affordable pricing. You can easily order it from us, and we&#8217;ll send it to you within the specified time frame.<\/p>\n<h3>\u00bfQu\u00e9 beneficios ofrece la aprobarbitona?<\/h3>\n<p>Si utiliza aprobarbitona, podr\u00e1 disfrutar de un sue\u00f1o reparador. Es, en esencia, el medicamento ideal para dormir. Es conocida por sus incre\u00edbles propiedades sedantes, hipn\u00f3ticas y anticonvulsivas.<\/p>\n<h3>\u00bfPor qu\u00e9 deber\u00eda elegirnos para su compra online de apobarbitona?<\/h3>\n<p>We are a highly skilled group of individuals with extensive backgrounds in the field of medications and medicine. Additionally, we are expanding the availability of Aprobarbitone and other medications around the globe. The greatest pricing for Aprobarbitone is now available online, right from your own house. We&#8217;re only a mouse click away. Place your <a href=\"https:\/\/en.wikipedia.org\/wiki\/5F-EMB-PINACA\">Aprobarbitone order online<\/a> right away for prompt delivery to the address you&#8217;ve provided<a href=\"https:\/\/nembutalhouse.com\/es\/\">.<\/a><\/p>\n<h3><strong>\u00bfSabe d\u00f3nde comprar Aprobarbitona sin receta?<\/strong><\/h3>\n<p>Aprobarbitona en venta, Brallobarbital valor de la calle, Aprobarbitona dosis, c\u00f3mo hacer Aprobarbitona, \u00bfd\u00f3nde puedo Aprobarbitona en l\u00ednea, \u00bfd\u00f3nde obtener Aprobarbitona, lo que es Aprobarbitona, Aprobarbitona de primera calidad para la venta. Todas estas preguntas sin respuesta pueden obtener sus respuestas a trav\u00e9s de nosotros. S\u00f3lo tiene que ir a trav\u00e9s de nuestro sitio web y obtendr\u00e1 las respuestas sobre c\u00f3mo y d\u00f3nde se puede comprar p\u00edldoras Aprobarbitone sin receta en l\u00ednea.<\/p>\n<h3>\u00bfY la Aprobarbitona?<\/h3>\n<p>\u00bfSabe tambi\u00e9n d\u00f3nde conseguir Aprobarbitona en venta online sin receta? comprar Aprobarbitona en venta, c\u00f3mo hacer Aprobarbitona, qu\u00e9 aspecto tiene la Aprobarbitona, Aprobarbitona precio en la calle, Aprobarbitona precio, d\u00f3nde comprar Aprobarbitona, Aprobarbitona pura, d\u00f3nde comprar Aprobarbitona online sin receta, comprar Aprobarbitona pura online sin receta.<\/p>\n<p>&nbsp;<\/p>","protected":false},"excerpt":{"rendered":"<p>Nembutal\u00a0House| Aprobarbitone for Sale | Buy Aprobarbitone Online&#8221; The Best Online Nembutal Pharmacy: Aprobarbitone Purchase Aprobarbitone for Sale, Nembutal House has a significant amount of experience in this field. The&hellip;<\/p>","protected":false},"featured_media":346,"comment_status":"closed","ping_status":"closed","template":"","meta":{"_joinchat":[]},"product_cat":[16],"product_tag":[434,411,416,435,423,426,412,433,431,422,432,430,419,409,421,410,428,425,418,414,415,429,427,424,417,420,413],"class_list":{"0":"post-299","1":"product","2":"type-product","3":"status-publish","4":"has-post-thumbnail","6":"product_cat-nembutal","7":"product_tag-aprobarbitone-pills-for-cleaning","8":"product_tag-aprobarbitone-pills-for-sale","9":"product_tag-aprobarbitone-pills-liquid","10":"product_tag-aprobarbitone-pills-powder","11":"product_tag-aprobarbitone-pills-price","12":"product_tag-aprobarbitone-pills-store","13":"product_tag-aprobarbitone-pills-supplier","14":"product_tag-aprobarbitone-pills-wiki","15":"product_tag-aprobarbitone-pills-worldwide","16":"product_tag-aprobarbitone-pillss-online","17":"product_tag-aprobarbitone-pillss-use","18":"product_tag-best-cheap-price-aprobarbitone-pills","19":"product_tag-best-place-to-buy-aprobarbitone-pills","20":"product_tag-buy-aprobarbitone-pills","21":"product_tag-buy-aprobarbitone-pills-legally","22":"product_tag-buy-aprobarbitone-pills-online","23":"product_tag-cheap-aprobarbitone-pillss","24":"product_tag-high-quality-aprobarbitone-pills","25":"product_tag-how-to-buy-aprobarbitone-pills","26":"product_tag-order-aprobarbitone-pills","27":"product_tag-order-aprobarbitone-pills-online","28":"product_tag-purcharse-aprobarbitone-pills","29":"product_tag-shop-aprobarbitone-pills","30":"product_tag-top-quality-aprobarbitone-pills","31":"product_tag-where-to-buy-aprobarbitone-pills","32":"product_tag-where-to-order-aprobarbitone-pills","33":"product_tag-wholesale-aprobarbitone-pills-bulk-online","35":"first","36":"instock","37":"shipping-taxable","38":"purchasable","39":"product-type-variable"},"yoast_head":"<!-- This site is optimized with the Yoast SEO plugin v24.1 - https:\/\/yoast.com\/wordpress\/plugins\/seo\/ -->\n<title>Aprobarbitone for Sale - Buy Aprobarbitone Online<\/title>\n<meta name=\"description\" content=\"Looking for a reliable source to buy aprobarbitone online? Your search ends here. Order aprobarbitone online from our trusted store and enjoy a seamless buying process tailored for your research needs.\" \/>\n<meta name=\"robots\" content=\"index, follow, max-snippet:-1, max-image-preview:large, max-video-preview:-1\" \/>\n<link rel=\"canonical\" href=\"https:\/\/nembutalhouse.com\/es\/producto\/buy-aprobarbitone-online\/\" \/>\n<meta property=\"og:locale\" content=\"es_ES\" \/>\n<meta property=\"og:type\" content=\"article\" \/>\n<meta property=\"og:title\" content=\"Aprobarbitone for Sale - Buy Aprobarbitone Online\" \/>\n<meta property=\"og:description\" content=\"Looking for a reliable source to buy aprobarbitone online? Your search ends here. Order aprobarbitone online from our trusted store and enjoy a seamless buying process tailored for your research needs.\" \/>\n<meta property=\"og:url\" content=\"https:\/\/nembutalhouse.com\/es\/producto\/buy-aprobarbitone-online\/\" \/>\n<meta property=\"og:site_name\" content=\"Nembutal House\" \/>\n<meta property=\"article:modified_time\" content=\"2026-03-06T08:21:53+00:00\" \/>\n<meta property=\"og:image\" content=\"https:\/\/nembutalhouse.com\/wp-content\/uploads\/2023\/06\/Aprobarbitone-1-3.jpg\" \/>\n\t<meta property=\"og:image:width\" content=\"600\" \/>\n\t<meta property=\"og:image:height\" content=\"600\" \/>\n\t<meta property=\"og:image:type\" content=\"image\/jpeg\" \/>\n<meta name=\"twitter:card\" content=\"summary_large_image\" \/>\n<meta name=\"twitter:label1\" content=\"Tiempo de lectura\" \/>\n\t<meta name=\"twitter:data1\" content=\"2 minutos\" \/>\n<script type=\"application\/ld+json\" class=\"yoast-schema-graph\">{\"@context\":\"https:\/\/schema.org\",\"@graph\":[{\"@type\":\"WebPage\",\"@id\":\"https:\/\/nembutalhouse.com\/product\/buy-aprobarbitone-online\/\",\"url\":\"https:\/\/nembutalhouse.com\/product\/buy-aprobarbitone-online\/\",\"name\":\"Aprobarbitone for Sale - Buy Aprobarbitone Online\",\"isPartOf\":{\"@id\":\"https:\/\/nembutalhouse.com\/#website\"},\"primaryImageOfPage\":{\"@id\":\"https:\/\/nembutalhouse.com\/product\/buy-aprobarbitone-online\/#primaryimage\"},\"image\":{\"@id\":\"https:\/\/nembutalhouse.com\/product\/buy-aprobarbitone-online\/#primaryimage\"},\"thumbnailUrl\":\"https:\/\/nembutalhouse.com\/wp-content\/uploads\/2023\/06\/Aprobarbitone-1-3.jpg\",\"datePublished\":\"2023-06-14T09:30:23+00:00\",\"dateModified\":\"2026-03-06T08:21:53+00:00\",\"description\":\"Looking for a reliable source to buy aprobarbitone online? Your search ends here. Order aprobarbitone online from our trusted store and enjoy a seamless buying process tailored for your research needs.\",\"breadcrumb\":{\"@id\":\"https:\/\/nembutalhouse.com\/product\/buy-aprobarbitone-online\/#breadcrumb\"},\"inLanguage\":\"es\",\"potentialAction\":[{\"@type\":\"ReadAction\",\"target\":[\"https:\/\/nembutalhouse.com\/product\/buy-aprobarbitone-online\/\"]}]},{\"@type\":\"ImageObject\",\"inLanguage\":\"es\",\"@id\":\"https:\/\/nembutalhouse.com\/product\/buy-aprobarbitone-online\/#primaryimage\",\"url\":\"https:\/\/nembutalhouse.com\/wp-content\/uploads\/2023\/06\/Aprobarbitone-1-3.jpg\",\"contentUrl\":\"https:\/\/nembutalhouse.com\/wp-content\/uploads\/2023\/06\/Aprobarbitone-1-3.jpg\",\"width\":600,\"height\":600,\"caption\":\"Buy Aprobarbitone Online\"},{\"@type\":\"BreadcrumbList\",\"@id\":\"https:\/\/nembutalhouse.com\/product\/buy-aprobarbitone-online\/#breadcrumb\",\"itemListElement\":[{\"@type\":\"ListItem\",\"position\":1,\"name\":\"Home\",\"item\":\"https:\/\/nembutalhouse.com\/\"},{\"@type\":\"ListItem\",\"position\":2,\"name\":\"Shop\",\"item\":\"https:\/\/nembutalhouse.com\/shop\/\"},{\"@type\":\"ListItem\",\"position\":3,\"name\":\"Buy Aprobarbitone Online\"}]},{\"@type\":\"WebSite\",\"@id\":\"https:\/\/nembutalhouse.com\/#website\",\"url\":\"https:\/\/nembutalhouse.com\/\",\"name\":\"Nembutal House\",\"description\":\"Best Nembutal Online Store\",\"publisher\":{\"@id\":\"https:\/\/nembutalhouse.com\/#organization\"},\"potentialAction\":[{\"@type\":\"SearchAction\",\"target\":{\"@type\":\"EntryPoint\",\"urlTemplate\":\"https:\/\/nembutalhouse.com\/?s={search_term_string}\"},\"query-input\":{\"@type\":\"PropertyValueSpecification\",\"valueRequired\":true,\"valueName\":\"search_term_string\"}}],\"inLanguage\":\"es\"},{\"@type\":\"Organization\",\"@id\":\"https:\/\/nembutalhouse.com\/#organization\",\"name\":\"Nembutal House\",\"url\":\"https:\/\/nembutalhouse.com\/\",\"logo\":{\"@type\":\"ImageObject\",\"inLanguage\":\"es\",\"@id\":\"https:\/\/nembutalhouse.com\/#\/schema\/logo\/image\/\",\"url\":\"https:\/\/nembutalhouse.com\/wp-content\/uploads\/2022\/12\/logo.png\",\"contentUrl\":\"https:\/\/nembutalhouse.com\/wp-content\/uploads\/2022\/12\/logo.png\",\"width\":344,\"height\":103,\"caption\":\"Nembutal House\"},\"image\":{\"@id\":\"https:\/\/nembutalhouse.com\/#\/schema\/logo\/image\/\"}}]}<\/script>\n<!-- \/ Yoast SEO plugin. -->","yoast_head_json":{"title":"Aprobarbitone for Sale - Buy Aprobarbitone Online","description":"Looking for a reliable source to buy aprobarbitone online? Your search ends here. Order aprobarbitone online from our trusted store and enjoy a seamless buying process tailored for your research needs.","robots":{"index":"index","follow":"follow","max-snippet":"max-snippet:-1","max-image-preview":"max-image-preview:large","max-video-preview":"max-video-preview:-1"},"canonical":"https:\/\/nembutalhouse.com\/es\/producto\/buy-aprobarbitone-online\/","og_locale":"es_ES","og_type":"article","og_title":"Aprobarbitone for Sale - Buy Aprobarbitone Online","og_description":"Looking for a reliable source to buy aprobarbitone online? Your search ends here. Order aprobarbitone online from our trusted store and enjoy a seamless buying process tailored for your research needs.","og_url":"https:\/\/nembutalhouse.com\/es\/producto\/buy-aprobarbitone-online\/","og_site_name":"Nembutal House","article_modified_time":"2026-03-06T08:21:53+00:00","og_image":[{"width":600,"height":600,"url":"https:\/\/nembutalhouse.com\/wp-content\/uploads\/2023\/06\/Aprobarbitone-1-3.jpg","type":"image\/jpeg"}],"twitter_card":"summary_large_image","twitter_misc":{"Tiempo de lectura":"2 minutos"},"schema":{"@context":"https:\/\/schema.org","@graph":[{"@type":"WebPage","@id":"https:\/\/nembutalhouse.com\/product\/buy-aprobarbitone-online\/","url":"https:\/\/nembutalhouse.com\/product\/buy-aprobarbitone-online\/","name":"Aprobarbitone for Sale - Buy Aprobarbitone Online","isPartOf":{"@id":"https:\/\/nembutalhouse.com\/#website"},"primaryImageOfPage":{"@id":"https:\/\/nembutalhouse.com\/product\/buy-aprobarbitone-online\/#primaryimage"},"image":{"@id":"https:\/\/nembutalhouse.com\/product\/buy-aprobarbitone-online\/#primaryimage"},"thumbnailUrl":"https:\/\/nembutalhouse.com\/wp-content\/uploads\/2023\/06\/Aprobarbitone-1-3.jpg","datePublished":"2023-06-14T09:30:23+00:00","dateModified":"2026-03-06T08:21:53+00:00","description":"Looking for a reliable source to buy aprobarbitone online? Your search ends here. Order aprobarbitone online from our trusted store and enjoy a seamless buying process tailored for your research needs.","breadcrumb":{"@id":"https:\/\/nembutalhouse.com\/product\/buy-aprobarbitone-online\/#breadcrumb"},"inLanguage":"es","potentialAction":[{"@type":"ReadAction","target":["https:\/\/nembutalhouse.com\/product\/buy-aprobarbitone-online\/"]}]},{"@type":"ImageObject","inLanguage":"es","@id":"https:\/\/nembutalhouse.com\/product\/buy-aprobarbitone-online\/#primaryimage","url":"https:\/\/nembutalhouse.com\/wp-content\/uploads\/2023\/06\/Aprobarbitone-1-3.jpg","contentUrl":"https:\/\/nembutalhouse.com\/wp-content\/uploads\/2023\/06\/Aprobarbitone-1-3.jpg","width":600,"height":600,"caption":"Buy Aprobarbitone Online"},{"@type":"BreadcrumbList","@id":"https:\/\/nembutalhouse.com\/product\/buy-aprobarbitone-online\/#breadcrumb","itemListElement":[{"@type":"ListItem","position":1,"name":"Home","item":"https:\/\/nembutalhouse.com\/"},{"@type":"ListItem","position":2,"name":"Shop","item":"https:\/\/nembutalhouse.com\/shop\/"},{"@type":"ListItem","position":3,"name":"Buy Aprobarbitone Online"}]},{"@type":"WebSite","@id":"https:\/\/nembutalhouse.com\/#website","url":"https:\/\/nembutalhouse.com\/","name":"Nembutal House","description":"Best Nembutal Online Store","publisher":{"@id":"https:\/\/nembutalhouse.com\/#organization"},"potentialAction":[{"@type":"SearchAction","target":{"@type":"EntryPoint","urlTemplate":"https:\/\/nembutalhouse.com\/?s={search_term_string}"},"query-input":{"@type":"PropertyValueSpecification","valueRequired":true,"valueName":"search_term_string"}}],"inLanguage":"es"},{"@type":"Organization","@id":"https:\/\/nembutalhouse.com\/#organization","name":"Nembutal House","url":"https:\/\/nembutalhouse.com\/","logo":{"@type":"ImageObject","inLanguage":"es","@id":"https:\/\/nembutalhouse.com\/#\/schema\/logo\/image\/","url":"https:\/\/nembutalhouse.com\/wp-content\/uploads\/2022\/12\/logo.png","contentUrl":"https:\/\/nembutalhouse.com\/wp-content\/uploads\/2022\/12\/logo.png","width":344,"height":103,"caption":"Nembutal House"},"image":{"@id":"https:\/\/nembutalhouse.com\/#\/schema\/logo\/image\/"}}]}},"_links":{"self":[{"href":"https:\/\/nembutalhouse.com\/es\/wp-json\/wp\/v2\/product\/299","targetHints":{"allow":["GET"]}}],"collection":[{"href":"https:\/\/nembutalhouse.com\/es\/wp-json\/wp\/v2\/product"}],"about":[{"href":"https:\/\/nembutalhouse.com\/es\/wp-json\/wp\/v2\/types\/product"}],"replies":[{"embeddable":true,"href":"https:\/\/nembutalhouse.com\/es\/wp-json\/wp\/v2\/comments?post=299"}],"wp:featuredmedia":[{"embeddable":true,"href":"https:\/\/nembutalhouse.com\/es\/wp-json\/wp\/v2\/media\/346"}],"wp:attachment":[{"href":"https:\/\/nembutalhouse.com\/es\/wp-json\/wp\/v2\/media?parent=299"}],"wp:term":[{"taxonomy":"product_cat","embeddable":true,"href":"https:\/\/nembutalhouse.com\/es\/wp-json\/wp\/v2\/product_cat?post=299"},{"taxonomy":"product_tag","embeddable":true,"href":"https:\/\/nembutalhouse.com\/es\/wp-json\/wp\/v2\/product_tag?post=299"}],"curies":[{"name":"wp","href":"https:\/\/api.w.org\/{rel}","templated":true}]}}