{"id":25,"date":"2022-12-13T18:51:32","date_gmt":"2022-12-13T18:51:32","guid":{"rendered":"https:\/\/nembutalhouse.com\/?post_type=product&#038;p=25"},"modified":"2026-03-06T11:07:36","modified_gmt":"2026-03-06T11:07:36","slug":"buy-nembutal-pills-online","status":"publish","type":"product","link":"https:\/\/nembutalhouse.com\/es\/producto\/comprar-pastillas-de-nembutal-en-linea\/","title":{"rendered":"Compre pastillas de Nembutal en l\u00ednea"},"content":{"rendered":"<h2>Compre pastillas de Nembutal en l\u00ednea<\/h2>\n<p>El uso primario de <a href=\"https:\/\/nembutalhouse.com\/es\/producto\/comprar-pastillas-de-nembutal-en-linea\/\"><strong>Pastillas de nembutal<\/strong><\/a> es como un tratamiento a corto plazo para el insomnio. Se usa principalmente para ayudar a las personas a conciliar el sue\u00f1o, pero no es \u00fatil para ayudar a las personas a dormir en el tratamiento de la ansiedad como anticonvulsivo en emergencias y como anest\u00e9sico antes de la cirug\u00eda. Puede comprarnos las pastillas de Nembutal.<\/p>\n<h3>\u00bfC\u00f3mo comprar\u00e1 las pastillas de Nembutal en l\u00ednea?<\/h3>\n<p>Nos destacamos entre la multitud al proporcionar la m\u00e1s alta calidad. <strong>Pastillas de Nembutal a la venta en l\u00ednea<\/strong> a precios asequibles. Nuestra reputaci\u00f3n se ha extendido por todas partes para mantener una buena reputaci\u00f3n. No nos arriesgamos a comprometer la calidad de las pastillas de Nembutal que le vendemos. Ordene las p\u00edldoras de Nembutal en l\u00ednea; por lo tanto, puede comprar pastillas Nembutal de alta calidad aqu\u00ed en nuestra tienda en l\u00ednea. Si no sabe d\u00f3nde comprar pastillas de Nembutal, puede contactarnos para obtener la mejor experiencia.<\/p>\n<p>Como siempre, nuestras pastillas de Nembutal que se venden en l\u00ednea est\u00e1n probadas en laboratorio porque nos preocupamos por su salud. Nuestro pentobarbital a la venta no contiene impurezas, por lo que puede tratarse con estas pastillas de Nembutal sin da\u00f1ar su salud. Puede probar diferentes fuentes de medicaci\u00f3n. Pero estamos seguros de que nuestras pastillas de Nembutal le dar\u00e1n resultados 100 % positivos y soluciones perfectas para sus problemas de salud. Comprar\u00e1 pastillas de Nembutal en l\u00ednea f\u00e1cilmente a trav\u00e9s de diferentes sitios en el mercado.<\/p>\n<h3>\u00bfC\u00f3mo se usan las pastillas de Nembutal?<\/h3>\n<p>It is a barbiturate that acts as a sedative or antidepressant. The main purpose is used to treat insomnia. Nembutal is also used as an emergency treatment for seizures and causes patients to fall asleep for surgery. <a href=\"https:\/\/en.wikipedia.org\/?title=Nembutal&amp;redirect=no\">Nembutal<\/a> is available in generic form. You can buy it from our site with Nembutal pills for sale options.<\/p>\n<h3>\u00bfPor qu\u00e9 preferir\u00e1 comprar las pastillas de Nembutal?<\/h3>\n<p>Estas p\u00edldoras de Nembutal se usan com\u00fanmente debido a su capacidad para tener un efecto calmante sobre el sistema nervioso en el cerebro y, en \u00faltima instancia, ralentizar la actividad cerebral. Este efecto favorece la relajaci\u00f3n y el sue\u00f1o. El pentobarbital es ampliamente utilizado por los m\u00e9dicos para la anestesia preoperatoria. Pero se le puede recomendar que tome la dosis correcta de pastillas de Nembutal para problemas como el insomnio.<\/p>\n<p>Si puedes <a href=\"https:\/\/nembutalhouse.com\/es\/\" target=\"_blank\" rel=\"noopener\"><strong>comprar Nembutal en l\u00ednea<\/strong><\/a>, tambi\u00e9n es eficaz para los trastornos mentales como la ansiedad, la depresi\u00f3n y la epilepsia. Es la mejor soluci\u00f3n para sentirse mejor y conseguir una relajaci\u00f3n adecuada manteniendo alejada la tensi\u00f3n. Consumir Nembutal de la fuente equivocada puede causar muchos efectos negativos y adversos en su salud. Por lo tanto, es esencial pedir pastillas de Nembutal en l\u00ednea de una fuente confiable. Somos uno de los proveedores dedicados a ofrecerle las p\u00edldoras Nembutal de la m\u00e1s alta calidad en l\u00ednea a precios asequibles. Somos uno de los mejores lugares para comprar pastillas de Nembutal.<\/p>\n<p>Si nos compra, debe saber que est\u00e1 en buenas manos. Si no quiere comprometer la calidad de la p\u00edldora para brindarle una mejor salud, somos su mejor opci\u00f3n. Simplemente haga su pedido de Nembutal en l\u00ednea y se lo enviaremos lo antes posible. Si necesita una idea clara sobre c\u00f3mo comprar pastillas de Nembutal, p\u00f3ngase en contacto con nosotros. Nuestro equipo de expertos lo guiar\u00e1 para comprar las p\u00edldoras de Nembutal en l\u00ednea.<\/p>","protected":false},"excerpt":{"rendered":"<p>Cada comprimido de Nembutal 100 mg contiene.<\/p>","protected":false},"featured_media":16,"comment_status":"open","ping_status":"closed","template":"","meta":{"_joinchat":[]},"product_cat":[16],"product_tag":[531,520,48,17,49,514,522,50,51,19,52,529,526,20,519,21,23,24,25,26,53,27,30,31,32,535,54,518,536,524,527,515,534,532,523,533,35,36,37,38,39,517,55,41,56,42,530,528,44,525,45,46,57,58,521,516],"class_list":{"0":"post-25","1":"product","2":"type-product","3":"status-publish","4":"has-post-thumbnail","6":"product_cat-nembutal","7":"product_tag-best-cheap-price-nembutal-pills","8":"product_tag-best-place-to-buy-nembutal-pills","9":"product_tag-buy-nembutal-exit-international","10":"product_tag-buy-nembutal-online","11":"product_tag-buy-nembutal-pentobarbital","12":"product_tag-buy-nembutal-pills","13":"product_tag-buy-nembutal-pills-legally","14":"product_tag-buy-nembutal-pills-online","15":"product_tag-buy-nembutal-pills-online-without-prescription","16":"product_tag-buy-nembutal-uk","17":"product_tag-cheap-nembutal-pills-for-sale","18":"product_tag-cheap-nembutal-pillss","19":"product_tag-high-quality-nembutal-pills","20":"product_tag-how-can-i-get-nembutal","21":"product_tag-how-to-buy-nembutal-pills","22":"product_tag-how-to-make-nembutal","23":"product_tag-how-to-purchase-nembutal","24":"product_tag-nembutal","25":"product_tag-nembutal-buy","26":"product_tag-nembutal-buy-india","27":"product_tag-nembutal-capsules-for-sale","28":"product_tag-nembutal-for-sale","29":"product_tag-nembutal-order-online","30":"product_tag-nembutal-pentobarbital-for-sale-in-usa","31":"product_tag-nembutal-pentobarbital-sodium-for-sale","32":"product_tag-nembutal-pills-for-cleaning","33":"product_tag-nembutal-pills-for-sale","34":"product_tag-nembutal-pills-liquid","35":"product_tag-nembutal-pills-powder","36":"product_tag-nembutal-pills-price","37":"product_tag-nembutal-pills-store","38":"product_tag-nembutal-pills-supplier","39":"product_tag-nembutal-pills-wiki","40":"product_tag-nembutal-pills-worldwide","41":"product_tag-nembutal-pillss-online","42":"product_tag-nembutal-pillss-use","43":"product_tag-nembutal-sodium","44":"product_tag-nembutal-suicide","45":"product_tag-nembutal-where-to-buy","46":"product_tag-order-nembutal","47":"product_tag-order-nembutal-online","48":"product_tag-order-nembutal-pills","49":"product_tag-order-nembutal-pills-online","50":"product_tag-pentobarbital","51":"product_tag-pentobarbital-buy","52":"product_tag-pentobarbital-for-sale","53":"product_tag-purcharse-nembutal-pills","54":"product_tag-shop-nembutal-pills","55":"product_tag-sodium-pentobarbital","56":"product_tag-top-quality-nembutal-pills","57":"product_tag-what-is-nembutal","58":"product_tag-where-to-buy-nembutal","59":"product_tag-where-to-buy-nembutal-pills","60":"product_tag-where-to-buy-pentobarbital-for-dogs","61":"product_tag-where-to-order-nembutal-pills","62":"product_tag-wholesale-nembutal-pills-bulk-online","64":"first","65":"instock","66":"shipping-taxable","67":"purchasable","68":"product-type-variable","69":"has-default-attributes"},"yoast_head":"<!-- This site is optimized with the Yoast SEO plugin v24.1 - https:\/\/yoast.com\/wordpress\/plugins\/seo\/ -->\n<title>Buy Nembutal Pills Online - Nembutal Pills for Sale<\/title>\n<meta name=\"description\" content=\"Where to buy nembutal pills online at the best price? Find high-quality nembutal pills for sale at our secure online store, catering to your research requirements. Order Now!\" \/>\n<meta name=\"robots\" content=\"index, follow, max-snippet:-1, max-image-preview:large, max-video-preview:-1\" \/>\n<link rel=\"canonical\" href=\"https:\/\/nembutalhouse.com\/es\/producto\/comprar-pastillas-de-nembutal-en-linea\/\" \/>\n<meta property=\"og:locale\" content=\"es_ES\" \/>\n<meta property=\"og:type\" content=\"article\" \/>\n<meta property=\"og:title\" content=\"Buy Nembutal Pills Online - Nembutal Pills for Sale\" \/>\n<meta property=\"og:description\" content=\"Where to buy nembutal pills online at the best price? Find high-quality nembutal pills for sale at our secure online store, catering to your research requirements. Order Now!\" \/>\n<meta property=\"og:url\" content=\"https:\/\/nembutalhouse.com\/es\/producto\/comprar-pastillas-de-nembutal-en-linea\/\" \/>\n<meta property=\"og:site_name\" content=\"Nembutal House\" \/>\n<meta property=\"article:modified_time\" content=\"2026-03-06T11:07:36+00:00\" \/>\n<meta property=\"og:image\" content=\"https:\/\/nembutalhouse.com\/wp-content\/uploads\/2022\/12\/nembutal-pills.jpg\" \/>\n\t<meta property=\"og:image:width\" content=\"1000\" \/>\n\t<meta property=\"og:image:height\" content=\"1000\" \/>\n\t<meta property=\"og:image:type\" content=\"image\/jpeg\" \/>\n<meta name=\"twitter:card\" content=\"summary_large_image\" \/>\n<meta name=\"twitter:label1\" content=\"Tiempo de lectura\" \/>\n\t<meta name=\"twitter:data1\" content=\"3 minutos\" \/>\n<script type=\"application\/ld+json\" class=\"yoast-schema-graph\">{\"@context\":\"https:\/\/schema.org\",\"@graph\":[{\"@type\":\"WebPage\",\"@id\":\"https:\/\/nembutalhouse.com\/product\/buy-nembutal-pills-online\/\",\"url\":\"https:\/\/nembutalhouse.com\/product\/buy-nembutal-pills-online\/\",\"name\":\"Buy Nembutal Pills Online - Nembutal Pills for Sale\",\"isPartOf\":{\"@id\":\"https:\/\/nembutalhouse.com\/#website\"},\"primaryImageOfPage\":{\"@id\":\"https:\/\/nembutalhouse.com\/product\/buy-nembutal-pills-online\/#primaryimage\"},\"image\":{\"@id\":\"https:\/\/nembutalhouse.com\/product\/buy-nembutal-pills-online\/#primaryimage\"},\"thumbnailUrl\":\"https:\/\/nembutalhouse.com\/wp-content\/uploads\/2022\/12\/nembutal-pills.jpg\",\"datePublished\":\"2022-12-13T18:51:32+00:00\",\"dateModified\":\"2026-03-06T11:07:36+00:00\",\"description\":\"Where to buy nembutal pills online at the best price? Find high-quality nembutal pills for sale at our secure online store, catering to your research requirements. Order Now!\",\"breadcrumb\":{\"@id\":\"https:\/\/nembutalhouse.com\/product\/buy-nembutal-pills-online\/#breadcrumb\"},\"inLanguage\":\"es\",\"potentialAction\":[{\"@type\":\"ReadAction\",\"target\":[\"https:\/\/nembutalhouse.com\/product\/buy-nembutal-pills-online\/\"]}]},{\"@type\":\"ImageObject\",\"inLanguage\":\"es\",\"@id\":\"https:\/\/nembutalhouse.com\/product\/buy-nembutal-pills-online\/#primaryimage\",\"url\":\"https:\/\/nembutalhouse.com\/wp-content\/uploads\/2022\/12\/nembutal-pills.jpg\",\"contentUrl\":\"https:\/\/nembutalhouse.com\/wp-content\/uploads\/2022\/12\/nembutal-pills.jpg\",\"width\":1000,\"height\":1000,\"caption\":\"Buy Nembutal Pills Online\"},{\"@type\":\"BreadcrumbList\",\"@id\":\"https:\/\/nembutalhouse.com\/product\/buy-nembutal-pills-online\/#breadcrumb\",\"itemListElement\":[{\"@type\":\"ListItem\",\"position\":1,\"name\":\"Home\",\"item\":\"https:\/\/nembutalhouse.com\/\"},{\"@type\":\"ListItem\",\"position\":2,\"name\":\"Shop\",\"item\":\"https:\/\/nembutalhouse.com\/shop\/\"},{\"@type\":\"ListItem\",\"position\":3,\"name\":\"Buy Nembutal Pills Online\"}]},{\"@type\":\"WebSite\",\"@id\":\"https:\/\/nembutalhouse.com\/#website\",\"url\":\"https:\/\/nembutalhouse.com\/\",\"name\":\"Nembutal House\",\"description\":\"Best Nembutal Online Store\",\"publisher\":{\"@id\":\"https:\/\/nembutalhouse.com\/#organization\"},\"potentialAction\":[{\"@type\":\"SearchAction\",\"target\":{\"@type\":\"EntryPoint\",\"urlTemplate\":\"https:\/\/nembutalhouse.com\/?s={search_term_string}\"},\"query-input\":{\"@type\":\"PropertyValueSpecification\",\"valueRequired\":true,\"valueName\":\"search_term_string\"}}],\"inLanguage\":\"es\"},{\"@type\":\"Organization\",\"@id\":\"https:\/\/nembutalhouse.com\/#organization\",\"name\":\"Nembutal House\",\"url\":\"https:\/\/nembutalhouse.com\/\",\"logo\":{\"@type\":\"ImageObject\",\"inLanguage\":\"es\",\"@id\":\"https:\/\/nembutalhouse.com\/#\/schema\/logo\/image\/\",\"url\":\"https:\/\/nembutalhouse.com\/wp-content\/uploads\/2022\/12\/logo.png\",\"contentUrl\":\"https:\/\/nembutalhouse.com\/wp-content\/uploads\/2022\/12\/logo.png\",\"width\":344,\"height\":103,\"caption\":\"Nembutal House\"},\"image\":{\"@id\":\"https:\/\/nembutalhouse.com\/#\/schema\/logo\/image\/\"}}]}<\/script>\n<!-- \/ Yoast SEO plugin. -->","yoast_head_json":{"title":"Buy Nembutal Pills Online - Nembutal Pills for Sale","description":"Where to buy nembutal pills online at the best price? Find high-quality nembutal pills for sale at our secure online store, catering to your research requirements. Order Now!","robots":{"index":"index","follow":"follow","max-snippet":"max-snippet:-1","max-image-preview":"max-image-preview:large","max-video-preview":"max-video-preview:-1"},"canonical":"https:\/\/nembutalhouse.com\/es\/producto\/comprar-pastillas-de-nembutal-en-linea\/","og_locale":"es_ES","og_type":"article","og_title":"Buy Nembutal Pills Online - Nembutal Pills for Sale","og_description":"Where to buy nembutal pills online at the best price? Find high-quality nembutal pills for sale at our secure online store, catering to your research requirements. Order Now!","og_url":"https:\/\/nembutalhouse.com\/es\/producto\/comprar-pastillas-de-nembutal-en-linea\/","og_site_name":"Nembutal House","article_modified_time":"2026-03-06T11:07:36+00:00","og_image":[{"width":1000,"height":1000,"url":"https:\/\/nembutalhouse.com\/wp-content\/uploads\/2022\/12\/nembutal-pills.jpg","type":"image\/jpeg"}],"twitter_card":"summary_large_image","twitter_misc":{"Tiempo de lectura":"3 minutos"},"schema":{"@context":"https:\/\/schema.org","@graph":[{"@type":"WebPage","@id":"https:\/\/nembutalhouse.com\/product\/buy-nembutal-pills-online\/","url":"https:\/\/nembutalhouse.com\/product\/buy-nembutal-pills-online\/","name":"Buy Nembutal Pills Online - Nembutal Pills for Sale","isPartOf":{"@id":"https:\/\/nembutalhouse.com\/#website"},"primaryImageOfPage":{"@id":"https:\/\/nembutalhouse.com\/product\/buy-nembutal-pills-online\/#primaryimage"},"image":{"@id":"https:\/\/nembutalhouse.com\/product\/buy-nembutal-pills-online\/#primaryimage"},"thumbnailUrl":"https:\/\/nembutalhouse.com\/wp-content\/uploads\/2022\/12\/nembutal-pills.jpg","datePublished":"2022-12-13T18:51:32+00:00","dateModified":"2026-03-06T11:07:36+00:00","description":"Where to buy nembutal pills online at the best price? Find high-quality nembutal pills for sale at our secure online store, catering to your research requirements. Order Now!","breadcrumb":{"@id":"https:\/\/nembutalhouse.com\/product\/buy-nembutal-pills-online\/#breadcrumb"},"inLanguage":"es","potentialAction":[{"@type":"ReadAction","target":["https:\/\/nembutalhouse.com\/product\/buy-nembutal-pills-online\/"]}]},{"@type":"ImageObject","inLanguage":"es","@id":"https:\/\/nembutalhouse.com\/product\/buy-nembutal-pills-online\/#primaryimage","url":"https:\/\/nembutalhouse.com\/wp-content\/uploads\/2022\/12\/nembutal-pills.jpg","contentUrl":"https:\/\/nembutalhouse.com\/wp-content\/uploads\/2022\/12\/nembutal-pills.jpg","width":1000,"height":1000,"caption":"Buy Nembutal Pills Online"},{"@type":"BreadcrumbList","@id":"https:\/\/nembutalhouse.com\/product\/buy-nembutal-pills-online\/#breadcrumb","itemListElement":[{"@type":"ListItem","position":1,"name":"Home","item":"https:\/\/nembutalhouse.com\/"},{"@type":"ListItem","position":2,"name":"Shop","item":"https:\/\/nembutalhouse.com\/shop\/"},{"@type":"ListItem","position":3,"name":"Buy Nembutal Pills Online"}]},{"@type":"WebSite","@id":"https:\/\/nembutalhouse.com\/#website","url":"https:\/\/nembutalhouse.com\/","name":"Nembutal House","description":"Best Nembutal Online Store","publisher":{"@id":"https:\/\/nembutalhouse.com\/#organization"},"potentialAction":[{"@type":"SearchAction","target":{"@type":"EntryPoint","urlTemplate":"https:\/\/nembutalhouse.com\/?s={search_term_string}"},"query-input":{"@type":"PropertyValueSpecification","valueRequired":true,"valueName":"search_term_string"}}],"inLanguage":"es"},{"@type":"Organization","@id":"https:\/\/nembutalhouse.com\/#organization","name":"Nembutal House","url":"https:\/\/nembutalhouse.com\/","logo":{"@type":"ImageObject","inLanguage":"es","@id":"https:\/\/nembutalhouse.com\/#\/schema\/logo\/image\/","url":"https:\/\/nembutalhouse.com\/wp-content\/uploads\/2022\/12\/logo.png","contentUrl":"https:\/\/nembutalhouse.com\/wp-content\/uploads\/2022\/12\/logo.png","width":344,"height":103,"caption":"Nembutal House"},"image":{"@id":"https:\/\/nembutalhouse.com\/#\/schema\/logo\/image\/"}}]}},"_links":{"self":[{"href":"https:\/\/nembutalhouse.com\/es\/wp-json\/wp\/v2\/product\/25","targetHints":{"allow":["GET"]}}],"collection":[{"href":"https:\/\/nembutalhouse.com\/es\/wp-json\/wp\/v2\/product"}],"about":[{"href":"https:\/\/nembutalhouse.com\/es\/wp-json\/wp\/v2\/types\/product"}],"replies":[{"embeddable":true,"href":"https:\/\/nembutalhouse.com\/es\/wp-json\/wp\/v2\/comments?post=25"}],"wp:featuredmedia":[{"embeddable":true,"href":"https:\/\/nembutalhouse.com\/es\/wp-json\/wp\/v2\/media\/16"}],"wp:attachment":[{"href":"https:\/\/nembutalhouse.com\/es\/wp-json\/wp\/v2\/media?parent=25"}],"wp:term":[{"taxonomy":"product_cat","embeddable":true,"href":"https:\/\/nembutalhouse.com\/es\/wp-json\/wp\/v2\/product_cat?post=25"},{"taxonomy":"product_tag","embeddable":true,"href":"https:\/\/nembutalhouse.com\/es\/wp-json\/wp\/v2\/product_tag?post=25"}],"curies":[{"name":"wp","href":"https:\/\/api.w.org\/{rel}","templated":true}]}}