{"id":15,"date":"2022-12-13T18:41:56","date_gmt":"2022-12-13T18:41:56","guid":{"rendered":"https:\/\/nembutalhouse.com\/?post_type=product&#038;p=15"},"modified":"2026-03-06T11:08:44","modified_gmt":"2026-03-06T11:08:44","slug":"buy-nembutal-powder-online","status":"publish","type":"product","link":"https:\/\/nembutalhouse.com\/es\/producto\/comprar-nembutal-en-polvo-online\/","title":{"rendered":"Compre polvo de Nembutal en l\u00ednea"},"content":{"rendered":"<h2 style=\"text-align: justify;\">Compre polvo de Nembutal en l\u00ednea<\/h2>\n<p style=\"text-align: justify;\">If you are looking to buy the best quality Nembutal powder, our shop is perfect choice for you. Our quality product meets your expectations and delivers the comfort you have always desired from Nembutal powder. All our pentobarbital products are lab tested to ensure the highest quality first to customers. So now we have a reputation that we have to maintain.<\/p>\n<h3 style=\"text-align: justify;\">Vender polvo de Nembutal genuino en l\u00ednea:<\/h3>\n<p style=\"text-align: justify;\">Encontrar proveedores de polvo de Nembutal que suministren polvo genuino en l\u00ednea puede ser bastante complicado la mayor parte del tiempo. Muchos vendedores estafan vendiendo polvo de Nembutal en l\u00ednea, y la pureza del polvo tambi\u00e9n es cuestionable. La mayor\u00eda de ellos desconoce los hechos, como el origen de esa sustancia y el m\u00e9todo de distribuci\u00f3n y control del polvo de Nembutal. Y es posible que te encuentres con algunos de ellos. Pero no obtuvo ning\u00fan resultado con el producto que compr\u00f3. Es por eso que estamos aqu\u00ed para brindarle pentobarbital 100 % genuino, para que pueda cambiar su vida de manera efectiva para que pueda <a href=\"https:\/\/en.wikipedia.org\/?title=Nembutal&amp;redirect=no\"><strong>comprar Nembutal en polvo<\/strong><\/a> De nosotras<\/p>\n<h3 style=\"text-align: justify;\">Logre el uso vers\u00e1til de Nembutal:<\/h3>\n<p style=\"text-align: justify;\">El polvo de nembutal es vers\u00e1til porque puedes usarlo de diferentes maneras seg\u00fan tus necesidades. Es por eso que Nembutal es perfectamente vers\u00e1til. Si desea convertirlo en un l\u00edquido para usarlo de otra manera, puede hacerlo diluy\u00e9ndolo con agua. La eutanasia es un tema muy controvertido. Puede pedir polvo de Nembutal en l\u00ednea a trav\u00e9s de nuestro sitio. Sin embargo, cuando se trata de la etapa de eutanasia, o simplemente, el proceso de sacar almas del universo, se realiza perfectamente con el uso de polvo de Nembutal. Se lleva a cabo el proceso de elaboraci\u00f3n del pentobarbital, y de ah\u00ed proviene la mayor parte del Nembutal.<\/p>\n<p style=\"text-align: justify;\">Cuando compre polvo de Nembutal en l\u00ednea, sabr\u00e1 que somos el proveedor de polvo de Nembutal m\u00e1s confiable. Estamos proporcionando los m\u00e1s aut\u00e9nticos. <a href=\"https:\/\/nembutalhouse.com\/es\/producto\/comprar-nembutal-en-polvo-online\/\"><strong>Venta de polvo nembutal<\/strong><\/a>. Obtenga su entrega de polvo Nembutal de nosotros simplemente haciendo un pedido en l\u00ednea.<\/p>\n<h3 style=\"text-align: justify;\">\u00bfPor qu\u00e9 polvo de Nembutal?<\/h3>\n<p style=\"text-align: justify;\">La clase de polvo de Nembutal conocida como barbit\u00faricos. Inventadas a fines del siglo XIX, estas acciones deprimen varios aspectos de la funci\u00f3n cerebral. Los barbit\u00faricos se utilizan para muchos prop\u00f3sitos. Estos incluyen el tratamiento de los trastornos del sue\u00f1o, la epilepsia y las lesiones cerebrales, as\u00ed como la anestesia general y la psiquiatr\u00eda. Debe realizar una investigaci\u00f3n profunda sobre el mejor lugar para comprar polvo de Nembutal.<\/p>\n<p style=\"text-align: justify;\">Se sabe que los barbit\u00faricos brindan sedaci\u00f3n y se pueden usar de manera efectiva para aliviar la angustia. En grandes vol\u00famenes, estos medicamentos pueden causar depresi\u00f3n respiratoria y muerte debido a los riesgos asociados con la sobredosis. Por lo tanto, han sido retirados del uso m\u00e9dico normal durante los \u00faltimos 20 a\u00f1os.<\/p>\n<p style=\"text-align: justify;\">El medicamento ahora se puede obtener directamente del fabricante o <a href=\"https:\/\/nembutalhouse.com\/es\/\" target=\"_blank\" rel=\"noopener\"><strong>comprar Nembutal en l\u00ednea<\/strong><\/a>. Adem\u00e1s de la consulta de medicamentos, el apoyo familiar y otras medidas, el uso de estos tratamientos a menudo requiere mucha habilidad y confusi\u00f3n sobre d\u00f3nde comprar el polvo de Nembutal.<\/p>\n<p style=\"text-align: justify;\">No solo es err\u00f3neo el argumento sobre la necesidad de la eutanasia. Pero es probable que legalizar la eutanasia y el Nembutal sea ineficaz. Esto dar\u00e1 como resultado un acceso limitado a la atenci\u00f3n adecuada para la mayor\u00eda de los pacientes que no cumplen con los estrictos criterios para la eutanasia.<\/p>","protected":false},"excerpt":{"rendered":"<p>Cada gramo de polvo contiene 750 miligramos (mg) de nembutal en polvo.<\/p>","protected":false},"featured_media":17,"comment_status":"open","ping_status":"closed","template":"","meta":{"_joinchat":[]},"product_cat":[16],"product_tag":[556,545,17,537,547,538,18,19,554,551,20,544,21,22,23,24,25,26,27,28,29,30,31,32,560,33,542,34,561,549,552,539,559,557,548,558,35,36,37,38,39,541,40,41,42,43,555,553,44,550,45,46,543,47,546,540],"class_list":{"0":"post-15","1":"product","2":"type-product","3":"status-publish","4":"has-post-thumbnail","6":"product_cat-nembutal","7":"product_tag-best-cheap-price-nembutal-powder","8":"product_tag-best-place-to-buy-nembutal-powder","9":"product_tag-buy-nembutal-online","10":"product_tag-buy-nembutal-powder","11":"product_tag-buy-nembutal-powder-legally","12":"product_tag-buy-nembutal-powder-online","13":"product_tag-buy-nembutal-powder-online-without-prescription","14":"product_tag-buy-nembutal-uk","15":"product_tag-cheap-nembutal-powders","16":"product_tag-high-quality-nembutal-powder","17":"product_tag-how-can-i-get-nembutal","18":"product_tag-how-to-buy-nembutal-powder","19":"product_tag-how-to-make-nembutal","20":"product_tag-how-to-obtain-nembutal","21":"product_tag-how-to-purchase-nembutal","22":"product_tag-nembutal","23":"product_tag-nembutal-buy","24":"product_tag-nembutal-buy-india","25":"product_tag-nembutal-for-sale","26":"product_tag-nembutal-for-sale-online","27":"product_tag-nembutal-for-sale-usa","28":"product_tag-nembutal-order-online","29":"product_tag-nembutal-pentobarbital-for-sale-in-usa","30":"product_tag-nembutal-pentobarbital-sodium-for-sale","31":"product_tag-nembutal-powder-for-cleaning","32":"product_tag-nembutal-powder-for-sale","33":"product_tag-nembutal-powder-liquid","34":"product_tag-nembutal-powder-near-me","35":"product_tag-nembutal-powder-powder","36":"product_tag-nembutal-powder-price","37":"product_tag-nembutal-powder-store","38":"product_tag-nembutal-powder-supplier","39":"product_tag-nembutal-powder-wiki","40":"product_tag-nembutal-powder-worldwide","41":"product_tag-nembutal-powders-online","42":"product_tag-nembutal-powders-use","43":"product_tag-nembutal-sodium","44":"product_tag-nembutal-suicide","45":"product_tag-nembutal-where-to-buy","46":"product_tag-order-nembutal","47":"product_tag-order-nembutal-online","48":"product_tag-order-nembutal-powder","49":"product_tag-order-nembutal-powder-online","50":"product_tag-pentobarbital","51":"product_tag-pentobarbital-for-sale","52":"product_tag-pentobarbital-vs-phenobarbital","53":"product_tag-purcharse-nembutal-powder","54":"product_tag-shop-nembutal-powder","55":"product_tag-sodium-pentobarbital","56":"product_tag-top-quality-nembutal-powder","57":"product_tag-what-is-nembutal","58":"product_tag-where-to-buy-nembutal","59":"product_tag-where-to-buy-nembutal-powder","60":"product_tag-where-to-buy-nembutal-powder-online","61":"product_tag-where-to-order-nembutal-powder","62":"product_tag-wholesale-nembutal-powder-bulk-online","64":"first","65":"instock","66":"shipping-taxable","67":"purchasable","68":"product-type-variable","69":"has-default-attributes"},"yoast_head":"<!-- This site is optimized with the Yoast SEO plugin v24.1 - https:\/\/yoast.com\/wordpress\/plugins\/seo\/ -->\n<title>Buy Nembutal Powder Online - Nembutal Powder for Sale<\/title>\n<meta name=\"description\" content=\"You can buy nembutal powder online at the best prices from our online store. We have cheap and high-quality nembutal powder for sale and providing worldwide delivery. You can order from anytime, anywhere.\" \/>\n<meta name=\"robots\" content=\"index, follow, max-snippet:-1, max-image-preview:large, max-video-preview:-1\" \/>\n<link rel=\"canonical\" href=\"https:\/\/nembutalhouse.com\/es\/producto\/comprar-nembutal-en-polvo-online\/\" \/>\n<meta property=\"og:locale\" content=\"es_ES\" \/>\n<meta property=\"og:type\" content=\"article\" \/>\n<meta property=\"og:title\" content=\"Buy Nembutal Powder Online - Nembutal Powder for Sale\" \/>\n<meta property=\"og:description\" content=\"You can buy nembutal powder online at the best prices from our online store. We have cheap and high-quality nembutal powder for sale and providing worldwide delivery. You can order from anytime, anywhere.\" \/>\n<meta property=\"og:url\" content=\"https:\/\/nembutalhouse.com\/es\/producto\/comprar-nembutal-en-polvo-online\/\" \/>\n<meta property=\"og:site_name\" content=\"Nembutal House\" \/>\n<meta property=\"article:modified_time\" content=\"2026-03-06T11:08:44+00:00\" \/>\n<meta property=\"og:image\" content=\"https:\/\/nembutalhouse.com\/wp-content\/uploads\/2022\/12\/nembutal-powder.jpg\" \/>\n\t<meta property=\"og:image:width\" content=\"1000\" \/>\n\t<meta property=\"og:image:height\" content=\"1000\" \/>\n\t<meta property=\"og:image:type\" content=\"image\/jpeg\" \/>\n<meta name=\"twitter:card\" content=\"summary_large_image\" \/>\n<meta name=\"twitter:label1\" content=\"Tiempo de lectura\" \/>\n\t<meta name=\"twitter:data1\" content=\"3 minutos\" \/>\n<script type=\"application\/ld+json\" class=\"yoast-schema-graph\">{\"@context\":\"https:\/\/schema.org\",\"@graph\":[{\"@type\":\"WebPage\",\"@id\":\"https:\/\/nembutalhouse.com\/product\/buy-nembutal-powder-online\/\",\"url\":\"https:\/\/nembutalhouse.com\/product\/buy-nembutal-powder-online\/\",\"name\":\"Buy Nembutal Powder Online - Nembutal Powder for Sale\",\"isPartOf\":{\"@id\":\"https:\/\/nembutalhouse.com\/#website\"},\"primaryImageOfPage\":{\"@id\":\"https:\/\/nembutalhouse.com\/product\/buy-nembutal-powder-online\/#primaryimage\"},\"image\":{\"@id\":\"https:\/\/nembutalhouse.com\/product\/buy-nembutal-powder-online\/#primaryimage\"},\"thumbnailUrl\":\"https:\/\/nembutalhouse.com\/wp-content\/uploads\/2022\/12\/nembutal-powder.jpg\",\"datePublished\":\"2022-12-13T18:41:56+00:00\",\"dateModified\":\"2026-03-06T11:08:44+00:00\",\"description\":\"You can buy nembutal powder online at the best prices from our online store. We have cheap and high-quality nembutal powder for sale and providing worldwide delivery. You can order from anytime, anywhere.\",\"breadcrumb\":{\"@id\":\"https:\/\/nembutalhouse.com\/product\/buy-nembutal-powder-online\/#breadcrumb\"},\"inLanguage\":\"es\",\"potentialAction\":[{\"@type\":\"ReadAction\",\"target\":[\"https:\/\/nembutalhouse.com\/product\/buy-nembutal-powder-online\/\"]}]},{\"@type\":\"ImageObject\",\"inLanguage\":\"es\",\"@id\":\"https:\/\/nembutalhouse.com\/product\/buy-nembutal-powder-online\/#primaryimage\",\"url\":\"https:\/\/nembutalhouse.com\/wp-content\/uploads\/2022\/12\/nembutal-powder.jpg\",\"contentUrl\":\"https:\/\/nembutalhouse.com\/wp-content\/uploads\/2022\/12\/nembutal-powder.jpg\",\"width\":1000,\"height\":1000,\"caption\":\"buy nembutal powder online\"},{\"@type\":\"BreadcrumbList\",\"@id\":\"https:\/\/nembutalhouse.com\/product\/buy-nembutal-powder-online\/#breadcrumb\",\"itemListElement\":[{\"@type\":\"ListItem\",\"position\":1,\"name\":\"Home\",\"item\":\"https:\/\/nembutalhouse.com\/\"},{\"@type\":\"ListItem\",\"position\":2,\"name\":\"Shop\",\"item\":\"https:\/\/nembutalhouse.com\/shop\/\"},{\"@type\":\"ListItem\",\"position\":3,\"name\":\"Buy Nembutal Powder Online\"}]},{\"@type\":\"WebSite\",\"@id\":\"https:\/\/nembutalhouse.com\/#website\",\"url\":\"https:\/\/nembutalhouse.com\/\",\"name\":\"Nembutal House\",\"description\":\"Best Nembutal Online Store\",\"publisher\":{\"@id\":\"https:\/\/nembutalhouse.com\/#organization\"},\"potentialAction\":[{\"@type\":\"SearchAction\",\"target\":{\"@type\":\"EntryPoint\",\"urlTemplate\":\"https:\/\/nembutalhouse.com\/?s={search_term_string}\"},\"query-input\":{\"@type\":\"PropertyValueSpecification\",\"valueRequired\":true,\"valueName\":\"search_term_string\"}}],\"inLanguage\":\"es\"},{\"@type\":\"Organization\",\"@id\":\"https:\/\/nembutalhouse.com\/#organization\",\"name\":\"Nembutal House\",\"url\":\"https:\/\/nembutalhouse.com\/\",\"logo\":{\"@type\":\"ImageObject\",\"inLanguage\":\"es\",\"@id\":\"https:\/\/nembutalhouse.com\/#\/schema\/logo\/image\/\",\"url\":\"https:\/\/nembutalhouse.com\/wp-content\/uploads\/2022\/12\/logo.png\",\"contentUrl\":\"https:\/\/nembutalhouse.com\/wp-content\/uploads\/2022\/12\/logo.png\",\"width\":344,\"height\":103,\"caption\":\"Nembutal House\"},\"image\":{\"@id\":\"https:\/\/nembutalhouse.com\/#\/schema\/logo\/image\/\"}}]}<\/script>\n<!-- \/ Yoast SEO plugin. -->","yoast_head_json":{"title":"Buy Nembutal Powder Online - Nembutal Powder for Sale","description":"You can buy nembutal powder online at the best prices from our online store. We have cheap and high-quality nembutal powder for sale and providing worldwide delivery. You can order from anytime, anywhere.","robots":{"index":"index","follow":"follow","max-snippet":"max-snippet:-1","max-image-preview":"max-image-preview:large","max-video-preview":"max-video-preview:-1"},"canonical":"https:\/\/nembutalhouse.com\/es\/producto\/comprar-nembutal-en-polvo-online\/","og_locale":"es_ES","og_type":"article","og_title":"Buy Nembutal Powder Online - Nembutal Powder for Sale","og_description":"You can buy nembutal powder online at the best prices from our online store. We have cheap and high-quality nembutal powder for sale and providing worldwide delivery. You can order from anytime, anywhere.","og_url":"https:\/\/nembutalhouse.com\/es\/producto\/comprar-nembutal-en-polvo-online\/","og_site_name":"Nembutal House","article_modified_time":"2026-03-06T11:08:44+00:00","og_image":[{"width":1000,"height":1000,"url":"https:\/\/nembutalhouse.com\/wp-content\/uploads\/2022\/12\/nembutal-powder.jpg","type":"image\/jpeg"}],"twitter_card":"summary_large_image","twitter_misc":{"Tiempo de lectura":"3 minutos"},"schema":{"@context":"https:\/\/schema.org","@graph":[{"@type":"WebPage","@id":"https:\/\/nembutalhouse.com\/product\/buy-nembutal-powder-online\/","url":"https:\/\/nembutalhouse.com\/product\/buy-nembutal-powder-online\/","name":"Buy Nembutal Powder Online - Nembutal Powder for Sale","isPartOf":{"@id":"https:\/\/nembutalhouse.com\/#website"},"primaryImageOfPage":{"@id":"https:\/\/nembutalhouse.com\/product\/buy-nembutal-powder-online\/#primaryimage"},"image":{"@id":"https:\/\/nembutalhouse.com\/product\/buy-nembutal-powder-online\/#primaryimage"},"thumbnailUrl":"https:\/\/nembutalhouse.com\/wp-content\/uploads\/2022\/12\/nembutal-powder.jpg","datePublished":"2022-12-13T18:41:56+00:00","dateModified":"2026-03-06T11:08:44+00:00","description":"You can buy nembutal powder online at the best prices from our online store. We have cheap and high-quality nembutal powder for sale and providing worldwide delivery. You can order from anytime, anywhere.","breadcrumb":{"@id":"https:\/\/nembutalhouse.com\/product\/buy-nembutal-powder-online\/#breadcrumb"},"inLanguage":"es","potentialAction":[{"@type":"ReadAction","target":["https:\/\/nembutalhouse.com\/product\/buy-nembutal-powder-online\/"]}]},{"@type":"ImageObject","inLanguage":"es","@id":"https:\/\/nembutalhouse.com\/product\/buy-nembutal-powder-online\/#primaryimage","url":"https:\/\/nembutalhouse.com\/wp-content\/uploads\/2022\/12\/nembutal-powder.jpg","contentUrl":"https:\/\/nembutalhouse.com\/wp-content\/uploads\/2022\/12\/nembutal-powder.jpg","width":1000,"height":1000,"caption":"buy nembutal powder online"},{"@type":"BreadcrumbList","@id":"https:\/\/nembutalhouse.com\/product\/buy-nembutal-powder-online\/#breadcrumb","itemListElement":[{"@type":"ListItem","position":1,"name":"Home","item":"https:\/\/nembutalhouse.com\/"},{"@type":"ListItem","position":2,"name":"Shop","item":"https:\/\/nembutalhouse.com\/shop\/"},{"@type":"ListItem","position":3,"name":"Buy Nembutal Powder Online"}]},{"@type":"WebSite","@id":"https:\/\/nembutalhouse.com\/#website","url":"https:\/\/nembutalhouse.com\/","name":"Nembutal House","description":"Best Nembutal Online Store","publisher":{"@id":"https:\/\/nembutalhouse.com\/#organization"},"potentialAction":[{"@type":"SearchAction","target":{"@type":"EntryPoint","urlTemplate":"https:\/\/nembutalhouse.com\/?s={search_term_string}"},"query-input":{"@type":"PropertyValueSpecification","valueRequired":true,"valueName":"search_term_string"}}],"inLanguage":"es"},{"@type":"Organization","@id":"https:\/\/nembutalhouse.com\/#organization","name":"Nembutal House","url":"https:\/\/nembutalhouse.com\/","logo":{"@type":"ImageObject","inLanguage":"es","@id":"https:\/\/nembutalhouse.com\/#\/schema\/logo\/image\/","url":"https:\/\/nembutalhouse.com\/wp-content\/uploads\/2022\/12\/logo.png","contentUrl":"https:\/\/nembutalhouse.com\/wp-content\/uploads\/2022\/12\/logo.png","width":344,"height":103,"caption":"Nembutal House"},"image":{"@id":"https:\/\/nembutalhouse.com\/#\/schema\/logo\/image\/"}}]}},"_links":{"self":[{"href":"https:\/\/nembutalhouse.com\/es\/wp-json\/wp\/v2\/product\/15","targetHints":{"allow":["GET"]}}],"collection":[{"href":"https:\/\/nembutalhouse.com\/es\/wp-json\/wp\/v2\/product"}],"about":[{"href":"https:\/\/nembutalhouse.com\/es\/wp-json\/wp\/v2\/types\/product"}],"replies":[{"embeddable":true,"href":"https:\/\/nembutalhouse.com\/es\/wp-json\/wp\/v2\/comments?post=15"}],"wp:featuredmedia":[{"embeddable":true,"href":"https:\/\/nembutalhouse.com\/es\/wp-json\/wp\/v2\/media\/17"}],"wp:attachment":[{"href":"https:\/\/nembutalhouse.com\/es\/wp-json\/wp\/v2\/media?parent=15"}],"wp:term":[{"taxonomy":"product_cat","embeddable":true,"href":"https:\/\/nembutalhouse.com\/es\/wp-json\/wp\/v2\/product_cat?post=15"},{"taxonomy":"product_tag","embeddable":true,"href":"https:\/\/nembutalhouse.com\/es\/wp-json\/wp\/v2\/product_tag?post=15"}],"curies":[{"name":"wp","href":"https:\/\/api.w.org\/{rel}","templated":true}]}}