{"id":1480,"date":"2024-10-16T11:51:00","date_gmt":"2024-10-16T11:51:00","guid":{"rendered":"https:\/\/nembutalhouse.com\/?post_type=product&#038;p=1480"},"modified":"2026-02-26T12:57:49","modified_gmt":"2026-02-26T12:57:49","slug":"buy-4-mec-online-2","status":"publish","type":"product","link":"https:\/\/nembutalhouse.com\/es\/producto\/buy-4-mec-online-2\/","title":{"rendered":"Buy 4-MEC Online"},"content":{"rendered":"<h2>Buy 4-MEC Online<\/h2>\n<h3>4-metil-N-etil catinona<\/h3>\n<p><a href=\"https:\/\/nembutalhouse.com\/es\/producto\/buy-4-mec-online-2\/\">4-metiletilcatinona<\/a>\u00a0 (4-MEC) es un derivado de la catinona identificado en varias drogas recreativas de dise\u00f1o que se venden como sustitutos \"legales\" de estimulantes controlados como la metanfetamina y la 3,4-metilendioximetanfetamina.1,2,3 La formulaci\u00f3n de clorhidrato de este compuesto est\u00e1 destinada a utilizarse como est\u00e1ndar para el an\u00e1lisis forense de muestras que puedan contener 4-MEC.<\/p>\n<p>Informaci\u00f3n t\u00e9cnica<\/p>\n<p>Nombre formal 2-(etilamino)-1-(4-metilfenil)-1-propanona, monohidrocloruro<\/p>\n<p>N\u00famero CAS 1266688-86-1<\/p>\n<p>Sin\u00f3nimos<\/p>\n<p>4-metil-N-etil catinona<\/p>\n<p><a href=\"https:\/\/en.wikipedia.org\/wiki\/4-Methylethcathinone\">4-MEC<\/a><\/p>\n<p>F\u00f3rmula molecular C12H17NO - HCl<\/p>\n<p>F\u00f3rmula Peso 227,7<\/p>\n<p>Pureza \u226598%<\/p>\n<p>Formulaci\u00f3n A s\u00f3lido cristalino<\/p>\n<p>\u03bbmax 260 nm<\/p>\n<p>SMILES CC1=CC=C(C(C(NCC)C)=O)C=C1.Cl<\/p>\n<p>InChI Code InChI=1S\/C12H17NO.ClH\/c1-4-13-10(3)12(14)11-7-5-9(2)6-8-11;\/h5-8,10,13H,4H2,1-3H3;1H<\/p>\n<p>Clave InChI RQTXXFLUWZXGIE-UHFFFAOYSA-N<\/p>\n<h3>PRODUCTOS QU\u00cdMICOS NEMBUTALHOUSE<\/h3>\n<h3>SUMINISTRAMOS PRODUCTOS QU\u00cdMICOS DE INVESTIGACI\u00d3N A TODO EL MUNDO<\/h3>\n<p>Acerca de<\/p>\n<p>proveedores de productos qu\u00edmicos de investigaci\u00f3n fiables, examinados, verificados, seguros y autorizados<\/p>\n<p>Presentaci\u00f3n de <a href=\"https:\/\/nembutalhouse.com\/es\/\">NembutalCasa<\/a>es un reputado proveedor de productos qu\u00edmicos de investigaci\u00f3n que proporciona materiales de vanguardia para sus proyectos. Necesita un proveedor de confianza que le ofrezca productos qu\u00edmicos 100% aut\u00e9nticos y puros, y puede estar seguro de ello cuando trabaje con nosotros. Estamos muy orgullosos de nuestra reputaci\u00f3n como uno de los proveedores m\u00e1s reputados en la industria de Internet, que hemos construido gracias a nuestro compromiso con la calidad y la integridad cient\u00edfica.<\/p>\n<p>Nuestros clientes pueden beneficiarse de nuestras diversas opciones de pago, entrega fiable y la m\u00e1s amplia selecci\u00f3n de productos qu\u00edmicos de investigaci\u00f3n. De esta manera, podemos ayudar a varios investigadores de todos los continentes a localizar esos recursos de investigaci\u00f3n poco comunes y poco estudiados que regularmente pueden afectar significativamente a la investigaci\u00f3n realizada en los campos de la f\u00edsica, la qu\u00edmica, la biolog\u00eda o la farmacolog\u00eda. Exploramos continuamente m\u00e9todos para mejorar nuestra oferta y, siempre que es posible, a\u00f1adimos nuevos productos qu\u00edmicos de investigaci\u00f3n a nuestra lista de productos para cumplir nuestro prop\u00f3sito.<\/p>\n<p>En funci\u00f3n de sus demandas inmediatas, nuestros clientes pueden adquirir pedidos en grandes cantidades o en cantidades m\u00e1s peque\u00f1as. Nos esforzamos por ser inclusivos y considerados con las preferencias expresadas por nuestros clientes de todo el mundo, adem\u00e1s de proporcionarles los productos qu\u00edmicos de investigaci\u00f3n que desean espec\u00edficamente. Nuestro objetivo \u00faltimo es facilitar el acceso de la comunidad cient\u00edfica a productos qu\u00edmicos de investigaci\u00f3n asequibles y de alta calidad, al tiempo que se avanza en el conocimiento de forma t\u00e9cnica.<\/p>\n<p>Le informamos de que los productos de investigaci\u00f3n son suministrados por la empresa NembutalHouse.<\/p>\n<p>Le informamos de que NembutalHouse Company s\u00f3lo permite el uso riguroso de sus art\u00edculos de investigaci\u00f3n para investigaciones cient\u00edficas leg\u00edtimas realizadas en un entorno de laboratorio seguro y controlado, de conformidad con las leyes y normativas locales. Nuestros art\u00edculos est\u00e1n estrictamente prohibidos para el consumo humano, sea cual sea.<\/p>\n<p>First Research Chemical Store, Inc.<\/p>\n<p>Llevamos a\u00f1os suministrando productos qu\u00edmicos de investigaci\u00f3n a centros m\u00e9dicos, toxic\u00f3logos, bioqu\u00edmicos, farmac\u00f3logos, estudiantes de qu\u00edmica, cient\u00edficos farmac\u00e9uticos y organizaciones educativas.<\/p>","protected":false},"excerpt":{"rendered":"<p>Buy 4-MEC Online 4-methyl-N-ethyl Cathinone 4-Methylethcathinone\u00a0 (4-MEC) is a cathinone derivative identified in several designer,\u00a0 recreational drugs that are sold as \u201clegal high\u201d replacements for\u00a0 controlled stimulants such as methamphetamine&hellip;<\/p>","protected":false},"featured_media":1570,"comment_status":"open","ping_status":"closed","template":"","meta":{"_joinchat":[]},"product_cat":[188],"product_tag":[1784,1802,1779,1790,1791,1794,1780,1800,1801,1799,1798,1787,1777,1789,1778,1796,1793,1786,1782,1783,1797,1795,1792,1785,1788,1781],"class_list":{"0":"post-1480","1":"product","2":"type-product","3":"status-publish","4":"has-post-thumbnail","6":"product_cat-stimulants","7":"product_tag-4-mec-hyper","8":"product_tag-4-mec-hyper-for-cleaning","9":"product_tag-4-mec-hyper-for-sale","10":"product_tag-4-mec-hyper-online","11":"product_tag-4-mec-hyper-price","12":"product_tag-4-mec-hyper-store","13":"product_tag-4-mec-hyper-supplier","14":"product_tag-4-mec-hyper-use","15":"product_tag-4-mec-hyper-wiki","16":"product_tag-4-mec-hyper-worldwide","17":"product_tag-best-cheap-price-4-mec-hyper","18":"product_tag-best-place-to-buy-4-mec-hyper","19":"product_tag-buy-4-mec-hyper","20":"product_tag-buy-4-mec-hyper-legally","21":"product_tag-buy-4-mec-hyper-online","22":"product_tag-cheap-4-mec-hyper","23":"product_tag-high-quality-4-mec-hyper","24":"product_tag-how-to-buy-4-mec-hyper","25":"product_tag-order-4-mec-hyper","26":"product_tag-order-4-mec-hyper-online","27":"product_tag-purcharse-4-mec-hyper-powder","28":"product_tag-shop-4-mec-hyper","29":"product_tag-top-quality-4-mec-hyper","30":"product_tag-where-to-buy-4-mec-hyper","31":"product_tag-where-to-order-4-mec-hyper","32":"product_tag-wholesale-4-mec-hyper-bulk-online","34":"first","35":"instock","36":"shipping-taxable","37":"purchasable","38":"product-type-variable"},"yoast_head":"<!-- This site is optimized with the Yoast SEO plugin v24.1 - https:\/\/yoast.com\/wordpress\/plugins\/seo\/ -->\n<title>Buy 4-MEC Hyper Online - 4-MEC Hyper for Sale<\/title>\n<meta name=\"description\" content=\"Our store has the top quality 4-mec-hyper for sale. You can never get over the quality of our products. If you need then, You can buy 4-mec-hyper online right away. Order now!\" \/>\n<meta name=\"robots\" content=\"index, follow, max-snippet:-1, max-image-preview:large, max-video-preview:-1\" \/>\n<link rel=\"canonical\" href=\"https:\/\/nembutalhouse.com\/es\/producto\/buy-4-mec-online-2\/\" \/>\n<meta property=\"og:locale\" content=\"es_ES\" \/>\n<meta property=\"og:type\" content=\"article\" \/>\n<meta property=\"og:title\" content=\"Buy 4-MEC Hyper Online - 4-MEC Hyper for Sale\" \/>\n<meta property=\"og:description\" content=\"Our store has the top quality 4-mec-hyper for sale. You can never get over the quality of our products. If you need then, You can buy 4-mec-hyper online right away. Order now!\" \/>\n<meta property=\"og:url\" content=\"https:\/\/nembutalhouse.com\/es\/producto\/buy-4-mec-online-2\/\" \/>\n<meta property=\"og:site_name\" content=\"Nembutal House\" \/>\n<meta property=\"article:modified_time\" content=\"2026-02-26T12:57:49+00:00\" \/>\n<meta property=\"og:image\" content=\"https:\/\/nembutalhouse.com\/wp-content\/uploads\/2024\/10\/4-MEC-hyper.gif\" \/>\n\t<meta property=\"og:image:width\" content=\"600\" \/>\n\t<meta property=\"og:image:height\" content=\"600\" \/>\n\t<meta property=\"og:image:type\" content=\"image\/gif\" \/>\n<meta name=\"twitter:card\" content=\"summary_large_image\" \/>\n<meta name=\"twitter:label1\" content=\"Tiempo de lectura\" \/>\n\t<meta name=\"twitter:data1\" content=\"2 minutos\" \/>\n<script type=\"application\/ld+json\" class=\"yoast-schema-graph\">{\"@context\":\"https:\/\/schema.org\",\"@graph\":[{\"@type\":\"WebPage\",\"@id\":\"https:\/\/nembutalhouse.com\/product\/buy-4-mec-online-2\/\",\"url\":\"https:\/\/nembutalhouse.com\/product\/buy-4-mec-online-2\/\",\"name\":\"Buy 4-MEC Hyper Online - 4-MEC Hyper for Sale\",\"isPartOf\":{\"@id\":\"https:\/\/nembutalhouse.com\/#website\"},\"primaryImageOfPage\":{\"@id\":\"https:\/\/nembutalhouse.com\/product\/buy-4-mec-online-2\/#primaryimage\"},\"image\":{\"@id\":\"https:\/\/nembutalhouse.com\/product\/buy-4-mec-online-2\/#primaryimage\"},\"thumbnailUrl\":\"https:\/\/nembutalhouse.com\/wp-content\/uploads\/2024\/10\/4-MEC-hyper.gif\",\"datePublished\":\"2024-10-16T11:51:00+00:00\",\"dateModified\":\"2026-02-26T12:57:49+00:00\",\"description\":\"Our store has the top quality 4-mec-hyper for sale. You can never get over the quality of our products. If you need then, You can buy 4-mec-hyper online right away. Order now!\",\"breadcrumb\":{\"@id\":\"https:\/\/nembutalhouse.com\/product\/buy-4-mec-online-2\/#breadcrumb\"},\"inLanguage\":\"es\",\"potentialAction\":[{\"@type\":\"ReadAction\",\"target\":[\"https:\/\/nembutalhouse.com\/product\/buy-4-mec-online-2\/\"]}]},{\"@type\":\"ImageObject\",\"inLanguage\":\"es\",\"@id\":\"https:\/\/nembutalhouse.com\/product\/buy-4-mec-online-2\/#primaryimage\",\"url\":\"https:\/\/nembutalhouse.com\/wp-content\/uploads\/2024\/10\/4-MEC-hyper.gif\",\"contentUrl\":\"https:\/\/nembutalhouse.com\/wp-content\/uploads\/2024\/10\/4-MEC-hyper.gif\",\"width\":600,\"height\":600,\"caption\":\"Buy 4-MEC Online\"},{\"@type\":\"BreadcrumbList\",\"@id\":\"https:\/\/nembutalhouse.com\/product\/buy-4-mec-online-2\/#breadcrumb\",\"itemListElement\":[{\"@type\":\"ListItem\",\"position\":1,\"name\":\"Home\",\"item\":\"https:\/\/nembutalhouse.com\/\"},{\"@type\":\"ListItem\",\"position\":2,\"name\":\"Shop\",\"item\":\"https:\/\/nembutalhouse.com\/shop\/\"},{\"@type\":\"ListItem\",\"position\":3,\"name\":\"Buy 4-MEC Online\"}]},{\"@type\":\"WebSite\",\"@id\":\"https:\/\/nembutalhouse.com\/#website\",\"url\":\"https:\/\/nembutalhouse.com\/\",\"name\":\"Nembutal House\",\"description\":\"Best Nembutal Online Store\",\"publisher\":{\"@id\":\"https:\/\/nembutalhouse.com\/#organization\"},\"potentialAction\":[{\"@type\":\"SearchAction\",\"target\":{\"@type\":\"EntryPoint\",\"urlTemplate\":\"https:\/\/nembutalhouse.com\/?s={search_term_string}\"},\"query-input\":{\"@type\":\"PropertyValueSpecification\",\"valueRequired\":true,\"valueName\":\"search_term_string\"}}],\"inLanguage\":\"es\"},{\"@type\":\"Organization\",\"@id\":\"https:\/\/nembutalhouse.com\/#organization\",\"name\":\"Nembutal House\",\"url\":\"https:\/\/nembutalhouse.com\/\",\"logo\":{\"@type\":\"ImageObject\",\"inLanguage\":\"es\",\"@id\":\"https:\/\/nembutalhouse.com\/#\/schema\/logo\/image\/\",\"url\":\"https:\/\/nembutalhouse.com\/wp-content\/uploads\/2022\/12\/logo.png\",\"contentUrl\":\"https:\/\/nembutalhouse.com\/wp-content\/uploads\/2022\/12\/logo.png\",\"width\":344,\"height\":103,\"caption\":\"Nembutal House\"},\"image\":{\"@id\":\"https:\/\/nembutalhouse.com\/#\/schema\/logo\/image\/\"}}]}<\/script>\n<!-- \/ Yoast SEO plugin. -->","yoast_head_json":{"title":"Buy 4-MEC Hyper Online - 4-MEC Hyper for Sale","description":"Our store has the top quality 4-mec-hyper for sale. You can never get over the quality of our products. If you need then, You can buy 4-mec-hyper online right away. Order now!","robots":{"index":"index","follow":"follow","max-snippet":"max-snippet:-1","max-image-preview":"max-image-preview:large","max-video-preview":"max-video-preview:-1"},"canonical":"https:\/\/nembutalhouse.com\/es\/producto\/buy-4-mec-online-2\/","og_locale":"es_ES","og_type":"article","og_title":"Buy 4-MEC Hyper Online - 4-MEC Hyper for Sale","og_description":"Our store has the top quality 4-mec-hyper for sale. You can never get over the quality of our products. If you need then, You can buy 4-mec-hyper online right away. Order now!","og_url":"https:\/\/nembutalhouse.com\/es\/producto\/buy-4-mec-online-2\/","og_site_name":"Nembutal House","article_modified_time":"2026-02-26T12:57:49+00:00","og_image":[{"width":600,"height":600,"url":"https:\/\/nembutalhouse.com\/wp-content\/uploads\/2024\/10\/4-MEC-hyper.gif","type":"image\/gif"}],"twitter_card":"summary_large_image","twitter_misc":{"Tiempo de lectura":"2 minutos"},"schema":{"@context":"https:\/\/schema.org","@graph":[{"@type":"WebPage","@id":"https:\/\/nembutalhouse.com\/product\/buy-4-mec-online-2\/","url":"https:\/\/nembutalhouse.com\/product\/buy-4-mec-online-2\/","name":"Buy 4-MEC Hyper Online - 4-MEC Hyper for Sale","isPartOf":{"@id":"https:\/\/nembutalhouse.com\/#website"},"primaryImageOfPage":{"@id":"https:\/\/nembutalhouse.com\/product\/buy-4-mec-online-2\/#primaryimage"},"image":{"@id":"https:\/\/nembutalhouse.com\/product\/buy-4-mec-online-2\/#primaryimage"},"thumbnailUrl":"https:\/\/nembutalhouse.com\/wp-content\/uploads\/2024\/10\/4-MEC-hyper.gif","datePublished":"2024-10-16T11:51:00+00:00","dateModified":"2026-02-26T12:57:49+00:00","description":"Our store has the top quality 4-mec-hyper for sale. You can never get over the quality of our products. If you need then, You can buy 4-mec-hyper online right away. Order now!","breadcrumb":{"@id":"https:\/\/nembutalhouse.com\/product\/buy-4-mec-online-2\/#breadcrumb"},"inLanguage":"es","potentialAction":[{"@type":"ReadAction","target":["https:\/\/nembutalhouse.com\/product\/buy-4-mec-online-2\/"]}]},{"@type":"ImageObject","inLanguage":"es","@id":"https:\/\/nembutalhouse.com\/product\/buy-4-mec-online-2\/#primaryimage","url":"https:\/\/nembutalhouse.com\/wp-content\/uploads\/2024\/10\/4-MEC-hyper.gif","contentUrl":"https:\/\/nembutalhouse.com\/wp-content\/uploads\/2024\/10\/4-MEC-hyper.gif","width":600,"height":600,"caption":"Buy 4-MEC Online"},{"@type":"BreadcrumbList","@id":"https:\/\/nembutalhouse.com\/product\/buy-4-mec-online-2\/#breadcrumb","itemListElement":[{"@type":"ListItem","position":1,"name":"Home","item":"https:\/\/nembutalhouse.com\/"},{"@type":"ListItem","position":2,"name":"Shop","item":"https:\/\/nembutalhouse.com\/shop\/"},{"@type":"ListItem","position":3,"name":"Buy 4-MEC Online"}]},{"@type":"WebSite","@id":"https:\/\/nembutalhouse.com\/#website","url":"https:\/\/nembutalhouse.com\/","name":"Nembutal House","description":"Best Nembutal Online Store","publisher":{"@id":"https:\/\/nembutalhouse.com\/#organization"},"potentialAction":[{"@type":"SearchAction","target":{"@type":"EntryPoint","urlTemplate":"https:\/\/nembutalhouse.com\/?s={search_term_string}"},"query-input":{"@type":"PropertyValueSpecification","valueRequired":true,"valueName":"search_term_string"}}],"inLanguage":"es"},{"@type":"Organization","@id":"https:\/\/nembutalhouse.com\/#organization","name":"Nembutal House","url":"https:\/\/nembutalhouse.com\/","logo":{"@type":"ImageObject","inLanguage":"es","@id":"https:\/\/nembutalhouse.com\/#\/schema\/logo\/image\/","url":"https:\/\/nembutalhouse.com\/wp-content\/uploads\/2022\/12\/logo.png","contentUrl":"https:\/\/nembutalhouse.com\/wp-content\/uploads\/2022\/12\/logo.png","width":344,"height":103,"caption":"Nembutal House"},"image":{"@id":"https:\/\/nembutalhouse.com\/#\/schema\/logo\/image\/"}}]}},"_links":{"self":[{"href":"https:\/\/nembutalhouse.com\/es\/wp-json\/wp\/v2\/product\/1480","targetHints":{"allow":["GET"]}}],"collection":[{"href":"https:\/\/nembutalhouse.com\/es\/wp-json\/wp\/v2\/product"}],"about":[{"href":"https:\/\/nembutalhouse.com\/es\/wp-json\/wp\/v2\/types\/product"}],"replies":[{"embeddable":true,"href":"https:\/\/nembutalhouse.com\/es\/wp-json\/wp\/v2\/comments?post=1480"}],"wp:featuredmedia":[{"embeddable":true,"href":"https:\/\/nembutalhouse.com\/es\/wp-json\/wp\/v2\/media\/1570"}],"wp:attachment":[{"href":"https:\/\/nembutalhouse.com\/es\/wp-json\/wp\/v2\/media?parent=1480"}],"wp:term":[{"taxonomy":"product_cat","embeddable":true,"href":"https:\/\/nembutalhouse.com\/es\/wp-json\/wp\/v2\/product_cat?post=1480"},{"taxonomy":"product_tag","embeddable":true,"href":"https:\/\/nembutalhouse.com\/es\/wp-json\/wp\/v2\/product_tag?post=1480"}],"curies":[{"name":"wp","href":"https:\/\/api.w.org\/{rel}","templated":true}]}}