{"id":1479,"date":"2024-10-16T11:51:00","date_gmt":"2024-10-16T11:51:00","guid":{"rendered":"https:\/\/nembutalhouse.com\/?post_type=product&#038;p=1479"},"modified":"2026-02-26T12:56:27","modified_gmt":"2026-02-26T12:56:27","slug":"buy-4-fluorococaine-4-fc-online","status":"publish","type":"product","link":"https:\/\/nembutalhouse.com\/es\/producto\/buy-4-fluorococaine-4-fc-online\/","title":{"rendered":"Buy 4-Fluorococaine (4-FC) Online"},"content":{"rendered":"<h2>Buy 4-Fluorococaine (4-FC) Online<\/h2>\n<p>Inhibe la recaptaci\u00f3n de dopamina, pero es un inhibidor mucho m\u00e1s potente de la recaptaci\u00f3n de serotonina. Esto ha dado lugar a diversos resultados en estudios con animales.<\/p>\n<p>La 4Fluorococa\u00edna tiene el mismo potencial que la coca\u00edna, pero puede ser mucho m\u00e1s potente como resultado de la mayor recaptaci\u00f3n de serotonina. <a href=\"https:\/\/en.wikipedia.org\/wiki\/4%E2%80%B2-Fluorococaine\">4Fluorococa\u00edna<\/a> por lo tanto, no puede compararse con la CFT ni con el an\u00e1logo 2\u2032-hidroxi salicilmetilecgonina<\/p>\n<h3>Nombre sistem\u00e1tico (IUPAC)<\/h3>\n<p>methyl (1R,2R,3S,5S)-3-<a href=\"https:\/\/nembutalhouse.com\/es\/producto\/buy-4-fluorococaine-4-fc-online\/\">(4-fluorobenzoyloxy)<\/a>-8-methyl-8-azabicyclo[3.2.1] octane-2-carboxylate<\/p>\n<p>Datos cl\u00ednicos<\/p>\n<p>\u00bfGatita embarazada?<\/p>\n<p>\u00bfEstatus legal?<\/p>\n<p>Identificadores<\/p>\n<p>N\u00famero CAS 134507-62-3<\/p>\n<p>\u00bfC\u00f3digo ATC?<\/p>\n<p>PubChem CID 126112<\/p>\n<p>ChemSpider 112124 S\u00ed<\/p>\n<p>Datos qu\u00edmicos<\/p>\n<p>F\u00f3rmula C17H20FNO4<\/p>\n<p>Masa mol. 321,343<\/p>\n<h3>PRODUCTOS QU\u00cdMICOS NEMBUTALHOUSE<\/h3>\n<h3>SUMINISTRAMOS PRODUCTOS QU\u00cdMICOS DE INVESTIGACI\u00d3N A TODO EL MUNDO<\/h3>\n<p>proveedores de productos qu\u00edmicos de investigaci\u00f3n fiables, examinados, verificados, seguros y autorizados<\/p>\n<p>Presentamos NembutalHouse , un reputado proveedor de productos qu\u00edmicos para investigaci\u00f3n que proporciona materiales de vanguardia para sus proyectos. Necesita un proveedor en el que pueda confiar que le ofrezca productos qu\u00edmicos 100% aut\u00e9nticos y puros, y puede estar seguro de ello cuando trabaje con nosotros. Estamos muy orgullosos de nuestra reputaci\u00f3n como uno de los proveedores m\u00e1s reputados en la industria de Internet, que hemos construido gracias a nuestro compromiso con la calidad y la integridad cient\u00edfica.<\/p>\n<p>Nuestros clientes pueden beneficiarse de nuestras diversas opciones de pago, entrega fiable y la m\u00e1s amplia selecci\u00f3n de productos qu\u00edmicos de investigaci\u00f3n. De esta manera, podemos ayudar a varios investigadores de todos los continentes a localizar esos recursos de investigaci\u00f3n poco comunes y poco estudiados que regularmente pueden afectar significativamente a la investigaci\u00f3n realizada en los campos de la f\u00edsica, la qu\u00edmica, la biolog\u00eda o la farmacolog\u00eda. Exploramos continuamente m\u00e9todos para mejorar nuestra oferta y, siempre que es posible, a\u00f1adimos nuevos productos qu\u00edmicos de investigaci\u00f3n a nuestra lista de productos para cumplir nuestro prop\u00f3sito.<\/p>\n<p>En funci\u00f3n de sus demandas inmediatas, nuestros clientes pueden adquirir pedidos en grandes cantidades o en cantidades m\u00e1s peque\u00f1as. Nos esforzamos por ser inclusivos y considerados con las preferencias expresadas por nuestros clientes de todo el mundo, adem\u00e1s de proporcionarles los productos qu\u00edmicos de investigaci\u00f3n que desean espec\u00edficamente. Nuestro objetivo \u00faltimo es facilitar el acceso de la comunidad cient\u00edfica a productos qu\u00edmicos de investigaci\u00f3n asequibles y de alta calidad, al tiempo que se avanza en el conocimiento de forma t\u00e9cnica.<\/p>\n<p>Please be advised that research products are delivered by <a href=\"https:\/\/nembutalhouse.com\/es\/\">NembutalCasa<\/a> Company.<\/p>\n<p>Le informamos de que NembutalHouse Company s\u00f3lo permite el uso riguroso de sus art\u00edculos de investigaci\u00f3n para estudios cient\u00edficos leg\u00edtimos realizados en un entorno de laboratorio seguro y controlado, de conformidad con las leyes y normativas locales. Nuestros art\u00edculos est\u00e1n estrictamente prohibidos para el consumo humano, sea cual sea.<\/p>\n<p>First Research Chemical Store, Inc.<\/p>\n<p>4-Benzococa\u00edna (4-FC)<\/p>","protected":false},"excerpt":{"rendered":"<p>Buy 4-Fluorococaine (4-FC) Online It inhibits a reuptake of dopamine, but is a much stronger serotonin reuptake inhibitor. This has lead to various results in animal studies. 4Fluorococaine has the&hellip;<\/p>","protected":false},"featured_media":1571,"comment_status":"open","ping_status":"closed","template":"","meta":{"_joinchat":[]},"product_cat":[181],"product_tag":[1758,1776,1753,1764,1765,1768,1754,1774,1775,1773,1772,1761,1751,1763,1752,1770,1767,1760,1756,1757,1771,1769,1766,1759,1762,1755],"class_list":{"0":"post-1479","1":"product","2":"type-product","3":"status-publish","4":"has-post-thumbnail","6":"product_cat-cocaine","7":"product_tag-4fluorococaine-powder","8":"product_tag-4fluorococaine-powder-for-cleaning","9":"product_tag-4fluorococaine-powder-for-sale","10":"product_tag-4fluorococaine-powder-online","11":"product_tag-4fluorococaine-powder-price","12":"product_tag-4fluorococaine-powder-store","13":"product_tag-4fluorococaine-powder-supplier","14":"product_tag-4fluorococaine-powder-use","15":"product_tag-4fluorococaine-powder-wiki","16":"product_tag-4fluorococaine-powder-worldwide","17":"product_tag-best-cheap-price-4fluorococaine-powder","18":"product_tag-best-place-to-buy-4fluorococaine-powder","19":"product_tag-buy-4fluorococaine-powder","20":"product_tag-buy-4fluorococaine-powder-legally","21":"product_tag-buy-4fluorococaine-powder-online","22":"product_tag-cheap-4fluorococaine-powder","23":"product_tag-high-quality-4fluorococaine-powder","24":"product_tag-how-to-buy-4fluorococaine-powder","25":"product_tag-order-4fluorococaine-powder","26":"product_tag-order-4fluorococaine-powder-online","27":"product_tag-purcharse-4fluorococaine-powder-powder","28":"product_tag-shop-4fluorococaine-powder","29":"product_tag-top-quality-4fluorococaine-powder","30":"product_tag-where-to-buy-4fluorococaine-powder","31":"product_tag-where-to-order-4fluorococaine-powder","32":"product_tag-wholesale-4fluorococaine-powder-bulk-online","34":"first","35":"instock","36":"shipping-taxable","37":"purchasable","38":"product-type-variable"},"yoast_head":"<!-- This site is optimized with the Yoast SEO plugin v24.1 - https:\/\/yoast.com\/wordpress\/plugins\/seo\/ -->\n<title>Buy 4Fluorococaine Online - 4Fluorococaine for Sale Online<\/title>\n<meta name=\"description\" content=\"Here is the chance to grab 4fluorococaine for sale at cheap prices. Our online NembutalHouse store is selling 4fluorococaine worldwide. Order to buy 4fluorococaine online soon.\" \/>\n<meta name=\"robots\" content=\"index, follow, max-snippet:-1, max-image-preview:large, max-video-preview:-1\" \/>\n<link rel=\"canonical\" href=\"https:\/\/nembutalhouse.com\/es\/producto\/buy-4-fluorococaine-4-fc-online\/\" \/>\n<meta property=\"og:locale\" content=\"es_ES\" \/>\n<meta property=\"og:type\" content=\"article\" \/>\n<meta property=\"og:title\" content=\"Buy 4Fluorococaine Online - 4Fluorococaine for Sale Online\" \/>\n<meta property=\"og:description\" content=\"Here is the chance to grab 4fluorococaine for sale at cheap prices. Our online NembutalHouse store is selling 4fluorococaine worldwide. Order to buy 4fluorococaine online soon.\" \/>\n<meta property=\"og:url\" content=\"https:\/\/nembutalhouse.com\/es\/producto\/buy-4-fluorococaine-4-fc-online\/\" \/>\n<meta property=\"og:site_name\" content=\"Nembutal House\" \/>\n<meta property=\"article:modified_time\" content=\"2026-02-26T12:56:27+00:00\" \/>\n<meta property=\"og:image\" content=\"https:\/\/nembutalhouse.com\/wp-content\/uploads\/2024\/10\/4fluorococaine.gif\" \/>\n\t<meta property=\"og:image:width\" content=\"600\" \/>\n\t<meta property=\"og:image:height\" content=\"600\" \/>\n\t<meta property=\"og:image:type\" content=\"image\/gif\" \/>\n<meta name=\"twitter:card\" content=\"summary_large_image\" \/>\n<meta name=\"twitter:label1\" content=\"Tiempo de lectura\" \/>\n\t<meta name=\"twitter:data1\" content=\"2 minutos\" \/>\n<script type=\"application\/ld+json\" class=\"yoast-schema-graph\">{\"@context\":\"https:\/\/schema.org\",\"@graph\":[{\"@type\":\"WebPage\",\"@id\":\"https:\/\/nembutalhouse.com\/product\/buy-4-fluorococaine-4-fc-online\/\",\"url\":\"https:\/\/nembutalhouse.com\/product\/buy-4-fluorococaine-4-fc-online\/\",\"name\":\"Buy 4Fluorococaine Online - 4Fluorococaine for Sale Online\",\"isPartOf\":{\"@id\":\"https:\/\/nembutalhouse.com\/#website\"},\"primaryImageOfPage\":{\"@id\":\"https:\/\/nembutalhouse.com\/product\/buy-4-fluorococaine-4-fc-online\/#primaryimage\"},\"image\":{\"@id\":\"https:\/\/nembutalhouse.com\/product\/buy-4-fluorococaine-4-fc-online\/#primaryimage\"},\"thumbnailUrl\":\"https:\/\/nembutalhouse.com\/wp-content\/uploads\/2024\/10\/4fluorococaine.gif\",\"datePublished\":\"2024-10-16T11:51:00+00:00\",\"dateModified\":\"2026-02-26T12:56:27+00:00\",\"description\":\"Here is the chance to grab 4fluorococaine for sale at cheap prices. Our online NembutalHouse store is selling 4fluorococaine worldwide. Order to buy 4fluorococaine online soon.\",\"breadcrumb\":{\"@id\":\"https:\/\/nembutalhouse.com\/product\/buy-4-fluorococaine-4-fc-online\/#breadcrumb\"},\"inLanguage\":\"es\",\"potentialAction\":[{\"@type\":\"ReadAction\",\"target\":[\"https:\/\/nembutalhouse.com\/product\/buy-4-fluorococaine-4-fc-online\/\"]}]},{\"@type\":\"ImageObject\",\"inLanguage\":\"es\",\"@id\":\"https:\/\/nembutalhouse.com\/product\/buy-4-fluorococaine-4-fc-online\/#primaryimage\",\"url\":\"https:\/\/nembutalhouse.com\/wp-content\/uploads\/2024\/10\/4fluorococaine.gif\",\"contentUrl\":\"https:\/\/nembutalhouse.com\/wp-content\/uploads\/2024\/10\/4fluorococaine.gif\",\"width\":600,\"height\":600,\"caption\":\"Buy 4-Fluorococaine (4-FC) Online\"},{\"@type\":\"BreadcrumbList\",\"@id\":\"https:\/\/nembutalhouse.com\/product\/buy-4-fluorococaine-4-fc-online\/#breadcrumb\",\"itemListElement\":[{\"@type\":\"ListItem\",\"position\":1,\"name\":\"Home\",\"item\":\"https:\/\/nembutalhouse.com\/\"},{\"@type\":\"ListItem\",\"position\":2,\"name\":\"Shop\",\"item\":\"https:\/\/nembutalhouse.com\/shop\/\"},{\"@type\":\"ListItem\",\"position\":3,\"name\":\"Buy 4-Fluorococaine (4-FC) Online\"}]},{\"@type\":\"WebSite\",\"@id\":\"https:\/\/nembutalhouse.com\/#website\",\"url\":\"https:\/\/nembutalhouse.com\/\",\"name\":\"Nembutal House\",\"description\":\"Best Nembutal Online Store\",\"publisher\":{\"@id\":\"https:\/\/nembutalhouse.com\/#organization\"},\"potentialAction\":[{\"@type\":\"SearchAction\",\"target\":{\"@type\":\"EntryPoint\",\"urlTemplate\":\"https:\/\/nembutalhouse.com\/?s={search_term_string}\"},\"query-input\":{\"@type\":\"PropertyValueSpecification\",\"valueRequired\":true,\"valueName\":\"search_term_string\"}}],\"inLanguage\":\"es\"},{\"@type\":\"Organization\",\"@id\":\"https:\/\/nembutalhouse.com\/#organization\",\"name\":\"Nembutal House\",\"url\":\"https:\/\/nembutalhouse.com\/\",\"logo\":{\"@type\":\"ImageObject\",\"inLanguage\":\"es\",\"@id\":\"https:\/\/nembutalhouse.com\/#\/schema\/logo\/image\/\",\"url\":\"https:\/\/nembutalhouse.com\/wp-content\/uploads\/2022\/12\/logo.png\",\"contentUrl\":\"https:\/\/nembutalhouse.com\/wp-content\/uploads\/2022\/12\/logo.png\",\"width\":344,\"height\":103,\"caption\":\"Nembutal House\"},\"image\":{\"@id\":\"https:\/\/nembutalhouse.com\/#\/schema\/logo\/image\/\"}}]}<\/script>\n<!-- \/ Yoast SEO plugin. -->","yoast_head_json":{"title":"Buy 4Fluorococaine Online - 4Fluorococaine for Sale Online","description":"Here is the chance to grab 4fluorococaine for sale at cheap prices. Our online NembutalHouse store is selling 4fluorococaine worldwide. Order to buy 4fluorococaine online soon.","robots":{"index":"index","follow":"follow","max-snippet":"max-snippet:-1","max-image-preview":"max-image-preview:large","max-video-preview":"max-video-preview:-1"},"canonical":"https:\/\/nembutalhouse.com\/es\/producto\/buy-4-fluorococaine-4-fc-online\/","og_locale":"es_ES","og_type":"article","og_title":"Buy 4Fluorococaine Online - 4Fluorococaine for Sale Online","og_description":"Here is the chance to grab 4fluorococaine for sale at cheap prices. Our online NembutalHouse store is selling 4fluorococaine worldwide. Order to buy 4fluorococaine online soon.","og_url":"https:\/\/nembutalhouse.com\/es\/producto\/buy-4-fluorococaine-4-fc-online\/","og_site_name":"Nembutal House","article_modified_time":"2026-02-26T12:56:27+00:00","og_image":[{"width":600,"height":600,"url":"https:\/\/nembutalhouse.com\/wp-content\/uploads\/2024\/10\/4fluorococaine.gif","type":"image\/gif"}],"twitter_card":"summary_large_image","twitter_misc":{"Tiempo de lectura":"2 minutos"},"schema":{"@context":"https:\/\/schema.org","@graph":[{"@type":"WebPage","@id":"https:\/\/nembutalhouse.com\/product\/buy-4-fluorococaine-4-fc-online\/","url":"https:\/\/nembutalhouse.com\/product\/buy-4-fluorococaine-4-fc-online\/","name":"Buy 4Fluorococaine Online - 4Fluorococaine for Sale Online","isPartOf":{"@id":"https:\/\/nembutalhouse.com\/#website"},"primaryImageOfPage":{"@id":"https:\/\/nembutalhouse.com\/product\/buy-4-fluorococaine-4-fc-online\/#primaryimage"},"image":{"@id":"https:\/\/nembutalhouse.com\/product\/buy-4-fluorococaine-4-fc-online\/#primaryimage"},"thumbnailUrl":"https:\/\/nembutalhouse.com\/wp-content\/uploads\/2024\/10\/4fluorococaine.gif","datePublished":"2024-10-16T11:51:00+00:00","dateModified":"2026-02-26T12:56:27+00:00","description":"Here is the chance to grab 4fluorococaine for sale at cheap prices. Our online NembutalHouse store is selling 4fluorococaine worldwide. Order to buy 4fluorococaine online soon.","breadcrumb":{"@id":"https:\/\/nembutalhouse.com\/product\/buy-4-fluorococaine-4-fc-online\/#breadcrumb"},"inLanguage":"es","potentialAction":[{"@type":"ReadAction","target":["https:\/\/nembutalhouse.com\/product\/buy-4-fluorococaine-4-fc-online\/"]}]},{"@type":"ImageObject","inLanguage":"es","@id":"https:\/\/nembutalhouse.com\/product\/buy-4-fluorococaine-4-fc-online\/#primaryimage","url":"https:\/\/nembutalhouse.com\/wp-content\/uploads\/2024\/10\/4fluorococaine.gif","contentUrl":"https:\/\/nembutalhouse.com\/wp-content\/uploads\/2024\/10\/4fluorococaine.gif","width":600,"height":600,"caption":"Buy 4-Fluorococaine (4-FC) Online"},{"@type":"BreadcrumbList","@id":"https:\/\/nembutalhouse.com\/product\/buy-4-fluorococaine-4-fc-online\/#breadcrumb","itemListElement":[{"@type":"ListItem","position":1,"name":"Home","item":"https:\/\/nembutalhouse.com\/"},{"@type":"ListItem","position":2,"name":"Shop","item":"https:\/\/nembutalhouse.com\/shop\/"},{"@type":"ListItem","position":3,"name":"Buy 4-Fluorococaine (4-FC) Online"}]},{"@type":"WebSite","@id":"https:\/\/nembutalhouse.com\/#website","url":"https:\/\/nembutalhouse.com\/","name":"Nembutal House","description":"Best Nembutal Online Store","publisher":{"@id":"https:\/\/nembutalhouse.com\/#organization"},"potentialAction":[{"@type":"SearchAction","target":{"@type":"EntryPoint","urlTemplate":"https:\/\/nembutalhouse.com\/?s={search_term_string}"},"query-input":{"@type":"PropertyValueSpecification","valueRequired":true,"valueName":"search_term_string"}}],"inLanguage":"es"},{"@type":"Organization","@id":"https:\/\/nembutalhouse.com\/#organization","name":"Nembutal House","url":"https:\/\/nembutalhouse.com\/","logo":{"@type":"ImageObject","inLanguage":"es","@id":"https:\/\/nembutalhouse.com\/#\/schema\/logo\/image\/","url":"https:\/\/nembutalhouse.com\/wp-content\/uploads\/2022\/12\/logo.png","contentUrl":"https:\/\/nembutalhouse.com\/wp-content\/uploads\/2022\/12\/logo.png","width":344,"height":103,"caption":"Nembutal House"},"image":{"@id":"https:\/\/nembutalhouse.com\/#\/schema\/logo\/image\/"}}]}},"_links":{"self":[{"href":"https:\/\/nembutalhouse.com\/es\/wp-json\/wp\/v2\/product\/1479","targetHints":{"allow":["GET"]}}],"collection":[{"href":"https:\/\/nembutalhouse.com\/es\/wp-json\/wp\/v2\/product"}],"about":[{"href":"https:\/\/nembutalhouse.com\/es\/wp-json\/wp\/v2\/types\/product"}],"replies":[{"embeddable":true,"href":"https:\/\/nembutalhouse.com\/es\/wp-json\/wp\/v2\/comments?post=1479"}],"wp:featuredmedia":[{"embeddable":true,"href":"https:\/\/nembutalhouse.com\/es\/wp-json\/wp\/v2\/media\/1571"}],"wp:attachment":[{"href":"https:\/\/nembutalhouse.com\/es\/wp-json\/wp\/v2\/media?parent=1479"}],"wp:term":[{"taxonomy":"product_cat","embeddable":true,"href":"https:\/\/nembutalhouse.com\/es\/wp-json\/wp\/v2\/product_cat?post=1479"},{"taxonomy":"product_tag","embeddable":true,"href":"https:\/\/nembutalhouse.com\/es\/wp-json\/wp\/v2\/product_tag?post=1479"}],"curies":[{"name":"wp","href":"https:\/\/api.w.org\/{rel}","templated":true}]}}