{"id":1443,"date":"2024-10-16T11:50:50","date_gmt":"2024-10-16T11:50:50","guid":{"rendered":"https:\/\/nembutalhouse.com\/?post_type=product&#038;p=1443"},"modified":"2026-03-06T07:01:56","modified_gmt":"2026-03-06T07:01:56","slug":"buy-2ci-online","status":"publish","type":"product","link":"https:\/\/nembutalhouse.com\/es\/producto\/buy-2ci-online\/","title":{"rendered":"Comprar 2CI en l\u00ednea"},"content":{"rendered":"<h2>Comprar 2CI en l\u00ednea<\/h2>\n<p><a href=\"https:\/\/nembutalhouse.com\/es\/producto\/buy-2ci-online\/\">2CI (2-Aminoindano)<\/a> Descripci\u00f3n: Debido a la falta de estudios sobre la sustancia, todas las conversaciones sobre su farmacolog\u00eda se han limitado a su estructura y a c\u00f3mo funciona subjetivamente en comparaci\u00f3n con otros estimulantes como la anfetamina, la metanfetamina y el 2CI.<\/p>\n<p>Es probable que el 2CI libere dopamina y norepinefrina simult\u00e1neamente.<\/p>\n<p>El 2CI aumenta los niveles de norepinefrina y dopamina en el cerebro al unirse a las prote\u00ednas transportadoras que normalmente eliminan estos neurotransmisores de la hendidura sin\u00e1ptica y bloquearlas parcialmente.<\/p>\n<p>Como resultado, se acumulan dopamina y norepinefrina, dando lugar a sensaciones euf\u00f3ricas y estimulantes en el cerebro.<\/p>\n<p>2CI Efectos f\u00edsicos<\/p>\n<p><a href=\"https:\/\/en.wikipedia.org\/wiki\/2C-I\">2CI<\/a> Estimulaci\u00f3n: En general, se considera que el 2CI es m\u00e1s energ\u00e9tico y estimulante que el modafinilo, ya que su efecto sobre los niveles de energ\u00eda f\u00edsica del usuario es similar al de la anfetamina, pero no tanto como el de la cafe\u00edna.<\/p>\n<p>Se diferencia de la estimulaci\u00f3n con MDMA en que fomenta la actividad f\u00edsica como bailar, socializar, correr o limpiar, pero tambi\u00e9n difiere en otros aspectos.<\/p>\n<p>El tipo concreto de estimulaci\u00f3n que proporciona la 2CI puede describirse como contundente.<\/p>\n<p>Esto significa que, con dosis m\u00e1s altas, resulta dif\u00edcil o imposible permanecer inm\u00f3vil debido al apretamiento de la mand\u00edbula y a los movimientos y vibraciones involuntarios del cuerpo. El resultado es una falta general de control motor, manos inestables y temblores corporales excesivos.<\/p>\n<p>2CI Alivio del dolor: Muchos relatos anecd\u00f3ticos sugieren que esta droga suprime el dolor de forma similar a los opi\u00e1ceos, pero sin el obvio subid\u00f3n f\u00edsico.<\/p>\n<p>aumento de la frecuencia card\u00edaca<\/p>\n<p>Ausencia de agua<\/p>\n<p>supresi\u00f3n del hambre<\/p>\n<p>emesis<\/p>\n<p>erecci\u00f3n<\/p>\n<p>disfunci\u00f3n er\u00e9ctil moment\u00e1nea<\/p>\n<p>aumento de la transpiraci\u00f3n<\/p>\n<p>Rechinar de dientes: Se cree que este componente es menos potente que la MDMA. <a href=\"https:\/\/nembutalhouse.com\/es\/\">NembutalCasa<\/a><\/p>\n<p>Mayor amor y respeto por la m\u00fasica<\/p>\n<p>impacto en los procesos mentales<\/p>\n<p>Los efectos cognitivos de la 2-AI son polifac\u00e9ticos, y la dosis aumenta la potencia de cada componente.<\/p>\n<p>Una descripci\u00f3n com\u00fan del espacio mental habitual de 2CI es la de excitaci\u00f3n, mayor concentraci\u00f3n y estimulaci\u00f3n cerebral.<\/p>\n<p>Presenta numerosos efectos cognitivos t\u00edpicos de los estimulantes. Es m\u00e1s probable que los efectos negativos se manifiesten a dosis m\u00e1s altas o con un uso continuado, aunque suelen ser insignificantes a niveles bajos o moderados.<\/p>","protected":false},"excerpt":{"rendered":"<p>Buy 2CI Online 2CI (2-Aminoindane) Description: Due to the lack of study on the substance, all talks regarding its pharmacology have been limited to its structure and how it functions&hellip;<\/p>","protected":false},"featured_media":1554,"comment_status":"open","ping_status":"closed","template":"","meta":{"_joinchat":[]},"product_cat":[186],"product_tag":[1503,1524,1541,1519,1533,1520,1539,1540,1538,1530,1537,1527,1517,1529,1518,1535,1532,1526,1522,1542,1523,1536,1534,1531,1525,1528,1521],"class_list":{"0":"post-1443","1":"product","2":"type-product","3":"status-publish","4":"has-post-thumbnail","6":"product_cat-research-chemicals","7":"product_tag-2ce-online","8":"product_tag-2cl-powder","9":"product_tag-2cl-powder-for-cleaning","10":"product_tag-2cl-powder-for-sale","11":"product_tag-2cl-powder-store","12":"product_tag-2cl-powder-supplier","13":"product_tag-2cl-powder-use","14":"product_tag-2cl-powder-wiki","15":"product_tag-2cl-powder-worldwide","16":"product_tag-2cl-price","17":"product_tag-best-cheap-price-2cl-powder","18":"product_tag-best-place-to-buy-2cl","19":"product_tag-buy-2cl","20":"product_tag-buy-2cl-legally","21":"product_tag-buy-2cl-powder-online","22":"product_tag-cheap-2cl-powder","23":"product_tag-high-quality-2cl","24":"product_tag-how-to-buy-2cl","25":"product_tag-order-2cl","26":"product_tag-order-2cl-powder","27":"product_tag-order-2cl-powder-online","28":"product_tag-purcharse-2cl-powder-powder","29":"product_tag-shop-2cl-powder","30":"product_tag-top-quality-2cl","31":"product_tag-where-to-buy-2cl","32":"product_tag-where-to-order-2cl","33":"product_tag-wholesale-2cl-powder-bulk-online","35":"first","36":"instock","37":"shipping-taxable","38":"purchasable","39":"product-type-variable"},"yoast_head":"<!-- This site is optimized with the Yoast SEO plugin v24.1 - https:\/\/yoast.com\/wordpress\/plugins\/seo\/ -->\n<title>Buy 2CI Online - 2CI for Sale - Order 2CI Online<\/title>\n<meta name=\"description\" content=\"It is the best time to visit our online store and buy 2cl online. We have high-quality 2cl for sale here at most affordable price. Meet us online and place your order today.\" \/>\n<meta name=\"robots\" content=\"index, follow, max-snippet:-1, max-image-preview:large, max-video-preview:-1\" \/>\n<link rel=\"canonical\" href=\"https:\/\/nembutalhouse.com\/es\/producto\/buy-2ci-online\/\" \/>\n<meta property=\"og:locale\" content=\"es_ES\" \/>\n<meta property=\"og:type\" content=\"article\" \/>\n<meta property=\"og:title\" content=\"Buy 2CI Online - 2CI for Sale - Order 2CI Online\" \/>\n<meta property=\"og:description\" content=\"It is the best time to visit our online store and buy 2cl online. We have high-quality 2cl for sale here at most affordable price. Meet us online and place your order today.\" \/>\n<meta property=\"og:url\" content=\"https:\/\/nembutalhouse.com\/es\/producto\/buy-2ci-online\/\" \/>\n<meta property=\"og:site_name\" content=\"Nembutal House\" \/>\n<meta property=\"article:modified_time\" content=\"2026-03-06T07:01:56+00:00\" \/>\n<meta property=\"og:image\" content=\"https:\/\/nembutalhouse.com\/wp-content\/uploads\/2024\/10\/2CI.gif\" \/>\n\t<meta property=\"og:image:width\" content=\"600\" \/>\n\t<meta property=\"og:image:height\" content=\"600\" \/>\n\t<meta property=\"og:image:type\" content=\"image\/gif\" \/>\n<meta name=\"twitter:card\" content=\"summary_large_image\" \/>\n<meta name=\"twitter:label1\" content=\"Tiempo de lectura\" \/>\n\t<meta name=\"twitter:data1\" content=\"2 minutos\" \/>\n<script type=\"application\/ld+json\" class=\"yoast-schema-graph\">{\"@context\":\"https:\/\/schema.org\",\"@graph\":[{\"@type\":\"WebPage\",\"@id\":\"https:\/\/nembutalhouse.com\/product\/buy-2ci-online\/\",\"url\":\"https:\/\/nembutalhouse.com\/product\/buy-2ci-online\/\",\"name\":\"Buy 2CI Online - 2CI for Sale - Order 2CI Online\",\"isPartOf\":{\"@id\":\"https:\/\/nembutalhouse.com\/#website\"},\"primaryImageOfPage\":{\"@id\":\"https:\/\/nembutalhouse.com\/product\/buy-2ci-online\/#primaryimage\"},\"image\":{\"@id\":\"https:\/\/nembutalhouse.com\/product\/buy-2ci-online\/#primaryimage\"},\"thumbnailUrl\":\"https:\/\/nembutalhouse.com\/wp-content\/uploads\/2024\/10\/2CI.gif\",\"datePublished\":\"2024-10-16T11:50:50+00:00\",\"dateModified\":\"2026-03-06T07:01:56+00:00\",\"description\":\"It is the best time to visit our online store and buy 2cl online. We have high-quality 2cl for sale here at most affordable price. Meet us online and place your order today.\",\"breadcrumb\":{\"@id\":\"https:\/\/nembutalhouse.com\/product\/buy-2ci-online\/#breadcrumb\"},\"inLanguage\":\"es\",\"potentialAction\":[{\"@type\":\"ReadAction\",\"target\":[\"https:\/\/nembutalhouse.com\/product\/buy-2ci-online\/\"]}]},{\"@type\":\"ImageObject\",\"inLanguage\":\"es\",\"@id\":\"https:\/\/nembutalhouse.com\/product\/buy-2ci-online\/#primaryimage\",\"url\":\"https:\/\/nembutalhouse.com\/wp-content\/uploads\/2024\/10\/2CI.gif\",\"contentUrl\":\"https:\/\/nembutalhouse.com\/wp-content\/uploads\/2024\/10\/2CI.gif\",\"width\":600,\"height\":600,\"caption\":\"Buy 2CI Online\"},{\"@type\":\"BreadcrumbList\",\"@id\":\"https:\/\/nembutalhouse.com\/product\/buy-2ci-online\/#breadcrumb\",\"itemListElement\":[{\"@type\":\"ListItem\",\"position\":1,\"name\":\"Home\",\"item\":\"https:\/\/nembutalhouse.com\/\"},{\"@type\":\"ListItem\",\"position\":2,\"name\":\"Shop\",\"item\":\"https:\/\/nembutalhouse.com\/shop\/\"},{\"@type\":\"ListItem\",\"position\":3,\"name\":\"Buy 2CI Online\"}]},{\"@type\":\"WebSite\",\"@id\":\"https:\/\/nembutalhouse.com\/#website\",\"url\":\"https:\/\/nembutalhouse.com\/\",\"name\":\"Nembutal House\",\"description\":\"Best Nembutal Online Store\",\"publisher\":{\"@id\":\"https:\/\/nembutalhouse.com\/#organization\"},\"potentialAction\":[{\"@type\":\"SearchAction\",\"target\":{\"@type\":\"EntryPoint\",\"urlTemplate\":\"https:\/\/nembutalhouse.com\/?s={search_term_string}\"},\"query-input\":{\"@type\":\"PropertyValueSpecification\",\"valueRequired\":true,\"valueName\":\"search_term_string\"}}],\"inLanguage\":\"es\"},{\"@type\":\"Organization\",\"@id\":\"https:\/\/nembutalhouse.com\/#organization\",\"name\":\"Nembutal House\",\"url\":\"https:\/\/nembutalhouse.com\/\",\"logo\":{\"@type\":\"ImageObject\",\"inLanguage\":\"es\",\"@id\":\"https:\/\/nembutalhouse.com\/#\/schema\/logo\/image\/\",\"url\":\"https:\/\/nembutalhouse.com\/wp-content\/uploads\/2022\/12\/logo.png\",\"contentUrl\":\"https:\/\/nembutalhouse.com\/wp-content\/uploads\/2022\/12\/logo.png\",\"width\":344,\"height\":103,\"caption\":\"Nembutal House\"},\"image\":{\"@id\":\"https:\/\/nembutalhouse.com\/#\/schema\/logo\/image\/\"}}]}<\/script>\n<!-- \/ Yoast SEO plugin. -->","yoast_head_json":{"title":"Buy 2CI Online - 2CI for Sale - Order 2CI Online","description":"It is the best time to visit our online store and buy 2cl online. We have high-quality 2cl for sale here at most affordable price. Meet us online and place your order today.","robots":{"index":"index","follow":"follow","max-snippet":"max-snippet:-1","max-image-preview":"max-image-preview:large","max-video-preview":"max-video-preview:-1"},"canonical":"https:\/\/nembutalhouse.com\/es\/producto\/buy-2ci-online\/","og_locale":"es_ES","og_type":"article","og_title":"Buy 2CI Online - 2CI for Sale - Order 2CI Online","og_description":"It is the best time to visit our online store and buy 2cl online. We have high-quality 2cl for sale here at most affordable price. Meet us online and place your order today.","og_url":"https:\/\/nembutalhouse.com\/es\/producto\/buy-2ci-online\/","og_site_name":"Nembutal House","article_modified_time":"2026-03-06T07:01:56+00:00","og_image":[{"width":600,"height":600,"url":"https:\/\/nembutalhouse.com\/wp-content\/uploads\/2024\/10\/2CI.gif","type":"image\/gif"}],"twitter_card":"summary_large_image","twitter_misc":{"Tiempo de lectura":"2 minutos"},"schema":{"@context":"https:\/\/schema.org","@graph":[{"@type":"WebPage","@id":"https:\/\/nembutalhouse.com\/product\/buy-2ci-online\/","url":"https:\/\/nembutalhouse.com\/product\/buy-2ci-online\/","name":"Buy 2CI Online - 2CI for Sale - Order 2CI Online","isPartOf":{"@id":"https:\/\/nembutalhouse.com\/#website"},"primaryImageOfPage":{"@id":"https:\/\/nembutalhouse.com\/product\/buy-2ci-online\/#primaryimage"},"image":{"@id":"https:\/\/nembutalhouse.com\/product\/buy-2ci-online\/#primaryimage"},"thumbnailUrl":"https:\/\/nembutalhouse.com\/wp-content\/uploads\/2024\/10\/2CI.gif","datePublished":"2024-10-16T11:50:50+00:00","dateModified":"2026-03-06T07:01:56+00:00","description":"It is the best time to visit our online store and buy 2cl online. We have high-quality 2cl for sale here at most affordable price. Meet us online and place your order today.","breadcrumb":{"@id":"https:\/\/nembutalhouse.com\/product\/buy-2ci-online\/#breadcrumb"},"inLanguage":"es","potentialAction":[{"@type":"ReadAction","target":["https:\/\/nembutalhouse.com\/product\/buy-2ci-online\/"]}]},{"@type":"ImageObject","inLanguage":"es","@id":"https:\/\/nembutalhouse.com\/product\/buy-2ci-online\/#primaryimage","url":"https:\/\/nembutalhouse.com\/wp-content\/uploads\/2024\/10\/2CI.gif","contentUrl":"https:\/\/nembutalhouse.com\/wp-content\/uploads\/2024\/10\/2CI.gif","width":600,"height":600,"caption":"Buy 2CI Online"},{"@type":"BreadcrumbList","@id":"https:\/\/nembutalhouse.com\/product\/buy-2ci-online\/#breadcrumb","itemListElement":[{"@type":"ListItem","position":1,"name":"Home","item":"https:\/\/nembutalhouse.com\/"},{"@type":"ListItem","position":2,"name":"Shop","item":"https:\/\/nembutalhouse.com\/shop\/"},{"@type":"ListItem","position":3,"name":"Buy 2CI Online"}]},{"@type":"WebSite","@id":"https:\/\/nembutalhouse.com\/#website","url":"https:\/\/nembutalhouse.com\/","name":"Nembutal House","description":"Best Nembutal Online Store","publisher":{"@id":"https:\/\/nembutalhouse.com\/#organization"},"potentialAction":[{"@type":"SearchAction","target":{"@type":"EntryPoint","urlTemplate":"https:\/\/nembutalhouse.com\/?s={search_term_string}"},"query-input":{"@type":"PropertyValueSpecification","valueRequired":true,"valueName":"search_term_string"}}],"inLanguage":"es"},{"@type":"Organization","@id":"https:\/\/nembutalhouse.com\/#organization","name":"Nembutal House","url":"https:\/\/nembutalhouse.com\/","logo":{"@type":"ImageObject","inLanguage":"es","@id":"https:\/\/nembutalhouse.com\/#\/schema\/logo\/image\/","url":"https:\/\/nembutalhouse.com\/wp-content\/uploads\/2022\/12\/logo.png","contentUrl":"https:\/\/nembutalhouse.com\/wp-content\/uploads\/2022\/12\/logo.png","width":344,"height":103,"caption":"Nembutal House"},"image":{"@id":"https:\/\/nembutalhouse.com\/#\/schema\/logo\/image\/"}}]}},"_links":{"self":[{"href":"https:\/\/nembutalhouse.com\/es\/wp-json\/wp\/v2\/product\/1443","targetHints":{"allow":["GET"]}}],"collection":[{"href":"https:\/\/nembutalhouse.com\/es\/wp-json\/wp\/v2\/product"}],"about":[{"href":"https:\/\/nembutalhouse.com\/es\/wp-json\/wp\/v2\/types\/product"}],"replies":[{"embeddable":true,"href":"https:\/\/nembutalhouse.com\/es\/wp-json\/wp\/v2\/comments?post=1443"}],"wp:featuredmedia":[{"embeddable":true,"href":"https:\/\/nembutalhouse.com\/es\/wp-json\/wp\/v2\/media\/1554"}],"wp:attachment":[{"href":"https:\/\/nembutalhouse.com\/es\/wp-json\/wp\/v2\/media?parent=1443"}],"wp:term":[{"taxonomy":"product_cat","embeddable":true,"href":"https:\/\/nembutalhouse.com\/es\/wp-json\/wp\/v2\/product_cat?post=1443"},{"taxonomy":"product_tag","embeddable":true,"href":"https:\/\/nembutalhouse.com\/es\/wp-json\/wp\/v2\/product_tag?post=1443"}],"curies":[{"name":"wp","href":"https:\/\/api.w.org\/{rel}","templated":true}]}}