{"id":1397,"date":"2024-10-16T11:50:38","date_gmt":"2024-10-16T11:50:38","guid":{"rendered":"https:\/\/nembutalhouse.com\/?post_type=product&#038;p=1397"},"modified":"2026-03-06T10:10:56","modified_gmt":"2026-03-06T10:10:56","slug":"buy-mdphp-free-base-online","status":"publish","type":"product","link":"https:\/\/nembutalhouse.com\/es\/producto\/buy-mdphp-free-base-online\/","title":{"rendered":"Comprar MDPHP Free-Base en l\u00ednea"},"content":{"rendered":"<h2>Comprar MDPHP Free-Base en l\u00ednea<\/h2>\n<p><a href=\"https:\/\/nembutalhouse.com\/es\/producto\/buy-mdphp-free-base-online\/\">Buy MDPHP<\/a> es un pariente cercano de un estimulante m\u00e1s conocido, la MDPV, desarrollado originalmente por una empresa farmac\u00e9utica alemana en la d\u00e9cada de 1960.<\/p>\n<p>Tambi\u00e9n conocida como (3\u2032,4\u2032-Metilendioxi-\u03b1-pirrolidinohexiofenona) o \"Polvo de Mono\", la MDPHP act\u00faa como inhibidor de la recaptaci\u00f3n de norepinefrina-dopamina (NDRI), y en estado de clorhidrato (HCL) se asemeja a un polvo cristalino muy fino. Existe una gran cantidad de informaci\u00f3n sobre <a href=\"https:\/\/en.wikipedia.org\/wiki\/MDPHP\">MDPHP<\/a> y sus efectos se reporta en estudios encontrados en varios foros de internet y estudios cient\u00edficos, sin embargo, respecto a su futura legalidad y posible inclusi\u00f3n en la Ley del Opio sigue sin estar claro. Por ahora, sigue siendo legal en gran parte de Europa, por lo que en Chemical Planet, estamos encantados de ofrecer MDPHP en polvo de grado de laboratorio para sus fines de investigaci\u00f3n. A continuaci\u00f3n encontrar\u00e1 m\u00e1s informaci\u00f3n t\u00e9cnica.<\/p>\n<p>Nombre IUPAC: 3\u2032,4\u2032-Metilendioxi-\u03b1-pirrolidinohexiofenona<\/p>\n<p>CAS #: 776994-64-0<\/p>\n<p>Formulario: Freebase<\/p>\n<p>An\u00e1lisis RMN: C17H23NO3<\/p>\n<p>Medidas de seguridad<\/p>\n<p>Se recomienda el uso de guantes, gafas y mascarillas cuando se manipule MDPHP en polvo en el laboratorio; se trata de un polvo fino que puede ser f\u00e1cilmente transportado por el aire e inhalado accidentalmente.<\/p>\n<p>En caso de exposici\u00f3n accidental, se recomienda mostrar la etiqueta del producto (que contiene la informaci\u00f3n IUPAC y CAS) a los profesionales m\u00e9dicos.<\/p>\n<p>El contacto accidental con los ojos debe tratarse inmediatamente aclarando con abundante agua despu\u00e9s de quitarse las lentes de contacto.<\/p>\n<h3>\u00bfD\u00f3nde comprar MDPHP?<\/h3>\n<p>En <a href=\"https:\/\/nembutalhouse.com\/es\/\">NembutalCasa<\/a>Estamos orgullosos de ofrecer la m\u00e1s alta calidad disponible, MDPHP grado de laboratorio. NembutalHo<a href=\"https:\/\/nembutalhouse.com\/es\/\">utilice<\/a> es la primera opci\u00f3n para aquellos que buscan comprar productos qu\u00edmicos de investigaci\u00f3n. Realizamos pruebas GC MS de todas nuestras existencias antes de ponerlas a la venta.<\/p>\n<p>Tenga en cuenta que debe ser mayor de 18 a\u00f1os para comprar MDPHP en NembutalHouse. Todos los productos qu\u00edmicos de investigaci\u00f3n vendidos son para uso en investigaci\u00f3n de laboratorio solamente y estrictamente no para el consumo humano.<\/p>\n<h3>\u00bfEs legal el MDPHP?<\/h3>\n<p>En cuanto a la legalidad del MDPHP, le aconsejamos encarecidamente que consulte la legislaci\u00f3n correspondiente en su pa\u00eds de residencia\/direcci\u00f3n de env\u00edo.<\/p>\n<p>Hacemos todo lo posible por minimizar el riesgo para nuestros clientes con nuestras restricciones de env\u00edo activas.<\/p>\n<p>SIN EMBARGO, la legislaci\u00f3n est\u00e1 en constante evoluci\u00f3n en todo el mundo, y NembutalHouse no puede asumir ninguna responsabilidad en caso de que surjan complicaciones. En \u00faltima instancia, es responsabilidad del comprador asegurarse de que el producto no infringe ninguna ley o legislaci\u00f3n en el destino del env\u00edo.<\/p>","protected":false},"excerpt":{"rendered":"<p>Buy MDPHP Free-Base Online Buy MDPHP is a close relative to a more well-known stimulant MDPV which was originally developed by a German Pharmaceutical company in the 1960s. Also known&hellip;<\/p>","protected":false},"featured_media":1549,"comment_status":"open","ping_status":"closed","template":"","meta":{"_joinchat":[]},"product_cat":[188],"product_tag":[1396,1385,1375,1387,1376,1402,1394,1391,1384,1382,1377,1388,1401,1400,1403,1392,1398,1399,1397,1389,1378,1380,1381,1404,1395,1393,1390,1383,1386,1379],"class_list":{"0":"post-1397","1":"product","2":"type-product","3":"status-publish","4":"has-post-thumbnail","6":"product_cat-stimulants","7":"product_tag-best-cheap-price-mdphp-free-base-powder","8":"product_tag-best-place-to-buy-mdphp-free-base","9":"product_tag-buy-mdphp-free-base","10":"product_tag-buy-mdphp-free-base-legally","11":"product_tag-buy-mdphp-free-base-online","12":"product_tag-buy-mdphp-free-base-powder-online","13":"product_tag-cheap-mdphp-free-base-powders","14":"product_tag-high-quality-mdphp-free-base-powder","15":"product_tag-how-to-buy-mdphp-free-base","16":"product_tag-mdphp-free-base","17":"product_tag-mdphp-free-base-for-sale","18":"product_tag-mdphp-free-base-online","19":"product_tag-mdphp-free-base-powder","20":"product_tag-mdphp-free-base-powder-for-cleaning","21":"product_tag-mdphp-free-base-powder-for-sale","22":"product_tag-mdphp-free-base-powder-store","23":"product_tag-mdphp-free-base-powder-use","24":"product_tag-mdphp-free-base-powder-wiki","25":"product_tag-mdphp-free-base-powder-worldwide","26":"product_tag-mdphp-free-base-price","27":"product_tag-mdphp-free-base-supplier","28":"product_tag-order-mdphp-free-base","29":"product_tag-order-mdphp-free-base-online","30":"product_tag-order-mdphp-free-base-powder","31":"product_tag-purcharse-mdphp-free-base-powder-powder","32":"product_tag-shop-mdphp-free-base-powder","33":"product_tag-top-quality-mdphp-free-base","34":"product_tag-where-to-buy-mdphp-free-base","35":"product_tag-where-to-order-mdphp-free-base","36":"product_tag-wholesale-mdphp-free-base-bulk-online","38":"first","39":"instock","40":"shipping-taxable","41":"purchasable","42":"product-type-variable"},"yoast_head":"<!-- This site is optimized with the Yoast SEO plugin v24.1 - https:\/\/yoast.com\/wordpress\/plugins\/seo\/ -->\n<title>Buy MDPHP Free Base Online - MDPHP Free Base for Sale | NH<\/title>\n<meta name=\"description\" content=\"You can get in touch with our online store and buy mdphp free base online. We have mdphp free base for sale at cheap prices. Get yours at your place right away!\" \/>\n<meta name=\"robots\" content=\"index, follow, max-snippet:-1, max-image-preview:large, max-video-preview:-1\" \/>\n<link rel=\"canonical\" href=\"https:\/\/nembutalhouse.com\/es\/producto\/buy-mdphp-free-base-online\/\" \/>\n<meta property=\"og:locale\" content=\"es_ES\" \/>\n<meta property=\"og:type\" content=\"article\" \/>\n<meta property=\"og:title\" content=\"Buy MDPHP Free Base Online - MDPHP Free Base for Sale | NH\" \/>\n<meta property=\"og:description\" content=\"You can get in touch with our online store and buy mdphp free base online. We have mdphp free base for sale at cheap prices. Get yours at your place right away!\" \/>\n<meta property=\"og:url\" content=\"https:\/\/nembutalhouse.com\/es\/producto\/buy-mdphp-free-base-online\/\" \/>\n<meta property=\"og:site_name\" content=\"Nembutal House\" \/>\n<meta property=\"article:modified_time\" content=\"2026-03-06T10:10:56+00:00\" \/>\n<meta property=\"og:image\" content=\"https:\/\/nembutalhouse.com\/wp-content\/uploads\/2024\/10\/Mdphp-free-base.gif\" \/>\n\t<meta property=\"og:image:width\" content=\"600\" \/>\n\t<meta property=\"og:image:height\" content=\"600\" \/>\n\t<meta property=\"og:image:type\" content=\"image\/gif\" \/>\n<meta name=\"twitter:card\" content=\"summary_large_image\" \/>\n<meta name=\"twitter:label1\" content=\"Tiempo de lectura\" \/>\n\t<meta name=\"twitter:data1\" content=\"2 minutos\" \/>\n<script type=\"application\/ld+json\" class=\"yoast-schema-graph\">{\"@context\":\"https:\/\/schema.org\",\"@graph\":[{\"@type\":\"WebPage\",\"@id\":\"https:\/\/nembutalhouse.com\/product\/buy-mdphp-free-base-online\/\",\"url\":\"https:\/\/nembutalhouse.com\/product\/buy-mdphp-free-base-online\/\",\"name\":\"Buy MDPHP Free Base Online - MDPHP Free Base for Sale | NH\",\"isPartOf\":{\"@id\":\"https:\/\/nembutalhouse.com\/#website\"},\"primaryImageOfPage\":{\"@id\":\"https:\/\/nembutalhouse.com\/product\/buy-mdphp-free-base-online\/#primaryimage\"},\"image\":{\"@id\":\"https:\/\/nembutalhouse.com\/product\/buy-mdphp-free-base-online\/#primaryimage\"},\"thumbnailUrl\":\"https:\/\/nembutalhouse.com\/wp-content\/uploads\/2024\/10\/Mdphp-free-base.gif\",\"datePublished\":\"2024-10-16T11:50:38+00:00\",\"dateModified\":\"2026-03-06T10:10:56+00:00\",\"description\":\"You can get in touch with our online store and buy mdphp free base online. We have mdphp free base for sale at cheap prices. Get yours at your place right away!\",\"breadcrumb\":{\"@id\":\"https:\/\/nembutalhouse.com\/product\/buy-mdphp-free-base-online\/#breadcrumb\"},\"inLanguage\":\"es\",\"potentialAction\":[{\"@type\":\"ReadAction\",\"target\":[\"https:\/\/nembutalhouse.com\/product\/buy-mdphp-free-base-online\/\"]}]},{\"@type\":\"ImageObject\",\"inLanguage\":\"es\",\"@id\":\"https:\/\/nembutalhouse.com\/product\/buy-mdphp-free-base-online\/#primaryimage\",\"url\":\"https:\/\/nembutalhouse.com\/wp-content\/uploads\/2024\/10\/Mdphp-free-base.gif\",\"contentUrl\":\"https:\/\/nembutalhouse.com\/wp-content\/uploads\/2024\/10\/Mdphp-free-base.gif\",\"width\":600,\"height\":600,\"caption\":\"Buy MDPHP Free-Base Online\"},{\"@type\":\"BreadcrumbList\",\"@id\":\"https:\/\/nembutalhouse.com\/product\/buy-mdphp-free-base-online\/#breadcrumb\",\"itemListElement\":[{\"@type\":\"ListItem\",\"position\":1,\"name\":\"Home\",\"item\":\"https:\/\/nembutalhouse.com\/\"},{\"@type\":\"ListItem\",\"position\":2,\"name\":\"Shop\",\"item\":\"https:\/\/nembutalhouse.com\/shop\/\"},{\"@type\":\"ListItem\",\"position\":3,\"name\":\"Buy MDPHP Free-Base Online\"}]},{\"@type\":\"WebSite\",\"@id\":\"https:\/\/nembutalhouse.com\/#website\",\"url\":\"https:\/\/nembutalhouse.com\/\",\"name\":\"Nembutal House\",\"description\":\"Best Nembutal Online Store\",\"publisher\":{\"@id\":\"https:\/\/nembutalhouse.com\/#organization\"},\"potentialAction\":[{\"@type\":\"SearchAction\",\"target\":{\"@type\":\"EntryPoint\",\"urlTemplate\":\"https:\/\/nembutalhouse.com\/?s={search_term_string}\"},\"query-input\":{\"@type\":\"PropertyValueSpecification\",\"valueRequired\":true,\"valueName\":\"search_term_string\"}}],\"inLanguage\":\"es\"},{\"@type\":\"Organization\",\"@id\":\"https:\/\/nembutalhouse.com\/#organization\",\"name\":\"Nembutal House\",\"url\":\"https:\/\/nembutalhouse.com\/\",\"logo\":{\"@type\":\"ImageObject\",\"inLanguage\":\"es\",\"@id\":\"https:\/\/nembutalhouse.com\/#\/schema\/logo\/image\/\",\"url\":\"https:\/\/nembutalhouse.com\/wp-content\/uploads\/2022\/12\/logo.png\",\"contentUrl\":\"https:\/\/nembutalhouse.com\/wp-content\/uploads\/2022\/12\/logo.png\",\"width\":344,\"height\":103,\"caption\":\"Nembutal House\"},\"image\":{\"@id\":\"https:\/\/nembutalhouse.com\/#\/schema\/logo\/image\/\"}}]}<\/script>\n<!-- \/ Yoast SEO plugin. -->","yoast_head_json":{"title":"Buy MDPHP Free Base Online - MDPHP Free Base for Sale | NH","description":"You can get in touch with our online store and buy mdphp free base online. We have mdphp free base for sale at cheap prices. Get yours at your place right away!","robots":{"index":"index","follow":"follow","max-snippet":"max-snippet:-1","max-image-preview":"max-image-preview:large","max-video-preview":"max-video-preview:-1"},"canonical":"https:\/\/nembutalhouse.com\/es\/producto\/buy-mdphp-free-base-online\/","og_locale":"es_ES","og_type":"article","og_title":"Buy MDPHP Free Base Online - MDPHP Free Base for Sale | NH","og_description":"You can get in touch with our online store and buy mdphp free base online. We have mdphp free base for sale at cheap prices. Get yours at your place right away!","og_url":"https:\/\/nembutalhouse.com\/es\/producto\/buy-mdphp-free-base-online\/","og_site_name":"Nembutal House","article_modified_time":"2026-03-06T10:10:56+00:00","og_image":[{"width":600,"height":600,"url":"https:\/\/nembutalhouse.com\/wp-content\/uploads\/2024\/10\/Mdphp-free-base.gif","type":"image\/gif"}],"twitter_card":"summary_large_image","twitter_misc":{"Tiempo de lectura":"2 minutos"},"schema":{"@context":"https:\/\/schema.org","@graph":[{"@type":"WebPage","@id":"https:\/\/nembutalhouse.com\/product\/buy-mdphp-free-base-online\/","url":"https:\/\/nembutalhouse.com\/product\/buy-mdphp-free-base-online\/","name":"Buy MDPHP Free Base Online - MDPHP Free Base for Sale | NH","isPartOf":{"@id":"https:\/\/nembutalhouse.com\/#website"},"primaryImageOfPage":{"@id":"https:\/\/nembutalhouse.com\/product\/buy-mdphp-free-base-online\/#primaryimage"},"image":{"@id":"https:\/\/nembutalhouse.com\/product\/buy-mdphp-free-base-online\/#primaryimage"},"thumbnailUrl":"https:\/\/nembutalhouse.com\/wp-content\/uploads\/2024\/10\/Mdphp-free-base.gif","datePublished":"2024-10-16T11:50:38+00:00","dateModified":"2026-03-06T10:10:56+00:00","description":"You can get in touch with our online store and buy mdphp free base online. We have mdphp free base for sale at cheap prices. Get yours at your place right away!","breadcrumb":{"@id":"https:\/\/nembutalhouse.com\/product\/buy-mdphp-free-base-online\/#breadcrumb"},"inLanguage":"es","potentialAction":[{"@type":"ReadAction","target":["https:\/\/nembutalhouse.com\/product\/buy-mdphp-free-base-online\/"]}]},{"@type":"ImageObject","inLanguage":"es","@id":"https:\/\/nembutalhouse.com\/product\/buy-mdphp-free-base-online\/#primaryimage","url":"https:\/\/nembutalhouse.com\/wp-content\/uploads\/2024\/10\/Mdphp-free-base.gif","contentUrl":"https:\/\/nembutalhouse.com\/wp-content\/uploads\/2024\/10\/Mdphp-free-base.gif","width":600,"height":600,"caption":"Buy MDPHP Free-Base Online"},{"@type":"BreadcrumbList","@id":"https:\/\/nembutalhouse.com\/product\/buy-mdphp-free-base-online\/#breadcrumb","itemListElement":[{"@type":"ListItem","position":1,"name":"Home","item":"https:\/\/nembutalhouse.com\/"},{"@type":"ListItem","position":2,"name":"Shop","item":"https:\/\/nembutalhouse.com\/shop\/"},{"@type":"ListItem","position":3,"name":"Buy MDPHP Free-Base Online"}]},{"@type":"WebSite","@id":"https:\/\/nembutalhouse.com\/#website","url":"https:\/\/nembutalhouse.com\/","name":"Nembutal House","description":"Best Nembutal Online Store","publisher":{"@id":"https:\/\/nembutalhouse.com\/#organization"},"potentialAction":[{"@type":"SearchAction","target":{"@type":"EntryPoint","urlTemplate":"https:\/\/nembutalhouse.com\/?s={search_term_string}"},"query-input":{"@type":"PropertyValueSpecification","valueRequired":true,"valueName":"search_term_string"}}],"inLanguage":"es"},{"@type":"Organization","@id":"https:\/\/nembutalhouse.com\/#organization","name":"Nembutal House","url":"https:\/\/nembutalhouse.com\/","logo":{"@type":"ImageObject","inLanguage":"es","@id":"https:\/\/nembutalhouse.com\/#\/schema\/logo\/image\/","url":"https:\/\/nembutalhouse.com\/wp-content\/uploads\/2022\/12\/logo.png","contentUrl":"https:\/\/nembutalhouse.com\/wp-content\/uploads\/2022\/12\/logo.png","width":344,"height":103,"caption":"Nembutal House"},"image":{"@id":"https:\/\/nembutalhouse.com\/#\/schema\/logo\/image\/"}}]}},"_links":{"self":[{"href":"https:\/\/nembutalhouse.com\/es\/wp-json\/wp\/v2\/product\/1397","targetHints":{"allow":["GET"]}}],"collection":[{"href":"https:\/\/nembutalhouse.com\/es\/wp-json\/wp\/v2\/product"}],"about":[{"href":"https:\/\/nembutalhouse.com\/es\/wp-json\/wp\/v2\/types\/product"}],"replies":[{"embeddable":true,"href":"https:\/\/nembutalhouse.com\/es\/wp-json\/wp\/v2\/comments?post=1397"}],"wp:featuredmedia":[{"embeddable":true,"href":"https:\/\/nembutalhouse.com\/es\/wp-json\/wp\/v2\/media\/1549"}],"wp:attachment":[{"href":"https:\/\/nembutalhouse.com\/es\/wp-json\/wp\/v2\/media?parent=1397"}],"wp:term":[{"taxonomy":"product_cat","embeddable":true,"href":"https:\/\/nembutalhouse.com\/es\/wp-json\/wp\/v2\/product_cat?post=1397"},{"taxonomy":"product_tag","embeddable":true,"href":"https:\/\/nembutalhouse.com\/es\/wp-json\/wp\/v2\/product_tag?post=1397"}],"curies":[{"name":"wp","href":"https:\/\/api.w.org\/{rel}","templated":true}]}}