{"id":1396,"date":"2024-10-16T11:50:38","date_gmt":"2024-10-16T11:50:38","guid":{"rendered":"https:\/\/nembutalhouse.com\/?post_type=product&#038;p=1396"},"modified":"2026-03-06T10:05:12","modified_gmt":"2026-03-06T10:05:12","slug":"buy-mdma-online","status":"publish","type":"product","link":"https:\/\/nembutalhouse.com\/es\/producto\/comprar-mdma-online\/","title":{"rendered":"Comprar MDMA en l\u00ednea"},"content":{"rendered":"<h2>Comprar MDMA en l\u00ednea<\/h2>\n<p><a href=\"https:\/\/nembutalhouse.com\/es\/producto\/comprar-mdma-online\/\">Cristales de MDMA en polvo<\/a> son una combinaci\u00f3n estimulante-psicod\u00e9lica que provoca distorsiones energ\u00e9ticas, alteraci\u00f3n de la percepci\u00f3n del tiempo y aumento del placer de los est\u00edmulos t\u00e1ctiles.<br \/>\n1, 2 Los efectos de la MDMA, acr\u00f3nimo de 3,4-metilendioximetanfetamina, suelen sentirse entre tres y seis horas despu\u00e9s de su administraci\u00f3n oral, normalmente en forma de comprimido o c\u00e1psula.<\/p>\n<p>La dosis habitual es de una a dos pastillas, cada una de las cuales contiene entre 60 y 120 miligramos de MDMA.<\/p>\n<p>Cuando los efectos de la primera dosis empiezan a desaparecer, es habitual que los usuarios tomen una segunda dosis del medicamento.<\/p>\n<p>La 3,4-metilendioximetanfetamina, o MDMA en polvo, es una sustancia sint\u00e9tica que afecta al estado de \u00e1nimo y a la percepci\u00f3n (conciencia del entorno). <a href=\"https:\/\/nembutalhouse.com\/es\/\">NembutalCasa<\/a><\/p>\n<p>Produce sensaciones de mayor energ\u00eda, placer, calidez emocional y percepci\u00f3n sensorial y temporal sesgada. Qu\u00edmicamente, es comparable tanto a los estimulantes como a los alucin\u00f3genos.<\/p>\n<p>Los cristales de MDMA en polvo ganaron popularidad en la industria de los clubes nocturnos y en las fiestas de baile que duraban toda la noche, o \"raves\", pero los consumidores actuales de la sustancia son m\u00e1s diversos y es m\u00e1s probable que se refieran a ella como Molly o \u00c9xtasis.<\/p>\n<p>\u00bfQu\u00e9 uso se le da?<\/p>\n<p><a href=\"https:\/\/en.wikipedia.org\/wiki\/MDMA\">MDMA en polvo<\/a> Los cristales suelen tomarse en forma de comprimidos o c\u00e1psulas, mientras que algunas personas inhalan el polvo o lo beben en forma l\u00edquida.<\/p>\n<p>Molly, que es la abreviatura de \"molecular\", es un nombre com\u00fan para la forma de polvo cristalino supuestamente \"puro\" de este producto, que normalmente se ofrece en forma de c\u00e1psulas.<\/p>\n<p>Pero los compradores de polvos o p\u00edldoras comercializadas como Molly a menudo acaban comprando otros medicamentos, como<\/p>\n<p>En su lugar, utilice catinonas artificiales, a veces conocidas como \"sales de ba\u00f1o\" (v\u00e9ase \"Riesgo a\u00f1adido de este producto\").<\/p>\n<p>3,4-metilendioximetanfetamina combinada con alcohol o marihuana, entre otras sustancias.<\/p>\n<p>Tres sustancias qu\u00edmicas del cerebro se activan m\u00e1s cuando est\u00e1 presente:<\/p>\n<p>Dopamina: produce un pico de felicidad y un aumento del vigor y la actividad.<\/p>\n<p>La norepinefrina eleva la presi\u00f3n arterial y el pulso, lo que es especialmente peligroso para las personas con problemas de coraz\u00f3n y vasos sangu\u00edneos.<\/p>\n<p>Serotonina: influye en el hambre, las emociones, el sue\u00f1o y otros procesos corporales.<\/p>\n<p>Tambi\u00e9n pone en marcha sustancias qu\u00edmicas relacionadas con la confianza y la excitaci\u00f3n sexual.<\/p>\n<p>Los altos niveles de serotonina liberados son probablemente los que dan a los usuarios de este producto su elevado estado de \u00e1nimo, su conexi\u00f3n emocional y su empat\u00eda.<\/p>\n<p>&nbsp;<\/p>\n<p>&nbsp;<\/p>","protected":false},"excerpt":{"rendered":"<p>Buy MDMA Online MDMA Powder Crystals are a stimulant-psychedelic combination that causes energy distortions, altered perception of time, and increased pleasure from tactile stimuli. 1, 2 The effects of MDMA,&hellip;<\/p>","protected":false},"featured_media":1539,"comment_status":"open","ping_status":"closed","template":"","meta":{"_joinchat":[]},"product_cat":[188],"product_tag":[1366,1355,1346,1357,1347,1372,1364,1361,1354,202,1348,1358,1371,1370,1373,1362,1368,1369,1367,1359,1349,1351,1352,1374,1365,1363,1360,1353,1356,1350],"class_list":{"0":"post-1396","1":"product","2":"type-product","3":"status-publish","4":"has-post-thumbnail","6":"product_cat-stimulants","7":"product_tag-best-cheap-price-mdma-powder","8":"product_tag-best-place-to-buy-mdma","9":"product_tag-buy-mdm","10":"product_tag-buy-mdma-legally","11":"product_tag-buy-mdma-online","12":"product_tag-buy-mdma-powder-online","13":"product_tag-cheap-mdma-powders","14":"product_tag-high-quality-mdma-powder","15":"product_tag-how-to-buy-mdma","16":"product_tag-mdma","17":"product_tag-mdma-for-sale","18":"product_tag-mdma-online","19":"product_tag-mdma-powder","20":"product_tag-mdma-powder-for-cleaning","21":"product_tag-mdma-powder-for-sale","22":"product_tag-mdma-powder-store","23":"product_tag-mdma-powder-use","24":"product_tag-mdma-powder-wiki","25":"product_tag-mdma-powder-worldwide","26":"product_tag-mdma-price","27":"product_tag-mdma-supplier","28":"product_tag-order-mdma","29":"product_tag-order-mdma-online","30":"product_tag-order-mdma-powder","31":"product_tag-purcharse-mdma-powder-powder","32":"product_tag-shop-mdma-powder","33":"product_tag-top-quality-mdma","34":"product_tag-where-to-buy-mdma","35":"product_tag-where-to-order-mdma","36":"product_tag-wholesale-mdma-bulk-online","38":"first","39":"instock","40":"shipping-taxable","41":"purchasable","42":"product-type-variable"},"yoast_head":"<!-- This site is optimized with the Yoast SEO plugin v24.1 - https:\/\/yoast.com\/wordpress\/plugins\/seo\/ -->\n<title>MDMA for Sale - Buy MDMA Online - Order MDMA Online<\/title>\n<meta name=\"description\" content=\"You can get mdma for sale at the best rates from our online store. We are here to help you buy mdma online. Connect with best store in town today!\" \/>\n<meta name=\"robots\" content=\"index, follow, max-snippet:-1, max-image-preview:large, max-video-preview:-1\" \/>\n<link rel=\"canonical\" href=\"https:\/\/nembutalhouse.com\/es\/producto\/comprar-mdma-online\/\" \/>\n<meta property=\"og:locale\" content=\"es_ES\" \/>\n<meta property=\"og:type\" content=\"article\" \/>\n<meta property=\"og:title\" content=\"MDMA for Sale - Buy MDMA Online - Order MDMA Online\" \/>\n<meta property=\"og:description\" content=\"You can get mdma for sale at the best rates from our online store. We are here to help you buy mdma online. Connect with best store in town today!\" \/>\n<meta property=\"og:url\" content=\"https:\/\/nembutalhouse.com\/es\/producto\/comprar-mdma-online\/\" \/>\n<meta property=\"og:site_name\" content=\"Nembutal House\" \/>\n<meta property=\"article:modified_time\" content=\"2026-03-06T10:05:12+00:00\" \/>\n<meta property=\"og:image\" content=\"https:\/\/nembutalhouse.com\/wp-content\/uploads\/2024\/10\/MDMA-1.gif\" \/>\n\t<meta property=\"og:image:width\" content=\"600\" \/>\n\t<meta property=\"og:image:height\" content=\"600\" \/>\n\t<meta property=\"og:image:type\" content=\"image\/gif\" \/>\n<meta name=\"twitter:card\" content=\"summary_large_image\" \/>\n<meta name=\"twitter:label1\" content=\"Tiempo de lectura\" \/>\n\t<meta name=\"twitter:data1\" content=\"2 minutos\" \/>\n<script type=\"application\/ld+json\" class=\"yoast-schema-graph\">{\"@context\":\"https:\/\/schema.org\",\"@graph\":[{\"@type\":\"WebPage\",\"@id\":\"https:\/\/nembutalhouse.com\/product\/buy-mdma-online\/\",\"url\":\"https:\/\/nembutalhouse.com\/product\/buy-mdma-online\/\",\"name\":\"MDMA for Sale - Buy MDMA Online - Order MDMA Online\",\"isPartOf\":{\"@id\":\"https:\/\/nembutalhouse.com\/#website\"},\"primaryImageOfPage\":{\"@id\":\"https:\/\/nembutalhouse.com\/product\/buy-mdma-online\/#primaryimage\"},\"image\":{\"@id\":\"https:\/\/nembutalhouse.com\/product\/buy-mdma-online\/#primaryimage\"},\"thumbnailUrl\":\"https:\/\/nembutalhouse.com\/wp-content\/uploads\/2024\/10\/MDMA-1.gif\",\"datePublished\":\"2024-10-16T11:50:38+00:00\",\"dateModified\":\"2026-03-06T10:05:12+00:00\",\"description\":\"You can get mdma for sale at the best rates from our online store. We are here to help you buy mdma online. Connect with best store in town today!\",\"breadcrumb\":{\"@id\":\"https:\/\/nembutalhouse.com\/product\/buy-mdma-online\/#breadcrumb\"},\"inLanguage\":\"es\",\"potentialAction\":[{\"@type\":\"ReadAction\",\"target\":[\"https:\/\/nembutalhouse.com\/product\/buy-mdma-online\/\"]}]},{\"@type\":\"ImageObject\",\"inLanguage\":\"es\",\"@id\":\"https:\/\/nembutalhouse.com\/product\/buy-mdma-online\/#primaryimage\",\"url\":\"https:\/\/nembutalhouse.com\/wp-content\/uploads\/2024\/10\/MDMA-1.gif\",\"contentUrl\":\"https:\/\/nembutalhouse.com\/wp-content\/uploads\/2024\/10\/MDMA-1.gif\",\"width\":600,\"height\":600,\"caption\":\"Buy MDMA Online\"},{\"@type\":\"BreadcrumbList\",\"@id\":\"https:\/\/nembutalhouse.com\/product\/buy-mdma-online\/#breadcrumb\",\"itemListElement\":[{\"@type\":\"ListItem\",\"position\":1,\"name\":\"Home\",\"item\":\"https:\/\/nembutalhouse.com\/\"},{\"@type\":\"ListItem\",\"position\":2,\"name\":\"Shop\",\"item\":\"https:\/\/nembutalhouse.com\/shop\/\"},{\"@type\":\"ListItem\",\"position\":3,\"name\":\"Buy MDMA Online\"}]},{\"@type\":\"WebSite\",\"@id\":\"https:\/\/nembutalhouse.com\/#website\",\"url\":\"https:\/\/nembutalhouse.com\/\",\"name\":\"Nembutal House\",\"description\":\"Best Nembutal Online Store\",\"publisher\":{\"@id\":\"https:\/\/nembutalhouse.com\/#organization\"},\"potentialAction\":[{\"@type\":\"SearchAction\",\"target\":{\"@type\":\"EntryPoint\",\"urlTemplate\":\"https:\/\/nembutalhouse.com\/?s={search_term_string}\"},\"query-input\":{\"@type\":\"PropertyValueSpecification\",\"valueRequired\":true,\"valueName\":\"search_term_string\"}}],\"inLanguage\":\"es\"},{\"@type\":\"Organization\",\"@id\":\"https:\/\/nembutalhouse.com\/#organization\",\"name\":\"Nembutal House\",\"url\":\"https:\/\/nembutalhouse.com\/\",\"logo\":{\"@type\":\"ImageObject\",\"inLanguage\":\"es\",\"@id\":\"https:\/\/nembutalhouse.com\/#\/schema\/logo\/image\/\",\"url\":\"https:\/\/nembutalhouse.com\/wp-content\/uploads\/2022\/12\/logo.png\",\"contentUrl\":\"https:\/\/nembutalhouse.com\/wp-content\/uploads\/2022\/12\/logo.png\",\"width\":344,\"height\":103,\"caption\":\"Nembutal House\"},\"image\":{\"@id\":\"https:\/\/nembutalhouse.com\/#\/schema\/logo\/image\/\"}}]}<\/script>\n<!-- \/ Yoast SEO plugin. -->","yoast_head_json":{"title":"MDMA for Sale - Buy MDMA Online - Order MDMA Online","description":"You can get mdma for sale at the best rates from our online store. We are here to help you buy mdma online. Connect with best store in town today!","robots":{"index":"index","follow":"follow","max-snippet":"max-snippet:-1","max-image-preview":"max-image-preview:large","max-video-preview":"max-video-preview:-1"},"canonical":"https:\/\/nembutalhouse.com\/es\/producto\/comprar-mdma-online\/","og_locale":"es_ES","og_type":"article","og_title":"MDMA for Sale - Buy MDMA Online - Order MDMA Online","og_description":"You can get mdma for sale at the best rates from our online store. We are here to help you buy mdma online. Connect with best store in town today!","og_url":"https:\/\/nembutalhouse.com\/es\/producto\/comprar-mdma-online\/","og_site_name":"Nembutal House","article_modified_time":"2026-03-06T10:05:12+00:00","og_image":[{"width":600,"height":600,"url":"https:\/\/nembutalhouse.com\/wp-content\/uploads\/2024\/10\/MDMA-1.gif","type":"image\/gif"}],"twitter_card":"summary_large_image","twitter_misc":{"Tiempo de lectura":"2 minutos"},"schema":{"@context":"https:\/\/schema.org","@graph":[{"@type":"WebPage","@id":"https:\/\/nembutalhouse.com\/product\/buy-mdma-online\/","url":"https:\/\/nembutalhouse.com\/product\/buy-mdma-online\/","name":"MDMA for Sale - Buy MDMA Online - Order MDMA Online","isPartOf":{"@id":"https:\/\/nembutalhouse.com\/#website"},"primaryImageOfPage":{"@id":"https:\/\/nembutalhouse.com\/product\/buy-mdma-online\/#primaryimage"},"image":{"@id":"https:\/\/nembutalhouse.com\/product\/buy-mdma-online\/#primaryimage"},"thumbnailUrl":"https:\/\/nembutalhouse.com\/wp-content\/uploads\/2024\/10\/MDMA-1.gif","datePublished":"2024-10-16T11:50:38+00:00","dateModified":"2026-03-06T10:05:12+00:00","description":"You can get mdma for sale at the best rates from our online store. We are here to help you buy mdma online. Connect with best store in town today!","breadcrumb":{"@id":"https:\/\/nembutalhouse.com\/product\/buy-mdma-online\/#breadcrumb"},"inLanguage":"es","potentialAction":[{"@type":"ReadAction","target":["https:\/\/nembutalhouse.com\/product\/buy-mdma-online\/"]}]},{"@type":"ImageObject","inLanguage":"es","@id":"https:\/\/nembutalhouse.com\/product\/buy-mdma-online\/#primaryimage","url":"https:\/\/nembutalhouse.com\/wp-content\/uploads\/2024\/10\/MDMA-1.gif","contentUrl":"https:\/\/nembutalhouse.com\/wp-content\/uploads\/2024\/10\/MDMA-1.gif","width":600,"height":600,"caption":"Buy MDMA Online"},{"@type":"BreadcrumbList","@id":"https:\/\/nembutalhouse.com\/product\/buy-mdma-online\/#breadcrumb","itemListElement":[{"@type":"ListItem","position":1,"name":"Home","item":"https:\/\/nembutalhouse.com\/"},{"@type":"ListItem","position":2,"name":"Shop","item":"https:\/\/nembutalhouse.com\/shop\/"},{"@type":"ListItem","position":3,"name":"Buy MDMA Online"}]},{"@type":"WebSite","@id":"https:\/\/nembutalhouse.com\/#website","url":"https:\/\/nembutalhouse.com\/","name":"Nembutal House","description":"Best Nembutal Online Store","publisher":{"@id":"https:\/\/nembutalhouse.com\/#organization"},"potentialAction":[{"@type":"SearchAction","target":{"@type":"EntryPoint","urlTemplate":"https:\/\/nembutalhouse.com\/?s={search_term_string}"},"query-input":{"@type":"PropertyValueSpecification","valueRequired":true,"valueName":"search_term_string"}}],"inLanguage":"es"},{"@type":"Organization","@id":"https:\/\/nembutalhouse.com\/#organization","name":"Nembutal House","url":"https:\/\/nembutalhouse.com\/","logo":{"@type":"ImageObject","inLanguage":"es","@id":"https:\/\/nembutalhouse.com\/#\/schema\/logo\/image\/","url":"https:\/\/nembutalhouse.com\/wp-content\/uploads\/2022\/12\/logo.png","contentUrl":"https:\/\/nembutalhouse.com\/wp-content\/uploads\/2022\/12\/logo.png","width":344,"height":103,"caption":"Nembutal House"},"image":{"@id":"https:\/\/nembutalhouse.com\/#\/schema\/logo\/image\/"}}]}},"_links":{"self":[{"href":"https:\/\/nembutalhouse.com\/es\/wp-json\/wp\/v2\/product\/1396","targetHints":{"allow":["GET"]}}],"collection":[{"href":"https:\/\/nembutalhouse.com\/es\/wp-json\/wp\/v2\/product"}],"about":[{"href":"https:\/\/nembutalhouse.com\/es\/wp-json\/wp\/v2\/types\/product"}],"replies":[{"embeddable":true,"href":"https:\/\/nembutalhouse.com\/es\/wp-json\/wp\/v2\/comments?post=1396"}],"wp:featuredmedia":[{"embeddable":true,"href":"https:\/\/nembutalhouse.com\/es\/wp-json\/wp\/v2\/media\/1539"}],"wp:attachment":[{"href":"https:\/\/nembutalhouse.com\/es\/wp-json\/wp\/v2\/media?parent=1396"}],"wp:term":[{"taxonomy":"product_cat","embeddable":true,"href":"https:\/\/nembutalhouse.com\/es\/wp-json\/wp\/v2\/product_cat?post=1396"},{"taxonomy":"product_tag","embeddable":true,"href":"https:\/\/nembutalhouse.com\/es\/wp-json\/wp\/v2\/product_tag?post=1396"}],"curies":[{"name":"wp","href":"https:\/\/api.w.org\/{rel}","templated":true}]}}