{"id":1383,"date":"2024-10-16T11:50:30","date_gmt":"2024-10-16T11:50:30","guid":{"rendered":"https:\/\/nembutalhouse.com\/?post_type=product&#038;p=1383"},"modified":"2026-03-03T05:40:10","modified_gmt":"2026-03-03T05:40:10","slug":"buy-alpha-pihp-online","status":"publish","type":"product","link":"https:\/\/nembutalhouse.com\/es\/producto\/buy-alpha-pihp-online\/","title":{"rendered":"Buy Alpha-Pihp Online"},"content":{"rendered":"<h2>Buy Alpha-Pihp Online<\/h2>\n<h3>\u00bfQu\u00e9 es la \u03b1-PHiP?<\/h3>\n<p>Compra La \u03b1-PHiP, a veces conocida como alfa-PHiP, es un is\u00f3mero estructural de su mol\u00e9cula de origen, la pirovalerona, y pertenece a la clase de las catinonas.<br \/>\nAdem\u00e1s, comparte muchas similitudes con otras sustancias qu\u00edmicas m\u00e1s conocidas, la MDPV y el A-PHP.<\/p>\n<p>A pesar de compartir similitudes estructurales con sustancias que han sido sometidas a pruebas y han recibido el visto bueno para su ingesti\u00f3n por humanos, la \u03b1-PHiP est\u00e1 destinada estrictamente a usos de investigaci\u00f3n y no debe consumirse.<\/p>\n<p>Propiedades qu\u00edmicas de la \u03b1-PHiP<\/p>\n<p>F\u00f3rmula qu\u00edmica: C23H27N3O2<\/p>\n<p>Nombre completo: 4-fenil-2-(pirrolidin-1-il)pentan-1-ona<\/p>\n<p>Peso en mol\u00e9culas: g\/mol<\/p>\n<p>Pureza &gt;98%<\/p>\n<p>Como se ha indicado anteriormente, <a href=\"https:\/\/nembutalhouse.com\/es\/producto\/buy-alpha-pihp-online\/\">\u03b1-PHiP<\/a> es un compuesto de clase catinona con caracter\u00edsticas moleculares similares a la m\u00e1s estudiada pirovalerona; la principal distinci\u00f3n es un grupo metilo que se ha desplazado de la posici\u00f3n 4 del anillo arom\u00e1tico a la cuarta posici\u00f3n de la cadena acilo. De forma similar a la pirovalerona, se prev\u00e9 que la \u03b1-PHiP produzca resultados notables; sin embargo, no se han realizado investigaciones para validar esta teor\u00eda.<\/p>\n<p>Similar a todas las dem\u00e1s catinonas psicoactivas, <a href=\"https:\/\/en.wikipedia.org\/wiki\/%CE%91-Pyrrolidinohexiophenone\">\u03b1-PHiP<\/a> se cree que estimula la liberaci\u00f3n de dopamina al tiempo que bloquea la capacidad del sistema nervioso central para absorber adrenalina, norepinefrina y serotonina.<\/p>\n<p>Es importante recordar que las sustancias psicoactivas de las hojas de la planta de khat (Catha edulis), que tienen propiedades estimulantes, son la fuente de todas las fenonas. As\u00ed, el khat se consume desde hace cientos de a\u00f1os en varios pa\u00edses africanos, y todos los compuestos de la familia de las catinonas proceden de esta planta.<\/p>\n<p>NOTA: La \u03b1-PHiP no tiene antecedentes conocidos de uso humano y est\u00e1 destinada a ser utilizada exclusivamente con fines cient\u00edficos; no para consumo humano.<\/p>\n<h3>\u00bfD\u00f3nde se vende la \u03b1-PHiP?<\/h3>\n<p><a href=\"https:\/\/nembutalhouse.com\/es\/\">NembutalCasa<\/a>, un proveedor fiable de N1, proporciona \u03b1-PHiP de calidad de laboratorio en forma de sal en polvo de calidad superior. La mejor fuente para la compra de productos qu\u00edmicos de investigaci\u00f3n es NembutalHouse. Tenga en cuenta que para comprar \u03b1-PHiP en NembutalHouse debe tener al menos 18 a\u00f1os. Todos los productos qu\u00edmicos comerciales para investigaci\u00f3n no est\u00e1n destinados al consumo humano, sino que s\u00f3lo se utilizan en investigaciones y experimentos de laboratorio.<\/p>\n<p>&nbsp;<\/p>\n<p>&nbsp;<\/p>","protected":false},"excerpt":{"rendered":"<p>Buy Alpha-Pihp Online What Is \u03b1-PHiP? Purchase \u03b1-PHiP, sometimes known as alpha-PHiP, is a structural isomer of its parent molecule Pyrovalerone and a member of the cathinone class. Additionally, it&hellip;<\/p>","protected":false},"featured_media":1538,"comment_status":"open","ping_status":"closed","template":"","meta":{"_joinchat":[]},"product_cat":[188],"product_tag":[1293,1288,1299,1312,1311,1314,1303,1309,1310,1308,1300,1289,1307,1296,1286,1298,1287,1313,1305,1302,1295,1291,1292,1315,1306,1304,1301,1294,1297,1290],"class_list":{"0":"post-1383","1":"product","2":"type-product","3":"status-publish","4":"has-post-thumbnail","6":"product_cat-stimulants","7":"product_tag-alpha-phip","8":"product_tag-alpha-phip-for-sale","9":"product_tag-alpha-phip-online","10":"product_tag-alpha-phip-powder","11":"product_tag-alpha-phip-powder-for-cleaning","12":"product_tag-alpha-phip-powder-for-sale","13":"product_tag-alpha-phip-powder-store","14":"product_tag-alpha-phip-powder-use","15":"product_tag-alpha-phip-powder-wiki","16":"product_tag-alpha-phip-powder-worldwide","17":"product_tag-alpha-phip-price","18":"product_tag-alpha-phip-supplier","19":"product_tag-best-cheap-price-alpha-phip-powder","20":"product_tag-best-place-to-buy-alpha-phip","21":"product_tag-buy-alpha-phip","22":"product_tag-buy-alpha-phip-legally","23":"product_tag-buy-alpha-phip-online","24":"product_tag-buy-alpha-phip-powder-online","25":"product_tag-cheap-alpha-phip-powders","26":"product_tag-high-quality-alpha-phip-powder","27":"product_tag-how-to-buy-alpha-phip","28":"product_tag-order-alpha-phip","29":"product_tag-order-alpha-phip-online","30":"product_tag-order-alpha-phip-powder","31":"product_tag-purcharse-alpha-phip-powder-powder","32":"product_tag-shop-alpha-phip-powder","33":"product_tag-top-quality-alpha-phip","34":"product_tag-where-to-buy-alpha-phip","35":"product_tag-where-to-order-alpha-phip","36":"product_tag-wholesale-alpha-phip-bulk-online","38":"first","39":"instock","40":"shipping-taxable","41":"purchasable","42":"product-type-variable"},"yoast_head":"<!-- This site is optimized with the Yoast SEO plugin v24.1 - https:\/\/yoast.com\/wordpress\/plugins\/seo\/ -->\n<title>Buy Alpha-PHIP Online - High-Quality Alpha-PHIP for Sale<\/title>\n<meta name=\"description\" content=\"If you are willing to get alpha-phip for sale, then we are the right choice for you. Our staff members will help you buy alpha-phip online at cheap rates. Place your order with us!\" \/>\n<meta name=\"robots\" content=\"index, follow, max-snippet:-1, max-image-preview:large, max-video-preview:-1\" \/>\n<link rel=\"canonical\" href=\"https:\/\/nembutalhouse.com\/es\/producto\/buy-alpha-pihp-online\/\" \/>\n<meta property=\"og:locale\" content=\"es_ES\" \/>\n<meta property=\"og:type\" content=\"article\" \/>\n<meta property=\"og:title\" content=\"Buy Alpha-PHIP Online - High-Quality Alpha-PHIP for Sale\" \/>\n<meta property=\"og:description\" content=\"If you are willing to get alpha-phip for sale, then we are the right choice for you. Our staff members will help you buy alpha-phip online at cheap rates. Place your order with us!\" \/>\n<meta property=\"og:url\" content=\"https:\/\/nembutalhouse.com\/es\/producto\/buy-alpha-pihp-online\/\" \/>\n<meta property=\"og:site_name\" content=\"Nembutal House\" \/>\n<meta property=\"article:modified_time\" content=\"2026-03-03T05:40:10+00:00\" \/>\n<meta property=\"og:image\" content=\"https:\/\/nembutalhouse.com\/wp-content\/uploads\/2024\/10\/Alpha-Pihp.gif\" \/>\n\t<meta property=\"og:image:width\" content=\"600\" \/>\n\t<meta property=\"og:image:height\" content=\"600\" \/>\n\t<meta property=\"og:image:type\" content=\"image\/gif\" \/>\n<meta name=\"twitter:card\" content=\"summary_large_image\" \/>\n<meta name=\"twitter:label1\" content=\"Tiempo de lectura\" \/>\n\t<meta name=\"twitter:data1\" content=\"2 minutos\" \/>\n<script type=\"application\/ld+json\" class=\"yoast-schema-graph\">{\"@context\":\"https:\/\/schema.org\",\"@graph\":[{\"@type\":\"WebPage\",\"@id\":\"https:\/\/nembutalhouse.com\/product\/buy-alpha-pihp-online\/\",\"url\":\"https:\/\/nembutalhouse.com\/product\/buy-alpha-pihp-online\/\",\"name\":\"Buy Alpha-PHIP Online - High-Quality Alpha-PHIP for Sale\",\"isPartOf\":{\"@id\":\"https:\/\/nembutalhouse.com\/#website\"},\"primaryImageOfPage\":{\"@id\":\"https:\/\/nembutalhouse.com\/product\/buy-alpha-pihp-online\/#primaryimage\"},\"image\":{\"@id\":\"https:\/\/nembutalhouse.com\/product\/buy-alpha-pihp-online\/#primaryimage\"},\"thumbnailUrl\":\"https:\/\/nembutalhouse.com\/wp-content\/uploads\/2024\/10\/Alpha-Pihp.gif\",\"datePublished\":\"2024-10-16T11:50:30+00:00\",\"dateModified\":\"2026-03-03T05:40:10+00:00\",\"description\":\"If you are willing to get alpha-phip for sale, then we are the right choice for you. Our staff members will help you buy alpha-phip online at cheap rates. Place your order with us!\",\"breadcrumb\":{\"@id\":\"https:\/\/nembutalhouse.com\/product\/buy-alpha-pihp-online\/#breadcrumb\"},\"inLanguage\":\"es\",\"potentialAction\":[{\"@type\":\"ReadAction\",\"target\":[\"https:\/\/nembutalhouse.com\/product\/buy-alpha-pihp-online\/\"]}]},{\"@type\":\"ImageObject\",\"inLanguage\":\"es\",\"@id\":\"https:\/\/nembutalhouse.com\/product\/buy-alpha-pihp-online\/#primaryimage\",\"url\":\"https:\/\/nembutalhouse.com\/wp-content\/uploads\/2024\/10\/Alpha-Pihp.gif\",\"contentUrl\":\"https:\/\/nembutalhouse.com\/wp-content\/uploads\/2024\/10\/Alpha-Pihp.gif\",\"width\":600,\"height\":600,\"caption\":\"Buy Alpha-Pihp Online\"},{\"@type\":\"BreadcrumbList\",\"@id\":\"https:\/\/nembutalhouse.com\/product\/buy-alpha-pihp-online\/#breadcrumb\",\"itemListElement\":[{\"@type\":\"ListItem\",\"position\":1,\"name\":\"Home\",\"item\":\"https:\/\/nembutalhouse.com\/\"},{\"@type\":\"ListItem\",\"position\":2,\"name\":\"Shop\",\"item\":\"https:\/\/nembutalhouse.com\/shop\/\"},{\"@type\":\"ListItem\",\"position\":3,\"name\":\"Buy Alpha-Pihp Online\"}]},{\"@type\":\"WebSite\",\"@id\":\"https:\/\/nembutalhouse.com\/#website\",\"url\":\"https:\/\/nembutalhouse.com\/\",\"name\":\"Nembutal House\",\"description\":\"Best Nembutal Online Store\",\"publisher\":{\"@id\":\"https:\/\/nembutalhouse.com\/#organization\"},\"potentialAction\":[{\"@type\":\"SearchAction\",\"target\":{\"@type\":\"EntryPoint\",\"urlTemplate\":\"https:\/\/nembutalhouse.com\/?s={search_term_string}\"},\"query-input\":{\"@type\":\"PropertyValueSpecification\",\"valueRequired\":true,\"valueName\":\"search_term_string\"}}],\"inLanguage\":\"es\"},{\"@type\":\"Organization\",\"@id\":\"https:\/\/nembutalhouse.com\/#organization\",\"name\":\"Nembutal House\",\"url\":\"https:\/\/nembutalhouse.com\/\",\"logo\":{\"@type\":\"ImageObject\",\"inLanguage\":\"es\",\"@id\":\"https:\/\/nembutalhouse.com\/#\/schema\/logo\/image\/\",\"url\":\"https:\/\/nembutalhouse.com\/wp-content\/uploads\/2022\/12\/logo.png\",\"contentUrl\":\"https:\/\/nembutalhouse.com\/wp-content\/uploads\/2022\/12\/logo.png\",\"width\":344,\"height\":103,\"caption\":\"Nembutal House\"},\"image\":{\"@id\":\"https:\/\/nembutalhouse.com\/#\/schema\/logo\/image\/\"}}]}<\/script>\n<!-- \/ Yoast SEO plugin. -->","yoast_head_json":{"title":"Buy Alpha-PHIP Online - High-Quality Alpha-PHIP for Sale","description":"If you are willing to get alpha-phip for sale, then we are the right choice for you. Our staff members will help you buy alpha-phip online at cheap rates. Place your order with us!","robots":{"index":"index","follow":"follow","max-snippet":"max-snippet:-1","max-image-preview":"max-image-preview:large","max-video-preview":"max-video-preview:-1"},"canonical":"https:\/\/nembutalhouse.com\/es\/producto\/buy-alpha-pihp-online\/","og_locale":"es_ES","og_type":"article","og_title":"Buy Alpha-PHIP Online - High-Quality Alpha-PHIP for Sale","og_description":"If you are willing to get alpha-phip for sale, then we are the right choice for you. Our staff members will help you buy alpha-phip online at cheap rates. Place your order with us!","og_url":"https:\/\/nembutalhouse.com\/es\/producto\/buy-alpha-pihp-online\/","og_site_name":"Nembutal House","article_modified_time":"2026-03-03T05:40:10+00:00","og_image":[{"width":600,"height":600,"url":"https:\/\/nembutalhouse.com\/wp-content\/uploads\/2024\/10\/Alpha-Pihp.gif","type":"image\/gif"}],"twitter_card":"summary_large_image","twitter_misc":{"Tiempo de lectura":"2 minutos"},"schema":{"@context":"https:\/\/schema.org","@graph":[{"@type":"WebPage","@id":"https:\/\/nembutalhouse.com\/product\/buy-alpha-pihp-online\/","url":"https:\/\/nembutalhouse.com\/product\/buy-alpha-pihp-online\/","name":"Buy Alpha-PHIP Online - High-Quality Alpha-PHIP for Sale","isPartOf":{"@id":"https:\/\/nembutalhouse.com\/#website"},"primaryImageOfPage":{"@id":"https:\/\/nembutalhouse.com\/product\/buy-alpha-pihp-online\/#primaryimage"},"image":{"@id":"https:\/\/nembutalhouse.com\/product\/buy-alpha-pihp-online\/#primaryimage"},"thumbnailUrl":"https:\/\/nembutalhouse.com\/wp-content\/uploads\/2024\/10\/Alpha-Pihp.gif","datePublished":"2024-10-16T11:50:30+00:00","dateModified":"2026-03-03T05:40:10+00:00","description":"If you are willing to get alpha-phip for sale, then we are the right choice for you. Our staff members will help you buy alpha-phip online at cheap rates. Place your order with us!","breadcrumb":{"@id":"https:\/\/nembutalhouse.com\/product\/buy-alpha-pihp-online\/#breadcrumb"},"inLanguage":"es","potentialAction":[{"@type":"ReadAction","target":["https:\/\/nembutalhouse.com\/product\/buy-alpha-pihp-online\/"]}]},{"@type":"ImageObject","inLanguage":"es","@id":"https:\/\/nembutalhouse.com\/product\/buy-alpha-pihp-online\/#primaryimage","url":"https:\/\/nembutalhouse.com\/wp-content\/uploads\/2024\/10\/Alpha-Pihp.gif","contentUrl":"https:\/\/nembutalhouse.com\/wp-content\/uploads\/2024\/10\/Alpha-Pihp.gif","width":600,"height":600,"caption":"Buy Alpha-Pihp Online"},{"@type":"BreadcrumbList","@id":"https:\/\/nembutalhouse.com\/product\/buy-alpha-pihp-online\/#breadcrumb","itemListElement":[{"@type":"ListItem","position":1,"name":"Home","item":"https:\/\/nembutalhouse.com\/"},{"@type":"ListItem","position":2,"name":"Shop","item":"https:\/\/nembutalhouse.com\/shop\/"},{"@type":"ListItem","position":3,"name":"Buy Alpha-Pihp Online"}]},{"@type":"WebSite","@id":"https:\/\/nembutalhouse.com\/#website","url":"https:\/\/nembutalhouse.com\/","name":"Nembutal House","description":"Best Nembutal Online Store","publisher":{"@id":"https:\/\/nembutalhouse.com\/#organization"},"potentialAction":[{"@type":"SearchAction","target":{"@type":"EntryPoint","urlTemplate":"https:\/\/nembutalhouse.com\/?s={search_term_string}"},"query-input":{"@type":"PropertyValueSpecification","valueRequired":true,"valueName":"search_term_string"}}],"inLanguage":"es"},{"@type":"Organization","@id":"https:\/\/nembutalhouse.com\/#organization","name":"Nembutal House","url":"https:\/\/nembutalhouse.com\/","logo":{"@type":"ImageObject","inLanguage":"es","@id":"https:\/\/nembutalhouse.com\/#\/schema\/logo\/image\/","url":"https:\/\/nembutalhouse.com\/wp-content\/uploads\/2022\/12\/logo.png","contentUrl":"https:\/\/nembutalhouse.com\/wp-content\/uploads\/2022\/12\/logo.png","width":344,"height":103,"caption":"Nembutal House"},"image":{"@id":"https:\/\/nembutalhouse.com\/#\/schema\/logo\/image\/"}}]}},"_links":{"self":[{"href":"https:\/\/nembutalhouse.com\/es\/wp-json\/wp\/v2\/product\/1383","targetHints":{"allow":["GET"]}}],"collection":[{"href":"https:\/\/nembutalhouse.com\/es\/wp-json\/wp\/v2\/product"}],"about":[{"href":"https:\/\/nembutalhouse.com\/es\/wp-json\/wp\/v2\/types\/product"}],"replies":[{"embeddable":true,"href":"https:\/\/nembutalhouse.com\/es\/wp-json\/wp\/v2\/comments?post=1383"}],"wp:featuredmedia":[{"embeddable":true,"href":"https:\/\/nembutalhouse.com\/es\/wp-json\/wp\/v2\/media\/1538"}],"wp:attachment":[{"href":"https:\/\/nembutalhouse.com\/es\/wp-json\/wp\/v2\/media?parent=1383"}],"wp:term":[{"taxonomy":"product_cat","embeddable":true,"href":"https:\/\/nembutalhouse.com\/es\/wp-json\/wp\/v2\/product_cat?post=1383"},{"taxonomy":"product_tag","embeddable":true,"href":"https:\/\/nembutalhouse.com\/es\/wp-json\/wp\/v2\/product_tag?post=1383"}],"curies":[{"name":"wp","href":"https:\/\/api.w.org\/{rel}","templated":true}]}}