{"id":1359,"date":"2024-10-16T11:50:21","date_gmt":"2024-10-16T11:50:21","guid":{"rendered":"https:\/\/nembutalhouse.com\/?post_type=product&#038;p=1359"},"modified":"2026-03-03T05:28:27","modified_gmt":"2026-03-03T05:28:27","slug":"buy-bromazolam-online","status":"publish","type":"product","link":"https:\/\/nembutalhouse.com\/es\/producto\/buy-bromazolam-online\/","title":{"rendered":"Buy Bromazolam Online"},"content":{"rendered":"<h2>Buy Bromazolam Online<\/h2>\n<h3>\u00bfQu\u00e9 es el bromazolam?<\/h3>\n<p>Aunque <a href=\"https:\/\/nembutalhouse.com\/es\/producto\/buy-bromazolam-online\/\">bromazolam<\/a> se sintetiz\u00f3 inicialmente en 1976, nunca se vendi\u00f3 comercialmente y no fue reconocida por el OEDT sueco hasta mucho m\u00e1s tarde, a principios de la d\u00e9cada de 2000.<br \/>\nTambi\u00e9n denominada [1,2,4]triazolo[4,3-a] y 8-bromo-6-fenil-1-metil-4H-benzo[f]. [1,4]XLI-268 o diazepina,<\/p>\n<p>Los estudios de laboratorio han indicado que la mayor\u00eda de sus caracter\u00edsticas estructurales son similares a las del Alprazolam (marca Xanax).<\/p>\n<p>Los estudios disponibles en los foros de Internet proporcionan una cantidad considerable de informaci\u00f3n sobre el XLI-268 y sus efectos; no obstante, no se sabe con certeza si ser\u00e1 legal o no en el futuro ni si se incluir\u00e1 en la Ley del Opio.<\/p>\n<p>NembutalHouse se complace en proporcionar polvo XLI-268 de calidad de laboratorio y pellets XLI-268 de 3 mg para sus necesidades de investigaci\u00f3n, ya que por el momento sigue siendo legal en gran parte de Europa.<\/p>\n<p>Procedimientos de seguridad<\/p>\n<p>Al manipular XLI-268 Polvo en el laboratorio, se aconseja llevar guantes, gafas y respiradores debido a su potencia y a sus posibles efectos secundarios.<\/p>\n<p>XLI-268 Aunque los gr\u00e1nulos son significativamente m\u00e1s estables, esta sustancia \u00fanica debe utilizarse siempre con extrema precauci\u00f3n.<\/p>\n<p>Se aconseja mostrar al personal m\u00e9dico la etiqueta del producto, que incluye la informaci\u00f3n de la IUPAC, en caso de exposici\u00f3n involuntaria. En caso de contacto accidental con los ojos, qu\u00edtese inmediatamente las lentes de contacto y enjuague a fondo el ojo afectado con agua.<\/p>\n<h3>\u00bfC\u00f3mo se almacena el bromazolam?<\/h3>\n<p>Como cualquier sustancia, <a href=\"https:\/\/en.wikipedia.org\/wiki\/Bromazolam\">bromazolam<\/a> el polvo y los gr\u00e1nulos no deben almacenarse en zonas expuestas directamente al sol, con mucha humedad.<\/p>\n<p>Mantener la temperatura ambiente adecuada tambi\u00e9n contribuir\u00e1 a la conservaci\u00f3n de su polvo XLI-268.<\/p>\n<p>y Pellets de Bromazolam. Pueden transcurrir hasta dos a\u00f1os entre el almacenamiento de XLI-268 en un ambiente fresco, seco y oscuro.<\/p>\n<h3>\u00bfQu\u00e9 tienda vende bromazolam?<\/h3>\n<p>We at NembutalHouse are pleased to provide XLI-268 Powder and laboratory-grade bromazolam pellets of the greatest caliber. The best source for research chemical purchases is NembutalHouse. Please be aware that purchasing bromazoleam powder and pellets from NembutalHouse requires you to be at least eighteen years old. All research chemicals are sold with the express condition that they only be used in lab-based research and not for human consumption.<\/p>\n<h3>\u00bfEst\u00e1 permitido el XLI-268?<\/h3>\n<p>Por favor, consulte las leyes pertinentes en su pa\u00eds de residencia o direcci\u00f3n de env\u00edo para obtener informaci\u00f3n sobre la legalidad de XLI-268 Polvo y Bromazolam Pellets.<\/p>\n<p>y Pellets de Bromazolam. Pueden transcurrir hasta dos a\u00f1os entre el almacenamiento de XLI-268 en un ambiente fresco, seco y oscuro.<\/p>\n<h3>\u00bfQu\u00e9 tienda vende bromazolam?<\/h3>\n<p>Nosotros en <a href=\"https:\/\/nembutalhouse.com\/es\/\">NembutalCasa<\/a> se complacen en suministrar XLI-268 Polvo y gr\u00e1nulos de bromazolam de grado laboratorio del mayor calibre. La mejor fuente para la compra de productos qu\u00edmicos de investigaci\u00f3n es NembutalHouse. Tenga en cuenta que para comprar polvo y gr\u00e1nulos de bromazolam en NembutalHouse es necesario tener al menos dieciocho a\u00f1os. Todos los productos qu\u00edmicos de investigaci\u00f3n se venden con la condici\u00f3n expresa de que s\u00f3lo se utilicen en investigaciones de laboratorio y no para consumo humano.<\/p>\n<h3>\u00bfEst\u00e1 permitido el XLI-268?<\/h3>\n<p>Por favor, consulte las leyes pertinentes en su pa\u00eds de residencia o direcci\u00f3n de env\u00edo para obtener informaci\u00f3n sobre la legalidad de XLI-268 Polvo y Bromazolam Pellets.<\/p>\n<p>&nbsp;<\/p>","protected":false},"excerpt":{"rendered":"<p>Buy Bromazolam Online What is a bromazolam? Although bromazolam was initially synthesized in 1976, it was never commercially sold and wasn&#8217;t recognized by the Swedish EMCDDA until much later in&hellip;<\/p>","protected":false},"featured_media":1521,"comment_status":"open","ping_status":"closed","template":"","meta":{"_joinchat":[]},"product_cat":[186],"product_tag":[1203,1192,1189,1207,1184,1195,1196,1199,1185,1205,1206,1204,1194,1182,1183,1201,1198,1191,1187,1188,1202,1200,1197,1190,1193,1186],"class_list":{"0":"post-1359","1":"product","2":"type-product","3":"status-publish","4":"has-post-thumbnail","6":"product_cat-research-chemicals","7":"product_tag-best-cheap-price-bromazolam-powder","8":"product_tag-best-place-to-buy-bromazolam","9":"product_tag-bromazolam-powder","10":"product_tag-bromazolam-powder-for-cleaning","11":"product_tag-bromazolam-powder-for-sale","12":"product_tag-bromazolam-powder-online","13":"product_tag-bromazolam-powder-price","14":"product_tag-bromazolam-powder-store","15":"product_tag-bromazolam-powder-supplier","16":"product_tag-bromazolam-powder-use","17":"product_tag-bromazolam-powder-wiki","18":"product_tag-bromazolam-powder-worldwide","19":"product_tag-buy-bromazolam-legally","20":"product_tag-buy-bromazolam-powder","21":"product_tag-buy-bromazolam-powder-online","22":"product_tag-cheap-bromazolam-powders","23":"product_tag-high-quality-bromazolam-powder","24":"product_tag-how-to-buy-bromazolam","25":"product_tag-order-bromazolam-powder","26":"product_tag-order-bromazolam-powder-online","27":"product_tag-purcharse-bromazolam-powder-powder","28":"product_tag-shop-bromazolam-powder","29":"product_tag-top-quality-bromazolam-powder","30":"product_tag-where-to-buy-bromazolam","31":"product_tag-where-to-order-bromazolam","32":"product_tag-wholesale-bromazolam-powder-bulk-online","34":"first","35":"instock","36":"shipping-taxable","37":"purchasable","38":"product-type-variable"},"yoast_head":"<!-- This site is optimized with the Yoast SEO plugin v24.1 - https:\/\/yoast.com\/wordpress\/plugins\/seo\/ -->\n<title>Buy Bromazolam Powder Online - Bromazolam for Sale Online<\/title>\n<meta name=\"description\" content=\"At our NembutalHouse, you can get bromazolam powder for sale at cheap rates. Here you can buy bromazolam online with high-quality from our store now with fast &amp; secure shipping service. Order Now!\" \/>\n<meta name=\"robots\" content=\"index, follow, max-snippet:-1, max-image-preview:large, max-video-preview:-1\" \/>\n<link rel=\"canonical\" href=\"https:\/\/nembutalhouse.com\/es\/producto\/buy-bromazolam-online\/\" \/>\n<meta property=\"og:locale\" content=\"es_ES\" \/>\n<meta property=\"og:type\" content=\"article\" \/>\n<meta property=\"og:title\" content=\"Buy Bromazolam Powder Online - Bromazolam for Sale Online\" \/>\n<meta property=\"og:description\" content=\"At our NembutalHouse, you can get bromazolam powder for sale at cheap rates. Here you can buy bromazolam online with high-quality from our store now with fast &amp; secure shipping service. Order Now!\" \/>\n<meta property=\"og:url\" content=\"https:\/\/nembutalhouse.com\/es\/producto\/buy-bromazolam-online\/\" \/>\n<meta property=\"og:site_name\" content=\"Nembutal House\" \/>\n<meta property=\"article:modified_time\" content=\"2026-03-03T05:28:27+00:00\" \/>\n<meta property=\"og:image\" content=\"https:\/\/nembutalhouse.com\/wp-content\/uploads\/2024\/10\/Bromazolam.gif\" \/>\n\t<meta property=\"og:image:width\" content=\"600\" \/>\n\t<meta property=\"og:image:height\" content=\"600\" \/>\n\t<meta property=\"og:image:type\" content=\"image\/gif\" \/>\n<meta name=\"twitter:card\" content=\"summary_large_image\" \/>\n<meta name=\"twitter:label1\" content=\"Tiempo de lectura\" \/>\n\t<meta name=\"twitter:data1\" content=\"3 minutos\" \/>\n<script type=\"application\/ld+json\" class=\"yoast-schema-graph\">{\"@context\":\"https:\/\/schema.org\",\"@graph\":[{\"@type\":\"WebPage\",\"@id\":\"https:\/\/nembutalhouse.com\/product\/buy-bromazolam-online\/\",\"url\":\"https:\/\/nembutalhouse.com\/product\/buy-bromazolam-online\/\",\"name\":\"Buy Bromazolam Powder Online - Bromazolam for Sale Online\",\"isPartOf\":{\"@id\":\"https:\/\/nembutalhouse.com\/#website\"},\"primaryImageOfPage\":{\"@id\":\"https:\/\/nembutalhouse.com\/product\/buy-bromazolam-online\/#primaryimage\"},\"image\":{\"@id\":\"https:\/\/nembutalhouse.com\/product\/buy-bromazolam-online\/#primaryimage\"},\"thumbnailUrl\":\"https:\/\/nembutalhouse.com\/wp-content\/uploads\/2024\/10\/Bromazolam.gif\",\"datePublished\":\"2024-10-16T11:50:21+00:00\",\"dateModified\":\"2026-03-03T05:28:27+00:00\",\"description\":\"At our NembutalHouse, you can get bromazolam powder for sale at cheap rates. Here you can buy bromazolam online with high-quality from our store now with fast & secure shipping service. Order Now!\",\"breadcrumb\":{\"@id\":\"https:\/\/nembutalhouse.com\/product\/buy-bromazolam-online\/#breadcrumb\"},\"inLanguage\":\"es\",\"potentialAction\":[{\"@type\":\"ReadAction\",\"target\":[\"https:\/\/nembutalhouse.com\/product\/buy-bromazolam-online\/\"]}]},{\"@type\":\"ImageObject\",\"inLanguage\":\"es\",\"@id\":\"https:\/\/nembutalhouse.com\/product\/buy-bromazolam-online\/#primaryimage\",\"url\":\"https:\/\/nembutalhouse.com\/wp-content\/uploads\/2024\/10\/Bromazolam.gif\",\"contentUrl\":\"https:\/\/nembutalhouse.com\/wp-content\/uploads\/2024\/10\/Bromazolam.gif\",\"width\":600,\"height\":600,\"caption\":\"Buy Bromazolam Online\"},{\"@type\":\"BreadcrumbList\",\"@id\":\"https:\/\/nembutalhouse.com\/product\/buy-bromazolam-online\/#breadcrumb\",\"itemListElement\":[{\"@type\":\"ListItem\",\"position\":1,\"name\":\"Home\",\"item\":\"https:\/\/nembutalhouse.com\/\"},{\"@type\":\"ListItem\",\"position\":2,\"name\":\"Shop\",\"item\":\"https:\/\/nembutalhouse.com\/shop\/\"},{\"@type\":\"ListItem\",\"position\":3,\"name\":\"Buy Bromazolam Online\"}]},{\"@type\":\"WebSite\",\"@id\":\"https:\/\/nembutalhouse.com\/#website\",\"url\":\"https:\/\/nembutalhouse.com\/\",\"name\":\"Nembutal House\",\"description\":\"Best Nembutal Online Store\",\"publisher\":{\"@id\":\"https:\/\/nembutalhouse.com\/#organization\"},\"potentialAction\":[{\"@type\":\"SearchAction\",\"target\":{\"@type\":\"EntryPoint\",\"urlTemplate\":\"https:\/\/nembutalhouse.com\/?s={search_term_string}\"},\"query-input\":{\"@type\":\"PropertyValueSpecification\",\"valueRequired\":true,\"valueName\":\"search_term_string\"}}],\"inLanguage\":\"es\"},{\"@type\":\"Organization\",\"@id\":\"https:\/\/nembutalhouse.com\/#organization\",\"name\":\"Nembutal House\",\"url\":\"https:\/\/nembutalhouse.com\/\",\"logo\":{\"@type\":\"ImageObject\",\"inLanguage\":\"es\",\"@id\":\"https:\/\/nembutalhouse.com\/#\/schema\/logo\/image\/\",\"url\":\"https:\/\/nembutalhouse.com\/wp-content\/uploads\/2022\/12\/logo.png\",\"contentUrl\":\"https:\/\/nembutalhouse.com\/wp-content\/uploads\/2022\/12\/logo.png\",\"width\":344,\"height\":103,\"caption\":\"Nembutal House\"},\"image\":{\"@id\":\"https:\/\/nembutalhouse.com\/#\/schema\/logo\/image\/\"}}]}<\/script>\n<!-- \/ Yoast SEO plugin. -->","yoast_head_json":{"title":"Buy Bromazolam Powder Online - Bromazolam for Sale Online","description":"At our NembutalHouse, you can get bromazolam powder for sale at cheap rates. Here you can buy bromazolam online with high-quality from our store now with fast & secure shipping service. Order Now!","robots":{"index":"index","follow":"follow","max-snippet":"max-snippet:-1","max-image-preview":"max-image-preview:large","max-video-preview":"max-video-preview:-1"},"canonical":"https:\/\/nembutalhouse.com\/es\/producto\/buy-bromazolam-online\/","og_locale":"es_ES","og_type":"article","og_title":"Buy Bromazolam Powder Online - Bromazolam for Sale Online","og_description":"At our NembutalHouse, you can get bromazolam powder for sale at cheap rates. Here you can buy bromazolam online with high-quality from our store now with fast & secure shipping service. Order Now!","og_url":"https:\/\/nembutalhouse.com\/es\/producto\/buy-bromazolam-online\/","og_site_name":"Nembutal House","article_modified_time":"2026-03-03T05:28:27+00:00","og_image":[{"width":600,"height":600,"url":"https:\/\/nembutalhouse.com\/wp-content\/uploads\/2024\/10\/Bromazolam.gif","type":"image\/gif"}],"twitter_card":"summary_large_image","twitter_misc":{"Tiempo de lectura":"3 minutos"},"schema":{"@context":"https:\/\/schema.org","@graph":[{"@type":"WebPage","@id":"https:\/\/nembutalhouse.com\/product\/buy-bromazolam-online\/","url":"https:\/\/nembutalhouse.com\/product\/buy-bromazolam-online\/","name":"Buy Bromazolam Powder Online - Bromazolam for Sale Online","isPartOf":{"@id":"https:\/\/nembutalhouse.com\/#website"},"primaryImageOfPage":{"@id":"https:\/\/nembutalhouse.com\/product\/buy-bromazolam-online\/#primaryimage"},"image":{"@id":"https:\/\/nembutalhouse.com\/product\/buy-bromazolam-online\/#primaryimage"},"thumbnailUrl":"https:\/\/nembutalhouse.com\/wp-content\/uploads\/2024\/10\/Bromazolam.gif","datePublished":"2024-10-16T11:50:21+00:00","dateModified":"2026-03-03T05:28:27+00:00","description":"At our NembutalHouse, you can get bromazolam powder for sale at cheap rates. Here you can buy bromazolam online with high-quality from our store now with fast & secure shipping service. Order Now!","breadcrumb":{"@id":"https:\/\/nembutalhouse.com\/product\/buy-bromazolam-online\/#breadcrumb"},"inLanguage":"es","potentialAction":[{"@type":"ReadAction","target":["https:\/\/nembutalhouse.com\/product\/buy-bromazolam-online\/"]}]},{"@type":"ImageObject","inLanguage":"es","@id":"https:\/\/nembutalhouse.com\/product\/buy-bromazolam-online\/#primaryimage","url":"https:\/\/nembutalhouse.com\/wp-content\/uploads\/2024\/10\/Bromazolam.gif","contentUrl":"https:\/\/nembutalhouse.com\/wp-content\/uploads\/2024\/10\/Bromazolam.gif","width":600,"height":600,"caption":"Buy Bromazolam Online"},{"@type":"BreadcrumbList","@id":"https:\/\/nembutalhouse.com\/product\/buy-bromazolam-online\/#breadcrumb","itemListElement":[{"@type":"ListItem","position":1,"name":"Home","item":"https:\/\/nembutalhouse.com\/"},{"@type":"ListItem","position":2,"name":"Shop","item":"https:\/\/nembutalhouse.com\/shop\/"},{"@type":"ListItem","position":3,"name":"Buy Bromazolam Online"}]},{"@type":"WebSite","@id":"https:\/\/nembutalhouse.com\/#website","url":"https:\/\/nembutalhouse.com\/","name":"Nembutal House","description":"Best Nembutal Online Store","publisher":{"@id":"https:\/\/nembutalhouse.com\/#organization"},"potentialAction":[{"@type":"SearchAction","target":{"@type":"EntryPoint","urlTemplate":"https:\/\/nembutalhouse.com\/?s={search_term_string}"},"query-input":{"@type":"PropertyValueSpecification","valueRequired":true,"valueName":"search_term_string"}}],"inLanguage":"es"},{"@type":"Organization","@id":"https:\/\/nembutalhouse.com\/#organization","name":"Nembutal House","url":"https:\/\/nembutalhouse.com\/","logo":{"@type":"ImageObject","inLanguage":"es","@id":"https:\/\/nembutalhouse.com\/#\/schema\/logo\/image\/","url":"https:\/\/nembutalhouse.com\/wp-content\/uploads\/2022\/12\/logo.png","contentUrl":"https:\/\/nembutalhouse.com\/wp-content\/uploads\/2022\/12\/logo.png","width":344,"height":103,"caption":"Nembutal House"},"image":{"@id":"https:\/\/nembutalhouse.com\/#\/schema\/logo\/image\/"}}]}},"_links":{"self":[{"href":"https:\/\/nembutalhouse.com\/es\/wp-json\/wp\/v2\/product\/1359","targetHints":{"allow":["GET"]}}],"collection":[{"href":"https:\/\/nembutalhouse.com\/es\/wp-json\/wp\/v2\/product"}],"about":[{"href":"https:\/\/nembutalhouse.com\/es\/wp-json\/wp\/v2\/types\/product"}],"replies":[{"embeddable":true,"href":"https:\/\/nembutalhouse.com\/es\/wp-json\/wp\/v2\/comments?post=1359"}],"wp:featuredmedia":[{"embeddable":true,"href":"https:\/\/nembutalhouse.com\/es\/wp-json\/wp\/v2\/media\/1521"}],"wp:attachment":[{"href":"https:\/\/nembutalhouse.com\/es\/wp-json\/wp\/v2\/media?parent=1359"}],"wp:term":[{"taxonomy":"product_cat","embeddable":true,"href":"https:\/\/nembutalhouse.com\/es\/wp-json\/wp\/v2\/product_cat?post=1359"},{"taxonomy":"product_tag","embeddable":true,"href":"https:\/\/nembutalhouse.com\/es\/wp-json\/wp\/v2\/product_tag?post=1359"}],"curies":[{"name":"wp","href":"https:\/\/api.w.org\/{rel}","templated":true}]}}