{"id":1355,"date":"2024-10-16T11:50:21","date_gmt":"2024-10-16T11:50:21","guid":{"rendered":"https:\/\/nembutalhouse.com\/?post_type=product&#038;p=1355"},"modified":"2026-03-03T05:57:55","modified_gmt":"2026-03-03T05:57:55","slug":"buy-benzolam-online","status":"publish","type":"product","link":"https:\/\/nembutalhouse.com\/es\/producto\/buy-benzolam-online\/","title":{"rendered":"Buy Benzolam Online"},"content":{"rendered":"<h2>Comprar Benzolam Online<\/h2>\n<p><a href=\"https:\/\/en.wikipedia.org\/wiki\/Benzodiazepine\">Benzolam<\/a>conocido com\u00fanmente como Alfa-PVP, es un potente estimulante que se utiliza normalmente para producir euforia. En algunos estudios tambi\u00e9n se le denomina droga psicoactiva. Se descubri\u00f3 a principios de los a\u00f1os 60 y tiene un nivel de potencia 1\/4 en comparaci\u00f3n con la MDPV.<\/p>\n<p>Adem\u00e1s, las consecuencias son m\u00e1s o menos las mismas. T\u00edpicamente, los CRISTALES de A-PVP se encuentran como cristales de roca blanca. Diversas Aplicaciones e Impactos del A-PVP Antes de ingerir Alfa-PVP, m\u00e9zclelo con otras drogas.<\/p>\n<p>Adem\u00e1s, tienes la opci\u00f3n de tragarlo o inhalarlo. S\u00f3lo el m\u00e9dico debe determinar la dosis, y no debes tomar m\u00e1s de una en una hora.<\/p>\n<p>El benzolam es comparable a la coca\u00edna, aunque de menor potencia. <a href=\"https:\/\/nembutalhouse.com\/es\/\">NembutalCasa<\/a><\/p>\n<p>P\u00f3ngalo debajo de la lengua y descubrir\u00e1 que se disuelve r\u00e1pidamente. Simult\u00e1neamente, puedes tener una sensaci\u00f3n de adormecimiento.<\/p>\n<p>Aunque tarda alg\u00fan tiempo en manifestarse, la euforia deber\u00eda aparecer 30 minutos despu\u00e9s de la ingesti\u00f3n. Notar\u00e1s una ligera subida de la tensi\u00f3n arterial tras el adormecimiento.<\/p>\n<p>Adem\u00e1s, ya no tendr\u00e1 ganas de beber agua.<\/p>\n<p>Despu\u00e9s de consumir algo, experimentar\u00e1 cierta estimulaci\u00f3n menor y posiblemente incluso somnolencia 45 minutos o m\u00e1s despu\u00e9s.<\/p>\n<p>En general, los efectos no deber\u00edan prolongarse m\u00e1s de tres horas, y es posible que no sientas la necesidad de tomar otra dosis de inmediato.<\/p>\n<p>Sin duda experimentar\u00e1 euforia durante m\u00e1s tiempo si utiliza el m\u00e9todo de insuflaci\u00f3n. No obstante, estimar la potencia puede resultar complicado, ya que algunas personas experimentan un efecto muy gradual, mientras que otras experimentan uno bastante r\u00e1pido.<\/p>\n<p>Empieza a funcionar en cuanto el cliente lo inhala. Despu\u00e9s de consumirlo, se sentir\u00e1 euf\u00f3rico en diez minutos (bajo el m\u00e9todo de insuflaci\u00f3n).<\/p>\n<p>Despu\u00e9s de consumirlo, debes sentirte somnoliento en una hora, e incluso puedes tener desmayos con frecuencia.<\/p>\n<p>Es importante comprender que la euforia que acompa\u00f1a a la <a href=\"https:\/\/nembutalhouse.com\/es\/producto\/buy-benzolam-online\/\">Benzolam<\/a> suele desaparecer r\u00e1pidamente. Algunas personas afirman que la ingesti\u00f3n de la forma de cristal es m\u00e1s eficaz, ya que.<\/p>\n<p>La intensa sensaci\u00f3n no dura m\u00e1s de tres horas, pero el tiempo que experimentes con este tipo de estimulante determinar\u00e1 si tomas o no otra dosis en un futuro pr\u00f3ximo.<\/p>\n<p>Ten en cuenta que Alfa-PVP puede ayudarte si te consideras creativo. Experimentar\u00e1s una alegr\u00eda intensa y una oleada de vitalidad.<\/p>\n<p>Su cuerpo estar\u00e1 totalmente relajado y no tendr\u00e1 ning\u00fan antojo de comida. Tenga en cuenta que s\u00f3lo debe tomar peque\u00f1as cantidades de este medicamento.<\/p>\n<p>El aumento de la dosis hace que sea muy f\u00e1cil que las cosas se salgan de control.<\/p>\n<p>El benzolam puede adquirirse en l\u00ednea en diversos sitios, pero es aconsejable investigar a fondo la fuente y leer tantas rese\u00f1as como sea posible.<\/p>\n<p>Tenga en cuenta que la respuesta de una persona a estos medicamentos puede variar en funci\u00f3n de diversos factores, como la estatura, el peso y el \u00edndice metab\u00f3lico.<\/p>\n<p>&nbsp;<\/p>\n<p>&nbsp;<\/p>","protected":false},"excerpt":{"rendered":"<p>Comprar Benzolam Online El Benzolam, com\u00fanmente conocido como Alfa-PVP, es un potente estimulante que se utiliza normalmente para producir euforia. Tambi\u00e9n se conoce como una droga psicoactiva por ciertos...<\/p>","protected":false},"featured_media":1520,"comment_status":"open","ping_status":"closed","template":"","meta":{"_joinchat":[]},"product_cat":[186],"product_tag":[1215,1233,1210,1221,1222,1225,1211,1231,1232,1230,1229,1218,1220,1208,1209,1227,1224,1217,1213,1214,1228,1226,1223,1216,1219,1212],"class_list":{"0":"post-1355","1":"product","2":"type-product","3":"status-publish","4":"has-post-thumbnail","6":"product_cat-research-chemicals","7":"product_tag-benzolam-powder","8":"product_tag-benzolam-powder-for-cleaning","9":"product_tag-benzolam-powder-for-sale","10":"product_tag-benzolam-powder-online","11":"product_tag-benzolam-powder-price","12":"product_tag-benzolam-powder-store","13":"product_tag-benzolam-powder-supplier","14":"product_tag-benzolam-powder-use","15":"product_tag-benzolam-powder-wiki","16":"product_tag-benzolam-powder-worldwide","17":"product_tag-best-cheap-price-benzolam-powder","18":"product_tag-best-place-to-buy-benzolam","19":"product_tag-buy-benzolam-legally","20":"product_tag-buy-benzolam-powder","21":"product_tag-buy-benzolam-powder-online","22":"product_tag-cheap-benzolam-powders","23":"product_tag-high-quality-benzolam-powder","24":"product_tag-how-to-buy-benzolam","25":"product_tag-order-benzolam-powder","26":"product_tag-order-benzolam-powder-online","27":"product_tag-purcharse-benzolam-powder-powder","28":"product_tag-shop-benzolam-powder","29":"product_tag-top-quality-benzolam-powder","30":"product_tag-where-to-buy-benzolam","31":"product_tag-where-to-order-benzolam","32":"product_tag-wholesale-benzolam-powder-bulk-online","34":"first","35":"instock","36":"shipping-taxable","37":"purchasable","38":"product-type-variable"},"yoast_head":"<!-- This site is optimized with the Yoast SEO plugin v24.1 - https:\/\/yoast.com\/wordpress\/plugins\/seo\/ -->\n<title>Benzolam for Sale - Buy Benzolam Online - Order Benzolam<\/title>\n<meta name=\"description\" content=\"You can now get benzolam for sale from our top best store NembutalHouse. Our staff will assist you to buy benzolam online at the best prices. Order benzolam online today with worldwide shipping!\" \/>\n<meta name=\"robots\" content=\"index, follow, max-snippet:-1, max-image-preview:large, max-video-preview:-1\" \/>\n<link rel=\"canonical\" href=\"https:\/\/nembutalhouse.com\/es\/producto\/buy-benzolam-online\/\" \/>\n<meta property=\"og:locale\" content=\"es_ES\" \/>\n<meta property=\"og:type\" content=\"article\" \/>\n<meta property=\"og:title\" content=\"Benzolam for Sale - Buy Benzolam Online - Order Benzolam\" \/>\n<meta property=\"og:description\" content=\"You can now get benzolam for sale from our top best store NembutalHouse. Our staff will assist you to buy benzolam online at the best prices. Order benzolam online today with worldwide shipping!\" \/>\n<meta property=\"og:url\" content=\"https:\/\/nembutalhouse.com\/es\/producto\/buy-benzolam-online\/\" \/>\n<meta property=\"og:site_name\" content=\"Nembutal House\" \/>\n<meta property=\"article:modified_time\" content=\"2026-03-03T05:57:55+00:00\" \/>\n<meta property=\"og:image\" content=\"https:\/\/nembutalhouse.com\/wp-content\/uploads\/2024\/10\/Benzolam.gif\" \/>\n\t<meta property=\"og:image:width\" content=\"600\" \/>\n\t<meta property=\"og:image:height\" content=\"600\" \/>\n\t<meta property=\"og:image:type\" content=\"image\/gif\" \/>\n<meta name=\"twitter:card\" content=\"summary_large_image\" \/>\n<meta name=\"twitter:label1\" content=\"Tiempo de lectura\" \/>\n\t<meta name=\"twitter:data1\" content=\"3 minutos\" \/>\n<script type=\"application\/ld+json\" class=\"yoast-schema-graph\">{\"@context\":\"https:\/\/schema.org\",\"@graph\":[{\"@type\":\"WebPage\",\"@id\":\"https:\/\/nembutalhouse.com\/product\/buy-benzolam-online\/\",\"url\":\"https:\/\/nembutalhouse.com\/product\/buy-benzolam-online\/\",\"name\":\"Benzolam for Sale - Buy Benzolam Online - Order Benzolam\",\"isPartOf\":{\"@id\":\"https:\/\/nembutalhouse.com\/#website\"},\"primaryImageOfPage\":{\"@id\":\"https:\/\/nembutalhouse.com\/product\/buy-benzolam-online\/#primaryimage\"},\"image\":{\"@id\":\"https:\/\/nembutalhouse.com\/product\/buy-benzolam-online\/#primaryimage\"},\"thumbnailUrl\":\"https:\/\/nembutalhouse.com\/wp-content\/uploads\/2024\/10\/Benzolam.gif\",\"datePublished\":\"2024-10-16T11:50:21+00:00\",\"dateModified\":\"2026-03-03T05:57:55+00:00\",\"description\":\"You can now get benzolam for sale from our top best store NembutalHouse. Our staff will assist you to buy benzolam online at the best prices. Order benzolam online today with worldwide shipping!\",\"breadcrumb\":{\"@id\":\"https:\/\/nembutalhouse.com\/product\/buy-benzolam-online\/#breadcrumb\"},\"inLanguage\":\"es\",\"potentialAction\":[{\"@type\":\"ReadAction\",\"target\":[\"https:\/\/nembutalhouse.com\/product\/buy-benzolam-online\/\"]}]},{\"@type\":\"ImageObject\",\"inLanguage\":\"es\",\"@id\":\"https:\/\/nembutalhouse.com\/product\/buy-benzolam-online\/#primaryimage\",\"url\":\"https:\/\/nembutalhouse.com\/wp-content\/uploads\/2024\/10\/Benzolam.gif\",\"contentUrl\":\"https:\/\/nembutalhouse.com\/wp-content\/uploads\/2024\/10\/Benzolam.gif\",\"width\":600,\"height\":600,\"caption\":\"Buy Benzolam Online\"},{\"@type\":\"BreadcrumbList\",\"@id\":\"https:\/\/nembutalhouse.com\/product\/buy-benzolam-online\/#breadcrumb\",\"itemListElement\":[{\"@type\":\"ListItem\",\"position\":1,\"name\":\"Home\",\"item\":\"https:\/\/nembutalhouse.com\/\"},{\"@type\":\"ListItem\",\"position\":2,\"name\":\"Shop\",\"item\":\"https:\/\/nembutalhouse.com\/shop\/\"},{\"@type\":\"ListItem\",\"position\":3,\"name\":\"Buy Benzolam Online\"}]},{\"@type\":\"WebSite\",\"@id\":\"https:\/\/nembutalhouse.com\/#website\",\"url\":\"https:\/\/nembutalhouse.com\/\",\"name\":\"Nembutal House\",\"description\":\"Best Nembutal Online Store\",\"publisher\":{\"@id\":\"https:\/\/nembutalhouse.com\/#organization\"},\"potentialAction\":[{\"@type\":\"SearchAction\",\"target\":{\"@type\":\"EntryPoint\",\"urlTemplate\":\"https:\/\/nembutalhouse.com\/?s={search_term_string}\"},\"query-input\":{\"@type\":\"PropertyValueSpecification\",\"valueRequired\":true,\"valueName\":\"search_term_string\"}}],\"inLanguage\":\"es\"},{\"@type\":\"Organization\",\"@id\":\"https:\/\/nembutalhouse.com\/#organization\",\"name\":\"Nembutal House\",\"url\":\"https:\/\/nembutalhouse.com\/\",\"logo\":{\"@type\":\"ImageObject\",\"inLanguage\":\"es\",\"@id\":\"https:\/\/nembutalhouse.com\/#\/schema\/logo\/image\/\",\"url\":\"https:\/\/nembutalhouse.com\/wp-content\/uploads\/2022\/12\/logo.png\",\"contentUrl\":\"https:\/\/nembutalhouse.com\/wp-content\/uploads\/2022\/12\/logo.png\",\"width\":344,\"height\":103,\"caption\":\"Nembutal House\"},\"image\":{\"@id\":\"https:\/\/nembutalhouse.com\/#\/schema\/logo\/image\/\"}}]}<\/script>\n<!-- \/ Yoast SEO plugin. -->","yoast_head_json":{"title":"Benzolam for Sale - Buy Benzolam Online - Order Benzolam","description":"You can now get benzolam for sale from our top best store NembutalHouse. Our staff will assist you to buy benzolam online at the best prices. Order benzolam online today with worldwide shipping!","robots":{"index":"index","follow":"follow","max-snippet":"max-snippet:-1","max-image-preview":"max-image-preview:large","max-video-preview":"max-video-preview:-1"},"canonical":"https:\/\/nembutalhouse.com\/es\/producto\/buy-benzolam-online\/","og_locale":"es_ES","og_type":"article","og_title":"Benzolam for Sale - Buy Benzolam Online - Order Benzolam","og_description":"You can now get benzolam for sale from our top best store NembutalHouse. Our staff will assist you to buy benzolam online at the best prices. Order benzolam online today with worldwide shipping!","og_url":"https:\/\/nembutalhouse.com\/es\/producto\/buy-benzolam-online\/","og_site_name":"Nembutal House","article_modified_time":"2026-03-03T05:57:55+00:00","og_image":[{"width":600,"height":600,"url":"https:\/\/nembutalhouse.com\/wp-content\/uploads\/2024\/10\/Benzolam.gif","type":"image\/gif"}],"twitter_card":"summary_large_image","twitter_misc":{"Tiempo de lectura":"3 minutos"},"schema":{"@context":"https:\/\/schema.org","@graph":[{"@type":"WebPage","@id":"https:\/\/nembutalhouse.com\/product\/buy-benzolam-online\/","url":"https:\/\/nembutalhouse.com\/product\/buy-benzolam-online\/","name":"Benzolam for Sale - Buy Benzolam Online - Order Benzolam","isPartOf":{"@id":"https:\/\/nembutalhouse.com\/#website"},"primaryImageOfPage":{"@id":"https:\/\/nembutalhouse.com\/product\/buy-benzolam-online\/#primaryimage"},"image":{"@id":"https:\/\/nembutalhouse.com\/product\/buy-benzolam-online\/#primaryimage"},"thumbnailUrl":"https:\/\/nembutalhouse.com\/wp-content\/uploads\/2024\/10\/Benzolam.gif","datePublished":"2024-10-16T11:50:21+00:00","dateModified":"2026-03-03T05:57:55+00:00","description":"You can now get benzolam for sale from our top best store NembutalHouse. Our staff will assist you to buy benzolam online at the best prices. Order benzolam online today with worldwide shipping!","breadcrumb":{"@id":"https:\/\/nembutalhouse.com\/product\/buy-benzolam-online\/#breadcrumb"},"inLanguage":"es","potentialAction":[{"@type":"ReadAction","target":["https:\/\/nembutalhouse.com\/product\/buy-benzolam-online\/"]}]},{"@type":"ImageObject","inLanguage":"es","@id":"https:\/\/nembutalhouse.com\/product\/buy-benzolam-online\/#primaryimage","url":"https:\/\/nembutalhouse.com\/wp-content\/uploads\/2024\/10\/Benzolam.gif","contentUrl":"https:\/\/nembutalhouse.com\/wp-content\/uploads\/2024\/10\/Benzolam.gif","width":600,"height":600,"caption":"Buy Benzolam Online"},{"@type":"BreadcrumbList","@id":"https:\/\/nembutalhouse.com\/product\/buy-benzolam-online\/#breadcrumb","itemListElement":[{"@type":"ListItem","position":1,"name":"Home","item":"https:\/\/nembutalhouse.com\/"},{"@type":"ListItem","position":2,"name":"Shop","item":"https:\/\/nembutalhouse.com\/shop\/"},{"@type":"ListItem","position":3,"name":"Buy Benzolam Online"}]},{"@type":"WebSite","@id":"https:\/\/nembutalhouse.com\/#website","url":"https:\/\/nembutalhouse.com\/","name":"Nembutal House","description":"Best Nembutal Online Store","publisher":{"@id":"https:\/\/nembutalhouse.com\/#organization"},"potentialAction":[{"@type":"SearchAction","target":{"@type":"EntryPoint","urlTemplate":"https:\/\/nembutalhouse.com\/?s={search_term_string}"},"query-input":{"@type":"PropertyValueSpecification","valueRequired":true,"valueName":"search_term_string"}}],"inLanguage":"es"},{"@type":"Organization","@id":"https:\/\/nembutalhouse.com\/#organization","name":"Nembutal House","url":"https:\/\/nembutalhouse.com\/","logo":{"@type":"ImageObject","inLanguage":"es","@id":"https:\/\/nembutalhouse.com\/#\/schema\/logo\/image\/","url":"https:\/\/nembutalhouse.com\/wp-content\/uploads\/2022\/12\/logo.png","contentUrl":"https:\/\/nembutalhouse.com\/wp-content\/uploads\/2022\/12\/logo.png","width":344,"height":103,"caption":"Nembutal House"},"image":{"@id":"https:\/\/nembutalhouse.com\/#\/schema\/logo\/image\/"}}]}},"_links":{"self":[{"href":"https:\/\/nembutalhouse.com\/es\/wp-json\/wp\/v2\/product\/1355","targetHints":{"allow":["GET"]}}],"collection":[{"href":"https:\/\/nembutalhouse.com\/es\/wp-json\/wp\/v2\/product"}],"about":[{"href":"https:\/\/nembutalhouse.com\/es\/wp-json\/wp\/v2\/types\/product"}],"replies":[{"embeddable":true,"href":"https:\/\/nembutalhouse.com\/es\/wp-json\/wp\/v2\/comments?post=1355"}],"wp:featuredmedia":[{"embeddable":true,"href":"https:\/\/nembutalhouse.com\/es\/wp-json\/wp\/v2\/media\/1520"}],"wp:attachment":[{"href":"https:\/\/nembutalhouse.com\/es\/wp-json\/wp\/v2\/media?parent=1355"}],"wp:term":[{"taxonomy":"product_cat","embeddable":true,"href":"https:\/\/nembutalhouse.com\/es\/wp-json\/wp\/v2\/product_cat?post=1355"},{"taxonomy":"product_tag","embeddable":true,"href":"https:\/\/nembutalhouse.com\/es\/wp-json\/wp\/v2\/product_tag?post=1355"}],"curies":[{"name":"wp","href":"https:\/\/api.w.org\/{rel}","templated":true}]}}