{"id":1319,"date":"2024-10-16T11:50:01","date_gmt":"2024-10-16T11:50:01","guid":{"rendered":"https:\/\/nembutalhouse.com\/?post_type=product&#038;p=1319"},"modified":"2026-03-03T05:26:28","modified_gmt":"2026-03-03T05:26:28","slug":"buy-amphetamine-online","status":"publish","type":"product","link":"https:\/\/nembutalhouse.com\/es\/producto\/buy-amphetamine-online\/","title":{"rendered":"Buy Amphetamine Online"},"content":{"rendered":"<h2>Comprar AMPHETAMINE Online<\/h2>\n<p><a href=\"https:\/\/en.wikipedia.org\/wiki\/Amphetamine\">Anfetamina<\/a> El polvo es un potente estimulador del sistema nervioso central (cerebro y nervios de la m\u00e9dula espinal) y tiene un papel medicinal en varias enfermedades. Tambi\u00e9n es muy adictivo y tiene antecedentes de abuso.<\/p>\n<p><a href=\"https:\/\/nembutalhouse.com\/es\/producto\/buy-amphetamine-online\/\">Anfetamina en polvo<\/a> se utiliza m\u00e9dicamente para tratar el trastorno por d\u00e9ficit de atenci\u00f3n con hiperactividad (TDAH) y la narcolepsia, una enfermedad caracterizada por episodios de somnolencia intensa e inapropiada.1<\/p>\n<p>La anfetamina en polvo, en menor medida, tambi\u00e9n se utiliza en el tratamiento de la depresi\u00f3n y la obesidad.<\/p>\n<p>En este art\u00edculo, veremos el uso m\u00e9dico de la anfetamina, sus efectos secundarios y contraindicaciones.<\/p>\n<p>Las anfetaminas en polvo son estimulantes sint\u00e9ticos. Su uso m\u00e9dico actual es limitado, y actualmente s\u00f3lo se dispone de Dexedrine (sulfato de dexanfetamina) para el tratamiento de la narcolepsia, en la que el paciente no puede evitar quedarse dormido de repente. El \u00fanico otro f\u00e1rmaco relacionado con las anfetaminas<\/p>\n<p>disponible para uso m\u00e9dico es el metilfenidato (Ritalin) para el tratamiento del s\u00edndrome de d\u00e9ficit de atenci\u00f3n en ni\u00f1os (Ritalin no es estrictamente una anfetamina, aunque es muy similar en estructura qu\u00edmica y efectos). <a href=\"https:\/\/nembutalhouse.com\/es\/\">NembutalCasa<\/a><\/p>\n<p>Como droga callejera, la anfetamina suele presentarse en forma de polvo blanco, gris, amarillento o rosado, o como una sustancia similar a la masilla conocida como base. La pureza de los polvos callejeros es inferior al 15%, y la mayor\u00eda de las ofertas s\u00f3lo contienen un 10{13c175b4b24440b8a5165f6560f020b70106ae9a2c215c353f8f2fc99a8d1211} de anfetamina y el resto otros polvos como glucosa, vitamina C, laxante, leche en polvo para beb\u00e9s, cafe\u00edna u otras drogas como paracetamol o aspirina.<\/p>\n<p>La base es m\u00e1s fuerte con un 50% de pureza o m\u00e1s, pero est\u00e1 disminuyendo. La metanfetamina es una forma similar de la droga, aunque para algunos m\u00e1s fuerte. Se presenta en forma de polvo, cristales (conocidos como hielo) o comprimidos.<\/p>\n<p>Los polvos se esnifan por la nariz, se mezclan en una bebida o, en el caso de algunos grandes consumidores, se preparan para inyectarlos. La base suele tragarse o, debido a su mal sabor, se envuelve en papel (de fumar) y se bombardea (traga). Se puede esnifar si se seca adecuadamente.<\/p>\n<p>La metanfetamina se toma de varias maneras, dependiendo de la forma. Las pastillas se ingieren. En forma de cristal, al haberse eliminado la base de sal, puede encenderse f\u00e1cilmente y fumarse (de forma similar al crack con la coca\u00edna). El polvo se traga o se esnifa.<\/p>","protected":false},"excerpt":{"rendered":"<p>Buy AMPHETAMINE Online Amphetamine powder is a potent stimulator of the central nervous system (brain and nerves of the spinal cord) and has a medicinal role in a number of&hellip;<\/p>","protected":false},"featured_media":1523,"comment_status":"open","ping_status":"closed","template":"","meta":{"_joinchat":[]},"product_cat":[186],"product_tag":[1137,1155,1132,1143,1144,1147,1133,1153,1154,1152,1151,1140,1130,1131,1142,1149,1146,1139,1135,1136,1150,1148,1145,1138,1141,1134],"class_list":{"0":"post-1319","1":"product","2":"type-product","3":"status-publish","4":"has-post-thumbnail","6":"product_cat-research-chemicals","7":"product_tag-amphetamine-crystal","8":"product_tag-amphetamine-crystal-for-cleaning","9":"product_tag-amphetamine-crystal-for-sale","10":"product_tag-amphetamine-crystal-online","11":"product_tag-amphetamine-crystal-price","12":"product_tag-amphetamine-crystal-store","13":"product_tag-amphetamine-crystal-supplier","14":"product_tag-amphetamine-crystal-use","15":"product_tag-amphetamine-crystal-wiki","16":"product_tag-amphetamine-crystal-worldwide","17":"product_tag-best-cheap-price-amphetamine-crystal","18":"product_tag-best-place-to-buy-amphetamine","19":"product_tag-buy-amphetamine-crystal","20":"product_tag-buy-amphetamine-crystal-online","21":"product_tag-buy-amphetamine-legally","22":"product_tag-cheap-amphetamine-crystals","23":"product_tag-high-quality-amphetamine-crystal","24":"product_tag-how-to-buy-amphetamine","25":"product_tag-order-amphetamine-crystal","26":"product_tag-order-amphetamine-crystal-online","27":"product_tag-purcharse-amphetamine-crystal-powder","28":"product_tag-shop-amphetamine-crystal","29":"product_tag-top-quality-amphetamine-crystal","30":"product_tag-where-to-buy-amphetamine","31":"product_tag-where-to-order-amphetamine","32":"product_tag-wholesale-amphetamine-crystal-bulk-online","34":"first","35":"instock","36":"shipping-taxable","37":"purchasable","38":"product-type-variable"},"yoast_head":"<!-- This site is optimized with the Yoast SEO plugin v24.1 - https:\/\/yoast.com\/wordpress\/plugins\/seo\/ -->\n<title>Buy Amphetamine Online - Amphetamine for Sale | NH<\/title>\n<meta name=\"description\" content=\"Where to buy amphetamine online at the best price? Find high-quality amphetamine for sale at our secure online store, catering to your research requirements. Order Now!\" \/>\n<meta name=\"robots\" content=\"index, follow, max-snippet:-1, max-image-preview:large, max-video-preview:-1\" \/>\n<link rel=\"canonical\" href=\"https:\/\/nembutalhouse.com\/es\/producto\/buy-amphetamine-online\/\" \/>\n<meta property=\"og:locale\" content=\"es_ES\" \/>\n<meta property=\"og:type\" content=\"article\" \/>\n<meta property=\"og:title\" content=\"Buy Amphetamine Online - Amphetamine for Sale | NH\" \/>\n<meta property=\"og:description\" content=\"Where to buy amphetamine online at the best price? Find high-quality amphetamine for sale at our secure online store, catering to your research requirements. Order Now!\" \/>\n<meta property=\"og:url\" content=\"https:\/\/nembutalhouse.com\/es\/producto\/buy-amphetamine-online\/\" \/>\n<meta property=\"og:site_name\" content=\"Nembutal House\" \/>\n<meta property=\"article:modified_time\" content=\"2026-03-03T05:26:28+00:00\" \/>\n<meta property=\"og:image\" content=\"https:\/\/nembutalhouse.com\/wp-content\/uploads\/2024\/10\/Amphetamine.gif\" \/>\n\t<meta property=\"og:image:width\" content=\"600\" \/>\n\t<meta property=\"og:image:height\" content=\"600\" \/>\n\t<meta property=\"og:image:type\" content=\"image\/gif\" \/>\n<meta name=\"twitter:card\" content=\"summary_large_image\" \/>\n<meta name=\"twitter:label1\" content=\"Tiempo de lectura\" \/>\n\t<meta name=\"twitter:data1\" content=\"2 minutos\" \/>\n<script type=\"application\/ld+json\" class=\"yoast-schema-graph\">{\"@context\":\"https:\/\/schema.org\",\"@graph\":[{\"@type\":\"WebPage\",\"@id\":\"https:\/\/nembutalhouse.com\/product\/buy-amphetamine-online\/\",\"url\":\"https:\/\/nembutalhouse.com\/product\/buy-amphetamine-online\/\",\"name\":\"Buy Amphetamine Online - Amphetamine for Sale | NH\",\"isPartOf\":{\"@id\":\"https:\/\/nembutalhouse.com\/#website\"},\"primaryImageOfPage\":{\"@id\":\"https:\/\/nembutalhouse.com\/product\/buy-amphetamine-online\/#primaryimage\"},\"image\":{\"@id\":\"https:\/\/nembutalhouse.com\/product\/buy-amphetamine-online\/#primaryimage\"},\"thumbnailUrl\":\"https:\/\/nembutalhouse.com\/wp-content\/uploads\/2024\/10\/Amphetamine.gif\",\"datePublished\":\"2024-10-16T11:50:01+00:00\",\"dateModified\":\"2026-03-03T05:26:28+00:00\",\"description\":\"Where to buy amphetamine online at the best price? Find high-quality amphetamine for sale at our secure online store, catering to your research requirements. Order Now!\",\"breadcrumb\":{\"@id\":\"https:\/\/nembutalhouse.com\/product\/buy-amphetamine-online\/#breadcrumb\"},\"inLanguage\":\"es\",\"potentialAction\":[{\"@type\":\"ReadAction\",\"target\":[\"https:\/\/nembutalhouse.com\/product\/buy-amphetamine-online\/\"]}]},{\"@type\":\"ImageObject\",\"inLanguage\":\"es\",\"@id\":\"https:\/\/nembutalhouse.com\/product\/buy-amphetamine-online\/#primaryimage\",\"url\":\"https:\/\/nembutalhouse.com\/wp-content\/uploads\/2024\/10\/Amphetamine.gif\",\"contentUrl\":\"https:\/\/nembutalhouse.com\/wp-content\/uploads\/2024\/10\/Amphetamine.gif\",\"width\":600,\"height\":600,\"caption\":\"Buy Amphetamine Online\"},{\"@type\":\"BreadcrumbList\",\"@id\":\"https:\/\/nembutalhouse.com\/product\/buy-amphetamine-online\/#breadcrumb\",\"itemListElement\":[{\"@type\":\"ListItem\",\"position\":1,\"name\":\"Home\",\"item\":\"https:\/\/nembutalhouse.com\/\"},{\"@type\":\"ListItem\",\"position\":2,\"name\":\"Shop\",\"item\":\"https:\/\/nembutalhouse.com\/shop\/\"},{\"@type\":\"ListItem\",\"position\":3,\"name\":\"Buy Amphetamine Online\"}]},{\"@type\":\"WebSite\",\"@id\":\"https:\/\/nembutalhouse.com\/#website\",\"url\":\"https:\/\/nembutalhouse.com\/\",\"name\":\"Nembutal House\",\"description\":\"Best Nembutal Online Store\",\"publisher\":{\"@id\":\"https:\/\/nembutalhouse.com\/#organization\"},\"potentialAction\":[{\"@type\":\"SearchAction\",\"target\":{\"@type\":\"EntryPoint\",\"urlTemplate\":\"https:\/\/nembutalhouse.com\/?s={search_term_string}\"},\"query-input\":{\"@type\":\"PropertyValueSpecification\",\"valueRequired\":true,\"valueName\":\"search_term_string\"}}],\"inLanguage\":\"es\"},{\"@type\":\"Organization\",\"@id\":\"https:\/\/nembutalhouse.com\/#organization\",\"name\":\"Nembutal House\",\"url\":\"https:\/\/nembutalhouse.com\/\",\"logo\":{\"@type\":\"ImageObject\",\"inLanguage\":\"es\",\"@id\":\"https:\/\/nembutalhouse.com\/#\/schema\/logo\/image\/\",\"url\":\"https:\/\/nembutalhouse.com\/wp-content\/uploads\/2022\/12\/logo.png\",\"contentUrl\":\"https:\/\/nembutalhouse.com\/wp-content\/uploads\/2022\/12\/logo.png\",\"width\":344,\"height\":103,\"caption\":\"Nembutal House\"},\"image\":{\"@id\":\"https:\/\/nembutalhouse.com\/#\/schema\/logo\/image\/\"}}]}<\/script>\n<!-- \/ Yoast SEO plugin. -->","yoast_head_json":{"title":"Buy Amphetamine Online - Amphetamine for Sale | NH","description":"Where to buy amphetamine online at the best price? Find high-quality amphetamine for sale at our secure online store, catering to your research requirements. Order Now!","robots":{"index":"index","follow":"follow","max-snippet":"max-snippet:-1","max-image-preview":"max-image-preview:large","max-video-preview":"max-video-preview:-1"},"canonical":"https:\/\/nembutalhouse.com\/es\/producto\/buy-amphetamine-online\/","og_locale":"es_ES","og_type":"article","og_title":"Buy Amphetamine Online - Amphetamine for Sale | NH","og_description":"Where to buy amphetamine online at the best price? Find high-quality amphetamine for sale at our secure online store, catering to your research requirements. Order Now!","og_url":"https:\/\/nembutalhouse.com\/es\/producto\/buy-amphetamine-online\/","og_site_name":"Nembutal House","article_modified_time":"2026-03-03T05:26:28+00:00","og_image":[{"width":600,"height":600,"url":"https:\/\/nembutalhouse.com\/wp-content\/uploads\/2024\/10\/Amphetamine.gif","type":"image\/gif"}],"twitter_card":"summary_large_image","twitter_misc":{"Tiempo de lectura":"2 minutos"},"schema":{"@context":"https:\/\/schema.org","@graph":[{"@type":"WebPage","@id":"https:\/\/nembutalhouse.com\/product\/buy-amphetamine-online\/","url":"https:\/\/nembutalhouse.com\/product\/buy-amphetamine-online\/","name":"Buy Amphetamine Online - Amphetamine for Sale | NH","isPartOf":{"@id":"https:\/\/nembutalhouse.com\/#website"},"primaryImageOfPage":{"@id":"https:\/\/nembutalhouse.com\/product\/buy-amphetamine-online\/#primaryimage"},"image":{"@id":"https:\/\/nembutalhouse.com\/product\/buy-amphetamine-online\/#primaryimage"},"thumbnailUrl":"https:\/\/nembutalhouse.com\/wp-content\/uploads\/2024\/10\/Amphetamine.gif","datePublished":"2024-10-16T11:50:01+00:00","dateModified":"2026-03-03T05:26:28+00:00","description":"Where to buy amphetamine online at the best price? Find high-quality amphetamine for sale at our secure online store, catering to your research requirements. Order Now!","breadcrumb":{"@id":"https:\/\/nembutalhouse.com\/product\/buy-amphetamine-online\/#breadcrumb"},"inLanguage":"es","potentialAction":[{"@type":"ReadAction","target":["https:\/\/nembutalhouse.com\/product\/buy-amphetamine-online\/"]}]},{"@type":"ImageObject","inLanguage":"es","@id":"https:\/\/nembutalhouse.com\/product\/buy-amphetamine-online\/#primaryimage","url":"https:\/\/nembutalhouse.com\/wp-content\/uploads\/2024\/10\/Amphetamine.gif","contentUrl":"https:\/\/nembutalhouse.com\/wp-content\/uploads\/2024\/10\/Amphetamine.gif","width":600,"height":600,"caption":"Buy Amphetamine Online"},{"@type":"BreadcrumbList","@id":"https:\/\/nembutalhouse.com\/product\/buy-amphetamine-online\/#breadcrumb","itemListElement":[{"@type":"ListItem","position":1,"name":"Home","item":"https:\/\/nembutalhouse.com\/"},{"@type":"ListItem","position":2,"name":"Shop","item":"https:\/\/nembutalhouse.com\/shop\/"},{"@type":"ListItem","position":3,"name":"Buy Amphetamine Online"}]},{"@type":"WebSite","@id":"https:\/\/nembutalhouse.com\/#website","url":"https:\/\/nembutalhouse.com\/","name":"Nembutal House","description":"Best Nembutal Online Store","publisher":{"@id":"https:\/\/nembutalhouse.com\/#organization"},"potentialAction":[{"@type":"SearchAction","target":{"@type":"EntryPoint","urlTemplate":"https:\/\/nembutalhouse.com\/?s={search_term_string}"},"query-input":{"@type":"PropertyValueSpecification","valueRequired":true,"valueName":"search_term_string"}}],"inLanguage":"es"},{"@type":"Organization","@id":"https:\/\/nembutalhouse.com\/#organization","name":"Nembutal House","url":"https:\/\/nembutalhouse.com\/","logo":{"@type":"ImageObject","inLanguage":"es","@id":"https:\/\/nembutalhouse.com\/#\/schema\/logo\/image\/","url":"https:\/\/nembutalhouse.com\/wp-content\/uploads\/2022\/12\/logo.png","contentUrl":"https:\/\/nembutalhouse.com\/wp-content\/uploads\/2022\/12\/logo.png","width":344,"height":103,"caption":"Nembutal House"},"image":{"@id":"https:\/\/nembutalhouse.com\/#\/schema\/logo\/image\/"}}]}},"_links":{"self":[{"href":"https:\/\/nembutalhouse.com\/es\/wp-json\/wp\/v2\/product\/1319","targetHints":{"allow":["GET"]}}],"collection":[{"href":"https:\/\/nembutalhouse.com\/es\/wp-json\/wp\/v2\/product"}],"about":[{"href":"https:\/\/nembutalhouse.com\/es\/wp-json\/wp\/v2\/types\/product"}],"replies":[{"embeddable":true,"href":"https:\/\/nembutalhouse.com\/es\/wp-json\/wp\/v2\/comments?post=1319"}],"wp:featuredmedia":[{"embeddable":true,"href":"https:\/\/nembutalhouse.com\/es\/wp-json\/wp\/v2\/media\/1523"}],"wp:attachment":[{"href":"https:\/\/nembutalhouse.com\/es\/wp-json\/wp\/v2\/media?parent=1319"}],"wp:term":[{"taxonomy":"product_cat","embeddable":true,"href":"https:\/\/nembutalhouse.com\/es\/wp-json\/wp\/v2\/product_cat?post=1319"},{"taxonomy":"product_tag","embeddable":true,"href":"https:\/\/nembutalhouse.com\/es\/wp-json\/wp\/v2\/product_tag?post=1319"}],"curies":[{"name":"wp","href":"https:\/\/api.w.org\/{rel}","templated":true}]}}