{"id":1317,"date":"2024-10-16T11:50:01","date_gmt":"2024-10-16T11:50:01","guid":{"rendered":"https:\/\/nembutalhouse.com\/?post_type=product&#038;p=1317"},"modified":"2026-03-03T05:02:35","modified_gmt":"2026-03-03T05:02:35","slug":"buy-mdpv-online","status":"publish","type":"product","link":"https:\/\/nembutalhouse.com\/es\/producto\/buy-mdpv-online\/","title":{"rendered":"Comprar MDPV Online"},"content":{"rendered":"<h2>Comprar MDPV Online<\/h2>\n<p><a href=\"https:\/\/nembutalhouse.com\/es\/producto\/buy-mdpv-online\/\">MDPV<\/a> tambi\u00e9n se conoce con el nombre de Metilendioxipirovalerona.<\/p>\n<p>Es una droga de dise\u00f1o y se desarroll\u00f3 originalmente en 1969.<\/p>\n<p>Se trata de un tipo de inhibidor de la recaptaci\u00f3n de los receptores de dopamina y norepinefrina.<\/p>\n<p>Se sabe que funciona como sustancia psicoactiva y es conocida por mostrar propiedades estimulantes. Algunos de los efectos del medicamento pueden ser: aumento de la conciencia, euforia, estado de alerta elevado y aumento de la energ\u00eda.<\/p>\n<p>Los investigadores experimentados aconsejan utilizar <a href=\"https:\/\/en.wikipedia.org\/wiki\/Methylenedioxypyrovalerone\">MDPV<\/a> en comparaci\u00f3n con el Ritalin, ya que se sabe que el primero es 4 veces m\u00e1s potente.<\/p>\n<p>Los sitios web o farmacias en l\u00ednea suelen vender el medicamento en forma de polvo cristalino fino.<\/p>\n<p>Tenga en cuenta que MDPV ha estado en existencia desde hace bastante tiempo y como resultado, se denota a trav\u00e9s de diferentes nombres, tales como: MDPK, Maddie, Super Coke, Ivory Wave, Peevee, Magic, MTV, Ocean, White Lightening, ScarfaceCharge Plus, etc. <a href=\"https:\/\/nembutalhouse.com\/es\/\">NembutalCasa<\/a><\/p>\n<p>Aunque tiene propiedades psicotr\u00f3picas, muchos la utilizan tambi\u00e9n con fines recreativos.<\/p>\n<p><strong>Algunos de los usos tradicionales de la MDPV son:<\/strong><\/p>\n<ul>\n<li>Se ha utilizado para ayudar a los pacientes a perder peso, ya que el medicamento tiene una tendencia a quemar grasa de una manera r\u00e1pida.<\/li>\n<li>Como se mencion\u00f3 anteriormente, este medicamento es conocido por mejorar la actividad sexual, aumentar las reservas de energ\u00eda y ayuda a los pacientes a alcanzar un alto nivel de excitaci\u00f3n.<\/li>\n<\/ul>\n<p>Ten en cuenta que, como cualquier otro medicamento, tambi\u00e9n existen dosis recomendadas para la MDPV. Por lo tanto, una dosis excesiva puede causar problemas, al igual que ocurre con otros medicamentos.<\/p>\n<p>Nunca se debe superar la dosis recomendada. Lo positivo de la MDPV es que este medicamento es legal en la mayor\u00eda de los pa\u00edses del mundo, a diferencia de la mayor\u00eda de sus hom\u00f3logos. Muchos investigadores, gracias a sus numerosas propiedades farmac\u00e9uticas, lo utilizan tambi\u00e9n como compuesto qu\u00edmico de investigaci\u00f3n.<\/p>\n<p>Aunque generalmente est\u00e1 disponible en forma de polvo hidr\u00f3filo con un ligero olor, puede tener cualquier color, desde el blanco al marr\u00f3n claro. Algunos de los efectos secundarios del uso de MDVP son: ansiedad, debilidad, excitaci\u00f3n, falta de hambre, aumento de la presi\u00f3n arterial y palpitaciones.<\/p>\n<p>Una dosis excesiva puede provocar alucinaciones e incluso ataques de p\u00e1nico. El efecto suele durar unas 4 horas. Por favor, aseg\u00farese de no mantenerlo al aire libre, ya que el contacto con el aire fresco puede cambiar sus propiedades.<\/p>","protected":false},"excerpt":{"rendered":"<p>Buy MDPV Online MDPV is also known by the name Methylenedioxypyrovalerone. It is a designer drug and it was developed originally in 1969. This is one type of reuptake inhibitor&hellip;<\/p>","protected":false},"featured_media":1525,"comment_status":"open","ping_status":"closed","template":"","meta":{"_joinchat":[]},"product_cat":[188],"product_tag":[1095,1084,1074,1101,1086,1075,1093,1090,1083,1081,1100,1099,1102,1087,1088,1091,1097,1098,1096,1076,1077,1079,1103,1080,1094,1092,1089,1082,1085,1078],"class_list":{"0":"post-1317","1":"product","2":"type-product","3":"status-publish","4":"has-post-thumbnail","6":"product_cat-stimulants","7":"product_tag-best-cheap-price-mdpv-crystal","8":"product_tag-best-place-to-buy-mdpv","9":"product_tag-buy-mdpv","10":"product_tag-buy-mdpv-crystal-online","11":"product_tag-buy-mdpv-legally","12":"product_tag-buy-mdpv-online","13":"product_tag-cheap-mdpv-crystals","14":"product_tag-high-quality-mdpv-crystal","15":"product_tag-how-to-buy-mdpv","16":"product_tag-mdpv","17":"product_tag-mdpv-crystal","18":"product_tag-mdpv-crystal-for-cleaning","19":"product_tag-mdpv-crystal-for-sale","20":"product_tag-mdpv-crystal-online","21":"product_tag-mdpv-crystal-price","22":"product_tag-mdpv-crystal-store","23":"product_tag-mdpv-crystal-use","24":"product_tag-mdpv-crystal-wiki","25":"product_tag-mdpv-crystal-worldwide","26":"product_tag-mdpv-for-sale","27":"product_tag-mdpv-supplier","28":"product_tag-order-mdpv","29":"product_tag-order-mdpv-crystal","30":"product_tag-order-mdpv-online","31":"product_tag-purcharse-mdpv-crystal-powder","32":"product_tag-shop-mdpv-crystal","33":"product_tag-top-quality-mdpv-crystal","34":"product_tag-where-to-buy-mdpv","35":"product_tag-where-to-order-mdpv","36":"product_tag-wholesale-mdpv-bulk-online","38":"first","39":"instock","40":"shipping-taxable","41":"purchasable","42":"product-type-variable"},"yoast_head":"<!-- This site is optimized with the Yoast SEO plugin v24.1 - https:\/\/yoast.com\/wordpress\/plugins\/seo\/ -->\n<title>Buy MDPV Online - MDPV for Sale | NembutalHouse<\/title>\n<meta name=\"description\" content=\"Looking to Buy mdpv online? Discover a seamless platform at our online store where you can buy mdpv powder, ensuring top-grade quality for your research needs.\" \/>\n<meta name=\"robots\" content=\"index, follow, max-snippet:-1, max-image-preview:large, max-video-preview:-1\" \/>\n<link rel=\"canonical\" href=\"https:\/\/nembutalhouse.com\/es\/producto\/buy-mdpv-online\/\" \/>\n<meta property=\"og:locale\" content=\"es_ES\" \/>\n<meta property=\"og:type\" content=\"article\" \/>\n<meta property=\"og:title\" content=\"Buy MDPV Online - MDPV for Sale | NembutalHouse\" \/>\n<meta property=\"og:description\" content=\"Looking to Buy mdpv online? Discover a seamless platform at our online store where you can buy mdpv powder, ensuring top-grade quality for your research needs.\" \/>\n<meta property=\"og:url\" content=\"https:\/\/nembutalhouse.com\/es\/producto\/buy-mdpv-online\/\" \/>\n<meta property=\"og:site_name\" content=\"Nembutal House\" \/>\n<meta property=\"article:modified_time\" content=\"2026-03-03T05:02:35+00:00\" \/>\n<meta property=\"og:image\" content=\"https:\/\/nembutalhouse.com\/wp-content\/uploads\/2024\/10\/MDPV-1.gif\" \/>\n\t<meta property=\"og:image:width\" content=\"600\" \/>\n\t<meta property=\"og:image:height\" content=\"600\" \/>\n\t<meta property=\"og:image:type\" content=\"image\/gif\" \/>\n<meta name=\"twitter:card\" content=\"summary_large_image\" \/>\n<meta name=\"twitter:label1\" content=\"Tiempo de lectura\" \/>\n\t<meta name=\"twitter:data1\" content=\"2 minutos\" \/>\n<script type=\"application\/ld+json\" class=\"yoast-schema-graph\">{\"@context\":\"https:\/\/schema.org\",\"@graph\":[{\"@type\":\"WebPage\",\"@id\":\"https:\/\/nembutalhouse.com\/product\/buy-mdpv-online\/\",\"url\":\"https:\/\/nembutalhouse.com\/product\/buy-mdpv-online\/\",\"name\":\"Buy MDPV Online - MDPV for Sale | NembutalHouse\",\"isPartOf\":{\"@id\":\"https:\/\/nembutalhouse.com\/#website\"},\"primaryImageOfPage\":{\"@id\":\"https:\/\/nembutalhouse.com\/product\/buy-mdpv-online\/#primaryimage\"},\"image\":{\"@id\":\"https:\/\/nembutalhouse.com\/product\/buy-mdpv-online\/#primaryimage\"},\"thumbnailUrl\":\"https:\/\/nembutalhouse.com\/wp-content\/uploads\/2024\/10\/MDPV-1.gif\",\"datePublished\":\"2024-10-16T11:50:01+00:00\",\"dateModified\":\"2026-03-03T05:02:35+00:00\",\"description\":\"Looking to Buy mdpv online? Discover a seamless platform at our online store where you can buy mdpv powder, ensuring top-grade quality for your research needs.\",\"breadcrumb\":{\"@id\":\"https:\/\/nembutalhouse.com\/product\/buy-mdpv-online\/#breadcrumb\"},\"inLanguage\":\"es\",\"potentialAction\":[{\"@type\":\"ReadAction\",\"target\":[\"https:\/\/nembutalhouse.com\/product\/buy-mdpv-online\/\"]}]},{\"@type\":\"ImageObject\",\"inLanguage\":\"es\",\"@id\":\"https:\/\/nembutalhouse.com\/product\/buy-mdpv-online\/#primaryimage\",\"url\":\"https:\/\/nembutalhouse.com\/wp-content\/uploads\/2024\/10\/MDPV-1.gif\",\"contentUrl\":\"https:\/\/nembutalhouse.com\/wp-content\/uploads\/2024\/10\/MDPV-1.gif\",\"width\":600,\"height\":600,\"caption\":\"Buy MDPV Online\"},{\"@type\":\"BreadcrumbList\",\"@id\":\"https:\/\/nembutalhouse.com\/product\/buy-mdpv-online\/#breadcrumb\",\"itemListElement\":[{\"@type\":\"ListItem\",\"position\":1,\"name\":\"Home\",\"item\":\"https:\/\/nembutalhouse.com\/\"},{\"@type\":\"ListItem\",\"position\":2,\"name\":\"Shop\",\"item\":\"https:\/\/nembutalhouse.com\/shop\/\"},{\"@type\":\"ListItem\",\"position\":3,\"name\":\"Buy MDPV Online\"}]},{\"@type\":\"WebSite\",\"@id\":\"https:\/\/nembutalhouse.com\/#website\",\"url\":\"https:\/\/nembutalhouse.com\/\",\"name\":\"Nembutal House\",\"description\":\"Best Nembutal Online Store\",\"publisher\":{\"@id\":\"https:\/\/nembutalhouse.com\/#organization\"},\"potentialAction\":[{\"@type\":\"SearchAction\",\"target\":{\"@type\":\"EntryPoint\",\"urlTemplate\":\"https:\/\/nembutalhouse.com\/?s={search_term_string}\"},\"query-input\":{\"@type\":\"PropertyValueSpecification\",\"valueRequired\":true,\"valueName\":\"search_term_string\"}}],\"inLanguage\":\"es\"},{\"@type\":\"Organization\",\"@id\":\"https:\/\/nembutalhouse.com\/#organization\",\"name\":\"Nembutal House\",\"url\":\"https:\/\/nembutalhouse.com\/\",\"logo\":{\"@type\":\"ImageObject\",\"inLanguage\":\"es\",\"@id\":\"https:\/\/nembutalhouse.com\/#\/schema\/logo\/image\/\",\"url\":\"https:\/\/nembutalhouse.com\/wp-content\/uploads\/2022\/12\/logo.png\",\"contentUrl\":\"https:\/\/nembutalhouse.com\/wp-content\/uploads\/2022\/12\/logo.png\",\"width\":344,\"height\":103,\"caption\":\"Nembutal House\"},\"image\":{\"@id\":\"https:\/\/nembutalhouse.com\/#\/schema\/logo\/image\/\"}}]}<\/script>\n<!-- \/ Yoast SEO plugin. -->","yoast_head_json":{"title":"Buy MDPV Online - MDPV for Sale | NembutalHouse","description":"Looking to Buy mdpv online? Discover a seamless platform at our online store where you can buy mdpv powder, ensuring top-grade quality for your research needs.","robots":{"index":"index","follow":"follow","max-snippet":"max-snippet:-1","max-image-preview":"max-image-preview:large","max-video-preview":"max-video-preview:-1"},"canonical":"https:\/\/nembutalhouse.com\/es\/producto\/buy-mdpv-online\/","og_locale":"es_ES","og_type":"article","og_title":"Buy MDPV Online - MDPV for Sale | NembutalHouse","og_description":"Looking to Buy mdpv online? Discover a seamless platform at our online store where you can buy mdpv powder, ensuring top-grade quality for your research needs.","og_url":"https:\/\/nembutalhouse.com\/es\/producto\/buy-mdpv-online\/","og_site_name":"Nembutal House","article_modified_time":"2026-03-03T05:02:35+00:00","og_image":[{"width":600,"height":600,"url":"https:\/\/nembutalhouse.com\/wp-content\/uploads\/2024\/10\/MDPV-1.gif","type":"image\/gif"}],"twitter_card":"summary_large_image","twitter_misc":{"Tiempo de lectura":"2 minutos"},"schema":{"@context":"https:\/\/schema.org","@graph":[{"@type":"WebPage","@id":"https:\/\/nembutalhouse.com\/product\/buy-mdpv-online\/","url":"https:\/\/nembutalhouse.com\/product\/buy-mdpv-online\/","name":"Buy MDPV Online - MDPV for Sale | NembutalHouse","isPartOf":{"@id":"https:\/\/nembutalhouse.com\/#website"},"primaryImageOfPage":{"@id":"https:\/\/nembutalhouse.com\/product\/buy-mdpv-online\/#primaryimage"},"image":{"@id":"https:\/\/nembutalhouse.com\/product\/buy-mdpv-online\/#primaryimage"},"thumbnailUrl":"https:\/\/nembutalhouse.com\/wp-content\/uploads\/2024\/10\/MDPV-1.gif","datePublished":"2024-10-16T11:50:01+00:00","dateModified":"2026-03-03T05:02:35+00:00","description":"Looking to Buy mdpv online? Discover a seamless platform at our online store where you can buy mdpv powder, ensuring top-grade quality for your research needs.","breadcrumb":{"@id":"https:\/\/nembutalhouse.com\/product\/buy-mdpv-online\/#breadcrumb"},"inLanguage":"es","potentialAction":[{"@type":"ReadAction","target":["https:\/\/nembutalhouse.com\/product\/buy-mdpv-online\/"]}]},{"@type":"ImageObject","inLanguage":"es","@id":"https:\/\/nembutalhouse.com\/product\/buy-mdpv-online\/#primaryimage","url":"https:\/\/nembutalhouse.com\/wp-content\/uploads\/2024\/10\/MDPV-1.gif","contentUrl":"https:\/\/nembutalhouse.com\/wp-content\/uploads\/2024\/10\/MDPV-1.gif","width":600,"height":600,"caption":"Buy MDPV Online"},{"@type":"BreadcrumbList","@id":"https:\/\/nembutalhouse.com\/product\/buy-mdpv-online\/#breadcrumb","itemListElement":[{"@type":"ListItem","position":1,"name":"Home","item":"https:\/\/nembutalhouse.com\/"},{"@type":"ListItem","position":2,"name":"Shop","item":"https:\/\/nembutalhouse.com\/shop\/"},{"@type":"ListItem","position":3,"name":"Buy MDPV Online"}]},{"@type":"WebSite","@id":"https:\/\/nembutalhouse.com\/#website","url":"https:\/\/nembutalhouse.com\/","name":"Nembutal House","description":"Best Nembutal Online Store","publisher":{"@id":"https:\/\/nembutalhouse.com\/#organization"},"potentialAction":[{"@type":"SearchAction","target":{"@type":"EntryPoint","urlTemplate":"https:\/\/nembutalhouse.com\/?s={search_term_string}"},"query-input":{"@type":"PropertyValueSpecification","valueRequired":true,"valueName":"search_term_string"}}],"inLanguage":"es"},{"@type":"Organization","@id":"https:\/\/nembutalhouse.com\/#organization","name":"Nembutal House","url":"https:\/\/nembutalhouse.com\/","logo":{"@type":"ImageObject","inLanguage":"es","@id":"https:\/\/nembutalhouse.com\/#\/schema\/logo\/image\/","url":"https:\/\/nembutalhouse.com\/wp-content\/uploads\/2022\/12\/logo.png","contentUrl":"https:\/\/nembutalhouse.com\/wp-content\/uploads\/2022\/12\/logo.png","width":344,"height":103,"caption":"Nembutal House"},"image":{"@id":"https:\/\/nembutalhouse.com\/#\/schema\/logo\/image\/"}}]}},"_links":{"self":[{"href":"https:\/\/nembutalhouse.com\/es\/wp-json\/wp\/v2\/product\/1317","targetHints":{"allow":["GET"]}}],"collection":[{"href":"https:\/\/nembutalhouse.com\/es\/wp-json\/wp\/v2\/product"}],"about":[{"href":"https:\/\/nembutalhouse.com\/es\/wp-json\/wp\/v2\/types\/product"}],"replies":[{"embeddable":true,"href":"https:\/\/nembutalhouse.com\/es\/wp-json\/wp\/v2\/comments?post=1317"}],"wp:featuredmedia":[{"embeddable":true,"href":"https:\/\/nembutalhouse.com\/es\/wp-json\/wp\/v2\/media\/1525"}],"wp:attachment":[{"href":"https:\/\/nembutalhouse.com\/es\/wp-json\/wp\/v2\/media?parent=1317"}],"wp:term":[{"taxonomy":"product_cat","embeddable":true,"href":"https:\/\/nembutalhouse.com\/es\/wp-json\/wp\/v2\/product_cat?post=1317"},{"taxonomy":"product_tag","embeddable":true,"href":"https:\/\/nembutalhouse.com\/es\/wp-json\/wp\/v2\/product_tag?post=1317"}],"curies":[{"name":"wp","href":"https:\/\/api.w.org\/{rel}","templated":true}]}}