{"id":1158,"date":"2024-10-16T11:48:07","date_gmt":"2024-10-16T11:48:07","guid":{"rendered":"https:\/\/nembutalhouse.com\/?post_type=product&#038;p=1158"},"modified":"2026-03-06T08:25:58","modified_gmt":"2026-03-06T08:25:58","slug":"buy-alprazolam-online","status":"publish","type":"product","link":"https:\/\/nembutalhouse.com\/es\/producto\/buy-alprazolam-online\/","title":{"rendered":"Comprar Alprazolam Online"},"content":{"rendered":"<h2>Comprar Alprazolam Online<\/h2>\n<p>Comprar Alprazolam es una de las benzodiacepinas fuertes y de acci\u00f3n r\u00e1pida que calma el sistema nervioso central. No busque m\u00e1s all\u00e1 de Shenchulab si desea comprar alprazolam en polvo en l\u00ednea y saber que va a recibir un producto de alta calidad.<a href=\"https:\/\/nembutalhouse.com\/es\/\">NembutalCasa<\/a><\/p>\n<p>Adem\u00e1s, el mercado del alprazolam en polvo se divide en segmentos seg\u00fan la aplicaci\u00f3n, el usuario final y la ubicaci\u00f3n.<\/p>\n<p>Como resultado, la ansiedad, la depresi\u00f3n, el insomnio y los trastornos de p\u00e1nico se distinguen en funci\u00f3n de la aplicaci\u00f3n.<\/p>\n<p>Additionally, it is separated based on the end user into research institutes, pharmaceutical corporations, and other institutions (clinics and hospitals). Powdered <a href=\"https:\/\/nembutalhouse.com\/es\/producto\/buy-alprazolam-online\/\">alprazolam is for sale<\/a>.<\/p>\n<p>No obstante, Am\u00e9rica del Norte, Europa, Asia-Pac\u00edfico y Am\u00e9rica Latina son las regiones geogr\u00e1ficas donde se estudia.<\/p>\n<p>- Principales ventajas<\/p>\n<p>- No obstante, el estudio ofrece una visi\u00f3n completa del mercado mundial del alprazolam en polvo, junto con previsiones para el futuro y pautas actuales para encontrar posibles \u00e1reas de inversi\u00f3n.<\/p>\n<p>- En consecuencia, se lleva a cabo un an\u00e1lisis exhaustivo de los factores que favorecen e impiden la expansi\u00f3n del mercado.<\/p>\n<p>- Para ayudar a las partes interesadas a aprovechar las oportunidades actuales del mercado, la investigaci\u00f3n tambi\u00e9n ofrece un an\u00e1lisis cuantitativo.<\/p>\n<p>- Por tanto, resulta m\u00e1s sencillo comprender la oferta cuando se examinan a fondo varias categor\u00edas de mercado.<\/p>\n<p>- No obstante, se perfilan los principales rivales y se analizan detenidamente sus estrategias con el fin de prever el entorno competitivo del mercado. Comprar Alprazolam en polvo en l\u00ednea<\/p>\n<h3>Segmentos importantes del mercado del alprazolam en polvo:<\/h3>\n<p>Mediante el uso de trastornos de p\u00e1nico y ansiedad<\/p>\n<p>Insomnio debido a la depresi\u00f3n<\/p>\n<p><a href=\"https:\/\/en.wikipedia.org\/wiki\/Alprazolam\">buy alprazolam online<\/a> from Buy Nembutal enterprises, end-user research institutes, and correspondingly others (hospitals and clinics).<\/p>\n<p>&nbsp;<\/p>","protected":false},"excerpt":{"rendered":"<p>Buy Alprazolam Online Purchase Alprazolam is one of the strong, quick-acting benzodiazepines that calms the central nervous system. Look no farther than Shenchulab if you want to purchase alprazolam powder&hellip;<\/p>","protected":false},"featured_media":1178,"comment_status":"open","ping_status":"closed","template":"","meta":{"_joinchat":[]},"product_cat":[186],"product_tag":[],"class_list":{"0":"post-1158","1":"product","2":"type-product","3":"status-publish","4":"has-post-thumbnail","6":"product_cat-research-chemicals","8":"first","9":"instock","10":"shipping-taxable","11":"purchasable","12":"product-type-variable"},"yoast_head":"<!-- This site is optimized with the Yoast SEO plugin v24.1 - https:\/\/yoast.com\/wordpress\/plugins\/seo\/ -->\n<title>Acheter de la poudre d&#039;alprazolam en ligne - Poudre d&#039;alprazolam<\/title>\n<meta name=\"description\" content=\"Si vous n&#039;avez pas encore essay\u00e9 la poudre d&#039;alprazolam dans notre magasin, vous manquez beaucoup de choses. Nous vous aiderons \u00e0 acheter de la poudre d&#039;alprazolam en ligne \u00e0 des prix avantageux. Achetez de la poudre d&#039;alprazolam en vente d\u00e8s aujourd&#039;hui !\" \/>\n<meta name=\"robots\" content=\"index, follow, max-snippet:-1, max-image-preview:large, max-video-preview:-1\" \/>\n<link rel=\"canonical\" href=\"https:\/\/nembutalhouse.com\/es\/producto\/buy-alprazolam-online\/\" \/>\n<meta property=\"og:locale\" content=\"es_ES\" \/>\n<meta property=\"og:type\" content=\"article\" \/>\n<meta property=\"og:title\" content=\"Acheter de la poudre d&#039;alprazolam en ligne - Poudre d&#039;alprazolam\" \/>\n<meta property=\"og:description\" content=\"Si vous n&#039;avez pas encore essay\u00e9 la poudre d&#039;alprazolam dans notre magasin, vous manquez beaucoup de choses. Nous vous aiderons \u00e0 acheter de la poudre d&#039;alprazolam en ligne \u00e0 des prix avantageux. Achetez de la poudre d&#039;alprazolam en vente d\u00e8s aujourd&#039;hui !\" \/>\n<meta property=\"og:url\" content=\"https:\/\/nembutalhouse.com\/es\/producto\/buy-alprazolam-online\/\" \/>\n<meta property=\"og:site_name\" content=\"Nembutal House\" \/>\n<meta property=\"article:modified_time\" content=\"2026-03-06T08:25:58+00:00\" \/>\n<meta property=\"og:image\" content=\"https:\/\/nembutalhouse.com\/wp-content\/uploads\/2024\/10\/alprazolam.gif\" \/>\n\t<meta property=\"og:image:width\" content=\"600\" \/>\n\t<meta property=\"og:image:height\" content=\"600\" \/>\n\t<meta property=\"og:image:type\" content=\"image\/gif\" \/>\n<meta name=\"twitter:card\" content=\"summary_large_image\" \/>\n<meta name=\"twitter:label1\" content=\"Tiempo de lectura\" \/>\n\t<meta name=\"twitter:data1\" content=\"2 minutos\" \/>\n<script type=\"application\/ld+json\" class=\"yoast-schema-graph\">{\"@context\":\"https:\/\/schema.org\",\"@graph\":[{\"@type\":\"WebPage\",\"@id\":\"https:\/\/nembutalhouse.com\/product\/buy-alprazolam-online\/\",\"url\":\"https:\/\/nembutalhouse.com\/product\/buy-alprazolam-online\/\",\"name\":\"Acheter de la poudre d'alprazolam en ligne - Poudre d'alprazolam\",\"isPartOf\":{\"@id\":\"https:\/\/nembutalhouse.com\/#website\"},\"primaryImageOfPage\":{\"@id\":\"https:\/\/nembutalhouse.com\/product\/buy-alprazolam-online\/#primaryimage\"},\"image\":{\"@id\":\"https:\/\/nembutalhouse.com\/product\/buy-alprazolam-online\/#primaryimage\"},\"thumbnailUrl\":\"https:\/\/nembutalhouse.com\/wp-content\/uploads\/2024\/10\/alprazolam.gif\",\"datePublished\":\"2024-10-16T11:48:07+00:00\",\"dateModified\":\"2026-03-06T08:25:58+00:00\",\"description\":\"Si vous n'avez pas encore essay\u00e9 la poudre d'alprazolam dans notre magasin, vous manquez beaucoup de choses. Nous vous aiderons \u00e0 acheter de la poudre d'alprazolam en ligne \u00e0 des prix avantageux. Achetez de la poudre d'alprazolam en vente d\u00e8s aujourd'hui !\",\"breadcrumb\":{\"@id\":\"https:\/\/nembutalhouse.com\/product\/buy-alprazolam-online\/#breadcrumb\"},\"inLanguage\":\"es\",\"potentialAction\":[{\"@type\":\"ReadAction\",\"target\":[\"https:\/\/nembutalhouse.com\/product\/buy-alprazolam-online\/\"]}]},{\"@type\":\"ImageObject\",\"inLanguage\":\"es\",\"@id\":\"https:\/\/nembutalhouse.com\/product\/buy-alprazolam-online\/#primaryimage\",\"url\":\"https:\/\/nembutalhouse.com\/wp-content\/uploads\/2024\/10\/alprazolam.gif\",\"contentUrl\":\"https:\/\/nembutalhouse.com\/wp-content\/uploads\/2024\/10\/alprazolam.gif\",\"width\":600,\"height\":600,\"caption\":\"Buy Alprazolam Online\"},{\"@type\":\"BreadcrumbList\",\"@id\":\"https:\/\/nembutalhouse.com\/product\/buy-alprazolam-online\/#breadcrumb\",\"itemListElement\":[{\"@type\":\"ListItem\",\"position\":1,\"name\":\"Home\",\"item\":\"https:\/\/nembutalhouse.com\/\"},{\"@type\":\"ListItem\",\"position\":2,\"name\":\"Shop\",\"item\":\"https:\/\/nembutalhouse.com\/shop\/\"},{\"@type\":\"ListItem\",\"position\":3,\"name\":\"Buy Alprazolam Online\"}]},{\"@type\":\"WebSite\",\"@id\":\"https:\/\/nembutalhouse.com\/#website\",\"url\":\"https:\/\/nembutalhouse.com\/\",\"name\":\"Nembutal House\",\"description\":\"Best Nembutal Online Store\",\"publisher\":{\"@id\":\"https:\/\/nembutalhouse.com\/#organization\"},\"potentialAction\":[{\"@type\":\"SearchAction\",\"target\":{\"@type\":\"EntryPoint\",\"urlTemplate\":\"https:\/\/nembutalhouse.com\/?s={search_term_string}\"},\"query-input\":{\"@type\":\"PropertyValueSpecification\",\"valueRequired\":true,\"valueName\":\"search_term_string\"}}],\"inLanguage\":\"es\"},{\"@type\":\"Organization\",\"@id\":\"https:\/\/nembutalhouse.com\/#organization\",\"name\":\"Nembutal House\",\"url\":\"https:\/\/nembutalhouse.com\/\",\"logo\":{\"@type\":\"ImageObject\",\"inLanguage\":\"es\",\"@id\":\"https:\/\/nembutalhouse.com\/#\/schema\/logo\/image\/\",\"url\":\"https:\/\/nembutalhouse.com\/wp-content\/uploads\/2022\/12\/logo.png\",\"contentUrl\":\"https:\/\/nembutalhouse.com\/wp-content\/uploads\/2022\/12\/logo.png\",\"width\":344,\"height\":103,\"caption\":\"Nembutal House\"},\"image\":{\"@id\":\"https:\/\/nembutalhouse.com\/#\/schema\/logo\/image\/\"}}]}<\/script>\n<!-- \/ Yoast SEO plugin. -->","yoast_head_json":{"title":"Acheter de la poudre d'alprazolam en ligne - Poudre d'alprazolam","description":"Si vous n'avez pas encore essay\u00e9 la poudre d'alprazolam dans notre magasin, vous manquez beaucoup de choses. Nous vous aiderons \u00e0 acheter de la poudre d'alprazolam en ligne \u00e0 des prix avantageux. Achetez de la poudre d'alprazolam en vente d\u00e8s aujourd'hui !","robots":{"index":"index","follow":"follow","max-snippet":"max-snippet:-1","max-image-preview":"max-image-preview:large","max-video-preview":"max-video-preview:-1"},"canonical":"https:\/\/nembutalhouse.com\/es\/producto\/buy-alprazolam-online\/","og_locale":"es_ES","og_type":"article","og_title":"Acheter de la poudre d'alprazolam en ligne - Poudre d'alprazolam","og_description":"Si vous n'avez pas encore essay\u00e9 la poudre d'alprazolam dans notre magasin, vous manquez beaucoup de choses. Nous vous aiderons \u00e0 acheter de la poudre d'alprazolam en ligne \u00e0 des prix avantageux. Achetez de la poudre d'alprazolam en vente d\u00e8s aujourd'hui !","og_url":"https:\/\/nembutalhouse.com\/es\/producto\/buy-alprazolam-online\/","og_site_name":"Nembutal House","article_modified_time":"2026-03-06T08:25:58+00:00","og_image":[{"width":600,"height":600,"url":"https:\/\/nembutalhouse.com\/wp-content\/uploads\/2024\/10\/alprazolam.gif","type":"image\/gif"}],"twitter_card":"summary_large_image","twitter_misc":{"Tiempo de lectura":"2 minutos"},"schema":{"@context":"https:\/\/schema.org","@graph":[{"@type":"WebPage","@id":"https:\/\/nembutalhouse.com\/product\/buy-alprazolam-online\/","url":"https:\/\/nembutalhouse.com\/product\/buy-alprazolam-online\/","name":"Acheter de la poudre d'alprazolam en ligne - Poudre d'alprazolam","isPartOf":{"@id":"https:\/\/nembutalhouse.com\/#website"},"primaryImageOfPage":{"@id":"https:\/\/nembutalhouse.com\/product\/buy-alprazolam-online\/#primaryimage"},"image":{"@id":"https:\/\/nembutalhouse.com\/product\/buy-alprazolam-online\/#primaryimage"},"thumbnailUrl":"https:\/\/nembutalhouse.com\/wp-content\/uploads\/2024\/10\/alprazolam.gif","datePublished":"2024-10-16T11:48:07+00:00","dateModified":"2026-03-06T08:25:58+00:00","description":"Si vous n'avez pas encore essay\u00e9 la poudre d'alprazolam dans notre magasin, vous manquez beaucoup de choses. Nous vous aiderons \u00e0 acheter de la poudre d'alprazolam en ligne \u00e0 des prix avantageux. Achetez de la poudre d'alprazolam en vente d\u00e8s aujourd'hui !","breadcrumb":{"@id":"https:\/\/nembutalhouse.com\/product\/buy-alprazolam-online\/#breadcrumb"},"inLanguage":"es","potentialAction":[{"@type":"ReadAction","target":["https:\/\/nembutalhouse.com\/product\/buy-alprazolam-online\/"]}]},{"@type":"ImageObject","inLanguage":"es","@id":"https:\/\/nembutalhouse.com\/product\/buy-alprazolam-online\/#primaryimage","url":"https:\/\/nembutalhouse.com\/wp-content\/uploads\/2024\/10\/alprazolam.gif","contentUrl":"https:\/\/nembutalhouse.com\/wp-content\/uploads\/2024\/10\/alprazolam.gif","width":600,"height":600,"caption":"Buy Alprazolam Online"},{"@type":"BreadcrumbList","@id":"https:\/\/nembutalhouse.com\/product\/buy-alprazolam-online\/#breadcrumb","itemListElement":[{"@type":"ListItem","position":1,"name":"Home","item":"https:\/\/nembutalhouse.com\/"},{"@type":"ListItem","position":2,"name":"Shop","item":"https:\/\/nembutalhouse.com\/shop\/"},{"@type":"ListItem","position":3,"name":"Buy Alprazolam Online"}]},{"@type":"WebSite","@id":"https:\/\/nembutalhouse.com\/#website","url":"https:\/\/nembutalhouse.com\/","name":"Nembutal House","description":"Best Nembutal Online Store","publisher":{"@id":"https:\/\/nembutalhouse.com\/#organization"},"potentialAction":[{"@type":"SearchAction","target":{"@type":"EntryPoint","urlTemplate":"https:\/\/nembutalhouse.com\/?s={search_term_string}"},"query-input":{"@type":"PropertyValueSpecification","valueRequired":true,"valueName":"search_term_string"}}],"inLanguage":"es"},{"@type":"Organization","@id":"https:\/\/nembutalhouse.com\/#organization","name":"Nembutal House","url":"https:\/\/nembutalhouse.com\/","logo":{"@type":"ImageObject","inLanguage":"es","@id":"https:\/\/nembutalhouse.com\/#\/schema\/logo\/image\/","url":"https:\/\/nembutalhouse.com\/wp-content\/uploads\/2022\/12\/logo.png","contentUrl":"https:\/\/nembutalhouse.com\/wp-content\/uploads\/2022\/12\/logo.png","width":344,"height":103,"caption":"Nembutal House"},"image":{"@id":"https:\/\/nembutalhouse.com\/#\/schema\/logo\/image\/"}}]}},"_links":{"self":[{"href":"https:\/\/nembutalhouse.com\/es\/wp-json\/wp\/v2\/product\/1158","targetHints":{"allow":["GET"]}}],"collection":[{"href":"https:\/\/nembutalhouse.com\/es\/wp-json\/wp\/v2\/product"}],"about":[{"href":"https:\/\/nembutalhouse.com\/es\/wp-json\/wp\/v2\/types\/product"}],"replies":[{"embeddable":true,"href":"https:\/\/nembutalhouse.com\/es\/wp-json\/wp\/v2\/comments?post=1158"}],"wp:featuredmedia":[{"embeddable":true,"href":"https:\/\/nembutalhouse.com\/es\/wp-json\/wp\/v2\/media\/1178"}],"wp:attachment":[{"href":"https:\/\/nembutalhouse.com\/es\/wp-json\/wp\/v2\/media?parent=1158"}],"wp:term":[{"taxonomy":"product_cat","embeddable":true,"href":"https:\/\/nembutalhouse.com\/es\/wp-json\/wp\/v2\/product_cat?post=1158"},{"taxonomy":"product_tag","embeddable":true,"href":"https:\/\/nembutalhouse.com\/es\/wp-json\/wp\/v2\/product_tag?post=1158"}],"curies":[{"name":"wp","href":"https:\/\/api.w.org\/{rel}","templated":true}]}}