{"id":1108,"date":"2024-10-16T11:47:47","date_gmt":"2024-10-16T11:47:47","guid":{"rendered":"https:\/\/nembutalhouse.com\/?post_type=product&#038;p=1108"},"modified":"2026-03-06T07:03:46","modified_gmt":"2026-03-06T07:03:46","slug":"buy-3cmc-online","status":"publish","type":"product","link":"https:\/\/nembutalhouse.com\/es\/producto\/buy-3cmc-online\/","title":{"rendered":"Buy 3cmc Online"},"content":{"rendered":"<h2>Buy 3cmc Online<\/h2>\n<h3>3-CMC: \u00bfQu\u00e9 es?<\/h3>\n<p><a href=\"https:\/\/nembutalhouse.com\/es\/producto\/buy-3cmc-online\/\">3-clorometcatinona<\/a>o 3-CMC, como se conoce m\u00e1s com\u00fanmente, es una sustancia qu\u00edmica de investigaci\u00f3n perteneciente a la clase de las catinonas. La subclase anfetam\u00ednica conocida como catinona es estructuralmente similar al antidepresivo bupropi\u00f3n. Sin embargo, la 3-CMC y el bupropi\u00f3n tienen caracter\u00edsticas farmacol\u00f3gicas diferentes.<\/p>\n<p>El carbono beta de la estructura de la anfetamina puede utilizarse para identificar catinonas, como la 3 CMC, mediante la sustituci\u00f3n cet\u00f3nica. En el esqueleto de catinona de la 3-CMC hay dos sustituciones de metilo, una en el anillo fenilo y otra en el grupo nitr\u00f3geno. La 3-CMC y la mefedrona son bastante comparables en<\/p>\n<p>marco. La ubicaci\u00f3n de sus grupos metilo es la \u00fanica distinci\u00f3n que puede observarse en este caso. En la mefedrona, este grupo espec\u00edfico se encuentra en R4, mientras que aqu\u00ed est\u00e1 en <a href=\"https:\/\/nembutalhouse.com\/es\/\">NembutalCasa<\/a>.<\/p>\n<p>NOTA: Este producto s\u00f3lo est\u00e1 autorizado para su uso en laboratorios; no est\u00e1 permitido para el consumo humano. Dado que puede absorber cantidades peligrosas de productos qu\u00edmicos a trav\u00e9s de la piel, utilice siempre guantes y gafas cuando lo manipule para evitar cualquier contaminaci\u00f3n involuntaria.<\/p>\n<h3>\u00bfC\u00f3mo se aplica la 3-CMC?<\/h3>\n<p>3. El CMC es aplicable a numerosos \u00e1mbitos de estudio y est\u00e1 destinado principalmente a aplicaciones forenses. En forma de polvo, es la de mejor calidad que se vende y utiliza. Esta sustancia no debe utilizarse con fines recreativos y no debe ser consumida por personas ni animales, como se indica en la declaraci\u00f3n de advertencia.<\/p>\n<p>La 1-(3-clorofenil)-2(metilamino)propan-1-ona es el constituyente de la <a href=\"https:\/\/en.wikipedia.org\/wiki\/3-Chloromethcathinone\">3-CMC<\/a>. Aseg\u00farese de almacenar este producto en un lugar fr\u00edo y seco. Este producto qu\u00edmico de investigaci\u00f3n debe mantenerse lo m\u00e1s alejado posible de la luz.<\/p>\n<p>para prolongar al m\u00e1ximo su vida \u00fatil. Como se ha indicado anteriormente, esta sustancia es una catehinona que se parece a las anfetaminas y se encuentra de forma natural en algunas plantas. Dicho esto, esta sustancia no es lo mismo que las anfetaminas y no puede tomarse como tal.<\/p>\n<h3>\u00bfD\u00f3nde puedo comprar 3-CMC?<\/h3>\n<p>Una de las mejores tiendas online para comprar 3-CMC y otros productos qu\u00edmicos de investigaci\u00f3n es Chemical Planet. Ofrecemos una amplia gama de art\u00edculos de primera calidad en diversas cantidades para satisfacer mejor sus necesidades de estudio. Es imprescindible verificar las normativas relativas a sustancias restringidas en su pa\u00eds, ya que pueden afectar a la accesibilidad.<\/p>\n<p>Para comprar este art\u00edculo y otros art\u00edculos de nuestra tienda, debe ser mayor de dieciocho a\u00f1os. P\u00f3ngase en contacto con nosotros para obtener m\u00e1s informaci\u00f3n sobre 3-CMC y otros art\u00edculos.<\/p>\n<p>&nbsp;<\/p>\n<p>&nbsp;<\/p>","protected":false},"excerpt":{"rendered":"<p>Buy 3cmc Online 3-CMC: What is it? 3-Chloromethcathinone, or 3-CMC as it is more widely called, is a research chemical belonging to the cathinone class. The amphetamine subclass known as&hellip;<\/p>","protected":false},"featured_media":1504,"comment_status":"closed","ping_status":"closed","template":"","meta":{"_joinchat":[]},"product_cat":[186],"product_tag":[844,849,867,869,855,856,859,865,866,864,845,863,852,842,843,854,868,861,858,851,847,848,870,862,860,857,850,853,846],"class_list":{"0":"post-1108","1":"product","2":"type-product","3":"status-publish","4":"has-post-thumbnail","6":"product_cat-research-chemicals","7":"product_tag-3cmc-for-sale","8":"product_tag-3cmc-powder","9":"product_tag-3cmc-powder-for-cleaning","10":"product_tag-3cmc-powder-for-sale","11":"product_tag-3cmc-powder-online","12":"product_tag-3cmc-powder-price","13":"product_tag-3cmc-powder-store","14":"product_tag-3cmc-powder-use","15":"product_tag-3cmc-powder-wiki","16":"product_tag-3cmc-powder-worldwide","17":"product_tag-3cmc-supplier","18":"product_tag-best-cheap-price-3cmc-powder","19":"product_tag-best-place-to-buy-3cmc-powder","20":"product_tag-buy-3cmc","21":"product_tag-buy-3cmc-online","22":"product_tag-buy-3cmc-powder-legally","23":"product_tag-buy-3cmc-powder-online","24":"product_tag-cheap-3cmc-powders","25":"product_tag-high-quality-3cmc-powder","26":"product_tag-how-to-buy-3cmc-powder","27":"product_tag-order-3cmc","28":"product_tag-order-3cmc-online","29":"product_tag-order-3cmc-powder","30":"product_tag-purcharse-3cmc-powder-powder","31":"product_tag-shop-3cmc-powder","32":"product_tag-top-quality-3cmc-powder","33":"product_tag-where-to-buy-3cmc-powder","34":"product_tag-where-to-order-3cmc-powder","35":"product_tag-wholesale-3cmc-bulk-online","37":"first","38":"instock","39":"shipping-taxable","40":"purchasable","41":"product-type-variable"},"yoast_head":"<!-- This site is optimized with the Yoast SEO plugin v24.1 - https:\/\/yoast.com\/wordpress\/plugins\/seo\/ -->\n<title>Buy 3 CMC Online - 3 CMC for Sale - Order 3 CMC Online<\/title>\n<meta name=\"description\" content=\"At our NembutalHouse, you can get 3cmc for sale at cheap rates. Here you can buy 3cmc online with high-quality from our store now with fast &amp; secure shipping service. Order Now!\" \/>\n<meta name=\"robots\" content=\"index, follow, max-snippet:-1, max-image-preview:large, max-video-preview:-1\" \/>\n<link rel=\"canonical\" href=\"https:\/\/nembutalhouse.com\/es\/producto\/buy-3cmc-online\/\" \/>\n<meta property=\"og:locale\" content=\"es_ES\" \/>\n<meta property=\"og:type\" content=\"article\" \/>\n<meta property=\"og:title\" content=\"Buy 3 CMC Online - 3 CMC for Sale - Order 3 CMC Online\" \/>\n<meta property=\"og:description\" content=\"At our NembutalHouse, you can get 3cmc for sale at cheap rates. Here you can buy 3cmc online with high-quality from our store now with fast &amp; secure shipping service. Order Now!\" \/>\n<meta property=\"og:url\" content=\"https:\/\/nembutalhouse.com\/es\/producto\/buy-3cmc-online\/\" \/>\n<meta property=\"og:site_name\" content=\"Nembutal House\" \/>\n<meta property=\"article:modified_time\" content=\"2026-03-06T07:03:46+00:00\" \/>\n<meta property=\"og:image\" content=\"https:\/\/nembutalhouse.com\/wp-content\/uploads\/2024\/10\/3-cmc.gif\" \/>\n\t<meta property=\"og:image:width\" content=\"600\" \/>\n\t<meta property=\"og:image:height\" content=\"600\" \/>\n\t<meta property=\"og:image:type\" content=\"image\/gif\" \/>\n<meta name=\"twitter:card\" content=\"summary_large_image\" \/>\n<meta name=\"twitter:label1\" content=\"Tiempo de lectura\" \/>\n\t<meta name=\"twitter:data1\" content=\"2 minutos\" \/>\n<script type=\"application\/ld+json\" class=\"yoast-schema-graph\">{\"@context\":\"https:\/\/schema.org\",\"@graph\":[{\"@type\":\"WebPage\",\"@id\":\"https:\/\/nembutalhouse.com\/product\/buy-3cmc-online\/\",\"url\":\"https:\/\/nembutalhouse.com\/product\/buy-3cmc-online\/\",\"name\":\"Buy 3 CMC Online - 3 CMC for Sale - Order 3 CMC Online\",\"isPartOf\":{\"@id\":\"https:\/\/nembutalhouse.com\/#website\"},\"primaryImageOfPage\":{\"@id\":\"https:\/\/nembutalhouse.com\/product\/buy-3cmc-online\/#primaryimage\"},\"image\":{\"@id\":\"https:\/\/nembutalhouse.com\/product\/buy-3cmc-online\/#primaryimage\"},\"thumbnailUrl\":\"https:\/\/nembutalhouse.com\/wp-content\/uploads\/2024\/10\/3-cmc.gif\",\"datePublished\":\"2024-10-16T11:47:47+00:00\",\"dateModified\":\"2026-03-06T07:03:46+00:00\",\"description\":\"At our NembutalHouse, you can get 3cmc for sale at cheap rates. Here you can buy 3cmc online with high-quality from our store now with fast & secure shipping service. Order Now!\",\"breadcrumb\":{\"@id\":\"https:\/\/nembutalhouse.com\/product\/buy-3cmc-online\/#breadcrumb\"},\"inLanguage\":\"es\",\"potentialAction\":[{\"@type\":\"ReadAction\",\"target\":[\"https:\/\/nembutalhouse.com\/product\/buy-3cmc-online\/\"]}]},{\"@type\":\"ImageObject\",\"inLanguage\":\"es\",\"@id\":\"https:\/\/nembutalhouse.com\/product\/buy-3cmc-online\/#primaryimage\",\"url\":\"https:\/\/nembutalhouse.com\/wp-content\/uploads\/2024\/10\/3-cmc.gif\",\"contentUrl\":\"https:\/\/nembutalhouse.com\/wp-content\/uploads\/2024\/10\/3-cmc.gif\",\"width\":600,\"height\":600,\"caption\":\"Buy 3cmc Online\"},{\"@type\":\"BreadcrumbList\",\"@id\":\"https:\/\/nembutalhouse.com\/product\/buy-3cmc-online\/#breadcrumb\",\"itemListElement\":[{\"@type\":\"ListItem\",\"position\":1,\"name\":\"Home\",\"item\":\"https:\/\/nembutalhouse.com\/\"},{\"@type\":\"ListItem\",\"position\":2,\"name\":\"Shop\",\"item\":\"https:\/\/nembutalhouse.com\/shop\/\"},{\"@type\":\"ListItem\",\"position\":3,\"name\":\"Buy 3cmc Online\"}]},{\"@type\":\"WebSite\",\"@id\":\"https:\/\/nembutalhouse.com\/#website\",\"url\":\"https:\/\/nembutalhouse.com\/\",\"name\":\"Nembutal House\",\"description\":\"Best Nembutal Online Store\",\"publisher\":{\"@id\":\"https:\/\/nembutalhouse.com\/#organization\"},\"potentialAction\":[{\"@type\":\"SearchAction\",\"target\":{\"@type\":\"EntryPoint\",\"urlTemplate\":\"https:\/\/nembutalhouse.com\/?s={search_term_string}\"},\"query-input\":{\"@type\":\"PropertyValueSpecification\",\"valueRequired\":true,\"valueName\":\"search_term_string\"}}],\"inLanguage\":\"es\"},{\"@type\":\"Organization\",\"@id\":\"https:\/\/nembutalhouse.com\/#organization\",\"name\":\"Nembutal House\",\"url\":\"https:\/\/nembutalhouse.com\/\",\"logo\":{\"@type\":\"ImageObject\",\"inLanguage\":\"es\",\"@id\":\"https:\/\/nembutalhouse.com\/#\/schema\/logo\/image\/\",\"url\":\"https:\/\/nembutalhouse.com\/wp-content\/uploads\/2022\/12\/logo.png\",\"contentUrl\":\"https:\/\/nembutalhouse.com\/wp-content\/uploads\/2022\/12\/logo.png\",\"width\":344,\"height\":103,\"caption\":\"Nembutal House\"},\"image\":{\"@id\":\"https:\/\/nembutalhouse.com\/#\/schema\/logo\/image\/\"}}]}<\/script>\n<!-- \/ Yoast SEO plugin. -->","yoast_head_json":{"title":"Buy 3 CMC Online - 3 CMC for Sale - Order 3 CMC Online","description":"At our NembutalHouse, you can get 3cmc for sale at cheap rates. Here you can buy 3cmc online with high-quality from our store now with fast & secure shipping service. Order Now!","robots":{"index":"index","follow":"follow","max-snippet":"max-snippet:-1","max-image-preview":"max-image-preview:large","max-video-preview":"max-video-preview:-1"},"canonical":"https:\/\/nembutalhouse.com\/es\/producto\/buy-3cmc-online\/","og_locale":"es_ES","og_type":"article","og_title":"Buy 3 CMC Online - 3 CMC for Sale - Order 3 CMC Online","og_description":"At our NembutalHouse, you can get 3cmc for sale at cheap rates. Here you can buy 3cmc online with high-quality from our store now with fast & secure shipping service. Order Now!","og_url":"https:\/\/nembutalhouse.com\/es\/producto\/buy-3cmc-online\/","og_site_name":"Nembutal House","article_modified_time":"2026-03-06T07:03:46+00:00","og_image":[{"width":600,"height":600,"url":"https:\/\/nembutalhouse.com\/wp-content\/uploads\/2024\/10\/3-cmc.gif","type":"image\/gif"}],"twitter_card":"summary_large_image","twitter_misc":{"Tiempo de lectura":"2 minutos"},"schema":{"@context":"https:\/\/schema.org","@graph":[{"@type":"WebPage","@id":"https:\/\/nembutalhouse.com\/product\/buy-3cmc-online\/","url":"https:\/\/nembutalhouse.com\/product\/buy-3cmc-online\/","name":"Buy 3 CMC Online - 3 CMC for Sale - Order 3 CMC Online","isPartOf":{"@id":"https:\/\/nembutalhouse.com\/#website"},"primaryImageOfPage":{"@id":"https:\/\/nembutalhouse.com\/product\/buy-3cmc-online\/#primaryimage"},"image":{"@id":"https:\/\/nembutalhouse.com\/product\/buy-3cmc-online\/#primaryimage"},"thumbnailUrl":"https:\/\/nembutalhouse.com\/wp-content\/uploads\/2024\/10\/3-cmc.gif","datePublished":"2024-10-16T11:47:47+00:00","dateModified":"2026-03-06T07:03:46+00:00","description":"At our NembutalHouse, you can get 3cmc for sale at cheap rates. Here you can buy 3cmc online with high-quality from our store now with fast & secure shipping service. Order Now!","breadcrumb":{"@id":"https:\/\/nembutalhouse.com\/product\/buy-3cmc-online\/#breadcrumb"},"inLanguage":"es","potentialAction":[{"@type":"ReadAction","target":["https:\/\/nembutalhouse.com\/product\/buy-3cmc-online\/"]}]},{"@type":"ImageObject","inLanguage":"es","@id":"https:\/\/nembutalhouse.com\/product\/buy-3cmc-online\/#primaryimage","url":"https:\/\/nembutalhouse.com\/wp-content\/uploads\/2024\/10\/3-cmc.gif","contentUrl":"https:\/\/nembutalhouse.com\/wp-content\/uploads\/2024\/10\/3-cmc.gif","width":600,"height":600,"caption":"Buy 3cmc Online"},{"@type":"BreadcrumbList","@id":"https:\/\/nembutalhouse.com\/product\/buy-3cmc-online\/#breadcrumb","itemListElement":[{"@type":"ListItem","position":1,"name":"Home","item":"https:\/\/nembutalhouse.com\/"},{"@type":"ListItem","position":2,"name":"Shop","item":"https:\/\/nembutalhouse.com\/shop\/"},{"@type":"ListItem","position":3,"name":"Buy 3cmc Online"}]},{"@type":"WebSite","@id":"https:\/\/nembutalhouse.com\/#website","url":"https:\/\/nembutalhouse.com\/","name":"Nembutal House","description":"Best Nembutal Online Store","publisher":{"@id":"https:\/\/nembutalhouse.com\/#organization"},"potentialAction":[{"@type":"SearchAction","target":{"@type":"EntryPoint","urlTemplate":"https:\/\/nembutalhouse.com\/?s={search_term_string}"},"query-input":{"@type":"PropertyValueSpecification","valueRequired":true,"valueName":"search_term_string"}}],"inLanguage":"es"},{"@type":"Organization","@id":"https:\/\/nembutalhouse.com\/#organization","name":"Nembutal House","url":"https:\/\/nembutalhouse.com\/","logo":{"@type":"ImageObject","inLanguage":"es","@id":"https:\/\/nembutalhouse.com\/#\/schema\/logo\/image\/","url":"https:\/\/nembutalhouse.com\/wp-content\/uploads\/2022\/12\/logo.png","contentUrl":"https:\/\/nembutalhouse.com\/wp-content\/uploads\/2022\/12\/logo.png","width":344,"height":103,"caption":"Nembutal House"},"image":{"@id":"https:\/\/nembutalhouse.com\/#\/schema\/logo\/image\/"}}]}},"_links":{"self":[{"href":"https:\/\/nembutalhouse.com\/es\/wp-json\/wp\/v2\/product\/1108","targetHints":{"allow":["GET"]}}],"collection":[{"href":"https:\/\/nembutalhouse.com\/es\/wp-json\/wp\/v2\/product"}],"about":[{"href":"https:\/\/nembutalhouse.com\/es\/wp-json\/wp\/v2\/types\/product"}],"replies":[{"embeddable":true,"href":"https:\/\/nembutalhouse.com\/es\/wp-json\/wp\/v2\/comments?post=1108"}],"wp:featuredmedia":[{"embeddable":true,"href":"https:\/\/nembutalhouse.com\/es\/wp-json\/wp\/v2\/media\/1504"}],"wp:attachment":[{"href":"https:\/\/nembutalhouse.com\/es\/wp-json\/wp\/v2\/media?parent=1108"}],"wp:term":[{"taxonomy":"product_cat","embeddable":true,"href":"https:\/\/nembutalhouse.com\/es\/wp-json\/wp\/v2\/product_cat?post=1108"},{"taxonomy":"product_tag","embeddable":true,"href":"https:\/\/nembutalhouse.com\/es\/wp-json\/wp\/v2\/product_tag?post=1108"}],"curies":[{"name":"wp","href":"https:\/\/api.w.org\/{rel}","templated":true}]}}