{"id":1105,"date":"2024-10-16T11:47:47","date_gmt":"2024-10-16T11:47:47","guid":{"rendered":"https:\/\/nembutalhouse.com\/?post_type=product&#038;p=1105"},"modified":"2026-03-06T07:02:23","modified_gmt":"2026-03-06T07:02:23","slug":"buy-2fdck-online","status":"publish","type":"product","link":"https:\/\/nembutalhouse.com\/es\/producto\/comprar-2fdck-online\/","title":{"rendered":"Buy 2fdck Online"},"content":{"rendered":"<h2>Comprar 2FDCK online.<\/h2>\n<p><a href=\"https:\/\/nembutalhouse.com\/es\/producto\/comprar-2fdck-online\/\">2-Fluorodescloroketamina<\/a>MXPP, a veces conocido como 2-Fl-2\u2032-Oxo-PCM, Fluoroketamine, y 2-FDCK, es un anest\u00e9sico disociativo que se puede comprar en l\u00ednea. Es una ketamina directa en la que el fl\u00faor ha sustituido al grupo cloro.MXPP y 2-fdck, a menudo conocido como fluoroketamina, son esencialmente intercambiables. Se sugieren aplicaciones en medici\u00f3n e investigaci\u00f3n para este art\u00edculo. Venta de 2fdck barata<\/p>\n<p>Narc\u00f3tico disociativo, la 2-FDCK Polvo 2-Fluorodescloroketamina tambi\u00e9n se conoce como 2-Fl-2\u2032-Oxo-PCM, Fluoroketamina y 2-FDCK. Se trata simplemente de ketamina en la que el fl\u00faor ha ocupado el lugar del grupo cloro.<\/p>\n<p>La 2-Fl-2\u2032-Oxo-PCM, tambi\u00e9n conocida como 2-Fluorodescloroketamina, 2-FDCK, y err\u00f3neamente como 2-Fluroketamina, Fluoroketamina y 2-FK, es un nuevo agente disociativo relativamente desconocido perteneciente a la clase de las arilciclohexilaminas que, cuando est\u00e1 bajo control, exhibe propiedades calmantes, disociativas y alucin\u00f3genas. Fundamentalmente, se asocia con las arilciclohexilaminas.<\/p>\n<p>como la descloroketamina y la ketamina y se dice que tiene efectos similares. Comprar 2FDCK online. <a href=\"https:\/\/nembutalhouse.com\/es\/\">NembutalCasa<\/a><\/p>\n<h3>2-fdck disociativo<\/h3>\n<p>Al igual que otras drogas disociativas, los consumidores recreativos la buscan sobre todo por sus efectos estimulantes \"fuera del cuerpo\", que se conocen como \"sedaci\u00f3n disociativa\" (aunque el grado en que esto ocurre est\u00e1 principalmente controlado). En la actualidad se vende como un intercambio constante de ketamina a trav\u00e9s de cargadores de sustancias en l\u00ednea, donde se puso a la venta por primera vez con retraso. Comprar 2-FDCK en l\u00ednea.<\/p>\n<p>La farmacolog\u00eda, el metabolismo y las propiedades t\u00f3xicas de la 2-fluorodescloroketamina se desconocen casi por completo. Su historia de uso en humanos es notablemente breve. Es muy recomendable que, si se utiliza este f\u00e1rmaco, se sigan los procedimientos de disminuci\u00f3n de da\u00f1os. productos legales de cannabis.<\/p>\n<p>Un remedio para las arilciclohexilaminas es la 2-Fluorodescloroketamina, tambi\u00e9n conocida como 2-(2-Fluorofenil)- 2-metilamino-ciclohexanona. El nombre \"arilciclohexilaminas\" procede de la arquitectura de estos medicamentos, que combinan un grupo amina con un anillo de ciclohexano unido a un anillo arom\u00e1tico. En <a href=\"https:\/\/en.wikipedia.org\/wiki\/2-Fluorodeschloroketamine\">2-FDCK<\/a>En el caso de la ciclohexanona, un anillo de fenilo se une a un anillo de ciclohexano que ha sido sustituido con un grupo cetona (ciclohexanona). El carbono alfa de uni\u00f3n del anillo de ciclohexanona (R2) se une a una cadena amino-metilo (-N-CH3). Adem\u00e1s, se utiliza un grupo fl\u00faor para sustituir el anillo fenilo en R2.<\/p>\n<h3>Comprar 2-FDCK en l\u00ednea.<\/h3>\n<p>2. El compuesto quiral fluorodescholoroketamina se expresa frecuentemente como un racemato. En ciencia, el prefijo des- se utiliza para denotar la ausencia de una reuni\u00f3n beneficiosa (en este caso, \"cloro\"). 2. La raz\u00f3n por la que la FDCK se denomina as\u00ed es porque su anillo de fenilo tiene una sustituci\u00f3n por fl\u00faor, a diferencia del cloro presente en la ketamina. Compre 2-FDCK en l\u00ednea.<\/p>\n<p>La 2-Fl-2\u2032-Oxo-PCM es una nueva droga disociativa menos conocida de la clase de las arilciclohexilaminas que, cuando se coordina, presenta efectos disociativos, analg\u00e9sicos y alucin\u00f3genos. Tambi\u00e9n se la conoce incorrectamente como 2-Fluroketamina, Fluoroketamina y 2-FDCK.<\/p>\n<p>&nbsp;<\/p>\n<p>&nbsp;<\/p>","protected":false},"excerpt":{"rendered":"<p>Purchase 2FDCK online. 2-Fluorodeschloroketamine, sometimes referred to as 2-Fl-2\u2032-Oxo-PCM, Fluoroketamine, and 2-FDCK, is a dissociative anesthetic that can be purchased online. It is a straightforward ketamine in which fluorine has&hellip;<\/p>","protected":false},"featured_media":1609,"comment_status":"closed","ping_status":"closed","template":"","meta":{"_joinchat":[]},"product_cat":[186],"product_tag":[960,965,983,985,971,972,975,981,982,980,961,979,968,958,959,970,984,977,974,967,963,964,986,978,976,973,966,969,962],"class_list":{"0":"post-1105","1":"product","2":"type-product","3":"status-publish","4":"has-post-thumbnail","6":"product_cat-research-chemicals","7":"product_tag-2fdck-for-sale","8":"product_tag-2fdck-powder","9":"product_tag-2fdck-powder-for-cleaning","10":"product_tag-2fdck-powder-for-sale","11":"product_tag-2fdck-powder-online","12":"product_tag-2fdck-powder-price","13":"product_tag-2fdck-powder-store","14":"product_tag-2fdck-powder-use","15":"product_tag-2fdck-powder-wiki","16":"product_tag-2fdck-powder-worldwide","17":"product_tag-2fdck-supplier","18":"product_tag-best-cheap-price-2fdck-powder","19":"product_tag-best-place-to-buy-2fdck-powder","20":"product_tag-buy-2fdck","21":"product_tag-buy-2fdck-online","22":"product_tag-buy-2fdck-powder-legally","23":"product_tag-buy-2fdck-powder-online","24":"product_tag-cheap-2fdck-powders","25":"product_tag-high-quality-2fdck-powder","26":"product_tag-how-to-buy-2fdck-powder","27":"product_tag-order-2fdck","28":"product_tag-order-2fdck-online","29":"product_tag-order-2fdck-powder","30":"product_tag-purcharse-2fdck-powder-powder","31":"product_tag-shop-2fdck-powder","32":"product_tag-top-quality-2fdck-powder","33":"product_tag-where-to-buy-2fdck-powder","34":"product_tag-where-to-order-2fdck-powder","35":"product_tag-wholesale-2fdck-bulk-online","37":"first","38":"instock","39":"shipping-taxable","40":"purchasable","41":"product-type-variable","42":"has-default-attributes"},"yoast_head":"<!-- This site is optimized with the Yoast SEO plugin v24.1 - https:\/\/yoast.com\/wordpress\/plugins\/seo\/ -->\n<title>2FDCK for Sale - Buy 2FDCK Powder Online | NembutalHouse<\/title>\n<meta name=\"description\" content=\"Explore our online store for 2fdck for sale, offering high-quality 2fdck powder. Buy 2fdckonline securely and embark on your research journey with confidence.\" \/>\n<meta name=\"robots\" content=\"index, follow, max-snippet:-1, max-image-preview:large, max-video-preview:-1\" \/>\n<link rel=\"canonical\" href=\"https:\/\/nembutalhouse.com\/es\/producto\/comprar-2fdck-online\/\" \/>\n<meta property=\"og:locale\" content=\"es_ES\" \/>\n<meta property=\"og:type\" content=\"article\" \/>\n<meta property=\"og:title\" content=\"2FDCK for Sale - Buy 2FDCK Powder Online | NembutalHouse\" \/>\n<meta property=\"og:description\" content=\"Explore our online store for 2fdck for sale, offering high-quality 2fdck powder. Buy 2fdckonline securely and embark on your research journey with confidence.\" \/>\n<meta property=\"og:url\" content=\"https:\/\/nembutalhouse.com\/es\/producto\/comprar-2fdck-online\/\" \/>\n<meta property=\"og:site_name\" content=\"Nembutal House\" \/>\n<meta property=\"article:modified_time\" content=\"2026-03-06T07:02:23+00:00\" \/>\n<meta property=\"og:image\" content=\"https:\/\/nembutalhouse.com\/wp-content\/uploads\/2024\/10\/2fdck-1.gif\" \/>\n\t<meta property=\"og:image:width\" content=\"600\" \/>\n\t<meta property=\"og:image:height\" content=\"600\" \/>\n\t<meta property=\"og:image:type\" content=\"image\/gif\" \/>\n<meta name=\"twitter:card\" content=\"summary_large_image\" \/>\n<meta name=\"twitter:label1\" content=\"Tiempo de lectura\" \/>\n\t<meta name=\"twitter:data1\" content=\"3 minutos\" \/>\n<script type=\"application\/ld+json\" class=\"yoast-schema-graph\">{\"@context\":\"https:\/\/schema.org\",\"@graph\":[{\"@type\":\"WebPage\",\"@id\":\"https:\/\/nembutalhouse.com\/product\/buy-2fdck-online\/\",\"url\":\"https:\/\/nembutalhouse.com\/product\/buy-2fdck-online\/\",\"name\":\"2FDCK for Sale - Buy 2FDCK Powder Online | NembutalHouse\",\"isPartOf\":{\"@id\":\"https:\/\/nembutalhouse.com\/#website\"},\"primaryImageOfPage\":{\"@id\":\"https:\/\/nembutalhouse.com\/product\/buy-2fdck-online\/#primaryimage\"},\"image\":{\"@id\":\"https:\/\/nembutalhouse.com\/product\/buy-2fdck-online\/#primaryimage\"},\"thumbnailUrl\":\"https:\/\/nembutalhouse.com\/wp-content\/uploads\/2024\/10\/2fdck-1.gif\",\"datePublished\":\"2024-10-16T11:47:47+00:00\",\"dateModified\":\"2026-03-06T07:02:23+00:00\",\"description\":\"Explore our online store for 2fdck for sale, offering high-quality 2fdck powder. Buy 2fdckonline securely and embark on your research journey with confidence.\",\"breadcrumb\":{\"@id\":\"https:\/\/nembutalhouse.com\/product\/buy-2fdck-online\/#breadcrumb\"},\"inLanguage\":\"es\",\"potentialAction\":[{\"@type\":\"ReadAction\",\"target\":[\"https:\/\/nembutalhouse.com\/product\/buy-2fdck-online\/\"]}]},{\"@type\":\"ImageObject\",\"inLanguage\":\"es\",\"@id\":\"https:\/\/nembutalhouse.com\/product\/buy-2fdck-online\/#primaryimage\",\"url\":\"https:\/\/nembutalhouse.com\/wp-content\/uploads\/2024\/10\/2fdck-1.gif\",\"contentUrl\":\"https:\/\/nembutalhouse.com\/wp-content\/uploads\/2024\/10\/2fdck-1.gif\",\"width\":600,\"height\":600,\"caption\":\"Buy 2fdck Online\"},{\"@type\":\"BreadcrumbList\",\"@id\":\"https:\/\/nembutalhouse.com\/product\/buy-2fdck-online\/#breadcrumb\",\"itemListElement\":[{\"@type\":\"ListItem\",\"position\":1,\"name\":\"Home\",\"item\":\"https:\/\/nembutalhouse.com\/\"},{\"@type\":\"ListItem\",\"position\":2,\"name\":\"Shop\",\"item\":\"https:\/\/nembutalhouse.com\/shop\/\"},{\"@type\":\"ListItem\",\"position\":3,\"name\":\"Buy 2fdck Online\"}]},{\"@type\":\"WebSite\",\"@id\":\"https:\/\/nembutalhouse.com\/#website\",\"url\":\"https:\/\/nembutalhouse.com\/\",\"name\":\"Nembutal House\",\"description\":\"Best Nembutal Online Store\",\"publisher\":{\"@id\":\"https:\/\/nembutalhouse.com\/#organization\"},\"potentialAction\":[{\"@type\":\"SearchAction\",\"target\":{\"@type\":\"EntryPoint\",\"urlTemplate\":\"https:\/\/nembutalhouse.com\/?s={search_term_string}\"},\"query-input\":{\"@type\":\"PropertyValueSpecification\",\"valueRequired\":true,\"valueName\":\"search_term_string\"}}],\"inLanguage\":\"es\"},{\"@type\":\"Organization\",\"@id\":\"https:\/\/nembutalhouse.com\/#organization\",\"name\":\"Nembutal House\",\"url\":\"https:\/\/nembutalhouse.com\/\",\"logo\":{\"@type\":\"ImageObject\",\"inLanguage\":\"es\",\"@id\":\"https:\/\/nembutalhouse.com\/#\/schema\/logo\/image\/\",\"url\":\"https:\/\/nembutalhouse.com\/wp-content\/uploads\/2022\/12\/logo.png\",\"contentUrl\":\"https:\/\/nembutalhouse.com\/wp-content\/uploads\/2022\/12\/logo.png\",\"width\":344,\"height\":103,\"caption\":\"Nembutal House\"},\"image\":{\"@id\":\"https:\/\/nembutalhouse.com\/#\/schema\/logo\/image\/\"}}]}<\/script>\n<!-- \/ Yoast SEO plugin. -->","yoast_head_json":{"title":"2FDCK for Sale - Buy 2FDCK Powder Online | NembutalHouse","description":"Explore our online store for 2fdck for sale, offering high-quality 2fdck powder. Buy 2fdckonline securely and embark on your research journey with confidence.","robots":{"index":"index","follow":"follow","max-snippet":"max-snippet:-1","max-image-preview":"max-image-preview:large","max-video-preview":"max-video-preview:-1"},"canonical":"https:\/\/nembutalhouse.com\/es\/producto\/comprar-2fdck-online\/","og_locale":"es_ES","og_type":"article","og_title":"2FDCK for Sale - Buy 2FDCK Powder Online | NembutalHouse","og_description":"Explore our online store for 2fdck for sale, offering high-quality 2fdck powder. Buy 2fdckonline securely and embark on your research journey with confidence.","og_url":"https:\/\/nembutalhouse.com\/es\/producto\/comprar-2fdck-online\/","og_site_name":"Nembutal House","article_modified_time":"2026-03-06T07:02:23+00:00","og_image":[{"width":600,"height":600,"url":"https:\/\/nembutalhouse.com\/wp-content\/uploads\/2024\/10\/2fdck-1.gif","type":"image\/gif"}],"twitter_card":"summary_large_image","twitter_misc":{"Tiempo de lectura":"3 minutos"},"schema":{"@context":"https:\/\/schema.org","@graph":[{"@type":"WebPage","@id":"https:\/\/nembutalhouse.com\/product\/buy-2fdck-online\/","url":"https:\/\/nembutalhouse.com\/product\/buy-2fdck-online\/","name":"2FDCK for Sale - Buy 2FDCK Powder Online | NembutalHouse","isPartOf":{"@id":"https:\/\/nembutalhouse.com\/#website"},"primaryImageOfPage":{"@id":"https:\/\/nembutalhouse.com\/product\/buy-2fdck-online\/#primaryimage"},"image":{"@id":"https:\/\/nembutalhouse.com\/product\/buy-2fdck-online\/#primaryimage"},"thumbnailUrl":"https:\/\/nembutalhouse.com\/wp-content\/uploads\/2024\/10\/2fdck-1.gif","datePublished":"2024-10-16T11:47:47+00:00","dateModified":"2026-03-06T07:02:23+00:00","description":"Explore our online store for 2fdck for sale, offering high-quality 2fdck powder. Buy 2fdckonline securely and embark on your research journey with confidence.","breadcrumb":{"@id":"https:\/\/nembutalhouse.com\/product\/buy-2fdck-online\/#breadcrumb"},"inLanguage":"es","potentialAction":[{"@type":"ReadAction","target":["https:\/\/nembutalhouse.com\/product\/buy-2fdck-online\/"]}]},{"@type":"ImageObject","inLanguage":"es","@id":"https:\/\/nembutalhouse.com\/product\/buy-2fdck-online\/#primaryimage","url":"https:\/\/nembutalhouse.com\/wp-content\/uploads\/2024\/10\/2fdck-1.gif","contentUrl":"https:\/\/nembutalhouse.com\/wp-content\/uploads\/2024\/10\/2fdck-1.gif","width":600,"height":600,"caption":"Buy 2fdck Online"},{"@type":"BreadcrumbList","@id":"https:\/\/nembutalhouse.com\/product\/buy-2fdck-online\/#breadcrumb","itemListElement":[{"@type":"ListItem","position":1,"name":"Home","item":"https:\/\/nembutalhouse.com\/"},{"@type":"ListItem","position":2,"name":"Shop","item":"https:\/\/nembutalhouse.com\/shop\/"},{"@type":"ListItem","position":3,"name":"Buy 2fdck Online"}]},{"@type":"WebSite","@id":"https:\/\/nembutalhouse.com\/#website","url":"https:\/\/nembutalhouse.com\/","name":"Nembutal House","description":"Best Nembutal Online Store","publisher":{"@id":"https:\/\/nembutalhouse.com\/#organization"},"potentialAction":[{"@type":"SearchAction","target":{"@type":"EntryPoint","urlTemplate":"https:\/\/nembutalhouse.com\/?s={search_term_string}"},"query-input":{"@type":"PropertyValueSpecification","valueRequired":true,"valueName":"search_term_string"}}],"inLanguage":"es"},{"@type":"Organization","@id":"https:\/\/nembutalhouse.com\/#organization","name":"Nembutal House","url":"https:\/\/nembutalhouse.com\/","logo":{"@type":"ImageObject","inLanguage":"es","@id":"https:\/\/nembutalhouse.com\/#\/schema\/logo\/image\/","url":"https:\/\/nembutalhouse.com\/wp-content\/uploads\/2022\/12\/logo.png","contentUrl":"https:\/\/nembutalhouse.com\/wp-content\/uploads\/2022\/12\/logo.png","width":344,"height":103,"caption":"Nembutal House"},"image":{"@id":"https:\/\/nembutalhouse.com\/#\/schema\/logo\/image\/"}}]}},"_links":{"self":[{"href":"https:\/\/nembutalhouse.com\/es\/wp-json\/wp\/v2\/product\/1105","targetHints":{"allow":["GET"]}}],"collection":[{"href":"https:\/\/nembutalhouse.com\/es\/wp-json\/wp\/v2\/product"}],"about":[{"href":"https:\/\/nembutalhouse.com\/es\/wp-json\/wp\/v2\/types\/product"}],"replies":[{"embeddable":true,"href":"https:\/\/nembutalhouse.com\/es\/wp-json\/wp\/v2\/comments?post=1105"}],"wp:featuredmedia":[{"embeddable":true,"href":"https:\/\/nembutalhouse.com\/es\/wp-json\/wp\/v2\/media\/1609"}],"wp:attachment":[{"href":"https:\/\/nembutalhouse.com\/es\/wp-json\/wp\/v2\/media?parent=1105"}],"wp:term":[{"taxonomy":"product_cat","embeddable":true,"href":"https:\/\/nembutalhouse.com\/es\/wp-json\/wp\/v2\/product_cat?post=1105"},{"taxonomy":"product_tag","embeddable":true,"href":"https:\/\/nembutalhouse.com\/es\/wp-json\/wp\/v2\/product_tag?post=1105"}],"curies":[{"name":"wp","href":"https:\/\/api.w.org\/{rel}","templated":true}]}}