{"id":1102,"date":"2024-10-16T11:47:46","date_gmt":"2024-10-16T11:47:46","guid":{"rendered":"https:\/\/nembutalhouse.com\/?post_type=product&#038;p=1102"},"modified":"2026-03-06T07:34:15","modified_gmt":"2026-03-06T07:34:15","slug":"buy-4cmc-online","status":"publish","type":"product","link":"https:\/\/nembutalhouse.com\/es\/producto\/buy-4cmc-online\/","title":{"rendered":"Buy 4cmc Online"},"content":{"rendered":"<h2>Comprar 4 cristales CMC en l\u00ednea<\/h2>\n<p>4- Cristales CMC Tambi\u00e9n se vende como clefedrona, esta novela <a href=\"https:\/\/nembutalhouse.com\/es\/\">NembutalCasa<\/a> Se adquiere f\u00e1cilmente<br \/>\nSe han hecho muchas peticiones de este producto, y nos complace poder ofrecer por fin a nuestros clientes este excelente producto.<\/p>\n<p>4-Se prev\u00e9 que los cristales de CMC tendr\u00e1n efectos similares a los de la mefedrona y otros compuestos de investigaci\u00f3n pertenecientes a la clase de las fenonas.<\/p>\n<p>Los consumidores que adquieran este nuevo e interesante producto obtendr\u00e1n cristales de arroz del m\u00e1s alto calibre<\/p>\n<p>Como siempre, cuando compre, puede estar seguro de que obtendr\u00e1 los mejores productos y el mejor servicio de atenci\u00f3n al cliente del sector.<\/p>\n<p>Informaci\u00f3n qu\u00edmica<\/p>\n<p>1-(4-clorofenil)-2-(metilamino)propan-1-ona <a href=\"https:\/\/en.wikipedia.org\/wiki\/4-Chloromethcathinone\">4-CMC<\/a> Cristales<\/p>\n<p>N\u00famero CAS: 842212-02-1<\/p>\n<p>Masa en mol\u00e9culas: 197,661 G\/mol<\/p>\n<p>La f\u00f3rmula qu\u00edmica es C10H12ClNO.<\/p>\n<p>Tenga en cuenta que este producto puede enviarse por mensajer\u00eda urgente a todos los pa\u00edses.<\/p>\n<h3>4-CMC<\/h3>\n<p>Los cristales de 4-Oral CMC tienen una vida media de dos a tres horas.<\/p>\n<p>La fase es agradable, pero \u00bfde qu\u00e9 sirve la mefedrona o incluso la 3-MMC si no produce un fuerte subid\u00f3n euf\u00f3rico?<\/p>\n<p>El material s\u00f3lo fomenta di\u00e1logos creativos o intelectualmente interesantes; no spiduje. Induce una sensaci\u00f3n de satisfacci\u00f3n y pereza.<\/p>\n<p>La dosis recomendada de principios activos para conseguir una sensaci\u00f3n completa tras la ingesti\u00f3n es de 200-300 mg.<\/p>\n<p><a href=\"https:\/\/nembutalhouse.com\/es\/producto\/buy-4cmc-online\/\">4-CMC<\/a> La cantidad de cristales que se aspira por la nariz empieza en 100 mg. No se aconseja tomar m\u00e1s de 180 mg del medicamento.<\/p>\n<p>Tras ser arrancado, se cuece horriblemente en la nariz durante unos minutos. La operaci\u00f3n dura aproximadamente una hora y se acorta considerablemente. Hay una inclinaci\u00f3n considerable hacia m\u00e1s movimientos de apriete.<\/p>\n<p>El impacto de la forma en que se estimula la administraci\u00f3n ya tiene una influencia muy evidente. Por desgracia, la concentraci\u00f3n y la excitaci\u00f3n no van de la mano.<\/p>\n<p>Se presentan problemas de concentraci\u00f3n, habla incoherente, ritmo cardiaco acelerado, fr\u00edo, sudoraci\u00f3n y n\u00e1useas.<\/p>\n<p>Los primeros efectos de la euforia son m\u00e1s parecidos a los de la ampliamente utilizada mefedrona.<\/p>\n<p>Seg\u00fan los estudios, la fase placentera suele ir unida a la \"estruciem ligera\".<\/p>\n<p>Aunque el material no es tan bueno como la mefedrona, la 4-CMC y la CMC-3 pronto desbancar\u00e1n a la RC y a los afterburners como las sustancias m\u00e1s populares en Polonia.<\/p>\n<p>&nbsp;<\/p>\n<p>&nbsp;<\/p>","protected":false},"excerpt":{"rendered":"<p>Buy 4 CMC Crystals Online 4- Crystals CMC Also Sold As Clephedrone, This Novel NembutalHouse Is Easily Acquired Many requests have been made for this product, and we are pleased&hellip;<\/p>","protected":false},"featured_media":1505,"comment_status":"closed","ping_status":"closed","template":"","meta":{"_joinchat":[]},"product_cat":[188],"product_tag":[873,878,896,898,884,885,888,894,895,893,874,892,881,871,872,883,897,890,887,880,876,877,899,891,889,886,879,882,875],"class_list":{"0":"post-1102","1":"product","2":"type-product","3":"status-publish","4":"has-post-thumbnail","6":"product_cat-stimulants","7":"product_tag-4cmc-for-sale","8":"product_tag-4cmc-powder","9":"product_tag-4cmc-powder-for-cleaning","10":"product_tag-4cmc-powder-for-sale","11":"product_tag-4cmc-powder-online","12":"product_tag-4cmc-powder-price","13":"product_tag-4cmc-powder-store","14":"product_tag-4cmc-powder-use","15":"product_tag-4cmc-powder-wiki","16":"product_tag-4cmc-powder-worldwide","17":"product_tag-4cmc-supplier","18":"product_tag-best-cheap-price-4cmc-powder","19":"product_tag-best-place-to-buy-4cmc-powder","20":"product_tag-buy-4cmc","21":"product_tag-buy-4cmc-online","22":"product_tag-buy-4cmc-powder-legally","23":"product_tag-buy-4cmc-powder-online","24":"product_tag-cheap-4cmc-powders","25":"product_tag-high-quality-4cmc-powder","26":"product_tag-how-to-buy-4cmc-powder","27":"product_tag-order-4cmc","28":"product_tag-order-4cmc-online","29":"product_tag-order-4cmc-powder","30":"product_tag-purcharse-4cmc-powder-powder","31":"product_tag-shop-4cmc-powder","32":"product_tag-top-quality-4cmc-powder","33":"product_tag-where-to-buy-4cmc-powder","34":"product_tag-where-to-order-4cmc-powder","35":"product_tag-wholesale-4cmc-bulk-online","37":"first","38":"instock","39":"shipping-taxable","40":"purchasable","41":"product-type-variable"},"yoast_head":"<!-- This site is optimized with the Yoast SEO plugin v24.1 - https:\/\/yoast.com\/wordpress\/plugins\/seo\/ -->\n<title>Buy 4 CMC Online - 4 CMC for Sale Online | NembutalHouse<\/title>\n<meta name=\"description\" content=\"At our NembutalHouse, you can get 4cmc for sale at cheap rates. Here you can buy 4cmc online with high-quality from our store now with fast &amp; secure shipping service. Order Now!\" \/>\n<meta name=\"robots\" content=\"index, follow, max-snippet:-1, max-image-preview:large, max-video-preview:-1\" \/>\n<link rel=\"canonical\" href=\"https:\/\/nembutalhouse.com\/es\/producto\/buy-4cmc-online\/\" \/>\n<meta property=\"og:locale\" content=\"es_ES\" \/>\n<meta property=\"og:type\" content=\"article\" \/>\n<meta property=\"og:title\" content=\"Buy 4 CMC Online - 4 CMC for Sale Online | NembutalHouse\" \/>\n<meta property=\"og:description\" content=\"At our NembutalHouse, you can get 4cmc for sale at cheap rates. Here you can buy 4cmc online with high-quality from our store now with fast &amp; secure shipping service. Order Now!\" \/>\n<meta property=\"og:url\" content=\"https:\/\/nembutalhouse.com\/es\/producto\/buy-4cmc-online\/\" \/>\n<meta property=\"og:site_name\" content=\"Nembutal House\" \/>\n<meta property=\"article:modified_time\" content=\"2026-03-06T07:34:15+00:00\" \/>\n<meta property=\"og:image\" content=\"https:\/\/nembutalhouse.com\/wp-content\/uploads\/2024\/10\/4cmc.gif\" \/>\n\t<meta property=\"og:image:width\" content=\"600\" \/>\n\t<meta property=\"og:image:height\" content=\"600\" \/>\n\t<meta property=\"og:image:type\" content=\"image\/gif\" \/>\n<meta name=\"twitter:card\" content=\"summary_large_image\" \/>\n<meta name=\"twitter:label1\" content=\"Tiempo de lectura\" \/>\n\t<meta name=\"twitter:data1\" content=\"2 minutos\" \/>\n<script type=\"application\/ld+json\" class=\"yoast-schema-graph\">{\"@context\":\"https:\/\/schema.org\",\"@graph\":[{\"@type\":\"WebPage\",\"@id\":\"https:\/\/nembutalhouse.com\/product\/buy-4cmc-online\/\",\"url\":\"https:\/\/nembutalhouse.com\/product\/buy-4cmc-online\/\",\"name\":\"Buy 4 CMC Online - 4 CMC for Sale Online | NembutalHouse\",\"isPartOf\":{\"@id\":\"https:\/\/nembutalhouse.com\/#website\"},\"primaryImageOfPage\":{\"@id\":\"https:\/\/nembutalhouse.com\/product\/buy-4cmc-online\/#primaryimage\"},\"image\":{\"@id\":\"https:\/\/nembutalhouse.com\/product\/buy-4cmc-online\/#primaryimage\"},\"thumbnailUrl\":\"https:\/\/nembutalhouse.com\/wp-content\/uploads\/2024\/10\/4cmc.gif\",\"datePublished\":\"2024-10-16T11:47:46+00:00\",\"dateModified\":\"2026-03-06T07:34:15+00:00\",\"description\":\"At our NembutalHouse, you can get 4cmc for sale at cheap rates. Here you can buy 4cmc online with high-quality from our store now with fast & secure shipping service. Order Now!\",\"breadcrumb\":{\"@id\":\"https:\/\/nembutalhouse.com\/product\/buy-4cmc-online\/#breadcrumb\"},\"inLanguage\":\"es\",\"potentialAction\":[{\"@type\":\"ReadAction\",\"target\":[\"https:\/\/nembutalhouse.com\/product\/buy-4cmc-online\/\"]}]},{\"@type\":\"ImageObject\",\"inLanguage\":\"es\",\"@id\":\"https:\/\/nembutalhouse.com\/product\/buy-4cmc-online\/#primaryimage\",\"url\":\"https:\/\/nembutalhouse.com\/wp-content\/uploads\/2024\/10\/4cmc.gif\",\"contentUrl\":\"https:\/\/nembutalhouse.com\/wp-content\/uploads\/2024\/10\/4cmc.gif\",\"width\":600,\"height\":600,\"caption\":\"Buy 4cmc Online\"},{\"@type\":\"BreadcrumbList\",\"@id\":\"https:\/\/nembutalhouse.com\/product\/buy-4cmc-online\/#breadcrumb\",\"itemListElement\":[{\"@type\":\"ListItem\",\"position\":1,\"name\":\"Home\",\"item\":\"https:\/\/nembutalhouse.com\/\"},{\"@type\":\"ListItem\",\"position\":2,\"name\":\"Shop\",\"item\":\"https:\/\/nembutalhouse.com\/shop\/\"},{\"@type\":\"ListItem\",\"position\":3,\"name\":\"Buy 4cmc Online\"}]},{\"@type\":\"WebSite\",\"@id\":\"https:\/\/nembutalhouse.com\/#website\",\"url\":\"https:\/\/nembutalhouse.com\/\",\"name\":\"Nembutal House\",\"description\":\"Best Nembutal Online Store\",\"publisher\":{\"@id\":\"https:\/\/nembutalhouse.com\/#organization\"},\"potentialAction\":[{\"@type\":\"SearchAction\",\"target\":{\"@type\":\"EntryPoint\",\"urlTemplate\":\"https:\/\/nembutalhouse.com\/?s={search_term_string}\"},\"query-input\":{\"@type\":\"PropertyValueSpecification\",\"valueRequired\":true,\"valueName\":\"search_term_string\"}}],\"inLanguage\":\"es\"},{\"@type\":\"Organization\",\"@id\":\"https:\/\/nembutalhouse.com\/#organization\",\"name\":\"Nembutal House\",\"url\":\"https:\/\/nembutalhouse.com\/\",\"logo\":{\"@type\":\"ImageObject\",\"inLanguage\":\"es\",\"@id\":\"https:\/\/nembutalhouse.com\/#\/schema\/logo\/image\/\",\"url\":\"https:\/\/nembutalhouse.com\/wp-content\/uploads\/2022\/12\/logo.png\",\"contentUrl\":\"https:\/\/nembutalhouse.com\/wp-content\/uploads\/2022\/12\/logo.png\",\"width\":344,\"height\":103,\"caption\":\"Nembutal House\"},\"image\":{\"@id\":\"https:\/\/nembutalhouse.com\/#\/schema\/logo\/image\/\"}}]}<\/script>\n<!-- \/ Yoast SEO plugin. -->","yoast_head_json":{"title":"Buy 4 CMC Online - 4 CMC for Sale Online | NembutalHouse","description":"At our NembutalHouse, you can get 4cmc for sale at cheap rates. Here you can buy 4cmc online with high-quality from our store now with fast & secure shipping service. Order Now!","robots":{"index":"index","follow":"follow","max-snippet":"max-snippet:-1","max-image-preview":"max-image-preview:large","max-video-preview":"max-video-preview:-1"},"canonical":"https:\/\/nembutalhouse.com\/es\/producto\/buy-4cmc-online\/","og_locale":"es_ES","og_type":"article","og_title":"Buy 4 CMC Online - 4 CMC for Sale Online | NembutalHouse","og_description":"At our NembutalHouse, you can get 4cmc for sale at cheap rates. Here you can buy 4cmc online with high-quality from our store now with fast & secure shipping service. Order Now!","og_url":"https:\/\/nembutalhouse.com\/es\/producto\/buy-4cmc-online\/","og_site_name":"Nembutal House","article_modified_time":"2026-03-06T07:34:15+00:00","og_image":[{"width":600,"height":600,"url":"https:\/\/nembutalhouse.com\/wp-content\/uploads\/2024\/10\/4cmc.gif","type":"image\/gif"}],"twitter_card":"summary_large_image","twitter_misc":{"Tiempo de lectura":"2 minutos"},"schema":{"@context":"https:\/\/schema.org","@graph":[{"@type":"WebPage","@id":"https:\/\/nembutalhouse.com\/product\/buy-4cmc-online\/","url":"https:\/\/nembutalhouse.com\/product\/buy-4cmc-online\/","name":"Buy 4 CMC Online - 4 CMC for Sale Online | NembutalHouse","isPartOf":{"@id":"https:\/\/nembutalhouse.com\/#website"},"primaryImageOfPage":{"@id":"https:\/\/nembutalhouse.com\/product\/buy-4cmc-online\/#primaryimage"},"image":{"@id":"https:\/\/nembutalhouse.com\/product\/buy-4cmc-online\/#primaryimage"},"thumbnailUrl":"https:\/\/nembutalhouse.com\/wp-content\/uploads\/2024\/10\/4cmc.gif","datePublished":"2024-10-16T11:47:46+00:00","dateModified":"2026-03-06T07:34:15+00:00","description":"At our NembutalHouse, you can get 4cmc for sale at cheap rates. Here you can buy 4cmc online with high-quality from our store now with fast & secure shipping service. Order Now!","breadcrumb":{"@id":"https:\/\/nembutalhouse.com\/product\/buy-4cmc-online\/#breadcrumb"},"inLanguage":"es","potentialAction":[{"@type":"ReadAction","target":["https:\/\/nembutalhouse.com\/product\/buy-4cmc-online\/"]}]},{"@type":"ImageObject","inLanguage":"es","@id":"https:\/\/nembutalhouse.com\/product\/buy-4cmc-online\/#primaryimage","url":"https:\/\/nembutalhouse.com\/wp-content\/uploads\/2024\/10\/4cmc.gif","contentUrl":"https:\/\/nembutalhouse.com\/wp-content\/uploads\/2024\/10\/4cmc.gif","width":600,"height":600,"caption":"Buy 4cmc Online"},{"@type":"BreadcrumbList","@id":"https:\/\/nembutalhouse.com\/product\/buy-4cmc-online\/#breadcrumb","itemListElement":[{"@type":"ListItem","position":1,"name":"Home","item":"https:\/\/nembutalhouse.com\/"},{"@type":"ListItem","position":2,"name":"Shop","item":"https:\/\/nembutalhouse.com\/shop\/"},{"@type":"ListItem","position":3,"name":"Buy 4cmc Online"}]},{"@type":"WebSite","@id":"https:\/\/nembutalhouse.com\/#website","url":"https:\/\/nembutalhouse.com\/","name":"Nembutal House","description":"Best Nembutal Online Store","publisher":{"@id":"https:\/\/nembutalhouse.com\/#organization"},"potentialAction":[{"@type":"SearchAction","target":{"@type":"EntryPoint","urlTemplate":"https:\/\/nembutalhouse.com\/?s={search_term_string}"},"query-input":{"@type":"PropertyValueSpecification","valueRequired":true,"valueName":"search_term_string"}}],"inLanguage":"es"},{"@type":"Organization","@id":"https:\/\/nembutalhouse.com\/#organization","name":"Nembutal House","url":"https:\/\/nembutalhouse.com\/","logo":{"@type":"ImageObject","inLanguage":"es","@id":"https:\/\/nembutalhouse.com\/#\/schema\/logo\/image\/","url":"https:\/\/nembutalhouse.com\/wp-content\/uploads\/2022\/12\/logo.png","contentUrl":"https:\/\/nembutalhouse.com\/wp-content\/uploads\/2022\/12\/logo.png","width":344,"height":103,"caption":"Nembutal House"},"image":{"@id":"https:\/\/nembutalhouse.com\/#\/schema\/logo\/image\/"}}]}},"_links":{"self":[{"href":"https:\/\/nembutalhouse.com\/es\/wp-json\/wp\/v2\/product\/1102","targetHints":{"allow":["GET"]}}],"collection":[{"href":"https:\/\/nembutalhouse.com\/es\/wp-json\/wp\/v2\/product"}],"about":[{"href":"https:\/\/nembutalhouse.com\/es\/wp-json\/wp\/v2\/types\/product"}],"replies":[{"embeddable":true,"href":"https:\/\/nembutalhouse.com\/es\/wp-json\/wp\/v2\/comments?post=1102"}],"wp:featuredmedia":[{"embeddable":true,"href":"https:\/\/nembutalhouse.com\/es\/wp-json\/wp\/v2\/media\/1505"}],"wp:attachment":[{"href":"https:\/\/nembutalhouse.com\/es\/wp-json\/wp\/v2\/media?parent=1102"}],"wp:term":[{"taxonomy":"product_cat","embeddable":true,"href":"https:\/\/nembutalhouse.com\/es\/wp-json\/wp\/v2\/product_cat?post=1102"},{"taxonomy":"product_tag","embeddable":true,"href":"https:\/\/nembutalhouse.com\/es\/wp-json\/wp\/v2\/product_tag?post=1102"}],"curies":[{"name":"wp","href":"https:\/\/api.w.org\/{rel}","templated":true}]}}