{"id":1050,"date":"2024-10-16T11:47:23","date_gmt":"2024-10-16T11:47:23","guid":{"rendered":"https:\/\/nembutalhouse.com\/?post_type=product&#038;p=1050"},"modified":"2026-02-25T11:04:38","modified_gmt":"2026-02-25T11:04:38","slug":"2-fa","status":"publish","type":"product","link":"https:\/\/nembutalhouse.com\/es\/producto\/2-fa\/","title":{"rendered":"Comprar 2-FA en l\u00ednea"},"content":{"rendered":"<h2><strong>Compre clorhidrato de 2-FA en l\u00ednea: gu\u00eda completa para comprar y comprender sus usos en NembutalHouse<\/strong><\/h2>\n<p>Desea obtener m\u00e1s informaci\u00f3n sobre <strong>Clorhidrato de 2-FA<\/strong> o considerando d\u00f3nde <a href=\"https:\/\/nembutalhouse.com\/es\/producto\/2-fa\/\"><strong>Comprar clorhidrato de 2-FA en l\u00ednea<\/strong><\/a>? En <a href=\"https:\/\/nembutalhouse.com\/es\/\"><strong>NembutalCasa<\/strong><\/a>le proporcionamos informaci\u00f3n detallada sobre este compuesto, cubriendo sus usos, efectos, seguridad y mucho m\u00e1s. <strong>Clorhidrato de 2-FA<\/strong>tambi\u00e9n conocido como <strong>2-Fluoroanfetamina<\/strong>es un producto qu\u00edmico de investigaci\u00f3n que est\u00e1 llamando la atenci\u00f3n por sus propiedades estimulantes y sus posibles aplicaciones en estudios cient\u00edficos.<a href=\"https:\/\/nembutalhouse.com\/es\/producto\/2-fa\/\">.<\/a><\/p>\n<h3>\u00bfQu\u00e9 es el clorhidrato de 2-FA?<\/h3>\n<p><strong>Clorhidrato de 2-FA<\/strong> es un an\u00e1logo fluorado de la anfetamina, ampliamente utilizado en <strong>investigaci\u00f3n<\/strong> para explorar sus efectos sobre el sistema nervioso central. Conocida por sus similitudes con la anfetamina, <strong>2-FA vs anfetamina<\/strong> las comparaciones destacan sus propiedades estimulantes m\u00e1s suaves y su perfil farmacol\u00f3gico \u00fanico<a href=\"https:\/\/nembutalhouse.com\/es\/\">.<\/a><\/p>\n<h3>Principales caracter\u00edsticas y usos del clorhidrato de 2-FA:<\/h3>\n<ul>\n<li><strong>2-FA utiliza<\/strong>: Com\u00fanmente empleado en investigaci\u00f3n para estudiar su metabolismo, efectos neurol\u00f3gicos y potenciales aplicaciones terap\u00e9uticas.<\/li>\n<li><strong>Clorhidrato de 2-FA investigaci\u00f3n<\/strong>: Los cient\u00edficos exploran sus propiedades para comprender sus interacciones con los neurotransmisores.<\/li>\n<li><strong>An\u00e1logos del clorhidrato de 2-FA<\/strong>: Pertenece a una familia de compuestos con similitudes estructurales y funcionales a las anfetaminas.<\/li>\n<\/ul>\n<h3>Posolog\u00eda y consideraciones de seguridad<\/h3>\n<ul>\n<li><strong>Dosis de clorhidrato de 2-FA<\/strong>: La dosificaci\u00f3n var\u00eda en funci\u00f3n de los protocolos de investigaci\u00f3n, lo que subraya la necesidad de una medici\u00f3n precisa y el cumplimiento de las directrices de seguridad.<\/li>\n<li><strong>Seguridad del clorhidrato de 2-FA<\/strong>: Aseg\u00farese de que se manipulan y almacenan correctamente para evitar accidentes o usos indebidos.<\/li>\n<li><strong>S\u00edntomas de abstinencia de 2-FA<\/strong>: Las investigaciones indican que una exposici\u00f3n prolongada puede provocar s\u00edndrome de abstinencia, lo que subraya la importancia de un uso controlado.<\/li>\n<\/ul>\n<h3>Efectos, beneficios y efectos secundarios<\/h3>\n<ul>\n<li><strong>Efectos 2-FA<\/strong>: Conocido por su leve estimulaci\u00f3n, mejora de la concentraci\u00f3n y aumento de la energ\u00eda.<\/li>\n<li><strong>Beneficios de la 2-FA<\/strong>: Potencialmente \u00fatil en estudios de atenci\u00f3n, cognici\u00f3n y funci\u00f3n de neurotransmisores.<\/li>\n<li><strong>Efectos secundarios de la 2-FA<\/strong>: Los informes incluyen estr\u00e9s cardiovascular potencial, ansiedad e insomnio a dosis m\u00e1s altas.<\/li>\n<li><strong>Da\u00f1o 2-FA<\/strong>: El uso inadecuado puede conllevar riesgos para la salud, lo que subraya la necesidad de una manipulaci\u00f3n cuidadosa en contextos de investigaci\u00f3n.<\/li>\n<\/ul>\n<h3>Situaci\u00f3n jur\u00eddica y potencial de abuso<\/h3>\n<ul>\n<li><strong>2-FA legalidad<\/strong>: La <strong>situaci\u00f3n jur\u00eddica del clorhidrato de 2-FA<\/strong> var\u00eda seg\u00fan el pa\u00eds, y algunas regiones restringen su venta o exigen permisos para su uso con fines de investigaci\u00f3n.<\/li>\n<li><strong>Potencial de abuso de 2-FA<\/strong>: Sus propiedades estimulantes pueden hacer que sea objeto de uso indebido, lo que exige regulaci\u00f3n y supervisi\u00f3n.<\/li>\n<li><strong>2-FA precio en la calle<\/strong>: En los mercados no regulados, los precios fluct\u00faan considerablemente, lo que plantea riesgos de falsificaci\u00f3n o contaminaci\u00f3n de los productos.<\/li>\n<\/ul>\n<h3>Comparaciones e investigaciones<\/h3>\n<ul>\n<li><strong>2-FA vs anfetamina<\/strong>: Aunque estructuralmente similar, el 2-FA se considera a menudo menos potente y m\u00e1s selectivo en sus efectos.<\/li>\n<li><strong>Metabolismo del 2-FA<\/strong>: Los estudios sobre sus rutas metab\u00f3licas permiten comprender mejor su interacci\u00f3n con el organismo y sus posibles aplicaciones.<\/li>\n<li><strong>S\u00edntesis de clorhidrato de 2-FA<\/strong>: Los investigadores exploran m\u00e9todos de s\u00edntesis para producir compuestos de gran pureza destinados al estudio.<\/li>\n<\/ul>\n<h3>\u00bfPor qu\u00e9 comprar clorhidrato de 2-FA en NembutalHouse?<\/h3>\n<p>En <strong>NembutalCasa<\/strong>priorizamos la calidad y la satisfacci\u00f3n del cliente. Tanto si busca <a href=\"https:\/\/en.wikipedia.org\/wiki\/2-FA\"><strong>comprar clorhidrato de 2-FA<\/strong><\/a> para investigar o buscar informaci\u00f3n detallada:<\/p>\n<ul>\n<li><strong>Compuestos de gran pureza<\/strong>: Calidad garantizada probada en laboratorio para obtener resultados fiables.<\/li>\n<li><strong>Informaci\u00f3n completa<\/strong>: Datos detallados sobre <strong>Efectos, seguridad y usos del clorhidrato de 2-FA<\/strong>.<\/li>\n<li><strong>Transacciones seguras<\/strong>: Env\u00edos discretos y un servicio de atenci\u00f3n al cliente fiable para una experiencia perfecta.<\/li>\n<\/ul>\n<h3>Pida clorhidrato de 2-FA hoy mismo<\/h3>\n<p>Listo para explorar el potencial de <strong>Clorhidrato de 2-FA<\/strong>? Visite <strong>NembutalCasa<\/strong> para productos de primera calidad y un servicio de confianza. Con amplia informaci\u00f3n sobre <strong>Clorhidrato de 2-FA investigaci\u00f3n<\/strong>, <strong>legalidad<\/strong>y <strong>dosificaci\u00f3n<\/strong>somos la fuente a la que acudir para todo lo relacionado con este producto qu\u00edmico de investigaci\u00f3n. <strong>Haga su pedido ahora<\/strong> \u00a1y \u00fanete a la vanguardia de los descubrimientos cient\u00edficos!<\/p>","protected":false},"excerpt":{"rendered":"<p><strong>Clorhidrato de 2-FA (Clorhidrato de 2-Fluoroanfetamina)<\/strong> es un estimulante sint\u00e9tico perteneciente a la clase de las anfetaminas. A menudo se clasifica como sustancia qu\u00edmica de investigaci\u00f3n y ha ganado atenci\u00f3n en ciertos c\u00edrculos debido a sus propiedades psicoactivas. Esta gu\u00eda ofrece una visi\u00f3n completa del clorhidrato de 2-FA, incluyendo su estructura qu\u00edmica, efectos, riesgos y estatus legal.<\/p>\n<h3>Estructura y f\u00f3rmula qu\u00edmicas<\/h3>\n<ul>\n<li><strong>F\u00f3rmula qu\u00edmica:<\/strong> C\u2081\u2080H\u2081\u2084FNO<\/li>\n<li><strong>Nombre IUPAC:<\/strong> 1-(2-Fluorofenil)propan-2-amina<\/li>\n<li><strong>N\u00famero CAS:<\/strong> 123450-12-3 <em>(Verifique el n\u00famero CAS exacto, ya que puede variar en funci\u00f3n del is\u00f3mero espec\u00edfico).<\/em><\/li>\n<\/ul>","protected":false},"featured_media":1612,"comment_status":"open","ping_status":"closed","template":"","meta":{"_joinchat":[]},"product_cat":[188],"product_tag":[1834,218,210,214,219,217,1851,1830,189,204,208,216,1840,209,221,215,207,223,213,212,211,1843,220,206,1849,222,1850,1848,190,203,195,1847,1837,205,1839,1829,197,1845,191,199,1842,1836,202,201,1832,1833,1846,193,194,1844,198,196,1841,200,1835,1838,1831,192],"class_list":{"0":"post-1050","1":"product","2":"type-product","3":"status-publish","4":"has-post-thumbnail","6":"product_cat-stimulants","7":"product_tag-2-fa","8":"product_tag-2-fa-analysis","9":"product_tag-2-fa-application","10":"product_tag-2-fa-availability","11":"product_tag-2-fa-chemistry","12":"product_tag-2-fa-distribution","13":"product_tag-2-fa-for-cleaning","14":"product_tag-2-fa-for-sale","15":"product_tag-2-fa-hydrochlorid","16":"product_tag-2-fa-hydrochloride","17":"product_tag-2-fa-laboratory","18":"product_tag-2-fa-market","19":"product_tag-2-fa-online","20":"product_tag-2-fa-price","21":"product_tag-2-fa-reference-material","22":"product_tag-2-fa-regulations","23":"product_tag-2-fa-research","24":"product_tag-2-fa-research-laboratory","25":"product_tag-2-fa-risks","26":"product_tag-2-fa-safety","27":"product_tag-2-fa-storage","28":"product_tag-2-fa-store","29":"product_tag-2-fa-substance","30":"product_tag-2-fa-supplier","31":"product_tag-2-fa-use","32":"product_tag-2-fa-wholesale","33":"product_tag-2-fa-wiki","34":"product_tag-2-fa-worldwide","35":"product_tag-2-fluoroamphetamin-hydrochlorid","36":"product_tag-3-fluoroamphetamine","37":"product_tag-amphetamine","38":"product_tag-best-cheap-price-2-fa","39":"product_tag-best-place-to-buy-2-fa","40":"product_tag-buy-2-fa","41":"product_tag-buy-2-fa-legally","42":"product_tag-buy-2-fa-online","43":"product_tag-cathinone","44":"product_tag-cheap-2-fa","45":"product_tag-chemische-formel-2-fa","46":"product_tag-gesundheitliche-risiken","47":"product_tag-high-quality-2-fa","48":"product_tag-how-to-buy-2-fa","49":"product_tag-mdma","50":"product_tag-methamphetamin","51":"product_tag-order-2-fa","52":"product_tag-order-2-fa-online","53":"product_tag-purcharse-2-fa-powder","54":"product_tag-rechtlicher-status-2-fa-hydrochlorid","55":"product_tag-risiken-2-fa-hydrochlorid","56":"product_tag-shop-2-fa","57":"product_tag-suchtgefahr","58":"product_tag-synthetische-stimulanzien","59":"product_tag-top-quality-2-fa","60":"product_tag-vergleich-zu-4-fa","61":"product_tag-where-to-buy-2-fa","62":"product_tag-where-to-order-2-fa","63":"product_tag-wholesale-2-fa-bulk-online","64":"product_tag-wirkungen-von-2-fa-hydrochlorid","66":"first","67":"instock","68":"shipping-taxable","69":"purchasable","70":"product-type-variable"},"yoast_head":"<!-- This site is optimized with the Yoast SEO plugin v24.1 - https:\/\/yoast.com\/wordpress\/plugins\/seo\/ -->\n<title>Buy 2-FA Online - 2-FA for Sale - Order 2-FA<\/title>\n<meta name=\"description\" content=\"Looking high-quality 2-fa for sale online? NembutalHouse is a leading store where you can buy 2-fa online at the best price. Order Now with Discreet Shipping!\" \/>\n<meta name=\"robots\" content=\"index, follow, max-snippet:-1, max-image-preview:large, max-video-preview:-1\" \/>\n<link rel=\"canonical\" href=\"https:\/\/nembutalhouse.com\/es\/producto\/2-fa\/\" \/>\n<meta property=\"og:locale\" content=\"es_ES\" \/>\n<meta property=\"og:type\" content=\"article\" \/>\n<meta property=\"og:title\" content=\"Buy 2-FA Online - 2-FA for Sale - Order 2-FA\" \/>\n<meta property=\"og:description\" content=\"Looking high-quality 2-fa for sale online? NembutalHouse is a leading store where you can buy 2-fa online at the best price. Order Now with Discreet Shipping!\" \/>\n<meta property=\"og:url\" content=\"https:\/\/nembutalhouse.com\/es\/producto\/2-fa\/\" \/>\n<meta property=\"og:site_name\" content=\"Nembutal House\" \/>\n<meta property=\"article:modified_time\" content=\"2026-02-25T11:04:38+00:00\" \/>\n<meta property=\"og:image\" content=\"https:\/\/nembutalhouse.com\/wp-content\/uploads\/2024\/10\/2-FA.gif\" \/>\n\t<meta property=\"og:image:width\" content=\"600\" \/>\n\t<meta property=\"og:image:height\" content=\"600\" \/>\n\t<meta property=\"og:image:type\" content=\"image\/gif\" \/>\n<meta name=\"twitter:card\" content=\"summary_large_image\" \/>\n<meta name=\"twitter:label1\" content=\"Tiempo de lectura\" \/>\n\t<meta name=\"twitter:data1\" content=\"3 minutos\" \/>\n<script type=\"application\/ld+json\" class=\"yoast-schema-graph\">{\"@context\":\"https:\/\/schema.org\",\"@graph\":[{\"@type\":\"WebPage\",\"@id\":\"https:\/\/nembutalhouse.com\/product\/2-fa\/\",\"url\":\"https:\/\/nembutalhouse.com\/product\/2-fa\/\",\"name\":\"Buy 2-FA Online - 2-FA for Sale - Order 2-FA\",\"isPartOf\":{\"@id\":\"https:\/\/nembutalhouse.com\/#website\"},\"primaryImageOfPage\":{\"@id\":\"https:\/\/nembutalhouse.com\/product\/2-fa\/#primaryimage\"},\"image\":{\"@id\":\"https:\/\/nembutalhouse.com\/product\/2-fa\/#primaryimage\"},\"thumbnailUrl\":\"https:\/\/nembutalhouse.com\/wp-content\/uploads\/2024\/10\/2-FA.gif\",\"datePublished\":\"2024-10-16T11:47:23+00:00\",\"dateModified\":\"2026-02-25T11:04:38+00:00\",\"description\":\"Looking high-quality 2-fa for sale online? NembutalHouse is a leading store where you can buy 2-fa online at the best price. Order Now with Discreet Shipping!\",\"breadcrumb\":{\"@id\":\"https:\/\/nembutalhouse.com\/product\/2-fa\/#breadcrumb\"},\"inLanguage\":\"es\",\"potentialAction\":[{\"@type\":\"ReadAction\",\"target\":[\"https:\/\/nembutalhouse.com\/product\/2-fa\/\"]}]},{\"@type\":\"ImageObject\",\"inLanguage\":\"es\",\"@id\":\"https:\/\/nembutalhouse.com\/product\/2-fa\/#primaryimage\",\"url\":\"https:\/\/nembutalhouse.com\/wp-content\/uploads\/2024\/10\/2-FA.gif\",\"contentUrl\":\"https:\/\/nembutalhouse.com\/wp-content\/uploads\/2024\/10\/2-FA.gif\",\"width\":600,\"height\":600,\"caption\":\"Buy 2-FA Online\"},{\"@type\":\"BreadcrumbList\",\"@id\":\"https:\/\/nembutalhouse.com\/product\/2-fa\/#breadcrumb\",\"itemListElement\":[{\"@type\":\"ListItem\",\"position\":1,\"name\":\"Home\",\"item\":\"https:\/\/nembutalhouse.com\/\"},{\"@type\":\"ListItem\",\"position\":2,\"name\":\"Shop\",\"item\":\"https:\/\/nembutalhouse.com\/shop\/\"},{\"@type\":\"ListItem\",\"position\":3,\"name\":\"Buy 2-FA Online\"}]},{\"@type\":\"WebSite\",\"@id\":\"https:\/\/nembutalhouse.com\/#website\",\"url\":\"https:\/\/nembutalhouse.com\/\",\"name\":\"Nembutal House\",\"description\":\"Best Nembutal Online Store\",\"publisher\":{\"@id\":\"https:\/\/nembutalhouse.com\/#organization\"},\"potentialAction\":[{\"@type\":\"SearchAction\",\"target\":{\"@type\":\"EntryPoint\",\"urlTemplate\":\"https:\/\/nembutalhouse.com\/?s={search_term_string}\"},\"query-input\":{\"@type\":\"PropertyValueSpecification\",\"valueRequired\":true,\"valueName\":\"search_term_string\"}}],\"inLanguage\":\"es\"},{\"@type\":\"Organization\",\"@id\":\"https:\/\/nembutalhouse.com\/#organization\",\"name\":\"Nembutal House\",\"url\":\"https:\/\/nembutalhouse.com\/\",\"logo\":{\"@type\":\"ImageObject\",\"inLanguage\":\"es\",\"@id\":\"https:\/\/nembutalhouse.com\/#\/schema\/logo\/image\/\",\"url\":\"https:\/\/nembutalhouse.com\/wp-content\/uploads\/2022\/12\/logo.png\",\"contentUrl\":\"https:\/\/nembutalhouse.com\/wp-content\/uploads\/2022\/12\/logo.png\",\"width\":344,\"height\":103,\"caption\":\"Nembutal House\"},\"image\":{\"@id\":\"https:\/\/nembutalhouse.com\/#\/schema\/logo\/image\/\"}}]}<\/script>\n<!-- \/ Yoast SEO plugin. -->","yoast_head_json":{"title":"Buy 2-FA Online - 2-FA for Sale - Order 2-FA","description":"Looking high-quality 2-fa for sale online? NembutalHouse is a leading store where you can buy 2-fa online at the best price. Order Now with Discreet Shipping!","robots":{"index":"index","follow":"follow","max-snippet":"max-snippet:-1","max-image-preview":"max-image-preview:large","max-video-preview":"max-video-preview:-1"},"canonical":"https:\/\/nembutalhouse.com\/es\/producto\/2-fa\/","og_locale":"es_ES","og_type":"article","og_title":"Buy 2-FA Online - 2-FA for Sale - Order 2-FA","og_description":"Looking high-quality 2-fa for sale online? NembutalHouse is a leading store where you can buy 2-fa online at the best price. Order Now with Discreet Shipping!","og_url":"https:\/\/nembutalhouse.com\/es\/producto\/2-fa\/","og_site_name":"Nembutal House","article_modified_time":"2026-02-25T11:04:38+00:00","og_image":[{"width":600,"height":600,"url":"https:\/\/nembutalhouse.com\/wp-content\/uploads\/2024\/10\/2-FA.gif","type":"image\/gif"}],"twitter_card":"summary_large_image","twitter_misc":{"Tiempo de lectura":"3 minutos"},"schema":{"@context":"https:\/\/schema.org","@graph":[{"@type":"WebPage","@id":"https:\/\/nembutalhouse.com\/product\/2-fa\/","url":"https:\/\/nembutalhouse.com\/product\/2-fa\/","name":"Buy 2-FA Online - 2-FA for Sale - Order 2-FA","isPartOf":{"@id":"https:\/\/nembutalhouse.com\/#website"},"primaryImageOfPage":{"@id":"https:\/\/nembutalhouse.com\/product\/2-fa\/#primaryimage"},"image":{"@id":"https:\/\/nembutalhouse.com\/product\/2-fa\/#primaryimage"},"thumbnailUrl":"https:\/\/nembutalhouse.com\/wp-content\/uploads\/2024\/10\/2-FA.gif","datePublished":"2024-10-16T11:47:23+00:00","dateModified":"2026-02-25T11:04:38+00:00","description":"Looking high-quality 2-fa for sale online? NembutalHouse is a leading store where you can buy 2-fa online at the best price. Order Now with Discreet Shipping!","breadcrumb":{"@id":"https:\/\/nembutalhouse.com\/product\/2-fa\/#breadcrumb"},"inLanguage":"es","potentialAction":[{"@type":"ReadAction","target":["https:\/\/nembutalhouse.com\/product\/2-fa\/"]}]},{"@type":"ImageObject","inLanguage":"es","@id":"https:\/\/nembutalhouse.com\/product\/2-fa\/#primaryimage","url":"https:\/\/nembutalhouse.com\/wp-content\/uploads\/2024\/10\/2-FA.gif","contentUrl":"https:\/\/nembutalhouse.com\/wp-content\/uploads\/2024\/10\/2-FA.gif","width":600,"height":600,"caption":"Buy 2-FA Online"},{"@type":"BreadcrumbList","@id":"https:\/\/nembutalhouse.com\/product\/2-fa\/#breadcrumb","itemListElement":[{"@type":"ListItem","position":1,"name":"Home","item":"https:\/\/nembutalhouse.com\/"},{"@type":"ListItem","position":2,"name":"Shop","item":"https:\/\/nembutalhouse.com\/shop\/"},{"@type":"ListItem","position":3,"name":"Buy 2-FA Online"}]},{"@type":"WebSite","@id":"https:\/\/nembutalhouse.com\/#website","url":"https:\/\/nembutalhouse.com\/","name":"Nembutal House","description":"Best Nembutal Online Store","publisher":{"@id":"https:\/\/nembutalhouse.com\/#organization"},"potentialAction":[{"@type":"SearchAction","target":{"@type":"EntryPoint","urlTemplate":"https:\/\/nembutalhouse.com\/?s={search_term_string}"},"query-input":{"@type":"PropertyValueSpecification","valueRequired":true,"valueName":"search_term_string"}}],"inLanguage":"es"},{"@type":"Organization","@id":"https:\/\/nembutalhouse.com\/#organization","name":"Nembutal House","url":"https:\/\/nembutalhouse.com\/","logo":{"@type":"ImageObject","inLanguage":"es","@id":"https:\/\/nembutalhouse.com\/#\/schema\/logo\/image\/","url":"https:\/\/nembutalhouse.com\/wp-content\/uploads\/2022\/12\/logo.png","contentUrl":"https:\/\/nembutalhouse.com\/wp-content\/uploads\/2022\/12\/logo.png","width":344,"height":103,"caption":"Nembutal House"},"image":{"@id":"https:\/\/nembutalhouse.com\/#\/schema\/logo\/image\/"}}]}},"_links":{"self":[{"href":"https:\/\/nembutalhouse.com\/es\/wp-json\/wp\/v2\/product\/1050","targetHints":{"allow":["GET"]}}],"collection":[{"href":"https:\/\/nembutalhouse.com\/es\/wp-json\/wp\/v2\/product"}],"about":[{"href":"https:\/\/nembutalhouse.com\/es\/wp-json\/wp\/v2\/types\/product"}],"replies":[{"embeddable":true,"href":"https:\/\/nembutalhouse.com\/es\/wp-json\/wp\/v2\/comments?post=1050"}],"wp:featuredmedia":[{"embeddable":true,"href":"https:\/\/nembutalhouse.com\/es\/wp-json\/wp\/v2\/media\/1612"}],"wp:attachment":[{"href":"https:\/\/nembutalhouse.com\/es\/wp-json\/wp\/v2\/media?parent=1050"}],"wp:term":[{"taxonomy":"product_cat","embeddable":true,"href":"https:\/\/nembutalhouse.com\/es\/wp-json\/wp\/v2\/product_cat?post=1050"},{"taxonomy":"product_tag","embeddable":true,"href":"https:\/\/nembutalhouse.com\/es\/wp-json\/wp\/v2\/product_tag?post=1050"}],"curies":[{"name":"wp","href":"https:\/\/api.w.org\/{rel}","templated":true}]}}