{"id":1047,"date":"2024-10-16T11:47:23","date_gmt":"2024-10-16T11:47:23","guid":{"rendered":"https:\/\/nembutalhouse.com\/?post_type=product&#038;p=1047"},"modified":"2026-03-06T08:54:36","modified_gmt":"2026-03-06T08:54:36","slug":"buy-fentanyl-online","status":"publish","type":"product","link":"https:\/\/nembutalhouse.com\/es\/producto\/buy-fentanyl-online\/","title":{"rendered":"Buy Fentanyl Online"},"content":{"rendered":"<h2>Comprar FETANIL POLVO Online<\/h2>\n<p><a href=\"https:\/\/nembutalhouse.com\/es\/producto\/buy-fentanyl-online\/\">Fentanilo en polvo<\/a>El fentanilo es un potente analg\u00e9sico opi\u00e1ceo sint\u00e9tico de acci\u00f3n r\u00e1pida. Tiene importantes propiedades agonistas en los receptores \u03bc-opioides. Se cree que el fentanilo tiene entre 50 y 100 veces la potencia de la morfina.<br \/>\nPaul Janssen cre\u00f3 el fentanilo en polvo por primera vez en 1960, unos a\u00f1os despu\u00e9s de que la petidina (tambi\u00e9n llamada meperidina, comercializada como Demerol) se utilizara por primera vez en medicina. Probando an\u00e1logos de la petidina, un medicamento estructuralmente similar, para determinar su acci\u00f3n opioide, Janssen cre\u00f3 el fentanilo. El citrato de fentanilo, que se produce mezclando fentanilo y \u00e1cido c\u00edtrico en una estequiometr\u00eda de 1:1, se utiliz\u00f3 por primera vez en medicina como anest\u00e9sico general bajo la marca Sublimaze en el transcurso del uso generalizado del f\u00e1rmaco. <a href=\"https:\/\/nembutalhouse.com\/es\/\">NembutalCasa<\/a><\/p>\n<p>la d\u00e9cada de 1960. Posteriormente, se crearon y utilizaron en medicina otros an\u00e1logos del fentanilo, como el sufentanilo, el alfentanilo, el remifentanilo y el lofentanilo.<\/p>\n<p>Fentanilo en polvo El parche de fentanilo se comercializ\u00f3 por primera vez para uso paliativo a mediados de la d\u00e9cada de 1990. En el transcurso de los diez a\u00f1os siguientes, tambi\u00e9n se comercializaron otras formas de fentanilo, como una piruleta, comprimidos disolventes y un aerosol sublingual que se reabsorbe a trav\u00e9s de la piel dentro de la boca. En 2012, el opioide sint\u00e9tico m\u00e1s utilizado en medicina era el fentanilo. En 2013 se utilizaron 1.700 kg en todo el mundo.<\/p>\n<p>Usuarios recreativos de <a href=\"https:\/\/en.wikipedia.org\/wiki\/Fentanyl\">fentanilo<\/a> tambi\u00e9n han sido responsables de miles de muertes anuales por sobredosis en los \u00faltimos a\u00f1os. El uso m\u00e9dico inadecuado tambi\u00e9n ha provocado muertes. El fentanilo es una droga especialmente segura debido a su \u00edndice terap\u00e9utico inusualmente amplio (270).<\/p>\n<p>Sin embargo, debido a su extrema potencia, las mediciones de fentanilo muy diluido en soluci\u00f3n deben realizarse con cuidado. Medir con precisi\u00f3n una dosis de fentanilo puro en polvo es poco pr\u00e1ctico sin un equipo cient\u00edfico sofisticado, ya que ser\u00eda dif\u00edcil o imposible distinguir entre una dosis efectiva y una dosis letal de la droga si se colocaran una al lado de la otra.<\/p>\n<p>Ofrecemos Fentanilo en polvo, parches, l\u00edquido y pastillas para comprar online.<\/p>\n<p>&nbsp;<\/p>\n<p>&nbsp;<\/p>","protected":false},"excerpt":{"rendered":"<p>Buy FETHANYL POWDER Online Fentanyl Powder, sometimes referred to as fentanil, is a strong synthetic opioid pain reliever that acts quickly. At \u03bc-opioid receptors, it has substantial agonist properties. It&hellip;<\/p>","protected":false},"featured_media":1607,"comment_status":"open","ping_status":"closed","template":"","meta":{"_joinchat":[]},"product_cat":[186],"product_tag":[804,793,783,795,810,784,802,790,809,797,800,806,808,811,796,807,805,786,785,799,792,788,789,812,803,801,798,791,794,787],"class_list":{"0":"post-1047","1":"product","2":"type-product","3":"status-publish","4":"has-post-thumbnail","6":"product_cat-research-chemicals","7":"product_tag-best-cheap-price-fentanyl-powder","8":"product_tag-best-place-to-buy-fentanyl-powder","9":"product_tag-buy-fentanyl","10":"product_tag-buy-fentanyl-powder-legally","11":"product_tag-buy-fentanyl-powderonline","12":"product_tag-buy-fentanylonline","13":"product_tag-cheap-fentanyl-powders","14":"product_tag-fentanyl-powder","15":"product_tag-fentanyl-powder-powder","16":"product_tag-fentanyl-powder-price","17":"product_tag-fentanyl-powder-store","18":"product_tag-fentanyl-powder-use","19":"product_tag-fentanyl-powderfor-cleaning","20":"product_tag-fentanyl-powderfor-sale","21":"product_tag-fentanyl-powderpowder-online","22":"product_tag-fentanyl-powderwiki","23":"product_tag-fentanyl-powderworldwide","24":"product_tag-fentanyl-supplier","25":"product_tag-fentanylfor-sale","26":"product_tag-high-quality-fentanyl-powder","27":"product_tag-how-to-buy-fentanyl-powder","28":"product_tag-order-fentanyl","29":"product_tag-order-fentanyl-online","30":"product_tag-order-fentanyl-powder","31":"product_tag-purcharse-fentanyl-powder-powder","32":"product_tag-shop-fentanyl-powder","33":"product_tag-top-quality-fentanyl-powder","34":"product_tag-where-to-buy-fentanyl-powder","35":"product_tag-where-to-order-fentanyl-powder","36":"product_tag-wholesale-fentanyl-bulk-online","38":"first","39":"instock","40":"shipping-taxable","41":"purchasable","42":"product-type-variable"},"yoast_head":"<!-- This site is optimized with the Yoast SEO plugin v24.1 - https:\/\/yoast.com\/wordpress\/plugins\/seo\/ -->\n<title>Buy Fentanyl Online - Fentanyl for Sale - Order Fentanyl Online<\/title>\n<meta name=\"description\" content=\"Where to buy fentanyl online at the best price? Find high-quality fentanyl for sale at our secure online store, catering to your research requirements. Order Now!\" \/>\n<meta name=\"robots\" content=\"index, follow, max-snippet:-1, max-image-preview:large, max-video-preview:-1\" \/>\n<link rel=\"canonical\" href=\"https:\/\/nembutalhouse.com\/es\/producto\/buy-fentanyl-online\/\" \/>\n<meta property=\"og:locale\" content=\"es_ES\" \/>\n<meta property=\"og:type\" content=\"article\" \/>\n<meta property=\"og:title\" content=\"Buy Fentanyl Online - Fentanyl for Sale - Order Fentanyl Online\" \/>\n<meta property=\"og:description\" content=\"Where to buy fentanyl online at the best price? Find high-quality fentanyl for sale at our secure online store, catering to your research requirements. Order Now!\" \/>\n<meta property=\"og:url\" content=\"https:\/\/nembutalhouse.com\/es\/producto\/buy-fentanyl-online\/\" \/>\n<meta property=\"og:site_name\" content=\"Nembutal House\" \/>\n<meta property=\"article:modified_time\" content=\"2026-03-06T08:54:36+00:00\" \/>\n<meta property=\"og:image\" content=\"https:\/\/nembutalhouse.com\/wp-content\/uploads\/2024\/10\/Fentanyl.gif\" \/>\n\t<meta property=\"og:image:width\" content=\"600\" \/>\n\t<meta property=\"og:image:height\" content=\"600\" \/>\n\t<meta property=\"og:image:type\" content=\"image\/gif\" \/>\n<meta name=\"twitter:card\" content=\"summary_large_image\" \/>\n<meta name=\"twitter:label1\" content=\"Tiempo de lectura\" \/>\n\t<meta name=\"twitter:data1\" content=\"2 minutos\" \/>\n<script type=\"application\/ld+json\" class=\"yoast-schema-graph\">{\"@context\":\"https:\/\/schema.org\",\"@graph\":[{\"@type\":\"WebPage\",\"@id\":\"https:\/\/nembutalhouse.com\/product\/buy-fentanyl-online\/\",\"url\":\"https:\/\/nembutalhouse.com\/product\/buy-fentanyl-online\/\",\"name\":\"Buy Fentanyl Online - Fentanyl for Sale - Order Fentanyl Online\",\"isPartOf\":{\"@id\":\"https:\/\/nembutalhouse.com\/#website\"},\"primaryImageOfPage\":{\"@id\":\"https:\/\/nembutalhouse.com\/product\/buy-fentanyl-online\/#primaryimage\"},\"image\":{\"@id\":\"https:\/\/nembutalhouse.com\/product\/buy-fentanyl-online\/#primaryimage\"},\"thumbnailUrl\":\"https:\/\/nembutalhouse.com\/wp-content\/uploads\/2024\/10\/Fentanyl.gif\",\"datePublished\":\"2024-10-16T11:47:23+00:00\",\"dateModified\":\"2026-03-06T08:54:36+00:00\",\"description\":\"Where to buy fentanyl online at the best price? Find high-quality fentanyl for sale at our secure online store, catering to your research requirements. Order Now!\",\"breadcrumb\":{\"@id\":\"https:\/\/nembutalhouse.com\/product\/buy-fentanyl-online\/#breadcrumb\"},\"inLanguage\":\"es\",\"potentialAction\":[{\"@type\":\"ReadAction\",\"target\":[\"https:\/\/nembutalhouse.com\/product\/buy-fentanyl-online\/\"]}]},{\"@type\":\"ImageObject\",\"inLanguage\":\"es\",\"@id\":\"https:\/\/nembutalhouse.com\/product\/buy-fentanyl-online\/#primaryimage\",\"url\":\"https:\/\/nembutalhouse.com\/wp-content\/uploads\/2024\/10\/Fentanyl.gif\",\"contentUrl\":\"https:\/\/nembutalhouse.com\/wp-content\/uploads\/2024\/10\/Fentanyl.gif\",\"width\":600,\"height\":600,\"caption\":\"Buy Fentanyl Online\"},{\"@type\":\"BreadcrumbList\",\"@id\":\"https:\/\/nembutalhouse.com\/product\/buy-fentanyl-online\/#breadcrumb\",\"itemListElement\":[{\"@type\":\"ListItem\",\"position\":1,\"name\":\"Home\",\"item\":\"https:\/\/nembutalhouse.com\/\"},{\"@type\":\"ListItem\",\"position\":2,\"name\":\"Shop\",\"item\":\"https:\/\/nembutalhouse.com\/shop\/\"},{\"@type\":\"ListItem\",\"position\":3,\"name\":\"Buy Fentanyl Online\"}]},{\"@type\":\"WebSite\",\"@id\":\"https:\/\/nembutalhouse.com\/#website\",\"url\":\"https:\/\/nembutalhouse.com\/\",\"name\":\"Nembutal House\",\"description\":\"Best Nembutal Online Store\",\"publisher\":{\"@id\":\"https:\/\/nembutalhouse.com\/#organization\"},\"potentialAction\":[{\"@type\":\"SearchAction\",\"target\":{\"@type\":\"EntryPoint\",\"urlTemplate\":\"https:\/\/nembutalhouse.com\/?s={search_term_string}\"},\"query-input\":{\"@type\":\"PropertyValueSpecification\",\"valueRequired\":true,\"valueName\":\"search_term_string\"}}],\"inLanguage\":\"es\"},{\"@type\":\"Organization\",\"@id\":\"https:\/\/nembutalhouse.com\/#organization\",\"name\":\"Nembutal House\",\"url\":\"https:\/\/nembutalhouse.com\/\",\"logo\":{\"@type\":\"ImageObject\",\"inLanguage\":\"es\",\"@id\":\"https:\/\/nembutalhouse.com\/#\/schema\/logo\/image\/\",\"url\":\"https:\/\/nembutalhouse.com\/wp-content\/uploads\/2022\/12\/logo.png\",\"contentUrl\":\"https:\/\/nembutalhouse.com\/wp-content\/uploads\/2022\/12\/logo.png\",\"width\":344,\"height\":103,\"caption\":\"Nembutal House\"},\"image\":{\"@id\":\"https:\/\/nembutalhouse.com\/#\/schema\/logo\/image\/\"}}]}<\/script>\n<!-- \/ Yoast SEO plugin. -->","yoast_head_json":{"title":"Buy Fentanyl Online - Fentanyl for Sale - Order Fentanyl Online","description":"Where to buy fentanyl online at the best price? Find high-quality fentanyl for sale at our secure online store, catering to your research requirements. Order Now!","robots":{"index":"index","follow":"follow","max-snippet":"max-snippet:-1","max-image-preview":"max-image-preview:large","max-video-preview":"max-video-preview:-1"},"canonical":"https:\/\/nembutalhouse.com\/es\/producto\/buy-fentanyl-online\/","og_locale":"es_ES","og_type":"article","og_title":"Buy Fentanyl Online - Fentanyl for Sale - Order Fentanyl Online","og_description":"Where to buy fentanyl online at the best price? Find high-quality fentanyl for sale at our secure online store, catering to your research requirements. Order Now!","og_url":"https:\/\/nembutalhouse.com\/es\/producto\/buy-fentanyl-online\/","og_site_name":"Nembutal House","article_modified_time":"2026-03-06T08:54:36+00:00","og_image":[{"width":600,"height":600,"url":"https:\/\/nembutalhouse.com\/wp-content\/uploads\/2024\/10\/Fentanyl.gif","type":"image\/gif"}],"twitter_card":"summary_large_image","twitter_misc":{"Tiempo de lectura":"2 minutos"},"schema":{"@context":"https:\/\/schema.org","@graph":[{"@type":"WebPage","@id":"https:\/\/nembutalhouse.com\/product\/buy-fentanyl-online\/","url":"https:\/\/nembutalhouse.com\/product\/buy-fentanyl-online\/","name":"Buy Fentanyl Online - Fentanyl for Sale - Order Fentanyl Online","isPartOf":{"@id":"https:\/\/nembutalhouse.com\/#website"},"primaryImageOfPage":{"@id":"https:\/\/nembutalhouse.com\/product\/buy-fentanyl-online\/#primaryimage"},"image":{"@id":"https:\/\/nembutalhouse.com\/product\/buy-fentanyl-online\/#primaryimage"},"thumbnailUrl":"https:\/\/nembutalhouse.com\/wp-content\/uploads\/2024\/10\/Fentanyl.gif","datePublished":"2024-10-16T11:47:23+00:00","dateModified":"2026-03-06T08:54:36+00:00","description":"Where to buy fentanyl online at the best price? Find high-quality fentanyl for sale at our secure online store, catering to your research requirements. Order Now!","breadcrumb":{"@id":"https:\/\/nembutalhouse.com\/product\/buy-fentanyl-online\/#breadcrumb"},"inLanguage":"es","potentialAction":[{"@type":"ReadAction","target":["https:\/\/nembutalhouse.com\/product\/buy-fentanyl-online\/"]}]},{"@type":"ImageObject","inLanguage":"es","@id":"https:\/\/nembutalhouse.com\/product\/buy-fentanyl-online\/#primaryimage","url":"https:\/\/nembutalhouse.com\/wp-content\/uploads\/2024\/10\/Fentanyl.gif","contentUrl":"https:\/\/nembutalhouse.com\/wp-content\/uploads\/2024\/10\/Fentanyl.gif","width":600,"height":600,"caption":"Buy Fentanyl Online"},{"@type":"BreadcrumbList","@id":"https:\/\/nembutalhouse.com\/product\/buy-fentanyl-online\/#breadcrumb","itemListElement":[{"@type":"ListItem","position":1,"name":"Home","item":"https:\/\/nembutalhouse.com\/"},{"@type":"ListItem","position":2,"name":"Shop","item":"https:\/\/nembutalhouse.com\/shop\/"},{"@type":"ListItem","position":3,"name":"Buy Fentanyl Online"}]},{"@type":"WebSite","@id":"https:\/\/nembutalhouse.com\/#website","url":"https:\/\/nembutalhouse.com\/","name":"Nembutal House","description":"Best Nembutal Online Store","publisher":{"@id":"https:\/\/nembutalhouse.com\/#organization"},"potentialAction":[{"@type":"SearchAction","target":{"@type":"EntryPoint","urlTemplate":"https:\/\/nembutalhouse.com\/?s={search_term_string}"},"query-input":{"@type":"PropertyValueSpecification","valueRequired":true,"valueName":"search_term_string"}}],"inLanguage":"es"},{"@type":"Organization","@id":"https:\/\/nembutalhouse.com\/#organization","name":"Nembutal House","url":"https:\/\/nembutalhouse.com\/","logo":{"@type":"ImageObject","inLanguage":"es","@id":"https:\/\/nembutalhouse.com\/#\/schema\/logo\/image\/","url":"https:\/\/nembutalhouse.com\/wp-content\/uploads\/2022\/12\/logo.png","contentUrl":"https:\/\/nembutalhouse.com\/wp-content\/uploads\/2022\/12\/logo.png","width":344,"height":103,"caption":"Nembutal House"},"image":{"@id":"https:\/\/nembutalhouse.com\/#\/schema\/logo\/image\/"}}]}},"_links":{"self":[{"href":"https:\/\/nembutalhouse.com\/es\/wp-json\/wp\/v2\/product\/1047","targetHints":{"allow":["GET"]}}],"collection":[{"href":"https:\/\/nembutalhouse.com\/es\/wp-json\/wp\/v2\/product"}],"about":[{"href":"https:\/\/nembutalhouse.com\/es\/wp-json\/wp\/v2\/types\/product"}],"replies":[{"embeddable":true,"href":"https:\/\/nembutalhouse.com\/es\/wp-json\/wp\/v2\/comments?post=1047"}],"wp:featuredmedia":[{"embeddable":true,"href":"https:\/\/nembutalhouse.com\/es\/wp-json\/wp\/v2\/media\/1607"}],"wp:attachment":[{"href":"https:\/\/nembutalhouse.com\/es\/wp-json\/wp\/v2\/media?parent=1047"}],"wp:term":[{"taxonomy":"product_cat","embeddable":true,"href":"https:\/\/nembutalhouse.com\/es\/wp-json\/wp\/v2\/product_cat?post=1047"},{"taxonomy":"product_tag","embeddable":true,"href":"https:\/\/nembutalhouse.com\/es\/wp-json\/wp\/v2\/product_tag?post=1047"}],"curies":[{"name":"wp","href":"https:\/\/api.w.org\/{rel}","templated":true}]}}