{"id":91,"date":"2022-12-14T06:49:39","date_gmt":"2022-12-14T06:49:39","guid":{"rendered":"https:\/\/nembutalhouse.com\/?page_id=91"},"modified":"2022-12-14T07:00:36","modified_gmt":"2022-12-14T07:00:36","slug":"about-us","status":"publish","type":"page","link":"https:\/\/nembutalhouse.com\/es\/sobre-nosotras\/","title":{"rendered":"Sobre nosotras"},"content":{"rendered":"<div data-elementor-type=\"wp-page\" data-elementor-id=\"91\" class=\"elementor elementor-91\">\n\t\t\t\t\t\t<section class=\"elementor-section elementor-top-section elementor-element elementor-element-20ba00c elementor-section-boxed elementor-section-height-default elementor-section-height-default\" data-id=\"20ba00c\" data-element_type=\"section\">\n\t\t\t\t\t\t<div class=\"elementor-container elementor-column-gap-default\">\n\t\t\t\t\t<div class=\"elementor-column elementor-col-100 elementor-top-column elementor-element elementor-element-16a6bc4\" data-id=\"16a6bc4\" data-element_type=\"column\">\n\t\t\t<div class=\"elementor-widget-wrap elementor-element-populated\">\n\t\t\t\t\t\t<div class=\"elementor-element elementor-element-436affe elementor-widget elementor-widget-heading\" data-id=\"436affe\" data-element_type=\"widget\" data-widget_type=\"heading.default\">\n\t\t\t\t<div class=\"elementor-widget-container\">\n\t\t\t\t\t<h2 class=\"elementor-heading-title elementor-size-default\">Sobre nosotras para Nembutal en venta<\/h2>\t\t\t\t<\/div>\n\t\t\t\t<\/div>\n\t\t\t\t<div class=\"elementor-element elementor-element-53ece00 elementor-widget elementor-widget-text-editor\" data-id=\"53ece00\" data-element_type=\"widget\" data-widget_type=\"text-editor.default\">\n\t\t\t\t<div class=\"elementor-widget-container\">\n\t\t\t\t\t\t\t\t\t<p>Contamos con un equipo bien organizado listo y disponible en cualquier momento para atender su solicitud. No necesita receta m\u00e9dica. Nuestros precios son moderados. Nuestros servicios de embalaje y entrega son r\u00e1pidos, econ\u00f3micos, discretos y altamente seguros. Somos la mejor fuente de informaci\u00f3n de atenci\u00f3n m\u00e9dica certificada por PCCA y proveedores farmac\u00e9uticos a la vuelta de la esquina.<\/p>\t\t\t\t\t\t\t\t<\/div>\n\t\t\t\t<\/div>\n\t\t\t\t<section class=\"elementor-section elementor-inner-section elementor-element elementor-element-4c4d2a0 elementor-section-boxed elementor-section-height-default elementor-section-height-default\" data-id=\"4c4d2a0\" data-element_type=\"section\">\n\t\t\t\t\t\t<div class=\"elementor-container elementor-column-gap-default\">\n\t\t\t\t\t<div class=\"elementor-column elementor-col-50 elementor-inner-column elementor-element elementor-element-5941eec\" data-id=\"5941eec\" data-element_type=\"column\">\n\t\t\t<div class=\"elementor-widget-wrap elementor-element-populated\">\n\t\t\t\t\t\t<div class=\"elementor-element elementor-element-8b9e898 elementor-widget elementor-widget-text-editor\" data-id=\"8b9e898\" data-element_type=\"widget\" data-widget_type=\"text-editor.default\">\n\t\t\t\t<div class=\"elementor-widget-container\">\n\t\t\t\t\t\t\t\t\t<p>La seguridad del cliente es nuestra principal prioridad. Tratamos a todos nuestros clientes con 100% de confidencialidad y seguridad. Nos aseguramos de que todos los env\u00edos sean lo m\u00e1s discretos posible. As\u00ed que si\u00e9ntase seguro de hacer un pedido ahora con nosotros. La informaci\u00f3n que brindamos es solo para fines de referencia, y no pretendemos reemplazar la opini\u00f3n profesional brindada por un profesional m\u00e9dico.<\/p><p>Aspiramos a mejorar la seguridad del consumidor para que no solo necesite una receta. Nuestra plataforma est\u00e1 dise\u00f1ada para ayudar a los profesionales con licencia a atender a sus pacientes de una mejor manera. Nuestros precios son muy moderados. Somos expertos en servicio de entrega r\u00e1pido, precio econ\u00f3mico, discreto y altamente seguro. La seguridad del cliente es nuestra principal prioridad.<\/p>\t\t\t\t\t\t\t\t<\/div>\n\t\t\t\t<\/div>\n\t\t\t\t\t<\/div>\n\t\t<\/div>\n\t\t\t\t<div class=\"elementor-column elementor-col-50 elementor-inner-column elementor-element elementor-element-6c25ab1\" data-id=\"6c25ab1\" data-element_type=\"column\">\n\t\t\t<div class=\"elementor-widget-wrap elementor-element-populated\">\n\t\t\t\t\t\t<div class=\"elementor-element elementor-element-f2dab8a elementor-widget elementor-widget-text-editor\" data-id=\"f2dab8a\" data-element_type=\"widget\" data-widget_type=\"text-editor.default\">\n\t\t\t\t<div class=\"elementor-widget-container\">\n\t\t\t\t\t\t\t\t\t<p>Por esa raz\u00f3n, NembutalHouse es una tienda en l\u00ednea que promete entregar productos farmac\u00e9uticos de la m\u00e1s alta calidad a su puerta lo antes posible despu\u00e9s de clasificar los medicamentos por dosis. Si bien Nembutal Store, valoramos la calidad del producto para asegurarnos de que est\u00e9 satisfecho. Debido a que su satisfacci\u00f3n es nuestra principal prioridad, encontrar\u00e1 Nembutal para comprar en varias formas en nuestra tienda, como Nembutal l\u00edquido, Nembutal en pastillas y Nembutal en polvo en Espa\u00f1a. Canad\u00e1 y Australia. Sin embargo, este es el mejor lugar para encontrar el mejor Nembutal al precio m\u00e1s asequible sin receta m\u00e9dica. Entonces el precio del producto ser\u00e1 como se indica en nuestro sitio web.<\/p>\t\t\t\t\t\t\t\t<\/div>\n\t\t\t\t<\/div>\n\t\t\t\t\t<\/div>\n\t\t<\/div>\n\t\t\t\t\t<\/div>\n\t\t<\/section>\n\t\t\t\t<section class=\"elementor-section elementor-inner-section elementor-element elementor-element-09d2854 elementor-section-boxed elementor-section-height-default elementor-section-height-default\" data-id=\"09d2854\" data-element_type=\"section\">\n\t\t\t\t\t\t<div class=\"elementor-container elementor-column-gap-default\">\n\t\t\t\t\t<div class=\"elementor-column elementor-col-100 elementor-inner-column elementor-element elementor-element-775372c\" data-id=\"775372c\" data-element_type=\"column\">\n\t\t\t<div class=\"elementor-widget-wrap elementor-element-populated\">\n\t\t\t\t\t\t<div class=\"elementor-element elementor-element-3ddf45b elementor-widget elementor-widget-text-editor\" data-id=\"3ddf45b\" data-element_type=\"widget\" data-widget_type=\"text-editor.default\">\n\t\t\t\t<div class=\"elementor-widget-container\">\n\t\t\t\t\t\t\t\t\t<p>Todos nuestros clientes con 100% de confidencialidad y seguridad, nos aseguramos de que todos los env\u00edos lleguen a su destino de forma segura. Contamos con un equipo bien organizado listo y disponible en cualquier momento para atender su solicitud. No necesita receta m\u00e9dica. Nuestra plataforma tambi\u00e9n est\u00e1 dise\u00f1ada para ayudar a los profesionales con licencia a atender a los pacientes de una mejor manera.<\/p>\t\t\t\t\t\t\t\t<\/div>\n\t\t\t\t<\/div>\n\t\t\t\t<div class=\"elementor-element elementor-element-d81c0c1 elementor-widget elementor-widget-text-editor\" data-id=\"d81c0c1\" data-element_type=\"widget\" data-widget_type=\"text-editor.default\">\n\t\t\t\t<div class=\"elementor-widget-container\">\n\t\t\t\t\t\t\t\t\t<p><strong>Pol\u00edtica de privacidad:<\/strong><\/p><p>En primer lugar, nos aseguramos de que todos sus datos se mantengan privados en un servidor seguro. Su informaci\u00f3n puede usarse \u00fanicamente para notificarle sobre ofertas o cambios en nuestras pol\u00edticas.<\/p><p><strong>Pol\u00edtica de env\u00edo y entrega:<\/strong><\/p><p>En segundo lugar, el proceso de entrega comienza tan pronto como env\u00eda su pedido. Hacemos todo lo posible para enviar los pedidos lo m\u00e1s r\u00e1pido posible. Si reside dentro del pa\u00eds, el producto ser\u00e1 entregado en su puerta dentro de 2 a 3 d\u00edas. Fuera del pa\u00eds demorar\u00e1 como m\u00e1ximo de 3 a 4 d\u00edas.<\/p><p><strong>Politica de devolucion:<\/strong><\/p><p>Ofrecemos una pol\u00edtica de devoluci\u00f3n para su completa conveniencia. Si tiene un buen motivo para no estar satisfecho con la compra, tiene cinco d\u00edas para devolver el art\u00edculo. Solo puede realizar una devoluci\u00f3n dentro de los cinco d\u00edas poni\u00e9ndose en contacto con nuestro servicio de atenci\u00f3n al cliente y solicitando permiso utilizando nuestro formulario de devoluci\u00f3n de clientes.<\/p>\t\t\t\t\t\t\t\t<\/div>\n\t\t\t\t<\/div>\n\t\t\t\t\t<\/div>\n\t\t<\/div>\n\t\t\t\t\t<\/div>\n\t\t<\/section>\n\t\t\t\t\t<\/div>\n\t\t<\/div>\n\t\t\t\t\t<\/div>\n\t\t<\/section>\n\t\t\t\t<\/div>","protected":false},"excerpt":{"rendered":"<p>About us for Nembutal for Sale We have a well-organized team ready and available at any time to answer your request. You don&#8217;t need a prescription. Our prices are moderate.&hellip;<\/p>","protected":false},"author":1,"featured_media":0,"parent":0,"menu_order":0,"comment_status":"closed","ping_status":"closed","template":"page-templates\/template-sinatra-fullwidth.php","meta":{"_joinchat":[],"footnotes":""},"class_list":["post-91","page","type-page","status-publish","hentry"],"yoast_head":"<!-- This site is optimized with the Yoast SEO plugin v24.1 - https:\/\/yoast.com\/wordpress\/plugins\/seo\/ -->\n<title>About us | Nembutal House<\/title>\n<meta name=\"robots\" content=\"index, follow, max-snippet:-1, max-image-preview:large, max-video-preview:-1\" \/>\n<link rel=\"canonical\" href=\"https:\/\/nembutalhouse.com\/es\/sobre-nosotras\/\" \/>\n<meta property=\"og:locale\" content=\"es_ES\" \/>\n<meta property=\"og:type\" content=\"article\" \/>\n<meta property=\"og:title\" content=\"About us | Nembutal House\" \/>\n<meta property=\"og:description\" content=\"About us for Nembutal for Sale We have a well-organized team ready and available at any time to answer your request. You don&#8217;t need a prescription. Our prices are moderate.&hellip;\" \/>\n<meta property=\"og:url\" content=\"https:\/\/nembutalhouse.com\/es\/sobre-nosotras\/\" \/>\n<meta property=\"og:site_name\" content=\"Nembutal House\" \/>\n<meta property=\"article:modified_time\" content=\"2022-12-14T07:00:36+00:00\" \/>\n<meta name=\"twitter:card\" content=\"summary_large_image\" \/>\n<meta name=\"twitter:label1\" content=\"Tiempo de lectura\" \/>\n\t<meta name=\"twitter:data1\" content=\"2 minutos\" \/>\n<script type=\"application\/ld+json\" class=\"yoast-schema-graph\">{\"@context\":\"https:\/\/schema.org\",\"@graph\":[{\"@type\":\"WebPage\",\"@id\":\"https:\/\/nembutalhouse.com\/about-us\/\",\"url\":\"https:\/\/nembutalhouse.com\/about-us\/\",\"name\":\"About us | Nembutal House\",\"isPartOf\":{\"@id\":\"https:\/\/nembutalhouse.com\/#website\"},\"datePublished\":\"2022-12-14T06:49:39+00:00\",\"dateModified\":\"2022-12-14T07:00:36+00:00\",\"breadcrumb\":{\"@id\":\"https:\/\/nembutalhouse.com\/about-us\/#breadcrumb\"},\"inLanguage\":\"es\",\"potentialAction\":[{\"@type\":\"ReadAction\",\"target\":[\"https:\/\/nembutalhouse.com\/about-us\/\"]}]},{\"@type\":\"BreadcrumbList\",\"@id\":\"https:\/\/nembutalhouse.com\/about-us\/#breadcrumb\",\"itemListElement\":[{\"@type\":\"ListItem\",\"position\":1,\"name\":\"Home\",\"item\":\"https:\/\/nembutalhouse.com\/\"},{\"@type\":\"ListItem\",\"position\":2,\"name\":\"About us\"}]},{\"@type\":\"WebSite\",\"@id\":\"https:\/\/nembutalhouse.com\/#website\",\"url\":\"https:\/\/nembutalhouse.com\/\",\"name\":\"Nembutal House\",\"description\":\"Best Nembutal Online Store\",\"publisher\":{\"@id\":\"https:\/\/nembutalhouse.com\/#organization\"},\"potentialAction\":[{\"@type\":\"SearchAction\",\"target\":{\"@type\":\"EntryPoint\",\"urlTemplate\":\"https:\/\/nembutalhouse.com\/?s={search_term_string}\"},\"query-input\":{\"@type\":\"PropertyValueSpecification\",\"valueRequired\":true,\"valueName\":\"search_term_string\"}}],\"inLanguage\":\"es\"},{\"@type\":\"Organization\",\"@id\":\"https:\/\/nembutalhouse.com\/#organization\",\"name\":\"Nembutal House\",\"url\":\"https:\/\/nembutalhouse.com\/\",\"logo\":{\"@type\":\"ImageObject\",\"inLanguage\":\"es\",\"@id\":\"https:\/\/nembutalhouse.com\/#\/schema\/logo\/image\/\",\"url\":\"https:\/\/nembutalhouse.com\/wp-content\/uploads\/2022\/12\/logo.png\",\"contentUrl\":\"https:\/\/nembutalhouse.com\/wp-content\/uploads\/2022\/12\/logo.png\",\"width\":344,\"height\":103,\"caption\":\"Nembutal House\"},\"image\":{\"@id\":\"https:\/\/nembutalhouse.com\/#\/schema\/logo\/image\/\"}}]}<\/script>\n<!-- \/ Yoast SEO plugin. -->","yoast_head_json":{"title":"About us | Nembutal House","robots":{"index":"index","follow":"follow","max-snippet":"max-snippet:-1","max-image-preview":"max-image-preview:large","max-video-preview":"max-video-preview:-1"},"canonical":"https:\/\/nembutalhouse.com\/es\/sobre-nosotras\/","og_locale":"es_ES","og_type":"article","og_title":"About us | Nembutal House","og_description":"About us for Nembutal for Sale We have a well-organized team ready and available at any time to answer your request. You don&#8217;t need a prescription. Our prices are moderate.&hellip;","og_url":"https:\/\/nembutalhouse.com\/es\/sobre-nosotras\/","og_site_name":"Nembutal House","article_modified_time":"2022-12-14T07:00:36+00:00","twitter_card":"summary_large_image","twitter_misc":{"Tiempo de lectura":"2 minutos"},"schema":{"@context":"https:\/\/schema.org","@graph":[{"@type":"WebPage","@id":"https:\/\/nembutalhouse.com\/about-us\/","url":"https:\/\/nembutalhouse.com\/about-us\/","name":"About us | Nembutal House","isPartOf":{"@id":"https:\/\/nembutalhouse.com\/#website"},"datePublished":"2022-12-14T06:49:39+00:00","dateModified":"2022-12-14T07:00:36+00:00","breadcrumb":{"@id":"https:\/\/nembutalhouse.com\/about-us\/#breadcrumb"},"inLanguage":"es","potentialAction":[{"@type":"ReadAction","target":["https:\/\/nembutalhouse.com\/about-us\/"]}]},{"@type":"BreadcrumbList","@id":"https:\/\/nembutalhouse.com\/about-us\/#breadcrumb","itemListElement":[{"@type":"ListItem","position":1,"name":"Home","item":"https:\/\/nembutalhouse.com\/"},{"@type":"ListItem","position":2,"name":"About us"}]},{"@type":"WebSite","@id":"https:\/\/nembutalhouse.com\/#website","url":"https:\/\/nembutalhouse.com\/","name":"Nembutal House","description":"Best Nembutal Online Store","publisher":{"@id":"https:\/\/nembutalhouse.com\/#organization"},"potentialAction":[{"@type":"SearchAction","target":{"@type":"EntryPoint","urlTemplate":"https:\/\/nembutalhouse.com\/?s={search_term_string}"},"query-input":{"@type":"PropertyValueSpecification","valueRequired":true,"valueName":"search_term_string"}}],"inLanguage":"es"},{"@type":"Organization","@id":"https:\/\/nembutalhouse.com\/#organization","name":"Nembutal House","url":"https:\/\/nembutalhouse.com\/","logo":{"@type":"ImageObject","inLanguage":"es","@id":"https:\/\/nembutalhouse.com\/#\/schema\/logo\/image\/","url":"https:\/\/nembutalhouse.com\/wp-content\/uploads\/2022\/12\/logo.png","contentUrl":"https:\/\/nembutalhouse.com\/wp-content\/uploads\/2022\/12\/logo.png","width":344,"height":103,"caption":"Nembutal House"},"image":{"@id":"https:\/\/nembutalhouse.com\/#\/schema\/logo\/image\/"}}]}},"_links":{"self":[{"href":"https:\/\/nembutalhouse.com\/es\/wp-json\/wp\/v2\/pages\/91","targetHints":{"allow":["GET"]}}],"collection":[{"href":"https:\/\/nembutalhouse.com\/es\/wp-json\/wp\/v2\/pages"}],"about":[{"href":"https:\/\/nembutalhouse.com\/es\/wp-json\/wp\/v2\/types\/page"}],"author":[{"embeddable":true,"href":"https:\/\/nembutalhouse.com\/es\/wp-json\/wp\/v2\/users\/1"}],"replies":[{"embeddable":true,"href":"https:\/\/nembutalhouse.com\/es\/wp-json\/wp\/v2\/comments?post=91"}],"version-history":[{"count":0,"href":"https:\/\/nembutalhouse.com\/es\/wp-json\/wp\/v2\/pages\/91\/revisions"}],"wp:attachment":[{"href":"https:\/\/nembutalhouse.com\/es\/wp-json\/wp\/v2\/media?parent=91"}],"curies":[{"name":"wp","href":"https:\/\/api.w.org\/{rel}","templated":true}]}}