{"id":1197,"date":"2024-10-16T11:48:32","date_gmt":"2024-10-16T11:48:32","guid":{"rendered":"https:\/\/nembutalhouse.com\/?post_type=product&#038;p=1197"},"modified":"2026-03-06T07:33:56","modified_gmt":"2026-03-06T07:33:56","slug":"buy-4-mec-online-2-2","status":"publish","type":"product","link":"https:\/\/nembutalhouse.com\/el\/\u03c0\u03c1\u03bf\u03ca\u03cc\u03bd\/buy-4-mec-online-2-2\/","title":{"rendered":"Buy 4-MEC Online"},"content":{"rendered":"<h2>Buy 4-MEC Online<\/h2>\n<h3>4-\u03bc\u03b5\u03b8\u03c5\u03bb-N-\u03b1\u03b9\u03b8\u03c5\u03bb \u0397 \u03ba\u03b1\u03b8\u03b9\u03bd\u03cc\u03bd\u03b7<\/h3>\n<p>Several designer recreational drugs that are marketed as &#8220;legal high&#8221; substitutes for regulated stimulants like methamphetamine and 3,4-methylenedioxymethamphetamine contain 4-methylethcathinone (4-MEC), a cathinone derivative.1, 2, 3 This compound&#8217;s hydrochloride version is meant to serve as a benchmark for forensic examination of materials that might contain <a href=\"https:\/\/nembutalhouse.com\/el\/\u03c0\u03c1\u03bf\u03ca\u03cc\u03bd\/buy-4-mec-online-2\/\">buy 4-MEC online<\/a>.<\/p>\n<p>\u03a4\u03b5\u03c7\u03bd\u03b9\u03ba\u03ad\u03c2 \u03bb\u03b5\u03c0\u03c4\u03bf\u03bc\u03ad\u03c1\u03b5\u03b9\u03b5\u03c2<\/p>\n<p>\u0397 \u03b5\u03c0\u03af\u03c3\u03b7\u03bc\u03b7 \u03bf\u03bd\u03bf\u03bc\u03b1\u03c3\u03af\u03b1 \u03b5\u03af\u03bd\u03b1\u03b9 2-(\u03b1\u03b9\u03b8\u03c5\u03bb\u03b1\u03bc\u03b9\u03bd\u03bf)-1-(4-\u03bc\u03b5\u03b8\u03c5\u03bb\u03bf\u03c6\u03b1\u03b9\u03bd\u03c5\u03bb)-1-\u03c0\u03c1\u03bf\u03c0\u03b1\u03bd\u03cc\u03bd\u03b7, \u03bc\u03bf\u03bd\u03bf\u03cb\u03b4\u03c1\u03bf\u03c7\u03bb\u03c9\u03c1\u03af\u03b4\u03b9\u03bf.<\/p>\n<p>\u0391\u03c1\u03b9\u03b8\u03bc\u03cc\u03c2 CAS: 1266688-86-1<\/p>\n<p>\u03a3\u03c5\u03bd\u03ce\u03bd\u03c5\u03bc\u03b1<\/p>\n<p>4-\u03bc\u03b5\u03b8\u03c5\u03bb-N-\u03b1\u03b9\u03b8\u03c5\u03bb \u0397 \u03ba\u03b1\u03b8\u03b9\u03bd\u03cc\u03bd\u03b7<\/p>\n<p>4. MEC<\/p>\n<p>\u03a4\u03cd\u03c0\u03bf\u03c2 \u03b3\u03b9\u03b1 \u03c4\u03bf \u03bc\u03cc\u03c1\u03b9\u03bf: C12H17NO - HCl<\/p>\n<p>\u0392\u03ac\u03c1\u03bf\u03c2 \u03c4\u03b7\u03c2 \u03c6\u03cc\u03c1\u03bc\u03bf\u03c5\u03bb\u03b1\u03c2: 227.7<\/p>\n<p>\u039a\u03b1\u03b8\u03b1\u03c1\u03cc\u03c4\u03b7\u03c4\u03b1 \u226598%<\/p>\n<p>\u0394\u03b7\u03bc\u03b9\u03bf\u03c5\u03c1\u03b3\u03af\u03b1 \u03ba\u03c1\u03c5\u03c3\u03c4\u03b1\u03bb\u03bb\u03b9\u03ba\u03bf\u03cd \u03c3\u03c4\u03b5\u03c1\u03b5\u03bf\u03cd<\/p>\n<p>\u03bbmax: 260 nm<\/p>\n<p>CC1=CC=CC=C(C(C(C(NCC)C)=O) SMILESC=C1.Cl<\/p>\n<p>\u039a\u03c9\u03b4\u03b9\u03ba\u03cc\u03c2 \u03b3\u03b9\u03b1 \u03c4\u03bf InChI: InChI=1S\/C12H17NO.ClH\/c12(14)11-7-5-9(2) 1-4-13-10(3)h5-8,10,13H,4H2,1-3H3;1H 6-8-11<\/p>\n<p>\u03a4\u03bf RQTXXFLUWZXGIE-UHFFFAOYSA-N \u03b5\u03af\u03bd\u03b1\u03b9 \u03c4\u03bf \u03ba\u03bb\u03b5\u03b9\u03b4\u03af InChI.<\/p>\n<h3>\u03a7\u03b7\u03bc\u03b9\u03ba\u03ad\u03c2 \u03bf\u03c5\u03c3\u03af\u03b5\u03c2 \u03c3\u03c4\u03bf Nembutal House<\/h3>\n<p>\u0395\u038a\u039c\u0391\u03a3\u03a4\u0395 \u03a0\u0391\u0393\u039a\u038c\u03a3\u039c\u0399\u039f\u03a3 \u03a0\u03a1\u039f\u039c\u0397\u0398\u0395\u03a5\u03a4\u0389\u03a3 \u03a7\u0397\u039c\u0399\u039a\u038f\u039d \u03a0\u03a1\u039f\u03aa\u038c\u039d\u03a4\u03a9\u039d \u0388\u03a1\u0395\u03a5\u039d\u0391\u03a3<\/p>\n<p>\u03a3\u03c7\u03b5\u03c4\u03b9\u03ba\u03ac \u03bc\u03b5 \u03c4\u03bf<\/p>\n<p>\u03b1\u03be\u03b9\u03cc\u03c0\u03b9\u03c3\u03c4\u03bf\u03c5\u03c2, \u03b1\u03be\u03b9\u03cc\u03c0\u03b9\u03c3\u03c4\u03bf\u03c5\u03c2, \u03b1\u03c3\u03c6\u03b1\u03bb\u03b5\u03af\u03c2 \u03ba\u03b1\u03b9 \u03b5\u03be\u03bf\u03c5\u03c3\u03b9\u03bf\u03b4\u03bf\u03c4\u03b7\u03bc\u03ad\u03bd\u03bf\u03c5\u03c2 \u03c0\u03c1\u03bf\u03bc\u03b7\u03b8\u03b5\u03c5\u03c4\u03ad\u03c2 \u03b5\u03c1\u03b5\u03c5\u03bd\u03b7\u03c4\u03b9\u03ba\u03ce\u03bd \u03c7\u03b7\u03bc\u03b9\u03ba\u03ce\u03bd \u03bf\u03c5\u03c3\u03b9\u03ce\u03bd<\/p>\n<p>You can find cutting-edge materials for your projects at <a href=\"https:\/\/nembutalhouse.com\/el\/\">NembutalHouse<\/a> Chemicals, one of the most reputable research chemical stores. you can find cutting-edge materials for your projects at NembutalHouse Chemicals, one of the most reputable research chemical stores. You need a supplier you can rely on to offer chemicals that are 100% authentic and pure, and you can be positive about this when you work with us. We take great pride in our reputation as one of the most reputable providers in the internet industry, which we have built through our commitment to quality and scientific integrity.<\/p>\n<p>\u039f\u03b9 \u03c0\u03b5\u03bb\u03ac\u03c4\u03b5\u03c2 \u03bc\u03b1\u03c2 \u03bc\u03c0\u03bf\u03c1\u03bf\u03cd\u03bd \u03bd\u03b1 \u03b5\u03c0\u03c9\u03c6\u03b5\u03bb\u03b7\u03b8\u03bf\u03cd\u03bd \u03b1\u03c0\u03cc \u03c4\u03b9\u03c2 \u03b4\u03b9\u03ac\u03c6\u03bf\u03c1\u03b5\u03c2 \u03b5\u03c0\u03b9\u03bb\u03bf\u03b3\u03ad\u03c2 \u03c0\u03bb\u03b7\u03c1\u03c9\u03bc\u03ae\u03c2, \u03c4\u03b7\u03bd \u03b1\u03be\u03b9\u03cc\u03c0\u03b9\u03c3\u03c4\u03b7 \u03c0\u03b1\u03c1\u03ac\u03b4\u03bf\u03c3\u03b7 \u03ba\u03b1\u03b9 \u03c4\u03b7\u03bd \u03b5\u03c5\u03c1\u03cd\u03c4\u03b5\u03c1\u03b7 \u03b5\u03c0\u03b9\u03bb\u03bf\u03b3\u03ae \u03c7\u03b7\u03bc\u03b9\u03ba\u03ce\u03bd \u03c0\u03c1\u03bf\u03ca\u03cc\u03bd\u03c4\u03c9\u03bd \u03ad\u03c1\u03b5\u03c5\u03bd\u03b1\u03c2. \u039c\u03b5 \u03b1\u03c5\u03c4\u03cc\u03bd \u03c4\u03bf\u03bd \u03c4\u03c1\u03cc\u03c0\u03bf, \u03bc\u03c0\u03bf\u03c1\u03bf\u03cd\u03bc\u03b5 \u03bd\u03b1 \u03b2\u03bf\u03b7\u03b8\u03ae\u03c3\u03bf\u03c5\u03bc\u03b5 \u03c0\u03bf\u03bb\u03bb\u03bf\u03cd\u03c2 \u03b5\u03c1\u03b5\u03c5\u03bd\u03b7\u03c4\u03ad\u03c2 \u03b1\u03c0\u03cc \u03ba\u03ac\u03b8\u03b5 \u03ae\u03c0\u03b5\u03b9\u03c1\u03bf \u03bd\u03b1 \u03b5\u03bd\u03c4\u03bf\u03c0\u03af\u03c3\u03bf\u03c5\u03bd \u03b1\u03c5\u03c4\u03bf\u03cd\u03c2 \u03c4\u03bf\u03c5\u03c2 \u03b1\u03c3\u03c5\u03bd\u03ae\u03b8\u03b9\u03c3\u03c4\u03bf\u03c5\u03c2 \u03ba\u03b1\u03b9 \u03b1\u03bd\u03b5\u03be\u03b5\u03c1\u03b5\u03cd\u03bd\u03b7\u03c4\u03bf\u03c5\u03c2 \u03c0\u03cc\u03c1\u03bf\u03c5\u03c2 \u03bc\u03b5\u03bb\u03ad\u03c4\u03b7\u03c2 \u03c0\u03bf\u03c5 \u03c3\u03c5\u03c7\u03bd\u03ac \u03ad\u03c7\u03bf\u03c5\u03bd \u03c3\u03b7\u03bc\u03b1\u03bd\u03c4\u03b9\u03ba\u03ae \u03b5\u03c0\u03af\u03b4\u03c1\u03b1\u03c3\u03b7 \u03c3\u03c4\u03b7\u03bd \u03ad\u03c1\u03b5\u03c5\u03bd\u03b1 \u03c0\u03bf\u03c5 \u03b5\u03af\u03bd\u03b1\u03b9 \u03c6\u03b1\u03c1\u03bc\u03b1\u03ba\u03bf\u03bb\u03bf\u03b3\u03b9\u03ba\u03ae, \u03c7\u03b7\u03bc\u03b9\u03ba\u03ae, \u03b2\u03b9\u03bf\u03bb\u03bf\u03b3\u03b9\u03ba\u03ae \u03ae \u03c6\u03c5\u03c3\u03b9\u03ba\u03ae. \u0394\u03b9\u03b5\u03c1\u03b5\u03c5\u03bd\u03bf\u03cd\u03bc\u03b5 \u03c3\u03c5\u03bd\u03b5\u03c7\u03ce\u03c2 \u03bc\u03b5\u03b8\u03cc\u03b4\u03bf\u03c5\u03c2 \u03b3\u03b9\u03b1 \u03c4\u03b7 \u03b2\u03b5\u03bb\u03c4\u03af\u03c9\u03c3\u03b7 \u03c4\u03b7\u03c2 \u03c0\u03c1\u03bf\u03c3\u03c6\u03bf\u03c1\u03ac\u03c2 \u03bc\u03b1\u03c2 \u03ba\u03b1\u03b9, \u03cc\u03c0\u03bf\u03c5 \u03b5\u03af\u03bd\u03b1\u03b9 \u03b4\u03c5\u03bd\u03b1\u03c4\u03cc\u03bd, \u03c0\u03c1\u03bf\u03c3\u03b8\u03ad\u03c4\u03bf\u03c5\u03bc\u03b5 \u03bd\u03ad\u03b5\u03c2 \u03b5\u03c1\u03b5\u03c5\u03bd\u03b7\u03c4\u03b9\u03ba\u03ad\u03c2 \u03c7\u03b7\u03bc\u03b9\u03ba\u03ad\u03c2 \u03bf\u03c5\u03c3\u03af\u03b5\u03c2 \u03c3\u03c4\u03bf\u03bd \u03ba\u03b1\u03c4\u03ac\u03bb\u03bf\u03b3\u03bf \u03c4\u03c9\u03bd \u03c0\u03c1\u03bf\u03ca\u03cc\u03bd\u03c4\u03c9\u03bd \u03bc\u03b1\u03c2, \u03c0\u03c1\u03bf\u03ba\u03b5\u03b9\u03bc\u03ad\u03bd\u03bf\u03c5 \u03bd\u03b1 \u03b1\u03bd\u03c4\u03b1\u03c0\u03bf\u03ba\u03c1\u03b9\u03b8\u03bf\u03cd\u03bc\u03b5 \u03c3\u03c4\u03bf\u03bd \u03c3\u03ba\u03bf\u03c0\u03cc \u03bc\u03b1\u03c2.<\/p>\n<p>\u0391\u03bd\u03ac\u03bb\u03bf\u03b3\u03b1 \u03bc\u03b5 \u03c4\u03b9\u03c2 \u03ac\u03bc\u03b5\u03c3\u03b5\u03c2 \u03b1\u03bd\u03ac\u03b3\u03ba\u03b5\u03c2 \u03c4\u03bf\u03c5\u03c2, \u03bf\u03b9 \u03c0\u03b5\u03bb\u03ac\u03c4\u03b5\u03c2 \u03bc\u03b1\u03c2 \u03bc\u03c0\u03bf\u03c1\u03bf\u03cd\u03bd \u03bd\u03b1 \u03b1\u03b3\u03bf\u03c1\u03ac\u03b6\u03bf\u03c5\u03bd \u03c0\u03b1\u03c1\u03b1\u03b3\u03b3\u03b5\u03bb\u03af\u03b5\u03c2 \u03c3\u03b5 \u03bc\u03b5\u03b3\u03b1\u03bb\u03cd\u03c4\u03b5\u03c1\u03bf\u03c5\u03c2 \u03ae \u03bc\u03b9\u03ba\u03c1\u03cc\u03c4\u03b5\u03c1\u03bf\u03c5\u03c2 \u03b1\u03c1\u03b9\u03b8\u03bc\u03bf\u03cd\u03c2. \u03a0\u03c1\u03bf\u03c3\u03c0\u03b1\u03b8\u03bf\u03cd\u03bc\u03b5 \u03bd\u03b1 \u03b5\u03af\u03bc\u03b1\u03c3\u03c4\u03b5 \u03c0\u03b5\u03c1\u03b9\u03b5\u03ba\u03c4\u03b9\u03ba\u03bf\u03af \u03ba\u03b1\u03b9 \u03bd\u03b1 \u03bb\u03b1\u03bc\u03b2\u03ac\u03bd\u03bf\u03c5\u03bc\u03b5 \u03c5\u03c0\u03cc\u03c8\u03b7 \u03c4\u03b9\u03c2 \u03c0\u03c1\u03bf\u03c4\u03b9\u03bc\u03ae\u03c3\u03b5\u03b9\u03c2 \u03c0\u03bf\u03c5 \u03b5\u03ba\u03c6\u03c1\u03ac\u03b6\u03bf\u03c5\u03bd \u03bf\u03b9 \u03c0\u03b5\u03bb\u03ac\u03c4\u03b5\u03c2 \u03bc\u03b1\u03c2 \u03c3\u03b5 \u03cc\u03bb\u03bf \u03c4\u03bf\u03bd \u03ba\u03cc\u03c3\u03bc\u03bf, \u03b5\u03ba\u03c4\u03cc\u03c2 \u03b1\u03c0\u03cc \u03c4\u03b7\u03bd \u03c0\u03b1\u03c1\u03bf\u03c7\u03ae \u03c7\u03b7\u03bc\u03b9\u03ba\u03ce\u03bd \u03c0\u03c1\u03bf\u03ca\u03cc\u03bd\u03c4\u03c9\u03bd \u03ad\u03c1\u03b5\u03c5\u03bd\u03b1\u03c2 \u03c0\u03bf\u03c5 \u03bf\u03b9 \u03c0\u03b5\u03bb\u03ac\u03c4\u03b5\u03c2 \u03bc\u03b1\u03c2 \u03b5\u03c0\u03b9\u03b8\u03c5\u03bc\u03bf\u03cd\u03bd \u03c3\u03c5\u03b3\u03ba\u03b5\u03ba\u03c1\u03b9\u03bc\u03ad\u03bd\u03b1. \u0391\u03c0\u03ce\u03c4\u03b5\u03c1\u03bf\u03c2 \u03c3\u03c4\u03cc\u03c7\u03bf\u03c2 \u03bc\u03b1\u03c2 \u03b5\u03af\u03bd\u03b1\u03b9 \u03bd\u03b1 \u03b4\u03b9\u03b5\u03c5\u03ba\u03bf\u03bb\u03cd\u03bd\u03bf\u03c5\u03bc\u03b5 \u03c4\u03b7\u03bd \u03c0\u03c1\u03cc\u03c3\u03b2\u03b1\u03c3\u03b7 \u03c4\u03b7\u03c2 \u03b5\u03c0\u03b9\u03c3\u03c4\u03b7\u03bc\u03bf\u03bd\u03b9\u03ba\u03ae\u03c2 \u03ba\u03bf\u03b9\u03bd\u03cc\u03c4\u03b7\u03c4\u03b1\u03c2 \u03c3\u03b5 \u03bf\u03b9\u03ba\u03bf\u03bd\u03bf\u03bc\u03b9\u03ba\u03ac \u03c0\u03c1\u03bf\u03c3\u03b9\u03c4\u03ad\u03c2, \u03c5\u03c8\u03b7\u03bb\u03ae\u03c2 \u03c0\u03bf\u03b9\u03cc\u03c4\u03b7\u03c4\u03b1\u03c2 \u03b5\u03c1\u03b5\u03c5\u03bd\u03b7\u03c4\u03b9\u03ba\u03ad\u03c2 \u03c7\u03b7\u03bc\u03b9\u03ba\u03ad\u03c2 \u03bf\u03c5\u03c3\u03af\u03b5\u03c2, \u03b5\u03bd\u03ce \u03c0\u03b1\u03c1\u03ac\u03bb\u03bb\u03b7\u03bb\u03b1 \u03c0\u03c1\u03bf\u03ac\u03b3\u03bf\u03c5\u03bc\u03b5 \u03c4\u03b7 \u03b3\u03bd\u03ce\u03c3\u03b7 \u03bc\u03b5 \u03c4\u03b5\u03c7\u03bd\u03b9\u03ba\u03cc \u03c4\u03c1\u03cc\u03c0\u03bf.<\/p>\n<p>\u03a3\u03b1\u03c2 \u03b5\u03bd\u03b7\u03bc\u03b5\u03c1\u03ce\u03bd\u03bf\u03c5\u03bc\u03b5 \u03cc\u03c4\u03b9 \u03b7 NembutalHouse Company \u03b5\u03c0\u03b9\u03c4\u03c1\u03ad\u03c0\u03b5\u03b9 \u03c4\u03b7\u03bd \u03b1\u03c5\u03c3\u03c4\u03b7\u03c1\u03ae \u03c7\u03c1\u03ae\u03c3\u03b7 \u03c4\u03c9\u03bd \u03b5\u03c1\u03b5\u03c5\u03bd\u03b7\u03c4\u03b9\u03ba\u03ce\u03bd \u03c0\u03c1\u03bf\u03ca\u03cc\u03bd\u03c4\u03c9\u03bd \u03c4\u03b7\u03c2 \u03bc\u03cc\u03bd\u03bf \u03b3\u03b9\u03b1 \u03bd\u03cc\u03bc\u03b9\u03bc\u03b7 \u03b5\u03c0\u03b9\u03c3\u03c4\u03b7\u03bc\u03bf\u03bd\u03b9\u03ba\u03ae \u03ad\u03c1\u03b5\u03c5\u03bd\u03b1 \u03c0\u03bf\u03c5 \u03b4\u03b9\u03b5\u03be\u03ac\u03b3\u03b5\u03c4\u03b1\u03b9 \u03c3\u03b5 \u03b1\u03c3\u03c6\u03b1\u03bb\u03ad\u03c2, \u03b5\u03bb\u03b5\u03b3\u03c7\u03cc\u03bc\u03b5\u03bd\u03bf \u03b5\u03c1\u03b3\u03b1\u03c3\u03c4\u03b7\u03c1\u03b9\u03b1\u03ba\u03cc \u03c0\u03b5\u03c1\u03b9\u03b2\u03ac\u03bb\u03bb\u03bf\u03bd \u03c3\u03cd\u03bc\u03c6\u03c9\u03bd\u03b1 \u03bc\u03b5 \u03c4\u03bf\u03c5\u03c2 \u03c4\u03bf\u03c0\u03b9\u03ba\u03bf\u03cd\u03c2 \u03bd\u03cc\u03bc\u03bf\u03c5\u03c2 \u03ba\u03b1\u03b9 \u03ba\u03b1\u03bd\u03bf\u03bd\u03b9\u03c3\u03bc\u03bf\u03cd\u03c2. \u03a4\u03b1 \u03b5\u03af\u03b4\u03b7 \u03bc\u03b1\u03c2 \u03b1\u03c0\u03b1\u03b3\u03bf\u03c1\u03b5\u03cd\u03bf\u03bd\u03c4\u03b1\u03b9 \u03b1\u03c5\u03c3\u03c4\u03b7\u03c1\u03ac \u03b3\u03b9\u03b1 \u03b1\u03bd\u03b8\u03c1\u03ce\u03c0\u03b9\u03bd\u03b7 \u03ba\u03b1\u03c4\u03b1\u03bd\u03ac\u03bb\u03c9\u03c3\u03b7, \u03cc,\u03c4\u03b9 \u03ba\u03b1\u03b9 \u03b1\u03bd \u03c3\u03c5\u03bc\u03b2\u03b5\u03af.<\/p>\n<h3>First Research Chemical Store, Inc.<\/h3>\n<p>We have been providing research chemicals to medical facilities, toxicologists, biochemists, pharmacologists, chemistry students, pharmaceutical scientists, and educational <a href=\"https:\/\/en.wikipedia.org\/wiki\/4-Methylethcathinone\">organizations<\/a>.<\/p>\n<p>&nbsp;<\/p>","protected":false},"excerpt":{"rendered":"<p>Buy 4-MEC Online 4-methyl-N-ethyl The cathinone Several designer recreational drugs that are marketed as &#8220;legal high&#8221; substitutes for regulated stimulants like methamphetamine and 3,4-methylenedioxymethamphetamine contain 4-methylethcathinone (4-MEC), a cathinone derivative.1,&hellip;<\/p>","protected":false},"featured_media":1214,"comment_status":"open","ping_status":"closed","template":"","meta":{"_joinchat":[]},"product_cat":[186],"product_tag":[],"class_list":{"0":"post-1197","1":"product","2":"type-product","3":"status-publish","4":"has-post-thumbnail","6":"product_cat-research-chemicals","8":"first","9":"instock","10":"shipping-taxable","11":"purchasable","12":"product-type-variable"},"yoast_head":"<!-- This site is optimized with the Yoast SEO plugin v24.1 - https:\/\/yoast.com\/wordpress\/plugins\/seo\/ -->\n<title>Achetez 4-MEC en ligne - 4-MEC \u00e0 vendre<\/title>\n<meta name=\"description\" content=\"Nous sommes le magasin leader proposant 4-MEC \u00e0 la vente. Si vous souhaitez acheter 4-MEC en ligne, contactez-nous imm\u00e9diatement et faites livrer votre commande. Commandez maintenant !\" \/>\n<meta name=\"robots\" content=\"index, follow, max-snippet:-1, max-image-preview:large, max-video-preview:-1\" \/>\n<link rel=\"canonical\" href=\"https:\/\/nembutalhouse.com\/el\/\u03c0\u03c1\u03bf\u03ca\u03cc\u03bd\/buy-4-mec-online-2-2\/\" \/>\n<meta property=\"og:locale\" content=\"el_GR\" \/>\n<meta property=\"og:type\" content=\"article\" \/>\n<meta property=\"og:title\" content=\"Achetez 4-MEC en ligne - 4-MEC \u00e0 vendre\" \/>\n<meta property=\"og:description\" content=\"Nous sommes le magasin leader proposant 4-MEC \u00e0 la vente. Si vous souhaitez acheter 4-MEC en ligne, contactez-nous imm\u00e9diatement et faites livrer votre commande. Commandez maintenant !\" \/>\n<meta property=\"og:url\" content=\"https:\/\/nembutalhouse.com\/el\/\u03c0\u03c1\u03bf\u03ca\u03cc\u03bd\/buy-4-mec-online-2-2\/\" \/>\n<meta property=\"og:site_name\" content=\"Nembutal House\" \/>\n<meta property=\"article:modified_time\" content=\"2026-03-06T07:33:56+00:00\" \/>\n<meta property=\"og:image\" content=\"https:\/\/nembutalhouse.com\/wp-content\/uploads\/2024\/10\/4-MEC.gif\" \/>\n\t<meta property=\"og:image:width\" content=\"600\" \/>\n\t<meta property=\"og:image:height\" content=\"600\" \/>\n\t<meta property=\"og:image:type\" content=\"image\/gif\" \/>\n<meta name=\"twitter:card\" content=\"summary_large_image\" \/>\n<meta name=\"twitter:label1\" content=\"\u0395\u03ba\u03c4\u03b9\u03bc\u03ce\u03bc\u03b5\u03bd\u03bf\u03c2 \u03c7\u03c1\u03cc\u03bd\u03bf\u03c2 \u03b1\u03bd\u03ac\u03b3\u03bd\u03c9\u03c3\u03b7\u03c2\" \/>\n\t<meta name=\"twitter:data1\" content=\"3 \u03bb\u03b5\u03c0\u03c4\u03ac\" \/>\n<script type=\"application\/ld+json\" class=\"yoast-schema-graph\">{\"@context\":\"https:\/\/schema.org\",\"@graph\":[{\"@type\":\"WebPage\",\"@id\":\"https:\/\/nembutalhouse.com\/product\/buy-4-mec-online-2-2\/\",\"url\":\"https:\/\/nembutalhouse.com\/product\/buy-4-mec-online-2-2\/\",\"name\":\"Achetez 4-MEC en ligne - 4-MEC \u00e0 vendre\",\"isPartOf\":{\"@id\":\"https:\/\/nembutalhouse.com\/#website\"},\"primaryImageOfPage\":{\"@id\":\"https:\/\/nembutalhouse.com\/product\/buy-4-mec-online-2-2\/#primaryimage\"},\"image\":{\"@id\":\"https:\/\/nembutalhouse.com\/product\/buy-4-mec-online-2-2\/#primaryimage\"},\"thumbnailUrl\":\"https:\/\/nembutalhouse.com\/wp-content\/uploads\/2024\/10\/4-MEC.gif\",\"datePublished\":\"2024-10-16T11:48:32+00:00\",\"dateModified\":\"2026-03-06T07:33:56+00:00\",\"description\":\"Nous sommes le magasin leader proposant 4-MEC \u00e0 la vente. Si vous souhaitez acheter 4-MEC en ligne, contactez-nous imm\u00e9diatement et faites livrer votre commande. Commandez maintenant !\",\"breadcrumb\":{\"@id\":\"https:\/\/nembutalhouse.com\/product\/buy-4-mec-online-2-2\/#breadcrumb\"},\"inLanguage\":\"el\",\"potentialAction\":[{\"@type\":\"ReadAction\",\"target\":[\"https:\/\/nembutalhouse.com\/product\/buy-4-mec-online-2-2\/\"]}]},{\"@type\":\"ImageObject\",\"inLanguage\":\"el\",\"@id\":\"https:\/\/nembutalhouse.com\/product\/buy-4-mec-online-2-2\/#primaryimage\",\"url\":\"https:\/\/nembutalhouse.com\/wp-content\/uploads\/2024\/10\/4-MEC.gif\",\"contentUrl\":\"https:\/\/nembutalhouse.com\/wp-content\/uploads\/2024\/10\/4-MEC.gif\",\"width\":600,\"height\":600,\"caption\":\"Buy 4-MEC Online\"},{\"@type\":\"BreadcrumbList\",\"@id\":\"https:\/\/nembutalhouse.com\/product\/buy-4-mec-online-2-2\/#breadcrumb\",\"itemListElement\":[{\"@type\":\"ListItem\",\"position\":1,\"name\":\"Home\",\"item\":\"https:\/\/nembutalhouse.com\/\"},{\"@type\":\"ListItem\",\"position\":2,\"name\":\"Shop\",\"item\":\"https:\/\/nembutalhouse.com\/shop\/\"},{\"@type\":\"ListItem\",\"position\":3,\"name\":\"Buy 4-MEC Online\"}]},{\"@type\":\"WebSite\",\"@id\":\"https:\/\/nembutalhouse.com\/#website\",\"url\":\"https:\/\/nembutalhouse.com\/\",\"name\":\"Nembutal House\",\"description\":\"Best Nembutal Online Store\",\"publisher\":{\"@id\":\"https:\/\/nembutalhouse.com\/#organization\"},\"potentialAction\":[{\"@type\":\"SearchAction\",\"target\":{\"@type\":\"EntryPoint\",\"urlTemplate\":\"https:\/\/nembutalhouse.com\/?s={search_term_string}\"},\"query-input\":{\"@type\":\"PropertyValueSpecification\",\"valueRequired\":true,\"valueName\":\"search_term_string\"}}],\"inLanguage\":\"el\"},{\"@type\":\"Organization\",\"@id\":\"https:\/\/nembutalhouse.com\/#organization\",\"name\":\"Nembutal House\",\"url\":\"https:\/\/nembutalhouse.com\/\",\"logo\":{\"@type\":\"ImageObject\",\"inLanguage\":\"el\",\"@id\":\"https:\/\/nembutalhouse.com\/#\/schema\/logo\/image\/\",\"url\":\"https:\/\/nembutalhouse.com\/wp-content\/uploads\/2022\/12\/logo.png\",\"contentUrl\":\"https:\/\/nembutalhouse.com\/wp-content\/uploads\/2022\/12\/logo.png\",\"width\":344,\"height\":103,\"caption\":\"Nembutal House\"},\"image\":{\"@id\":\"https:\/\/nembutalhouse.com\/#\/schema\/logo\/image\/\"}}]}<\/script>\n<!-- \/ Yoast SEO plugin. -->","yoast_head_json":{"title":"Achetez 4-MEC en ligne - 4-MEC \u00e0 vendre","description":"Nous sommes le magasin leader proposant 4-MEC \u00e0 la vente. Si vous souhaitez acheter 4-MEC en ligne, contactez-nous imm\u00e9diatement et faites livrer votre commande. Commandez maintenant !","robots":{"index":"index","follow":"follow","max-snippet":"max-snippet:-1","max-image-preview":"max-image-preview:large","max-video-preview":"max-video-preview:-1"},"canonical":"https:\/\/nembutalhouse.com\/el\/\u03c0\u03c1\u03bf\u03ca\u03cc\u03bd\/buy-4-mec-online-2-2\/","og_locale":"el_GR","og_type":"article","og_title":"Achetez 4-MEC en ligne - 4-MEC \u00e0 vendre","og_description":"Nous sommes le magasin leader proposant 4-MEC \u00e0 la vente. Si vous souhaitez acheter 4-MEC en ligne, contactez-nous imm\u00e9diatement et faites livrer votre commande. Commandez maintenant !","og_url":"https:\/\/nembutalhouse.com\/el\/\u03c0\u03c1\u03bf\u03ca\u03cc\u03bd\/buy-4-mec-online-2-2\/","og_site_name":"Nembutal House","article_modified_time":"2026-03-06T07:33:56+00:00","og_image":[{"width":600,"height":600,"url":"https:\/\/nembutalhouse.com\/wp-content\/uploads\/2024\/10\/4-MEC.gif","type":"image\/gif"}],"twitter_card":"summary_large_image","twitter_misc":{"\u0395\u03ba\u03c4\u03b9\u03bc\u03ce\u03bc\u03b5\u03bd\u03bf\u03c2 \u03c7\u03c1\u03cc\u03bd\u03bf\u03c2 \u03b1\u03bd\u03ac\u03b3\u03bd\u03c9\u03c3\u03b7\u03c2":"3 \u03bb\u03b5\u03c0\u03c4\u03ac"},"schema":{"@context":"https:\/\/schema.org","@graph":[{"@type":"WebPage","@id":"https:\/\/nembutalhouse.com\/product\/buy-4-mec-online-2-2\/","url":"https:\/\/nembutalhouse.com\/product\/buy-4-mec-online-2-2\/","name":"Achetez 4-MEC en ligne - 4-MEC \u00e0 vendre","isPartOf":{"@id":"https:\/\/nembutalhouse.com\/#website"},"primaryImageOfPage":{"@id":"https:\/\/nembutalhouse.com\/product\/buy-4-mec-online-2-2\/#primaryimage"},"image":{"@id":"https:\/\/nembutalhouse.com\/product\/buy-4-mec-online-2-2\/#primaryimage"},"thumbnailUrl":"https:\/\/nembutalhouse.com\/wp-content\/uploads\/2024\/10\/4-MEC.gif","datePublished":"2024-10-16T11:48:32+00:00","dateModified":"2026-03-06T07:33:56+00:00","description":"Nous sommes le magasin leader proposant 4-MEC \u00e0 la vente. Si vous souhaitez acheter 4-MEC en ligne, contactez-nous imm\u00e9diatement et faites livrer votre commande. Commandez maintenant !","breadcrumb":{"@id":"https:\/\/nembutalhouse.com\/product\/buy-4-mec-online-2-2\/#breadcrumb"},"inLanguage":"el","potentialAction":[{"@type":"ReadAction","target":["https:\/\/nembutalhouse.com\/product\/buy-4-mec-online-2-2\/"]}]},{"@type":"ImageObject","inLanguage":"el","@id":"https:\/\/nembutalhouse.com\/product\/buy-4-mec-online-2-2\/#primaryimage","url":"https:\/\/nembutalhouse.com\/wp-content\/uploads\/2024\/10\/4-MEC.gif","contentUrl":"https:\/\/nembutalhouse.com\/wp-content\/uploads\/2024\/10\/4-MEC.gif","width":600,"height":600,"caption":"Buy 4-MEC Online"},{"@type":"BreadcrumbList","@id":"https:\/\/nembutalhouse.com\/product\/buy-4-mec-online-2-2\/#breadcrumb","itemListElement":[{"@type":"ListItem","position":1,"name":"Home","item":"https:\/\/nembutalhouse.com\/"},{"@type":"ListItem","position":2,"name":"Shop","item":"https:\/\/nembutalhouse.com\/shop\/"},{"@type":"ListItem","position":3,"name":"Buy 4-MEC Online"}]},{"@type":"WebSite","@id":"https:\/\/nembutalhouse.com\/#website","url":"https:\/\/nembutalhouse.com\/","name":"Nembutal House","description":"Best Nembutal Online Store","publisher":{"@id":"https:\/\/nembutalhouse.com\/#organization"},"potentialAction":[{"@type":"SearchAction","target":{"@type":"EntryPoint","urlTemplate":"https:\/\/nembutalhouse.com\/?s={search_term_string}"},"query-input":{"@type":"PropertyValueSpecification","valueRequired":true,"valueName":"search_term_string"}}],"inLanguage":"el"},{"@type":"Organization","@id":"https:\/\/nembutalhouse.com\/#organization","name":"Nembutal House","url":"https:\/\/nembutalhouse.com\/","logo":{"@type":"ImageObject","inLanguage":"el","@id":"https:\/\/nembutalhouse.com\/#\/schema\/logo\/image\/","url":"https:\/\/nembutalhouse.com\/wp-content\/uploads\/2022\/12\/logo.png","contentUrl":"https:\/\/nembutalhouse.com\/wp-content\/uploads\/2022\/12\/logo.png","width":344,"height":103,"caption":"Nembutal House"},"image":{"@id":"https:\/\/nembutalhouse.com\/#\/schema\/logo\/image\/"}}]}},"_links":{"self":[{"href":"https:\/\/nembutalhouse.com\/el\/wp-json\/wp\/v2\/product\/1197","targetHints":{"allow":["GET"]}}],"collection":[{"href":"https:\/\/nembutalhouse.com\/el\/wp-json\/wp\/v2\/product"}],"about":[{"href":"https:\/\/nembutalhouse.com\/el\/wp-json\/wp\/v2\/types\/product"}],"replies":[{"embeddable":true,"href":"https:\/\/nembutalhouse.com\/el\/wp-json\/wp\/v2\/comments?post=1197"}],"wp:featuredmedia":[{"embeddable":true,"href":"https:\/\/nembutalhouse.com\/el\/wp-json\/wp\/v2\/media\/1214"}],"wp:attachment":[{"href":"https:\/\/nembutalhouse.com\/el\/wp-json\/wp\/v2\/media?parent=1197"}],"wp:term":[{"taxonomy":"product_cat","embeddable":true,"href":"https:\/\/nembutalhouse.com\/el\/wp-json\/wp\/v2\/product_cat?post=1197"},{"taxonomy":"product_tag","embeddable":true,"href":"https:\/\/nembutalhouse.com\/el\/wp-json\/wp\/v2\/product_tag?post=1197"}],"curies":[{"name":"wp","href":"https:\/\/api.w.org\/{rel}","templated":true}]}}