{"id":577,"date":"2024-10-16T05:27:46","date_gmt":"2024-10-16T05:27:46","guid":{"rendered":"https:\/\/nembutalhouse.com\/?post_type=product&#038;p=577"},"modified":"2026-03-06T07:35:56","modified_gmt":"2026-03-06T07:35:56","slug":"buy-5f-adb-online","status":"publish","type":"product","link":"https:\/\/nembutalhouse.com\/de\/produkt\/buy-5f-adb-online\/","title":{"rendered":"Buy 5F-ADB Online"},"content":{"rendered":"<h2>Buy 5F-ADB Online<\/h2>\n<p><a href=\"https:\/\/nembutalhouse.com\/de\/produkt\/buy-5f-adb-online\/\">5F-ADB<\/a> zum Kauf angeboten. Es handelt sich um einen synthetischen Cannabinoid-Rezeptor-Agonisten (SCRA) mit Aminoalkylindazol-Struktur, der ein aktiver Bestandteil von Waren ist, die als Cannabis-Alternativen vermarktet werden. Es gibt keine anerkannte medizinische oder therapeutische Verwendung f\u00fcr 5F-ADB. An mehreren Orten wird es missbraucht und f\u00fcr nichtmedizinische Zwecke verwendet. Dar\u00fcber hinaus haben einige L\u00e4nder 5F-ADB verstaatlicht. 5F-ADB imitiert die Wirkung von \u03949-Tetrahydrocannabinol (THC), wenn es geraucht wird. Im Vergleich zu THC sind jedoch geringere Dosen erforderlich, um diese Wirkungen zu erzielen. Zahlreiche mit dem Cannabiskonsum verbundene Gefahren gelten auch f\u00fcr 5F-ADB, einschlie\u00dflich des Potenzials f\u00fcr akute Psychosen und Probleme bei Menschen mit Herz-Kreislauf-Erkrankungen. 5F-ADB ist k\u00e4uflich zu erwerben<br \/>\nEin \u00dcberblick \u00fcber die Vergangenheit von 5F-adb<\/p>\n<p>5F-ADB, oft auch als 5F-MDMB-PINACA bezeichnet, ist ein synthetisches Cannabinoid, das von Indazol abgeleitet ist und zur Familie der Indazol-3-Carboxamide geh\u00f6rt. Es wurde als Designerdroge im Internet vermarktet und als aktive Komponente in synthetischen Cannabisprodukten verwendet. 5F-ADB wurde erstmals im November 2014 in postmortalen Proben einer verstorbenen Person entdeckt, die ein Produkt mit diesem Stoff konsumiert hatte. Nach weiteren Tests wurde festgestellt, dass 5F-ADB bei zehn Personen gefunden wurde, die zwischen September 2014 und Dezember 2014 in Japan an einer noch unbekannten \u00dcberdosis Drogen verstorben waren. Aufgrund der unglaublich geringen Mengen, die in den Gewebeproben gefunden wurden, geht man davon aus, dass 5F-ADB unglaublich stark ist. Es scheint auch weitaus gef\u00e4hrlicher zu sein als fr\u00fchere synthetische Cannabinoid-Medikamente, die zuvor auf dem Markt waren. 5F-ADB ist k\u00e4uflich zu erwerben. Wirkstoffprofil von <a href=\"https:\/\/nembutalhouse.com\/de\/\">NembutalHaus<\/a>.<\/p>\n<h3>Die WHO untersucht die Vergangenheit der 5f-adb<\/h3>\n<p>Es gab noch nie eine vorherige oder kritische Bewertung von <a href=\"https:\/\/en.wikipedia.org\/wiki\/5F-ADB\">5F-ADB<\/a>. Auf der Grundlage der der WHO zur Kenntnis gebrachten Informationen wird eine direkte kritische \u00dcberpr\u00fcfung vorgeschlagen. Der Grund daf\u00fcr ist, dass 5F-ADB im Verborgenen hergestellt wird, ein besonders gro\u00dfes Risiko f\u00fcr die Gesellschaft und die \u00f6ffentliche Gesundheit darstellt und nach Ansicht aller Beteiligten keinen anerkannten therapeutischen Zweck hat. Vorl\u00e4ufige Daten aus verschiedenen L\u00e4ndern und aus der Literatur deuten darauf hin, dass diese Droge keinen bekannten medizinischen Wert hat und ernsthafte Sch\u00e4den verursachen kann. 5F-ADB zum Kauf verf\u00fcgbar<\/p>\n<p>&nbsp;<\/p>\n<p>&nbsp;<\/p>","protected":false},"excerpt":{"rendered":"<p>Buy 5F-ADB Online 5F-ADB available for purchase. It is an amino alkylindazole-structured synthetic cannabinoid receptor agonist (SCRA) that is an active component of goods marketed as cannabis alternatives. There is&hellip;<\/p>","protected":false},"featured_media":590,"comment_status":"closed","ping_status":"closed","template":"","meta":{"_joinchat":[]},"product_cat":[186],"product_tag":[708,715,718,704,724,726,703,714,725,723,722,711,701,713,702,720,717,710,706,707,721,719,716,709,712,705],"class_list":{"0":"post-577","1":"product","2":"type-product","3":"status-publish","4":"has-post-thumbnail","6":"product_cat-research-chemicals","7":"product_tag-5f-adb-powder","8":"product_tag-5f-adb-price","9":"product_tag-5f-adb-store","10":"product_tag-5f-adb-supplier","11":"product_tag-5f-adb-use","12":"product_tag-5f-adbfor-cleaning","13":"product_tag-5f-adbfor-sale","14":"product_tag-5f-adbpowder-online","15":"product_tag-5f-adbwiki","16":"product_tag-5f-adbworldwide","17":"product_tag-best-cheap-price-5f-adb","18":"product_tag-best-place-to-buy-5f-adb","19":"product_tag-buy-5f-adb","20":"product_tag-buy-5f-adb-legally","21":"product_tag-buy-5f-adbonline","22":"product_tag-cheap-5f-adbs","23":"product_tag-high-quality-5f-adb","24":"product_tag-how-to-buy-5f-adb","25":"product_tag-order-5f-adb","26":"product_tag-order-5f-adb-online","27":"product_tag-purcharse-5f-adb-powder","28":"product_tag-shop-5f-adb","29":"product_tag-top-quality-5f-adb","30":"product_tag-where-to-buy-5f-adb","31":"product_tag-where-to-order-5f-adb","32":"product_tag-wholesale-5f-adb-bulk-online","34":"first","35":"instock","36":"shipping-taxable","37":"purchasable","38":"product-type-variable"},"yoast_head":"<!-- This site is optimized with the Yoast SEO plugin v24.1 - https:\/\/yoast.com\/wordpress\/plugins\/seo\/ -->\n<title>Buy 5F-ADB Online - 5F-ADB for Sale | NembutalHouse<\/title>\n<meta name=\"description\" content=\"Discover top-notch 5f-adb for sale at our online store - buy 5f-adb conveniently and securely to fuel your research. Explore and order 5f-adb online, advancing your scientific endeavors with ease. Order Now!\" \/>\n<meta name=\"robots\" content=\"index, follow, max-snippet:-1, max-image-preview:large, max-video-preview:-1\" \/>\n<link rel=\"canonical\" href=\"https:\/\/nembutalhouse.com\/de\/produkt\/buy-5f-adb-online\/\" \/>\n<meta property=\"og:locale\" content=\"de_DE\" \/>\n<meta property=\"og:type\" content=\"article\" \/>\n<meta property=\"og:title\" content=\"Buy 5F-ADB Online - 5F-ADB for Sale | NembutalHouse\" \/>\n<meta property=\"og:description\" content=\"Discover top-notch 5f-adb for sale at our online store - buy 5f-adb conveniently and securely to fuel your research. Explore and order 5f-adb online, advancing your scientific endeavors with ease. Order Now!\" \/>\n<meta property=\"og:url\" content=\"https:\/\/nembutalhouse.com\/de\/produkt\/buy-5f-adb-online\/\" \/>\n<meta property=\"og:site_name\" content=\"Nembutal House\" \/>\n<meta property=\"article:modified_time\" content=\"2026-03-06T07:35:56+00:00\" \/>\n<meta property=\"og:image\" content=\"https:\/\/nembutalhouse.com\/wp-content\/uploads\/2024\/10\/5F-ADB.gif\" \/>\n\t<meta property=\"og:image:width\" content=\"600\" \/>\n\t<meta property=\"og:image:height\" content=\"600\" \/>\n\t<meta property=\"og:image:type\" content=\"image\/gif\" \/>\n<meta name=\"twitter:card\" content=\"summary_large_image\" \/>\n<meta name=\"twitter:label1\" content=\"Gesch\u00e4tzte Lesezeit\" \/>\n\t<meta name=\"twitter:data1\" content=\"2\u00a0Minuten\" \/>\n<script type=\"application\/ld+json\" class=\"yoast-schema-graph\">{\"@context\":\"https:\/\/schema.org\",\"@graph\":[{\"@type\":\"WebPage\",\"@id\":\"https:\/\/nembutalhouse.com\/product\/buy-5f-adb-online\/\",\"url\":\"https:\/\/nembutalhouse.com\/product\/buy-5f-adb-online\/\",\"name\":\"Buy 5F-ADB Online - 5F-ADB for Sale | NembutalHouse\",\"isPartOf\":{\"@id\":\"https:\/\/nembutalhouse.com\/#website\"},\"primaryImageOfPage\":{\"@id\":\"https:\/\/nembutalhouse.com\/product\/buy-5f-adb-online\/#primaryimage\"},\"image\":{\"@id\":\"https:\/\/nembutalhouse.com\/product\/buy-5f-adb-online\/#primaryimage\"},\"thumbnailUrl\":\"https:\/\/nembutalhouse.com\/wp-content\/uploads\/2024\/10\/5F-ADB.gif\",\"datePublished\":\"2024-10-16T05:27:46+00:00\",\"dateModified\":\"2026-03-06T07:35:56+00:00\",\"description\":\"Discover top-notch 5f-adb for sale at our online store - buy 5f-adb conveniently and securely to fuel your research. Explore and order 5f-adb online, advancing your scientific endeavors with ease. Order Now!\",\"breadcrumb\":{\"@id\":\"https:\/\/nembutalhouse.com\/product\/buy-5f-adb-online\/#breadcrumb\"},\"inLanguage\":\"de\",\"potentialAction\":[{\"@type\":\"ReadAction\",\"target\":[\"https:\/\/nembutalhouse.com\/product\/buy-5f-adb-online\/\"]}]},{\"@type\":\"ImageObject\",\"inLanguage\":\"de\",\"@id\":\"https:\/\/nembutalhouse.com\/product\/buy-5f-adb-online\/#primaryimage\",\"url\":\"https:\/\/nembutalhouse.com\/wp-content\/uploads\/2024\/10\/5F-ADB.gif\",\"contentUrl\":\"https:\/\/nembutalhouse.com\/wp-content\/uploads\/2024\/10\/5F-ADB.gif\",\"width\":600,\"height\":600,\"caption\":\"Buy 5F-ADB Online\"},{\"@type\":\"BreadcrumbList\",\"@id\":\"https:\/\/nembutalhouse.com\/product\/buy-5f-adb-online\/#breadcrumb\",\"itemListElement\":[{\"@type\":\"ListItem\",\"position\":1,\"name\":\"Home\",\"item\":\"https:\/\/nembutalhouse.com\/\"},{\"@type\":\"ListItem\",\"position\":2,\"name\":\"Shop\",\"item\":\"https:\/\/nembutalhouse.com\/shop\/\"},{\"@type\":\"ListItem\",\"position\":3,\"name\":\"Buy 5F-ADB Online\"}]},{\"@type\":\"WebSite\",\"@id\":\"https:\/\/nembutalhouse.com\/#website\",\"url\":\"https:\/\/nembutalhouse.com\/\",\"name\":\"Nembutal House\",\"description\":\"Best Nembutal Online Store\",\"publisher\":{\"@id\":\"https:\/\/nembutalhouse.com\/#organization\"},\"potentialAction\":[{\"@type\":\"SearchAction\",\"target\":{\"@type\":\"EntryPoint\",\"urlTemplate\":\"https:\/\/nembutalhouse.com\/?s={search_term_string}\"},\"query-input\":{\"@type\":\"PropertyValueSpecification\",\"valueRequired\":true,\"valueName\":\"search_term_string\"}}],\"inLanguage\":\"de\"},{\"@type\":\"Organization\",\"@id\":\"https:\/\/nembutalhouse.com\/#organization\",\"name\":\"Nembutal House\",\"url\":\"https:\/\/nembutalhouse.com\/\",\"logo\":{\"@type\":\"ImageObject\",\"inLanguage\":\"de\",\"@id\":\"https:\/\/nembutalhouse.com\/#\/schema\/logo\/image\/\",\"url\":\"https:\/\/nembutalhouse.com\/wp-content\/uploads\/2022\/12\/logo.png\",\"contentUrl\":\"https:\/\/nembutalhouse.com\/wp-content\/uploads\/2022\/12\/logo.png\",\"width\":344,\"height\":103,\"caption\":\"Nembutal House\"},\"image\":{\"@id\":\"https:\/\/nembutalhouse.com\/#\/schema\/logo\/image\/\"}}]}<\/script>\n<!-- \/ Yoast SEO plugin. -->","yoast_head_json":{"title":"Buy 5F-ADB Online - 5F-ADB for Sale | NembutalHouse","description":"Discover top-notch 5f-adb for sale at our online store - buy 5f-adb conveniently and securely to fuel your research. Explore and order 5f-adb online, advancing your scientific endeavors with ease. Order Now!","robots":{"index":"index","follow":"follow","max-snippet":"max-snippet:-1","max-image-preview":"max-image-preview:large","max-video-preview":"max-video-preview:-1"},"canonical":"https:\/\/nembutalhouse.com\/de\/produkt\/buy-5f-adb-online\/","og_locale":"de_DE","og_type":"article","og_title":"Buy 5F-ADB Online - 5F-ADB for Sale | NembutalHouse","og_description":"Discover top-notch 5f-adb for sale at our online store - buy 5f-adb conveniently and securely to fuel your research. Explore and order 5f-adb online, advancing your scientific endeavors with ease. Order Now!","og_url":"https:\/\/nembutalhouse.com\/de\/produkt\/buy-5f-adb-online\/","og_site_name":"Nembutal House","article_modified_time":"2026-03-06T07:35:56+00:00","og_image":[{"width":600,"height":600,"url":"https:\/\/nembutalhouse.com\/wp-content\/uploads\/2024\/10\/5F-ADB.gif","type":"image\/gif"}],"twitter_card":"summary_large_image","twitter_misc":{"Gesch\u00e4tzte Lesezeit":"2\u00a0Minuten"},"schema":{"@context":"https:\/\/schema.org","@graph":[{"@type":"WebPage","@id":"https:\/\/nembutalhouse.com\/product\/buy-5f-adb-online\/","url":"https:\/\/nembutalhouse.com\/product\/buy-5f-adb-online\/","name":"Buy 5F-ADB Online - 5F-ADB for Sale | NembutalHouse","isPartOf":{"@id":"https:\/\/nembutalhouse.com\/#website"},"primaryImageOfPage":{"@id":"https:\/\/nembutalhouse.com\/product\/buy-5f-adb-online\/#primaryimage"},"image":{"@id":"https:\/\/nembutalhouse.com\/product\/buy-5f-adb-online\/#primaryimage"},"thumbnailUrl":"https:\/\/nembutalhouse.com\/wp-content\/uploads\/2024\/10\/5F-ADB.gif","datePublished":"2024-10-16T05:27:46+00:00","dateModified":"2026-03-06T07:35:56+00:00","description":"Discover top-notch 5f-adb for sale at our online store - buy 5f-adb conveniently and securely to fuel your research. Explore and order 5f-adb online, advancing your scientific endeavors with ease. Order Now!","breadcrumb":{"@id":"https:\/\/nembutalhouse.com\/product\/buy-5f-adb-online\/#breadcrumb"},"inLanguage":"de","potentialAction":[{"@type":"ReadAction","target":["https:\/\/nembutalhouse.com\/product\/buy-5f-adb-online\/"]}]},{"@type":"ImageObject","inLanguage":"de","@id":"https:\/\/nembutalhouse.com\/product\/buy-5f-adb-online\/#primaryimage","url":"https:\/\/nembutalhouse.com\/wp-content\/uploads\/2024\/10\/5F-ADB.gif","contentUrl":"https:\/\/nembutalhouse.com\/wp-content\/uploads\/2024\/10\/5F-ADB.gif","width":600,"height":600,"caption":"Buy 5F-ADB Online"},{"@type":"BreadcrumbList","@id":"https:\/\/nembutalhouse.com\/product\/buy-5f-adb-online\/#breadcrumb","itemListElement":[{"@type":"ListItem","position":1,"name":"Home","item":"https:\/\/nembutalhouse.com\/"},{"@type":"ListItem","position":2,"name":"Shop","item":"https:\/\/nembutalhouse.com\/shop\/"},{"@type":"ListItem","position":3,"name":"Buy 5F-ADB Online"}]},{"@type":"WebSite","@id":"https:\/\/nembutalhouse.com\/#website","url":"https:\/\/nembutalhouse.com\/","name":"Nembutal House","description":"Best Nembutal Online Store","publisher":{"@id":"https:\/\/nembutalhouse.com\/#organization"},"potentialAction":[{"@type":"SearchAction","target":{"@type":"EntryPoint","urlTemplate":"https:\/\/nembutalhouse.com\/?s={search_term_string}"},"query-input":{"@type":"PropertyValueSpecification","valueRequired":true,"valueName":"search_term_string"}}],"inLanguage":"de"},{"@type":"Organization","@id":"https:\/\/nembutalhouse.com\/#organization","name":"Nembutal House","url":"https:\/\/nembutalhouse.com\/","logo":{"@type":"ImageObject","inLanguage":"de","@id":"https:\/\/nembutalhouse.com\/#\/schema\/logo\/image\/","url":"https:\/\/nembutalhouse.com\/wp-content\/uploads\/2022\/12\/logo.png","contentUrl":"https:\/\/nembutalhouse.com\/wp-content\/uploads\/2022\/12\/logo.png","width":344,"height":103,"caption":"Nembutal House"},"image":{"@id":"https:\/\/nembutalhouse.com\/#\/schema\/logo\/image\/"}}]}},"_links":{"self":[{"href":"https:\/\/nembutalhouse.com\/de\/wp-json\/wp\/v2\/product\/577","targetHints":{"allow":["GET"]}}],"collection":[{"href":"https:\/\/nembutalhouse.com\/de\/wp-json\/wp\/v2\/product"}],"about":[{"href":"https:\/\/nembutalhouse.com\/de\/wp-json\/wp\/v2\/types\/product"}],"replies":[{"embeddable":true,"href":"https:\/\/nembutalhouse.com\/de\/wp-json\/wp\/v2\/comments?post=577"}],"wp:featuredmedia":[{"embeddable":true,"href":"https:\/\/nembutalhouse.com\/de\/wp-json\/wp\/v2\/media\/590"}],"wp:attachment":[{"href":"https:\/\/nembutalhouse.com\/de\/wp-json\/wp\/v2\/media?parent=577"}],"wp:term":[{"taxonomy":"product_cat","embeddable":true,"href":"https:\/\/nembutalhouse.com\/de\/wp-json\/wp\/v2\/product_cat?post=577"},{"taxonomy":"product_tag","embeddable":true,"href":"https:\/\/nembutalhouse.com\/de\/wp-json\/wp\/v2\/product_tag?post=577"}],"curies":[{"name":"wp","href":"https:\/\/api.w.org\/{rel}","templated":true}]}}