{"id":530,"date":"2024-10-16T05:04:43","date_gmt":"2024-10-16T05:04:43","guid":{"rendered":"https:\/\/nembutalhouse.com\/?post_type=product&#038;p=530"},"modified":"2026-03-06T07:03:14","modified_gmt":"2026-03-06T07:03:14","slug":"buy-3cl-online","status":"publish","type":"product","link":"https:\/\/nembutalhouse.com\/de\/produkt\/3cl-online-kaufen\/","title":{"rendered":"Buy 3cl Online"},"content":{"rendered":"<h2>3-Aminoindan (3-CI) online kaufen<\/h2>\n<p><a href=\"https:\/\/nembutalhouse.com\/de\/produkt\/3cl-online-kaufen\/\">3-KI<\/a> Da die Chemikalie nicht erforscht wurde, konzentrierte sich jede Diskussion \u00fcber ihre Pharmakologie nur darauf, wie \u00e4hnlich ihre Struktur und subjektive Wirkung denen anderer Stimulanzien wie Amphetamin, Methamphetamin und 2-FMA sind.<\/p>\n<p>3-CI wirkt h\u00f6chstwahrscheinlich als Freisetzer von Noradrenalin und Dopamin.<\/p>\n<p>Da 3-CI an die Transporterproteine, die normalerweise Noradrenalin und Dopamin aus dem synaptischen Spalt entfernen, bindet und diese teilweise blockiert, erh\u00f6ht es effektiv den Spiegel dieser Neurotransmitter im Gehirn.<\/p>\n<p>Dies f\u00fchrt dazu, dass sich Noradrenalin und Dopamin im Gehirn ansammeln und eine euphorisierende und stimulierende Wirkung entfalten.<\/p>\n<h3>3-CI Physische Folgen<\/h3>\n<p><a href=\"https:\/\/en.wikipedia.org\/wiki\/Chloromethane\">3-KI<\/a> Stimulierung: Aufgrund seiner Auswirkungen auf das physische Energieniveau des Konsumenten wird 3-CI in der Regel als anregend und belebend angesehen, und zwar in einer Weise, die st\u00e4rker ist als Modafinil oder Koffein und mit Amphetamin vergleichbar ist.<\/p>\n<p>Sie unterscheidet sich in gewisser Weise von der durch MDMA hervorgerufenen Stimulation, aber auch insofern, als sie k\u00f6rperliche Aktivit\u00e4ten wie Tanzen, Mischen, Laufen oder Putzen f\u00f6rdert. <a href=\"https:\/\/nembutalhouse.com\/de\/\">NembutalHaus<\/a><\/p>\n<p>Es ist m\u00f6glich, die spezifische Form der Stimulation, die 3-CI bietet, als erzwungen zu charakterisieren.<\/p>\n<p>Dies bedeutet, dass bei h\u00f6heren Dosierungen Kieferpressen, unwillk\u00fcrliches K\u00f6rperzittern und Vibrationen auftreten, die es schwierig oder unm\u00f6glich machen, ruhig zu bleiben. Die Folge sind \u00fcberm\u00e4\u00dfiges K\u00f6rperzittern, zittrige H\u00e4nde und ein allgemeiner Mangel an motorischer Kontrolle.<\/p>\n<p>3-CI Schmerzlinderung: Nach zahlreichen anekdotischen Berichten kann diese Substanz Schmerzen in einer Weise lindern, die mit Opioiden vergleichbar ist, jedoch ohne den ausgepr\u00e4gten k\u00f6rperlichen Rausch.<\/p>\n<p>erh\u00f6hte Herzfrequenz<\/p>\n<p>erh\u00f6hte Herzfrequenz<\/p>\n<p>Mangel an Wasser<\/p>\n<p>Unterdr\u00fcckung des Appetits<\/p>\n<p>Erbrechen<\/p>\n<p>erektile Dysfunktion vor\u00fcbergehend<\/p>\n<p>vermehrtes Schwitzen<\/p>\n<p>Z\u00e4hneknirschen: Im Gegensatz zu MDMA gilt dieser Inhaltsstoff als weniger stark.<\/p>\n<p>Eine gr\u00f6\u00dfere Wertsch\u00e4tzung f\u00fcr Musik<\/p>\n<p>Auswirkungen auf die Kognition<\/p>\n<p>Die kognitiven Wirkungen von 3-CI bestehen aus mehreren Komponenten, und die Intensit\u00e4t jeder Komponente nimmt mit der Dosis zu.<\/p>\n<p>Viele Menschen beschreiben den mentalen Gesamtzustand von 3-CI als einen Zustand der Erheiterung, der erh\u00f6hten Konzentration und der zerebralen Stimulation.<\/p>\n<p>Es hat viele der \u00fcblichen kognitiven Wirkungen von Stimulanzien. Obwohl die unerw\u00fcnschten Wirkungen bei niedrigen bis m\u00e4\u00dfigen Dosen oft minimal sind, treten sie eher bei h\u00f6heren Dosierungen oder bei l\u00e4ngerem Gebrauch auf.<\/p>\n<p>Dies gilt insbesondere dann, wenn die Erfahrung ausgeglichen wird.<\/p>\n<p>&nbsp;<\/p>\n<p>&nbsp;<\/p>","protected":false},"excerpt":{"rendered":"<p>Buy 3-Aminoindane (3-CI) Online 3-CI Since there hasn&#8217;t been any research done on the chemical, any discussion of its pharmacology has only focused on how similar its structure and subjective&hellip;<\/p>","protected":false},"featured_media":576,"comment_status":"closed","ping_status":"closed","template":"","meta":{"_joinchat":[]},"product_cat":[186],"product_tag":[696,699,697,695,693,694,673,678,684,685,688,674,692,681,671,698,683,672,690,687,680,676,700,677,691,689,686,679,682,675],"class_list":{"0":"post-530","1":"product","2":"type-product","3":"status-publish","4":"has-post-thumbnail","6":"product_cat-research-chemicals","7":"product_tag-3cl-brown-powder-for-cleaning","8":"product_tag-3cl-brown-powder-for-sale","9":"product_tag-3cl-brown-powder-powder","10":"product_tag-3cl-brown-powder-wiki","11":"product_tag-3cl-brown-powder-worldwide","12":"product_tag-3cl-brown-powders-use","13":"product_tag-3cl-for-sale","14":"product_tag-3cl-powder","15":"product_tag-3cl-powder-online","16":"product_tag-3cl-price","17":"product_tag-3cl-store","18":"product_tag-3cl-supplier","19":"product_tag-best-cheap-price-3cl-brown-powder","20":"product_tag-best-place-to-buy-3cl","21":"product_tag-buy-3cl","22":"product_tag-buy-3cl-brown-powder-online","23":"product_tag-buy-3cl-legally","24":"product_tag-buy-3cl-online","25":"product_tag-cheap-3cls","26":"product_tag-high-quality-3cl","27":"product_tag-how-to-buy-3cl","28":"product_tag-order-3cl","29":"product_tag-order-3cl-brown-powder","30":"product_tag-order-3cl-online","31":"product_tag-purcharse-3cl-brown-powder","32":"product_tag-shop-3cl","33":"product_tag-top-quality-3cl","34":"product_tag-where-to-buy-3cl","35":"product_tag-where-to-order-3cl","36":"product_tag-wholesale-3cl-bulk-online","38":"first","39":"instock","40":"shipping-taxable","41":"purchasable","42":"product-type-variable"},"yoast_head":"<!-- This site is optimized with the Yoast SEO plugin v24.1 - https:\/\/yoast.com\/wordpress\/plugins\/seo\/ -->\n<title>3 CL Sale - Buy 3 CL Online - Order 3 CL Online | NembutalHouse<\/title>\n<meta name=\"description\" content=\"Looking for a reliable source to buy 3cl online? Your search ends here. Order 3cl online from our trusted store and enjoy a seamless buying process tailored for your research needs.\" \/>\n<meta name=\"robots\" content=\"index, follow, max-snippet:-1, max-image-preview:large, max-video-preview:-1\" \/>\n<link rel=\"canonical\" href=\"https:\/\/nembutalhouse.com\/de\/produkt\/3cl-online-kaufen\/\" \/>\n<meta property=\"og:locale\" content=\"de_DE\" \/>\n<meta property=\"og:type\" content=\"article\" \/>\n<meta property=\"og:title\" content=\"3 CL Sale - Buy 3 CL Online - Order 3 CL Online | NembutalHouse\" \/>\n<meta property=\"og:description\" content=\"Looking for a reliable source to buy 3cl online? Your search ends here. Order 3cl online from our trusted store and enjoy a seamless buying process tailored for your research needs.\" \/>\n<meta property=\"og:url\" content=\"https:\/\/nembutalhouse.com\/de\/produkt\/3cl-online-kaufen\/\" \/>\n<meta property=\"og:site_name\" content=\"Nembutal House\" \/>\n<meta property=\"article:modified_time\" content=\"2026-03-06T07:03:14+00:00\" \/>\n<meta property=\"og:image\" content=\"https:\/\/nembutalhouse.com\/wp-content\/uploads\/2024\/10\/3cl.gif\" \/>\n\t<meta property=\"og:image:width\" content=\"600\" \/>\n\t<meta property=\"og:image:height\" content=\"600\" \/>\n\t<meta property=\"og:image:type\" content=\"image\/gif\" \/>\n<meta name=\"twitter:card\" content=\"summary_large_image\" \/>\n<meta name=\"twitter:label1\" content=\"Gesch\u00e4tzte Lesezeit\" \/>\n\t<meta name=\"twitter:data1\" content=\"2\u00a0Minuten\" \/>\n<script type=\"application\/ld+json\" class=\"yoast-schema-graph\">{\"@context\":\"https:\/\/schema.org\",\"@graph\":[{\"@type\":\"WebPage\",\"@id\":\"https:\/\/nembutalhouse.com\/product\/buy-3cl-online\/\",\"url\":\"https:\/\/nembutalhouse.com\/product\/buy-3cl-online\/\",\"name\":\"3 CL Sale - Buy 3 CL Online - Order 3 CL Online | NembutalHouse\",\"isPartOf\":{\"@id\":\"https:\/\/nembutalhouse.com\/#website\"},\"primaryImageOfPage\":{\"@id\":\"https:\/\/nembutalhouse.com\/product\/buy-3cl-online\/#primaryimage\"},\"image\":{\"@id\":\"https:\/\/nembutalhouse.com\/product\/buy-3cl-online\/#primaryimage\"},\"thumbnailUrl\":\"https:\/\/nembutalhouse.com\/wp-content\/uploads\/2024\/10\/3cl.gif\",\"datePublished\":\"2024-10-16T05:04:43+00:00\",\"dateModified\":\"2026-03-06T07:03:14+00:00\",\"description\":\"Looking for a reliable source to buy 3cl online? Your search ends here. Order 3cl online from our trusted store and enjoy a seamless buying process tailored for your research needs.\",\"breadcrumb\":{\"@id\":\"https:\/\/nembutalhouse.com\/product\/buy-3cl-online\/#breadcrumb\"},\"inLanguage\":\"de\",\"potentialAction\":[{\"@type\":\"ReadAction\",\"target\":[\"https:\/\/nembutalhouse.com\/product\/buy-3cl-online\/\"]}]},{\"@type\":\"ImageObject\",\"inLanguage\":\"de\",\"@id\":\"https:\/\/nembutalhouse.com\/product\/buy-3cl-online\/#primaryimage\",\"url\":\"https:\/\/nembutalhouse.com\/wp-content\/uploads\/2024\/10\/3cl.gif\",\"contentUrl\":\"https:\/\/nembutalhouse.com\/wp-content\/uploads\/2024\/10\/3cl.gif\",\"width\":600,\"height\":600,\"caption\":\"Buy 3cl Online\"},{\"@type\":\"BreadcrumbList\",\"@id\":\"https:\/\/nembutalhouse.com\/product\/buy-3cl-online\/#breadcrumb\",\"itemListElement\":[{\"@type\":\"ListItem\",\"position\":1,\"name\":\"Home\",\"item\":\"https:\/\/nembutalhouse.com\/\"},{\"@type\":\"ListItem\",\"position\":2,\"name\":\"Shop\",\"item\":\"https:\/\/nembutalhouse.com\/shop\/\"},{\"@type\":\"ListItem\",\"position\":3,\"name\":\"Buy 3cl Online\"}]},{\"@type\":\"WebSite\",\"@id\":\"https:\/\/nembutalhouse.com\/#website\",\"url\":\"https:\/\/nembutalhouse.com\/\",\"name\":\"Nembutal House\",\"description\":\"Best Nembutal Online Store\",\"publisher\":{\"@id\":\"https:\/\/nembutalhouse.com\/#organization\"},\"potentialAction\":[{\"@type\":\"SearchAction\",\"target\":{\"@type\":\"EntryPoint\",\"urlTemplate\":\"https:\/\/nembutalhouse.com\/?s={search_term_string}\"},\"query-input\":{\"@type\":\"PropertyValueSpecification\",\"valueRequired\":true,\"valueName\":\"search_term_string\"}}],\"inLanguage\":\"de\"},{\"@type\":\"Organization\",\"@id\":\"https:\/\/nembutalhouse.com\/#organization\",\"name\":\"Nembutal House\",\"url\":\"https:\/\/nembutalhouse.com\/\",\"logo\":{\"@type\":\"ImageObject\",\"inLanguage\":\"de\",\"@id\":\"https:\/\/nembutalhouse.com\/#\/schema\/logo\/image\/\",\"url\":\"https:\/\/nembutalhouse.com\/wp-content\/uploads\/2022\/12\/logo.png\",\"contentUrl\":\"https:\/\/nembutalhouse.com\/wp-content\/uploads\/2022\/12\/logo.png\",\"width\":344,\"height\":103,\"caption\":\"Nembutal House\"},\"image\":{\"@id\":\"https:\/\/nembutalhouse.com\/#\/schema\/logo\/image\/\"}}]}<\/script>\n<!-- \/ Yoast SEO plugin. -->","yoast_head_json":{"title":"3 CL Sale - Buy 3 CL Online - Order 3 CL Online | NembutalHouse","description":"Looking for a reliable source to buy 3cl online? Your search ends here. Order 3cl online from our trusted store and enjoy a seamless buying process tailored for your research needs.","robots":{"index":"index","follow":"follow","max-snippet":"max-snippet:-1","max-image-preview":"max-image-preview:large","max-video-preview":"max-video-preview:-1"},"canonical":"https:\/\/nembutalhouse.com\/de\/produkt\/3cl-online-kaufen\/","og_locale":"de_DE","og_type":"article","og_title":"3 CL Sale - Buy 3 CL Online - Order 3 CL Online | NembutalHouse","og_description":"Looking for a reliable source to buy 3cl online? Your search ends here. Order 3cl online from our trusted store and enjoy a seamless buying process tailored for your research needs.","og_url":"https:\/\/nembutalhouse.com\/de\/produkt\/3cl-online-kaufen\/","og_site_name":"Nembutal House","article_modified_time":"2026-03-06T07:03:14+00:00","og_image":[{"width":600,"height":600,"url":"https:\/\/nembutalhouse.com\/wp-content\/uploads\/2024\/10\/3cl.gif","type":"image\/gif"}],"twitter_card":"summary_large_image","twitter_misc":{"Gesch\u00e4tzte Lesezeit":"2\u00a0Minuten"},"schema":{"@context":"https:\/\/schema.org","@graph":[{"@type":"WebPage","@id":"https:\/\/nembutalhouse.com\/product\/buy-3cl-online\/","url":"https:\/\/nembutalhouse.com\/product\/buy-3cl-online\/","name":"3 CL Sale - Buy 3 CL Online - Order 3 CL Online | NembutalHouse","isPartOf":{"@id":"https:\/\/nembutalhouse.com\/#website"},"primaryImageOfPage":{"@id":"https:\/\/nembutalhouse.com\/product\/buy-3cl-online\/#primaryimage"},"image":{"@id":"https:\/\/nembutalhouse.com\/product\/buy-3cl-online\/#primaryimage"},"thumbnailUrl":"https:\/\/nembutalhouse.com\/wp-content\/uploads\/2024\/10\/3cl.gif","datePublished":"2024-10-16T05:04:43+00:00","dateModified":"2026-03-06T07:03:14+00:00","description":"Looking for a reliable source to buy 3cl online? Your search ends here. Order 3cl online from our trusted store and enjoy a seamless buying process tailored for your research needs.","breadcrumb":{"@id":"https:\/\/nembutalhouse.com\/product\/buy-3cl-online\/#breadcrumb"},"inLanguage":"de","potentialAction":[{"@type":"ReadAction","target":["https:\/\/nembutalhouse.com\/product\/buy-3cl-online\/"]}]},{"@type":"ImageObject","inLanguage":"de","@id":"https:\/\/nembutalhouse.com\/product\/buy-3cl-online\/#primaryimage","url":"https:\/\/nembutalhouse.com\/wp-content\/uploads\/2024\/10\/3cl.gif","contentUrl":"https:\/\/nembutalhouse.com\/wp-content\/uploads\/2024\/10\/3cl.gif","width":600,"height":600,"caption":"Buy 3cl Online"},{"@type":"BreadcrumbList","@id":"https:\/\/nembutalhouse.com\/product\/buy-3cl-online\/#breadcrumb","itemListElement":[{"@type":"ListItem","position":1,"name":"Home","item":"https:\/\/nembutalhouse.com\/"},{"@type":"ListItem","position":2,"name":"Shop","item":"https:\/\/nembutalhouse.com\/shop\/"},{"@type":"ListItem","position":3,"name":"Buy 3cl Online"}]},{"@type":"WebSite","@id":"https:\/\/nembutalhouse.com\/#website","url":"https:\/\/nembutalhouse.com\/","name":"Nembutal House","description":"Best Nembutal Online Store","publisher":{"@id":"https:\/\/nembutalhouse.com\/#organization"},"potentialAction":[{"@type":"SearchAction","target":{"@type":"EntryPoint","urlTemplate":"https:\/\/nembutalhouse.com\/?s={search_term_string}"},"query-input":{"@type":"PropertyValueSpecification","valueRequired":true,"valueName":"search_term_string"}}],"inLanguage":"de"},{"@type":"Organization","@id":"https:\/\/nembutalhouse.com\/#organization","name":"Nembutal House","url":"https:\/\/nembutalhouse.com\/","logo":{"@type":"ImageObject","inLanguage":"de","@id":"https:\/\/nembutalhouse.com\/#\/schema\/logo\/image\/","url":"https:\/\/nembutalhouse.com\/wp-content\/uploads\/2022\/12\/logo.png","contentUrl":"https:\/\/nembutalhouse.com\/wp-content\/uploads\/2022\/12\/logo.png","width":344,"height":103,"caption":"Nembutal House"},"image":{"@id":"https:\/\/nembutalhouse.com\/#\/schema\/logo\/image\/"}}]}},"_links":{"self":[{"href":"https:\/\/nembutalhouse.com\/de\/wp-json\/wp\/v2\/product\/530","targetHints":{"allow":["GET"]}}],"collection":[{"href":"https:\/\/nembutalhouse.com\/de\/wp-json\/wp\/v2\/product"}],"about":[{"href":"https:\/\/nembutalhouse.com\/de\/wp-json\/wp\/v2\/types\/product"}],"replies":[{"embeddable":true,"href":"https:\/\/nembutalhouse.com\/de\/wp-json\/wp\/v2\/comments?post=530"}],"wp:featuredmedia":[{"embeddable":true,"href":"https:\/\/nembutalhouse.com\/de\/wp-json\/wp\/v2\/media\/576"}],"wp:attachment":[{"href":"https:\/\/nembutalhouse.com\/de\/wp-json\/wp\/v2\/media?parent=530"}],"wp:term":[{"taxonomy":"product_cat","embeddable":true,"href":"https:\/\/nembutalhouse.com\/de\/wp-json\/wp\/v2\/product_cat?post=530"},{"taxonomy":"product_tag","embeddable":true,"href":"https:\/\/nembutalhouse.com\/de\/wp-json\/wp\/v2\/product_tag?post=530"}],"curies":[{"name":"wp","href":"https:\/\/api.w.org\/{rel}","templated":true}]}}