{"id":301,"date":"2023-06-14T10:06:28","date_gmt":"2023-06-14T10:06:28","guid":{"rendered":"https:\/\/nembutalhouse.com\/?post_type=product&#038;p=301"},"modified":"2024-12-05T08:35:35","modified_gmt":"2024-12-05T08:35:35","slug":"buy-butabarbital-online","status":"publish","type":"product","link":"https:\/\/nembutalhouse.com\/de\/produkt\/butabarbital-online-kaufen\/","title":{"rendered":"Butabarbital online kaufen"},"content":{"rendered":"<h2>Bei The Top Pharmacy k\u00f6nnen Sie Butabarbital-Natrium 50 mg Tabletten online kaufen.<\/h2>\n<p>Der beste Ort, um Butabarbital-Natrium 50 mg Tabletten zu kaufen, ist eine Online-Apotheke f\u00fcr Nembutal. Wir sind schon seit einiger Zeit in der Pharmabranche t\u00e4tig. Sie k\u00f6nnen sich darauf verlassen, dass wir Ihnen die bestm\u00f6gliche Versorgung f\u00fcr Ihre Gesundheit bieten. Ihre Erwartungen werden von unserem qualifizierten Team in keiner Weise entt\u00e4uscht werden. Kaufen Sie sofort!<\/p>\n<h2>Wie k\u00f6nnen Sie Butabarbital-Natrium in vollem Umfang nutzen, nachdem Sie es bei uns gekauft haben?<\/h2>\n<p>Eines der besten Medikamente zur Behandlung von Schlaflosigkeit bei Erwachsenen ist Natriumbutabarbital. In der Regel handelt es sich um eine vor\u00fcbergehende Behandlung. Diese Substanz kann im medizinischen Bereich als Beruhigungsmittel vor einer Operation eingesetzt werden.<\/p>\n<p>Wir stellen unseren Kunden eine Gebrauchsanweisung zur Verf\u00fcgung, um die ordnungsgem\u00e4\u00dfe Verabreichung von Butabarbital-Natrium sicherzustellen. Alle Richtungen in Bezug auf die Droge sind in diesem Handbuch F\u00fchrer erw\u00e4hnt. Es ist einfach, sie zu lesen ein zu einer Zeit und gelten sie f\u00fcr Ihre gew\u00fcnschten Ziele. Sie k\u00f6nnen Ihr ganzes Vertrauen in unsere seri\u00f6se Online-Apotheke setzen. Wir denken immer daran, was das Beste f\u00fcr unsere gesch\u00e4tzten Kunden ist. Wir sorgen uns immer um die Gesundheit der Menschen und pr\u00fcfen jedes Produkt, bevor wir es anbieten.<\/p>\n<p>Kontaktieren Sie uns, wenn Sie sich <a href=\"https:\/\/nembutalhouse.com\/de\/produkt\/butabarbital-online-kaufen\/\">Butabarbital-Natrium<\/a> zu den niedrigsten Kosten. Unsere Mitarbeiter analysieren Ihre Bestellung und machen sie in einer Minute versandfertig. Sie erhalten Ihre Medikamente innerhalb des von unserer Online-Apotheke festgelegten Zeitrahmens. Kaufen Sie billig Nembutal sofort!<\/p>","protected":false},"excerpt":{"rendered":"<p>From The Top Pharmacy, you can purchase butabarbital sodium 50 mg tablets online. The best place to purchase Butabarbital Sodium 50 mg Tablets is from an online nembutal pharmacy. We&hellip;<\/p>","protected":false},"featured_media":332,"comment_status":"closed","ping_status":"closed","template":"","meta":{"_joinchat":[]},"product_cat":[16],"product_tag":[353,342,357,334,339,345,358,346,349,335,355,356,354,332,344,333,351,348,341,337,338,352,350,347,340,343,336],"class_list":{"0":"post-301","1":"product","2":"type-product","3":"status-publish","4":"has-post-thumbnail","6":"product_cat-nembutal","7":"product_tag-best-cheap-price-butabarbital-tablets","8":"product_tag-best-place-to-buy-butabarbital-tablets","9":"product_tag-butabarbital-tablets-for-cleaning","10":"product_tag-butabarbital-tablets-for-sale","11":"product_tag-butabarbital-tablets-liquid","12":"product_tag-butabarbital-tablets-online","13":"product_tag-butabarbital-tablets-powder","14":"product_tag-butabarbital-tablets-price","15":"product_tag-butabarbital-tablets-store","16":"product_tag-butabarbital-tablets-supplier","17":"product_tag-butabarbital-tablets-use","18":"product_tag-butabarbital-tablets-wiki","19":"product_tag-butabarbital-tablets-worldwide","20":"product_tag-buy-butabarbital-tablets","21":"product_tag-buy-butabarbital-tablets-legally","22":"product_tag-buy-butabarbital-tablets-online","23":"product_tag-cheap-butabarbital-tablets","24":"product_tag-high-quality-butabarbital-tablets","25":"product_tag-how-to-buy-butabarbital-tablets","26":"product_tag-order-butabarbital-tablets","27":"product_tag-order-butabarbital-tablets-online","28":"product_tag-purcharse-butabarbital-tablets","29":"product_tag-shop-butabarbital-tablets","30":"product_tag-top-quality-butabarbital-tablets","31":"product_tag-where-to-buy-butabarbital-tablets","32":"product_tag-where-to-order-butabarbital-tablets","33":"product_tag-wholesale-butabarbital-tablets-bulk-online","35":"first","36":"instock","37":"shipping-taxable","38":"purchasable","39":"product-type-variable"},"yoast_head":"<!-- This site is optimized with the Yoast SEO plugin v24.1 - https:\/\/yoast.com\/wordpress\/plugins\/seo\/ -->\n<title>Buy Butabarbital Online - Butabarbital for sale - Order Butabarbital<\/title>\n<meta name=\"description\" content=\"Looking to further your research? Buy butabarbital conveniently and securely online, with a straightforward ordering process for butabarbital for sale. Explore the possibilities and buy butabarbital online for your research endeavors today.\" \/>\n<meta name=\"robots\" content=\"index, follow, max-snippet:-1, max-image-preview:large, max-video-preview:-1\" \/>\n<link rel=\"canonical\" href=\"https:\/\/nembutalhouse.com\/de\/produkt\/butabarbital-online-kaufen\/\" \/>\n<meta property=\"og:locale\" content=\"de_DE\" \/>\n<meta property=\"og:type\" content=\"article\" \/>\n<meta property=\"og:title\" content=\"Buy Butabarbital Online - Butabarbital for sale - Order Butabarbital\" \/>\n<meta property=\"og:description\" content=\"Looking to further your research? Buy butabarbital conveniently and securely online, with a straightforward ordering process for butabarbital for sale. Explore the possibilities and buy butabarbital online for your research endeavors today.\" \/>\n<meta property=\"og:url\" content=\"https:\/\/nembutalhouse.com\/de\/produkt\/butabarbital-online-kaufen\/\" \/>\n<meta property=\"og:site_name\" content=\"Nembutal House\" \/>\n<meta property=\"article:modified_time\" content=\"2024-12-05T08:35:35+00:00\" \/>\n<meta property=\"og:image\" content=\"https:\/\/nembutalhouse.com\/wp-content\/uploads\/2023\/06\/Butabarbital-1.jpg\" \/>\n\t<meta property=\"og:image:width\" content=\"600\" \/>\n\t<meta property=\"og:image:height\" content=\"600\" \/>\n\t<meta property=\"og:image:type\" content=\"image\/jpeg\" \/>\n<meta name=\"twitter:card\" content=\"summary_large_image\" \/>\n<meta name=\"twitter:label1\" content=\"Gesch\u00e4tzte Lesezeit\" \/>\n\t<meta name=\"twitter:data1\" content=\"2\u00a0Minuten\" \/>\n<script type=\"application\/ld+json\" class=\"yoast-schema-graph\">{\"@context\":\"https:\/\/schema.org\",\"@graph\":[{\"@type\":\"WebPage\",\"@id\":\"https:\/\/nembutalhouse.com\/product\/buy-butabarbital-online\/\",\"url\":\"https:\/\/nembutalhouse.com\/product\/buy-butabarbital-online\/\",\"name\":\"Buy Butabarbital Online - Butabarbital for sale - Order Butabarbital\",\"isPartOf\":{\"@id\":\"https:\/\/nembutalhouse.com\/#website\"},\"primaryImageOfPage\":{\"@id\":\"https:\/\/nembutalhouse.com\/product\/buy-butabarbital-online\/#primaryimage\"},\"image\":{\"@id\":\"https:\/\/nembutalhouse.com\/product\/buy-butabarbital-online\/#primaryimage\"},\"thumbnailUrl\":\"https:\/\/nembutalhouse.com\/wp-content\/uploads\/2023\/06\/Butabarbital-1.jpg\",\"datePublished\":\"2023-06-14T10:06:28+00:00\",\"dateModified\":\"2024-12-05T08:35:35+00:00\",\"description\":\"Looking to further your research? Buy butabarbital conveniently and securely online, with a straightforward ordering process for butabarbital for sale. Explore the possibilities and buy butabarbital online for your research endeavors today.\",\"breadcrumb\":{\"@id\":\"https:\/\/nembutalhouse.com\/product\/buy-butabarbital-online\/#breadcrumb\"},\"inLanguage\":\"de\",\"potentialAction\":[{\"@type\":\"ReadAction\",\"target\":[\"https:\/\/nembutalhouse.com\/product\/buy-butabarbital-online\/\"]}]},{\"@type\":\"ImageObject\",\"inLanguage\":\"de\",\"@id\":\"https:\/\/nembutalhouse.com\/product\/buy-butabarbital-online\/#primaryimage\",\"url\":\"https:\/\/nembutalhouse.com\/wp-content\/uploads\/2023\/06\/Butabarbital-1.jpg\",\"contentUrl\":\"https:\/\/nembutalhouse.com\/wp-content\/uploads\/2023\/06\/Butabarbital-1.jpg\",\"width\":600,\"height\":600,\"caption\":\"Butabarbital\"},{\"@type\":\"BreadcrumbList\",\"@id\":\"https:\/\/nembutalhouse.com\/product\/buy-butabarbital-online\/#breadcrumb\",\"itemListElement\":[{\"@type\":\"ListItem\",\"position\":1,\"name\":\"Home\",\"item\":\"https:\/\/nembutalhouse.com\/\"},{\"@type\":\"ListItem\",\"position\":2,\"name\":\"Shop\",\"item\":\"https:\/\/nembutalhouse.com\/shop\/\"},{\"@type\":\"ListItem\",\"position\":3,\"name\":\"Buy Butabarbital Online\"}]},{\"@type\":\"WebSite\",\"@id\":\"https:\/\/nembutalhouse.com\/#website\",\"url\":\"https:\/\/nembutalhouse.com\/\",\"name\":\"Nembutal House\",\"description\":\"Best Nembutal Online Store\",\"publisher\":{\"@id\":\"https:\/\/nembutalhouse.com\/#organization\"},\"potentialAction\":[{\"@type\":\"SearchAction\",\"target\":{\"@type\":\"EntryPoint\",\"urlTemplate\":\"https:\/\/nembutalhouse.com\/?s={search_term_string}\"},\"query-input\":{\"@type\":\"PropertyValueSpecification\",\"valueRequired\":true,\"valueName\":\"search_term_string\"}}],\"inLanguage\":\"de\"},{\"@type\":\"Organization\",\"@id\":\"https:\/\/nembutalhouse.com\/#organization\",\"name\":\"Nembutal House\",\"url\":\"https:\/\/nembutalhouse.com\/\",\"logo\":{\"@type\":\"ImageObject\",\"inLanguage\":\"de\",\"@id\":\"https:\/\/nembutalhouse.com\/#\/schema\/logo\/image\/\",\"url\":\"https:\/\/nembutalhouse.com\/wp-content\/uploads\/2022\/12\/logo.png\",\"contentUrl\":\"https:\/\/nembutalhouse.com\/wp-content\/uploads\/2022\/12\/logo.png\",\"width\":344,\"height\":103,\"caption\":\"Nembutal House\"},\"image\":{\"@id\":\"https:\/\/nembutalhouse.com\/#\/schema\/logo\/image\/\"}}]}<\/script>\n<!-- \/ Yoast SEO plugin. -->","yoast_head_json":{"title":"Buy Butabarbital Online - Butabarbital for sale - Order Butabarbital","description":"Looking to further your research? Buy butabarbital conveniently and securely online, with a straightforward ordering process for butabarbital for sale. Explore the possibilities and buy butabarbital online for your research endeavors today.","robots":{"index":"index","follow":"follow","max-snippet":"max-snippet:-1","max-image-preview":"max-image-preview:large","max-video-preview":"max-video-preview:-1"},"canonical":"https:\/\/nembutalhouse.com\/de\/produkt\/butabarbital-online-kaufen\/","og_locale":"de_DE","og_type":"article","og_title":"Buy Butabarbital Online - Butabarbital for sale - Order Butabarbital","og_description":"Looking to further your research? Buy butabarbital conveniently and securely online, with a straightforward ordering process for butabarbital for sale. Explore the possibilities and buy butabarbital online for your research endeavors today.","og_url":"https:\/\/nembutalhouse.com\/de\/produkt\/butabarbital-online-kaufen\/","og_site_name":"Nembutal House","article_modified_time":"2024-12-05T08:35:35+00:00","og_image":[{"width":600,"height":600,"url":"https:\/\/nembutalhouse.com\/wp-content\/uploads\/2023\/06\/Butabarbital-1.jpg","type":"image\/jpeg"}],"twitter_card":"summary_large_image","twitter_misc":{"Gesch\u00e4tzte Lesezeit":"2\u00a0Minuten"},"schema":{"@context":"https:\/\/schema.org","@graph":[{"@type":"WebPage","@id":"https:\/\/nembutalhouse.com\/product\/buy-butabarbital-online\/","url":"https:\/\/nembutalhouse.com\/product\/buy-butabarbital-online\/","name":"Buy Butabarbital Online - Butabarbital for sale - Order Butabarbital","isPartOf":{"@id":"https:\/\/nembutalhouse.com\/#website"},"primaryImageOfPage":{"@id":"https:\/\/nembutalhouse.com\/product\/buy-butabarbital-online\/#primaryimage"},"image":{"@id":"https:\/\/nembutalhouse.com\/product\/buy-butabarbital-online\/#primaryimage"},"thumbnailUrl":"https:\/\/nembutalhouse.com\/wp-content\/uploads\/2023\/06\/Butabarbital-1.jpg","datePublished":"2023-06-14T10:06:28+00:00","dateModified":"2024-12-05T08:35:35+00:00","description":"Looking to further your research? Buy butabarbital conveniently and securely online, with a straightforward ordering process for butabarbital for sale. Explore the possibilities and buy butabarbital online for your research endeavors today.","breadcrumb":{"@id":"https:\/\/nembutalhouse.com\/product\/buy-butabarbital-online\/#breadcrumb"},"inLanguage":"de","potentialAction":[{"@type":"ReadAction","target":["https:\/\/nembutalhouse.com\/product\/buy-butabarbital-online\/"]}]},{"@type":"ImageObject","inLanguage":"de","@id":"https:\/\/nembutalhouse.com\/product\/buy-butabarbital-online\/#primaryimage","url":"https:\/\/nembutalhouse.com\/wp-content\/uploads\/2023\/06\/Butabarbital-1.jpg","contentUrl":"https:\/\/nembutalhouse.com\/wp-content\/uploads\/2023\/06\/Butabarbital-1.jpg","width":600,"height":600,"caption":"Butabarbital"},{"@type":"BreadcrumbList","@id":"https:\/\/nembutalhouse.com\/product\/buy-butabarbital-online\/#breadcrumb","itemListElement":[{"@type":"ListItem","position":1,"name":"Home","item":"https:\/\/nembutalhouse.com\/"},{"@type":"ListItem","position":2,"name":"Shop","item":"https:\/\/nembutalhouse.com\/shop\/"},{"@type":"ListItem","position":3,"name":"Buy Butabarbital Online"}]},{"@type":"WebSite","@id":"https:\/\/nembutalhouse.com\/#website","url":"https:\/\/nembutalhouse.com\/","name":"Nembutal House","description":"Best Nembutal Online Store","publisher":{"@id":"https:\/\/nembutalhouse.com\/#organization"},"potentialAction":[{"@type":"SearchAction","target":{"@type":"EntryPoint","urlTemplate":"https:\/\/nembutalhouse.com\/?s={search_term_string}"},"query-input":{"@type":"PropertyValueSpecification","valueRequired":true,"valueName":"search_term_string"}}],"inLanguage":"de"},{"@type":"Organization","@id":"https:\/\/nembutalhouse.com\/#organization","name":"Nembutal House","url":"https:\/\/nembutalhouse.com\/","logo":{"@type":"ImageObject","inLanguage":"de","@id":"https:\/\/nembutalhouse.com\/#\/schema\/logo\/image\/","url":"https:\/\/nembutalhouse.com\/wp-content\/uploads\/2022\/12\/logo.png","contentUrl":"https:\/\/nembutalhouse.com\/wp-content\/uploads\/2022\/12\/logo.png","width":344,"height":103,"caption":"Nembutal House"},"image":{"@id":"https:\/\/nembutalhouse.com\/#\/schema\/logo\/image\/"}}]}},"_links":{"self":[{"href":"https:\/\/nembutalhouse.com\/de\/wp-json\/wp\/v2\/product\/301","targetHints":{"allow":["GET"]}}],"collection":[{"href":"https:\/\/nembutalhouse.com\/de\/wp-json\/wp\/v2\/product"}],"about":[{"href":"https:\/\/nembutalhouse.com\/de\/wp-json\/wp\/v2\/types\/product"}],"replies":[{"embeddable":true,"href":"https:\/\/nembutalhouse.com\/de\/wp-json\/wp\/v2\/comments?post=301"}],"wp:featuredmedia":[{"embeddable":true,"href":"https:\/\/nembutalhouse.com\/de\/wp-json\/wp\/v2\/media\/332"}],"wp:attachment":[{"href":"https:\/\/nembutalhouse.com\/de\/wp-json\/wp\/v2\/media?parent=301"}],"wp:term":[{"taxonomy":"product_cat","embeddable":true,"href":"https:\/\/nembutalhouse.com\/de\/wp-json\/wp\/v2\/product_cat?post=301"},{"taxonomy":"product_tag","embeddable":true,"href":"https:\/\/nembutalhouse.com\/de\/wp-json\/wp\/v2\/product_tag?post=301"}],"curies":[{"name":"wp","href":"https:\/\/api.w.org\/{rel}","templated":true}]}}