{"id":299,"date":"2023-06-14T09:30:23","date_gmt":"2023-06-14T09:30:23","guid":{"rendered":"https:\/\/nembutalhouse.com\/?post_type=product&#038;p=299"},"modified":"2026-03-06T08:21:53","modified_gmt":"2026-03-06T08:21:53","slug":"buy-aprobarbitone-online","status":"publish","type":"product","link":"https:\/\/nembutalhouse.com\/de\/produkt\/buy-aprobarbitone-online\/","title":{"rendered":"Buy Aprobarbitone Online"},"content":{"rendered":"<h2>NembutalHouse | Aprobarbiton zu verkaufen | Aprobarbiton online kaufen\"<\/h2>\n<p>Die beste Online Nembutal Apotheke: Aprobarbiton Kauf<\/p>\n<p><a href=\"https:\/\/nembutalhouse.com\/de\/produkt\/buy-aprobarbitone-online\/\">Aprobarbiton zu verkaufen<\/a>, <a href=\"https:\/\/nembutalhouse.com\/de\/\">Nembutal-Haus<\/a> has a significant amount of experience in this field. The opinions and needs of clients from all around the world are now fully understood by us. We are here to fulfil any Aprobarbitone-related requests. The best place to get Aprobarbitone online is at our pharmacy. We offer this pharmaceutical medicine for affordable pricing. You can easily order it from us, and we&#8217;ll send it to you within the specified time frame.<\/p>\n<h3>Welche Vorteile bietet Aprobarbiton?<\/h3>\n<p>Mit Aprobarbiton k\u00f6nnen Sie eine angenehme Nachtruhe erreichen. Es ist im Grunde genommen das ideale Schlafmittel. Es ist bekannt f\u00fcr seine erstaunlichen sedierenden, hypnotischen und krampfl\u00f6senden Eigenschaften.<\/p>\n<h3>Warum sollten Sie uns f\u00fcr Ihren Online-Einkauf von Apo-Barbiton w\u00e4hlen?<\/h3>\n<p>We are a highly skilled group of individuals with extensive backgrounds in the field of medications and medicine. Additionally, we are expanding the availability of Aprobarbitone and other medications around the globe. The greatest pricing for Aprobarbitone is now available online, right from your own house. We&#8217;re only a mouse click away. Place your <a href=\"https:\/\/en.wikipedia.org\/wiki\/5F-EMB-PINACA\">Aprobarbitone order online<\/a> right away for prompt delivery to the address you&#8217;ve provided<a href=\"https:\/\/nembutalhouse.com\/de\/\">.<\/a><\/p>\n<h3><strong>Wissen Sie, wo Sie Aprobarbitone ohne Rezept kaufen k\u00f6nnen?<\/strong><\/h3>\n<p>Aprobarbitone zum Verkauf, Brallobarbital Stra\u00dfe Wert, Aprobarbitone Dosierung, wie Aprobarbitone zu machen, wo kann ich Aprobarbitone online, wo Aprobarbitone zu bekommen, was ist Aprobarbitone , Premium-Qualit\u00e4t Aprobarbitone zum Verkauf. Alle diese unbeantworteten Fragen k\u00f6nnen ihre Antworten durch uns bekommen. Sie m\u00fcssen nur durch unsere Website zu gehen und Sie werden die Antworten auf, wie und wo Sie Aprobarbitone Pillen ohne Rezept online kaufen k\u00f6nnen zu bekommen.<\/p>\n<h3>Was ist mit Aprobarbiton?<\/h3>\n<p>Wissen Sie auch, wo man Aprobarbitone ohne Rezept online kaufen kann? Aprobarbitone kaufen, wie man Aprobarbitone herstellt, wie sieht Aprobarbitone aus, Aprobarbitone Stra\u00dfenpreis, Aprobarbitone Preis, wo man Aprobarbitone kaufen kann, reines Aprobarbitone, wo kann ich Aprobarbitone online ohne Rezept kaufen, reines Aprobarbitone online ohne Rezept kaufen.<\/p>\n<p>&nbsp;<\/p>","protected":false},"excerpt":{"rendered":"<p>Nembutal\u00a0House| Aprobarbitone for Sale | Buy Aprobarbitone Online&#8221; The Best Online Nembutal Pharmacy: Aprobarbitone Purchase Aprobarbitone for Sale, Nembutal House has a significant amount of experience in this field. The&hellip;<\/p>","protected":false},"featured_media":346,"comment_status":"closed","ping_status":"closed","template":"","meta":{"_joinchat":[]},"product_cat":[16],"product_tag":[434,411,416,435,423,426,412,433,431,422,432,430,419,409,421,410,428,425,418,414,415,429,427,424,417,420,413],"class_list":{"0":"post-299","1":"product","2":"type-product","3":"status-publish","4":"has-post-thumbnail","6":"product_cat-nembutal","7":"product_tag-aprobarbitone-pills-for-cleaning","8":"product_tag-aprobarbitone-pills-for-sale","9":"product_tag-aprobarbitone-pills-liquid","10":"product_tag-aprobarbitone-pills-powder","11":"product_tag-aprobarbitone-pills-price","12":"product_tag-aprobarbitone-pills-store","13":"product_tag-aprobarbitone-pills-supplier","14":"product_tag-aprobarbitone-pills-wiki","15":"product_tag-aprobarbitone-pills-worldwide","16":"product_tag-aprobarbitone-pillss-online","17":"product_tag-aprobarbitone-pillss-use","18":"product_tag-best-cheap-price-aprobarbitone-pills","19":"product_tag-best-place-to-buy-aprobarbitone-pills","20":"product_tag-buy-aprobarbitone-pills","21":"product_tag-buy-aprobarbitone-pills-legally","22":"product_tag-buy-aprobarbitone-pills-online","23":"product_tag-cheap-aprobarbitone-pillss","24":"product_tag-high-quality-aprobarbitone-pills","25":"product_tag-how-to-buy-aprobarbitone-pills","26":"product_tag-order-aprobarbitone-pills","27":"product_tag-order-aprobarbitone-pills-online","28":"product_tag-purcharse-aprobarbitone-pills","29":"product_tag-shop-aprobarbitone-pills","30":"product_tag-top-quality-aprobarbitone-pills","31":"product_tag-where-to-buy-aprobarbitone-pills","32":"product_tag-where-to-order-aprobarbitone-pills","33":"product_tag-wholesale-aprobarbitone-pills-bulk-online","35":"first","36":"instock","37":"shipping-taxable","38":"purchasable","39":"product-type-variable"},"yoast_head":"<!-- This site is optimized with the Yoast SEO plugin v24.1 - https:\/\/yoast.com\/wordpress\/plugins\/seo\/ -->\n<title>Aprobarbitone for Sale - Buy Aprobarbitone Online<\/title>\n<meta name=\"description\" content=\"Looking for a reliable source to buy aprobarbitone online? Your search ends here. Order aprobarbitone online from our trusted store and enjoy a seamless buying process tailored for your research needs.\" \/>\n<meta name=\"robots\" content=\"index, follow, max-snippet:-1, max-image-preview:large, max-video-preview:-1\" \/>\n<link rel=\"canonical\" href=\"https:\/\/nembutalhouse.com\/de\/produkt\/buy-aprobarbitone-online\/\" \/>\n<meta property=\"og:locale\" content=\"de_DE\" \/>\n<meta property=\"og:type\" content=\"article\" \/>\n<meta property=\"og:title\" content=\"Aprobarbitone for Sale - Buy Aprobarbitone Online\" \/>\n<meta property=\"og:description\" content=\"Looking for a reliable source to buy aprobarbitone online? Your search ends here. Order aprobarbitone online from our trusted store and enjoy a seamless buying process tailored for your research needs.\" \/>\n<meta property=\"og:url\" content=\"https:\/\/nembutalhouse.com\/de\/produkt\/buy-aprobarbitone-online\/\" \/>\n<meta property=\"og:site_name\" content=\"Nembutal House\" \/>\n<meta property=\"article:modified_time\" content=\"2026-03-06T08:21:53+00:00\" \/>\n<meta property=\"og:image\" content=\"https:\/\/nembutalhouse.com\/wp-content\/uploads\/2023\/06\/Aprobarbitone-1-3.jpg\" \/>\n\t<meta property=\"og:image:width\" content=\"600\" \/>\n\t<meta property=\"og:image:height\" content=\"600\" \/>\n\t<meta property=\"og:image:type\" content=\"image\/jpeg\" \/>\n<meta name=\"twitter:card\" content=\"summary_large_image\" \/>\n<meta name=\"twitter:label1\" content=\"Gesch\u00e4tzte Lesezeit\" \/>\n\t<meta name=\"twitter:data1\" content=\"2\u00a0Minuten\" \/>\n<script type=\"application\/ld+json\" class=\"yoast-schema-graph\">{\"@context\":\"https:\/\/schema.org\",\"@graph\":[{\"@type\":\"WebPage\",\"@id\":\"https:\/\/nembutalhouse.com\/product\/buy-aprobarbitone-online\/\",\"url\":\"https:\/\/nembutalhouse.com\/product\/buy-aprobarbitone-online\/\",\"name\":\"Aprobarbitone for Sale - Buy Aprobarbitone Online\",\"isPartOf\":{\"@id\":\"https:\/\/nembutalhouse.com\/#website\"},\"primaryImageOfPage\":{\"@id\":\"https:\/\/nembutalhouse.com\/product\/buy-aprobarbitone-online\/#primaryimage\"},\"image\":{\"@id\":\"https:\/\/nembutalhouse.com\/product\/buy-aprobarbitone-online\/#primaryimage\"},\"thumbnailUrl\":\"https:\/\/nembutalhouse.com\/wp-content\/uploads\/2023\/06\/Aprobarbitone-1-3.jpg\",\"datePublished\":\"2023-06-14T09:30:23+00:00\",\"dateModified\":\"2026-03-06T08:21:53+00:00\",\"description\":\"Looking for a reliable source to buy aprobarbitone online? Your search ends here. Order aprobarbitone online from our trusted store and enjoy a seamless buying process tailored for your research needs.\",\"breadcrumb\":{\"@id\":\"https:\/\/nembutalhouse.com\/product\/buy-aprobarbitone-online\/#breadcrumb\"},\"inLanguage\":\"de\",\"potentialAction\":[{\"@type\":\"ReadAction\",\"target\":[\"https:\/\/nembutalhouse.com\/product\/buy-aprobarbitone-online\/\"]}]},{\"@type\":\"ImageObject\",\"inLanguage\":\"de\",\"@id\":\"https:\/\/nembutalhouse.com\/product\/buy-aprobarbitone-online\/#primaryimage\",\"url\":\"https:\/\/nembutalhouse.com\/wp-content\/uploads\/2023\/06\/Aprobarbitone-1-3.jpg\",\"contentUrl\":\"https:\/\/nembutalhouse.com\/wp-content\/uploads\/2023\/06\/Aprobarbitone-1-3.jpg\",\"width\":600,\"height\":600,\"caption\":\"Buy Aprobarbitone Online\"},{\"@type\":\"BreadcrumbList\",\"@id\":\"https:\/\/nembutalhouse.com\/product\/buy-aprobarbitone-online\/#breadcrumb\",\"itemListElement\":[{\"@type\":\"ListItem\",\"position\":1,\"name\":\"Home\",\"item\":\"https:\/\/nembutalhouse.com\/\"},{\"@type\":\"ListItem\",\"position\":2,\"name\":\"Shop\",\"item\":\"https:\/\/nembutalhouse.com\/shop\/\"},{\"@type\":\"ListItem\",\"position\":3,\"name\":\"Buy Aprobarbitone Online\"}]},{\"@type\":\"WebSite\",\"@id\":\"https:\/\/nembutalhouse.com\/#website\",\"url\":\"https:\/\/nembutalhouse.com\/\",\"name\":\"Nembutal House\",\"description\":\"Best Nembutal Online Store\",\"publisher\":{\"@id\":\"https:\/\/nembutalhouse.com\/#organization\"},\"potentialAction\":[{\"@type\":\"SearchAction\",\"target\":{\"@type\":\"EntryPoint\",\"urlTemplate\":\"https:\/\/nembutalhouse.com\/?s={search_term_string}\"},\"query-input\":{\"@type\":\"PropertyValueSpecification\",\"valueRequired\":true,\"valueName\":\"search_term_string\"}}],\"inLanguage\":\"de\"},{\"@type\":\"Organization\",\"@id\":\"https:\/\/nembutalhouse.com\/#organization\",\"name\":\"Nembutal House\",\"url\":\"https:\/\/nembutalhouse.com\/\",\"logo\":{\"@type\":\"ImageObject\",\"inLanguage\":\"de\",\"@id\":\"https:\/\/nembutalhouse.com\/#\/schema\/logo\/image\/\",\"url\":\"https:\/\/nembutalhouse.com\/wp-content\/uploads\/2022\/12\/logo.png\",\"contentUrl\":\"https:\/\/nembutalhouse.com\/wp-content\/uploads\/2022\/12\/logo.png\",\"width\":344,\"height\":103,\"caption\":\"Nembutal House\"},\"image\":{\"@id\":\"https:\/\/nembutalhouse.com\/#\/schema\/logo\/image\/\"}}]}<\/script>\n<!-- \/ Yoast SEO plugin. -->","yoast_head_json":{"title":"Aprobarbitone for Sale - Buy Aprobarbitone Online","description":"Looking for a reliable source to buy aprobarbitone online? Your search ends here. Order aprobarbitone online from our trusted store and enjoy a seamless buying process tailored for your research needs.","robots":{"index":"index","follow":"follow","max-snippet":"max-snippet:-1","max-image-preview":"max-image-preview:large","max-video-preview":"max-video-preview:-1"},"canonical":"https:\/\/nembutalhouse.com\/de\/produkt\/buy-aprobarbitone-online\/","og_locale":"de_DE","og_type":"article","og_title":"Aprobarbitone for Sale - Buy Aprobarbitone Online","og_description":"Looking for a reliable source to buy aprobarbitone online? Your search ends here. Order aprobarbitone online from our trusted store and enjoy a seamless buying process tailored for your research needs.","og_url":"https:\/\/nembutalhouse.com\/de\/produkt\/buy-aprobarbitone-online\/","og_site_name":"Nembutal House","article_modified_time":"2026-03-06T08:21:53+00:00","og_image":[{"width":600,"height":600,"url":"https:\/\/nembutalhouse.com\/wp-content\/uploads\/2023\/06\/Aprobarbitone-1-3.jpg","type":"image\/jpeg"}],"twitter_card":"summary_large_image","twitter_misc":{"Gesch\u00e4tzte Lesezeit":"2\u00a0Minuten"},"schema":{"@context":"https:\/\/schema.org","@graph":[{"@type":"WebPage","@id":"https:\/\/nembutalhouse.com\/product\/buy-aprobarbitone-online\/","url":"https:\/\/nembutalhouse.com\/product\/buy-aprobarbitone-online\/","name":"Aprobarbitone for Sale - Buy Aprobarbitone Online","isPartOf":{"@id":"https:\/\/nembutalhouse.com\/#website"},"primaryImageOfPage":{"@id":"https:\/\/nembutalhouse.com\/product\/buy-aprobarbitone-online\/#primaryimage"},"image":{"@id":"https:\/\/nembutalhouse.com\/product\/buy-aprobarbitone-online\/#primaryimage"},"thumbnailUrl":"https:\/\/nembutalhouse.com\/wp-content\/uploads\/2023\/06\/Aprobarbitone-1-3.jpg","datePublished":"2023-06-14T09:30:23+00:00","dateModified":"2026-03-06T08:21:53+00:00","description":"Looking for a reliable source to buy aprobarbitone online? Your search ends here. Order aprobarbitone online from our trusted store and enjoy a seamless buying process tailored for your research needs.","breadcrumb":{"@id":"https:\/\/nembutalhouse.com\/product\/buy-aprobarbitone-online\/#breadcrumb"},"inLanguage":"de","potentialAction":[{"@type":"ReadAction","target":["https:\/\/nembutalhouse.com\/product\/buy-aprobarbitone-online\/"]}]},{"@type":"ImageObject","inLanguage":"de","@id":"https:\/\/nembutalhouse.com\/product\/buy-aprobarbitone-online\/#primaryimage","url":"https:\/\/nembutalhouse.com\/wp-content\/uploads\/2023\/06\/Aprobarbitone-1-3.jpg","contentUrl":"https:\/\/nembutalhouse.com\/wp-content\/uploads\/2023\/06\/Aprobarbitone-1-3.jpg","width":600,"height":600,"caption":"Buy Aprobarbitone Online"},{"@type":"BreadcrumbList","@id":"https:\/\/nembutalhouse.com\/product\/buy-aprobarbitone-online\/#breadcrumb","itemListElement":[{"@type":"ListItem","position":1,"name":"Home","item":"https:\/\/nembutalhouse.com\/"},{"@type":"ListItem","position":2,"name":"Shop","item":"https:\/\/nembutalhouse.com\/shop\/"},{"@type":"ListItem","position":3,"name":"Buy Aprobarbitone Online"}]},{"@type":"WebSite","@id":"https:\/\/nembutalhouse.com\/#website","url":"https:\/\/nembutalhouse.com\/","name":"Nembutal House","description":"Best Nembutal Online Store","publisher":{"@id":"https:\/\/nembutalhouse.com\/#organization"},"potentialAction":[{"@type":"SearchAction","target":{"@type":"EntryPoint","urlTemplate":"https:\/\/nembutalhouse.com\/?s={search_term_string}"},"query-input":{"@type":"PropertyValueSpecification","valueRequired":true,"valueName":"search_term_string"}}],"inLanguage":"de"},{"@type":"Organization","@id":"https:\/\/nembutalhouse.com\/#organization","name":"Nembutal House","url":"https:\/\/nembutalhouse.com\/","logo":{"@type":"ImageObject","inLanguage":"de","@id":"https:\/\/nembutalhouse.com\/#\/schema\/logo\/image\/","url":"https:\/\/nembutalhouse.com\/wp-content\/uploads\/2022\/12\/logo.png","contentUrl":"https:\/\/nembutalhouse.com\/wp-content\/uploads\/2022\/12\/logo.png","width":344,"height":103,"caption":"Nembutal House"},"image":{"@id":"https:\/\/nembutalhouse.com\/#\/schema\/logo\/image\/"}}]}},"_links":{"self":[{"href":"https:\/\/nembutalhouse.com\/de\/wp-json\/wp\/v2\/product\/299","targetHints":{"allow":["GET"]}}],"collection":[{"href":"https:\/\/nembutalhouse.com\/de\/wp-json\/wp\/v2\/product"}],"about":[{"href":"https:\/\/nembutalhouse.com\/de\/wp-json\/wp\/v2\/types\/product"}],"replies":[{"embeddable":true,"href":"https:\/\/nembutalhouse.com\/de\/wp-json\/wp\/v2\/comments?post=299"}],"wp:featuredmedia":[{"embeddable":true,"href":"https:\/\/nembutalhouse.com\/de\/wp-json\/wp\/v2\/media\/346"}],"wp:attachment":[{"href":"https:\/\/nembutalhouse.com\/de\/wp-json\/wp\/v2\/media?parent=299"}],"wp:term":[{"taxonomy":"product_cat","embeddable":true,"href":"https:\/\/nembutalhouse.com\/de\/wp-json\/wp\/v2\/product_cat?post=299"},{"taxonomy":"product_tag","embeddable":true,"href":"https:\/\/nembutalhouse.com\/de\/wp-json\/wp\/v2\/product_tag?post=299"}],"curies":[{"name":"wp","href":"https:\/\/api.w.org\/{rel}","templated":true}]}}