{"id":15,"date":"2022-12-13T18:41:56","date_gmt":"2022-12-13T18:41:56","guid":{"rendered":"https:\/\/nembutalhouse.com\/?post_type=product&#038;p=15"},"modified":"2026-03-06T11:08:44","modified_gmt":"2026-03-06T11:08:44","slug":"buy-nembutal-powder-online","status":"publish","type":"product","link":"https:\/\/nembutalhouse.com\/de\/produkt\/nembutal-pulver-online-kaufen\/","title":{"rendered":"Kaufen Sie Nembutalpulver online"},"content":{"rendered":"<h2 style=\"text-align: justify;\">Kaufen Sie Nembutalpulver online<\/h2>\n<p style=\"text-align: justify;\">If you are looking to buy the best quality Nembutal powder, our shop is perfect choice for you. Our quality product meets your expectations and delivers the comfort you have always desired from Nembutal powder. All our pentobarbital products are lab tested to ensure the highest quality first to customers. So now we have a reputation that we have to maintain.<\/p>\n<h3 style=\"text-align: justify;\">Verkaufen Sie echtes Nembutalpulver online:<\/h3>\n<p style=\"text-align: justify;\">Nembutal-Pulverlieferanten zu finden, die echtes Pulver online liefern, kann die meiste Zeit ziemlich schwierig sein. Viele Verk\u00e4ufer betr\u00fcgen den Online-Verkauf von Nembutal-Pulver, und die Reinheit des Pulvers ist ebenfalls fraglich. Die meisten von ihnen kennen die Fakten nicht, wie etwa die Herkunft dieser Substanz und die Methode der Verteilung und Kontrolle von Nembutal-Pulver. Und Sie k\u00f6nnten auf einige von ihnen sto\u00dfen. Habe aber mit dem gekauften Produkt keine Ergebnisse erhalten. Aus diesem Grund sind wir hier, um Ihnen 100% echtes Pentobarbital zu geben, damit Sie Ihr Leben effektiv \u00e4ndern k\u00f6nnen, damit Sie es k\u00f6nnen <a href=\"https:\/\/en.wikipedia.org\/?title=Nembutal&amp;redirect=no\"><strong>Nembutalpulver kaufen<\/strong><\/a> von uns.<\/p>\n<h3 style=\"text-align: justify;\">Erreichen Sie den vielseitigen Einsatz von Nembutal:<\/h3>\n<p style=\"text-align: justify;\">Nembutalpulver ist vielseitig, da Sie es je nach Bedarf auf unterschiedliche Weise verwenden k\u00f6nnen. Aus diesem Grund ist Nembutal perfekt vielseitig. Wenn Sie es f\u00fcr eine andere Verwendung in eine Fl\u00fcssigkeit umwandeln m\u00f6chten, k\u00f6nnen Sie dies tun, indem Sie es mit Wasser verd\u00fcnnen. Euthanasie ist ein sehr umstrittenes Thema. Sie k\u00f6nnen Nembutal-Pulver online \u00fcber unsere Website bestellen. Wenn es jedoch um die Phase der Euthanasie geht, oder einfach ausgedr\u00fcckt, der Prozess, Seelen aus dem Universum zu holen, wird die Verwendung von Nembutal-Pulver perfekt ausgef\u00fchrt. Der Prozess der Herstellung von Pentobarbital findet statt, und dort kommt der gr\u00f6\u00dfte Teil von Nembutal her.<\/p>\n<p style=\"text-align: justify;\">Wenn Sie Nembutal-Pulver online kaufen, wissen Sie, dass wir der vertrauensw\u00fcrdigste Lieferant von Nembutal-Pulver sind. Wir bieten das Authentischste <a href=\"https:\/\/nembutalhouse.com\/de\/produkt\/nembutal-pulver-online-kaufen\/\"><strong>Nembutalpulver zu verkaufen<\/strong><\/a>. Holen Sie sich Ihre Nembutal-Pulver-Lieferung von uns, indem Sie einfach eine Online-Bestellung aufgeben.<\/p>\n<h3 style=\"text-align: justify;\">Warum Nembutalpulver?<\/h3>\n<p style=\"text-align: justify;\">Die als Barbiturate bekannte Klasse des Nembutalpulvers. Diese im sp\u00e4ten 19. Jahrhundert erfundenen Aktionen unterdr\u00fccken verschiedene Aspekte der Gehirnfunktion. Barbiturate werden f\u00fcr viele Zwecke verwendet. Dazu geh\u00f6ren die Behandlung von Schlafst\u00f6rungen, Epilepsie und Hirnverletzungen \u2013 sowie Vollnarkose und Psychiatrie. Sie m\u00fcssen gr\u00fcndlich recherchieren, wo Sie Nembutalpulver am besten kaufen k\u00f6nnen.<\/p>\n<p style=\"text-align: justify;\">Es ist bekannt, dass Barbiturate sedierend wirken und effektiv eingesetzt werden k\u00f6nnen, um Leiden zu lindern. In gro\u00dfen Mengen k\u00f6nnen diese Medikamente aufgrund der mit einer \u00dcberdosierung verbundenen Risiken Atemdepression und Tod verursachen. Sie wurden daher in den letzten 20 Jahren dem normalen medizinischen Gebrauch entzogen.<\/p>\n<p style=\"text-align: justify;\">Das Medikament kann jetzt direkt beim Hersteller oder bezogen werden <a href=\"https:\/\/nembutalhouse.com\/de\/\" target=\"_blank\" rel=\"noopener\"><strong>Kaufen Sie Nembutal online<\/strong><\/a>. Neben Medikamentenberatung, Familienunterst\u00fctzung und anderen Ma\u00dfnahmen erfordert die Anwendung dieser Behandlungen oft viel Geschick und Verwirrung dar\u00fcber, wo man Nembutal-Pulver kaufen kann.<\/p>\n<p style=\"text-align: justify;\">Nicht nur das Argument der Notwendigkeit der Euthanasie ist falsch. Aber die Legalisierung von Euthanasie und Nembutal damit ist wahrscheinlich wirkungslos. Dies wird dazu f\u00fchren, dass die meisten Patienten, die die strengen Kriterien f\u00fcr Euthanasie nicht erf\u00fcllen, nur eingeschr\u00e4nkten Zugang zu angemessener Versorgung haben.<\/p>","protected":false},"excerpt":{"rendered":"<p>Jedes Gramm des Pulvers enth\u00e4lt 750 Milligramm (mg) Nembutalpulver.<\/p>","protected":false},"featured_media":17,"comment_status":"open","ping_status":"closed","template":"","meta":{"_joinchat":[]},"product_cat":[16],"product_tag":[556,545,17,537,547,538,18,19,554,551,20,544,21,22,23,24,25,26,27,28,29,30,31,32,560,33,542,34,561,549,552,539,559,557,548,558,35,36,37,38,39,541,40,41,42,43,555,553,44,550,45,46,543,47,546,540],"class_list":{"0":"post-15","1":"product","2":"type-product","3":"status-publish","4":"has-post-thumbnail","6":"product_cat-nembutal","7":"product_tag-best-cheap-price-nembutal-powder","8":"product_tag-best-place-to-buy-nembutal-powder","9":"product_tag-buy-nembutal-online","10":"product_tag-buy-nembutal-powder","11":"product_tag-buy-nembutal-powder-legally","12":"product_tag-buy-nembutal-powder-online","13":"product_tag-buy-nembutal-powder-online-without-prescription","14":"product_tag-buy-nembutal-uk","15":"product_tag-cheap-nembutal-powders","16":"product_tag-high-quality-nembutal-powder","17":"product_tag-how-can-i-get-nembutal","18":"product_tag-how-to-buy-nembutal-powder","19":"product_tag-how-to-make-nembutal","20":"product_tag-how-to-obtain-nembutal","21":"product_tag-how-to-purchase-nembutal","22":"product_tag-nembutal","23":"product_tag-nembutal-buy","24":"product_tag-nembutal-buy-india","25":"product_tag-nembutal-for-sale","26":"product_tag-nembutal-for-sale-online","27":"product_tag-nembutal-for-sale-usa","28":"product_tag-nembutal-order-online","29":"product_tag-nembutal-pentobarbital-for-sale-in-usa","30":"product_tag-nembutal-pentobarbital-sodium-for-sale","31":"product_tag-nembutal-powder-for-cleaning","32":"product_tag-nembutal-powder-for-sale","33":"product_tag-nembutal-powder-liquid","34":"product_tag-nembutal-powder-near-me","35":"product_tag-nembutal-powder-powder","36":"product_tag-nembutal-powder-price","37":"product_tag-nembutal-powder-store","38":"product_tag-nembutal-powder-supplier","39":"product_tag-nembutal-powder-wiki","40":"product_tag-nembutal-powder-worldwide","41":"product_tag-nembutal-powders-online","42":"product_tag-nembutal-powders-use","43":"product_tag-nembutal-sodium","44":"product_tag-nembutal-suicide","45":"product_tag-nembutal-where-to-buy","46":"product_tag-order-nembutal","47":"product_tag-order-nembutal-online","48":"product_tag-order-nembutal-powder","49":"product_tag-order-nembutal-powder-online","50":"product_tag-pentobarbital","51":"product_tag-pentobarbital-for-sale","52":"product_tag-pentobarbital-vs-phenobarbital","53":"product_tag-purcharse-nembutal-powder","54":"product_tag-shop-nembutal-powder","55":"product_tag-sodium-pentobarbital","56":"product_tag-top-quality-nembutal-powder","57":"product_tag-what-is-nembutal","58":"product_tag-where-to-buy-nembutal","59":"product_tag-where-to-buy-nembutal-powder","60":"product_tag-where-to-buy-nembutal-powder-online","61":"product_tag-where-to-order-nembutal-powder","62":"product_tag-wholesale-nembutal-powder-bulk-online","64":"first","65":"instock","66":"shipping-taxable","67":"purchasable","68":"product-type-variable","69":"has-default-attributes"},"yoast_head":"<!-- This site is optimized with the Yoast SEO plugin v24.1 - https:\/\/yoast.com\/wordpress\/plugins\/seo\/ -->\n<title>Buy Nembutal Powder Online - Nembutal Powder for Sale<\/title>\n<meta name=\"description\" content=\"You can buy nembutal powder online at the best prices from our online store. We have cheap and high-quality nembutal powder for sale and providing worldwide delivery. You can order from anytime, anywhere.\" \/>\n<meta name=\"robots\" content=\"index, follow, max-snippet:-1, max-image-preview:large, max-video-preview:-1\" \/>\n<link rel=\"canonical\" href=\"https:\/\/nembutalhouse.com\/de\/produkt\/nembutal-pulver-online-kaufen\/\" \/>\n<meta property=\"og:locale\" content=\"de_DE\" \/>\n<meta property=\"og:type\" content=\"article\" \/>\n<meta property=\"og:title\" content=\"Buy Nembutal Powder Online - Nembutal Powder for Sale\" \/>\n<meta property=\"og:description\" content=\"You can buy nembutal powder online at the best prices from our online store. We have cheap and high-quality nembutal powder for sale and providing worldwide delivery. You can order from anytime, anywhere.\" \/>\n<meta property=\"og:url\" content=\"https:\/\/nembutalhouse.com\/de\/produkt\/nembutal-pulver-online-kaufen\/\" \/>\n<meta property=\"og:site_name\" content=\"Nembutal House\" \/>\n<meta property=\"article:modified_time\" content=\"2026-03-06T11:08:44+00:00\" \/>\n<meta property=\"og:image\" content=\"https:\/\/nembutalhouse.com\/wp-content\/uploads\/2022\/12\/nembutal-powder.jpg\" \/>\n\t<meta property=\"og:image:width\" content=\"1000\" \/>\n\t<meta property=\"og:image:height\" content=\"1000\" \/>\n\t<meta property=\"og:image:type\" content=\"image\/jpeg\" \/>\n<meta name=\"twitter:card\" content=\"summary_large_image\" \/>\n<meta name=\"twitter:label1\" content=\"Gesch\u00e4tzte Lesezeit\" \/>\n\t<meta name=\"twitter:data1\" content=\"3\u00a0Minuten\" \/>\n<script type=\"application\/ld+json\" class=\"yoast-schema-graph\">{\"@context\":\"https:\/\/schema.org\",\"@graph\":[{\"@type\":\"WebPage\",\"@id\":\"https:\/\/nembutalhouse.com\/product\/buy-nembutal-powder-online\/\",\"url\":\"https:\/\/nembutalhouse.com\/product\/buy-nembutal-powder-online\/\",\"name\":\"Buy Nembutal Powder Online - Nembutal Powder for Sale\",\"isPartOf\":{\"@id\":\"https:\/\/nembutalhouse.com\/#website\"},\"primaryImageOfPage\":{\"@id\":\"https:\/\/nembutalhouse.com\/product\/buy-nembutal-powder-online\/#primaryimage\"},\"image\":{\"@id\":\"https:\/\/nembutalhouse.com\/product\/buy-nembutal-powder-online\/#primaryimage\"},\"thumbnailUrl\":\"https:\/\/nembutalhouse.com\/wp-content\/uploads\/2022\/12\/nembutal-powder.jpg\",\"datePublished\":\"2022-12-13T18:41:56+00:00\",\"dateModified\":\"2026-03-06T11:08:44+00:00\",\"description\":\"You can buy nembutal powder online at the best prices from our online store. We have cheap and high-quality nembutal powder for sale and providing worldwide delivery. You can order from anytime, anywhere.\",\"breadcrumb\":{\"@id\":\"https:\/\/nembutalhouse.com\/product\/buy-nembutal-powder-online\/#breadcrumb\"},\"inLanguage\":\"de\",\"potentialAction\":[{\"@type\":\"ReadAction\",\"target\":[\"https:\/\/nembutalhouse.com\/product\/buy-nembutal-powder-online\/\"]}]},{\"@type\":\"ImageObject\",\"inLanguage\":\"de\",\"@id\":\"https:\/\/nembutalhouse.com\/product\/buy-nembutal-powder-online\/#primaryimage\",\"url\":\"https:\/\/nembutalhouse.com\/wp-content\/uploads\/2022\/12\/nembutal-powder.jpg\",\"contentUrl\":\"https:\/\/nembutalhouse.com\/wp-content\/uploads\/2022\/12\/nembutal-powder.jpg\",\"width\":1000,\"height\":1000,\"caption\":\"buy nembutal powder online\"},{\"@type\":\"BreadcrumbList\",\"@id\":\"https:\/\/nembutalhouse.com\/product\/buy-nembutal-powder-online\/#breadcrumb\",\"itemListElement\":[{\"@type\":\"ListItem\",\"position\":1,\"name\":\"Home\",\"item\":\"https:\/\/nembutalhouse.com\/\"},{\"@type\":\"ListItem\",\"position\":2,\"name\":\"Shop\",\"item\":\"https:\/\/nembutalhouse.com\/shop\/\"},{\"@type\":\"ListItem\",\"position\":3,\"name\":\"Buy Nembutal Powder Online\"}]},{\"@type\":\"WebSite\",\"@id\":\"https:\/\/nembutalhouse.com\/#website\",\"url\":\"https:\/\/nembutalhouse.com\/\",\"name\":\"Nembutal House\",\"description\":\"Best Nembutal Online Store\",\"publisher\":{\"@id\":\"https:\/\/nembutalhouse.com\/#organization\"},\"potentialAction\":[{\"@type\":\"SearchAction\",\"target\":{\"@type\":\"EntryPoint\",\"urlTemplate\":\"https:\/\/nembutalhouse.com\/?s={search_term_string}\"},\"query-input\":{\"@type\":\"PropertyValueSpecification\",\"valueRequired\":true,\"valueName\":\"search_term_string\"}}],\"inLanguage\":\"de\"},{\"@type\":\"Organization\",\"@id\":\"https:\/\/nembutalhouse.com\/#organization\",\"name\":\"Nembutal House\",\"url\":\"https:\/\/nembutalhouse.com\/\",\"logo\":{\"@type\":\"ImageObject\",\"inLanguage\":\"de\",\"@id\":\"https:\/\/nembutalhouse.com\/#\/schema\/logo\/image\/\",\"url\":\"https:\/\/nembutalhouse.com\/wp-content\/uploads\/2022\/12\/logo.png\",\"contentUrl\":\"https:\/\/nembutalhouse.com\/wp-content\/uploads\/2022\/12\/logo.png\",\"width\":344,\"height\":103,\"caption\":\"Nembutal House\"},\"image\":{\"@id\":\"https:\/\/nembutalhouse.com\/#\/schema\/logo\/image\/\"}}]}<\/script>\n<!-- \/ Yoast SEO plugin. -->","yoast_head_json":{"title":"Buy Nembutal Powder Online - Nembutal Powder for Sale","description":"You can buy nembutal powder online at the best prices from our online store. We have cheap and high-quality nembutal powder for sale and providing worldwide delivery. You can order from anytime, anywhere.","robots":{"index":"index","follow":"follow","max-snippet":"max-snippet:-1","max-image-preview":"max-image-preview:large","max-video-preview":"max-video-preview:-1"},"canonical":"https:\/\/nembutalhouse.com\/de\/produkt\/nembutal-pulver-online-kaufen\/","og_locale":"de_DE","og_type":"article","og_title":"Buy Nembutal Powder Online - Nembutal Powder for Sale","og_description":"You can buy nembutal powder online at the best prices from our online store. We have cheap and high-quality nembutal powder for sale and providing worldwide delivery. You can order from anytime, anywhere.","og_url":"https:\/\/nembutalhouse.com\/de\/produkt\/nembutal-pulver-online-kaufen\/","og_site_name":"Nembutal House","article_modified_time":"2026-03-06T11:08:44+00:00","og_image":[{"width":1000,"height":1000,"url":"https:\/\/nembutalhouse.com\/wp-content\/uploads\/2022\/12\/nembutal-powder.jpg","type":"image\/jpeg"}],"twitter_card":"summary_large_image","twitter_misc":{"Gesch\u00e4tzte Lesezeit":"3\u00a0Minuten"},"schema":{"@context":"https:\/\/schema.org","@graph":[{"@type":"WebPage","@id":"https:\/\/nembutalhouse.com\/product\/buy-nembutal-powder-online\/","url":"https:\/\/nembutalhouse.com\/product\/buy-nembutal-powder-online\/","name":"Buy Nembutal Powder Online - Nembutal Powder for Sale","isPartOf":{"@id":"https:\/\/nembutalhouse.com\/#website"},"primaryImageOfPage":{"@id":"https:\/\/nembutalhouse.com\/product\/buy-nembutal-powder-online\/#primaryimage"},"image":{"@id":"https:\/\/nembutalhouse.com\/product\/buy-nembutal-powder-online\/#primaryimage"},"thumbnailUrl":"https:\/\/nembutalhouse.com\/wp-content\/uploads\/2022\/12\/nembutal-powder.jpg","datePublished":"2022-12-13T18:41:56+00:00","dateModified":"2026-03-06T11:08:44+00:00","description":"You can buy nembutal powder online at the best prices from our online store. We have cheap and high-quality nembutal powder for sale and providing worldwide delivery. You can order from anytime, anywhere.","breadcrumb":{"@id":"https:\/\/nembutalhouse.com\/product\/buy-nembutal-powder-online\/#breadcrumb"},"inLanguage":"de","potentialAction":[{"@type":"ReadAction","target":["https:\/\/nembutalhouse.com\/product\/buy-nembutal-powder-online\/"]}]},{"@type":"ImageObject","inLanguage":"de","@id":"https:\/\/nembutalhouse.com\/product\/buy-nembutal-powder-online\/#primaryimage","url":"https:\/\/nembutalhouse.com\/wp-content\/uploads\/2022\/12\/nembutal-powder.jpg","contentUrl":"https:\/\/nembutalhouse.com\/wp-content\/uploads\/2022\/12\/nembutal-powder.jpg","width":1000,"height":1000,"caption":"buy nembutal powder online"},{"@type":"BreadcrumbList","@id":"https:\/\/nembutalhouse.com\/product\/buy-nembutal-powder-online\/#breadcrumb","itemListElement":[{"@type":"ListItem","position":1,"name":"Home","item":"https:\/\/nembutalhouse.com\/"},{"@type":"ListItem","position":2,"name":"Shop","item":"https:\/\/nembutalhouse.com\/shop\/"},{"@type":"ListItem","position":3,"name":"Buy Nembutal Powder Online"}]},{"@type":"WebSite","@id":"https:\/\/nembutalhouse.com\/#website","url":"https:\/\/nembutalhouse.com\/","name":"Nembutal House","description":"Best Nembutal Online Store","publisher":{"@id":"https:\/\/nembutalhouse.com\/#organization"},"potentialAction":[{"@type":"SearchAction","target":{"@type":"EntryPoint","urlTemplate":"https:\/\/nembutalhouse.com\/?s={search_term_string}"},"query-input":{"@type":"PropertyValueSpecification","valueRequired":true,"valueName":"search_term_string"}}],"inLanguage":"de"},{"@type":"Organization","@id":"https:\/\/nembutalhouse.com\/#organization","name":"Nembutal House","url":"https:\/\/nembutalhouse.com\/","logo":{"@type":"ImageObject","inLanguage":"de","@id":"https:\/\/nembutalhouse.com\/#\/schema\/logo\/image\/","url":"https:\/\/nembutalhouse.com\/wp-content\/uploads\/2022\/12\/logo.png","contentUrl":"https:\/\/nembutalhouse.com\/wp-content\/uploads\/2022\/12\/logo.png","width":344,"height":103,"caption":"Nembutal House"},"image":{"@id":"https:\/\/nembutalhouse.com\/#\/schema\/logo\/image\/"}}]}},"_links":{"self":[{"href":"https:\/\/nembutalhouse.com\/de\/wp-json\/wp\/v2\/product\/15","targetHints":{"allow":["GET"]}}],"collection":[{"href":"https:\/\/nembutalhouse.com\/de\/wp-json\/wp\/v2\/product"}],"about":[{"href":"https:\/\/nembutalhouse.com\/de\/wp-json\/wp\/v2\/types\/product"}],"replies":[{"embeddable":true,"href":"https:\/\/nembutalhouse.com\/de\/wp-json\/wp\/v2\/comments?post=15"}],"wp:featuredmedia":[{"embeddable":true,"href":"https:\/\/nembutalhouse.com\/de\/wp-json\/wp\/v2\/media\/17"}],"wp:attachment":[{"href":"https:\/\/nembutalhouse.com\/de\/wp-json\/wp\/v2\/media?parent=15"}],"wp:term":[{"taxonomy":"product_cat","embeddable":true,"href":"https:\/\/nembutalhouse.com\/de\/wp-json\/wp\/v2\/product_cat?post=15"},{"taxonomy":"product_tag","embeddable":true,"href":"https:\/\/nembutalhouse.com\/de\/wp-json\/wp\/v2\/product_tag?post=15"}],"curies":[{"name":"wp","href":"https:\/\/api.w.org\/{rel}","templated":true}]}}