{"id":1482,"date":"2024-10-16T11:51:00","date_gmt":"2024-10-16T11:51:00","guid":{"rendered":"https:\/\/nembutalhouse.com\/?post_type=product&#038;p=1482"},"modified":"2026-02-26T12:59:06","modified_gmt":"2026-02-26T12:59:06","slug":"buy-5-meo-dalt-online","status":"publish","type":"product","link":"https:\/\/nembutalhouse.com\/de\/produkt\/buy-5-meo-dalt-online\/","title":{"rendered":"Buy 5-MEO-DALT Online"},"content":{"rendered":"<h2>Buy 5-MEO-DALT Online<\/h2>\n<p>Kaufen Sie 5-MeO-DALT Freebase auf dieser Website.<br \/>\nInnerhalb der Tryptaminklasse ist N,N-Diallyl-5-Methoxytryptamin - umgangssprachlich auch als 5-MeO-DALT oder \"Foxtrot\" bekannt - eine weniger bekannte psychedelische Substanz, die bei der Einnahme kurze psychedelische Wirkungen erzeugt. Obwohl es andere Wirkungen zu haben scheint als Tryptamine wie <a href=\"https:\/\/nembutalhouse.com\/de\/produkt\/buy-5-meo-dalt-online\/\">5-MeO-DiPT<\/a> und DALT, da es eine \u00e4hnliche Struktur wie diese aufweist. Die Synthese von 5-MeO-DALT wurde zun\u00e4chst von Alexander Shulgin durchgef\u00fchrt. Im Mai 2004 gab er einem Forscher die ersten Einzelheiten \u00fcber seine Entstehung und Funktion bekannt. 5-MeO-DALT ist chemisch gesehen als 5-MethOxy-DiALlyl-Tryptamin bekannt.<\/p>\n<h3>5-MeO-DALT Freebase Zug\u00e4nglichkeit.<\/h3>\n<p>F\u00fcr 5-MeO-DALT Freebase gibt es zwei Dosierungsm\u00f6glichkeiten: 250mg und 500mg.<\/p>\n<p>5-MeO-DALT Freebase Lagerungsbedingungen.<\/p>\n<p>Sobald du deinen 5-MeO-DALT Freebase Artikel hast, solltest du ihn an einem schattigen Ort aufbewahren.<\/p>\n<p>Sobald Ihr 5-MeO-DALT Freebase Artikel eintrifft, lagern Sie ihn an einem trockenen Ort ohne direkte Sonneneinstrahlung und bei einer Temperatur zwischen 20 und 25 Grad Celsius. Wenn es Ihr Ziel ist, die Reinheit von 5-MeO-DALT Freebase \u00fcber einen l\u00e4ngeren Zeitraum zu erhalten, <a href=\"https:\/\/nembutalhouse.com\/de\/\">NembutalHaus<\/a> schl\u00e4gt vor, in eine Vakuumversiegelungsmaschine zu investieren. Denken Sie daran, uns zu fragen, wenn Sie diesbez\u00fcglich Fragen oder Bedenken haben.<\/p>\n<h3>Verwalten Sie Ihre Freebase, 5-MeO-DALT.<\/h3>\n<p>Es wird dringend empfohlen, beim Umgang mit 5-MeO-DALT Freebase eine FFP-2-Maske und Handschuhe zu tragen und andere Sicherheitsvorkehrungen zu treffen.<\/p>\n<h3>Wo kann ich Freebase 5-MeO-DALT kaufen?<\/h3>\n<p>Sie k\u00f6nnen Forschungschemikalien wie 5-MeO-DALT Freebase von unserer Website NembutalHouse kaufen. Bevor wir eine der Substanzen, die wir f\u00fcr die Forschung verwenden, zum Verkauf anbieten,<\/p>\n<p>Wir erforschen und testen sie. Dies ist die einzige Methode, um die \u00fcberlegene Qualit\u00e4t unserer 5-MeO-DALT Freebase nachzuweisen. Bitte z\u00f6gern Sie nicht, uns zu kontaktieren, wenn Sie die Ergebnisse oder andere Unterst\u00fctzung ben\u00f6tigen. Wir haben nur <a href=\"https:\/\/en.wikipedia.org\/wiki\/5-MeO-DALT\">5-MeO-DALT<\/a> Freebase ist als Pulver erh\u00e4ltlich, aber wir haben auch einige andere Forschungschemikalien in Pellet- und Blotterform im Angebot.<\/p>\n<h3>Warum sollte ich bei NembutalHouse einkaufen?<\/h3>\n<p>Zu den Einzelh\u00e4ndlern, die autorisiert sind, Lizard Labs Waren zu f\u00fchren, geh\u00f6ren wir. Eigentlich ist NembutalHouse im Besitz und betrieben von Lizard Labs. Die gesamte Liste ist immer auf der Website von Lizard Labs verf\u00fcgbar. Wir k\u00f6nnen Ihnen einen hervorragenden Service und Forschungschemikalien zu den besten Preisen garantieren, weil wir seit mehr als zehn Jahren in diesem Gesch\u00e4ft sind.<\/p>\n<h3>Die Kaufanforderungen f\u00fcr 5-MeO-DALT Freebase sind einzigartig.<\/h3>\n<p>Sie k\u00f6nnen 4-AcO-MET Fumarat bei uns online kaufen. Voraussetzung daf\u00fcr ist, dass Sie mindestens achtzehn Jahre alt sind und dass Sie alle Bedingungen und Einschr\u00e4nkungen kennen, die f\u00fcr unsere Website und den Bestellvorgang gelten. Au\u00dferdem bieten wir ausschlie\u00dflich Forschungssubstanzen zur Erprobung oder Anwendung im Labor an. Geben Sie einfach Ihre erste Lieferadresse in das Anmeldeformular ein, beginnen Sie mit dem Einkauf und best\u00e4tigen Sie, dass Sie alle Bedingungen erf\u00fcllen!<\/p>\n<p>&nbsp;<\/p>\n<p>&nbsp;<\/p>","protected":false},"excerpt":{"rendered":"<p>Buy 5-MEO-DALT Online Purchase 5-MeO-DALT Freebase from this website. Within the tryptamine class, N,N-Diallyl-5-methoxytryptamine\u2014also known colloquially as 5-MeO-DALT or \u201cFoxtrot\u201d\u2014is a less well-known psychedelic substance that produces brief psychedelic effects&hellip;<\/p>","protected":false},"featured_media":1564,"comment_status":"open","ping_status":"closed","template":"","meta":{"_joinchat":[]},"product_cat":[186],"product_tag":[1706,1724,1701,1712,1713,1716,1702,1722,1723,1721,1720,1709,1699,1711,1700,1718,1715,1708,1704,1705,1719,1717,1714,1707,1710,1703],"class_list":{"0":"post-1482","1":"product","2":"type-product","3":"status-publish","4":"has-post-thumbnail","6":"product_cat-research-chemicals","7":"product_tag-5-meo-dalt-powder","8":"product_tag-5-meo-dalt-powder-for-cleaning","9":"product_tag-5-meo-dalt-powder-for-sale","10":"product_tag-5-meo-dalt-powder-online","11":"product_tag-5-meo-dalt-powder-price","12":"product_tag-5-meo-dalt-powder-store","13":"product_tag-5-meo-dalt-powder-supplier","14":"product_tag-5-meo-dalt-powder-use","15":"product_tag-5-meo-dalt-powder-wiki","16":"product_tag-5-meo-dalt-powder-worldwide","17":"product_tag-best-cheap-price-5-meo-dalt-powder","18":"product_tag-best-place-to-buy-5-meo-dalt-powder","19":"product_tag-buy-5-meo-dalt-powder","20":"product_tag-buy-5-meo-dalt-powder-legally","21":"product_tag-buy-5-meo-dalt-powder-online","22":"product_tag-cheap-5-meo-dalt-powder","23":"product_tag-high-quality-5-meo-dalt-powder","24":"product_tag-how-to-buy-5-meo-dalt-powder","25":"product_tag-order-5-meo-dalt-powder","26":"product_tag-order-5-meo-dalt-powder-online","27":"product_tag-purcharse-5-meo-dalt-powder-powder","28":"product_tag-shop-5-meo-dalt-powder","29":"product_tag-top-quality-5-meo-dalt-powder","30":"product_tag-where-to-buy-5-meo-dalt-powder","31":"product_tag-where-to-order-5-meo-dalt-powder","32":"product_tag-wholesale-5-meo-dalt-powder-bulk-online","34":"first","35":"instock","36":"shipping-taxable","37":"purchasable","38":"product-type-variable"},"yoast_head":"<!-- This site is optimized with the Yoast SEO plugin v24.1 - https:\/\/yoast.com\/wordpress\/plugins\/seo\/ -->\n<title>Buy 5 MEO-DALT Online - 5 MEO-DALT for Sale Online<\/title>\n<meta name=\"description\" content=\"We are the leading store available with 5-meo-dalt for sale. If you wish to buy 5-meo-dalt online, contact us right away and get the order delivered. Order Now!\" \/>\n<meta name=\"robots\" content=\"index, follow, max-snippet:-1, max-image-preview:large, max-video-preview:-1\" \/>\n<link rel=\"canonical\" href=\"https:\/\/nembutalhouse.com\/de\/produkt\/buy-5-meo-dalt-online\/\" \/>\n<meta property=\"og:locale\" content=\"de_DE\" \/>\n<meta property=\"og:type\" content=\"article\" \/>\n<meta property=\"og:title\" content=\"Buy 5 MEO-DALT Online - 5 MEO-DALT for Sale Online\" \/>\n<meta property=\"og:description\" content=\"We are the leading store available with 5-meo-dalt for sale. If you wish to buy 5-meo-dalt online, contact us right away and get the order delivered. Order Now!\" \/>\n<meta property=\"og:url\" content=\"https:\/\/nembutalhouse.com\/de\/produkt\/buy-5-meo-dalt-online\/\" \/>\n<meta property=\"og:site_name\" content=\"Nembutal House\" \/>\n<meta property=\"article:modified_time\" content=\"2026-02-26T12:59:06+00:00\" \/>\n<meta property=\"og:image\" content=\"https:\/\/nembutalhouse.com\/wp-content\/uploads\/2024\/10\/5-MEO-DALT.gif\" \/>\n\t<meta property=\"og:image:width\" content=\"600\" \/>\n\t<meta property=\"og:image:height\" content=\"600\" \/>\n\t<meta property=\"og:image:type\" content=\"image\/gif\" \/>\n<meta name=\"twitter:card\" content=\"summary_large_image\" \/>\n<meta name=\"twitter:label1\" content=\"Gesch\u00e4tzte Lesezeit\" \/>\n\t<meta name=\"twitter:data1\" content=\"3\u00a0Minuten\" \/>\n<script type=\"application\/ld+json\" class=\"yoast-schema-graph\">{\"@context\":\"https:\/\/schema.org\",\"@graph\":[{\"@type\":\"WebPage\",\"@id\":\"https:\/\/nembutalhouse.com\/product\/buy-5-meo-dalt-online\/\",\"url\":\"https:\/\/nembutalhouse.com\/product\/buy-5-meo-dalt-online\/\",\"name\":\"Buy 5 MEO-DALT Online - 5 MEO-DALT for Sale Online\",\"isPartOf\":{\"@id\":\"https:\/\/nembutalhouse.com\/#website\"},\"primaryImageOfPage\":{\"@id\":\"https:\/\/nembutalhouse.com\/product\/buy-5-meo-dalt-online\/#primaryimage\"},\"image\":{\"@id\":\"https:\/\/nembutalhouse.com\/product\/buy-5-meo-dalt-online\/#primaryimage\"},\"thumbnailUrl\":\"https:\/\/nembutalhouse.com\/wp-content\/uploads\/2024\/10\/5-MEO-DALT.gif\",\"datePublished\":\"2024-10-16T11:51:00+00:00\",\"dateModified\":\"2026-02-26T12:59:06+00:00\",\"description\":\"We are the leading store available with 5-meo-dalt for sale. If you wish to buy 5-meo-dalt online, contact us right away and get the order delivered. Order Now!\",\"breadcrumb\":{\"@id\":\"https:\/\/nembutalhouse.com\/product\/buy-5-meo-dalt-online\/#breadcrumb\"},\"inLanguage\":\"de\",\"potentialAction\":[{\"@type\":\"ReadAction\",\"target\":[\"https:\/\/nembutalhouse.com\/product\/buy-5-meo-dalt-online\/\"]}]},{\"@type\":\"ImageObject\",\"inLanguage\":\"de\",\"@id\":\"https:\/\/nembutalhouse.com\/product\/buy-5-meo-dalt-online\/#primaryimage\",\"url\":\"https:\/\/nembutalhouse.com\/wp-content\/uploads\/2024\/10\/5-MEO-DALT.gif\",\"contentUrl\":\"https:\/\/nembutalhouse.com\/wp-content\/uploads\/2024\/10\/5-MEO-DALT.gif\",\"width\":600,\"height\":600,\"caption\":\"Buy 5-MEO-DALT Online\"},{\"@type\":\"BreadcrumbList\",\"@id\":\"https:\/\/nembutalhouse.com\/product\/buy-5-meo-dalt-online\/#breadcrumb\",\"itemListElement\":[{\"@type\":\"ListItem\",\"position\":1,\"name\":\"Home\",\"item\":\"https:\/\/nembutalhouse.com\/\"},{\"@type\":\"ListItem\",\"position\":2,\"name\":\"Shop\",\"item\":\"https:\/\/nembutalhouse.com\/shop\/\"},{\"@type\":\"ListItem\",\"position\":3,\"name\":\"Buy 5-MEO-DALT Online\"}]},{\"@type\":\"WebSite\",\"@id\":\"https:\/\/nembutalhouse.com\/#website\",\"url\":\"https:\/\/nembutalhouse.com\/\",\"name\":\"Nembutal House\",\"description\":\"Best Nembutal Online Store\",\"publisher\":{\"@id\":\"https:\/\/nembutalhouse.com\/#organization\"},\"potentialAction\":[{\"@type\":\"SearchAction\",\"target\":{\"@type\":\"EntryPoint\",\"urlTemplate\":\"https:\/\/nembutalhouse.com\/?s={search_term_string}\"},\"query-input\":{\"@type\":\"PropertyValueSpecification\",\"valueRequired\":true,\"valueName\":\"search_term_string\"}}],\"inLanguage\":\"de\"},{\"@type\":\"Organization\",\"@id\":\"https:\/\/nembutalhouse.com\/#organization\",\"name\":\"Nembutal House\",\"url\":\"https:\/\/nembutalhouse.com\/\",\"logo\":{\"@type\":\"ImageObject\",\"inLanguage\":\"de\",\"@id\":\"https:\/\/nembutalhouse.com\/#\/schema\/logo\/image\/\",\"url\":\"https:\/\/nembutalhouse.com\/wp-content\/uploads\/2022\/12\/logo.png\",\"contentUrl\":\"https:\/\/nembutalhouse.com\/wp-content\/uploads\/2022\/12\/logo.png\",\"width\":344,\"height\":103,\"caption\":\"Nembutal House\"},\"image\":{\"@id\":\"https:\/\/nembutalhouse.com\/#\/schema\/logo\/image\/\"}}]}<\/script>\n<!-- \/ Yoast SEO plugin. -->","yoast_head_json":{"title":"Buy 5 MEO-DALT Online - 5 MEO-DALT for Sale Online","description":"We are the leading store available with 5-meo-dalt for sale. If you wish to buy 5-meo-dalt online, contact us right away and get the order delivered. Order Now!","robots":{"index":"index","follow":"follow","max-snippet":"max-snippet:-1","max-image-preview":"max-image-preview:large","max-video-preview":"max-video-preview:-1"},"canonical":"https:\/\/nembutalhouse.com\/de\/produkt\/buy-5-meo-dalt-online\/","og_locale":"de_DE","og_type":"article","og_title":"Buy 5 MEO-DALT Online - 5 MEO-DALT for Sale Online","og_description":"We are the leading store available with 5-meo-dalt for sale. If you wish to buy 5-meo-dalt online, contact us right away and get the order delivered. Order Now!","og_url":"https:\/\/nembutalhouse.com\/de\/produkt\/buy-5-meo-dalt-online\/","og_site_name":"Nembutal House","article_modified_time":"2026-02-26T12:59:06+00:00","og_image":[{"width":600,"height":600,"url":"https:\/\/nembutalhouse.com\/wp-content\/uploads\/2024\/10\/5-MEO-DALT.gif","type":"image\/gif"}],"twitter_card":"summary_large_image","twitter_misc":{"Gesch\u00e4tzte Lesezeit":"3\u00a0Minuten"},"schema":{"@context":"https:\/\/schema.org","@graph":[{"@type":"WebPage","@id":"https:\/\/nembutalhouse.com\/product\/buy-5-meo-dalt-online\/","url":"https:\/\/nembutalhouse.com\/product\/buy-5-meo-dalt-online\/","name":"Buy 5 MEO-DALT Online - 5 MEO-DALT for Sale Online","isPartOf":{"@id":"https:\/\/nembutalhouse.com\/#website"},"primaryImageOfPage":{"@id":"https:\/\/nembutalhouse.com\/product\/buy-5-meo-dalt-online\/#primaryimage"},"image":{"@id":"https:\/\/nembutalhouse.com\/product\/buy-5-meo-dalt-online\/#primaryimage"},"thumbnailUrl":"https:\/\/nembutalhouse.com\/wp-content\/uploads\/2024\/10\/5-MEO-DALT.gif","datePublished":"2024-10-16T11:51:00+00:00","dateModified":"2026-02-26T12:59:06+00:00","description":"We are the leading store available with 5-meo-dalt for sale. If you wish to buy 5-meo-dalt online, contact us right away and get the order delivered. Order Now!","breadcrumb":{"@id":"https:\/\/nembutalhouse.com\/product\/buy-5-meo-dalt-online\/#breadcrumb"},"inLanguage":"de","potentialAction":[{"@type":"ReadAction","target":["https:\/\/nembutalhouse.com\/product\/buy-5-meo-dalt-online\/"]}]},{"@type":"ImageObject","inLanguage":"de","@id":"https:\/\/nembutalhouse.com\/product\/buy-5-meo-dalt-online\/#primaryimage","url":"https:\/\/nembutalhouse.com\/wp-content\/uploads\/2024\/10\/5-MEO-DALT.gif","contentUrl":"https:\/\/nembutalhouse.com\/wp-content\/uploads\/2024\/10\/5-MEO-DALT.gif","width":600,"height":600,"caption":"Buy 5-MEO-DALT Online"},{"@type":"BreadcrumbList","@id":"https:\/\/nembutalhouse.com\/product\/buy-5-meo-dalt-online\/#breadcrumb","itemListElement":[{"@type":"ListItem","position":1,"name":"Home","item":"https:\/\/nembutalhouse.com\/"},{"@type":"ListItem","position":2,"name":"Shop","item":"https:\/\/nembutalhouse.com\/shop\/"},{"@type":"ListItem","position":3,"name":"Buy 5-MEO-DALT Online"}]},{"@type":"WebSite","@id":"https:\/\/nembutalhouse.com\/#website","url":"https:\/\/nembutalhouse.com\/","name":"Nembutal House","description":"Best Nembutal Online Store","publisher":{"@id":"https:\/\/nembutalhouse.com\/#organization"},"potentialAction":[{"@type":"SearchAction","target":{"@type":"EntryPoint","urlTemplate":"https:\/\/nembutalhouse.com\/?s={search_term_string}"},"query-input":{"@type":"PropertyValueSpecification","valueRequired":true,"valueName":"search_term_string"}}],"inLanguage":"de"},{"@type":"Organization","@id":"https:\/\/nembutalhouse.com\/#organization","name":"Nembutal House","url":"https:\/\/nembutalhouse.com\/","logo":{"@type":"ImageObject","inLanguage":"de","@id":"https:\/\/nembutalhouse.com\/#\/schema\/logo\/image\/","url":"https:\/\/nembutalhouse.com\/wp-content\/uploads\/2022\/12\/logo.png","contentUrl":"https:\/\/nembutalhouse.com\/wp-content\/uploads\/2022\/12\/logo.png","width":344,"height":103,"caption":"Nembutal House"},"image":{"@id":"https:\/\/nembutalhouse.com\/#\/schema\/logo\/image\/"}}]}},"_links":{"self":[{"href":"https:\/\/nembutalhouse.com\/de\/wp-json\/wp\/v2\/product\/1482","targetHints":{"allow":["GET"]}}],"collection":[{"href":"https:\/\/nembutalhouse.com\/de\/wp-json\/wp\/v2\/product"}],"about":[{"href":"https:\/\/nembutalhouse.com\/de\/wp-json\/wp\/v2\/types\/product"}],"replies":[{"embeddable":true,"href":"https:\/\/nembutalhouse.com\/de\/wp-json\/wp\/v2\/comments?post=1482"}],"wp:featuredmedia":[{"embeddable":true,"href":"https:\/\/nembutalhouse.com\/de\/wp-json\/wp\/v2\/media\/1564"}],"wp:attachment":[{"href":"https:\/\/nembutalhouse.com\/de\/wp-json\/wp\/v2\/media?parent=1482"}],"wp:term":[{"taxonomy":"product_cat","embeddable":true,"href":"https:\/\/nembutalhouse.com\/de\/wp-json\/wp\/v2\/product_cat?post=1482"},{"taxonomy":"product_tag","embeddable":true,"href":"https:\/\/nembutalhouse.com\/de\/wp-json\/wp\/v2\/product_tag?post=1482"}],"curies":[{"name":"wp","href":"https:\/\/api.w.org\/{rel}","templated":true}]}}