{"id":1480,"date":"2024-10-16T11:51:00","date_gmt":"2024-10-16T11:51:00","guid":{"rendered":"https:\/\/nembutalhouse.com\/?post_type=product&#038;p=1480"},"modified":"2026-02-26T12:57:49","modified_gmt":"2026-02-26T12:57:49","slug":"buy-4-mec-online-2","status":"publish","type":"product","link":"https:\/\/nembutalhouse.com\/de\/produkt\/buy-4-mec-online-2\/","title":{"rendered":"Buy 4-MEC Online"},"content":{"rendered":"<h2>Buy 4-MEC Online<\/h2>\n<h3>4-Methyl-N-ethyl-Cathinon<\/h3>\n<p><a href=\"https:\/\/nembutalhouse.com\/de\/produkt\/buy-4-mec-online-2\/\">4-Methylethcathinon<\/a>\u00a0 (4-MEC) ist ein Cathinon-Derivat, das in mehreren Designer- und Freizeitdrogen vorkommt, die als Ersatz f\u00fcr kontrollierte Stimulanzien wie Methamphetamin und 3,4-Methylendioxymethamphetamin verkauft werden.1,2,3 Die Hydrochlorid-Formulierung dieser Verbindung soll als Standard f\u00fcr die forensische Analyse von Proben verwendet werden, die 4-MEC enthalten k\u00f6nnten.<\/p>\n<p>Technische Informationen<\/p>\n<p>Formeller Name 2-(Ethylamino)-1-(4-Methylphenyl)-1-propanon, Monohydrochlorid<\/p>\n<p>CAS-Nummer 1266688-86-1<\/p>\n<p>Synonyme<\/p>\n<p>4-Methyl-N-ethyl-Cathinon<\/p>\n<p><a href=\"https:\/\/en.wikipedia.org\/wiki\/4-Methylethcathinone\">4-MEC<\/a><\/p>\n<p>Summenformel C12H17NO - HCl<\/p>\n<p>Formel Gewicht 227,7<\/p>\n<p>Reinheit \u226598%<\/p>\n<p>Formulierung A kristalliner Feststoff<\/p>\n<p>\u03bbmax 260 nm<\/p>\n<p>SMILES CC1=CC=C(C(C(NCC)C)=O)C=C1.Cl<\/p>\n<p>InChI Code InChI=1S\/C12H17NO.ClH\/c1-4-13-10(3)12(14)11-7-5-9(2)6-8-11;\/h5-8,10,13H,4H2,1-3H3;1H<\/p>\n<p>InChI-Schl\u00fcssel RQTXXFLUWZXGIE-UHFFFAOYSA-N<\/p>\n<h3>NEMBUTALHALTIGE CHEMIKALIEN<\/h3>\n<h3>WIR LIEFERN FORSCHUNGSCHEMIKALIEN WELTWEIT<\/h3>\n<p>\u00dcber<\/p>\n<p>vertrauensw\u00fcrdige, \u00fcberpr\u00fcfte, verifizierte, sichere und zugelassene Lieferanten von Forschungschemikalien<\/p>\n<p>Wir stellen vor: <a href=\"https:\/\/nembutalhouse.com\/de\/\">NembutalHaus<\/a>, einem renommierten Anbieter von Forschungschemikalien, der modernste Materialien f\u00fcr Ihre Projekte bereitstellt. Sie brauchen einen Lieferanten, auf den Sie sich verlassen k\u00f6nnen, um Chemikalien anzubieten, die 100% authentisch und rein sind, und Sie k\u00f6nnen sich darauf verlassen, wenn Sie mit uns zusammenarbeiten. Wir sind sehr stolz auf unseren Ruf als einer der seri\u00f6sesten Anbieter in der Internetbranche, den wir uns durch unser Engagement f\u00fcr Qualit\u00e4t und wissenschaftliche Integrit\u00e4t erworben haben.<\/p>\n<p>Unsere Kunden k\u00f6nnen von unseren verschiedenen Zahlungsm\u00f6glichkeiten, der zuverl\u00e4ssigen Lieferung und der gr\u00f6\u00dften Auswahl an Forschungschemikalien profitieren. Auf diese Weise k\u00f6nnen wir mehreren Forschern auf allen Kontinenten dabei helfen, jene ungew\u00f6hnlichen und selten untersuchten Forschungsressourcen zu finden, die regelm\u00e4\u00dfig die Forschung in den Bereichen Physik, Chemie, Biologie oder Pharmakologie ma\u00dfgeblich beeinflussen k\u00f6nnen. Wir suchen st\u00e4ndig nach Methoden, um unser Angebot zu verbessern, und nehmen, wo immer m\u00f6glich, neue Forschungschemikalien in unsere Produktliste auf, um unserem Ziel gerecht zu werden.<\/p>\n<p>Je nach ihrem unmittelbaren Bedarf k\u00f6nnen unsere Kunden Auftr\u00e4ge in gr\u00f6\u00dferen oder kleineren Mengen abnehmen. Wir bem\u00fchen uns, auf die W\u00fcnsche unserer Kunden weltweit einzugehen und ihnen die Forschungschemikalien anzubieten, die sie sich w\u00fcnschen. Unser oberstes Ziel ist es, der wissenschaftlichen Gemeinschaft den Zugang zu erschwinglichen, qualitativ hochwertigen Forschungschemikalien zu erleichtern und gleichzeitig das Wissen auf technische Weise zu erweitern.<\/p>\n<p>Bitte beachten Sie, dass die Forschungsprodukte von NembutalHouse Company geliefert werden.<\/p>\n<p>Bitte beachten Sie, dass NembutalHouse Company nur die strenge Verwendung seiner Forschungsg\u00fcter f\u00fcr legitime wissenschaftliche Forschung in einer sicheren, kontrollierten Laborumgebung unter Einhaltung der \u00f6rtlichen Gesetze und Vorschriften erlaubt. Unsere Artikel sind strengstens verboten f\u00fcr den menschlichen Verzehr, egal was.<\/p>\n<p>First Research Chemical Store, Inc.<\/p>\n<p>Wir liefern Forschungschemikalien an medizinische Einrichtungen, Toxikologen, Biochemiker, Pharmakologen, Chemiestudenten, pharmazeutische Wissenschaftler und Bildungseinrichtungen.<\/p>","protected":false},"excerpt":{"rendered":"<p>Buy 4-MEC Online 4-methyl-N-ethyl Cathinone 4-Methylethcathinone\u00a0 (4-MEC) is a cathinone derivative identified in several designer,\u00a0 recreational drugs that are sold as \u201clegal high\u201d replacements for\u00a0 controlled stimulants such as methamphetamine&hellip;<\/p>","protected":false},"featured_media":1570,"comment_status":"open","ping_status":"closed","template":"","meta":{"_joinchat":[]},"product_cat":[188],"product_tag":[1784,1802,1779,1790,1791,1794,1780,1800,1801,1799,1798,1787,1777,1789,1778,1796,1793,1786,1782,1783,1797,1795,1792,1785,1788,1781],"class_list":{"0":"post-1480","1":"product","2":"type-product","3":"status-publish","4":"has-post-thumbnail","6":"product_cat-stimulants","7":"product_tag-4-mec-hyper","8":"product_tag-4-mec-hyper-for-cleaning","9":"product_tag-4-mec-hyper-for-sale","10":"product_tag-4-mec-hyper-online","11":"product_tag-4-mec-hyper-price","12":"product_tag-4-mec-hyper-store","13":"product_tag-4-mec-hyper-supplier","14":"product_tag-4-mec-hyper-use","15":"product_tag-4-mec-hyper-wiki","16":"product_tag-4-mec-hyper-worldwide","17":"product_tag-best-cheap-price-4-mec-hyper","18":"product_tag-best-place-to-buy-4-mec-hyper","19":"product_tag-buy-4-mec-hyper","20":"product_tag-buy-4-mec-hyper-legally","21":"product_tag-buy-4-mec-hyper-online","22":"product_tag-cheap-4-mec-hyper","23":"product_tag-high-quality-4-mec-hyper","24":"product_tag-how-to-buy-4-mec-hyper","25":"product_tag-order-4-mec-hyper","26":"product_tag-order-4-mec-hyper-online","27":"product_tag-purcharse-4-mec-hyper-powder","28":"product_tag-shop-4-mec-hyper","29":"product_tag-top-quality-4-mec-hyper","30":"product_tag-where-to-buy-4-mec-hyper","31":"product_tag-where-to-order-4-mec-hyper","32":"product_tag-wholesale-4-mec-hyper-bulk-online","34":"first","35":"instock","36":"shipping-taxable","37":"purchasable","38":"product-type-variable"},"yoast_head":"<!-- This site is optimized with the Yoast SEO plugin v24.1 - https:\/\/yoast.com\/wordpress\/plugins\/seo\/ -->\n<title>Buy 4-MEC Hyper Online - 4-MEC Hyper for Sale<\/title>\n<meta name=\"description\" content=\"Our store has the top quality 4-mec-hyper for sale. You can never get over the quality of our products. If you need then, You can buy 4-mec-hyper online right away. Order now!\" \/>\n<meta name=\"robots\" content=\"index, follow, max-snippet:-1, max-image-preview:large, max-video-preview:-1\" \/>\n<link rel=\"canonical\" href=\"https:\/\/nembutalhouse.com\/de\/produkt\/buy-4-mec-online-2\/\" \/>\n<meta property=\"og:locale\" content=\"de_DE\" \/>\n<meta property=\"og:type\" content=\"article\" \/>\n<meta property=\"og:title\" content=\"Buy 4-MEC Hyper Online - 4-MEC Hyper for Sale\" \/>\n<meta property=\"og:description\" content=\"Our store has the top quality 4-mec-hyper for sale. You can never get over the quality of our products. If you need then, You can buy 4-mec-hyper online right away. Order now!\" \/>\n<meta property=\"og:url\" content=\"https:\/\/nembutalhouse.com\/de\/produkt\/buy-4-mec-online-2\/\" \/>\n<meta property=\"og:site_name\" content=\"Nembutal House\" \/>\n<meta property=\"article:modified_time\" content=\"2026-02-26T12:57:49+00:00\" \/>\n<meta property=\"og:image\" content=\"https:\/\/nembutalhouse.com\/wp-content\/uploads\/2024\/10\/4-MEC-hyper.gif\" \/>\n\t<meta property=\"og:image:width\" content=\"600\" \/>\n\t<meta property=\"og:image:height\" content=\"600\" \/>\n\t<meta property=\"og:image:type\" content=\"image\/gif\" \/>\n<meta name=\"twitter:card\" content=\"summary_large_image\" \/>\n<meta name=\"twitter:label1\" content=\"Gesch\u00e4tzte Lesezeit\" \/>\n\t<meta name=\"twitter:data1\" content=\"2\u00a0Minuten\" \/>\n<script type=\"application\/ld+json\" class=\"yoast-schema-graph\">{\"@context\":\"https:\/\/schema.org\",\"@graph\":[{\"@type\":\"WebPage\",\"@id\":\"https:\/\/nembutalhouse.com\/product\/buy-4-mec-online-2\/\",\"url\":\"https:\/\/nembutalhouse.com\/product\/buy-4-mec-online-2\/\",\"name\":\"Buy 4-MEC Hyper Online - 4-MEC Hyper for Sale\",\"isPartOf\":{\"@id\":\"https:\/\/nembutalhouse.com\/#website\"},\"primaryImageOfPage\":{\"@id\":\"https:\/\/nembutalhouse.com\/product\/buy-4-mec-online-2\/#primaryimage\"},\"image\":{\"@id\":\"https:\/\/nembutalhouse.com\/product\/buy-4-mec-online-2\/#primaryimage\"},\"thumbnailUrl\":\"https:\/\/nembutalhouse.com\/wp-content\/uploads\/2024\/10\/4-MEC-hyper.gif\",\"datePublished\":\"2024-10-16T11:51:00+00:00\",\"dateModified\":\"2026-02-26T12:57:49+00:00\",\"description\":\"Our store has the top quality 4-mec-hyper for sale. You can never get over the quality of our products. If you need then, You can buy 4-mec-hyper online right away. Order now!\",\"breadcrumb\":{\"@id\":\"https:\/\/nembutalhouse.com\/product\/buy-4-mec-online-2\/#breadcrumb\"},\"inLanguage\":\"de\",\"potentialAction\":[{\"@type\":\"ReadAction\",\"target\":[\"https:\/\/nembutalhouse.com\/product\/buy-4-mec-online-2\/\"]}]},{\"@type\":\"ImageObject\",\"inLanguage\":\"de\",\"@id\":\"https:\/\/nembutalhouse.com\/product\/buy-4-mec-online-2\/#primaryimage\",\"url\":\"https:\/\/nembutalhouse.com\/wp-content\/uploads\/2024\/10\/4-MEC-hyper.gif\",\"contentUrl\":\"https:\/\/nembutalhouse.com\/wp-content\/uploads\/2024\/10\/4-MEC-hyper.gif\",\"width\":600,\"height\":600,\"caption\":\"Buy 4-MEC Online\"},{\"@type\":\"BreadcrumbList\",\"@id\":\"https:\/\/nembutalhouse.com\/product\/buy-4-mec-online-2\/#breadcrumb\",\"itemListElement\":[{\"@type\":\"ListItem\",\"position\":1,\"name\":\"Home\",\"item\":\"https:\/\/nembutalhouse.com\/\"},{\"@type\":\"ListItem\",\"position\":2,\"name\":\"Shop\",\"item\":\"https:\/\/nembutalhouse.com\/shop\/\"},{\"@type\":\"ListItem\",\"position\":3,\"name\":\"Buy 4-MEC Online\"}]},{\"@type\":\"WebSite\",\"@id\":\"https:\/\/nembutalhouse.com\/#website\",\"url\":\"https:\/\/nembutalhouse.com\/\",\"name\":\"Nembutal House\",\"description\":\"Best Nembutal Online Store\",\"publisher\":{\"@id\":\"https:\/\/nembutalhouse.com\/#organization\"},\"potentialAction\":[{\"@type\":\"SearchAction\",\"target\":{\"@type\":\"EntryPoint\",\"urlTemplate\":\"https:\/\/nembutalhouse.com\/?s={search_term_string}\"},\"query-input\":{\"@type\":\"PropertyValueSpecification\",\"valueRequired\":true,\"valueName\":\"search_term_string\"}}],\"inLanguage\":\"de\"},{\"@type\":\"Organization\",\"@id\":\"https:\/\/nembutalhouse.com\/#organization\",\"name\":\"Nembutal House\",\"url\":\"https:\/\/nembutalhouse.com\/\",\"logo\":{\"@type\":\"ImageObject\",\"inLanguage\":\"de\",\"@id\":\"https:\/\/nembutalhouse.com\/#\/schema\/logo\/image\/\",\"url\":\"https:\/\/nembutalhouse.com\/wp-content\/uploads\/2022\/12\/logo.png\",\"contentUrl\":\"https:\/\/nembutalhouse.com\/wp-content\/uploads\/2022\/12\/logo.png\",\"width\":344,\"height\":103,\"caption\":\"Nembutal House\"},\"image\":{\"@id\":\"https:\/\/nembutalhouse.com\/#\/schema\/logo\/image\/\"}}]}<\/script>\n<!-- \/ Yoast SEO plugin. -->","yoast_head_json":{"title":"Buy 4-MEC Hyper Online - 4-MEC Hyper for Sale","description":"Our store has the top quality 4-mec-hyper for sale. You can never get over the quality of our products. If you need then, You can buy 4-mec-hyper online right away. Order now!","robots":{"index":"index","follow":"follow","max-snippet":"max-snippet:-1","max-image-preview":"max-image-preview:large","max-video-preview":"max-video-preview:-1"},"canonical":"https:\/\/nembutalhouse.com\/de\/produkt\/buy-4-mec-online-2\/","og_locale":"de_DE","og_type":"article","og_title":"Buy 4-MEC Hyper Online - 4-MEC Hyper for Sale","og_description":"Our store has the top quality 4-mec-hyper for sale. You can never get over the quality of our products. If you need then, You can buy 4-mec-hyper online right away. Order now!","og_url":"https:\/\/nembutalhouse.com\/de\/produkt\/buy-4-mec-online-2\/","og_site_name":"Nembutal House","article_modified_time":"2026-02-26T12:57:49+00:00","og_image":[{"width":600,"height":600,"url":"https:\/\/nembutalhouse.com\/wp-content\/uploads\/2024\/10\/4-MEC-hyper.gif","type":"image\/gif"}],"twitter_card":"summary_large_image","twitter_misc":{"Gesch\u00e4tzte Lesezeit":"2\u00a0Minuten"},"schema":{"@context":"https:\/\/schema.org","@graph":[{"@type":"WebPage","@id":"https:\/\/nembutalhouse.com\/product\/buy-4-mec-online-2\/","url":"https:\/\/nembutalhouse.com\/product\/buy-4-mec-online-2\/","name":"Buy 4-MEC Hyper Online - 4-MEC Hyper for Sale","isPartOf":{"@id":"https:\/\/nembutalhouse.com\/#website"},"primaryImageOfPage":{"@id":"https:\/\/nembutalhouse.com\/product\/buy-4-mec-online-2\/#primaryimage"},"image":{"@id":"https:\/\/nembutalhouse.com\/product\/buy-4-mec-online-2\/#primaryimage"},"thumbnailUrl":"https:\/\/nembutalhouse.com\/wp-content\/uploads\/2024\/10\/4-MEC-hyper.gif","datePublished":"2024-10-16T11:51:00+00:00","dateModified":"2026-02-26T12:57:49+00:00","description":"Our store has the top quality 4-mec-hyper for sale. You can never get over the quality of our products. If you need then, You can buy 4-mec-hyper online right away. Order now!","breadcrumb":{"@id":"https:\/\/nembutalhouse.com\/product\/buy-4-mec-online-2\/#breadcrumb"},"inLanguage":"de","potentialAction":[{"@type":"ReadAction","target":["https:\/\/nembutalhouse.com\/product\/buy-4-mec-online-2\/"]}]},{"@type":"ImageObject","inLanguage":"de","@id":"https:\/\/nembutalhouse.com\/product\/buy-4-mec-online-2\/#primaryimage","url":"https:\/\/nembutalhouse.com\/wp-content\/uploads\/2024\/10\/4-MEC-hyper.gif","contentUrl":"https:\/\/nembutalhouse.com\/wp-content\/uploads\/2024\/10\/4-MEC-hyper.gif","width":600,"height":600,"caption":"Buy 4-MEC Online"},{"@type":"BreadcrumbList","@id":"https:\/\/nembutalhouse.com\/product\/buy-4-mec-online-2\/#breadcrumb","itemListElement":[{"@type":"ListItem","position":1,"name":"Home","item":"https:\/\/nembutalhouse.com\/"},{"@type":"ListItem","position":2,"name":"Shop","item":"https:\/\/nembutalhouse.com\/shop\/"},{"@type":"ListItem","position":3,"name":"Buy 4-MEC Online"}]},{"@type":"WebSite","@id":"https:\/\/nembutalhouse.com\/#website","url":"https:\/\/nembutalhouse.com\/","name":"Nembutal House","description":"Best Nembutal Online Store","publisher":{"@id":"https:\/\/nembutalhouse.com\/#organization"},"potentialAction":[{"@type":"SearchAction","target":{"@type":"EntryPoint","urlTemplate":"https:\/\/nembutalhouse.com\/?s={search_term_string}"},"query-input":{"@type":"PropertyValueSpecification","valueRequired":true,"valueName":"search_term_string"}}],"inLanguage":"de"},{"@type":"Organization","@id":"https:\/\/nembutalhouse.com\/#organization","name":"Nembutal House","url":"https:\/\/nembutalhouse.com\/","logo":{"@type":"ImageObject","inLanguage":"de","@id":"https:\/\/nembutalhouse.com\/#\/schema\/logo\/image\/","url":"https:\/\/nembutalhouse.com\/wp-content\/uploads\/2022\/12\/logo.png","contentUrl":"https:\/\/nembutalhouse.com\/wp-content\/uploads\/2022\/12\/logo.png","width":344,"height":103,"caption":"Nembutal House"},"image":{"@id":"https:\/\/nembutalhouse.com\/#\/schema\/logo\/image\/"}}]}},"_links":{"self":[{"href":"https:\/\/nembutalhouse.com\/de\/wp-json\/wp\/v2\/product\/1480","targetHints":{"allow":["GET"]}}],"collection":[{"href":"https:\/\/nembutalhouse.com\/de\/wp-json\/wp\/v2\/product"}],"about":[{"href":"https:\/\/nembutalhouse.com\/de\/wp-json\/wp\/v2\/types\/product"}],"replies":[{"embeddable":true,"href":"https:\/\/nembutalhouse.com\/de\/wp-json\/wp\/v2\/comments?post=1480"}],"wp:featuredmedia":[{"embeddable":true,"href":"https:\/\/nembutalhouse.com\/de\/wp-json\/wp\/v2\/media\/1570"}],"wp:attachment":[{"href":"https:\/\/nembutalhouse.com\/de\/wp-json\/wp\/v2\/media?parent=1480"}],"wp:term":[{"taxonomy":"product_cat","embeddable":true,"href":"https:\/\/nembutalhouse.com\/de\/wp-json\/wp\/v2\/product_cat?post=1480"},{"taxonomy":"product_tag","embeddable":true,"href":"https:\/\/nembutalhouse.com\/de\/wp-json\/wp\/v2\/product_tag?post=1480"}],"curies":[{"name":"wp","href":"https:\/\/api.w.org\/{rel}","templated":true}]}}