{"id":1446,"date":"2024-10-16T11:50:50","date_gmt":"2024-10-16T11:50:50","guid":{"rendered":"https:\/\/nembutalhouse.com\/?post_type=product&#038;p=1446"},"modified":"2026-03-06T08:53:37","modified_gmt":"2026-03-06T08:53:37","slug":"buy-jwh-018-online","status":"publish","type":"product","link":"https:\/\/nembutalhouse.com\/de\/produkt\/buy-jwh-018-online\/","title":{"rendered":"Buy Jwh-018 Online"},"content":{"rendered":"<h2>JWH-018 online kaufen<\/h2>\n<p>Dies ist ein analytischer Referenzstandard, der als synthetisches Cannabinoid eingestuft wird. JWH 018 wurde in Kr\u00e4utermischungen vom Typ Spice\/K2 gefunden und kann neurotoxische Eigenschaften haben. <a href=\"https:\/\/nembutalhouse.com\/de\/produkt\/buy-jwh-018-online\/\">JWH 018<\/a> ist in den Vereinigten Staaten als Schedule-I-Verbindung reguliert. JWH 018 (befreite Zubereitung) wird als DEA-befreite Zubereitung bereitgestellt. Dieses Produkt ist f\u00fcr Forschung und forensische Anwendungen bestimmt.<\/p>\n<p>Eigenschaften<\/p>\n<p>Dieses Produkt wurde als ausgenommenes Pr\u00e4parat formuliert, das die von der US DEA festgelegten Kriterien erf\u00fcllt<\/p>\n<p>Der Besitz einer DEA Controlled Substance-Registrierung ist nicht notwendig, noch ist ein DEA 222-Formular erforderlich, um dieses Produkt zu kaufen.<\/p>\n<p>Dieses Produkt ist zur Verwendung als analytischer Referenzstandard bestimmt<\/p>\n<p>F\u00fcr die akademische Forschung an qualifizierten Einrichtungen ist Bulk-Material erh\u00e4ltlich; bitte kontaktieren Sie unsere Verkaufsabteilung f\u00fcr die Preisgestaltung. JWH-018 online kaufen china <a href=\"https:\/\/nembutalhouse.com\/de\/\">NembutalHaus<\/a><\/p>\n<h3>JWH-018 china Als Gew\u00fcrze Cannabinoide<\/h3>\n<p>JWH-018 ist ein hergestelltes Cannabinoid, das in einigen Formen der nat\u00fcrlichen Mischung \"Zest\" enthalten ist. Die illegale Verwendung dieses k\u00fcnstlich hergestellten Cannabinoids konzentriert sich auf seine psychoaktiven Wirkungen, die die von \u03949-THC in Cannabis nachahmen. Es ist jedoch wesentlich st\u00e4rker als vergleichbare Mengen von Cannabis, <a href=\"https:\/\/en.wikipedia.org\/wiki\/JWH-018\">JWH-018<\/a> bereitet ebenfalls gro\u00dfe Schwierigkeiten bei der Erkennung durch normale \u03949-THC-Tests. Im Juli 2009 nahm die US-Drogenbeh\u00f6rde (DEA) JWH-018 in ihre Liste der bedenklichen Drogen und Chemikalien auf.  Legal Cannabinoide Drogenprofil.<\/p>\n<h3>Technische Verwendung JWH-018 online china<\/h3>\n<p>F\u00fcr die technisch hergestellten Cannabinoide, die derzeit von der Regierung kontrolliert werden, sind die von uns gew\u00e4hrleisteten Anordnungsnormen f\u00fcr diese Substanzen DEA-absolviert, was es den Forschungseinrichtungen erm\u00f6glicht, Bestellungen ohne zus\u00e4tzlichen Verwaltungsaufwand aufzugeben. F\u00fcr US-Kunden k\u00f6nnen explizite staatliche Verwaltungsanforderungen gelten. JWH-018 online kaufen china<\/p>","protected":false},"excerpt":{"rendered":"<p>JWH-018 online kaufen Dies ist ein analytischer Referenzstandard, der als synthetisches Cannabinoid eingestuft wird. JWH 018 wurde in Kr\u00e4utermischungen vom Typ Spice\/K2 gefunden und kann neurotoxische Eigenschaften haben. JWH 018...<\/p>","protected":false},"featured_media":1562,"comment_status":"open","ping_status":"closed","template":"","meta":{"_joinchat":[]},"product_cat":[186],"product_tag":[1616,1605,1595,1607,1596,1614,1611,1604,1602,1620,1597,1608,1609,1612,1598,1618,1619,1617,1600,1601,1615,1613,1610,1603,1606,1599],"class_list":{"0":"post-1446","1":"product","2":"type-product","3":"status-publish","4":"has-post-thumbnail","6":"product_cat-research-chemicals","7":"product_tag-best-cheap-price-jwh-018-powder","8":"product_tag-best-place-to-buy-jwh-018-powder","9":"product_tag-buy-jwh-018-powder","10":"product_tag-buy-jwh-018-powder-legally","11":"product_tag-buy-jwh-018-powder-online","12":"product_tag-cheap-jwh-018-powder","13":"product_tag-high-quality-jwh-018-powder","14":"product_tag-how-to-buy-jwh-018-powder","15":"product_tag-jwh-018-powder","16":"product_tag-jwh-018-powder-for-cleaning","17":"product_tag-jwh-018-powder-for-sale","18":"product_tag-jwh-018-powder-online","19":"product_tag-jwh-018-powder-price","20":"product_tag-jwh-018-powder-store","21":"product_tag-jwh-018-powder-supplier","22":"product_tag-jwh-018-powder-use","23":"product_tag-jwh-018-powder-wiki","24":"product_tag-jwh-018-powder-worldwide","25":"product_tag-order-jwh-018-powder","26":"product_tag-order-jwh-018-powder-online","27":"product_tag-purcharse-jwh-018-powder-powder","28":"product_tag-shop-jwh-018-powder","29":"product_tag-top-quality-jwh-018-powder","30":"product_tag-where-to-buy-jwh-018-powder","31":"product_tag-where-to-order-jwh-018-powder","32":"product_tag-wholesale-jwh-018-powder-bulk-online","34":"first","35":"instock","36":"shipping-taxable","37":"purchasable","38":"product-type-variable"},"yoast_head":"<!-- This site is optimized with the Yoast SEO plugin v24.1 - https:\/\/yoast.com\/wordpress\/plugins\/seo\/ -->\n<title>Buy JWH-018 Online - JWH-018 for Sale - Order JWH-018 Online<\/title>\n<meta name=\"description\" content=\"You can get in touch with our online NembutalHouse store and buy jwh-018 online. You can get jwh-018 for sale at cheap prices. Place order right away!\" \/>\n<meta name=\"robots\" content=\"index, follow, max-snippet:-1, max-image-preview:large, max-video-preview:-1\" \/>\n<link rel=\"canonical\" href=\"https:\/\/nembutalhouse.com\/de\/produkt\/buy-jwh-018-online\/\" \/>\n<meta property=\"og:locale\" content=\"de_DE\" \/>\n<meta property=\"og:type\" content=\"article\" \/>\n<meta property=\"og:title\" content=\"Buy JWH-018 Online - JWH-018 for Sale - Order JWH-018 Online\" \/>\n<meta property=\"og:description\" content=\"You can get in touch with our online NembutalHouse store and buy jwh-018 online. You can get jwh-018 for sale at cheap prices. Place order right away!\" \/>\n<meta property=\"og:url\" content=\"https:\/\/nembutalhouse.com\/de\/produkt\/buy-jwh-018-online\/\" \/>\n<meta property=\"og:site_name\" content=\"Nembutal House\" \/>\n<meta property=\"article:modified_time\" content=\"2026-03-06T08:53:37+00:00\" \/>\n<meta property=\"og:image\" content=\"https:\/\/nembutalhouse.com\/wp-content\/uploads\/2024\/10\/Jwh-018.gif\" \/>\n\t<meta property=\"og:image:width\" content=\"600\" \/>\n\t<meta property=\"og:image:height\" content=\"600\" \/>\n\t<meta property=\"og:image:type\" content=\"image\/gif\" \/>\n<meta name=\"twitter:card\" content=\"summary_large_image\" \/>\n<meta name=\"twitter:label1\" content=\"Gesch\u00e4tzte Lesezeit\" \/>\n\t<meta name=\"twitter:data1\" content=\"2\u00a0Minuten\" \/>\n<script type=\"application\/ld+json\" class=\"yoast-schema-graph\">{\"@context\":\"https:\/\/schema.org\",\"@graph\":[{\"@type\":\"WebPage\",\"@id\":\"https:\/\/nembutalhouse.com\/product\/buy-jwh-018-online\/\",\"url\":\"https:\/\/nembutalhouse.com\/product\/buy-jwh-018-online\/\",\"name\":\"Buy JWH-018 Online - JWH-018 for Sale - Order JWH-018 Online\",\"isPartOf\":{\"@id\":\"https:\/\/nembutalhouse.com\/#website\"},\"primaryImageOfPage\":{\"@id\":\"https:\/\/nembutalhouse.com\/product\/buy-jwh-018-online\/#primaryimage\"},\"image\":{\"@id\":\"https:\/\/nembutalhouse.com\/product\/buy-jwh-018-online\/#primaryimage\"},\"thumbnailUrl\":\"https:\/\/nembutalhouse.com\/wp-content\/uploads\/2024\/10\/Jwh-018.gif\",\"datePublished\":\"2024-10-16T11:50:50+00:00\",\"dateModified\":\"2026-03-06T08:53:37+00:00\",\"description\":\"You can get in touch with our online NembutalHouse store and buy jwh-018 online. You can get jwh-018 for sale at cheap prices. Place order right away!\",\"breadcrumb\":{\"@id\":\"https:\/\/nembutalhouse.com\/product\/buy-jwh-018-online\/#breadcrumb\"},\"inLanguage\":\"de\",\"potentialAction\":[{\"@type\":\"ReadAction\",\"target\":[\"https:\/\/nembutalhouse.com\/product\/buy-jwh-018-online\/\"]}]},{\"@type\":\"ImageObject\",\"inLanguage\":\"de\",\"@id\":\"https:\/\/nembutalhouse.com\/product\/buy-jwh-018-online\/#primaryimage\",\"url\":\"https:\/\/nembutalhouse.com\/wp-content\/uploads\/2024\/10\/Jwh-018.gif\",\"contentUrl\":\"https:\/\/nembutalhouse.com\/wp-content\/uploads\/2024\/10\/Jwh-018.gif\",\"width\":600,\"height\":600,\"caption\":\"Buy Jwh-018 Online\"},{\"@type\":\"BreadcrumbList\",\"@id\":\"https:\/\/nembutalhouse.com\/product\/buy-jwh-018-online\/#breadcrumb\",\"itemListElement\":[{\"@type\":\"ListItem\",\"position\":1,\"name\":\"Home\",\"item\":\"https:\/\/nembutalhouse.com\/\"},{\"@type\":\"ListItem\",\"position\":2,\"name\":\"Shop\",\"item\":\"https:\/\/nembutalhouse.com\/shop\/\"},{\"@type\":\"ListItem\",\"position\":3,\"name\":\"Buy Jwh-018 Online\"}]},{\"@type\":\"WebSite\",\"@id\":\"https:\/\/nembutalhouse.com\/#website\",\"url\":\"https:\/\/nembutalhouse.com\/\",\"name\":\"Nembutal House\",\"description\":\"Best Nembutal Online Store\",\"publisher\":{\"@id\":\"https:\/\/nembutalhouse.com\/#organization\"},\"potentialAction\":[{\"@type\":\"SearchAction\",\"target\":{\"@type\":\"EntryPoint\",\"urlTemplate\":\"https:\/\/nembutalhouse.com\/?s={search_term_string}\"},\"query-input\":{\"@type\":\"PropertyValueSpecification\",\"valueRequired\":true,\"valueName\":\"search_term_string\"}}],\"inLanguage\":\"de\"},{\"@type\":\"Organization\",\"@id\":\"https:\/\/nembutalhouse.com\/#organization\",\"name\":\"Nembutal House\",\"url\":\"https:\/\/nembutalhouse.com\/\",\"logo\":{\"@type\":\"ImageObject\",\"inLanguage\":\"de\",\"@id\":\"https:\/\/nembutalhouse.com\/#\/schema\/logo\/image\/\",\"url\":\"https:\/\/nembutalhouse.com\/wp-content\/uploads\/2022\/12\/logo.png\",\"contentUrl\":\"https:\/\/nembutalhouse.com\/wp-content\/uploads\/2022\/12\/logo.png\",\"width\":344,\"height\":103,\"caption\":\"Nembutal House\"},\"image\":{\"@id\":\"https:\/\/nembutalhouse.com\/#\/schema\/logo\/image\/\"}}]}<\/script>\n<!-- \/ Yoast SEO plugin. -->","yoast_head_json":{"title":"Buy JWH-018 Online - JWH-018 for Sale - Order JWH-018 Online","description":"You can get in touch with our online NembutalHouse store and buy jwh-018 online. You can get jwh-018 for sale at cheap prices. Place order right away!","robots":{"index":"index","follow":"follow","max-snippet":"max-snippet:-1","max-image-preview":"max-image-preview:large","max-video-preview":"max-video-preview:-1"},"canonical":"https:\/\/nembutalhouse.com\/de\/produkt\/buy-jwh-018-online\/","og_locale":"de_DE","og_type":"article","og_title":"Buy JWH-018 Online - JWH-018 for Sale - Order JWH-018 Online","og_description":"You can get in touch with our online NembutalHouse store and buy jwh-018 online. You can get jwh-018 for sale at cheap prices. Place order right away!","og_url":"https:\/\/nembutalhouse.com\/de\/produkt\/buy-jwh-018-online\/","og_site_name":"Nembutal House","article_modified_time":"2026-03-06T08:53:37+00:00","og_image":[{"width":600,"height":600,"url":"https:\/\/nembutalhouse.com\/wp-content\/uploads\/2024\/10\/Jwh-018.gif","type":"image\/gif"}],"twitter_card":"summary_large_image","twitter_misc":{"Gesch\u00e4tzte Lesezeit":"2\u00a0Minuten"},"schema":{"@context":"https:\/\/schema.org","@graph":[{"@type":"WebPage","@id":"https:\/\/nembutalhouse.com\/product\/buy-jwh-018-online\/","url":"https:\/\/nembutalhouse.com\/product\/buy-jwh-018-online\/","name":"Buy JWH-018 Online - JWH-018 for Sale - Order JWH-018 Online","isPartOf":{"@id":"https:\/\/nembutalhouse.com\/#website"},"primaryImageOfPage":{"@id":"https:\/\/nembutalhouse.com\/product\/buy-jwh-018-online\/#primaryimage"},"image":{"@id":"https:\/\/nembutalhouse.com\/product\/buy-jwh-018-online\/#primaryimage"},"thumbnailUrl":"https:\/\/nembutalhouse.com\/wp-content\/uploads\/2024\/10\/Jwh-018.gif","datePublished":"2024-10-16T11:50:50+00:00","dateModified":"2026-03-06T08:53:37+00:00","description":"You can get in touch with our online NembutalHouse store and buy jwh-018 online. You can get jwh-018 for sale at cheap prices. Place order right away!","breadcrumb":{"@id":"https:\/\/nembutalhouse.com\/product\/buy-jwh-018-online\/#breadcrumb"},"inLanguage":"de","potentialAction":[{"@type":"ReadAction","target":["https:\/\/nembutalhouse.com\/product\/buy-jwh-018-online\/"]}]},{"@type":"ImageObject","inLanguage":"de","@id":"https:\/\/nembutalhouse.com\/product\/buy-jwh-018-online\/#primaryimage","url":"https:\/\/nembutalhouse.com\/wp-content\/uploads\/2024\/10\/Jwh-018.gif","contentUrl":"https:\/\/nembutalhouse.com\/wp-content\/uploads\/2024\/10\/Jwh-018.gif","width":600,"height":600,"caption":"Buy Jwh-018 Online"},{"@type":"BreadcrumbList","@id":"https:\/\/nembutalhouse.com\/product\/buy-jwh-018-online\/#breadcrumb","itemListElement":[{"@type":"ListItem","position":1,"name":"Home","item":"https:\/\/nembutalhouse.com\/"},{"@type":"ListItem","position":2,"name":"Shop","item":"https:\/\/nembutalhouse.com\/shop\/"},{"@type":"ListItem","position":3,"name":"Buy Jwh-018 Online"}]},{"@type":"WebSite","@id":"https:\/\/nembutalhouse.com\/#website","url":"https:\/\/nembutalhouse.com\/","name":"Nembutal House","description":"Best Nembutal Online Store","publisher":{"@id":"https:\/\/nembutalhouse.com\/#organization"},"potentialAction":[{"@type":"SearchAction","target":{"@type":"EntryPoint","urlTemplate":"https:\/\/nembutalhouse.com\/?s={search_term_string}"},"query-input":{"@type":"PropertyValueSpecification","valueRequired":true,"valueName":"search_term_string"}}],"inLanguage":"de"},{"@type":"Organization","@id":"https:\/\/nembutalhouse.com\/#organization","name":"Nembutal House","url":"https:\/\/nembutalhouse.com\/","logo":{"@type":"ImageObject","inLanguage":"de","@id":"https:\/\/nembutalhouse.com\/#\/schema\/logo\/image\/","url":"https:\/\/nembutalhouse.com\/wp-content\/uploads\/2022\/12\/logo.png","contentUrl":"https:\/\/nembutalhouse.com\/wp-content\/uploads\/2022\/12\/logo.png","width":344,"height":103,"caption":"Nembutal House"},"image":{"@id":"https:\/\/nembutalhouse.com\/#\/schema\/logo\/image\/"}}]}},"_links":{"self":[{"href":"https:\/\/nembutalhouse.com\/de\/wp-json\/wp\/v2\/product\/1446","targetHints":{"allow":["GET"]}}],"collection":[{"href":"https:\/\/nembutalhouse.com\/de\/wp-json\/wp\/v2\/product"}],"about":[{"href":"https:\/\/nembutalhouse.com\/de\/wp-json\/wp\/v2\/types\/product"}],"replies":[{"embeddable":true,"href":"https:\/\/nembutalhouse.com\/de\/wp-json\/wp\/v2\/comments?post=1446"}],"wp:featuredmedia":[{"embeddable":true,"href":"https:\/\/nembutalhouse.com\/de\/wp-json\/wp\/v2\/media\/1562"}],"wp:attachment":[{"href":"https:\/\/nembutalhouse.com\/de\/wp-json\/wp\/v2\/media?parent=1446"}],"wp:term":[{"taxonomy":"product_cat","embeddable":true,"href":"https:\/\/nembutalhouse.com\/de\/wp-json\/wp\/v2\/product_cat?post=1446"},{"taxonomy":"product_tag","embeddable":true,"href":"https:\/\/nembutalhouse.com\/de\/wp-json\/wp\/v2\/product_tag?post=1446"}],"curies":[{"name":"wp","href":"https:\/\/api.w.org\/{rel}","templated":true}]}}