{"id":1442,"date":"2024-10-16T11:50:49","date_gmt":"2024-10-16T11:50:49","guid":{"rendered":"https:\/\/nembutalhouse.com\/?post_type=product&#038;p=1442"},"modified":"2026-03-06T07:35:26","modified_gmt":"2026-03-06T07:35:26","slug":"buy-5-meo-mipt-online","status":"publish","type":"product","link":"https:\/\/nembutalhouse.com\/de\/produkt\/buy-5-meo-mipt-online\/","title":{"rendered":"Buy 5-MEO-MIPT Online"},"content":{"rendered":"<h2>Buy 5-MEO-MIPT Online<\/h2>\n<p>Sie k\u00f6nnen 5-MeO-MiPT 10mg Pellets online kaufen.<br \/>\nNicht so bekannt wie 5-MeO-MiPT und Moxy ist 5-Methoxy-N-methyl-N-isopropyltryptamin, ein psychedelisches Tryptamin. Chemisch gesehen handelt es sich bei 5-MeO-MiPT um ein Tryptamin, das mit 5-MeO-DMT und 5-MeO-DiPT vergleichbar ist. Es wirkt auf die Serotoninrezeptoren im Gehirn und bewirkt einen euphorischen Rausch. Im Jahr 1985 ver\u00f6ffentlichten David Repke und Alexander Shulgin die ersten Artikel, in denen sie die Synthese und die pharmakologischen Wirkungen von <a href=\"https:\/\/en.wikipedia.org\/wiki\/5-MeO-MiPT\">5-MeO-MiPT<\/a>.<\/p>\n<h3>Zug\u00e4ngliches 5-MeO-MiPT.<\/h3>\n<p>The best site to <a href=\"https:\/\/nembutalhouse.com\/de\/produkt\/buy-5-meo-mipt-online\/\">purchase 5-MeO-MiPT 10mg Pellets<\/a> is right here. Depending on how much you want, you may purchase 5-MeO-MiPT 10mg Pellets here at the greatest quality in quantities of 5, 10, 25, 50, 100, or 250.<\/p>\n<h3>5-MeO-MiPT-Lagerungsbedingungen.<\/h3>\n<p>Bewahren Sie Ihre 5-MeO-MiPT 10mg Pellets vor direktem Sonnenlicht auf, sobald Sie sie erhalten. Da Lysergamide extrem empfindlich auf UV-Licht (vor allem Sonnenlicht), trockene Umgebungen und eine maximale Raumtemperatur von 20-25 Grad Celsius reagieren, ist dies besonders wichtig. Wenn es Ihr Ziel ist, die Qualit\u00e4t von 5-MeO-MiPT 10mg Pellets \u00fcber einen l\u00e4ngeren Zeitraum zu erhalten, <a href=\"https:\/\/nembutalhouse.com\/de\/\">NembutalHaus<\/a> schl\u00e4gt vor, in eine Vakuumversiegelungsmaschine zu investieren. Denken Sie daran, uns zu fragen, wenn Sie diesbez\u00fcglich Fragen oder Bedenken haben.<\/p>\n<h3>Die Pflege Ihrer 10-MeO-MiPT-Pellets.<\/h3>\n<p>Wir raten Ihnen dringend, bei der Handhabung Ihrer 5-MeO-MiPT 10mg Pellets Handschuhe und einen Mundschutz zu tragen.<\/p>\n<h3>Wo kann ich 10-mg-K\u00fcgelchen von 5-MeO-MiPT erhalten?<\/h3>\n<p>Sie k\u00f6nnen Forschungschemikalien, wie 5-MeO-MiPT 10mg Pellets, auf unserer Website NembutalHouse kaufen. Wir bewerten und analysieren alle unsere Forschungssubstanzen, bevor wir sie zum Verkauf anbieten. Dies ist die einzige Methode, um die h\u00f6chste Qualit\u00e4t von 5-MeO-MiPT 10mg Pellets zu garantieren. Bitte z\u00f6gern Sie nicht, uns zu kontaktieren, wenn Sie die Ergebnisse oder andere Unterst\u00fctzung ben\u00f6tigen. 5-MeO-MiPT 10mg Pellets werden auch in Pulverform (HCl) angeboten. Um herauszufinden, ob wir sie haben, sehen Sie in unserem Katalog nach.<\/p>\n<h3>An NembutalHouse: Warum bei ihnen kaufen?<\/h3>\n<p>Lizard Labs ist nicht nur einer der Einzelh\u00e4ndler f\u00fcr Lizard Labs-Produkte, sondern auch Eigent\u00fcmer und Betreiber von NembutalHouse. Wir k\u00f6nnen Ihnen einen ausgezeichneten Service und Forschungschemikalien zu einigen der besten Preise garantieren, da wir seit mehr als zehn Jahren in diesem Unternehmen t\u00e4tig sind.<\/p>\n<h3>Besondere Bedingungen f\u00fcr den Erwerb von 10-Milligramm-Pellets von 5-MeO-MiPT.<\/h3>\n<p>Hier k\u00f6nnen Sie 5-MeO-MiPT 10mg Pellets online kaufen. Bevor Sie dies tun k\u00f6nnen, m\u00fcssen Sie mindestens achtzehn Jahre alt sein und allen Bedingungen zustimmen, die sowohl auf unserer Website als auch w\u00e4hrend des Bezahlvorgangs angegeben sind. Au\u00dferdem bieten wir ausschlie\u00dflich Forschungssubstanzen f\u00fcr Tests oder die Anwendung im Labor an. Wenn Sie alle diese Voraussetzungen erf\u00fcllen, f\u00fcllen Sie einfach das Formular aus und unterschreiben es.<\/p>\n<p>&nbsp;<\/p>","protected":false},"excerpt":{"rendered":"<p>Buy 5-MEO-MIPT Online You can purchase 5-MeO-MiPT 10mg Pellets online. Not as well-known as 5-MeO-MiPT and Moxy, 5-Methoxy-N-methyl-N-isopropyltryptamine is a psychedelic tryptamine. Chemically speaking, 5-MeO-MiPT is a tryptamine that is&hellip;<\/p>","protected":false},"featured_media":1565,"comment_status":"open","ping_status":"closed","template":"","meta":{"_joinchat":[]},"product_cat":[186],"product_tag":[1654,1672,1649,1660,1661,1664,1650,1670,1671,1669,1668,1657,1647,1659,1648,1666,1663,1656,1652,1653,1667,1665,1662,1655,1658,1651],"class_list":{"0":"post-1442","1":"product","2":"type-product","3":"status-publish","4":"has-post-thumbnail","6":"product_cat-research-chemicals","7":"product_tag-5-meo-mipt-powder","8":"product_tag-5-meo-mipt-powder-for-cleaning","9":"product_tag-5-meo-mipt-powder-for-sale","10":"product_tag-5-meo-mipt-powder-online","11":"product_tag-5-meo-mipt-powder-price","12":"product_tag-5-meo-mipt-powder-store","13":"product_tag-5-meo-mipt-powder-supplier","14":"product_tag-5-meo-mipt-powder-use","15":"product_tag-5-meo-mipt-powder-wiki","16":"product_tag-5-meo-mipt-powder-worldwide","17":"product_tag-best-cheap-price-5-meo-mipt-powder","18":"product_tag-best-place-to-buy-5-meo-mipt-powder","19":"product_tag-buy-5-meo-mipt-powder","20":"product_tag-buy-5-meo-mipt-powder-legally","21":"product_tag-buy-5-meo-mipt-powder-online","22":"product_tag-cheap-5-meo-mipt-powder","23":"product_tag-high-quality-5-meo-mipt-powder","24":"product_tag-how-to-buy-5-meo-mipt-powder","25":"product_tag-order-5-meo-mipt-powder","26":"product_tag-order-5-meo-mipt-powder-online","27":"product_tag-purcharse-5-meo-mipt-powder-powder","28":"product_tag-shop-5-meo-mipt-powder","29":"product_tag-top-quality-5-meo-mipt-powder","30":"product_tag-where-to-buy-5-meo-mipt-powder","31":"product_tag-where-to-order-5-meo-mipt-powder","32":"product_tag-wholesale-5-meo-mipt-powder-bulk-online","34":"first","35":"instock","36":"shipping-taxable","37":"purchasable","38":"product-type-variable"},"yoast_head":"<!-- This site is optimized with the Yoast SEO plugin v24.1 - https:\/\/yoast.com\/wordpress\/plugins\/seo\/ -->\n<title>Buy 5 MEO-MIIPT Online - Best Quality 5 MEO-MIIPT for Sale<\/title>\n<meta name=\"description\" content=\"You can get 5-meo-mipt for sale at our NembutalHouse store and get it at your doorstep without any hassle. We help you buy 5-meo-mipt online. Order Now!\" \/>\n<meta name=\"robots\" content=\"index, follow, max-snippet:-1, max-image-preview:large, max-video-preview:-1\" \/>\n<link rel=\"canonical\" href=\"https:\/\/nembutalhouse.com\/de\/produkt\/buy-5-meo-mipt-online\/\" \/>\n<meta property=\"og:locale\" content=\"de_DE\" \/>\n<meta property=\"og:type\" content=\"article\" \/>\n<meta property=\"og:title\" content=\"Buy 5 MEO-MIIPT Online - Best Quality 5 MEO-MIIPT for Sale\" \/>\n<meta property=\"og:description\" content=\"You can get 5-meo-mipt for sale at our NembutalHouse store and get it at your doorstep without any hassle. We help you buy 5-meo-mipt online. Order Now!\" \/>\n<meta property=\"og:url\" content=\"https:\/\/nembutalhouse.com\/de\/produkt\/buy-5-meo-mipt-online\/\" \/>\n<meta property=\"og:site_name\" content=\"Nembutal House\" \/>\n<meta property=\"article:modified_time\" content=\"2026-03-06T07:35:26+00:00\" \/>\n<meta property=\"og:image\" content=\"https:\/\/nembutalhouse.com\/wp-content\/uploads\/2024\/10\/5-MEO-MIPT.gif\" \/>\n\t<meta property=\"og:image:width\" content=\"600\" \/>\n\t<meta property=\"og:image:height\" content=\"600\" \/>\n\t<meta property=\"og:image:type\" content=\"image\/gif\" \/>\n<meta name=\"twitter:card\" content=\"summary_large_image\" \/>\n<meta name=\"twitter:label1\" content=\"Gesch\u00e4tzte Lesezeit\" \/>\n\t<meta name=\"twitter:data1\" content=\"3\u00a0Minuten\" \/>\n<script type=\"application\/ld+json\" class=\"yoast-schema-graph\">{\"@context\":\"https:\/\/schema.org\",\"@graph\":[{\"@type\":\"WebPage\",\"@id\":\"https:\/\/nembutalhouse.com\/product\/buy-5-meo-mipt-online\/\",\"url\":\"https:\/\/nembutalhouse.com\/product\/buy-5-meo-mipt-online\/\",\"name\":\"Buy 5 MEO-MIIPT Online - Best Quality 5 MEO-MIIPT for Sale\",\"isPartOf\":{\"@id\":\"https:\/\/nembutalhouse.com\/#website\"},\"primaryImageOfPage\":{\"@id\":\"https:\/\/nembutalhouse.com\/product\/buy-5-meo-mipt-online\/#primaryimage\"},\"image\":{\"@id\":\"https:\/\/nembutalhouse.com\/product\/buy-5-meo-mipt-online\/#primaryimage\"},\"thumbnailUrl\":\"https:\/\/nembutalhouse.com\/wp-content\/uploads\/2024\/10\/5-MEO-MIPT.gif\",\"datePublished\":\"2024-10-16T11:50:49+00:00\",\"dateModified\":\"2026-03-06T07:35:26+00:00\",\"description\":\"You can get 5-meo-mipt for sale at our NembutalHouse store and get it at your doorstep without any hassle. We help you buy 5-meo-mipt online. Order Now!\",\"breadcrumb\":{\"@id\":\"https:\/\/nembutalhouse.com\/product\/buy-5-meo-mipt-online\/#breadcrumb\"},\"inLanguage\":\"de\",\"potentialAction\":[{\"@type\":\"ReadAction\",\"target\":[\"https:\/\/nembutalhouse.com\/product\/buy-5-meo-mipt-online\/\"]}]},{\"@type\":\"ImageObject\",\"inLanguage\":\"de\",\"@id\":\"https:\/\/nembutalhouse.com\/product\/buy-5-meo-mipt-online\/#primaryimage\",\"url\":\"https:\/\/nembutalhouse.com\/wp-content\/uploads\/2024\/10\/5-MEO-MIPT.gif\",\"contentUrl\":\"https:\/\/nembutalhouse.com\/wp-content\/uploads\/2024\/10\/5-MEO-MIPT.gif\",\"width\":600,\"height\":600,\"caption\":\"Buy 5-MEO-MIPT Online\"},{\"@type\":\"BreadcrumbList\",\"@id\":\"https:\/\/nembutalhouse.com\/product\/buy-5-meo-mipt-online\/#breadcrumb\",\"itemListElement\":[{\"@type\":\"ListItem\",\"position\":1,\"name\":\"Home\",\"item\":\"https:\/\/nembutalhouse.com\/\"},{\"@type\":\"ListItem\",\"position\":2,\"name\":\"Shop\",\"item\":\"https:\/\/nembutalhouse.com\/shop\/\"},{\"@type\":\"ListItem\",\"position\":3,\"name\":\"Buy 5-MEO-MIPT Online\"}]},{\"@type\":\"WebSite\",\"@id\":\"https:\/\/nembutalhouse.com\/#website\",\"url\":\"https:\/\/nembutalhouse.com\/\",\"name\":\"Nembutal House\",\"description\":\"Best Nembutal Online Store\",\"publisher\":{\"@id\":\"https:\/\/nembutalhouse.com\/#organization\"},\"potentialAction\":[{\"@type\":\"SearchAction\",\"target\":{\"@type\":\"EntryPoint\",\"urlTemplate\":\"https:\/\/nembutalhouse.com\/?s={search_term_string}\"},\"query-input\":{\"@type\":\"PropertyValueSpecification\",\"valueRequired\":true,\"valueName\":\"search_term_string\"}}],\"inLanguage\":\"de\"},{\"@type\":\"Organization\",\"@id\":\"https:\/\/nembutalhouse.com\/#organization\",\"name\":\"Nembutal House\",\"url\":\"https:\/\/nembutalhouse.com\/\",\"logo\":{\"@type\":\"ImageObject\",\"inLanguage\":\"de\",\"@id\":\"https:\/\/nembutalhouse.com\/#\/schema\/logo\/image\/\",\"url\":\"https:\/\/nembutalhouse.com\/wp-content\/uploads\/2022\/12\/logo.png\",\"contentUrl\":\"https:\/\/nembutalhouse.com\/wp-content\/uploads\/2022\/12\/logo.png\",\"width\":344,\"height\":103,\"caption\":\"Nembutal House\"},\"image\":{\"@id\":\"https:\/\/nembutalhouse.com\/#\/schema\/logo\/image\/\"}}]}<\/script>\n<!-- \/ Yoast SEO plugin. -->","yoast_head_json":{"title":"Buy 5 MEO-MIIPT Online - Best Quality 5 MEO-MIIPT for Sale","description":"You can get 5-meo-mipt for sale at our NembutalHouse store and get it at your doorstep without any hassle. We help you buy 5-meo-mipt online. Order Now!","robots":{"index":"index","follow":"follow","max-snippet":"max-snippet:-1","max-image-preview":"max-image-preview:large","max-video-preview":"max-video-preview:-1"},"canonical":"https:\/\/nembutalhouse.com\/de\/produkt\/buy-5-meo-mipt-online\/","og_locale":"de_DE","og_type":"article","og_title":"Buy 5 MEO-MIIPT Online - Best Quality 5 MEO-MIIPT for Sale","og_description":"You can get 5-meo-mipt for sale at our NembutalHouse store and get it at your doorstep without any hassle. We help you buy 5-meo-mipt online. Order Now!","og_url":"https:\/\/nembutalhouse.com\/de\/produkt\/buy-5-meo-mipt-online\/","og_site_name":"Nembutal House","article_modified_time":"2026-03-06T07:35:26+00:00","og_image":[{"width":600,"height":600,"url":"https:\/\/nembutalhouse.com\/wp-content\/uploads\/2024\/10\/5-MEO-MIPT.gif","type":"image\/gif"}],"twitter_card":"summary_large_image","twitter_misc":{"Gesch\u00e4tzte Lesezeit":"3\u00a0Minuten"},"schema":{"@context":"https:\/\/schema.org","@graph":[{"@type":"WebPage","@id":"https:\/\/nembutalhouse.com\/product\/buy-5-meo-mipt-online\/","url":"https:\/\/nembutalhouse.com\/product\/buy-5-meo-mipt-online\/","name":"Buy 5 MEO-MIIPT Online - Best Quality 5 MEO-MIIPT for Sale","isPartOf":{"@id":"https:\/\/nembutalhouse.com\/#website"},"primaryImageOfPage":{"@id":"https:\/\/nembutalhouse.com\/product\/buy-5-meo-mipt-online\/#primaryimage"},"image":{"@id":"https:\/\/nembutalhouse.com\/product\/buy-5-meo-mipt-online\/#primaryimage"},"thumbnailUrl":"https:\/\/nembutalhouse.com\/wp-content\/uploads\/2024\/10\/5-MEO-MIPT.gif","datePublished":"2024-10-16T11:50:49+00:00","dateModified":"2026-03-06T07:35:26+00:00","description":"You can get 5-meo-mipt for sale at our NembutalHouse store and get it at your doorstep without any hassle. We help you buy 5-meo-mipt online. Order Now!","breadcrumb":{"@id":"https:\/\/nembutalhouse.com\/product\/buy-5-meo-mipt-online\/#breadcrumb"},"inLanguage":"de","potentialAction":[{"@type":"ReadAction","target":["https:\/\/nembutalhouse.com\/product\/buy-5-meo-mipt-online\/"]}]},{"@type":"ImageObject","inLanguage":"de","@id":"https:\/\/nembutalhouse.com\/product\/buy-5-meo-mipt-online\/#primaryimage","url":"https:\/\/nembutalhouse.com\/wp-content\/uploads\/2024\/10\/5-MEO-MIPT.gif","contentUrl":"https:\/\/nembutalhouse.com\/wp-content\/uploads\/2024\/10\/5-MEO-MIPT.gif","width":600,"height":600,"caption":"Buy 5-MEO-MIPT Online"},{"@type":"BreadcrumbList","@id":"https:\/\/nembutalhouse.com\/product\/buy-5-meo-mipt-online\/#breadcrumb","itemListElement":[{"@type":"ListItem","position":1,"name":"Home","item":"https:\/\/nembutalhouse.com\/"},{"@type":"ListItem","position":2,"name":"Shop","item":"https:\/\/nembutalhouse.com\/shop\/"},{"@type":"ListItem","position":3,"name":"Buy 5-MEO-MIPT Online"}]},{"@type":"WebSite","@id":"https:\/\/nembutalhouse.com\/#website","url":"https:\/\/nembutalhouse.com\/","name":"Nembutal House","description":"Best Nembutal Online Store","publisher":{"@id":"https:\/\/nembutalhouse.com\/#organization"},"potentialAction":[{"@type":"SearchAction","target":{"@type":"EntryPoint","urlTemplate":"https:\/\/nembutalhouse.com\/?s={search_term_string}"},"query-input":{"@type":"PropertyValueSpecification","valueRequired":true,"valueName":"search_term_string"}}],"inLanguage":"de"},{"@type":"Organization","@id":"https:\/\/nembutalhouse.com\/#organization","name":"Nembutal House","url":"https:\/\/nembutalhouse.com\/","logo":{"@type":"ImageObject","inLanguage":"de","@id":"https:\/\/nembutalhouse.com\/#\/schema\/logo\/image\/","url":"https:\/\/nembutalhouse.com\/wp-content\/uploads\/2022\/12\/logo.png","contentUrl":"https:\/\/nembutalhouse.com\/wp-content\/uploads\/2022\/12\/logo.png","width":344,"height":103,"caption":"Nembutal House"},"image":{"@id":"https:\/\/nembutalhouse.com\/#\/schema\/logo\/image\/"}}]}},"_links":{"self":[{"href":"https:\/\/nembutalhouse.com\/de\/wp-json\/wp\/v2\/product\/1442","targetHints":{"allow":["GET"]}}],"collection":[{"href":"https:\/\/nembutalhouse.com\/de\/wp-json\/wp\/v2\/product"}],"about":[{"href":"https:\/\/nembutalhouse.com\/de\/wp-json\/wp\/v2\/types\/product"}],"replies":[{"embeddable":true,"href":"https:\/\/nembutalhouse.com\/de\/wp-json\/wp\/v2\/comments?post=1442"}],"wp:featuredmedia":[{"embeddable":true,"href":"https:\/\/nembutalhouse.com\/de\/wp-json\/wp\/v2\/media\/1565"}],"wp:attachment":[{"href":"https:\/\/nembutalhouse.com\/de\/wp-json\/wp\/v2\/media?parent=1442"}],"wp:term":[{"taxonomy":"product_cat","embeddable":true,"href":"https:\/\/nembutalhouse.com\/de\/wp-json\/wp\/v2\/product_cat?post=1442"},{"taxonomy":"product_tag","embeddable":true,"href":"https:\/\/nembutalhouse.com\/de\/wp-json\/wp\/v2\/product_tag?post=1442"}],"curies":[{"name":"wp","href":"https:\/\/api.w.org\/{rel}","templated":true}]}}