{"id":1397,"date":"2024-10-16T11:50:38","date_gmt":"2024-10-16T11:50:38","guid":{"rendered":"https:\/\/nembutalhouse.com\/?post_type=product&#038;p=1397"},"modified":"2026-03-06T10:10:56","modified_gmt":"2026-03-06T10:10:56","slug":"buy-mdphp-free-base-online","status":"publish","type":"product","link":"https:\/\/nembutalhouse.com\/de\/produkt\/buy-mdphp-free-base-online\/","title":{"rendered":"MDPHP Free-Base online kaufen"},"content":{"rendered":"<h2>MDPHP Free-Base online kaufen<\/h2>\n<p><a href=\"https:\/\/nembutalhouse.com\/de\/produkt\/buy-mdphp-free-base-online\/\">Buy MDPHP<\/a> ist ein enger Verwandter des bekannteren Stimulans MDPV, das urspr\u00fcnglich in den 1960er Jahren von einem deutschen Pharmaunternehmen entwickelt wurde.<\/p>\n<p>MDPHP, auch bekannt als (3\u2032,4\u2032-Methylendioxy-\u03b1-pyrrolidinohexiophenon) oder \"Affenstaub\", wirkt als Norepinephrin-Dopamin-Wiederaufnahmehemmer (NDRI) und \u00e4hnelt im Hydrochlorid (HCL)-Zustand einem sehr feinen kristallinen Pulver. Eine betr\u00e4chtliche Menge an Informationen \u00fcber <a href=\"https:\/\/en.wikipedia.org\/wiki\/MDPHP\">MDPHP<\/a> und seine Wirkungen werden in Studien berichtet, die in verschiedenen Internetforen und wissenschaftlichen Studien zu finden sind. Die k\u00fcnftige Legalit\u00e4t und m\u00f6gliche Aufnahme in das Opiumgesetz bleibt jedoch unklar. Im Moment ist es in weiten Teilen Europas noch legal, weshalb wir bei Chemical Planet gerne MDPHP-Pulver in Laborqualit\u00e4t f\u00fcr Ihre Forschungszwecke anbieten. Weitere technische Informationen finden Sie weiter unten!<\/p>\n<p>IUPAC-Name: 3\u2032,4\u2032-Methylendioxy-\u03b1-pyrrolidinohexiophenon<\/p>\n<p>CAS #: 776994-64-0<\/p>\n<p>Form: Freebase<\/p>\n<p>NMR-Analyse: C17H23NO3<\/p>\n<p>Sicherheitsma\u00dfnahmen<\/p>\n<p>Es wird empfohlen, beim Umgang mit MDPHP-Pulver im Labor Handschuhe, Schutzbrillen und Atemschutzmasken zu tragen, da es sich um ein feines Pulver handelt, das leicht in die Luft gelangen und versehentlich eingeatmet werden kann.<\/p>\n<p>Im Falle einer versehentlichen Exposition wird empfohlen, das Produktetikett (mit den IUPAC- und CAS-Informationen) dem medizinischen Fachpersonal vorzulegen.<\/p>\n<p>Ein versehentlicher Kontakt mit den Augen sollte sofort nach dem Herausnehmen der Kontaktlinsen durch gr\u00fcndliches Sp\u00fclen mit Wasser behandelt werden.<\/p>\n<h3>Wo kann man MDPHP kaufen?<\/h3>\n<p>Unter <a href=\"https:\/\/nembutalhouse.com\/de\/\">NembutalHaus<\/a>bieten wir mit Stolz die h\u00f6chste verf\u00fcgbare Qualit\u00e4t von MDPHP in Laborqualit\u00e4t an. NembutalHo<a href=\"https:\/\/nembutalhouse.com\/de\/\">verwenden.<\/a> ist die erste Adresse f\u00fcr alle, die Forschungschemikalien kaufen m\u00f6chten. Wir f\u00fchren strenge GC MS-Tests durch, bevor wir unsere Best\u00e4nde zum Verkauf freigeben.<\/p>\n<p>Bitte beachten Sie, dass Sie mindestens 18 Jahre alt sein m\u00fcssen, um MDPHP von NembutalHouse zu kaufen. Alle verkauften Forschungschemikalien sind nur f\u00fcr die Verwendung in der Laborforschung und keinesfalls f\u00fcr den menschlichen Verzehr bestimmt.<\/p>\n<h3>Ist die MDPHP legal?<\/h3>\n<p>Hinsichtlich der Rechtm\u00e4\u00dfigkeit von MDPHP raten wir Ihnen dringend, sich \u00fcber die entsprechende Gesetzgebung in Ihrem Wohnsitzland\/Ihrer Lieferadresse zu informieren.<\/p>\n<p>Wir tun alles, was wir k\u00f6nnen, um das Risiko f\u00fcr unsere Kunden durch unsere aktiven Versandbeschr\u00e4nkungen zu minimieren.<\/p>\n<p>JEDOCH entwickelt sich die Gesetzgebung weltweit st\u00e4ndig weiter, und NembutalHouse kann keine Haftung \u00fcbernehmen, sollten Komplikationen auftreten. Letztendlich liegt es in der Verantwortung des K\u00e4ufers, sicherzustellen, dass das Produkt nicht gegen die Gesetze oder die Gesetzgebung am Versandort verst\u00f6\u00dft.<\/p>","protected":false},"excerpt":{"rendered":"<p>Buy MDPHP Free-Base Online Buy MDPHP is a close relative to a more well-known stimulant MDPV which was originally developed by a German Pharmaceutical company in the 1960s. Also known&hellip;<\/p>","protected":false},"featured_media":1549,"comment_status":"open","ping_status":"closed","template":"","meta":{"_joinchat":[]},"product_cat":[188],"product_tag":[1396,1385,1375,1387,1376,1402,1394,1391,1384,1382,1377,1388,1401,1400,1403,1392,1398,1399,1397,1389,1378,1380,1381,1404,1395,1393,1390,1383,1386,1379],"class_list":{"0":"post-1397","1":"product","2":"type-product","3":"status-publish","4":"has-post-thumbnail","6":"product_cat-stimulants","7":"product_tag-best-cheap-price-mdphp-free-base-powder","8":"product_tag-best-place-to-buy-mdphp-free-base","9":"product_tag-buy-mdphp-free-base","10":"product_tag-buy-mdphp-free-base-legally","11":"product_tag-buy-mdphp-free-base-online","12":"product_tag-buy-mdphp-free-base-powder-online","13":"product_tag-cheap-mdphp-free-base-powders","14":"product_tag-high-quality-mdphp-free-base-powder","15":"product_tag-how-to-buy-mdphp-free-base","16":"product_tag-mdphp-free-base","17":"product_tag-mdphp-free-base-for-sale","18":"product_tag-mdphp-free-base-online","19":"product_tag-mdphp-free-base-powder","20":"product_tag-mdphp-free-base-powder-for-cleaning","21":"product_tag-mdphp-free-base-powder-for-sale","22":"product_tag-mdphp-free-base-powder-store","23":"product_tag-mdphp-free-base-powder-use","24":"product_tag-mdphp-free-base-powder-wiki","25":"product_tag-mdphp-free-base-powder-worldwide","26":"product_tag-mdphp-free-base-price","27":"product_tag-mdphp-free-base-supplier","28":"product_tag-order-mdphp-free-base","29":"product_tag-order-mdphp-free-base-online","30":"product_tag-order-mdphp-free-base-powder","31":"product_tag-purcharse-mdphp-free-base-powder-powder","32":"product_tag-shop-mdphp-free-base-powder","33":"product_tag-top-quality-mdphp-free-base","34":"product_tag-where-to-buy-mdphp-free-base","35":"product_tag-where-to-order-mdphp-free-base","36":"product_tag-wholesale-mdphp-free-base-bulk-online","38":"first","39":"instock","40":"shipping-taxable","41":"purchasable","42":"product-type-variable"},"yoast_head":"<!-- This site is optimized with the Yoast SEO plugin v24.1 - https:\/\/yoast.com\/wordpress\/plugins\/seo\/ -->\n<title>Buy MDPHP Free Base Online - MDPHP Free Base for Sale | NH<\/title>\n<meta name=\"description\" content=\"You can get in touch with our online store and buy mdphp free base online. We have mdphp free base for sale at cheap prices. Get yours at your place right away!\" \/>\n<meta name=\"robots\" content=\"index, follow, max-snippet:-1, max-image-preview:large, max-video-preview:-1\" \/>\n<link rel=\"canonical\" href=\"https:\/\/nembutalhouse.com\/de\/produkt\/buy-mdphp-free-base-online\/\" \/>\n<meta property=\"og:locale\" content=\"de_DE\" \/>\n<meta property=\"og:type\" content=\"article\" \/>\n<meta property=\"og:title\" content=\"Buy MDPHP Free Base Online - MDPHP Free Base for Sale | NH\" \/>\n<meta property=\"og:description\" content=\"You can get in touch with our online store and buy mdphp free base online. We have mdphp free base for sale at cheap prices. Get yours at your place right away!\" \/>\n<meta property=\"og:url\" content=\"https:\/\/nembutalhouse.com\/de\/produkt\/buy-mdphp-free-base-online\/\" \/>\n<meta property=\"og:site_name\" content=\"Nembutal House\" \/>\n<meta property=\"article:modified_time\" content=\"2026-03-06T10:10:56+00:00\" \/>\n<meta property=\"og:image\" content=\"https:\/\/nembutalhouse.com\/wp-content\/uploads\/2024\/10\/Mdphp-free-base.gif\" \/>\n\t<meta property=\"og:image:width\" content=\"600\" \/>\n\t<meta property=\"og:image:height\" content=\"600\" \/>\n\t<meta property=\"og:image:type\" content=\"image\/gif\" \/>\n<meta name=\"twitter:card\" content=\"summary_large_image\" \/>\n<meta name=\"twitter:label1\" content=\"Gesch\u00e4tzte Lesezeit\" \/>\n\t<meta name=\"twitter:data1\" content=\"2\u00a0Minuten\" \/>\n<script type=\"application\/ld+json\" class=\"yoast-schema-graph\">{\"@context\":\"https:\/\/schema.org\",\"@graph\":[{\"@type\":\"WebPage\",\"@id\":\"https:\/\/nembutalhouse.com\/product\/buy-mdphp-free-base-online\/\",\"url\":\"https:\/\/nembutalhouse.com\/product\/buy-mdphp-free-base-online\/\",\"name\":\"Buy MDPHP Free Base Online - MDPHP Free Base for Sale | NH\",\"isPartOf\":{\"@id\":\"https:\/\/nembutalhouse.com\/#website\"},\"primaryImageOfPage\":{\"@id\":\"https:\/\/nembutalhouse.com\/product\/buy-mdphp-free-base-online\/#primaryimage\"},\"image\":{\"@id\":\"https:\/\/nembutalhouse.com\/product\/buy-mdphp-free-base-online\/#primaryimage\"},\"thumbnailUrl\":\"https:\/\/nembutalhouse.com\/wp-content\/uploads\/2024\/10\/Mdphp-free-base.gif\",\"datePublished\":\"2024-10-16T11:50:38+00:00\",\"dateModified\":\"2026-03-06T10:10:56+00:00\",\"description\":\"You can get in touch with our online store and buy mdphp free base online. We have mdphp free base for sale at cheap prices. Get yours at your place right away!\",\"breadcrumb\":{\"@id\":\"https:\/\/nembutalhouse.com\/product\/buy-mdphp-free-base-online\/#breadcrumb\"},\"inLanguage\":\"de\",\"potentialAction\":[{\"@type\":\"ReadAction\",\"target\":[\"https:\/\/nembutalhouse.com\/product\/buy-mdphp-free-base-online\/\"]}]},{\"@type\":\"ImageObject\",\"inLanguage\":\"de\",\"@id\":\"https:\/\/nembutalhouse.com\/product\/buy-mdphp-free-base-online\/#primaryimage\",\"url\":\"https:\/\/nembutalhouse.com\/wp-content\/uploads\/2024\/10\/Mdphp-free-base.gif\",\"contentUrl\":\"https:\/\/nembutalhouse.com\/wp-content\/uploads\/2024\/10\/Mdphp-free-base.gif\",\"width\":600,\"height\":600,\"caption\":\"Buy MDPHP Free-Base Online\"},{\"@type\":\"BreadcrumbList\",\"@id\":\"https:\/\/nembutalhouse.com\/product\/buy-mdphp-free-base-online\/#breadcrumb\",\"itemListElement\":[{\"@type\":\"ListItem\",\"position\":1,\"name\":\"Home\",\"item\":\"https:\/\/nembutalhouse.com\/\"},{\"@type\":\"ListItem\",\"position\":2,\"name\":\"Shop\",\"item\":\"https:\/\/nembutalhouse.com\/shop\/\"},{\"@type\":\"ListItem\",\"position\":3,\"name\":\"Buy MDPHP Free-Base Online\"}]},{\"@type\":\"WebSite\",\"@id\":\"https:\/\/nembutalhouse.com\/#website\",\"url\":\"https:\/\/nembutalhouse.com\/\",\"name\":\"Nembutal House\",\"description\":\"Best Nembutal Online Store\",\"publisher\":{\"@id\":\"https:\/\/nembutalhouse.com\/#organization\"},\"potentialAction\":[{\"@type\":\"SearchAction\",\"target\":{\"@type\":\"EntryPoint\",\"urlTemplate\":\"https:\/\/nembutalhouse.com\/?s={search_term_string}\"},\"query-input\":{\"@type\":\"PropertyValueSpecification\",\"valueRequired\":true,\"valueName\":\"search_term_string\"}}],\"inLanguage\":\"de\"},{\"@type\":\"Organization\",\"@id\":\"https:\/\/nembutalhouse.com\/#organization\",\"name\":\"Nembutal House\",\"url\":\"https:\/\/nembutalhouse.com\/\",\"logo\":{\"@type\":\"ImageObject\",\"inLanguage\":\"de\",\"@id\":\"https:\/\/nembutalhouse.com\/#\/schema\/logo\/image\/\",\"url\":\"https:\/\/nembutalhouse.com\/wp-content\/uploads\/2022\/12\/logo.png\",\"contentUrl\":\"https:\/\/nembutalhouse.com\/wp-content\/uploads\/2022\/12\/logo.png\",\"width\":344,\"height\":103,\"caption\":\"Nembutal House\"},\"image\":{\"@id\":\"https:\/\/nembutalhouse.com\/#\/schema\/logo\/image\/\"}}]}<\/script>\n<!-- \/ Yoast SEO plugin. -->","yoast_head_json":{"title":"Buy MDPHP Free Base Online - MDPHP Free Base for Sale | NH","description":"You can get in touch with our online store and buy mdphp free base online. We have mdphp free base for sale at cheap prices. Get yours at your place right away!","robots":{"index":"index","follow":"follow","max-snippet":"max-snippet:-1","max-image-preview":"max-image-preview:large","max-video-preview":"max-video-preview:-1"},"canonical":"https:\/\/nembutalhouse.com\/de\/produkt\/buy-mdphp-free-base-online\/","og_locale":"de_DE","og_type":"article","og_title":"Buy MDPHP Free Base Online - MDPHP Free Base for Sale | NH","og_description":"You can get in touch with our online store and buy mdphp free base online. We have mdphp free base for sale at cheap prices. Get yours at your place right away!","og_url":"https:\/\/nembutalhouse.com\/de\/produkt\/buy-mdphp-free-base-online\/","og_site_name":"Nembutal House","article_modified_time":"2026-03-06T10:10:56+00:00","og_image":[{"width":600,"height":600,"url":"https:\/\/nembutalhouse.com\/wp-content\/uploads\/2024\/10\/Mdphp-free-base.gif","type":"image\/gif"}],"twitter_card":"summary_large_image","twitter_misc":{"Gesch\u00e4tzte Lesezeit":"2\u00a0Minuten"},"schema":{"@context":"https:\/\/schema.org","@graph":[{"@type":"WebPage","@id":"https:\/\/nembutalhouse.com\/product\/buy-mdphp-free-base-online\/","url":"https:\/\/nembutalhouse.com\/product\/buy-mdphp-free-base-online\/","name":"Buy MDPHP Free Base Online - MDPHP Free Base for Sale | NH","isPartOf":{"@id":"https:\/\/nembutalhouse.com\/#website"},"primaryImageOfPage":{"@id":"https:\/\/nembutalhouse.com\/product\/buy-mdphp-free-base-online\/#primaryimage"},"image":{"@id":"https:\/\/nembutalhouse.com\/product\/buy-mdphp-free-base-online\/#primaryimage"},"thumbnailUrl":"https:\/\/nembutalhouse.com\/wp-content\/uploads\/2024\/10\/Mdphp-free-base.gif","datePublished":"2024-10-16T11:50:38+00:00","dateModified":"2026-03-06T10:10:56+00:00","description":"You can get in touch with our online store and buy mdphp free base online. We have mdphp free base for sale at cheap prices. Get yours at your place right away!","breadcrumb":{"@id":"https:\/\/nembutalhouse.com\/product\/buy-mdphp-free-base-online\/#breadcrumb"},"inLanguage":"de","potentialAction":[{"@type":"ReadAction","target":["https:\/\/nembutalhouse.com\/product\/buy-mdphp-free-base-online\/"]}]},{"@type":"ImageObject","inLanguage":"de","@id":"https:\/\/nembutalhouse.com\/product\/buy-mdphp-free-base-online\/#primaryimage","url":"https:\/\/nembutalhouse.com\/wp-content\/uploads\/2024\/10\/Mdphp-free-base.gif","contentUrl":"https:\/\/nembutalhouse.com\/wp-content\/uploads\/2024\/10\/Mdphp-free-base.gif","width":600,"height":600,"caption":"Buy MDPHP Free-Base Online"},{"@type":"BreadcrumbList","@id":"https:\/\/nembutalhouse.com\/product\/buy-mdphp-free-base-online\/#breadcrumb","itemListElement":[{"@type":"ListItem","position":1,"name":"Home","item":"https:\/\/nembutalhouse.com\/"},{"@type":"ListItem","position":2,"name":"Shop","item":"https:\/\/nembutalhouse.com\/shop\/"},{"@type":"ListItem","position":3,"name":"Buy MDPHP Free-Base Online"}]},{"@type":"WebSite","@id":"https:\/\/nembutalhouse.com\/#website","url":"https:\/\/nembutalhouse.com\/","name":"Nembutal House","description":"Best Nembutal Online Store","publisher":{"@id":"https:\/\/nembutalhouse.com\/#organization"},"potentialAction":[{"@type":"SearchAction","target":{"@type":"EntryPoint","urlTemplate":"https:\/\/nembutalhouse.com\/?s={search_term_string}"},"query-input":{"@type":"PropertyValueSpecification","valueRequired":true,"valueName":"search_term_string"}}],"inLanguage":"de"},{"@type":"Organization","@id":"https:\/\/nembutalhouse.com\/#organization","name":"Nembutal House","url":"https:\/\/nembutalhouse.com\/","logo":{"@type":"ImageObject","inLanguage":"de","@id":"https:\/\/nembutalhouse.com\/#\/schema\/logo\/image\/","url":"https:\/\/nembutalhouse.com\/wp-content\/uploads\/2022\/12\/logo.png","contentUrl":"https:\/\/nembutalhouse.com\/wp-content\/uploads\/2022\/12\/logo.png","width":344,"height":103,"caption":"Nembutal House"},"image":{"@id":"https:\/\/nembutalhouse.com\/#\/schema\/logo\/image\/"}}]}},"_links":{"self":[{"href":"https:\/\/nembutalhouse.com\/de\/wp-json\/wp\/v2\/product\/1397","targetHints":{"allow":["GET"]}}],"collection":[{"href":"https:\/\/nembutalhouse.com\/de\/wp-json\/wp\/v2\/product"}],"about":[{"href":"https:\/\/nembutalhouse.com\/de\/wp-json\/wp\/v2\/types\/product"}],"replies":[{"embeddable":true,"href":"https:\/\/nembutalhouse.com\/de\/wp-json\/wp\/v2\/comments?post=1397"}],"wp:featuredmedia":[{"embeddable":true,"href":"https:\/\/nembutalhouse.com\/de\/wp-json\/wp\/v2\/media\/1549"}],"wp:attachment":[{"href":"https:\/\/nembutalhouse.com\/de\/wp-json\/wp\/v2\/media?parent=1397"}],"wp:term":[{"taxonomy":"product_cat","embeddable":true,"href":"https:\/\/nembutalhouse.com\/de\/wp-json\/wp\/v2\/product_cat?post=1397"},{"taxonomy":"product_tag","embeddable":true,"href":"https:\/\/nembutalhouse.com\/de\/wp-json\/wp\/v2\/product_tag?post=1397"}],"curies":[{"name":"wp","href":"https:\/\/api.w.org\/{rel}","templated":true}]}}