{"id":1396,"date":"2024-10-16T11:50:38","date_gmt":"2024-10-16T11:50:38","guid":{"rendered":"https:\/\/nembutalhouse.com\/?post_type=product&#038;p=1396"},"modified":"2026-03-06T10:05:12","modified_gmt":"2026-03-06T10:05:12","slug":"buy-mdma-online","status":"publish","type":"product","link":"https:\/\/nembutalhouse.com\/de\/produkt\/mdma-online-kaufen\/","title":{"rendered":"MDMA online kaufen"},"content":{"rendered":"<h2>MDMA online kaufen<\/h2>\n<p><a href=\"https:\/\/nembutalhouse.com\/de\/produkt\/mdma-online-kaufen\/\">MDMA-Pulver-Kristalle<\/a> sind eine Kombination aus Stimulanzien und Psychedelika, die Energieverzerrungen, eine ver\u00e4nderte Zeitwahrnehmung und ein gesteigertes Vergn\u00fcgen an taktilen Reizen verursachen.<br \/>\n1, 2 Die Wirkung von MDMA, das f\u00fcr 3,4-Methylendioxymethamphetamin steht, tritt in der Regel drei bis sechs Stunden nach der oralen Einnahme ein, meist in Form einer Tablette oder Kapsel.<\/p>\n<p>Die \u00fcbliche Dosis liegt bei ein bis zwei Pillen, die jeweils zwischen 60 und 120 Milligramm MDMA enthalten.<\/p>\n<p>Wenn die Wirkung der ersten Dosis nachl\u00e4sst, ist es \u00fcblich, eine zweite Dosis des Medikaments zu nehmen.<\/p>\n<p>3,4-Methylendioxy-Methamphetamin, auch MDMA Powder Crystals genannt, ist eine synthetische Substanz, die die Stimmung und die Wahrnehmung (Bewusstsein der Umgebung) beeinflusst. <a href=\"https:\/\/nembutalhouse.com\/de\/\">NembutalHaus<\/a><\/p>\n<p>Es erzeugt Gef\u00fchle von gesteigerter Energie, Vergn\u00fcgen, emotionaler W\u00e4rme und verzerrter sensorischer und zeitlicher Wahrnehmung. Chemisch gesehen ist es sowohl mit Stimulanzien als auch mit Halluzinogenen vergleichbar.<\/p>\n<p>MDMA Powder Crystals wurde in der Nachtclub-Branche und auf n\u00e4chtlichen Tanzpartys oder \"Raves\" popul\u00e4r, aber die heutigen Konsumenten der Substanz sind vielf\u00e4ltiger und bezeichnen sie eher als Molly oder Ecstasy.<\/p>\n<p>Wof\u00fcr wird es verwendet?<\/p>\n<p><a href=\"https:\/\/en.wikipedia.org\/wiki\/MDMA\">MDMA-Pulver<\/a> Kristalle werden h\u00e4ufig in Form von Tabletten oder Kapseln eingenommen, w\u00e4hrend manche Menschen das Pulver inhalieren oder als Fl\u00fcssigkeit trinken.<\/p>\n<p>Molly, die Abk\u00fcrzung f\u00fcr \"molekular\", ist eine g\u00e4ngige Bezeichnung f\u00fcr die angeblich \"reine\" kristalline Pulverform dieses Produkts, das in der Regel in Kapselform angeboten wird.<\/p>\n<p>K\u00e4ufer von Pulver oder Pillen, die als Molly vermarktet werden, landen jedoch h\u00e4ufig bei anderen Medikamenten, wie<\/p>\n<p>Verwenden Sie stattdessen k\u00fcnstliche Cathinone, die auch als \"Badesalze\" bekannt sind (siehe \"Zus\u00e4tzliche Risiken dieses Produkts\").<\/p>\n<p>3,4-Methylendioxymethamphetamin in Kombination mit Alkohol oder Marihuana, neben anderen Substanzen.<\/p>\n<p>Drei Gehirnchemikalien werden st\u00e4rker aktiviert, wenn sie vorhanden sind:<\/p>\n<p>Dopamin: sorgt f\u00fcr einen Gl\u00fccksschub und einen Anstieg von Vitalit\u00e4t und Aktivit\u00e4t.<\/p>\n<p>Blutdruck und Pulsfrequenz werden durch Noradrenalin erh\u00f6ht, was besonders f\u00fcr Menschen mit Herz- und Gef\u00e4\u00dfproblemen gef\u00e4hrlich ist.<\/p>\n<p>Serotonin: Beeinflusst Hunger, Gef\u00fchle, Schlaf und andere k\u00f6rperliche Prozesse.<\/p>\n<p>Au\u00dferdem werden Chemikalien freigesetzt, die mit Vertrauen und sexueller Erregung verbunden sind.<\/p>\n<p>Der hohe Serotoninspiegel, der freigesetzt wird, ist wahrscheinlich der Grund daf\u00fcr, dass die Nutzer dieses Produkts eine bessere Stimmung, emotionale Verbundenheit und Empathie empfinden.<\/p>\n<p>&nbsp;<\/p>\n<p>&nbsp;<\/p>","protected":false},"excerpt":{"rendered":"<p>Buy MDMA Online MDMA Powder Crystals are a stimulant-psychedelic combination that causes energy distortions, altered perception of time, and increased pleasure from tactile stimuli. 1, 2 The effects of MDMA,&hellip;<\/p>","protected":false},"featured_media":1539,"comment_status":"open","ping_status":"closed","template":"","meta":{"_joinchat":[]},"product_cat":[188],"product_tag":[1366,1355,1346,1357,1347,1372,1364,1361,1354,202,1348,1358,1371,1370,1373,1362,1368,1369,1367,1359,1349,1351,1352,1374,1365,1363,1360,1353,1356,1350],"class_list":{"0":"post-1396","1":"product","2":"type-product","3":"status-publish","4":"has-post-thumbnail","6":"product_cat-stimulants","7":"product_tag-best-cheap-price-mdma-powder","8":"product_tag-best-place-to-buy-mdma","9":"product_tag-buy-mdm","10":"product_tag-buy-mdma-legally","11":"product_tag-buy-mdma-online","12":"product_tag-buy-mdma-powder-online","13":"product_tag-cheap-mdma-powders","14":"product_tag-high-quality-mdma-powder","15":"product_tag-how-to-buy-mdma","16":"product_tag-mdma","17":"product_tag-mdma-for-sale","18":"product_tag-mdma-online","19":"product_tag-mdma-powder","20":"product_tag-mdma-powder-for-cleaning","21":"product_tag-mdma-powder-for-sale","22":"product_tag-mdma-powder-store","23":"product_tag-mdma-powder-use","24":"product_tag-mdma-powder-wiki","25":"product_tag-mdma-powder-worldwide","26":"product_tag-mdma-price","27":"product_tag-mdma-supplier","28":"product_tag-order-mdma","29":"product_tag-order-mdma-online","30":"product_tag-order-mdma-powder","31":"product_tag-purcharse-mdma-powder-powder","32":"product_tag-shop-mdma-powder","33":"product_tag-top-quality-mdma","34":"product_tag-where-to-buy-mdma","35":"product_tag-where-to-order-mdma","36":"product_tag-wholesale-mdma-bulk-online","38":"first","39":"instock","40":"shipping-taxable","41":"purchasable","42":"product-type-variable"},"yoast_head":"<!-- This site is optimized with the Yoast SEO plugin v24.1 - https:\/\/yoast.com\/wordpress\/plugins\/seo\/ -->\n<title>MDMA for Sale - Buy MDMA Online - Order MDMA Online<\/title>\n<meta name=\"description\" content=\"You can get mdma for sale at the best rates from our online store. We are here to help you buy mdma online. Connect with best store in town today!\" \/>\n<meta name=\"robots\" content=\"index, follow, max-snippet:-1, max-image-preview:large, max-video-preview:-1\" \/>\n<link rel=\"canonical\" href=\"https:\/\/nembutalhouse.com\/de\/produkt\/mdma-online-kaufen\/\" \/>\n<meta property=\"og:locale\" content=\"de_DE\" \/>\n<meta property=\"og:type\" content=\"article\" \/>\n<meta property=\"og:title\" content=\"MDMA for Sale - Buy MDMA Online - Order MDMA Online\" \/>\n<meta property=\"og:description\" content=\"You can get mdma for sale at the best rates from our online store. We are here to help you buy mdma online. Connect with best store in town today!\" \/>\n<meta property=\"og:url\" content=\"https:\/\/nembutalhouse.com\/de\/produkt\/mdma-online-kaufen\/\" \/>\n<meta property=\"og:site_name\" content=\"Nembutal House\" \/>\n<meta property=\"article:modified_time\" content=\"2026-03-06T10:05:12+00:00\" \/>\n<meta property=\"og:image\" content=\"https:\/\/nembutalhouse.com\/wp-content\/uploads\/2024\/10\/MDMA-1.gif\" \/>\n\t<meta property=\"og:image:width\" content=\"600\" \/>\n\t<meta property=\"og:image:height\" content=\"600\" \/>\n\t<meta property=\"og:image:type\" content=\"image\/gif\" \/>\n<meta name=\"twitter:card\" content=\"summary_large_image\" \/>\n<meta name=\"twitter:label1\" content=\"Gesch\u00e4tzte Lesezeit\" \/>\n\t<meta name=\"twitter:data1\" content=\"2\u00a0Minuten\" \/>\n<script type=\"application\/ld+json\" class=\"yoast-schema-graph\">{\"@context\":\"https:\/\/schema.org\",\"@graph\":[{\"@type\":\"WebPage\",\"@id\":\"https:\/\/nembutalhouse.com\/product\/buy-mdma-online\/\",\"url\":\"https:\/\/nembutalhouse.com\/product\/buy-mdma-online\/\",\"name\":\"MDMA for Sale - Buy MDMA Online - Order MDMA Online\",\"isPartOf\":{\"@id\":\"https:\/\/nembutalhouse.com\/#website\"},\"primaryImageOfPage\":{\"@id\":\"https:\/\/nembutalhouse.com\/product\/buy-mdma-online\/#primaryimage\"},\"image\":{\"@id\":\"https:\/\/nembutalhouse.com\/product\/buy-mdma-online\/#primaryimage\"},\"thumbnailUrl\":\"https:\/\/nembutalhouse.com\/wp-content\/uploads\/2024\/10\/MDMA-1.gif\",\"datePublished\":\"2024-10-16T11:50:38+00:00\",\"dateModified\":\"2026-03-06T10:05:12+00:00\",\"description\":\"You can get mdma for sale at the best rates from our online store. We are here to help you buy mdma online. Connect with best store in town today!\",\"breadcrumb\":{\"@id\":\"https:\/\/nembutalhouse.com\/product\/buy-mdma-online\/#breadcrumb\"},\"inLanguage\":\"de\",\"potentialAction\":[{\"@type\":\"ReadAction\",\"target\":[\"https:\/\/nembutalhouse.com\/product\/buy-mdma-online\/\"]}]},{\"@type\":\"ImageObject\",\"inLanguage\":\"de\",\"@id\":\"https:\/\/nembutalhouse.com\/product\/buy-mdma-online\/#primaryimage\",\"url\":\"https:\/\/nembutalhouse.com\/wp-content\/uploads\/2024\/10\/MDMA-1.gif\",\"contentUrl\":\"https:\/\/nembutalhouse.com\/wp-content\/uploads\/2024\/10\/MDMA-1.gif\",\"width\":600,\"height\":600,\"caption\":\"Buy MDMA Online\"},{\"@type\":\"BreadcrumbList\",\"@id\":\"https:\/\/nembutalhouse.com\/product\/buy-mdma-online\/#breadcrumb\",\"itemListElement\":[{\"@type\":\"ListItem\",\"position\":1,\"name\":\"Home\",\"item\":\"https:\/\/nembutalhouse.com\/\"},{\"@type\":\"ListItem\",\"position\":2,\"name\":\"Shop\",\"item\":\"https:\/\/nembutalhouse.com\/shop\/\"},{\"@type\":\"ListItem\",\"position\":3,\"name\":\"Buy MDMA Online\"}]},{\"@type\":\"WebSite\",\"@id\":\"https:\/\/nembutalhouse.com\/#website\",\"url\":\"https:\/\/nembutalhouse.com\/\",\"name\":\"Nembutal House\",\"description\":\"Best Nembutal Online Store\",\"publisher\":{\"@id\":\"https:\/\/nembutalhouse.com\/#organization\"},\"potentialAction\":[{\"@type\":\"SearchAction\",\"target\":{\"@type\":\"EntryPoint\",\"urlTemplate\":\"https:\/\/nembutalhouse.com\/?s={search_term_string}\"},\"query-input\":{\"@type\":\"PropertyValueSpecification\",\"valueRequired\":true,\"valueName\":\"search_term_string\"}}],\"inLanguage\":\"de\"},{\"@type\":\"Organization\",\"@id\":\"https:\/\/nembutalhouse.com\/#organization\",\"name\":\"Nembutal House\",\"url\":\"https:\/\/nembutalhouse.com\/\",\"logo\":{\"@type\":\"ImageObject\",\"inLanguage\":\"de\",\"@id\":\"https:\/\/nembutalhouse.com\/#\/schema\/logo\/image\/\",\"url\":\"https:\/\/nembutalhouse.com\/wp-content\/uploads\/2022\/12\/logo.png\",\"contentUrl\":\"https:\/\/nembutalhouse.com\/wp-content\/uploads\/2022\/12\/logo.png\",\"width\":344,\"height\":103,\"caption\":\"Nembutal House\"},\"image\":{\"@id\":\"https:\/\/nembutalhouse.com\/#\/schema\/logo\/image\/\"}}]}<\/script>\n<!-- \/ Yoast SEO plugin. -->","yoast_head_json":{"title":"MDMA for Sale - Buy MDMA Online - Order MDMA Online","description":"You can get mdma for sale at the best rates from our online store. We are here to help you buy mdma online. Connect with best store in town today!","robots":{"index":"index","follow":"follow","max-snippet":"max-snippet:-1","max-image-preview":"max-image-preview:large","max-video-preview":"max-video-preview:-1"},"canonical":"https:\/\/nembutalhouse.com\/de\/produkt\/mdma-online-kaufen\/","og_locale":"de_DE","og_type":"article","og_title":"MDMA for Sale - Buy MDMA Online - Order MDMA Online","og_description":"You can get mdma for sale at the best rates from our online store. We are here to help you buy mdma online. Connect with best store in town today!","og_url":"https:\/\/nembutalhouse.com\/de\/produkt\/mdma-online-kaufen\/","og_site_name":"Nembutal House","article_modified_time":"2026-03-06T10:05:12+00:00","og_image":[{"width":600,"height":600,"url":"https:\/\/nembutalhouse.com\/wp-content\/uploads\/2024\/10\/MDMA-1.gif","type":"image\/gif"}],"twitter_card":"summary_large_image","twitter_misc":{"Gesch\u00e4tzte Lesezeit":"2\u00a0Minuten"},"schema":{"@context":"https:\/\/schema.org","@graph":[{"@type":"WebPage","@id":"https:\/\/nembutalhouse.com\/product\/buy-mdma-online\/","url":"https:\/\/nembutalhouse.com\/product\/buy-mdma-online\/","name":"MDMA for Sale - Buy MDMA Online - Order MDMA Online","isPartOf":{"@id":"https:\/\/nembutalhouse.com\/#website"},"primaryImageOfPage":{"@id":"https:\/\/nembutalhouse.com\/product\/buy-mdma-online\/#primaryimage"},"image":{"@id":"https:\/\/nembutalhouse.com\/product\/buy-mdma-online\/#primaryimage"},"thumbnailUrl":"https:\/\/nembutalhouse.com\/wp-content\/uploads\/2024\/10\/MDMA-1.gif","datePublished":"2024-10-16T11:50:38+00:00","dateModified":"2026-03-06T10:05:12+00:00","description":"You can get mdma for sale at the best rates from our online store. We are here to help you buy mdma online. Connect with best store in town today!","breadcrumb":{"@id":"https:\/\/nembutalhouse.com\/product\/buy-mdma-online\/#breadcrumb"},"inLanguage":"de","potentialAction":[{"@type":"ReadAction","target":["https:\/\/nembutalhouse.com\/product\/buy-mdma-online\/"]}]},{"@type":"ImageObject","inLanguage":"de","@id":"https:\/\/nembutalhouse.com\/product\/buy-mdma-online\/#primaryimage","url":"https:\/\/nembutalhouse.com\/wp-content\/uploads\/2024\/10\/MDMA-1.gif","contentUrl":"https:\/\/nembutalhouse.com\/wp-content\/uploads\/2024\/10\/MDMA-1.gif","width":600,"height":600,"caption":"Buy MDMA Online"},{"@type":"BreadcrumbList","@id":"https:\/\/nembutalhouse.com\/product\/buy-mdma-online\/#breadcrumb","itemListElement":[{"@type":"ListItem","position":1,"name":"Home","item":"https:\/\/nembutalhouse.com\/"},{"@type":"ListItem","position":2,"name":"Shop","item":"https:\/\/nembutalhouse.com\/shop\/"},{"@type":"ListItem","position":3,"name":"Buy MDMA Online"}]},{"@type":"WebSite","@id":"https:\/\/nembutalhouse.com\/#website","url":"https:\/\/nembutalhouse.com\/","name":"Nembutal House","description":"Best Nembutal Online Store","publisher":{"@id":"https:\/\/nembutalhouse.com\/#organization"},"potentialAction":[{"@type":"SearchAction","target":{"@type":"EntryPoint","urlTemplate":"https:\/\/nembutalhouse.com\/?s={search_term_string}"},"query-input":{"@type":"PropertyValueSpecification","valueRequired":true,"valueName":"search_term_string"}}],"inLanguage":"de"},{"@type":"Organization","@id":"https:\/\/nembutalhouse.com\/#organization","name":"Nembutal House","url":"https:\/\/nembutalhouse.com\/","logo":{"@type":"ImageObject","inLanguage":"de","@id":"https:\/\/nembutalhouse.com\/#\/schema\/logo\/image\/","url":"https:\/\/nembutalhouse.com\/wp-content\/uploads\/2022\/12\/logo.png","contentUrl":"https:\/\/nembutalhouse.com\/wp-content\/uploads\/2022\/12\/logo.png","width":344,"height":103,"caption":"Nembutal House"},"image":{"@id":"https:\/\/nembutalhouse.com\/#\/schema\/logo\/image\/"}}]}},"_links":{"self":[{"href":"https:\/\/nembutalhouse.com\/de\/wp-json\/wp\/v2\/product\/1396","targetHints":{"allow":["GET"]}}],"collection":[{"href":"https:\/\/nembutalhouse.com\/de\/wp-json\/wp\/v2\/product"}],"about":[{"href":"https:\/\/nembutalhouse.com\/de\/wp-json\/wp\/v2\/types\/product"}],"replies":[{"embeddable":true,"href":"https:\/\/nembutalhouse.com\/de\/wp-json\/wp\/v2\/comments?post=1396"}],"wp:featuredmedia":[{"embeddable":true,"href":"https:\/\/nembutalhouse.com\/de\/wp-json\/wp\/v2\/media\/1539"}],"wp:attachment":[{"href":"https:\/\/nembutalhouse.com\/de\/wp-json\/wp\/v2\/media?parent=1396"}],"wp:term":[{"taxonomy":"product_cat","embeddable":true,"href":"https:\/\/nembutalhouse.com\/de\/wp-json\/wp\/v2\/product_cat?post=1396"},{"taxonomy":"product_tag","embeddable":true,"href":"https:\/\/nembutalhouse.com\/de\/wp-json\/wp\/v2\/product_tag?post=1396"}],"curies":[{"name":"wp","href":"https:\/\/api.w.org\/{rel}","templated":true}]}}