{"id":1357,"date":"2024-10-16T11:50:21","date_gmt":"2024-10-16T11:50:21","guid":{"rendered":"https:\/\/nembutalhouse.com\/?post_type=product&#038;p=1357"},"modified":"2026-03-03T05:51:48","modified_gmt":"2026-03-03T05:51:48","slug":"buy-alpha-php-online-2","status":"publish","type":"product","link":"https:\/\/nembutalhouse.com\/de\/produkt\/buy-alpha-php-online-2\/","title":{"rendered":"Alpha-PHP online kaufen"},"content":{"rendered":"<h2>Alpha-PHP online kaufen<\/h2>\n<p>PV-7, auch bekannt als \u03b1-PHP, <a href=\"https:\/\/nembutalhouse.com\/de\/produkt\/buy-alpha-php-online-2\/\">alpha-PHP<\/a>, <a href=\"https:\/\/en.wikipedia.org\/wiki\/%CE%91-Pyrrolidinohexiophenone\">\u03b1-Pyrrolidinohexanophenon<\/a>oder PV-7, ist ein synthetisches Stimulans, das zur Klasse der Cathinone geh\u00f6rt.<\/p>\n<p>13415-86-6 Einverstanden<\/p>\n<p>HCl (13415-59-3)<\/p>\n<p>CID von PubChem<\/p>\n<p>102107923<\/p>\n<p>ChemSpider<\/p>\n<p>52084419<\/p>\n<p>UNII 297J9K8A4G<\/p>\n<p>Physikalische und chemische Informationen<\/p>\n<p>Die Formel C16H23NO<\/p>\n<p>Molare Masse: 245,37 Gramm pro Mol<\/p>\n<h3>WIR SIND EIN WELTWEITER ANBIETER VON FORSCHUNGSCHEMIKALIEN<\/h3>\n<p>Betreffend<\/p>\n<p>vertrauensw\u00fcrdige, \u00fcberpr\u00fcfte, verifizierte, sichere und zugelassene Lieferanten von Forschungschemikalien<\/p>\n<p>Wir stellen vor: <a href=\"https:\/\/nembutalhouse.com\/de\/\">NembutalHaus<\/a>, einem renommierten Anbieter von Forschungschemikalien, der Ihnen modernste Inhaltsstoffe f\u00fcr Ihre Untersuchungen liefert. Sie brauchen einen Anbieter, auf den Sie sich verlassen k\u00f6nnen und der Chemikalien anbietet, die 100% authentisch und rein sind, und darauf k\u00f6nnen Sie sich verlassen, wenn Sie mit uns zusammenarbeiten. Wir sind sehr stolz auf unseren Ruf als einer der seri\u00f6sesten Anbieter in der Internetbranche, den wir uns durch unser Engagement f\u00fcr Qualit\u00e4t und wissenschaftliche Integrit\u00e4t erworben haben.<\/p>\n<p>Unsere Kunden k\u00f6nnen von unseren verschiedenen Zahlungsm\u00f6glichkeiten, der zuverl\u00e4ssigen Lieferung und der gr\u00f6\u00dften Auswahl an Forschungschemikalien profitieren. Auf diese Weise k\u00f6nnen wir einer gro\u00dfen Anzahl von Forschern auf allen Kontinenten dabei helfen, ungew\u00f6hnliche und wenig untersuchte Studienmaterialien zu finden, die oft das Potenzial haben, physikalische, chemische, biologische oder pharmazeutische Studien erheblich zu beeinflussen. Wir suchen st\u00e4ndig nach Methoden, um unser Angebot zu verbessern, und nehmen, wo immer m\u00f6glich, neue Forschungschemikalien in unsere Produktliste auf, um unserem Ziel gerecht zu werden.<\/p>\n<p>Je nach ihrem unmittelbaren Bedarf k\u00f6nnen unsere Kunden Auftr\u00e4ge in gr\u00f6\u00dferen oder kleineren Mengen abnehmen. Wir bieten nicht nur die Forschungschemikalien an, die unsere Kunden am meisten w\u00fcnschen, sondern bem\u00fchen uns auch, die Vorlieben unserer Kunden in der ganzen Welt zu ber\u00fccksichtigen und ihnen entgegenzukommen.<\/p>\n<p>dar\u00fcber hinaus. Unser oberstes Ziel ist es, der wissenschaftlichen Gemeinschaft den Zugang zu erschwinglichen, hochwertigen Forschungschemikalien zu erleichtern und gleichzeitig den Wissensstand auf technische Weise zu verbessern.<\/p>\n<p>Bitte beachten Sie, dass NembutalHouse Company nur die strenge Verwendung seiner Forschungsg\u00fcter f\u00fcr legitime wissenschaftliche Forschung in einer sicheren, kontrollierten Laborumgebung unter Einhaltung der \u00f6rtlichen Gesetze und Vorschriften erlaubt. Unsere Artikel sind strengstens verboten f\u00fcr den menschlichen Verzehr, egal was.<\/p>\n<p>First Research Chemical Store, Inc.<\/p>\n<p>Wir liefern Forschungschemikalien an medizinische Einrichtungen, Toxikologen, Biochemiker, Pharmakologen, Chemiestudenten, pharmazeutische Wissenschaftler und Bildungseinrichtungen.<\/p>\n<p>A-PHP \u00fcberlegene Qualit\u00e4tein hochentwickeltes PHP.<\/p>\n<p>&nbsp;<\/p>\n<p>&nbsp;<\/p>","protected":false},"excerpt":{"rendered":"<p>Buy Alpha-PHP Online PV-7, also known as \u03b1-PHP, alpha-PHP, \u03b1-Pyrrolidinohexanophenone, or PV-7, is a synthetic stimulant medication belonging to the cathinone class. 13415-86-6 In agreement HCl (13415-59-3) CID of PubChem&hellip;<\/p>","protected":false},"featured_media":1536,"comment_status":"open","ping_status":"closed","template":"","meta":{"_joinchat":[]},"product_cat":[186],"product_tag":[1267,1285,1262,1273,1274,1277,1263,1283,1284,1282,1281,1270,1260,1272,1261,1279,1276,1269,1265,1266,1280,1278,1275,1268,1271,1264],"class_list":{"0":"post-1357","1":"product","2":"type-product","3":"status-publish","4":"has-post-thumbnail","6":"product_cat-research-chemicals","7":"product_tag-alpha-php","8":"product_tag-alpha-php-for-cleaning","9":"product_tag-alpha-php-for-sale","10":"product_tag-alpha-php-online","11":"product_tag-alpha-php-price","12":"product_tag-alpha-php-store","13":"product_tag-alpha-php-supplier","14":"product_tag-alpha-php-use","15":"product_tag-alpha-php-wiki","16":"product_tag-alpha-php-worldwide","17":"product_tag-best-cheap-price-alpha-php","18":"product_tag-best-place-to-buy-alpha-php","19":"product_tag-buy-alpha-php","20":"product_tag-buy-alpha-php-legally","21":"product_tag-buy-alpha-php-online-2","22":"product_tag-cheap-alpha-phps","23":"product_tag-high-quality-alpha-php","24":"product_tag-how-to-buy-alpha-php","25":"product_tag-order-alpha-php","26":"product_tag-order-alpha-php-online","27":"product_tag-purcharse-alpha-php-powder","28":"product_tag-shop-alpha-php","29":"product_tag-top-quality-alpha-php","30":"product_tag-where-to-buy-alpha-php","31":"product_tag-where-to-order-alpha-php","32":"product_tag-wholesale-alpha-php-bulk-online","34":"first","35":"instock","36":"shipping-taxable","37":"purchasable","38":"product-type-variable"},"yoast_head":"<!-- This site is optimized with the Yoast SEO plugin v24.1 - https:\/\/yoast.com\/wordpress\/plugins\/seo\/ -->\n<title>Buy Alpha-PHP Online - Alpha-PHP for Sale Online<\/title>\n<meta name=\"description\" content=\"If you have not tried alpha-php from our store, then you are missing a lot. We will help you buy alpha-php online at cheap rates. Get Alpha-php for sale today!\" \/>\n<meta name=\"robots\" content=\"index, follow, max-snippet:-1, max-image-preview:large, max-video-preview:-1\" \/>\n<link rel=\"canonical\" href=\"https:\/\/nembutalhouse.com\/de\/produkt\/buy-alpha-php-online-2\/\" \/>\n<meta property=\"og:locale\" content=\"de_DE\" \/>\n<meta property=\"og:type\" content=\"article\" \/>\n<meta property=\"og:title\" content=\"Buy Alpha-PHP Online - Alpha-PHP for Sale Online\" \/>\n<meta property=\"og:description\" content=\"If you have not tried alpha-php from our store, then you are missing a lot. We will help you buy alpha-php online at cheap rates. Get Alpha-php for sale today!\" \/>\n<meta property=\"og:url\" content=\"https:\/\/nembutalhouse.com\/de\/produkt\/buy-alpha-php-online-2\/\" \/>\n<meta property=\"og:site_name\" content=\"Nembutal House\" \/>\n<meta property=\"article:modified_time\" content=\"2026-03-03T05:51:48+00:00\" \/>\n<meta property=\"og:image\" content=\"https:\/\/nembutalhouse.com\/wp-content\/uploads\/2024\/10\/Alpha-php.gif\" \/>\n\t<meta property=\"og:image:width\" content=\"600\" \/>\n\t<meta property=\"og:image:height\" content=\"600\" \/>\n\t<meta property=\"og:image:type\" content=\"image\/gif\" \/>\n<meta name=\"twitter:card\" content=\"summary_large_image\" \/>\n<meta name=\"twitter:label1\" content=\"Gesch\u00e4tzte Lesezeit\" \/>\n\t<meta name=\"twitter:data1\" content=\"2\u00a0Minuten\" \/>\n<script type=\"application\/ld+json\" class=\"yoast-schema-graph\">{\"@context\":\"https:\/\/schema.org\",\"@graph\":[{\"@type\":\"WebPage\",\"@id\":\"https:\/\/nembutalhouse.com\/product\/buy-alpha-php-online-2\/\",\"url\":\"https:\/\/nembutalhouse.com\/product\/buy-alpha-php-online-2\/\",\"name\":\"Buy Alpha-PHP Online - Alpha-PHP for Sale Online\",\"isPartOf\":{\"@id\":\"https:\/\/nembutalhouse.com\/#website\"},\"primaryImageOfPage\":{\"@id\":\"https:\/\/nembutalhouse.com\/product\/buy-alpha-php-online-2\/#primaryimage\"},\"image\":{\"@id\":\"https:\/\/nembutalhouse.com\/product\/buy-alpha-php-online-2\/#primaryimage\"},\"thumbnailUrl\":\"https:\/\/nembutalhouse.com\/wp-content\/uploads\/2024\/10\/Alpha-php.gif\",\"datePublished\":\"2024-10-16T11:50:21+00:00\",\"dateModified\":\"2026-03-03T05:51:48+00:00\",\"description\":\"If you have not tried alpha-php from our store, then you are missing a lot. We will help you buy alpha-php online at cheap rates. Get Alpha-php for sale today!\",\"breadcrumb\":{\"@id\":\"https:\/\/nembutalhouse.com\/product\/buy-alpha-php-online-2\/#breadcrumb\"},\"inLanguage\":\"de\",\"potentialAction\":[{\"@type\":\"ReadAction\",\"target\":[\"https:\/\/nembutalhouse.com\/product\/buy-alpha-php-online-2\/\"]}]},{\"@type\":\"ImageObject\",\"inLanguage\":\"de\",\"@id\":\"https:\/\/nembutalhouse.com\/product\/buy-alpha-php-online-2\/#primaryimage\",\"url\":\"https:\/\/nembutalhouse.com\/wp-content\/uploads\/2024\/10\/Alpha-php.gif\",\"contentUrl\":\"https:\/\/nembutalhouse.com\/wp-content\/uploads\/2024\/10\/Alpha-php.gif\",\"width\":600,\"height\":600,\"caption\":\"Buy Alpha-PHP Online\"},{\"@type\":\"BreadcrumbList\",\"@id\":\"https:\/\/nembutalhouse.com\/product\/buy-alpha-php-online-2\/#breadcrumb\",\"itemListElement\":[{\"@type\":\"ListItem\",\"position\":1,\"name\":\"Home\",\"item\":\"https:\/\/nembutalhouse.com\/\"},{\"@type\":\"ListItem\",\"position\":2,\"name\":\"Shop\",\"item\":\"https:\/\/nembutalhouse.com\/shop\/\"},{\"@type\":\"ListItem\",\"position\":3,\"name\":\"Buy Alpha-PHP Online\"}]},{\"@type\":\"WebSite\",\"@id\":\"https:\/\/nembutalhouse.com\/#website\",\"url\":\"https:\/\/nembutalhouse.com\/\",\"name\":\"Nembutal House\",\"description\":\"Best Nembutal Online Store\",\"publisher\":{\"@id\":\"https:\/\/nembutalhouse.com\/#organization\"},\"potentialAction\":[{\"@type\":\"SearchAction\",\"target\":{\"@type\":\"EntryPoint\",\"urlTemplate\":\"https:\/\/nembutalhouse.com\/?s={search_term_string}\"},\"query-input\":{\"@type\":\"PropertyValueSpecification\",\"valueRequired\":true,\"valueName\":\"search_term_string\"}}],\"inLanguage\":\"de\"},{\"@type\":\"Organization\",\"@id\":\"https:\/\/nembutalhouse.com\/#organization\",\"name\":\"Nembutal House\",\"url\":\"https:\/\/nembutalhouse.com\/\",\"logo\":{\"@type\":\"ImageObject\",\"inLanguage\":\"de\",\"@id\":\"https:\/\/nembutalhouse.com\/#\/schema\/logo\/image\/\",\"url\":\"https:\/\/nembutalhouse.com\/wp-content\/uploads\/2022\/12\/logo.png\",\"contentUrl\":\"https:\/\/nembutalhouse.com\/wp-content\/uploads\/2022\/12\/logo.png\",\"width\":344,\"height\":103,\"caption\":\"Nembutal House\"},\"image\":{\"@id\":\"https:\/\/nembutalhouse.com\/#\/schema\/logo\/image\/\"}}]}<\/script>\n<!-- \/ Yoast SEO plugin. -->","yoast_head_json":{"title":"Buy Alpha-PHP Online - Alpha-PHP for Sale Online","description":"If you have not tried alpha-php from our store, then you are missing a lot. We will help you buy alpha-php online at cheap rates. Get Alpha-php for sale today!","robots":{"index":"index","follow":"follow","max-snippet":"max-snippet:-1","max-image-preview":"max-image-preview:large","max-video-preview":"max-video-preview:-1"},"canonical":"https:\/\/nembutalhouse.com\/de\/produkt\/buy-alpha-php-online-2\/","og_locale":"de_DE","og_type":"article","og_title":"Buy Alpha-PHP Online - Alpha-PHP for Sale Online","og_description":"If you have not tried alpha-php from our store, then you are missing a lot. We will help you buy alpha-php online at cheap rates. Get Alpha-php for sale today!","og_url":"https:\/\/nembutalhouse.com\/de\/produkt\/buy-alpha-php-online-2\/","og_site_name":"Nembutal House","article_modified_time":"2026-03-03T05:51:48+00:00","og_image":[{"width":600,"height":600,"url":"https:\/\/nembutalhouse.com\/wp-content\/uploads\/2024\/10\/Alpha-php.gif","type":"image\/gif"}],"twitter_card":"summary_large_image","twitter_misc":{"Gesch\u00e4tzte Lesezeit":"2\u00a0Minuten"},"schema":{"@context":"https:\/\/schema.org","@graph":[{"@type":"WebPage","@id":"https:\/\/nembutalhouse.com\/product\/buy-alpha-php-online-2\/","url":"https:\/\/nembutalhouse.com\/product\/buy-alpha-php-online-2\/","name":"Buy Alpha-PHP Online - Alpha-PHP for Sale Online","isPartOf":{"@id":"https:\/\/nembutalhouse.com\/#website"},"primaryImageOfPage":{"@id":"https:\/\/nembutalhouse.com\/product\/buy-alpha-php-online-2\/#primaryimage"},"image":{"@id":"https:\/\/nembutalhouse.com\/product\/buy-alpha-php-online-2\/#primaryimage"},"thumbnailUrl":"https:\/\/nembutalhouse.com\/wp-content\/uploads\/2024\/10\/Alpha-php.gif","datePublished":"2024-10-16T11:50:21+00:00","dateModified":"2026-03-03T05:51:48+00:00","description":"If you have not tried alpha-php from our store, then you are missing a lot. We will help you buy alpha-php online at cheap rates. Get Alpha-php for sale today!","breadcrumb":{"@id":"https:\/\/nembutalhouse.com\/product\/buy-alpha-php-online-2\/#breadcrumb"},"inLanguage":"de","potentialAction":[{"@type":"ReadAction","target":["https:\/\/nembutalhouse.com\/product\/buy-alpha-php-online-2\/"]}]},{"@type":"ImageObject","inLanguage":"de","@id":"https:\/\/nembutalhouse.com\/product\/buy-alpha-php-online-2\/#primaryimage","url":"https:\/\/nembutalhouse.com\/wp-content\/uploads\/2024\/10\/Alpha-php.gif","contentUrl":"https:\/\/nembutalhouse.com\/wp-content\/uploads\/2024\/10\/Alpha-php.gif","width":600,"height":600,"caption":"Buy Alpha-PHP Online"},{"@type":"BreadcrumbList","@id":"https:\/\/nembutalhouse.com\/product\/buy-alpha-php-online-2\/#breadcrumb","itemListElement":[{"@type":"ListItem","position":1,"name":"Home","item":"https:\/\/nembutalhouse.com\/"},{"@type":"ListItem","position":2,"name":"Shop","item":"https:\/\/nembutalhouse.com\/shop\/"},{"@type":"ListItem","position":3,"name":"Buy Alpha-PHP Online"}]},{"@type":"WebSite","@id":"https:\/\/nembutalhouse.com\/#website","url":"https:\/\/nembutalhouse.com\/","name":"Nembutal House","description":"Best Nembutal Online Store","publisher":{"@id":"https:\/\/nembutalhouse.com\/#organization"},"potentialAction":[{"@type":"SearchAction","target":{"@type":"EntryPoint","urlTemplate":"https:\/\/nembutalhouse.com\/?s={search_term_string}"},"query-input":{"@type":"PropertyValueSpecification","valueRequired":true,"valueName":"search_term_string"}}],"inLanguage":"de"},{"@type":"Organization","@id":"https:\/\/nembutalhouse.com\/#organization","name":"Nembutal House","url":"https:\/\/nembutalhouse.com\/","logo":{"@type":"ImageObject","inLanguage":"de","@id":"https:\/\/nembutalhouse.com\/#\/schema\/logo\/image\/","url":"https:\/\/nembutalhouse.com\/wp-content\/uploads\/2022\/12\/logo.png","contentUrl":"https:\/\/nembutalhouse.com\/wp-content\/uploads\/2022\/12\/logo.png","width":344,"height":103,"caption":"Nembutal House"},"image":{"@id":"https:\/\/nembutalhouse.com\/#\/schema\/logo\/image\/"}}]}},"_links":{"self":[{"href":"https:\/\/nembutalhouse.com\/de\/wp-json\/wp\/v2\/product\/1357","targetHints":{"allow":["GET"]}}],"collection":[{"href":"https:\/\/nembutalhouse.com\/de\/wp-json\/wp\/v2\/product"}],"about":[{"href":"https:\/\/nembutalhouse.com\/de\/wp-json\/wp\/v2\/types\/product"}],"replies":[{"embeddable":true,"href":"https:\/\/nembutalhouse.com\/de\/wp-json\/wp\/v2\/comments?post=1357"}],"wp:featuredmedia":[{"embeddable":true,"href":"https:\/\/nembutalhouse.com\/de\/wp-json\/wp\/v2\/media\/1536"}],"wp:attachment":[{"href":"https:\/\/nembutalhouse.com\/de\/wp-json\/wp\/v2\/media?parent=1357"}],"wp:term":[{"taxonomy":"product_cat","embeddable":true,"href":"https:\/\/nembutalhouse.com\/de\/wp-json\/wp\/v2\/product_cat?post=1357"},{"taxonomy":"product_tag","embeddable":true,"href":"https:\/\/nembutalhouse.com\/de\/wp-json\/wp\/v2\/product_tag?post=1357"}],"curies":[{"name":"wp","href":"https:\/\/api.w.org\/{rel}","templated":true}]}}