{"id":1355,"date":"2024-10-16T11:50:21","date_gmt":"2024-10-16T11:50:21","guid":{"rendered":"https:\/\/nembutalhouse.com\/?post_type=product&#038;p=1355"},"modified":"2026-03-03T05:57:55","modified_gmt":"2026-03-03T05:57:55","slug":"buy-benzolam-online","status":"publish","type":"product","link":"https:\/\/nembutalhouse.com\/de\/produkt\/buy-benzolam-online\/","title":{"rendered":"Buy Benzolam Online"},"content":{"rendered":"<h2>Kauf Benzolam Online<\/h2>\n<p><a href=\"https:\/\/en.wikipedia.org\/wiki\/Benzodiazepine\">Benzolam<\/a>allgemein bekannt als Alpha-PVP, ist ein starkes Stimulans, das in der Regel zur Erzeugung von Euphorie verwendet wird. In bestimmten Studien wird es auch als psychoaktive Droge bezeichnet. Es wurde in den fr\u00fchen 1960er Jahren entdeckt und hat im Vergleich zu MDPV ein 1\/4 der Potenz.<\/p>\n<p>Au\u00dferdem sind die Folgen in etwa die gleichen. Typischerweise findet man A-PVP CRYSTALS als wei\u00dfe Bergkristalle. Vielf\u00e4ltige Anwendungen und Auswirkungen von A-PVP Vor der Einnahme von Alpha-PVP ist es mit anderen Drogen zu mischen.<\/p>\n<p>Dar\u00fcber hinaus haben Sie die M\u00f6glichkeit, es zu schlucken oder zu inhalieren. Nur der Arzt sollte die Dosierung festlegen, und Sie sollten nicht mehr als eine innerhalb einer Stunde einnehmen.<\/p>\n<p>Benzolam ist mit Kokain vergleichbar, hat aber eine geringere Potenz. <a href=\"https:\/\/nembutalhouse.com\/de\/\">NembutalHaus<\/a><\/p>\n<p>Legen Sie es unter die Zunge, und Sie werden feststellen, dass es sich schnell aufl\u00f6st. Gleichzeitig k\u00f6nnen Sie ein taubes Gef\u00fchl bekommen.<\/p>\n<p>Obwohl es einige Zeit dauert, bis es sich manifestiert, sollte die Euphorie 30 Minuten nach der Einnahme auftreten. Sie werden einen leichten Anstieg des Blutdrucks nach der Bet\u00e4ubung bemerken.<\/p>\n<p>Au\u00dferdem werden Sie kein Verlangen mehr haben, Wasser zu trinken.<\/p>\n<p>Nachdem Sie etwas konsumiert haben, werden Sie 45 Minuten oder mehr sp\u00e4ter eine leichte Stimulation und m\u00f6glicherweise sogar Schl\u00e4frigkeit versp\u00fcren.<\/p>\n<p>Im Allgemeinen sollte die Wirkung nicht l\u00e4nger als drei Stunden anhalten, und Sie werden nicht das Bed\u00fcrfnis versp\u00fcren, sofort eine weitere Dosis zu nehmen.<\/p>\n<p>Die Euphorie h\u00e4lt zweifellos l\u00e4nger an, wenn Sie die Insufflationsmethode anwenden. Dennoch kann es schwierig sein, die Potenz abzusch\u00e4tzen, da einige Personen eine sehr allm\u00e4hliche Wirkung erleben, w\u00e4hrend andere eine recht schnelle Wirkung erfahren.<\/p>\n<p>Es beginnt zu wirken, sobald der Kunde es inhaliert. Nach dem Konsum werden Sie sich innerhalb von zehn Minuten euphorisch f\u00fchlen (bei der Insufflationsmethode).<\/p>\n<p>Nach dem Verzehr sollte man sich innerhalb einer Stunde schl\u00e4frig f\u00fchlen, und man kann sogar h\u00e4ufig Blackouts haben.<\/p>\n<p>Es ist wichtig zu verstehen, dass die Euphorie, die mit <a href=\"https:\/\/nembutalhouse.com\/de\/produkt\/buy-benzolam-online\/\">Benzolam<\/a> l\u00e4sst in der Regel schnell nach. Einige Leute behaupten, dass die Einnahme der Kristallform effektiver ist, da sie.<\/p>\n<p>Das intensive Gef\u00fchl h\u00e4lt nicht l\u00e4nger als drei Stunden an, aber die Dauer der Erfahrung mit dieser Art von Stimulanzien entscheidet dar\u00fcber, ob Sie in naher Zukunft eine weitere Dosis einnehmen oder nicht.<\/p>\n<p>Bitte beachten Sie, dass die Alpha-PVP Ihnen helfen kann, wenn Sie sich selbst als kreativ betrachten. Sie werden intensive Freude und einen Schub an Vitalit\u00e4t erleben.<\/p>\n<p>Ihr K\u00f6rper wird v\u00f6llig entspannt sein und Sie werden kein Verlangen nach Essen haben. Bitte beachten Sie, dass Sie nur kleine Mengen dieses Medikaments einnehmen sollten.<\/p>\n<p>Bei erh\u00f6hter Dosierung k\u00f6nnen die Dinge sehr leicht au\u00dfer Kontrolle geraten.<\/p>\n<p>Benzolam kann online auf einer Vielzahl von Websites gekauft werden, aber es ist ratsam, die Quelle gr\u00fcndlich zu untersuchen und so viele Bewertungen wie m\u00f6glich zu lesen.<\/p>\n<p>Bitte beachten Sie, dass das Ansprechen einer Person auf diese Medikamente von einer Reihe von Faktoren wie Gr\u00f6\u00dfe, Gewicht und Stoffwechselrate abh\u00e4ngen kann.<\/p>\n<p>&nbsp;<\/p>\n<p>&nbsp;<\/p>","protected":false},"excerpt":{"rendered":"<p>Purchase Benzolam Online Benzolam, allgemein bekannt als Alpha-PVP, ist ein starkes Stimulans, das typischerweise verwendet wird, um Euphorie zu erzeugen. Es wird auch als eine psychoaktive Droge von bestimmten...<\/p>","protected":false},"featured_media":1520,"comment_status":"open","ping_status":"closed","template":"","meta":{"_joinchat":[]},"product_cat":[186],"product_tag":[1215,1233,1210,1221,1222,1225,1211,1231,1232,1230,1229,1218,1220,1208,1209,1227,1224,1217,1213,1214,1228,1226,1223,1216,1219,1212],"class_list":{"0":"post-1355","1":"product","2":"type-product","3":"status-publish","4":"has-post-thumbnail","6":"product_cat-research-chemicals","7":"product_tag-benzolam-powder","8":"product_tag-benzolam-powder-for-cleaning","9":"product_tag-benzolam-powder-for-sale","10":"product_tag-benzolam-powder-online","11":"product_tag-benzolam-powder-price","12":"product_tag-benzolam-powder-store","13":"product_tag-benzolam-powder-supplier","14":"product_tag-benzolam-powder-use","15":"product_tag-benzolam-powder-wiki","16":"product_tag-benzolam-powder-worldwide","17":"product_tag-best-cheap-price-benzolam-powder","18":"product_tag-best-place-to-buy-benzolam","19":"product_tag-buy-benzolam-legally","20":"product_tag-buy-benzolam-powder","21":"product_tag-buy-benzolam-powder-online","22":"product_tag-cheap-benzolam-powders","23":"product_tag-high-quality-benzolam-powder","24":"product_tag-how-to-buy-benzolam","25":"product_tag-order-benzolam-powder","26":"product_tag-order-benzolam-powder-online","27":"product_tag-purcharse-benzolam-powder-powder","28":"product_tag-shop-benzolam-powder","29":"product_tag-top-quality-benzolam-powder","30":"product_tag-where-to-buy-benzolam","31":"product_tag-where-to-order-benzolam","32":"product_tag-wholesale-benzolam-powder-bulk-online","34":"first","35":"instock","36":"shipping-taxable","37":"purchasable","38":"product-type-variable"},"yoast_head":"<!-- This site is optimized with the Yoast SEO plugin v24.1 - https:\/\/yoast.com\/wordpress\/plugins\/seo\/ -->\n<title>Benzolam for Sale - Buy Benzolam Online - Order Benzolam<\/title>\n<meta name=\"description\" content=\"You can now get benzolam for sale from our top best store NembutalHouse. Our staff will assist you to buy benzolam online at the best prices. Order benzolam online today with worldwide shipping!\" \/>\n<meta name=\"robots\" content=\"index, follow, max-snippet:-1, max-image-preview:large, max-video-preview:-1\" \/>\n<link rel=\"canonical\" href=\"https:\/\/nembutalhouse.com\/de\/produkt\/buy-benzolam-online\/\" \/>\n<meta property=\"og:locale\" content=\"de_DE\" \/>\n<meta property=\"og:type\" content=\"article\" \/>\n<meta property=\"og:title\" content=\"Benzolam for Sale - Buy Benzolam Online - Order Benzolam\" \/>\n<meta property=\"og:description\" content=\"You can now get benzolam for sale from our top best store NembutalHouse. Our staff will assist you to buy benzolam online at the best prices. Order benzolam online today with worldwide shipping!\" \/>\n<meta property=\"og:url\" content=\"https:\/\/nembutalhouse.com\/de\/produkt\/buy-benzolam-online\/\" \/>\n<meta property=\"og:site_name\" content=\"Nembutal House\" \/>\n<meta property=\"article:modified_time\" content=\"2026-03-03T05:57:55+00:00\" \/>\n<meta property=\"og:image\" content=\"https:\/\/nembutalhouse.com\/wp-content\/uploads\/2024\/10\/Benzolam.gif\" \/>\n\t<meta property=\"og:image:width\" content=\"600\" \/>\n\t<meta property=\"og:image:height\" content=\"600\" \/>\n\t<meta property=\"og:image:type\" content=\"image\/gif\" \/>\n<meta name=\"twitter:card\" content=\"summary_large_image\" \/>\n<meta name=\"twitter:label1\" content=\"Gesch\u00e4tzte Lesezeit\" \/>\n\t<meta name=\"twitter:data1\" content=\"3\u00a0Minuten\" \/>\n<script type=\"application\/ld+json\" class=\"yoast-schema-graph\">{\"@context\":\"https:\/\/schema.org\",\"@graph\":[{\"@type\":\"WebPage\",\"@id\":\"https:\/\/nembutalhouse.com\/product\/buy-benzolam-online\/\",\"url\":\"https:\/\/nembutalhouse.com\/product\/buy-benzolam-online\/\",\"name\":\"Benzolam for Sale - Buy Benzolam Online - Order Benzolam\",\"isPartOf\":{\"@id\":\"https:\/\/nembutalhouse.com\/#website\"},\"primaryImageOfPage\":{\"@id\":\"https:\/\/nembutalhouse.com\/product\/buy-benzolam-online\/#primaryimage\"},\"image\":{\"@id\":\"https:\/\/nembutalhouse.com\/product\/buy-benzolam-online\/#primaryimage\"},\"thumbnailUrl\":\"https:\/\/nembutalhouse.com\/wp-content\/uploads\/2024\/10\/Benzolam.gif\",\"datePublished\":\"2024-10-16T11:50:21+00:00\",\"dateModified\":\"2026-03-03T05:57:55+00:00\",\"description\":\"You can now get benzolam for sale from our top best store NembutalHouse. Our staff will assist you to buy benzolam online at the best prices. Order benzolam online today with worldwide shipping!\",\"breadcrumb\":{\"@id\":\"https:\/\/nembutalhouse.com\/product\/buy-benzolam-online\/#breadcrumb\"},\"inLanguage\":\"de\",\"potentialAction\":[{\"@type\":\"ReadAction\",\"target\":[\"https:\/\/nembutalhouse.com\/product\/buy-benzolam-online\/\"]}]},{\"@type\":\"ImageObject\",\"inLanguage\":\"de\",\"@id\":\"https:\/\/nembutalhouse.com\/product\/buy-benzolam-online\/#primaryimage\",\"url\":\"https:\/\/nembutalhouse.com\/wp-content\/uploads\/2024\/10\/Benzolam.gif\",\"contentUrl\":\"https:\/\/nembutalhouse.com\/wp-content\/uploads\/2024\/10\/Benzolam.gif\",\"width\":600,\"height\":600,\"caption\":\"Buy Benzolam Online\"},{\"@type\":\"BreadcrumbList\",\"@id\":\"https:\/\/nembutalhouse.com\/product\/buy-benzolam-online\/#breadcrumb\",\"itemListElement\":[{\"@type\":\"ListItem\",\"position\":1,\"name\":\"Home\",\"item\":\"https:\/\/nembutalhouse.com\/\"},{\"@type\":\"ListItem\",\"position\":2,\"name\":\"Shop\",\"item\":\"https:\/\/nembutalhouse.com\/shop\/\"},{\"@type\":\"ListItem\",\"position\":3,\"name\":\"Buy Benzolam Online\"}]},{\"@type\":\"WebSite\",\"@id\":\"https:\/\/nembutalhouse.com\/#website\",\"url\":\"https:\/\/nembutalhouse.com\/\",\"name\":\"Nembutal House\",\"description\":\"Best Nembutal Online Store\",\"publisher\":{\"@id\":\"https:\/\/nembutalhouse.com\/#organization\"},\"potentialAction\":[{\"@type\":\"SearchAction\",\"target\":{\"@type\":\"EntryPoint\",\"urlTemplate\":\"https:\/\/nembutalhouse.com\/?s={search_term_string}\"},\"query-input\":{\"@type\":\"PropertyValueSpecification\",\"valueRequired\":true,\"valueName\":\"search_term_string\"}}],\"inLanguage\":\"de\"},{\"@type\":\"Organization\",\"@id\":\"https:\/\/nembutalhouse.com\/#organization\",\"name\":\"Nembutal House\",\"url\":\"https:\/\/nembutalhouse.com\/\",\"logo\":{\"@type\":\"ImageObject\",\"inLanguage\":\"de\",\"@id\":\"https:\/\/nembutalhouse.com\/#\/schema\/logo\/image\/\",\"url\":\"https:\/\/nembutalhouse.com\/wp-content\/uploads\/2022\/12\/logo.png\",\"contentUrl\":\"https:\/\/nembutalhouse.com\/wp-content\/uploads\/2022\/12\/logo.png\",\"width\":344,\"height\":103,\"caption\":\"Nembutal House\"},\"image\":{\"@id\":\"https:\/\/nembutalhouse.com\/#\/schema\/logo\/image\/\"}}]}<\/script>\n<!-- \/ Yoast SEO plugin. -->","yoast_head_json":{"title":"Benzolam for Sale - Buy Benzolam Online - Order Benzolam","description":"You can now get benzolam for sale from our top best store NembutalHouse. Our staff will assist you to buy benzolam online at the best prices. Order benzolam online today with worldwide shipping!","robots":{"index":"index","follow":"follow","max-snippet":"max-snippet:-1","max-image-preview":"max-image-preview:large","max-video-preview":"max-video-preview:-1"},"canonical":"https:\/\/nembutalhouse.com\/de\/produkt\/buy-benzolam-online\/","og_locale":"de_DE","og_type":"article","og_title":"Benzolam for Sale - Buy Benzolam Online - Order Benzolam","og_description":"You can now get benzolam for sale from our top best store NembutalHouse. Our staff will assist you to buy benzolam online at the best prices. Order benzolam online today with worldwide shipping!","og_url":"https:\/\/nembutalhouse.com\/de\/produkt\/buy-benzolam-online\/","og_site_name":"Nembutal House","article_modified_time":"2026-03-03T05:57:55+00:00","og_image":[{"width":600,"height":600,"url":"https:\/\/nembutalhouse.com\/wp-content\/uploads\/2024\/10\/Benzolam.gif","type":"image\/gif"}],"twitter_card":"summary_large_image","twitter_misc":{"Gesch\u00e4tzte Lesezeit":"3\u00a0Minuten"},"schema":{"@context":"https:\/\/schema.org","@graph":[{"@type":"WebPage","@id":"https:\/\/nembutalhouse.com\/product\/buy-benzolam-online\/","url":"https:\/\/nembutalhouse.com\/product\/buy-benzolam-online\/","name":"Benzolam for Sale - Buy Benzolam Online - Order Benzolam","isPartOf":{"@id":"https:\/\/nembutalhouse.com\/#website"},"primaryImageOfPage":{"@id":"https:\/\/nembutalhouse.com\/product\/buy-benzolam-online\/#primaryimage"},"image":{"@id":"https:\/\/nembutalhouse.com\/product\/buy-benzolam-online\/#primaryimage"},"thumbnailUrl":"https:\/\/nembutalhouse.com\/wp-content\/uploads\/2024\/10\/Benzolam.gif","datePublished":"2024-10-16T11:50:21+00:00","dateModified":"2026-03-03T05:57:55+00:00","description":"You can now get benzolam for sale from our top best store NembutalHouse. Our staff will assist you to buy benzolam online at the best prices. Order benzolam online today with worldwide shipping!","breadcrumb":{"@id":"https:\/\/nembutalhouse.com\/product\/buy-benzolam-online\/#breadcrumb"},"inLanguage":"de","potentialAction":[{"@type":"ReadAction","target":["https:\/\/nembutalhouse.com\/product\/buy-benzolam-online\/"]}]},{"@type":"ImageObject","inLanguage":"de","@id":"https:\/\/nembutalhouse.com\/product\/buy-benzolam-online\/#primaryimage","url":"https:\/\/nembutalhouse.com\/wp-content\/uploads\/2024\/10\/Benzolam.gif","contentUrl":"https:\/\/nembutalhouse.com\/wp-content\/uploads\/2024\/10\/Benzolam.gif","width":600,"height":600,"caption":"Buy Benzolam Online"},{"@type":"BreadcrumbList","@id":"https:\/\/nembutalhouse.com\/product\/buy-benzolam-online\/#breadcrumb","itemListElement":[{"@type":"ListItem","position":1,"name":"Home","item":"https:\/\/nembutalhouse.com\/"},{"@type":"ListItem","position":2,"name":"Shop","item":"https:\/\/nembutalhouse.com\/shop\/"},{"@type":"ListItem","position":3,"name":"Buy Benzolam Online"}]},{"@type":"WebSite","@id":"https:\/\/nembutalhouse.com\/#website","url":"https:\/\/nembutalhouse.com\/","name":"Nembutal House","description":"Best Nembutal Online Store","publisher":{"@id":"https:\/\/nembutalhouse.com\/#organization"},"potentialAction":[{"@type":"SearchAction","target":{"@type":"EntryPoint","urlTemplate":"https:\/\/nembutalhouse.com\/?s={search_term_string}"},"query-input":{"@type":"PropertyValueSpecification","valueRequired":true,"valueName":"search_term_string"}}],"inLanguage":"de"},{"@type":"Organization","@id":"https:\/\/nembutalhouse.com\/#organization","name":"Nembutal House","url":"https:\/\/nembutalhouse.com\/","logo":{"@type":"ImageObject","inLanguage":"de","@id":"https:\/\/nembutalhouse.com\/#\/schema\/logo\/image\/","url":"https:\/\/nembutalhouse.com\/wp-content\/uploads\/2022\/12\/logo.png","contentUrl":"https:\/\/nembutalhouse.com\/wp-content\/uploads\/2022\/12\/logo.png","width":344,"height":103,"caption":"Nembutal House"},"image":{"@id":"https:\/\/nembutalhouse.com\/#\/schema\/logo\/image\/"}}]}},"_links":{"self":[{"href":"https:\/\/nembutalhouse.com\/de\/wp-json\/wp\/v2\/product\/1355","targetHints":{"allow":["GET"]}}],"collection":[{"href":"https:\/\/nembutalhouse.com\/de\/wp-json\/wp\/v2\/product"}],"about":[{"href":"https:\/\/nembutalhouse.com\/de\/wp-json\/wp\/v2\/types\/product"}],"replies":[{"embeddable":true,"href":"https:\/\/nembutalhouse.com\/de\/wp-json\/wp\/v2\/comments?post=1355"}],"wp:featuredmedia":[{"embeddable":true,"href":"https:\/\/nembutalhouse.com\/de\/wp-json\/wp\/v2\/media\/1520"}],"wp:attachment":[{"href":"https:\/\/nembutalhouse.com\/de\/wp-json\/wp\/v2\/media?parent=1355"}],"wp:term":[{"taxonomy":"product_cat","embeddable":true,"href":"https:\/\/nembutalhouse.com\/de\/wp-json\/wp\/v2\/product_cat?post=1355"},{"taxonomy":"product_tag","embeddable":true,"href":"https:\/\/nembutalhouse.com\/de\/wp-json\/wp\/v2\/product_tag?post=1355"}],"curies":[{"name":"wp","href":"https:\/\/api.w.org\/{rel}","templated":true}]}}