{"id":1317,"date":"2024-10-16T11:50:01","date_gmt":"2024-10-16T11:50:01","guid":{"rendered":"https:\/\/nembutalhouse.com\/?post_type=product&#038;p=1317"},"modified":"2026-03-03T05:02:35","modified_gmt":"2026-03-03T05:02:35","slug":"buy-mdpv-online","status":"publish","type":"product","link":"https:\/\/nembutalhouse.com\/de\/produkt\/buy-mdpv-online\/","title":{"rendered":"MDPV online kaufen"},"content":{"rendered":"<h2>MDPV online kaufen<\/h2>\n<p><a href=\"https:\/\/nembutalhouse.com\/de\/produkt\/buy-mdpv-online\/\">MDPV<\/a> ist auch unter dem Namen Methylendioxypyrovaleron bekannt.<\/p>\n<p>Es handelt sich um eine Designerdroge, die urspr\u00fcnglich 1969 entwickelt wurde.<\/p>\n<p>Dies ist eine Art von Wiederaufnahmehemmern f\u00fcr die Dopamin- und Noradrenalinrezeptoren.<\/p>\n<p>Es ist daf\u00fcr bekannt, dass es als psychoaktive Substanz wirkt und stimulierende Eigenschaften aufweist. Einige der Wirkungen des Medikaments k\u00f6nnen sein: erh\u00f6htes Bewusstsein, Euphorie, erh\u00f6hte Wachsamkeit und erh\u00f6hte Energie.<\/p>\n<p>Erfahrene Forscher raten zur Verwendung <a href=\"https:\/\/en.wikipedia.org\/wiki\/Methylenedioxypyrovalerone\">MDPV<\/a> im Vergleich zu Ritalin, da ersteres bekannterma\u00dfen 4-mal st\u00e4rker ist.<\/p>\n<p>Das Medikament wird in der Regel von den Online-Websites oder Apotheken in einer feinen kristallinen Pulverform verkauft.<\/p>\n<p>Bitte beachten Sie, dass MDPV schon seit geraumer Zeit existiert und daher mit verschiedenen Namen bezeichnet wird, wie z.B.: MDPK, Maddie, Super Coke, Ivory Wave, Peevee, Magic, MTV, Ocean, White Lightening, ScarfaceCharge Plus usw. <a href=\"https:\/\/nembutalhouse.com\/de\/\">NembutalHaus<\/a><\/p>\n<p>Obwohl dem Medikament psychotrope Eigenschaften zugeschrieben werden, verwenden viele es auch zu Erholungszwecken.<\/p>\n<p><strong>Einige der traditionellen Verwendungen von MDPV sind:<\/strong><\/p>\n<ul>\n<li>Es wurde verwendet, um Patienten beim Abnehmen zu helfen, da das Medikament dazu neigt, schnell Fett zu verbrennen.<\/li>\n<li>Wie bereits erw\u00e4hnt, ist dieses Medikament daf\u00fcr bekannt, die sexuelle Aktivit\u00e4t zu verbessern, die Energiereserven zu erh\u00f6hen und den Patienten zu einem hohen Erregungsniveau zu verhelfen.<\/li>\n<\/ul>\n<p>Bitte beachten Sie, dass es wie bei jedem anderen Medikament auch f\u00fcr MDPV empfohlene Dosierungen gibt. So kann eine \u00dcberdosierung zu Problemen f\u00fchren, genau wie bei anderen Medikamenten.<\/p>\n<p>Sie sollten niemals die empfohlene Dosierung \u00fcberschreiten. Das Positive an MDPV ist, dass dieses Medikament in den meisten L\u00e4ndern der Welt legal ist, anders als die meisten seiner Gegenst\u00fccke. Dank seiner zahlreichen pharmazeutischen Eigenschaften wird es von vielen Forschern auch als chemische Verbindung f\u00fcr die Forschung verwendet.<\/p>\n<p>Obwohl es im Allgemeinen als hydrophiles Pulver mit leichtem Geruch erh\u00e4ltlich ist, kann es jede Farbe von wei\u00df bis hellbraun haben. Einige der Nebenwirkungen der Verwendung von MDVP sind: Angst, Schw\u00e4che, Erregung, Mangel an Hunger, erh\u00f6hter Blutdruck und Herzklopfen.<\/p>\n<p>Eine \u00dcberdosierung kann Halluzinationen und sogar Panikzust\u00e4nde verursachen. Die Wirkung h\u00e4lt im Allgemeinen etwa 4 Stunden an. Bitte stellen Sie sicher, dass Sie es nicht an der frischen Luft aufbewahren, da der Kontakt mit frischer Luft seine Eigenschaften ver\u00e4ndern kann.<\/p>","protected":false},"excerpt":{"rendered":"<p>Buy MDPV Online MDPV is also known by the name Methylenedioxypyrovalerone. It is a designer drug and it was developed originally in 1969. This is one type of reuptake inhibitor&hellip;<\/p>","protected":false},"featured_media":1525,"comment_status":"open","ping_status":"closed","template":"","meta":{"_joinchat":[]},"product_cat":[188],"product_tag":[1095,1084,1074,1101,1086,1075,1093,1090,1083,1081,1100,1099,1102,1087,1088,1091,1097,1098,1096,1076,1077,1079,1103,1080,1094,1092,1089,1082,1085,1078],"class_list":{"0":"post-1317","1":"product","2":"type-product","3":"status-publish","4":"has-post-thumbnail","6":"product_cat-stimulants","7":"product_tag-best-cheap-price-mdpv-crystal","8":"product_tag-best-place-to-buy-mdpv","9":"product_tag-buy-mdpv","10":"product_tag-buy-mdpv-crystal-online","11":"product_tag-buy-mdpv-legally","12":"product_tag-buy-mdpv-online","13":"product_tag-cheap-mdpv-crystals","14":"product_tag-high-quality-mdpv-crystal","15":"product_tag-how-to-buy-mdpv","16":"product_tag-mdpv","17":"product_tag-mdpv-crystal","18":"product_tag-mdpv-crystal-for-cleaning","19":"product_tag-mdpv-crystal-for-sale","20":"product_tag-mdpv-crystal-online","21":"product_tag-mdpv-crystal-price","22":"product_tag-mdpv-crystal-store","23":"product_tag-mdpv-crystal-use","24":"product_tag-mdpv-crystal-wiki","25":"product_tag-mdpv-crystal-worldwide","26":"product_tag-mdpv-for-sale","27":"product_tag-mdpv-supplier","28":"product_tag-order-mdpv","29":"product_tag-order-mdpv-crystal","30":"product_tag-order-mdpv-online","31":"product_tag-purcharse-mdpv-crystal-powder","32":"product_tag-shop-mdpv-crystal","33":"product_tag-top-quality-mdpv-crystal","34":"product_tag-where-to-buy-mdpv","35":"product_tag-where-to-order-mdpv","36":"product_tag-wholesale-mdpv-bulk-online","38":"first","39":"instock","40":"shipping-taxable","41":"purchasable","42":"product-type-variable"},"yoast_head":"<!-- This site is optimized with the Yoast SEO plugin v24.1 - https:\/\/yoast.com\/wordpress\/plugins\/seo\/ -->\n<title>Buy MDPV Online - MDPV for Sale | NembutalHouse<\/title>\n<meta name=\"description\" content=\"Looking to Buy mdpv online? Discover a seamless platform at our online store where you can buy mdpv powder, ensuring top-grade quality for your research needs.\" \/>\n<meta name=\"robots\" content=\"index, follow, max-snippet:-1, max-image-preview:large, max-video-preview:-1\" \/>\n<link rel=\"canonical\" href=\"https:\/\/nembutalhouse.com\/de\/produkt\/buy-mdpv-online\/\" \/>\n<meta property=\"og:locale\" content=\"de_DE\" \/>\n<meta property=\"og:type\" content=\"article\" \/>\n<meta property=\"og:title\" content=\"Buy MDPV Online - MDPV for Sale | NembutalHouse\" \/>\n<meta property=\"og:description\" content=\"Looking to Buy mdpv online? Discover a seamless platform at our online store where you can buy mdpv powder, ensuring top-grade quality for your research needs.\" \/>\n<meta property=\"og:url\" content=\"https:\/\/nembutalhouse.com\/de\/produkt\/buy-mdpv-online\/\" \/>\n<meta property=\"og:site_name\" content=\"Nembutal House\" \/>\n<meta property=\"article:modified_time\" content=\"2026-03-03T05:02:35+00:00\" \/>\n<meta property=\"og:image\" content=\"https:\/\/nembutalhouse.com\/wp-content\/uploads\/2024\/10\/MDPV-1.gif\" \/>\n\t<meta property=\"og:image:width\" content=\"600\" \/>\n\t<meta property=\"og:image:height\" content=\"600\" \/>\n\t<meta property=\"og:image:type\" content=\"image\/gif\" \/>\n<meta name=\"twitter:card\" content=\"summary_large_image\" \/>\n<meta name=\"twitter:label1\" content=\"Gesch\u00e4tzte Lesezeit\" \/>\n\t<meta name=\"twitter:data1\" content=\"2\u00a0Minuten\" \/>\n<script type=\"application\/ld+json\" class=\"yoast-schema-graph\">{\"@context\":\"https:\/\/schema.org\",\"@graph\":[{\"@type\":\"WebPage\",\"@id\":\"https:\/\/nembutalhouse.com\/product\/buy-mdpv-online\/\",\"url\":\"https:\/\/nembutalhouse.com\/product\/buy-mdpv-online\/\",\"name\":\"Buy MDPV Online - MDPV for Sale | NembutalHouse\",\"isPartOf\":{\"@id\":\"https:\/\/nembutalhouse.com\/#website\"},\"primaryImageOfPage\":{\"@id\":\"https:\/\/nembutalhouse.com\/product\/buy-mdpv-online\/#primaryimage\"},\"image\":{\"@id\":\"https:\/\/nembutalhouse.com\/product\/buy-mdpv-online\/#primaryimage\"},\"thumbnailUrl\":\"https:\/\/nembutalhouse.com\/wp-content\/uploads\/2024\/10\/MDPV-1.gif\",\"datePublished\":\"2024-10-16T11:50:01+00:00\",\"dateModified\":\"2026-03-03T05:02:35+00:00\",\"description\":\"Looking to Buy mdpv online? Discover a seamless platform at our online store where you can buy mdpv powder, ensuring top-grade quality for your research needs.\",\"breadcrumb\":{\"@id\":\"https:\/\/nembutalhouse.com\/product\/buy-mdpv-online\/#breadcrumb\"},\"inLanguage\":\"de\",\"potentialAction\":[{\"@type\":\"ReadAction\",\"target\":[\"https:\/\/nembutalhouse.com\/product\/buy-mdpv-online\/\"]}]},{\"@type\":\"ImageObject\",\"inLanguage\":\"de\",\"@id\":\"https:\/\/nembutalhouse.com\/product\/buy-mdpv-online\/#primaryimage\",\"url\":\"https:\/\/nembutalhouse.com\/wp-content\/uploads\/2024\/10\/MDPV-1.gif\",\"contentUrl\":\"https:\/\/nembutalhouse.com\/wp-content\/uploads\/2024\/10\/MDPV-1.gif\",\"width\":600,\"height\":600,\"caption\":\"Buy MDPV Online\"},{\"@type\":\"BreadcrumbList\",\"@id\":\"https:\/\/nembutalhouse.com\/product\/buy-mdpv-online\/#breadcrumb\",\"itemListElement\":[{\"@type\":\"ListItem\",\"position\":1,\"name\":\"Home\",\"item\":\"https:\/\/nembutalhouse.com\/\"},{\"@type\":\"ListItem\",\"position\":2,\"name\":\"Shop\",\"item\":\"https:\/\/nembutalhouse.com\/shop\/\"},{\"@type\":\"ListItem\",\"position\":3,\"name\":\"Buy MDPV Online\"}]},{\"@type\":\"WebSite\",\"@id\":\"https:\/\/nembutalhouse.com\/#website\",\"url\":\"https:\/\/nembutalhouse.com\/\",\"name\":\"Nembutal House\",\"description\":\"Best Nembutal Online Store\",\"publisher\":{\"@id\":\"https:\/\/nembutalhouse.com\/#organization\"},\"potentialAction\":[{\"@type\":\"SearchAction\",\"target\":{\"@type\":\"EntryPoint\",\"urlTemplate\":\"https:\/\/nembutalhouse.com\/?s={search_term_string}\"},\"query-input\":{\"@type\":\"PropertyValueSpecification\",\"valueRequired\":true,\"valueName\":\"search_term_string\"}}],\"inLanguage\":\"de\"},{\"@type\":\"Organization\",\"@id\":\"https:\/\/nembutalhouse.com\/#organization\",\"name\":\"Nembutal House\",\"url\":\"https:\/\/nembutalhouse.com\/\",\"logo\":{\"@type\":\"ImageObject\",\"inLanguage\":\"de\",\"@id\":\"https:\/\/nembutalhouse.com\/#\/schema\/logo\/image\/\",\"url\":\"https:\/\/nembutalhouse.com\/wp-content\/uploads\/2022\/12\/logo.png\",\"contentUrl\":\"https:\/\/nembutalhouse.com\/wp-content\/uploads\/2022\/12\/logo.png\",\"width\":344,\"height\":103,\"caption\":\"Nembutal House\"},\"image\":{\"@id\":\"https:\/\/nembutalhouse.com\/#\/schema\/logo\/image\/\"}}]}<\/script>\n<!-- \/ Yoast SEO plugin. -->","yoast_head_json":{"title":"Buy MDPV Online - MDPV for Sale | NembutalHouse","description":"Looking to Buy mdpv online? Discover a seamless platform at our online store where you can buy mdpv powder, ensuring top-grade quality for your research needs.","robots":{"index":"index","follow":"follow","max-snippet":"max-snippet:-1","max-image-preview":"max-image-preview:large","max-video-preview":"max-video-preview:-1"},"canonical":"https:\/\/nembutalhouse.com\/de\/produkt\/buy-mdpv-online\/","og_locale":"de_DE","og_type":"article","og_title":"Buy MDPV Online - MDPV for Sale | NembutalHouse","og_description":"Looking to Buy mdpv online? Discover a seamless platform at our online store where you can buy mdpv powder, ensuring top-grade quality for your research needs.","og_url":"https:\/\/nembutalhouse.com\/de\/produkt\/buy-mdpv-online\/","og_site_name":"Nembutal House","article_modified_time":"2026-03-03T05:02:35+00:00","og_image":[{"width":600,"height":600,"url":"https:\/\/nembutalhouse.com\/wp-content\/uploads\/2024\/10\/MDPV-1.gif","type":"image\/gif"}],"twitter_card":"summary_large_image","twitter_misc":{"Gesch\u00e4tzte Lesezeit":"2\u00a0Minuten"},"schema":{"@context":"https:\/\/schema.org","@graph":[{"@type":"WebPage","@id":"https:\/\/nembutalhouse.com\/product\/buy-mdpv-online\/","url":"https:\/\/nembutalhouse.com\/product\/buy-mdpv-online\/","name":"Buy MDPV Online - MDPV for Sale | NembutalHouse","isPartOf":{"@id":"https:\/\/nembutalhouse.com\/#website"},"primaryImageOfPage":{"@id":"https:\/\/nembutalhouse.com\/product\/buy-mdpv-online\/#primaryimage"},"image":{"@id":"https:\/\/nembutalhouse.com\/product\/buy-mdpv-online\/#primaryimage"},"thumbnailUrl":"https:\/\/nembutalhouse.com\/wp-content\/uploads\/2024\/10\/MDPV-1.gif","datePublished":"2024-10-16T11:50:01+00:00","dateModified":"2026-03-03T05:02:35+00:00","description":"Looking to Buy mdpv online? Discover a seamless platform at our online store where you can buy mdpv powder, ensuring top-grade quality for your research needs.","breadcrumb":{"@id":"https:\/\/nembutalhouse.com\/product\/buy-mdpv-online\/#breadcrumb"},"inLanguage":"de","potentialAction":[{"@type":"ReadAction","target":["https:\/\/nembutalhouse.com\/product\/buy-mdpv-online\/"]}]},{"@type":"ImageObject","inLanguage":"de","@id":"https:\/\/nembutalhouse.com\/product\/buy-mdpv-online\/#primaryimage","url":"https:\/\/nembutalhouse.com\/wp-content\/uploads\/2024\/10\/MDPV-1.gif","contentUrl":"https:\/\/nembutalhouse.com\/wp-content\/uploads\/2024\/10\/MDPV-1.gif","width":600,"height":600,"caption":"Buy MDPV Online"},{"@type":"BreadcrumbList","@id":"https:\/\/nembutalhouse.com\/product\/buy-mdpv-online\/#breadcrumb","itemListElement":[{"@type":"ListItem","position":1,"name":"Home","item":"https:\/\/nembutalhouse.com\/"},{"@type":"ListItem","position":2,"name":"Shop","item":"https:\/\/nembutalhouse.com\/shop\/"},{"@type":"ListItem","position":3,"name":"Buy MDPV Online"}]},{"@type":"WebSite","@id":"https:\/\/nembutalhouse.com\/#website","url":"https:\/\/nembutalhouse.com\/","name":"Nembutal House","description":"Best Nembutal Online Store","publisher":{"@id":"https:\/\/nembutalhouse.com\/#organization"},"potentialAction":[{"@type":"SearchAction","target":{"@type":"EntryPoint","urlTemplate":"https:\/\/nembutalhouse.com\/?s={search_term_string}"},"query-input":{"@type":"PropertyValueSpecification","valueRequired":true,"valueName":"search_term_string"}}],"inLanguage":"de"},{"@type":"Organization","@id":"https:\/\/nembutalhouse.com\/#organization","name":"Nembutal House","url":"https:\/\/nembutalhouse.com\/","logo":{"@type":"ImageObject","inLanguage":"de","@id":"https:\/\/nembutalhouse.com\/#\/schema\/logo\/image\/","url":"https:\/\/nembutalhouse.com\/wp-content\/uploads\/2022\/12\/logo.png","contentUrl":"https:\/\/nembutalhouse.com\/wp-content\/uploads\/2022\/12\/logo.png","width":344,"height":103,"caption":"Nembutal House"},"image":{"@id":"https:\/\/nembutalhouse.com\/#\/schema\/logo\/image\/"}}]}},"_links":{"self":[{"href":"https:\/\/nembutalhouse.com\/de\/wp-json\/wp\/v2\/product\/1317","targetHints":{"allow":["GET"]}}],"collection":[{"href":"https:\/\/nembutalhouse.com\/de\/wp-json\/wp\/v2\/product"}],"about":[{"href":"https:\/\/nembutalhouse.com\/de\/wp-json\/wp\/v2\/types\/product"}],"replies":[{"embeddable":true,"href":"https:\/\/nembutalhouse.com\/de\/wp-json\/wp\/v2\/comments?post=1317"}],"wp:featuredmedia":[{"embeddable":true,"href":"https:\/\/nembutalhouse.com\/de\/wp-json\/wp\/v2\/media\/1525"}],"wp:attachment":[{"href":"https:\/\/nembutalhouse.com\/de\/wp-json\/wp\/v2\/media?parent=1317"}],"wp:term":[{"taxonomy":"product_cat","embeddable":true,"href":"https:\/\/nembutalhouse.com\/de\/wp-json\/wp\/v2\/product_cat?post=1317"},{"taxonomy":"product_tag","embeddable":true,"href":"https:\/\/nembutalhouse.com\/de\/wp-json\/wp\/v2\/product_tag?post=1317"}],"curies":[{"name":"wp","href":"https:\/\/api.w.org\/{rel}","templated":true}]}}