{"id":1106,"date":"2024-10-16T11:47:47","date_gmt":"2024-10-16T11:47:47","guid":{"rendered":"https:\/\/nembutalhouse.com\/?post_type=product&#038;p=1106"},"modified":"2026-03-06T08:32:15","modified_gmt":"2026-03-06T08:32:15","slug":"buy-6apb-online","status":"publish","type":"product","link":"https:\/\/nembutalhouse.com\/de\/produkt\/6apb-online-kaufen\/","title":{"rendered":"Buy 6apb Online"},"content":{"rendered":"<h2>6APB online kaufen<\/h2>\n<p><a href=\"https:\/\/en.wikipedia.org\/wiki\/6-APB\">6-(2-Aminopropyl) APB<\/a> 6-Als bekanntes synthetisches Entaktogen, das zu den chemischen Klassen der Phenethylamine und Benzofurane geh\u00f6rt, ist Benzofuran (auch bekannt als <a href=\"https:\/\/nembutalhouse.com\/de\/produkt\/6apb-online-kaufen\/\">6-APB<\/a> oder unter dem Markennamen Benzofury) erzeugt bei der Verabreichung eine starke und lang anhaltende Reihe typischer MDA-\u00e4hnlicher entaktogener Wirkungen, darunter Sedierung, gesteigerte Gef\u00fchle von Empathie, Liebe und Geselligkeit, Muskelentspannung, Angstreduktion sowie k\u00f6rperliche und kognitive Euphorie.<\/p>\n<h3>NEMBUTALHAUS-FORSCHUNG<\/h3>\n<h3>WIR SIND EIN WELTWEITER ANBIETER VON FORSCHUNGSCHEMIKALIEN<\/h3>\n<p>Betreffend<\/p>\n<p>vertrauensw\u00fcrdige, \u00fcberpr\u00fcfte, verifizierte, sichere und zugelassene Lieferanten von Forschungschemikalien<\/p>\n<p>Wir stellen vor: <a href=\"https:\/\/nembutalhouse.com\/de\/\">Nembutalhaus<\/a>, einem renommierten Anbieter von Forschungschemikalien, der modernste Materialien f\u00fcr Ihre Projekte bereitstellt. Sie brauchen einen Lieferanten, auf den Sie sich verlassen k\u00f6nnen, um Chemikalien anzubieten, die 100% authentisch und rein sind, und Sie k\u00f6nnen sich darauf verlassen, wenn Sie mit uns zusammenarbeiten. Unser Engagement f\u00fcr herausragende Leistungen und die Integrit\u00e4t der Wissenschaft hat uns zu einem der angesehensten Anbieter auf dem Internetmarkt gemacht - eine Position, die wir hart erarbeiten und sehr ernst nehmen.<\/p>\n<p>Unsere Kunden k\u00f6nnen von unseren verschiedenen Zahlungsm\u00f6glichkeiten, der zuverl\u00e4ssigen Lieferung und der gr\u00f6\u00dften Auswahl an Forschungschemikalien profitieren. Auf diese Weise k\u00f6nnen wir einer gro\u00dfen Anzahl von Forschern auf allen Kontinenten dabei helfen, ungew\u00f6hnliche und wenig untersuchte Studienmaterialien zu finden, die oft das Potenzial haben, physikalische, chemische, biologische oder pharmazeutische Studien erheblich zu beeinflussen. Wir suchen st\u00e4ndig nach Methoden, um unser Angebot zu verbessern, und nehmen, wo immer m\u00f6glich, neue Forschungschemikalien in unsere Produktliste auf, um unserem Ziel gerecht zu werden.<\/p>\n<p>Je nach ihrem unmittelbaren Bedarf k\u00f6nnen unsere Kunden Auftr\u00e4ge in gr\u00f6\u00dferen oder kleineren Mengen abnehmen. Neben der Bereitstellung<\/p>\n<p>Research Chemicals ist bestrebt, die Pr\u00e4ferenzen unserer Verbraucher in aller Welt zu ber\u00fccksichtigen, auch im Hinblick auf deren Anforderungen. Unser oberstes Ziel ist es, der wissenschaftlichen Gemeinschaft den Zugang zu erschwinglichen, qualitativ hochwertigen Forschungschemikalien zu erleichtern und gleichzeitig das Wissen auf technische Weise zu f\u00f6rdern.<\/p>\n<p>Bitte beachten Sie, dass die NembutalHouse Company nur die strikte Verwendung ihrer Forschungsg\u00fcter f\u00fcr legitime wissenschaftliche Studien erlaubt, die in einer sicheren, kontrollierten Laborumgebung unter Einhaltung der \u00f6rtlichen Gesetze und Vorschriften durchgef\u00fchrt werden. Unsere Artikel sind f\u00fcr den menschlichen Verzehr streng verboten, egal was.<\/p>\n<h3>First Research Chemical Store, Inc.<\/h3>\n<p>Wir versorgen pharmazeutische Wissenschaftler, Chemiestudenten, Pharmakologen, medizinische Einrichtungen, Toxikologen und andere Forscher mit Forschungschemikalien, Biochemiker, Medizinstudenten und Bildungseinrichtungen.<\/p>","protected":false},"excerpt":{"rendered":"<p>Buy 6APB Online 6-(2-aminopropyl) APB 6-As a well-known synthetic entactogen belonging to the phenethylamine and benzofuran chemical classes, benzofuran (also known as 6-APB or by the brand name Benzofury) produces&hellip;<\/p>","protected":false},"featured_media":1610,"comment_status":"closed","ping_status":"closed","template":"","meta":{"_joinchat":[]},"product_cat":[188],"product_tag":[989,994,1012,1014,1000,1001,1004,1010,1011,1009,990,1008,997,987,988,999,1013,1006,1003,996,992,993,1015,1007,1005,1002,995,998,991],"class_list":{"0":"post-1106","1":"product","2":"type-product","3":"status-publish","4":"has-post-thumbnail","6":"product_cat-stimulants","7":"product_tag-6apb-for-sale","8":"product_tag-6apb-powder","9":"product_tag-6apb-powder-for-cleaning","10":"product_tag-6apb-powder-for-sale","11":"product_tag-6apb-powder-online","12":"product_tag-6apb-powder-price","13":"product_tag-6apb-powder-store","14":"product_tag-6apb-powder-use","15":"product_tag-6apb-powder-wiki","16":"product_tag-6apb-powder-worldwide","17":"product_tag-6apb-supplier","18":"product_tag-best-cheap-price-6apb-powder","19":"product_tag-best-place-to-buy-6apb-powder","20":"product_tag-buy-6apb","21":"product_tag-buy-6apb-online","22":"product_tag-buy-6apb-powder-legally","23":"product_tag-buy-6apb-powder-online","24":"product_tag-cheap-6apb-powders","25":"product_tag-high-quality-6apb-powder","26":"product_tag-how-to-buy-6apb-powder","27":"product_tag-order-6apb","28":"product_tag-order-6apb-online","29":"product_tag-order-6apb-powder","30":"product_tag-purcharse-6apb-powder-powder","31":"product_tag-shop-6apb-powder","32":"product_tag-top-quality-6apb-powder","33":"product_tag-where-to-buy-6apb-powder","34":"product_tag-where-to-order-6apb-powder","35":"product_tag-wholesale-6apb-bulk-online","37":"first","38":"instock","39":"shipping-taxable","40":"purchasable","41":"product-type-variable"},"yoast_head":"<!-- This site is optimized with the Yoast SEO plugin v24.1 - https:\/\/yoast.com\/wordpress\/plugins\/seo\/ -->\n<title>Buy 6APB Powder Online - 6APB for Sale - Order 6APB<\/title>\n<meta name=\"description\" content=\"Find premium 6apb for sale at our online store, providing a secure platform to buy 6apb powder online with ease, catering to your research needs.\" \/>\n<meta name=\"robots\" content=\"index, follow, max-snippet:-1, max-image-preview:large, max-video-preview:-1\" \/>\n<link rel=\"canonical\" href=\"https:\/\/nembutalhouse.com\/de\/produkt\/6apb-online-kaufen\/\" \/>\n<meta property=\"og:locale\" content=\"de_DE\" \/>\n<meta property=\"og:type\" content=\"article\" \/>\n<meta property=\"og:title\" content=\"Buy 6APB Powder Online - 6APB for Sale - Order 6APB\" \/>\n<meta property=\"og:description\" content=\"Find premium 6apb for sale at our online store, providing a secure platform to buy 6apb powder online with ease, catering to your research needs.\" \/>\n<meta property=\"og:url\" content=\"https:\/\/nembutalhouse.com\/de\/produkt\/6apb-online-kaufen\/\" \/>\n<meta property=\"og:site_name\" content=\"Nembutal House\" \/>\n<meta property=\"article:modified_time\" content=\"2026-03-06T08:32:15+00:00\" \/>\n<meta property=\"og:image\" content=\"https:\/\/nembutalhouse.com\/wp-content\/uploads\/2024\/10\/6apb-1.gif\" \/>\n\t<meta property=\"og:image:width\" content=\"600\" \/>\n\t<meta property=\"og:image:height\" content=\"600\" \/>\n\t<meta property=\"og:image:type\" content=\"image\/gif\" \/>\n<meta name=\"twitter:card\" content=\"summary_large_image\" \/>\n<meta name=\"twitter:label1\" content=\"Gesch\u00e4tzte Lesezeit\" \/>\n\t<meta name=\"twitter:data1\" content=\"2\u00a0Minuten\" \/>\n<script type=\"application\/ld+json\" class=\"yoast-schema-graph\">{\"@context\":\"https:\/\/schema.org\",\"@graph\":[{\"@type\":\"WebPage\",\"@id\":\"https:\/\/nembutalhouse.com\/product\/buy-6apb-online\/\",\"url\":\"https:\/\/nembutalhouse.com\/product\/buy-6apb-online\/\",\"name\":\"Buy 6APB Powder Online - 6APB for Sale - Order 6APB\",\"isPartOf\":{\"@id\":\"https:\/\/nembutalhouse.com\/#website\"},\"primaryImageOfPage\":{\"@id\":\"https:\/\/nembutalhouse.com\/product\/buy-6apb-online\/#primaryimage\"},\"image\":{\"@id\":\"https:\/\/nembutalhouse.com\/product\/buy-6apb-online\/#primaryimage\"},\"thumbnailUrl\":\"https:\/\/nembutalhouse.com\/wp-content\/uploads\/2024\/10\/6apb-1.gif\",\"datePublished\":\"2024-10-16T11:47:47+00:00\",\"dateModified\":\"2026-03-06T08:32:15+00:00\",\"description\":\"Find premium 6apb for sale at our online store, providing a secure platform to buy 6apb powder online with ease, catering to your research needs.\",\"breadcrumb\":{\"@id\":\"https:\/\/nembutalhouse.com\/product\/buy-6apb-online\/#breadcrumb\"},\"inLanguage\":\"de\",\"potentialAction\":[{\"@type\":\"ReadAction\",\"target\":[\"https:\/\/nembutalhouse.com\/product\/buy-6apb-online\/\"]}]},{\"@type\":\"ImageObject\",\"inLanguage\":\"de\",\"@id\":\"https:\/\/nembutalhouse.com\/product\/buy-6apb-online\/#primaryimage\",\"url\":\"https:\/\/nembutalhouse.com\/wp-content\/uploads\/2024\/10\/6apb-1.gif\",\"contentUrl\":\"https:\/\/nembutalhouse.com\/wp-content\/uploads\/2024\/10\/6apb-1.gif\",\"width\":600,\"height\":600,\"caption\":\"Buy 6apb Online\"},{\"@type\":\"BreadcrumbList\",\"@id\":\"https:\/\/nembutalhouse.com\/product\/buy-6apb-online\/#breadcrumb\",\"itemListElement\":[{\"@type\":\"ListItem\",\"position\":1,\"name\":\"Home\",\"item\":\"https:\/\/nembutalhouse.com\/\"},{\"@type\":\"ListItem\",\"position\":2,\"name\":\"Shop\",\"item\":\"https:\/\/nembutalhouse.com\/shop\/\"},{\"@type\":\"ListItem\",\"position\":3,\"name\":\"Buy 6apb Online\"}]},{\"@type\":\"WebSite\",\"@id\":\"https:\/\/nembutalhouse.com\/#website\",\"url\":\"https:\/\/nembutalhouse.com\/\",\"name\":\"Nembutal House\",\"description\":\"Best Nembutal Online Store\",\"publisher\":{\"@id\":\"https:\/\/nembutalhouse.com\/#organization\"},\"potentialAction\":[{\"@type\":\"SearchAction\",\"target\":{\"@type\":\"EntryPoint\",\"urlTemplate\":\"https:\/\/nembutalhouse.com\/?s={search_term_string}\"},\"query-input\":{\"@type\":\"PropertyValueSpecification\",\"valueRequired\":true,\"valueName\":\"search_term_string\"}}],\"inLanguage\":\"de\"},{\"@type\":\"Organization\",\"@id\":\"https:\/\/nembutalhouse.com\/#organization\",\"name\":\"Nembutal House\",\"url\":\"https:\/\/nembutalhouse.com\/\",\"logo\":{\"@type\":\"ImageObject\",\"inLanguage\":\"de\",\"@id\":\"https:\/\/nembutalhouse.com\/#\/schema\/logo\/image\/\",\"url\":\"https:\/\/nembutalhouse.com\/wp-content\/uploads\/2022\/12\/logo.png\",\"contentUrl\":\"https:\/\/nembutalhouse.com\/wp-content\/uploads\/2022\/12\/logo.png\",\"width\":344,\"height\":103,\"caption\":\"Nembutal House\"},\"image\":{\"@id\":\"https:\/\/nembutalhouse.com\/#\/schema\/logo\/image\/\"}}]}<\/script>\n<!-- \/ Yoast SEO plugin. -->","yoast_head_json":{"title":"Buy 6APB Powder Online - 6APB for Sale - Order 6APB","description":"Find premium 6apb for sale at our online store, providing a secure platform to buy 6apb powder online with ease, catering to your research needs.","robots":{"index":"index","follow":"follow","max-snippet":"max-snippet:-1","max-image-preview":"max-image-preview:large","max-video-preview":"max-video-preview:-1"},"canonical":"https:\/\/nembutalhouse.com\/de\/produkt\/6apb-online-kaufen\/","og_locale":"de_DE","og_type":"article","og_title":"Buy 6APB Powder Online - 6APB for Sale - Order 6APB","og_description":"Find premium 6apb for sale at our online store, providing a secure platform to buy 6apb powder online with ease, catering to your research needs.","og_url":"https:\/\/nembutalhouse.com\/de\/produkt\/6apb-online-kaufen\/","og_site_name":"Nembutal House","article_modified_time":"2026-03-06T08:32:15+00:00","og_image":[{"width":600,"height":600,"url":"https:\/\/nembutalhouse.com\/wp-content\/uploads\/2024\/10\/6apb-1.gif","type":"image\/gif"}],"twitter_card":"summary_large_image","twitter_misc":{"Gesch\u00e4tzte Lesezeit":"2\u00a0Minuten"},"schema":{"@context":"https:\/\/schema.org","@graph":[{"@type":"WebPage","@id":"https:\/\/nembutalhouse.com\/product\/buy-6apb-online\/","url":"https:\/\/nembutalhouse.com\/product\/buy-6apb-online\/","name":"Buy 6APB Powder Online - 6APB for Sale - Order 6APB","isPartOf":{"@id":"https:\/\/nembutalhouse.com\/#website"},"primaryImageOfPage":{"@id":"https:\/\/nembutalhouse.com\/product\/buy-6apb-online\/#primaryimage"},"image":{"@id":"https:\/\/nembutalhouse.com\/product\/buy-6apb-online\/#primaryimage"},"thumbnailUrl":"https:\/\/nembutalhouse.com\/wp-content\/uploads\/2024\/10\/6apb-1.gif","datePublished":"2024-10-16T11:47:47+00:00","dateModified":"2026-03-06T08:32:15+00:00","description":"Find premium 6apb for sale at our online store, providing a secure platform to buy 6apb powder online with ease, catering to your research needs.","breadcrumb":{"@id":"https:\/\/nembutalhouse.com\/product\/buy-6apb-online\/#breadcrumb"},"inLanguage":"de","potentialAction":[{"@type":"ReadAction","target":["https:\/\/nembutalhouse.com\/product\/buy-6apb-online\/"]}]},{"@type":"ImageObject","inLanguage":"de","@id":"https:\/\/nembutalhouse.com\/product\/buy-6apb-online\/#primaryimage","url":"https:\/\/nembutalhouse.com\/wp-content\/uploads\/2024\/10\/6apb-1.gif","contentUrl":"https:\/\/nembutalhouse.com\/wp-content\/uploads\/2024\/10\/6apb-1.gif","width":600,"height":600,"caption":"Buy 6apb Online"},{"@type":"BreadcrumbList","@id":"https:\/\/nembutalhouse.com\/product\/buy-6apb-online\/#breadcrumb","itemListElement":[{"@type":"ListItem","position":1,"name":"Home","item":"https:\/\/nembutalhouse.com\/"},{"@type":"ListItem","position":2,"name":"Shop","item":"https:\/\/nembutalhouse.com\/shop\/"},{"@type":"ListItem","position":3,"name":"Buy 6apb Online"}]},{"@type":"WebSite","@id":"https:\/\/nembutalhouse.com\/#website","url":"https:\/\/nembutalhouse.com\/","name":"Nembutal House","description":"Best Nembutal Online Store","publisher":{"@id":"https:\/\/nembutalhouse.com\/#organization"},"potentialAction":[{"@type":"SearchAction","target":{"@type":"EntryPoint","urlTemplate":"https:\/\/nembutalhouse.com\/?s={search_term_string}"},"query-input":{"@type":"PropertyValueSpecification","valueRequired":true,"valueName":"search_term_string"}}],"inLanguage":"de"},{"@type":"Organization","@id":"https:\/\/nembutalhouse.com\/#organization","name":"Nembutal House","url":"https:\/\/nembutalhouse.com\/","logo":{"@type":"ImageObject","inLanguage":"de","@id":"https:\/\/nembutalhouse.com\/#\/schema\/logo\/image\/","url":"https:\/\/nembutalhouse.com\/wp-content\/uploads\/2022\/12\/logo.png","contentUrl":"https:\/\/nembutalhouse.com\/wp-content\/uploads\/2022\/12\/logo.png","width":344,"height":103,"caption":"Nembutal House"},"image":{"@id":"https:\/\/nembutalhouse.com\/#\/schema\/logo\/image\/"}}]}},"_links":{"self":[{"href":"https:\/\/nembutalhouse.com\/de\/wp-json\/wp\/v2\/product\/1106","targetHints":{"allow":["GET"]}}],"collection":[{"href":"https:\/\/nembutalhouse.com\/de\/wp-json\/wp\/v2\/product"}],"about":[{"href":"https:\/\/nembutalhouse.com\/de\/wp-json\/wp\/v2\/types\/product"}],"replies":[{"embeddable":true,"href":"https:\/\/nembutalhouse.com\/de\/wp-json\/wp\/v2\/comments?post=1106"}],"wp:featuredmedia":[{"embeddable":true,"href":"https:\/\/nembutalhouse.com\/de\/wp-json\/wp\/v2\/media\/1610"}],"wp:attachment":[{"href":"https:\/\/nembutalhouse.com\/de\/wp-json\/wp\/v2\/media?parent=1106"}],"wp:term":[{"taxonomy":"product_cat","embeddable":true,"href":"https:\/\/nembutalhouse.com\/de\/wp-json\/wp\/v2\/product_cat?post=1106"},{"taxonomy":"product_tag","embeddable":true,"href":"https:\/\/nembutalhouse.com\/de\/wp-json\/wp\/v2\/product_tag?post=1106"}],"curies":[{"name":"wp","href":"https:\/\/api.w.org\/{rel}","templated":true}]}}