{"id":1105,"date":"2024-10-16T11:47:47","date_gmt":"2024-10-16T11:47:47","guid":{"rendered":"https:\/\/nembutalhouse.com\/?post_type=product&#038;p=1105"},"modified":"2026-03-06T07:02:23","modified_gmt":"2026-03-06T07:02:23","slug":"buy-2fdck-online","status":"publish","type":"product","link":"https:\/\/nembutalhouse.com\/de\/produkt\/buy-2fdck-online\/","title":{"rendered":"Buy 2fdck Online"},"content":{"rendered":"<h2>2FDCK online kaufen.<\/h2>\n<p><a href=\"https:\/\/nembutalhouse.com\/de\/produkt\/buy-2fdck-online\/\">2-Fluorodeschloroketamin<\/a>manchmal auch als 2-Fl-2\u2032-Oxo-PCM, Fluoroketamin und 2-FDCK bezeichnet, ist ein dissoziatives An\u00e4sthetikum, das online erworben werden kann. Es handelt sich um ein einfaches Ketamin, bei dem die Chlorgruppe durch Fluor ersetzt wurde. MXPP und 2-FDCK, oft auch als Fluoroketamin bezeichnet, sind im Wesentlichen austauschbar. F\u00fcr diesen Artikel werden Anwendungen in der Messung und Forschung vorgeschlagen. Billig 2fdck zu verkaufen<\/p>\n<p>Das dissoziative Narkotikum 2-FDCK Powder 2-Fluorodeschloroketamin ist auch als 2-Fl-2\u2032-Oxo-PCM, Fluoroketamin und 2-FDCK bekannt. Es handelt sich einfach um Ketamin, bei dem die Chlorgruppe durch Fluor ersetzt wurde.<\/p>\n<p>2-Fl-2\u2032-Oxo-PCM, auch bekannt als 2-Fluorodeschloroketamin, 2-FDCK, und f\u00e4lschlicherweise als 2-Fluroketamin, Fluoroketamin und 2-FK, ist ein relativ unbekannter neuer dissoziativer Wirkstoff, der zur Klasse der Arylcyclohexylamine geh\u00f6rt und unter Kontrolle beruhigende, dissoziative und halluzinogene Eigenschaften aufweist. Grunds\u00e4tzlich ist es mit den Arylcyclohexylaminen verwandt.<\/p>\n<p>wie Deschloroketamin und Ketamin und soll \u00e4hnliche Wirkungen haben. 2FDCK online kaufen. <a href=\"https:\/\/nembutalhouse.com\/de\/\">NembutalHaus<\/a><\/p>\n<h3>2-fdck dissoziativ<\/h3>\n<p>\u00c4hnlich wie andere dissoziative Drogen wird es von Freizeitkonsumenten haupts\u00e4chlich wegen seiner stimulierenden \"au\u00dferk\u00f6rperlichen\" Wirkungen konsumiert, die als \"dissoziative Sedierung\" bezeichnet werden (obwohl der Grad, in dem dies eintritt, in erster Linie kontrolliert wird). Es wird jetzt als Ersatz f\u00fcr Ketamin \u00fcber Online-Substanzversender verkauft, wo es erst sp\u00e4t verf\u00fcgbar gemacht wurde. 2-FDCK online kaufen.<\/p>\n<p>Die Pharmakologie, der Metabolismus und die toxischen Eigenschaften von 2-Fluordeschloroketamin sind fast v\u00f6llig unbekannt. Die Geschichte seiner Verwendung durch den Menschen ist bemerkenswert kurz. Es wird dringend empfohlen, bei der Verwendung dieser Droge die Verfahren zur Schadensbegrenzung zu befolgen. legale Cannabisprodukte.<\/p>\n<p>Ein Mittel gegen Arylcyclohexylamine ist 2-Fluorodeschloroketamin, auch bekannt als 2-(2-Fluorphenyl)- 2-methylamino-cyclohexanon. Der Name \"Arylcyclohexylamine\" kommt von der Architektur dieser Medikamente, die eine Amingruppe mit einem Cyclohexanring verbinden, der an einen duftenden Ring gebunden ist. Unter <a href=\"https:\/\/en.wikipedia.org\/wiki\/2-Fluorodeschloroketamine\">2-FDCK<\/a>Ein Phenylring ist mit einem Cyclohexanring verbunden, der mit einer Ketongruppe substituiert wurde (Cyclohexanon). Das verbindende Alpha-Kohlenstoffatom (R2) des Cyclohexanonrings ist an eine Aminomethylkette (-N-CH3) gebunden. Au\u00dferdem wird der Phenylring an R2 durch eine Fluorgruppe ersetzt.<\/p>\n<h3>2-FDCK online kaufen.<\/h3>\n<p>2. Die chirale Verbindung Fluorodescholoroketamin wird h\u00e4ufig als Racemat dargestellt. In der Wissenschaft wird die Vorsilbe des- verwendet, um das Fehlen einer vorteilhaften Verbindung (in diesem Fall \"Chlor\") zu kennzeichnen. 2. FDCK wird so genannt, weil sein Phenylring eine Fluorsubstitution aufweist, im Gegensatz zu dem in Ketamin vorhandenen Chlor. 2-FDCK online kaufen.<\/p>\n<p>2-Fl-2\u2032-Oxo-PCM ist eine weniger bekannte neue dissoziative Droge aus der Klasse der Arylcyclohexylamine, die, wenn sie koordiniert wird, dissoziative, schmerzlindernde und halluzinogene Wirkungen zeigt. Es wird auch f\u00e4lschlicherweise als 2-Fluroketamin, Fluoroketamin und 2-FDCK bezeichnet.<\/p>\n<p>&nbsp;<\/p>\n<p>&nbsp;<\/p>","protected":false},"excerpt":{"rendered":"<p>Purchase 2FDCK online. 2-Fluorodeschloroketamine, sometimes referred to as 2-Fl-2\u2032-Oxo-PCM, Fluoroketamine, and 2-FDCK, is a dissociative anesthetic that can be purchased online. It is a straightforward ketamine in which fluorine has&hellip;<\/p>","protected":false},"featured_media":1609,"comment_status":"closed","ping_status":"closed","template":"","meta":{"_joinchat":[]},"product_cat":[186],"product_tag":[960,965,983,985,971,972,975,981,982,980,961,979,968,958,959,970,984,977,974,967,963,964,986,978,976,973,966,969,962],"class_list":{"0":"post-1105","1":"product","2":"type-product","3":"status-publish","4":"has-post-thumbnail","6":"product_cat-research-chemicals","7":"product_tag-2fdck-for-sale","8":"product_tag-2fdck-powder","9":"product_tag-2fdck-powder-for-cleaning","10":"product_tag-2fdck-powder-for-sale","11":"product_tag-2fdck-powder-online","12":"product_tag-2fdck-powder-price","13":"product_tag-2fdck-powder-store","14":"product_tag-2fdck-powder-use","15":"product_tag-2fdck-powder-wiki","16":"product_tag-2fdck-powder-worldwide","17":"product_tag-2fdck-supplier","18":"product_tag-best-cheap-price-2fdck-powder","19":"product_tag-best-place-to-buy-2fdck-powder","20":"product_tag-buy-2fdck","21":"product_tag-buy-2fdck-online","22":"product_tag-buy-2fdck-powder-legally","23":"product_tag-buy-2fdck-powder-online","24":"product_tag-cheap-2fdck-powders","25":"product_tag-high-quality-2fdck-powder","26":"product_tag-how-to-buy-2fdck-powder","27":"product_tag-order-2fdck","28":"product_tag-order-2fdck-online","29":"product_tag-order-2fdck-powder","30":"product_tag-purcharse-2fdck-powder-powder","31":"product_tag-shop-2fdck-powder","32":"product_tag-top-quality-2fdck-powder","33":"product_tag-where-to-buy-2fdck-powder","34":"product_tag-where-to-order-2fdck-powder","35":"product_tag-wholesale-2fdck-bulk-online","37":"first","38":"instock","39":"shipping-taxable","40":"purchasable","41":"product-type-variable","42":"has-default-attributes"},"yoast_head":"<!-- This site is optimized with the Yoast SEO plugin v24.1 - https:\/\/yoast.com\/wordpress\/plugins\/seo\/ -->\n<title>2FDCK for Sale - Buy 2FDCK Powder Online | NembutalHouse<\/title>\n<meta name=\"description\" content=\"Explore our online store for 2fdck for sale, offering high-quality 2fdck powder. Buy 2fdckonline securely and embark on your research journey with confidence.\" \/>\n<meta name=\"robots\" content=\"index, follow, max-snippet:-1, max-image-preview:large, max-video-preview:-1\" \/>\n<link rel=\"canonical\" href=\"https:\/\/nembutalhouse.com\/de\/produkt\/buy-2fdck-online\/\" \/>\n<meta property=\"og:locale\" content=\"de_DE\" \/>\n<meta property=\"og:type\" content=\"article\" \/>\n<meta property=\"og:title\" content=\"2FDCK for Sale - Buy 2FDCK Powder Online | NembutalHouse\" \/>\n<meta property=\"og:description\" content=\"Explore our online store for 2fdck for sale, offering high-quality 2fdck powder. Buy 2fdckonline securely and embark on your research journey with confidence.\" \/>\n<meta property=\"og:url\" content=\"https:\/\/nembutalhouse.com\/de\/produkt\/buy-2fdck-online\/\" \/>\n<meta property=\"og:site_name\" content=\"Nembutal House\" \/>\n<meta property=\"article:modified_time\" content=\"2026-03-06T07:02:23+00:00\" \/>\n<meta property=\"og:image\" content=\"https:\/\/nembutalhouse.com\/wp-content\/uploads\/2024\/10\/2fdck-1.gif\" \/>\n\t<meta property=\"og:image:width\" content=\"600\" \/>\n\t<meta property=\"og:image:height\" content=\"600\" \/>\n\t<meta property=\"og:image:type\" content=\"image\/gif\" \/>\n<meta name=\"twitter:card\" content=\"summary_large_image\" \/>\n<meta name=\"twitter:label1\" content=\"Gesch\u00e4tzte Lesezeit\" \/>\n\t<meta name=\"twitter:data1\" content=\"3\u00a0Minuten\" \/>\n<script type=\"application\/ld+json\" class=\"yoast-schema-graph\">{\"@context\":\"https:\/\/schema.org\",\"@graph\":[{\"@type\":\"WebPage\",\"@id\":\"https:\/\/nembutalhouse.com\/product\/buy-2fdck-online\/\",\"url\":\"https:\/\/nembutalhouse.com\/product\/buy-2fdck-online\/\",\"name\":\"2FDCK for Sale - Buy 2FDCK Powder Online | NembutalHouse\",\"isPartOf\":{\"@id\":\"https:\/\/nembutalhouse.com\/#website\"},\"primaryImageOfPage\":{\"@id\":\"https:\/\/nembutalhouse.com\/product\/buy-2fdck-online\/#primaryimage\"},\"image\":{\"@id\":\"https:\/\/nembutalhouse.com\/product\/buy-2fdck-online\/#primaryimage\"},\"thumbnailUrl\":\"https:\/\/nembutalhouse.com\/wp-content\/uploads\/2024\/10\/2fdck-1.gif\",\"datePublished\":\"2024-10-16T11:47:47+00:00\",\"dateModified\":\"2026-03-06T07:02:23+00:00\",\"description\":\"Explore our online store for 2fdck for sale, offering high-quality 2fdck powder. Buy 2fdckonline securely and embark on your research journey with confidence.\",\"breadcrumb\":{\"@id\":\"https:\/\/nembutalhouse.com\/product\/buy-2fdck-online\/#breadcrumb\"},\"inLanguage\":\"de\",\"potentialAction\":[{\"@type\":\"ReadAction\",\"target\":[\"https:\/\/nembutalhouse.com\/product\/buy-2fdck-online\/\"]}]},{\"@type\":\"ImageObject\",\"inLanguage\":\"de\",\"@id\":\"https:\/\/nembutalhouse.com\/product\/buy-2fdck-online\/#primaryimage\",\"url\":\"https:\/\/nembutalhouse.com\/wp-content\/uploads\/2024\/10\/2fdck-1.gif\",\"contentUrl\":\"https:\/\/nembutalhouse.com\/wp-content\/uploads\/2024\/10\/2fdck-1.gif\",\"width\":600,\"height\":600,\"caption\":\"Buy 2fdck Online\"},{\"@type\":\"BreadcrumbList\",\"@id\":\"https:\/\/nembutalhouse.com\/product\/buy-2fdck-online\/#breadcrumb\",\"itemListElement\":[{\"@type\":\"ListItem\",\"position\":1,\"name\":\"Home\",\"item\":\"https:\/\/nembutalhouse.com\/\"},{\"@type\":\"ListItem\",\"position\":2,\"name\":\"Shop\",\"item\":\"https:\/\/nembutalhouse.com\/shop\/\"},{\"@type\":\"ListItem\",\"position\":3,\"name\":\"Buy 2fdck Online\"}]},{\"@type\":\"WebSite\",\"@id\":\"https:\/\/nembutalhouse.com\/#website\",\"url\":\"https:\/\/nembutalhouse.com\/\",\"name\":\"Nembutal House\",\"description\":\"Best Nembutal Online Store\",\"publisher\":{\"@id\":\"https:\/\/nembutalhouse.com\/#organization\"},\"potentialAction\":[{\"@type\":\"SearchAction\",\"target\":{\"@type\":\"EntryPoint\",\"urlTemplate\":\"https:\/\/nembutalhouse.com\/?s={search_term_string}\"},\"query-input\":{\"@type\":\"PropertyValueSpecification\",\"valueRequired\":true,\"valueName\":\"search_term_string\"}}],\"inLanguage\":\"de\"},{\"@type\":\"Organization\",\"@id\":\"https:\/\/nembutalhouse.com\/#organization\",\"name\":\"Nembutal House\",\"url\":\"https:\/\/nembutalhouse.com\/\",\"logo\":{\"@type\":\"ImageObject\",\"inLanguage\":\"de\",\"@id\":\"https:\/\/nembutalhouse.com\/#\/schema\/logo\/image\/\",\"url\":\"https:\/\/nembutalhouse.com\/wp-content\/uploads\/2022\/12\/logo.png\",\"contentUrl\":\"https:\/\/nembutalhouse.com\/wp-content\/uploads\/2022\/12\/logo.png\",\"width\":344,\"height\":103,\"caption\":\"Nembutal House\"},\"image\":{\"@id\":\"https:\/\/nembutalhouse.com\/#\/schema\/logo\/image\/\"}}]}<\/script>\n<!-- \/ Yoast SEO plugin. -->","yoast_head_json":{"title":"2FDCK for Sale - Buy 2FDCK Powder Online | NembutalHouse","description":"Explore our online store for 2fdck for sale, offering high-quality 2fdck powder. Buy 2fdckonline securely and embark on your research journey with confidence.","robots":{"index":"index","follow":"follow","max-snippet":"max-snippet:-1","max-image-preview":"max-image-preview:large","max-video-preview":"max-video-preview:-1"},"canonical":"https:\/\/nembutalhouse.com\/de\/produkt\/buy-2fdck-online\/","og_locale":"de_DE","og_type":"article","og_title":"2FDCK for Sale - Buy 2FDCK Powder Online | NembutalHouse","og_description":"Explore our online store for 2fdck for sale, offering high-quality 2fdck powder. Buy 2fdckonline securely and embark on your research journey with confidence.","og_url":"https:\/\/nembutalhouse.com\/de\/produkt\/buy-2fdck-online\/","og_site_name":"Nembutal House","article_modified_time":"2026-03-06T07:02:23+00:00","og_image":[{"width":600,"height":600,"url":"https:\/\/nembutalhouse.com\/wp-content\/uploads\/2024\/10\/2fdck-1.gif","type":"image\/gif"}],"twitter_card":"summary_large_image","twitter_misc":{"Gesch\u00e4tzte Lesezeit":"3\u00a0Minuten"},"schema":{"@context":"https:\/\/schema.org","@graph":[{"@type":"WebPage","@id":"https:\/\/nembutalhouse.com\/product\/buy-2fdck-online\/","url":"https:\/\/nembutalhouse.com\/product\/buy-2fdck-online\/","name":"2FDCK for Sale - Buy 2FDCK Powder Online | NembutalHouse","isPartOf":{"@id":"https:\/\/nembutalhouse.com\/#website"},"primaryImageOfPage":{"@id":"https:\/\/nembutalhouse.com\/product\/buy-2fdck-online\/#primaryimage"},"image":{"@id":"https:\/\/nembutalhouse.com\/product\/buy-2fdck-online\/#primaryimage"},"thumbnailUrl":"https:\/\/nembutalhouse.com\/wp-content\/uploads\/2024\/10\/2fdck-1.gif","datePublished":"2024-10-16T11:47:47+00:00","dateModified":"2026-03-06T07:02:23+00:00","description":"Explore our online store for 2fdck for sale, offering high-quality 2fdck powder. Buy 2fdckonline securely and embark on your research journey with confidence.","breadcrumb":{"@id":"https:\/\/nembutalhouse.com\/product\/buy-2fdck-online\/#breadcrumb"},"inLanguage":"de","potentialAction":[{"@type":"ReadAction","target":["https:\/\/nembutalhouse.com\/product\/buy-2fdck-online\/"]}]},{"@type":"ImageObject","inLanguage":"de","@id":"https:\/\/nembutalhouse.com\/product\/buy-2fdck-online\/#primaryimage","url":"https:\/\/nembutalhouse.com\/wp-content\/uploads\/2024\/10\/2fdck-1.gif","contentUrl":"https:\/\/nembutalhouse.com\/wp-content\/uploads\/2024\/10\/2fdck-1.gif","width":600,"height":600,"caption":"Buy 2fdck Online"},{"@type":"BreadcrumbList","@id":"https:\/\/nembutalhouse.com\/product\/buy-2fdck-online\/#breadcrumb","itemListElement":[{"@type":"ListItem","position":1,"name":"Home","item":"https:\/\/nembutalhouse.com\/"},{"@type":"ListItem","position":2,"name":"Shop","item":"https:\/\/nembutalhouse.com\/shop\/"},{"@type":"ListItem","position":3,"name":"Buy 2fdck Online"}]},{"@type":"WebSite","@id":"https:\/\/nembutalhouse.com\/#website","url":"https:\/\/nembutalhouse.com\/","name":"Nembutal House","description":"Best Nembutal Online Store","publisher":{"@id":"https:\/\/nembutalhouse.com\/#organization"},"potentialAction":[{"@type":"SearchAction","target":{"@type":"EntryPoint","urlTemplate":"https:\/\/nembutalhouse.com\/?s={search_term_string}"},"query-input":{"@type":"PropertyValueSpecification","valueRequired":true,"valueName":"search_term_string"}}],"inLanguage":"de"},{"@type":"Organization","@id":"https:\/\/nembutalhouse.com\/#organization","name":"Nembutal House","url":"https:\/\/nembutalhouse.com\/","logo":{"@type":"ImageObject","inLanguage":"de","@id":"https:\/\/nembutalhouse.com\/#\/schema\/logo\/image\/","url":"https:\/\/nembutalhouse.com\/wp-content\/uploads\/2022\/12\/logo.png","contentUrl":"https:\/\/nembutalhouse.com\/wp-content\/uploads\/2022\/12\/logo.png","width":344,"height":103,"caption":"Nembutal House"},"image":{"@id":"https:\/\/nembutalhouse.com\/#\/schema\/logo\/image\/"}}]}},"_links":{"self":[{"href":"https:\/\/nembutalhouse.com\/de\/wp-json\/wp\/v2\/product\/1105","targetHints":{"allow":["GET"]}}],"collection":[{"href":"https:\/\/nembutalhouse.com\/de\/wp-json\/wp\/v2\/product"}],"about":[{"href":"https:\/\/nembutalhouse.com\/de\/wp-json\/wp\/v2\/types\/product"}],"replies":[{"embeddable":true,"href":"https:\/\/nembutalhouse.com\/de\/wp-json\/wp\/v2\/comments?post=1105"}],"wp:featuredmedia":[{"embeddable":true,"href":"https:\/\/nembutalhouse.com\/de\/wp-json\/wp\/v2\/media\/1609"}],"wp:attachment":[{"href":"https:\/\/nembutalhouse.com\/de\/wp-json\/wp\/v2\/media?parent=1105"}],"wp:term":[{"taxonomy":"product_cat","embeddable":true,"href":"https:\/\/nembutalhouse.com\/de\/wp-json\/wp\/v2\/product_cat?post=1105"},{"taxonomy":"product_tag","embeddable":true,"href":"https:\/\/nembutalhouse.com\/de\/wp-json\/wp\/v2\/product_tag?post=1105"}],"curies":[{"name":"wp","href":"https:\/\/api.w.org\/{rel}","templated":true}]}}