{"id":1104,"date":"2024-10-16T11:47:46","date_gmt":"2024-10-16T11:47:46","guid":{"rendered":"https:\/\/nembutalhouse.com\/?post_type=product&#038;p=1104"},"modified":"2026-03-06T07:02:49","modified_gmt":"2026-03-06T07:02:49","slug":"buy-2mmc-online","status":"publish","type":"product","link":"https:\/\/nembutalhouse.com\/de\/produkt\/buy-2mmc-online\/","title":{"rendered":"Buy 2mmc Online"},"content":{"rendered":"<h2>Buy 2mmc Online<\/h2>\n<p><a href=\"https:\/\/en.wikipedia.org\/wiki\/2-Methylmethcathinone\">2 mm KRISTALL<\/a> 3-MMC ist ein Stimulans der Cathinon-Klasse, das eine \u00e4hnliche Struktur wie Mephedron aufweist.<br \/>\nMit einem Reinheitsgrad von 99%+ ist es eines der besten Produkte, die derzeit erh\u00e4ltlich sind, und kann aus \u00e4hnlichen Forschungsgr\u00fcnden als Mephedron-Alternative verwendet werden.<\/p>\n<p>Zus\u00e4tzlich in Kristallform erh\u00e4ltlich,<a href=\"https:\/\/nembutalhouse.com\/de\/produkt\/buy-2mmc-online\/\"> 2mmc<\/a> CRYSTAL ist nicht f\u00fcr den menschlichen Verzehr bestimmt.<\/p>\n<p>Da wir seit mehr als 4 Jahren Forschungschemikalien anbieten, haben wir uns online und offline einen guten Ruf unter Forschern erworben. Wir sind ein spezialisierter Anbieter von hochmodernen <a href=\"https:\/\/nembutalhouse.com\/de\/\">Forschungschemikalie<\/a> Wirkstoffe und hochwertige Laborger\u00e4te f\u00fcr den Einsatz in Laborexperimenten. Wir sind daf\u00fcr bekannt, dass wir einen au\u00dfergew\u00f6hnlichen Kundenservice, hochwertige Forschungschemikalien und das breiteste Angebot an Chemikalien sowie das breiteste Angebot an k\u00fcrzlich synthetisierten Waren anbieten, was uns zum bevorzugten Kooperationspartner f\u00fcr viele Wissenschaftler macht, die in den Bereichen Biochemie und Pharmakologie arbeiten.<\/p>\n<p>Der Kauf von Forschungschemikalien \u00fcber unsere Website ist f\u00fcr Forscher sicher und bequem, da alle Kundendaten privat und vertraulich behandelt werden und unsere Zahlungsprozesse sicher und gesch\u00fctzt sind. Wenn Sie sich f\u00fcr unser Pr\u00e4mienprogramm anmelden, k\u00f6nnen wiederkehrende Kunden bei ihren Eink\u00e4ufen bei uns Geld sparen.<\/p>\n<p>Weil wir uns so sehr um unsere Kunden k\u00fcmmern, sind wir das einzige Unternehmen, das eine 100%-R\u00fccksendungspolitik f\u00fcr alle verfolgten K\u00e4ufe anbietet. Wenn Ihre Sendung nach 21 Tagen aus irgendeinem Grund nicht ankommt, senden wir sie ohne zus\u00e4tzliche Kosten f\u00fcr Sie zur\u00fcck.<\/p>\n<p>Um zu gew\u00e4hrleisten, dass alle chemischen Proben so wenig Verunreinigungen wie m\u00f6glich enthalten und dass die Forscher immer wissen, was sie erhalten, werden alle unsere Produkte vor dem Versand gr\u00fcndlich getestet. Mit unserer Hilfe war es noch nie so einfach, innovative Experimente zu planen.<\/p>\n<p>Der Kauf von Forschungschemikalien \u00fcber unsere Website ist f\u00fcr Forscher sicher und bequem, da alle Kundendaten privat und vertraulich behandelt werden und unsere Zahlungsprozesse sicher und gesch\u00fctzt sind. Wenn Sie sich f\u00fcr unser Pr\u00e4mienprogramm anmelden, k\u00f6nnen wiederkehrende Kunden bei ihren Eink\u00e4ufen bei uns Geld sparen.<\/p>\n<p>Wir sind das einzige Unternehmen, das eine 100%-R\u00fccksendungspolitik f\u00fcr alle verfolgten K\u00e4ufe anbietet, was unser Engagement f\u00fcr einen hervorragenden Kundenservice unterstreicht. Wenn Ihre Bestellung aus irgendeinem Grund nicht ankommt, senden wir sie nach 21 Tagen einfach zur\u00fcck, ohne dass Sie mehr bezahlen m\u00fcssen.<\/p>\n<p>Um zu gew\u00e4hrleisten, dass alle chemischen Proben so wenig Verunreinigungen wie m\u00f6glich enthalten und dass die Forscher immer wissen, was sie erhalten, werden alle unsere Produkte vor dem Versand gr\u00fcndlich getestet. Mit unserer Hilfe war es noch nie so einfach, Experimente auf hohem Niveau zu planen.<\/p>\n<p>&nbsp;<\/p>\n<p>&nbsp;<\/p>","protected":false},"excerpt":{"rendered":"<p>Buy 2mmc Online 2 mm CRYSTAL 3-MMC is a cathinone class stimulant that shares a structure with mephedrone. One of the best products available right now, with a purity of&hellip;<\/p>","protected":false},"featured_media":1608,"comment_status":"closed","ping_status":"closed","template":"","meta":{"_joinchat":[]},"product_cat":[186],"product_tag":[931,936,954,956,942,943,946,952,953,951,932,950,939,929,930,941,955,948,945,938,934,935,957,949,947,944,937,940,933],"class_list":{"0":"post-1104","1":"product","2":"type-product","3":"status-publish","4":"has-post-thumbnail","6":"product_cat-research-chemicals","7":"product_tag-2mmc-for-sale","8":"product_tag-2mmc-powder","9":"product_tag-2mmc-powder-for-cleaning","10":"product_tag-2mmc-powder-for-sale","11":"product_tag-2mmc-powder-online","12":"product_tag-2mmc-powder-price","13":"product_tag-2mmc-powder-store","14":"product_tag-2mmc-powder-use","15":"product_tag-2mmc-powder-wiki","16":"product_tag-2mmc-powder-worldwide","17":"product_tag-2mmc-supplier","18":"product_tag-best-cheap-price-2mmc-powder","19":"product_tag-best-place-to-buy-2mmc-powder","20":"product_tag-buy-2mmc","21":"product_tag-buy-2mmc-online","22":"product_tag-buy-2mmc-powder-legally","23":"product_tag-buy-2mmc-powder-online","24":"product_tag-cheap-2mmc-powders","25":"product_tag-high-quality-2mmc-powder","26":"product_tag-how-to-buy-2mmc-powder","27":"product_tag-order-2mmc","28":"product_tag-order-2mmc-online","29":"product_tag-order-2mmc-powder","30":"product_tag-purcharse-2mmc-powder-powder","31":"product_tag-shop-2mmc-powder","32":"product_tag-top-quality-2mmc-powder","33":"product_tag-where-to-buy-2mmc-powder","34":"product_tag-where-to-order-2mmc-powder","35":"product_tag-wholesale-2mmc-bulk-online","37":"first","38":"instock","39":"shipping-taxable","40":"purchasable","41":"product-type-variable"},"yoast_head":"<!-- This site is optimized with the Yoast SEO plugin v24.1 - https:\/\/yoast.com\/wordpress\/plugins\/seo\/ -->\n<title>Buy 2MMC Online - 2MMC for sale - Order 2MMC<\/title>\n<meta name=\"description\" content=\"Looking to further your research? Buy 2mmc conveniently and securely online, with a straightforward ordering process for 2mmc for sale. Explore the possibilities and buy 2mmc online for your research endeavors today.\" \/>\n<meta name=\"robots\" content=\"index, follow, max-snippet:-1, max-image-preview:large, max-video-preview:-1\" \/>\n<link rel=\"canonical\" href=\"https:\/\/nembutalhouse.com\/de\/produkt\/buy-2mmc-online\/\" \/>\n<meta property=\"og:locale\" content=\"de_DE\" \/>\n<meta property=\"og:type\" content=\"article\" \/>\n<meta property=\"og:title\" content=\"Buy 2MMC Online - 2MMC for sale - Order 2MMC\" \/>\n<meta property=\"og:description\" content=\"Looking to further your research? Buy 2mmc conveniently and securely online, with a straightforward ordering process for 2mmc for sale. Explore the possibilities and buy 2mmc online for your research endeavors today.\" \/>\n<meta property=\"og:url\" content=\"https:\/\/nembutalhouse.com\/de\/produkt\/buy-2mmc-online\/\" \/>\n<meta property=\"og:site_name\" content=\"Nembutal House\" \/>\n<meta property=\"article:modified_time\" content=\"2026-03-06T07:02:49+00:00\" \/>\n<meta property=\"og:image\" content=\"https:\/\/nembutalhouse.com\/wp-content\/uploads\/2024\/10\/2mmc-1.gif\" \/>\n\t<meta property=\"og:image:width\" content=\"600\" \/>\n\t<meta property=\"og:image:height\" content=\"600\" \/>\n\t<meta property=\"og:image:type\" content=\"image\/gif\" \/>\n<meta name=\"twitter:card\" content=\"summary_large_image\" \/>\n<meta name=\"twitter:label1\" content=\"Gesch\u00e4tzte Lesezeit\" \/>\n\t<meta name=\"twitter:data1\" content=\"2\u00a0Minuten\" \/>\n<script type=\"application\/ld+json\" class=\"yoast-schema-graph\">{\"@context\":\"https:\/\/schema.org\",\"@graph\":[{\"@type\":\"WebPage\",\"@id\":\"https:\/\/nembutalhouse.com\/product\/buy-2mmc-online\/\",\"url\":\"https:\/\/nembutalhouse.com\/product\/buy-2mmc-online\/\",\"name\":\"Buy 2MMC Online - 2MMC for sale - Order 2MMC\",\"isPartOf\":{\"@id\":\"https:\/\/nembutalhouse.com\/#website\"},\"primaryImageOfPage\":{\"@id\":\"https:\/\/nembutalhouse.com\/product\/buy-2mmc-online\/#primaryimage\"},\"image\":{\"@id\":\"https:\/\/nembutalhouse.com\/product\/buy-2mmc-online\/#primaryimage\"},\"thumbnailUrl\":\"https:\/\/nembutalhouse.com\/wp-content\/uploads\/2024\/10\/2mmc-1.gif\",\"datePublished\":\"2024-10-16T11:47:46+00:00\",\"dateModified\":\"2026-03-06T07:02:49+00:00\",\"description\":\"Looking to further your research? Buy 2mmc conveniently and securely online, with a straightforward ordering process for 2mmc for sale. Explore the possibilities and buy 2mmc online for your research endeavors today.\",\"breadcrumb\":{\"@id\":\"https:\/\/nembutalhouse.com\/product\/buy-2mmc-online\/#breadcrumb\"},\"inLanguage\":\"de\",\"potentialAction\":[{\"@type\":\"ReadAction\",\"target\":[\"https:\/\/nembutalhouse.com\/product\/buy-2mmc-online\/\"]}]},{\"@type\":\"ImageObject\",\"inLanguage\":\"de\",\"@id\":\"https:\/\/nembutalhouse.com\/product\/buy-2mmc-online\/#primaryimage\",\"url\":\"https:\/\/nembutalhouse.com\/wp-content\/uploads\/2024\/10\/2mmc-1.gif\",\"contentUrl\":\"https:\/\/nembutalhouse.com\/wp-content\/uploads\/2024\/10\/2mmc-1.gif\",\"width\":600,\"height\":600,\"caption\":\"Buy 2mmc Online\"},{\"@type\":\"BreadcrumbList\",\"@id\":\"https:\/\/nembutalhouse.com\/product\/buy-2mmc-online\/#breadcrumb\",\"itemListElement\":[{\"@type\":\"ListItem\",\"position\":1,\"name\":\"Home\",\"item\":\"https:\/\/nembutalhouse.com\/\"},{\"@type\":\"ListItem\",\"position\":2,\"name\":\"Shop\",\"item\":\"https:\/\/nembutalhouse.com\/shop\/\"},{\"@type\":\"ListItem\",\"position\":3,\"name\":\"Buy 2mmc Online\"}]},{\"@type\":\"WebSite\",\"@id\":\"https:\/\/nembutalhouse.com\/#website\",\"url\":\"https:\/\/nembutalhouse.com\/\",\"name\":\"Nembutal House\",\"description\":\"Best Nembutal Online Store\",\"publisher\":{\"@id\":\"https:\/\/nembutalhouse.com\/#organization\"},\"potentialAction\":[{\"@type\":\"SearchAction\",\"target\":{\"@type\":\"EntryPoint\",\"urlTemplate\":\"https:\/\/nembutalhouse.com\/?s={search_term_string}\"},\"query-input\":{\"@type\":\"PropertyValueSpecification\",\"valueRequired\":true,\"valueName\":\"search_term_string\"}}],\"inLanguage\":\"de\"},{\"@type\":\"Organization\",\"@id\":\"https:\/\/nembutalhouse.com\/#organization\",\"name\":\"Nembutal House\",\"url\":\"https:\/\/nembutalhouse.com\/\",\"logo\":{\"@type\":\"ImageObject\",\"inLanguage\":\"de\",\"@id\":\"https:\/\/nembutalhouse.com\/#\/schema\/logo\/image\/\",\"url\":\"https:\/\/nembutalhouse.com\/wp-content\/uploads\/2022\/12\/logo.png\",\"contentUrl\":\"https:\/\/nembutalhouse.com\/wp-content\/uploads\/2022\/12\/logo.png\",\"width\":344,\"height\":103,\"caption\":\"Nembutal House\"},\"image\":{\"@id\":\"https:\/\/nembutalhouse.com\/#\/schema\/logo\/image\/\"}}]}<\/script>\n<!-- \/ Yoast SEO plugin. -->","yoast_head_json":{"title":"Buy 2MMC Online - 2MMC for sale - Order 2MMC","description":"Looking to further your research? Buy 2mmc conveniently and securely online, with a straightforward ordering process for 2mmc for sale. Explore the possibilities and buy 2mmc online for your research endeavors today.","robots":{"index":"index","follow":"follow","max-snippet":"max-snippet:-1","max-image-preview":"max-image-preview:large","max-video-preview":"max-video-preview:-1"},"canonical":"https:\/\/nembutalhouse.com\/de\/produkt\/buy-2mmc-online\/","og_locale":"de_DE","og_type":"article","og_title":"Buy 2MMC Online - 2MMC for sale - Order 2MMC","og_description":"Looking to further your research? Buy 2mmc conveniently and securely online, with a straightforward ordering process for 2mmc for sale. Explore the possibilities and buy 2mmc online for your research endeavors today.","og_url":"https:\/\/nembutalhouse.com\/de\/produkt\/buy-2mmc-online\/","og_site_name":"Nembutal House","article_modified_time":"2026-03-06T07:02:49+00:00","og_image":[{"width":600,"height":600,"url":"https:\/\/nembutalhouse.com\/wp-content\/uploads\/2024\/10\/2mmc-1.gif","type":"image\/gif"}],"twitter_card":"summary_large_image","twitter_misc":{"Gesch\u00e4tzte Lesezeit":"2\u00a0Minuten"},"schema":{"@context":"https:\/\/schema.org","@graph":[{"@type":"WebPage","@id":"https:\/\/nembutalhouse.com\/product\/buy-2mmc-online\/","url":"https:\/\/nembutalhouse.com\/product\/buy-2mmc-online\/","name":"Buy 2MMC Online - 2MMC for sale - Order 2MMC","isPartOf":{"@id":"https:\/\/nembutalhouse.com\/#website"},"primaryImageOfPage":{"@id":"https:\/\/nembutalhouse.com\/product\/buy-2mmc-online\/#primaryimage"},"image":{"@id":"https:\/\/nembutalhouse.com\/product\/buy-2mmc-online\/#primaryimage"},"thumbnailUrl":"https:\/\/nembutalhouse.com\/wp-content\/uploads\/2024\/10\/2mmc-1.gif","datePublished":"2024-10-16T11:47:46+00:00","dateModified":"2026-03-06T07:02:49+00:00","description":"Looking to further your research? Buy 2mmc conveniently and securely online, with a straightforward ordering process for 2mmc for sale. Explore the possibilities and buy 2mmc online for your research endeavors today.","breadcrumb":{"@id":"https:\/\/nembutalhouse.com\/product\/buy-2mmc-online\/#breadcrumb"},"inLanguage":"de","potentialAction":[{"@type":"ReadAction","target":["https:\/\/nembutalhouse.com\/product\/buy-2mmc-online\/"]}]},{"@type":"ImageObject","inLanguage":"de","@id":"https:\/\/nembutalhouse.com\/product\/buy-2mmc-online\/#primaryimage","url":"https:\/\/nembutalhouse.com\/wp-content\/uploads\/2024\/10\/2mmc-1.gif","contentUrl":"https:\/\/nembutalhouse.com\/wp-content\/uploads\/2024\/10\/2mmc-1.gif","width":600,"height":600,"caption":"Buy 2mmc Online"},{"@type":"BreadcrumbList","@id":"https:\/\/nembutalhouse.com\/product\/buy-2mmc-online\/#breadcrumb","itemListElement":[{"@type":"ListItem","position":1,"name":"Home","item":"https:\/\/nembutalhouse.com\/"},{"@type":"ListItem","position":2,"name":"Shop","item":"https:\/\/nembutalhouse.com\/shop\/"},{"@type":"ListItem","position":3,"name":"Buy 2mmc Online"}]},{"@type":"WebSite","@id":"https:\/\/nembutalhouse.com\/#website","url":"https:\/\/nembutalhouse.com\/","name":"Nembutal House","description":"Best Nembutal Online Store","publisher":{"@id":"https:\/\/nembutalhouse.com\/#organization"},"potentialAction":[{"@type":"SearchAction","target":{"@type":"EntryPoint","urlTemplate":"https:\/\/nembutalhouse.com\/?s={search_term_string}"},"query-input":{"@type":"PropertyValueSpecification","valueRequired":true,"valueName":"search_term_string"}}],"inLanguage":"de"},{"@type":"Organization","@id":"https:\/\/nembutalhouse.com\/#organization","name":"Nembutal House","url":"https:\/\/nembutalhouse.com\/","logo":{"@type":"ImageObject","inLanguage":"de","@id":"https:\/\/nembutalhouse.com\/#\/schema\/logo\/image\/","url":"https:\/\/nembutalhouse.com\/wp-content\/uploads\/2022\/12\/logo.png","contentUrl":"https:\/\/nembutalhouse.com\/wp-content\/uploads\/2022\/12\/logo.png","width":344,"height":103,"caption":"Nembutal House"},"image":{"@id":"https:\/\/nembutalhouse.com\/#\/schema\/logo\/image\/"}}]}},"_links":{"self":[{"href":"https:\/\/nembutalhouse.com\/de\/wp-json\/wp\/v2\/product\/1104","targetHints":{"allow":["GET"]}}],"collection":[{"href":"https:\/\/nembutalhouse.com\/de\/wp-json\/wp\/v2\/product"}],"about":[{"href":"https:\/\/nembutalhouse.com\/de\/wp-json\/wp\/v2\/types\/product"}],"replies":[{"embeddable":true,"href":"https:\/\/nembutalhouse.com\/de\/wp-json\/wp\/v2\/comments?post=1104"}],"wp:featuredmedia":[{"embeddable":true,"href":"https:\/\/nembutalhouse.com\/de\/wp-json\/wp\/v2\/media\/1608"}],"wp:attachment":[{"href":"https:\/\/nembutalhouse.com\/de\/wp-json\/wp\/v2\/media?parent=1104"}],"wp:term":[{"taxonomy":"product_cat","embeddable":true,"href":"https:\/\/nembutalhouse.com\/de\/wp-json\/wp\/v2\/product_cat?post=1104"},{"taxonomy":"product_tag","embeddable":true,"href":"https:\/\/nembutalhouse.com\/de\/wp-json\/wp\/v2\/product_tag?post=1104"}],"curies":[{"name":"wp","href":"https:\/\/api.w.org\/{rel}","templated":true}]}}