{"id":1102,"date":"2024-10-16T11:47:46","date_gmt":"2024-10-16T11:47:46","guid":{"rendered":"https:\/\/nembutalhouse.com\/?post_type=product&#038;p=1102"},"modified":"2026-03-06T07:34:15","modified_gmt":"2026-03-06T07:34:15","slug":"buy-4cmc-online","status":"publish","type":"product","link":"https:\/\/nembutalhouse.com\/de\/produkt\/buy-4cmc-online\/","title":{"rendered":"Buy 4cmc Online"},"content":{"rendered":"<h2>4 CMC-Kristalle online kaufen<\/h2>\n<p>4-Kristalle CMC Auch als Clephedron verkauft, dieser Roman <a href=\"https:\/\/nembutalhouse.com\/de\/\">NembutalHaus<\/a> Ist leicht zu erwerben<br \/>\nDieses Produkt wurde vielfach nachgefragt, und wir freuen uns, dass wir unseren Kunden dieses hervorragende Produkt nun endlich anbieten k\u00f6nnen.<\/p>\n<p>4 - Es wird davon ausgegangen, dass CMC-Kristalle \u00e4hnliche Wirkungen wie Mephedron und andere Forschungsverbindungen aus der Klasse der Phenone haben werden.<\/p>\n<p>Verbraucher, die dieses aufregende neue Produkt kaufen, erhalten Reiskristalle von h\u00f6chstem Kaliber<\/p>\n<p>Wie immer k\u00f6nnen Sie sich darauf verlassen, dass Sie nur die besten Produkte und den besten Kundendienst der Branche erhalten.<\/p>\n<p>Chemische Informationen<\/p>\n<p>1-(4-Chlorphenyl)-2-(methylamino)propan-1-on <a href=\"https:\/\/en.wikipedia.org\/wiki\/4-Chloromethcathinone\">4-CMC<\/a> Kristalle<\/p>\n<p>CAS-Nummer: 842212-02-1<\/p>\n<p>Masse in Molek\u00fclen: 197.661 G\/mol<\/p>\n<p>Die chemische Formel lautet C10H12ClNO.<\/p>\n<p>Beachten Sie, dass dieses Produkt per Expresskurier in alle L\u00e4nder versandt werden kann.<\/p>\n<h3>4-CMC<\/h3>\n<p>4-Oral CMC-Kristalle haben eine Halbwertszeit von zwei bis drei Stunden.<\/p>\n<p>Die Phase ist angenehm, aber was n\u00fctzt Mephedron oder sogar 3-MMC, wenn es nicht zu einem starken euphorischen Rausch f\u00fchrt?<\/p>\n<p>Das Material f\u00f6rdert nur kreative oder intellektuell interessante Dialoge; es ist nicht spiduje. Es induziert ein Gef\u00fchl der Zufriedenheit und Tr\u00e4gheit.<\/p>\n<p>Die empfohlene Dosierung der Wirkstoffe, um ein vollst\u00e4ndiges Gef\u00fchl nach dem Schlucken zu erreichen, betr\u00e4gt 200-300 mg.<\/p>\n<p><a href=\"https:\/\/nembutalhouse.com\/de\/produkt\/buy-4cmc-online\/\">4-CMC<\/a> Die Menge der Kristalle, die in die Nase gesaugt werden, beginnt bei 100 mg. Es wird nicht empfohlen, mehr als 180 mg des Medikaments einzunehmen.<\/p>\n<p>Nach dem Ziehen brennt es ein paar Minuten lang f\u00fcrchterlich in der Nase. Die Operation dauert etwa eine Stunde und ist wesentlich k\u00fcrzer. Es besteht eine erhebliche Neigung zu mehr Straffungsbewegungen.<\/p>\n<p>Die Auswirkungen der Stimulierung der Art und Weise, wie die Verwaltung stimuliert wird, haben bereits einen sehr deutlichen Einfluss. Leider gehen Konzentration und Erregung nicht Hand in Hand.<\/p>\n<p>Konzentrationsschwierigkeiten, abschweifendes Sprechen, schneller Herzschlag, K\u00e4lte, Schwitzen und \u00dcbelkeit treten auf.<\/p>\n<p>Die erste Wirkung von Euphoria \u00e4hnelt eher der des weit verbreiteten Mephedrons.<\/p>\n<p>Die angenehme Phase ist Studien zufolge h\u00e4ufig mit einem \"leichten Struciem\" verwoben.<\/p>\n<p>Obwohl der Stoff nicht ganz so gut ist wie Mephedron, werden 4-CMC und CMC-3 bald RC und Nachbrenner als die beliebtesten Substanzen in Polen abl\u00f6sen.<\/p>\n<p>&nbsp;<\/p>\n<p>&nbsp;<\/p>","protected":false},"excerpt":{"rendered":"<p>Buy 4 CMC Crystals Online 4- Crystals CMC Also Sold As Clephedrone, This Novel NembutalHouse Is Easily Acquired Many requests have been made for this product, and we are pleased&hellip;<\/p>","protected":false},"featured_media":1505,"comment_status":"closed","ping_status":"closed","template":"","meta":{"_joinchat":[]},"product_cat":[188],"product_tag":[873,878,896,898,884,885,888,894,895,893,874,892,881,871,872,883,897,890,887,880,876,877,899,891,889,886,879,882,875],"class_list":{"0":"post-1102","1":"product","2":"type-product","3":"status-publish","4":"has-post-thumbnail","6":"product_cat-stimulants","7":"product_tag-4cmc-for-sale","8":"product_tag-4cmc-powder","9":"product_tag-4cmc-powder-for-cleaning","10":"product_tag-4cmc-powder-for-sale","11":"product_tag-4cmc-powder-online","12":"product_tag-4cmc-powder-price","13":"product_tag-4cmc-powder-store","14":"product_tag-4cmc-powder-use","15":"product_tag-4cmc-powder-wiki","16":"product_tag-4cmc-powder-worldwide","17":"product_tag-4cmc-supplier","18":"product_tag-best-cheap-price-4cmc-powder","19":"product_tag-best-place-to-buy-4cmc-powder","20":"product_tag-buy-4cmc","21":"product_tag-buy-4cmc-online","22":"product_tag-buy-4cmc-powder-legally","23":"product_tag-buy-4cmc-powder-online","24":"product_tag-cheap-4cmc-powders","25":"product_tag-high-quality-4cmc-powder","26":"product_tag-how-to-buy-4cmc-powder","27":"product_tag-order-4cmc","28":"product_tag-order-4cmc-online","29":"product_tag-order-4cmc-powder","30":"product_tag-purcharse-4cmc-powder-powder","31":"product_tag-shop-4cmc-powder","32":"product_tag-top-quality-4cmc-powder","33":"product_tag-where-to-buy-4cmc-powder","34":"product_tag-where-to-order-4cmc-powder","35":"product_tag-wholesale-4cmc-bulk-online","37":"first","38":"instock","39":"shipping-taxable","40":"purchasable","41":"product-type-variable"},"yoast_head":"<!-- This site is optimized with the Yoast SEO plugin v24.1 - https:\/\/yoast.com\/wordpress\/plugins\/seo\/ -->\n<title>Buy 4 CMC Online - 4 CMC for Sale Online | NembutalHouse<\/title>\n<meta name=\"description\" content=\"At our NembutalHouse, you can get 4cmc for sale at cheap rates. Here you can buy 4cmc online with high-quality from our store now with fast &amp; secure shipping service. Order Now!\" \/>\n<meta name=\"robots\" content=\"index, follow, max-snippet:-1, max-image-preview:large, max-video-preview:-1\" \/>\n<link rel=\"canonical\" href=\"https:\/\/nembutalhouse.com\/de\/produkt\/buy-4cmc-online\/\" \/>\n<meta property=\"og:locale\" content=\"de_DE\" \/>\n<meta property=\"og:type\" content=\"article\" \/>\n<meta property=\"og:title\" content=\"Buy 4 CMC Online - 4 CMC for Sale Online | NembutalHouse\" \/>\n<meta property=\"og:description\" content=\"At our NembutalHouse, you can get 4cmc for sale at cheap rates. Here you can buy 4cmc online with high-quality from our store now with fast &amp; secure shipping service. Order Now!\" \/>\n<meta property=\"og:url\" content=\"https:\/\/nembutalhouse.com\/de\/produkt\/buy-4cmc-online\/\" \/>\n<meta property=\"og:site_name\" content=\"Nembutal House\" \/>\n<meta property=\"article:modified_time\" content=\"2026-03-06T07:34:15+00:00\" \/>\n<meta property=\"og:image\" content=\"https:\/\/nembutalhouse.com\/wp-content\/uploads\/2024\/10\/4cmc.gif\" \/>\n\t<meta property=\"og:image:width\" content=\"600\" \/>\n\t<meta property=\"og:image:height\" content=\"600\" \/>\n\t<meta property=\"og:image:type\" content=\"image\/gif\" \/>\n<meta name=\"twitter:card\" content=\"summary_large_image\" \/>\n<meta name=\"twitter:label1\" content=\"Gesch\u00e4tzte Lesezeit\" \/>\n\t<meta name=\"twitter:data1\" content=\"2\u00a0Minuten\" \/>\n<script type=\"application\/ld+json\" class=\"yoast-schema-graph\">{\"@context\":\"https:\/\/schema.org\",\"@graph\":[{\"@type\":\"WebPage\",\"@id\":\"https:\/\/nembutalhouse.com\/product\/buy-4cmc-online\/\",\"url\":\"https:\/\/nembutalhouse.com\/product\/buy-4cmc-online\/\",\"name\":\"Buy 4 CMC Online - 4 CMC for Sale Online | NembutalHouse\",\"isPartOf\":{\"@id\":\"https:\/\/nembutalhouse.com\/#website\"},\"primaryImageOfPage\":{\"@id\":\"https:\/\/nembutalhouse.com\/product\/buy-4cmc-online\/#primaryimage\"},\"image\":{\"@id\":\"https:\/\/nembutalhouse.com\/product\/buy-4cmc-online\/#primaryimage\"},\"thumbnailUrl\":\"https:\/\/nembutalhouse.com\/wp-content\/uploads\/2024\/10\/4cmc.gif\",\"datePublished\":\"2024-10-16T11:47:46+00:00\",\"dateModified\":\"2026-03-06T07:34:15+00:00\",\"description\":\"At our NembutalHouse, you can get 4cmc for sale at cheap rates. Here you can buy 4cmc online with high-quality from our store now with fast & secure shipping service. Order Now!\",\"breadcrumb\":{\"@id\":\"https:\/\/nembutalhouse.com\/product\/buy-4cmc-online\/#breadcrumb\"},\"inLanguage\":\"de\",\"potentialAction\":[{\"@type\":\"ReadAction\",\"target\":[\"https:\/\/nembutalhouse.com\/product\/buy-4cmc-online\/\"]}]},{\"@type\":\"ImageObject\",\"inLanguage\":\"de\",\"@id\":\"https:\/\/nembutalhouse.com\/product\/buy-4cmc-online\/#primaryimage\",\"url\":\"https:\/\/nembutalhouse.com\/wp-content\/uploads\/2024\/10\/4cmc.gif\",\"contentUrl\":\"https:\/\/nembutalhouse.com\/wp-content\/uploads\/2024\/10\/4cmc.gif\",\"width\":600,\"height\":600,\"caption\":\"Buy 4cmc Online\"},{\"@type\":\"BreadcrumbList\",\"@id\":\"https:\/\/nembutalhouse.com\/product\/buy-4cmc-online\/#breadcrumb\",\"itemListElement\":[{\"@type\":\"ListItem\",\"position\":1,\"name\":\"Home\",\"item\":\"https:\/\/nembutalhouse.com\/\"},{\"@type\":\"ListItem\",\"position\":2,\"name\":\"Shop\",\"item\":\"https:\/\/nembutalhouse.com\/shop\/\"},{\"@type\":\"ListItem\",\"position\":3,\"name\":\"Buy 4cmc Online\"}]},{\"@type\":\"WebSite\",\"@id\":\"https:\/\/nembutalhouse.com\/#website\",\"url\":\"https:\/\/nembutalhouse.com\/\",\"name\":\"Nembutal House\",\"description\":\"Best Nembutal Online Store\",\"publisher\":{\"@id\":\"https:\/\/nembutalhouse.com\/#organization\"},\"potentialAction\":[{\"@type\":\"SearchAction\",\"target\":{\"@type\":\"EntryPoint\",\"urlTemplate\":\"https:\/\/nembutalhouse.com\/?s={search_term_string}\"},\"query-input\":{\"@type\":\"PropertyValueSpecification\",\"valueRequired\":true,\"valueName\":\"search_term_string\"}}],\"inLanguage\":\"de\"},{\"@type\":\"Organization\",\"@id\":\"https:\/\/nembutalhouse.com\/#organization\",\"name\":\"Nembutal House\",\"url\":\"https:\/\/nembutalhouse.com\/\",\"logo\":{\"@type\":\"ImageObject\",\"inLanguage\":\"de\",\"@id\":\"https:\/\/nembutalhouse.com\/#\/schema\/logo\/image\/\",\"url\":\"https:\/\/nembutalhouse.com\/wp-content\/uploads\/2022\/12\/logo.png\",\"contentUrl\":\"https:\/\/nembutalhouse.com\/wp-content\/uploads\/2022\/12\/logo.png\",\"width\":344,\"height\":103,\"caption\":\"Nembutal House\"},\"image\":{\"@id\":\"https:\/\/nembutalhouse.com\/#\/schema\/logo\/image\/\"}}]}<\/script>\n<!-- \/ Yoast SEO plugin. -->","yoast_head_json":{"title":"Buy 4 CMC Online - 4 CMC for Sale Online | NembutalHouse","description":"At our NembutalHouse, you can get 4cmc for sale at cheap rates. Here you can buy 4cmc online with high-quality from our store now with fast & secure shipping service. Order Now!","robots":{"index":"index","follow":"follow","max-snippet":"max-snippet:-1","max-image-preview":"max-image-preview:large","max-video-preview":"max-video-preview:-1"},"canonical":"https:\/\/nembutalhouse.com\/de\/produkt\/buy-4cmc-online\/","og_locale":"de_DE","og_type":"article","og_title":"Buy 4 CMC Online - 4 CMC for Sale Online | NembutalHouse","og_description":"At our NembutalHouse, you can get 4cmc for sale at cheap rates. Here you can buy 4cmc online with high-quality from our store now with fast & secure shipping service. Order Now!","og_url":"https:\/\/nembutalhouse.com\/de\/produkt\/buy-4cmc-online\/","og_site_name":"Nembutal House","article_modified_time":"2026-03-06T07:34:15+00:00","og_image":[{"width":600,"height":600,"url":"https:\/\/nembutalhouse.com\/wp-content\/uploads\/2024\/10\/4cmc.gif","type":"image\/gif"}],"twitter_card":"summary_large_image","twitter_misc":{"Gesch\u00e4tzte Lesezeit":"2\u00a0Minuten"},"schema":{"@context":"https:\/\/schema.org","@graph":[{"@type":"WebPage","@id":"https:\/\/nembutalhouse.com\/product\/buy-4cmc-online\/","url":"https:\/\/nembutalhouse.com\/product\/buy-4cmc-online\/","name":"Buy 4 CMC Online - 4 CMC for Sale Online | NembutalHouse","isPartOf":{"@id":"https:\/\/nembutalhouse.com\/#website"},"primaryImageOfPage":{"@id":"https:\/\/nembutalhouse.com\/product\/buy-4cmc-online\/#primaryimage"},"image":{"@id":"https:\/\/nembutalhouse.com\/product\/buy-4cmc-online\/#primaryimage"},"thumbnailUrl":"https:\/\/nembutalhouse.com\/wp-content\/uploads\/2024\/10\/4cmc.gif","datePublished":"2024-10-16T11:47:46+00:00","dateModified":"2026-03-06T07:34:15+00:00","description":"At our NembutalHouse, you can get 4cmc for sale at cheap rates. Here you can buy 4cmc online with high-quality from our store now with fast & secure shipping service. Order Now!","breadcrumb":{"@id":"https:\/\/nembutalhouse.com\/product\/buy-4cmc-online\/#breadcrumb"},"inLanguage":"de","potentialAction":[{"@type":"ReadAction","target":["https:\/\/nembutalhouse.com\/product\/buy-4cmc-online\/"]}]},{"@type":"ImageObject","inLanguage":"de","@id":"https:\/\/nembutalhouse.com\/product\/buy-4cmc-online\/#primaryimage","url":"https:\/\/nembutalhouse.com\/wp-content\/uploads\/2024\/10\/4cmc.gif","contentUrl":"https:\/\/nembutalhouse.com\/wp-content\/uploads\/2024\/10\/4cmc.gif","width":600,"height":600,"caption":"Buy 4cmc Online"},{"@type":"BreadcrumbList","@id":"https:\/\/nembutalhouse.com\/product\/buy-4cmc-online\/#breadcrumb","itemListElement":[{"@type":"ListItem","position":1,"name":"Home","item":"https:\/\/nembutalhouse.com\/"},{"@type":"ListItem","position":2,"name":"Shop","item":"https:\/\/nembutalhouse.com\/shop\/"},{"@type":"ListItem","position":3,"name":"Buy 4cmc Online"}]},{"@type":"WebSite","@id":"https:\/\/nembutalhouse.com\/#website","url":"https:\/\/nembutalhouse.com\/","name":"Nembutal House","description":"Best Nembutal Online Store","publisher":{"@id":"https:\/\/nembutalhouse.com\/#organization"},"potentialAction":[{"@type":"SearchAction","target":{"@type":"EntryPoint","urlTemplate":"https:\/\/nembutalhouse.com\/?s={search_term_string}"},"query-input":{"@type":"PropertyValueSpecification","valueRequired":true,"valueName":"search_term_string"}}],"inLanguage":"de"},{"@type":"Organization","@id":"https:\/\/nembutalhouse.com\/#organization","name":"Nembutal House","url":"https:\/\/nembutalhouse.com\/","logo":{"@type":"ImageObject","inLanguage":"de","@id":"https:\/\/nembutalhouse.com\/#\/schema\/logo\/image\/","url":"https:\/\/nembutalhouse.com\/wp-content\/uploads\/2022\/12\/logo.png","contentUrl":"https:\/\/nembutalhouse.com\/wp-content\/uploads\/2022\/12\/logo.png","width":344,"height":103,"caption":"Nembutal House"},"image":{"@id":"https:\/\/nembutalhouse.com\/#\/schema\/logo\/image\/"}}]}},"_links":{"self":[{"href":"https:\/\/nembutalhouse.com\/de\/wp-json\/wp\/v2\/product\/1102","targetHints":{"allow":["GET"]}}],"collection":[{"href":"https:\/\/nembutalhouse.com\/de\/wp-json\/wp\/v2\/product"}],"about":[{"href":"https:\/\/nembutalhouse.com\/de\/wp-json\/wp\/v2\/types\/product"}],"replies":[{"embeddable":true,"href":"https:\/\/nembutalhouse.com\/de\/wp-json\/wp\/v2\/comments?post=1102"}],"wp:featuredmedia":[{"embeddable":true,"href":"https:\/\/nembutalhouse.com\/de\/wp-json\/wp\/v2\/media\/1505"}],"wp:attachment":[{"href":"https:\/\/nembutalhouse.com\/de\/wp-json\/wp\/v2\/media?parent=1102"}],"wp:term":[{"taxonomy":"product_cat","embeddable":true,"href":"https:\/\/nembutalhouse.com\/de\/wp-json\/wp\/v2\/product_cat?post=1102"},{"taxonomy":"product_tag","embeddable":true,"href":"https:\/\/nembutalhouse.com\/de\/wp-json\/wp\/v2\/product_tag?post=1102"}],"curies":[{"name":"wp","href":"https:\/\/api.w.org\/{rel}","templated":true}]}}