{"id":1047,"date":"2024-10-16T11:47:23","date_gmt":"2024-10-16T11:47:23","guid":{"rendered":"https:\/\/nembutalhouse.com\/?post_type=product&#038;p=1047"},"modified":"2026-03-06T08:54:36","modified_gmt":"2026-03-06T08:54:36","slug":"buy-fentanyl-online","status":"publish","type":"product","link":"https:\/\/nembutalhouse.com\/de\/produkt\/buy-fentanyl-online\/","title":{"rendered":"Buy Fentanyl Online"},"content":{"rendered":"<h2>FETHANYL POWDER online kaufen<\/h2>\n<p><a href=\"https:\/\/nembutalhouse.com\/de\/produkt\/buy-fentanyl-online\/\">Fentanyl-Pulver<\/a>, manchmal auch als Fentanil bezeichnet, ist ein starkes synthetisches Opioid-Schmerzmittel, das schnell wirkt. An \u03bc-Opioidrezeptoren hat es betr\u00e4chtliche agonistische Eigenschaften. Man geht davon aus, dass Fentanyl die 50- bis 100-fache Potenz von Morphin besitzt.<br \/>\nPaul Janssen stellte 1960 zum ersten Mal Fentanylpulver her, einige Jahre nachdem Pethidin (auch Meperidin genannt und als Demerol verkauft) erstmals in der Medizin verwendet wurde. Janssen testete Analoga des strukturell \u00e4hnlichen Medikaments Pethidin auf seine opioide Wirkung und schuf damit Fentanyl. Fentanylcitrat, das durch Mischen von Fentanyl und Zitronens\u00e4ure in einer St\u00f6chiometrie von 1:1 hergestellt wird, wurde erstmals in der Medizin als Allgemeinan\u00e4sthetikum unter dem Markennamen Sublimaze verwendet, als das Medikament bereits weit verbreitet war. <a href=\"https:\/\/nembutalhouse.com\/de\/\">NembutalHaus<\/a><\/p>\n<p>den 1960er Jahren. Danach wurde eine Reihe anderer Fentanyl-Analoga wie Sufentanil, Alfentanil, Remifentanil und Lofentanil entwickelt und in der Medizin verwendet.<\/p>\n<p>Fentanyl in Pulverform Das Fentanylpflaster wurde erstmals Mitte der 1990er Jahre f\u00fcr die palliative Anwendung zur Verf\u00fcgung gestellt. Im Laufe der folgenden zehn Jahre wurden auch andere Formen von Fentanyl auf den Markt gebracht, darunter ein Lutscher, Tabletten zum Aufl\u00f6sen und ein Sublingualspray, das \u00fcber die Haut im Mund resorbiert wird. Im Jahr 2012 war Fentanyl das am h\u00e4ufigsten verwendete synthetische Opioid in der Medizin. 2013 wurden weltweit 1700 kg Fentanyl verwendet.<\/p>\n<p>Freizeitnutzer von <a href=\"https:\/\/en.wikipedia.org\/wiki\/Fentanyl\">Fentanyl<\/a> waren in den letzten Jahren auch f\u00fcr Tausende von Todesf\u00e4llen durch \u00dcberdosierung verantwortlich. Der unsachgem\u00e4\u00dfe medizinische Gebrauch hat ebenfalls zu Todesf\u00e4llen gef\u00fchrt. Fentanyl ist eine besonders sichere Droge, weil es einen ungew\u00f6hnlich breiten therapeutischen Index hat (270).<\/p>\n<p>Fentanyl ist ein chirurgisches An\u00e4sthetikum, wenn es unter genauer Beobachtung verwendet wird; aufgrund seiner extremen Potenz m\u00fcssen Messungen von stark verd\u00fcnntem Fentanyl in L\u00f6sung jedoch sorgf\u00e4ltig vorgenommen werden. Die genaue Messung einer Dosis reinen Fentanylpulvers ist ohne hochentwickelte wissenschaftliche Ger\u00e4te nicht m\u00f6glich, da es schwierig oder unm\u00f6glich w\u00e4re, zwischen einer wirksamen und einer t\u00f6dlichen Dosis der Droge zu unterscheiden, wenn sie nebeneinander gelegt w\u00fcrden.<\/p>\n<p>Wir bieten Fentanyl-Pulver, -Pflaster, -Fl\u00fcssigkeit und -Tabletten zum Online-Kauf an.<\/p>\n<p>&nbsp;<\/p>\n<p>&nbsp;<\/p>","protected":false},"excerpt":{"rendered":"<p>Buy FETHANYL POWDER Online Fentanyl Powder, sometimes referred to as fentanil, is a strong synthetic opioid pain reliever that acts quickly. At \u03bc-opioid receptors, it has substantial agonist properties. It&hellip;<\/p>","protected":false},"featured_media":1607,"comment_status":"open","ping_status":"closed","template":"","meta":{"_joinchat":[]},"product_cat":[186],"product_tag":[804,793,783,795,810,784,802,790,809,797,800,806,808,811,796,807,805,786,785,799,792,788,789,812,803,801,798,791,794,787],"class_list":{"0":"post-1047","1":"product","2":"type-product","3":"status-publish","4":"has-post-thumbnail","6":"product_cat-research-chemicals","7":"product_tag-best-cheap-price-fentanyl-powder","8":"product_tag-best-place-to-buy-fentanyl-powder","9":"product_tag-buy-fentanyl","10":"product_tag-buy-fentanyl-powder-legally","11":"product_tag-buy-fentanyl-powderonline","12":"product_tag-buy-fentanylonline","13":"product_tag-cheap-fentanyl-powders","14":"product_tag-fentanyl-powder","15":"product_tag-fentanyl-powder-powder","16":"product_tag-fentanyl-powder-price","17":"product_tag-fentanyl-powder-store","18":"product_tag-fentanyl-powder-use","19":"product_tag-fentanyl-powderfor-cleaning","20":"product_tag-fentanyl-powderfor-sale","21":"product_tag-fentanyl-powderpowder-online","22":"product_tag-fentanyl-powderwiki","23":"product_tag-fentanyl-powderworldwide","24":"product_tag-fentanyl-supplier","25":"product_tag-fentanylfor-sale","26":"product_tag-high-quality-fentanyl-powder","27":"product_tag-how-to-buy-fentanyl-powder","28":"product_tag-order-fentanyl","29":"product_tag-order-fentanyl-online","30":"product_tag-order-fentanyl-powder","31":"product_tag-purcharse-fentanyl-powder-powder","32":"product_tag-shop-fentanyl-powder","33":"product_tag-top-quality-fentanyl-powder","34":"product_tag-where-to-buy-fentanyl-powder","35":"product_tag-where-to-order-fentanyl-powder","36":"product_tag-wholesale-fentanyl-bulk-online","38":"first","39":"instock","40":"shipping-taxable","41":"purchasable","42":"product-type-variable"},"yoast_head":"<!-- This site is optimized with the Yoast SEO plugin v24.1 - https:\/\/yoast.com\/wordpress\/plugins\/seo\/ -->\n<title>Buy Fentanyl Online - Fentanyl for Sale - Order Fentanyl Online<\/title>\n<meta name=\"description\" content=\"Where to buy fentanyl online at the best price? Find high-quality fentanyl for sale at our secure online store, catering to your research requirements. Order Now!\" \/>\n<meta name=\"robots\" content=\"index, follow, max-snippet:-1, max-image-preview:large, max-video-preview:-1\" \/>\n<link rel=\"canonical\" href=\"https:\/\/nembutalhouse.com\/de\/produkt\/buy-fentanyl-online\/\" \/>\n<meta property=\"og:locale\" content=\"de_DE\" \/>\n<meta property=\"og:type\" content=\"article\" \/>\n<meta property=\"og:title\" content=\"Buy Fentanyl Online - Fentanyl for Sale - Order Fentanyl Online\" \/>\n<meta property=\"og:description\" content=\"Where to buy fentanyl online at the best price? Find high-quality fentanyl for sale at our secure online store, catering to your research requirements. Order Now!\" \/>\n<meta property=\"og:url\" content=\"https:\/\/nembutalhouse.com\/de\/produkt\/buy-fentanyl-online\/\" \/>\n<meta property=\"og:site_name\" content=\"Nembutal House\" \/>\n<meta property=\"article:modified_time\" content=\"2026-03-06T08:54:36+00:00\" \/>\n<meta property=\"og:image\" content=\"https:\/\/nembutalhouse.com\/wp-content\/uploads\/2024\/10\/Fentanyl.gif\" \/>\n\t<meta property=\"og:image:width\" content=\"600\" \/>\n\t<meta property=\"og:image:height\" content=\"600\" \/>\n\t<meta property=\"og:image:type\" content=\"image\/gif\" \/>\n<meta name=\"twitter:card\" content=\"summary_large_image\" \/>\n<meta name=\"twitter:label1\" content=\"Gesch\u00e4tzte Lesezeit\" \/>\n\t<meta name=\"twitter:data1\" content=\"2\u00a0Minuten\" \/>\n<script type=\"application\/ld+json\" class=\"yoast-schema-graph\">{\"@context\":\"https:\/\/schema.org\",\"@graph\":[{\"@type\":\"WebPage\",\"@id\":\"https:\/\/nembutalhouse.com\/product\/buy-fentanyl-online\/\",\"url\":\"https:\/\/nembutalhouse.com\/product\/buy-fentanyl-online\/\",\"name\":\"Buy Fentanyl Online - Fentanyl for Sale - Order Fentanyl Online\",\"isPartOf\":{\"@id\":\"https:\/\/nembutalhouse.com\/#website\"},\"primaryImageOfPage\":{\"@id\":\"https:\/\/nembutalhouse.com\/product\/buy-fentanyl-online\/#primaryimage\"},\"image\":{\"@id\":\"https:\/\/nembutalhouse.com\/product\/buy-fentanyl-online\/#primaryimage\"},\"thumbnailUrl\":\"https:\/\/nembutalhouse.com\/wp-content\/uploads\/2024\/10\/Fentanyl.gif\",\"datePublished\":\"2024-10-16T11:47:23+00:00\",\"dateModified\":\"2026-03-06T08:54:36+00:00\",\"description\":\"Where to buy fentanyl online at the best price? Find high-quality fentanyl for sale at our secure online store, catering to your research requirements. Order Now!\",\"breadcrumb\":{\"@id\":\"https:\/\/nembutalhouse.com\/product\/buy-fentanyl-online\/#breadcrumb\"},\"inLanguage\":\"de\",\"potentialAction\":[{\"@type\":\"ReadAction\",\"target\":[\"https:\/\/nembutalhouse.com\/product\/buy-fentanyl-online\/\"]}]},{\"@type\":\"ImageObject\",\"inLanguage\":\"de\",\"@id\":\"https:\/\/nembutalhouse.com\/product\/buy-fentanyl-online\/#primaryimage\",\"url\":\"https:\/\/nembutalhouse.com\/wp-content\/uploads\/2024\/10\/Fentanyl.gif\",\"contentUrl\":\"https:\/\/nembutalhouse.com\/wp-content\/uploads\/2024\/10\/Fentanyl.gif\",\"width\":600,\"height\":600,\"caption\":\"Buy Fentanyl Online\"},{\"@type\":\"BreadcrumbList\",\"@id\":\"https:\/\/nembutalhouse.com\/product\/buy-fentanyl-online\/#breadcrumb\",\"itemListElement\":[{\"@type\":\"ListItem\",\"position\":1,\"name\":\"Home\",\"item\":\"https:\/\/nembutalhouse.com\/\"},{\"@type\":\"ListItem\",\"position\":2,\"name\":\"Shop\",\"item\":\"https:\/\/nembutalhouse.com\/shop\/\"},{\"@type\":\"ListItem\",\"position\":3,\"name\":\"Buy Fentanyl Online\"}]},{\"@type\":\"WebSite\",\"@id\":\"https:\/\/nembutalhouse.com\/#website\",\"url\":\"https:\/\/nembutalhouse.com\/\",\"name\":\"Nembutal House\",\"description\":\"Best Nembutal Online Store\",\"publisher\":{\"@id\":\"https:\/\/nembutalhouse.com\/#organization\"},\"potentialAction\":[{\"@type\":\"SearchAction\",\"target\":{\"@type\":\"EntryPoint\",\"urlTemplate\":\"https:\/\/nembutalhouse.com\/?s={search_term_string}\"},\"query-input\":{\"@type\":\"PropertyValueSpecification\",\"valueRequired\":true,\"valueName\":\"search_term_string\"}}],\"inLanguage\":\"de\"},{\"@type\":\"Organization\",\"@id\":\"https:\/\/nembutalhouse.com\/#organization\",\"name\":\"Nembutal House\",\"url\":\"https:\/\/nembutalhouse.com\/\",\"logo\":{\"@type\":\"ImageObject\",\"inLanguage\":\"de\",\"@id\":\"https:\/\/nembutalhouse.com\/#\/schema\/logo\/image\/\",\"url\":\"https:\/\/nembutalhouse.com\/wp-content\/uploads\/2022\/12\/logo.png\",\"contentUrl\":\"https:\/\/nembutalhouse.com\/wp-content\/uploads\/2022\/12\/logo.png\",\"width\":344,\"height\":103,\"caption\":\"Nembutal House\"},\"image\":{\"@id\":\"https:\/\/nembutalhouse.com\/#\/schema\/logo\/image\/\"}}]}<\/script>\n<!-- \/ Yoast SEO plugin. -->","yoast_head_json":{"title":"Buy Fentanyl Online - Fentanyl for Sale - Order Fentanyl Online","description":"Where to buy fentanyl online at the best price? Find high-quality fentanyl for sale at our secure online store, catering to your research requirements. Order Now!","robots":{"index":"index","follow":"follow","max-snippet":"max-snippet:-1","max-image-preview":"max-image-preview:large","max-video-preview":"max-video-preview:-1"},"canonical":"https:\/\/nembutalhouse.com\/de\/produkt\/buy-fentanyl-online\/","og_locale":"de_DE","og_type":"article","og_title":"Buy Fentanyl Online - Fentanyl for Sale - Order Fentanyl Online","og_description":"Where to buy fentanyl online at the best price? Find high-quality fentanyl for sale at our secure online store, catering to your research requirements. Order Now!","og_url":"https:\/\/nembutalhouse.com\/de\/produkt\/buy-fentanyl-online\/","og_site_name":"Nembutal House","article_modified_time":"2026-03-06T08:54:36+00:00","og_image":[{"width":600,"height":600,"url":"https:\/\/nembutalhouse.com\/wp-content\/uploads\/2024\/10\/Fentanyl.gif","type":"image\/gif"}],"twitter_card":"summary_large_image","twitter_misc":{"Gesch\u00e4tzte Lesezeit":"2\u00a0Minuten"},"schema":{"@context":"https:\/\/schema.org","@graph":[{"@type":"WebPage","@id":"https:\/\/nembutalhouse.com\/product\/buy-fentanyl-online\/","url":"https:\/\/nembutalhouse.com\/product\/buy-fentanyl-online\/","name":"Buy Fentanyl Online - Fentanyl for Sale - Order Fentanyl Online","isPartOf":{"@id":"https:\/\/nembutalhouse.com\/#website"},"primaryImageOfPage":{"@id":"https:\/\/nembutalhouse.com\/product\/buy-fentanyl-online\/#primaryimage"},"image":{"@id":"https:\/\/nembutalhouse.com\/product\/buy-fentanyl-online\/#primaryimage"},"thumbnailUrl":"https:\/\/nembutalhouse.com\/wp-content\/uploads\/2024\/10\/Fentanyl.gif","datePublished":"2024-10-16T11:47:23+00:00","dateModified":"2026-03-06T08:54:36+00:00","description":"Where to buy fentanyl online at the best price? Find high-quality fentanyl for sale at our secure online store, catering to your research requirements. Order Now!","breadcrumb":{"@id":"https:\/\/nembutalhouse.com\/product\/buy-fentanyl-online\/#breadcrumb"},"inLanguage":"de","potentialAction":[{"@type":"ReadAction","target":["https:\/\/nembutalhouse.com\/product\/buy-fentanyl-online\/"]}]},{"@type":"ImageObject","inLanguage":"de","@id":"https:\/\/nembutalhouse.com\/product\/buy-fentanyl-online\/#primaryimage","url":"https:\/\/nembutalhouse.com\/wp-content\/uploads\/2024\/10\/Fentanyl.gif","contentUrl":"https:\/\/nembutalhouse.com\/wp-content\/uploads\/2024\/10\/Fentanyl.gif","width":600,"height":600,"caption":"Buy Fentanyl Online"},{"@type":"BreadcrumbList","@id":"https:\/\/nembutalhouse.com\/product\/buy-fentanyl-online\/#breadcrumb","itemListElement":[{"@type":"ListItem","position":1,"name":"Home","item":"https:\/\/nembutalhouse.com\/"},{"@type":"ListItem","position":2,"name":"Shop","item":"https:\/\/nembutalhouse.com\/shop\/"},{"@type":"ListItem","position":3,"name":"Buy Fentanyl Online"}]},{"@type":"WebSite","@id":"https:\/\/nembutalhouse.com\/#website","url":"https:\/\/nembutalhouse.com\/","name":"Nembutal House","description":"Best Nembutal Online Store","publisher":{"@id":"https:\/\/nembutalhouse.com\/#organization"},"potentialAction":[{"@type":"SearchAction","target":{"@type":"EntryPoint","urlTemplate":"https:\/\/nembutalhouse.com\/?s={search_term_string}"},"query-input":{"@type":"PropertyValueSpecification","valueRequired":true,"valueName":"search_term_string"}}],"inLanguage":"de"},{"@type":"Organization","@id":"https:\/\/nembutalhouse.com\/#organization","name":"Nembutal House","url":"https:\/\/nembutalhouse.com\/","logo":{"@type":"ImageObject","inLanguage":"de","@id":"https:\/\/nembutalhouse.com\/#\/schema\/logo\/image\/","url":"https:\/\/nembutalhouse.com\/wp-content\/uploads\/2022\/12\/logo.png","contentUrl":"https:\/\/nembutalhouse.com\/wp-content\/uploads\/2022\/12\/logo.png","width":344,"height":103,"caption":"Nembutal House"},"image":{"@id":"https:\/\/nembutalhouse.com\/#\/schema\/logo\/image\/"}}]}},"_links":{"self":[{"href":"https:\/\/nembutalhouse.com\/de\/wp-json\/wp\/v2\/product\/1047","targetHints":{"allow":["GET"]}}],"collection":[{"href":"https:\/\/nembutalhouse.com\/de\/wp-json\/wp\/v2\/product"}],"about":[{"href":"https:\/\/nembutalhouse.com\/de\/wp-json\/wp\/v2\/types\/product"}],"replies":[{"embeddable":true,"href":"https:\/\/nembutalhouse.com\/de\/wp-json\/wp\/v2\/comments?post=1047"}],"wp:featuredmedia":[{"embeddable":true,"href":"https:\/\/nembutalhouse.com\/de\/wp-json\/wp\/v2\/media\/1607"}],"wp:attachment":[{"href":"https:\/\/nembutalhouse.com\/de\/wp-json\/wp\/v2\/media?parent=1047"}],"wp:term":[{"taxonomy":"product_cat","embeddable":true,"href":"https:\/\/nembutalhouse.com\/de\/wp-json\/wp\/v2\/product_cat?post=1047"},{"taxonomy":"product_tag","embeddable":true,"href":"https:\/\/nembutalhouse.com\/de\/wp-json\/wp\/v2\/product_tag?post=1047"}],"curies":[{"name":"wp","href":"https:\/\/api.w.org\/{rel}","templated":true}]}}