{"id":301,"date":"2023-06-14T10:06:28","date_gmt":"2023-06-14T10:06:28","guid":{"rendered":"https:\/\/nembutalhouse.com\/?post_type=product&#038;p=301"},"modified":"2024-12-05T08:35:35","modified_gmt":"2024-12-05T08:35:35","slug":"buy-butabarbital-online","status":"publish","type":"product","link":"https:\/\/nembutalhouse.com\/da\/vare\/kob-butabarbital-online\/","title":{"rendered":"K\u00f8b butabarbital online"},"content":{"rendered":"<h2>Fra The Top Pharmacy kan du k\u00f8be butabarbitalnatrium 50 mg tabletter online.<\/h2>\n<p>Det bedste sted at k\u00f8be Butabarbital Sodium 50 mg tabletter er fra et online nembutal-apotek. Vi har arbejdet i den farmaceutiske branche i et stykke tid. Du kan stole p\u00e5, at vi giver dig den bedst mulige pleje af dit helbred. Dine forventninger vil ikke p\u00e5 nogen m\u00e5de blive skuffet af vores kvalificerede teammedlemmer. K\u00f8b med det samme!<\/p>\n<h2>Hvordan kan du bruge Butabarbital Sodium til sit fulde potentiale, n\u00e5r du har k\u00f8bt det hos os?<\/h2>\n<p>En af de bedste mediciner til behandling af s\u00f8vnl\u00f8shed hos voksne er natriumbutabarbital. Normalt er det en midlertidig behandling. Dette stof kan bruges i den medicinske sektor som et beroligende middel f\u00f8r enhver operation.<\/p>\n<p>Vi forsyner vores kunder med en manuel vejledning for at sikre korrekt administration af butabarbitalnatrium. Alle anvisninger vedr\u00f8rende l\u00e6gemidlet er n\u00e6vnt i denne manuelle vejledning. Det er nemt at l\u00e6se dem en ad gangen og anvende dem til dine \u00f8nskede form\u00e5l. Du kan s\u00e6tte al din lid til vores velrenommerede onlineapotek. Vi overvejer altid, hvad der er bedst for vores elskede kunder. Vi bekymrer os altid om folks sundhed og inspicerer hvert produkt, f\u00f8r vi leverer det.<\/p>\n<p>Kontakt os, hvis du \u00f8nsker at f\u00e5 <a href=\"https:\/\/nembutalhouse.com\/da\/vare\/kob-butabarbital-online\/\">Butabarbital-natrium<\/a> til den laveste pris. Vores personale analyserer din ordre og g\u00f8r den klar til levering p\u00e5 et minut. Du vil modtage din medicin inden for den tidsramme, der er fastsat af vores online apotek. K\u00f8b billig Nembutal med det samme!<\/p>","protected":false},"excerpt":{"rendered":"<p>From The Top Pharmacy, you can purchase butabarbital sodium 50 mg tablets online. The best place to purchase Butabarbital Sodium 50 mg Tablets is from an online nembutal pharmacy. We&hellip;<\/p>","protected":false},"featured_media":332,"comment_status":"closed","ping_status":"closed","template":"","meta":{"_joinchat":[]},"product_cat":[16],"product_tag":[353,342,357,334,339,345,358,346,349,335,355,356,354,332,344,333,351,348,341,337,338,352,350,347,340,343,336],"class_list":{"0":"post-301","1":"product","2":"type-product","3":"status-publish","4":"has-post-thumbnail","6":"product_cat-nembutal","7":"product_tag-best-cheap-price-butabarbital-tablets","8":"product_tag-best-place-to-buy-butabarbital-tablets","9":"product_tag-butabarbital-tablets-for-cleaning","10":"product_tag-butabarbital-tablets-for-sale","11":"product_tag-butabarbital-tablets-liquid","12":"product_tag-butabarbital-tablets-online","13":"product_tag-butabarbital-tablets-powder","14":"product_tag-butabarbital-tablets-price","15":"product_tag-butabarbital-tablets-store","16":"product_tag-butabarbital-tablets-supplier","17":"product_tag-butabarbital-tablets-use","18":"product_tag-butabarbital-tablets-wiki","19":"product_tag-butabarbital-tablets-worldwide","20":"product_tag-buy-butabarbital-tablets","21":"product_tag-buy-butabarbital-tablets-legally","22":"product_tag-buy-butabarbital-tablets-online","23":"product_tag-cheap-butabarbital-tablets","24":"product_tag-high-quality-butabarbital-tablets","25":"product_tag-how-to-buy-butabarbital-tablets","26":"product_tag-order-butabarbital-tablets","27":"product_tag-order-butabarbital-tablets-online","28":"product_tag-purcharse-butabarbital-tablets","29":"product_tag-shop-butabarbital-tablets","30":"product_tag-top-quality-butabarbital-tablets","31":"product_tag-where-to-buy-butabarbital-tablets","32":"product_tag-where-to-order-butabarbital-tablets","33":"product_tag-wholesale-butabarbital-tablets-bulk-online","35":"first","36":"instock","37":"shipping-taxable","38":"purchasable","39":"product-type-variable"},"yoast_head":"<!-- This site is optimized with the Yoast SEO plugin v24.1 - https:\/\/yoast.com\/wordpress\/plugins\/seo\/ -->\n<title>Buy Butabarbital Online - Butabarbital for sale - Order Butabarbital<\/title>\n<meta name=\"description\" content=\"Looking to further your research? Buy butabarbital conveniently and securely online, with a straightforward ordering process for butabarbital for sale. Explore the possibilities and buy butabarbital online for your research endeavors today.\" \/>\n<meta name=\"robots\" content=\"index, follow, max-snippet:-1, max-image-preview:large, max-video-preview:-1\" \/>\n<link rel=\"canonical\" href=\"https:\/\/nembutalhouse.com\/da\/vare\/kob-butabarbital-online\/\" \/>\n<meta property=\"og:locale\" content=\"da_DK\" \/>\n<meta property=\"og:type\" content=\"article\" \/>\n<meta property=\"og:title\" content=\"Buy Butabarbital Online - Butabarbital for sale - Order Butabarbital\" \/>\n<meta property=\"og:description\" content=\"Looking to further your research? Buy butabarbital conveniently and securely online, with a straightforward ordering process for butabarbital for sale. Explore the possibilities and buy butabarbital online for your research endeavors today.\" \/>\n<meta property=\"og:url\" content=\"https:\/\/nembutalhouse.com\/da\/vare\/kob-butabarbital-online\/\" \/>\n<meta property=\"og:site_name\" content=\"Nembutal House\" \/>\n<meta property=\"article:modified_time\" content=\"2024-12-05T08:35:35+00:00\" \/>\n<meta property=\"og:image\" content=\"https:\/\/nembutalhouse.com\/wp-content\/uploads\/2023\/06\/Butabarbital-1.jpg\" \/>\n\t<meta property=\"og:image:width\" content=\"600\" \/>\n\t<meta property=\"og:image:height\" content=\"600\" \/>\n\t<meta property=\"og:image:type\" content=\"image\/jpeg\" \/>\n<meta name=\"twitter:card\" content=\"summary_large_image\" \/>\n<meta name=\"twitter:label1\" content=\"Estimeret l\u00e6setid\" \/>\n\t<meta name=\"twitter:data1\" content=\"2 minutter\" \/>\n<script type=\"application\/ld+json\" class=\"yoast-schema-graph\">{\"@context\":\"https:\/\/schema.org\",\"@graph\":[{\"@type\":\"WebPage\",\"@id\":\"https:\/\/nembutalhouse.com\/product\/buy-butabarbital-online\/\",\"url\":\"https:\/\/nembutalhouse.com\/product\/buy-butabarbital-online\/\",\"name\":\"Buy Butabarbital Online - Butabarbital for sale - Order Butabarbital\",\"isPartOf\":{\"@id\":\"https:\/\/nembutalhouse.com\/#website\"},\"primaryImageOfPage\":{\"@id\":\"https:\/\/nembutalhouse.com\/product\/buy-butabarbital-online\/#primaryimage\"},\"image\":{\"@id\":\"https:\/\/nembutalhouse.com\/product\/buy-butabarbital-online\/#primaryimage\"},\"thumbnailUrl\":\"https:\/\/nembutalhouse.com\/wp-content\/uploads\/2023\/06\/Butabarbital-1.jpg\",\"datePublished\":\"2023-06-14T10:06:28+00:00\",\"dateModified\":\"2024-12-05T08:35:35+00:00\",\"description\":\"Looking to further your research? Buy butabarbital conveniently and securely online, with a straightforward ordering process for butabarbital for sale. Explore the possibilities and buy butabarbital online for your research endeavors today.\",\"breadcrumb\":{\"@id\":\"https:\/\/nembutalhouse.com\/product\/buy-butabarbital-online\/#breadcrumb\"},\"inLanguage\":\"da-DK\",\"potentialAction\":[{\"@type\":\"ReadAction\",\"target\":[\"https:\/\/nembutalhouse.com\/product\/buy-butabarbital-online\/\"]}]},{\"@type\":\"ImageObject\",\"inLanguage\":\"da-DK\",\"@id\":\"https:\/\/nembutalhouse.com\/product\/buy-butabarbital-online\/#primaryimage\",\"url\":\"https:\/\/nembutalhouse.com\/wp-content\/uploads\/2023\/06\/Butabarbital-1.jpg\",\"contentUrl\":\"https:\/\/nembutalhouse.com\/wp-content\/uploads\/2023\/06\/Butabarbital-1.jpg\",\"width\":600,\"height\":600,\"caption\":\"Butabarbital\"},{\"@type\":\"BreadcrumbList\",\"@id\":\"https:\/\/nembutalhouse.com\/product\/buy-butabarbital-online\/#breadcrumb\",\"itemListElement\":[{\"@type\":\"ListItem\",\"position\":1,\"name\":\"Home\",\"item\":\"https:\/\/nembutalhouse.com\/\"},{\"@type\":\"ListItem\",\"position\":2,\"name\":\"Shop\",\"item\":\"https:\/\/nembutalhouse.com\/shop\/\"},{\"@type\":\"ListItem\",\"position\":3,\"name\":\"Buy Butabarbital Online\"}]},{\"@type\":\"WebSite\",\"@id\":\"https:\/\/nembutalhouse.com\/#website\",\"url\":\"https:\/\/nembutalhouse.com\/\",\"name\":\"Nembutal House\",\"description\":\"Best Nembutal Online Store\",\"publisher\":{\"@id\":\"https:\/\/nembutalhouse.com\/#organization\"},\"potentialAction\":[{\"@type\":\"SearchAction\",\"target\":{\"@type\":\"EntryPoint\",\"urlTemplate\":\"https:\/\/nembutalhouse.com\/?s={search_term_string}\"},\"query-input\":{\"@type\":\"PropertyValueSpecification\",\"valueRequired\":true,\"valueName\":\"search_term_string\"}}],\"inLanguage\":\"da-DK\"},{\"@type\":\"Organization\",\"@id\":\"https:\/\/nembutalhouse.com\/#organization\",\"name\":\"Nembutal House\",\"url\":\"https:\/\/nembutalhouse.com\/\",\"logo\":{\"@type\":\"ImageObject\",\"inLanguage\":\"da-DK\",\"@id\":\"https:\/\/nembutalhouse.com\/#\/schema\/logo\/image\/\",\"url\":\"https:\/\/nembutalhouse.com\/wp-content\/uploads\/2022\/12\/logo.png\",\"contentUrl\":\"https:\/\/nembutalhouse.com\/wp-content\/uploads\/2022\/12\/logo.png\",\"width\":344,\"height\":103,\"caption\":\"Nembutal House\"},\"image\":{\"@id\":\"https:\/\/nembutalhouse.com\/#\/schema\/logo\/image\/\"}}]}<\/script>\n<!-- \/ Yoast SEO plugin. -->","yoast_head_json":{"title":"Buy Butabarbital Online - Butabarbital for sale - Order Butabarbital","description":"Looking to further your research? Buy butabarbital conveniently and securely online, with a straightforward ordering process for butabarbital for sale. Explore the possibilities and buy butabarbital online for your research endeavors today.","robots":{"index":"index","follow":"follow","max-snippet":"max-snippet:-1","max-image-preview":"max-image-preview:large","max-video-preview":"max-video-preview:-1"},"canonical":"https:\/\/nembutalhouse.com\/da\/vare\/kob-butabarbital-online\/","og_locale":"da_DK","og_type":"article","og_title":"Buy Butabarbital Online - Butabarbital for sale - Order Butabarbital","og_description":"Looking to further your research? Buy butabarbital conveniently and securely online, with a straightforward ordering process for butabarbital for sale. Explore the possibilities and buy butabarbital online for your research endeavors today.","og_url":"https:\/\/nembutalhouse.com\/da\/vare\/kob-butabarbital-online\/","og_site_name":"Nembutal House","article_modified_time":"2024-12-05T08:35:35+00:00","og_image":[{"width":600,"height":600,"url":"https:\/\/nembutalhouse.com\/wp-content\/uploads\/2023\/06\/Butabarbital-1.jpg","type":"image\/jpeg"}],"twitter_card":"summary_large_image","twitter_misc":{"Estimeret l\u00e6setid":"2 minutter"},"schema":{"@context":"https:\/\/schema.org","@graph":[{"@type":"WebPage","@id":"https:\/\/nembutalhouse.com\/product\/buy-butabarbital-online\/","url":"https:\/\/nembutalhouse.com\/product\/buy-butabarbital-online\/","name":"Buy Butabarbital Online - Butabarbital for sale - Order Butabarbital","isPartOf":{"@id":"https:\/\/nembutalhouse.com\/#website"},"primaryImageOfPage":{"@id":"https:\/\/nembutalhouse.com\/product\/buy-butabarbital-online\/#primaryimage"},"image":{"@id":"https:\/\/nembutalhouse.com\/product\/buy-butabarbital-online\/#primaryimage"},"thumbnailUrl":"https:\/\/nembutalhouse.com\/wp-content\/uploads\/2023\/06\/Butabarbital-1.jpg","datePublished":"2023-06-14T10:06:28+00:00","dateModified":"2024-12-05T08:35:35+00:00","description":"Looking to further your research? Buy butabarbital conveniently and securely online, with a straightforward ordering process for butabarbital for sale. Explore the possibilities and buy butabarbital online for your research endeavors today.","breadcrumb":{"@id":"https:\/\/nembutalhouse.com\/product\/buy-butabarbital-online\/#breadcrumb"},"inLanguage":"da-DK","potentialAction":[{"@type":"ReadAction","target":["https:\/\/nembutalhouse.com\/product\/buy-butabarbital-online\/"]}]},{"@type":"ImageObject","inLanguage":"da-DK","@id":"https:\/\/nembutalhouse.com\/product\/buy-butabarbital-online\/#primaryimage","url":"https:\/\/nembutalhouse.com\/wp-content\/uploads\/2023\/06\/Butabarbital-1.jpg","contentUrl":"https:\/\/nembutalhouse.com\/wp-content\/uploads\/2023\/06\/Butabarbital-1.jpg","width":600,"height":600,"caption":"Butabarbital"},{"@type":"BreadcrumbList","@id":"https:\/\/nembutalhouse.com\/product\/buy-butabarbital-online\/#breadcrumb","itemListElement":[{"@type":"ListItem","position":1,"name":"Home","item":"https:\/\/nembutalhouse.com\/"},{"@type":"ListItem","position":2,"name":"Shop","item":"https:\/\/nembutalhouse.com\/shop\/"},{"@type":"ListItem","position":3,"name":"Buy Butabarbital Online"}]},{"@type":"WebSite","@id":"https:\/\/nembutalhouse.com\/#website","url":"https:\/\/nembutalhouse.com\/","name":"Nembutal House","description":"Best Nembutal Online Store","publisher":{"@id":"https:\/\/nembutalhouse.com\/#organization"},"potentialAction":[{"@type":"SearchAction","target":{"@type":"EntryPoint","urlTemplate":"https:\/\/nembutalhouse.com\/?s={search_term_string}"},"query-input":{"@type":"PropertyValueSpecification","valueRequired":true,"valueName":"search_term_string"}}],"inLanguage":"da-DK"},{"@type":"Organization","@id":"https:\/\/nembutalhouse.com\/#organization","name":"Nembutal House","url":"https:\/\/nembutalhouse.com\/","logo":{"@type":"ImageObject","inLanguage":"da-DK","@id":"https:\/\/nembutalhouse.com\/#\/schema\/logo\/image\/","url":"https:\/\/nembutalhouse.com\/wp-content\/uploads\/2022\/12\/logo.png","contentUrl":"https:\/\/nembutalhouse.com\/wp-content\/uploads\/2022\/12\/logo.png","width":344,"height":103,"caption":"Nembutal House"},"image":{"@id":"https:\/\/nembutalhouse.com\/#\/schema\/logo\/image\/"}}]}},"_links":{"self":[{"href":"https:\/\/nembutalhouse.com\/da\/wp-json\/wp\/v2\/product\/301","targetHints":{"allow":["GET"]}}],"collection":[{"href":"https:\/\/nembutalhouse.com\/da\/wp-json\/wp\/v2\/product"}],"about":[{"href":"https:\/\/nembutalhouse.com\/da\/wp-json\/wp\/v2\/types\/product"}],"replies":[{"embeddable":true,"href":"https:\/\/nembutalhouse.com\/da\/wp-json\/wp\/v2\/comments?post=301"}],"wp:featuredmedia":[{"embeddable":true,"href":"https:\/\/nembutalhouse.com\/da\/wp-json\/wp\/v2\/media\/332"}],"wp:attachment":[{"href":"https:\/\/nembutalhouse.com\/da\/wp-json\/wp\/v2\/media?parent=301"}],"wp:term":[{"taxonomy":"product_cat","embeddable":true,"href":"https:\/\/nembutalhouse.com\/da\/wp-json\/wp\/v2\/product_cat?post=301"},{"taxonomy":"product_tag","embeddable":true,"href":"https:\/\/nembutalhouse.com\/da\/wp-json\/wp\/v2\/product_tag?post=301"}],"curies":[{"name":"wp","href":"https:\/\/api.w.org\/{rel}","templated":true}]}}