{"id":300,"date":"2023-06-14T10:07:05","date_gmt":"2023-06-14T10:07:05","guid":{"rendered":"https:\/\/nembutalhouse.com\/?post_type=product&#038;p=300"},"modified":"2024-12-05T08:33:57","modified_gmt":"2024-12-05T08:33:57","slug":"brallobarbital-vesparax","status":"publish","type":"product","link":"https:\/\/nembutalhouse.com\/da\/vare\/brallobarbital-vesparax\/","title":{"rendered":"K\u00f8b Brallobarbital (Vesparax)"},"content":{"rendered":"<h2>K\u00f8b Vesparax (Ballobarbital) online fra det velrenommerede apotek<\/h2>\n<p><a href=\"https:\/\/nembutalhouse.com\/da\/vare\/brallobarbital-vesparax\/\">K\u00f8b Brallobarbital (Vesparax)<\/a>Brallobarbital (Vesparax) er en medicin, der s\u00e6lges af et onlineapotek til nembutal og leveres straks til forbrugere, der har bestilt det. Vi er et velrenommeret online apotek, hvor du kan k\u00f8be Vesparax til den laveste pris. Vores omkostninger er uovervindelige og rimelige for alle. Vi har ogs\u00e5 et bes\u00e6tning, der effektivt opfylder dine behov og krav til nembutal brallobarbital. Nembutal Brallobarbital kan nu hurtigt bestilles fra vores apotek og leveres direkte til dit hjem.<\/p>\n<h3>Hvad er brallobarbital (Vesparax), og hvordan bruges det?<\/h3>\n<p>L\u00e6gemidlet Vesparax omtales ofte som et atypisk antipsykotikum. Det virker ved at \u00e6ndre den m\u00e5de, som visse molekyler i hjernen fungerer p\u00e5. Kun voksne b\u00f8r bruge denne medicin, som ikke b\u00f8r administreres til nogen under 18 \u00e5r.<\/p>\n<p><strong>Vesparax har f\u00f8lgende anvendelsesmuligheder:<\/strong><\/p>\n<p>Hj\u00e6lper med at behandle skizofreni hos b\u00e5de voksne og b\u00f8rn<br \/>\nAnvendes sammen med antidepressiva til behandling af personer med sv\u00e6r depressiv lidelse til behandling af bipolar lidelse hos b\u00e5de b\u00f8rn og voksne.<\/p>","protected":false},"excerpt":{"rendered":"<p>Buy Vesparax (Ballobarbital) Online From The Reputable Pharmacy Buy Brallobarbital (Vesparax), Brallobarbital (Vesparax) is a medication that is sold by an online pharmacy for nembutal and is promptly delivered to&hellip;<\/p>","protected":false},"featured_media":334,"comment_status":"closed","ping_status":"closed","template":"","meta":{"_joinchat":[]},"product_cat":[16],"product_tag":[326,315,330,307,312,318,331,319,322,308,328,329,327,305,317,306,324,321,314,310,311,325,323,320,313,316,309],"class_list":{"0":"post-300","1":"product","2":"type-product","3":"status-publish","4":"has-post-thumbnail","6":"product_cat-nembutal","7":"product_tag-best-cheap-price-brallobarbital","8":"product_tag-best-place-to-buy-brallobarbital","9":"product_tag-brallobarbital-for-cleaning","10":"product_tag-brallobarbital-for-sale","11":"product_tag-brallobarbital-liquid","12":"product_tag-brallobarbital-online","13":"product_tag-brallobarbital-powder","14":"product_tag-brallobarbital-price","15":"product_tag-brallobarbital-store","16":"product_tag-brallobarbital-supplier","17":"product_tag-brallobarbital-use","18":"product_tag-brallobarbital-wiki","19":"product_tag-brallobarbital-worldwide","20":"product_tag-buy-brallobarbital","21":"product_tag-buy-brallobarbital-legally","22":"product_tag-buy-brallobarbital-online","23":"product_tag-cheap-brallobarbital","24":"product_tag-high-quality-brallobarbital","25":"product_tag-how-to-buy-brallobarbital","26":"product_tag-order-brallobarbital","27":"product_tag-order-brallobarbital-online","28":"product_tag-purcharse-brallobarbital","29":"product_tag-shop-brallobarbital","30":"product_tag-top-quality-brallobarbital","31":"product_tag-where-to-buy-brallobarbital","32":"product_tag-where-to-order-brallobarbital","33":"product_tag-wholesale-brallobarbital-bulk-online","35":"first","36":"instock","37":"shipping-taxable","38":"purchasable","39":"product-type-variable"},"yoast_head":"<!-- This site is optimized with the Yoast SEO plugin v24.1 - https:\/\/yoast.com\/wordpress\/plugins\/seo\/ -->\n<title>Buy Brallobarbital Online - Brallobarbital for Sale - NH<\/title>\n<meta name=\"description\" content=\"If you want to buy Brallobarbital online and looking for a reliable online store, then buy here. We offer only high-quality Brallobarbital for sale at an affordable price.\" \/>\n<meta name=\"robots\" content=\"index, follow, max-snippet:-1, max-image-preview:large, max-video-preview:-1\" \/>\n<link rel=\"canonical\" href=\"https:\/\/nembutalhouse.com\/da\/vare\/brallobarbital-vesparax\/\" \/>\n<meta property=\"og:locale\" content=\"da_DK\" \/>\n<meta property=\"og:type\" content=\"article\" \/>\n<meta property=\"og:title\" content=\"Buy Brallobarbital Online - Brallobarbital for Sale - NH\" \/>\n<meta property=\"og:description\" content=\"If you want to buy Brallobarbital online and looking for a reliable online store, then buy here. We offer only high-quality Brallobarbital for sale at an affordable price.\" \/>\n<meta property=\"og:url\" content=\"https:\/\/nembutalhouse.com\/da\/vare\/brallobarbital-vesparax\/\" \/>\n<meta property=\"og:site_name\" content=\"Nembutal House\" \/>\n<meta property=\"article:modified_time\" content=\"2024-12-05T08:33:57+00:00\" \/>\n<meta property=\"og:image\" content=\"https:\/\/nembutalhouse.com\/wp-content\/uploads\/2023\/06\/brallobarbital-Vesparax-2.jpg\" \/>\n\t<meta property=\"og:image:width\" content=\"600\" \/>\n\t<meta property=\"og:image:height\" content=\"600\" \/>\n\t<meta property=\"og:image:type\" content=\"image\/jpeg\" \/>\n<meta name=\"twitter:card\" content=\"summary_large_image\" \/>\n<meta name=\"twitter:label1\" content=\"Estimeret l\u00e6setid\" \/>\n\t<meta name=\"twitter:data1\" content=\"1 minut\" \/>\n<script type=\"application\/ld+json\" class=\"yoast-schema-graph\">{\"@context\":\"https:\/\/schema.org\",\"@graph\":[{\"@type\":\"WebPage\",\"@id\":\"https:\/\/nembutalhouse.com\/product\/brallobarbital-vesparax\/\",\"url\":\"https:\/\/nembutalhouse.com\/product\/brallobarbital-vesparax\/\",\"name\":\"Buy Brallobarbital Online - Brallobarbital for Sale - NH\",\"isPartOf\":{\"@id\":\"https:\/\/nembutalhouse.com\/#website\"},\"primaryImageOfPage\":{\"@id\":\"https:\/\/nembutalhouse.com\/product\/brallobarbital-vesparax\/#primaryimage\"},\"image\":{\"@id\":\"https:\/\/nembutalhouse.com\/product\/brallobarbital-vesparax\/#primaryimage\"},\"thumbnailUrl\":\"https:\/\/nembutalhouse.com\/wp-content\/uploads\/2023\/06\/brallobarbital-Vesparax-2.jpg\",\"datePublished\":\"2023-06-14T10:07:05+00:00\",\"dateModified\":\"2024-12-05T08:33:57+00:00\",\"description\":\"If you want to buy Brallobarbital online and looking for a reliable online store, then buy here. We offer only high-quality Brallobarbital for sale at an affordable price.\",\"breadcrumb\":{\"@id\":\"https:\/\/nembutalhouse.com\/product\/brallobarbital-vesparax\/#breadcrumb\"},\"inLanguage\":\"da-DK\",\"potentialAction\":[{\"@type\":\"ReadAction\",\"target\":[\"https:\/\/nembutalhouse.com\/product\/brallobarbital-vesparax\/\"]}]},{\"@type\":\"ImageObject\",\"inLanguage\":\"da-DK\",\"@id\":\"https:\/\/nembutalhouse.com\/product\/brallobarbital-vesparax\/#primaryimage\",\"url\":\"https:\/\/nembutalhouse.com\/wp-content\/uploads\/2023\/06\/brallobarbital-Vesparax-2.jpg\",\"contentUrl\":\"https:\/\/nembutalhouse.com\/wp-content\/uploads\/2023\/06\/brallobarbital-Vesparax-2.jpg\",\"width\":600,\"height\":600,\"caption\":\"brallobarbital-Vesparax\"},{\"@type\":\"BreadcrumbList\",\"@id\":\"https:\/\/nembutalhouse.com\/product\/brallobarbital-vesparax\/#breadcrumb\",\"itemListElement\":[{\"@type\":\"ListItem\",\"position\":1,\"name\":\"Home\",\"item\":\"https:\/\/nembutalhouse.com\/\"},{\"@type\":\"ListItem\",\"position\":2,\"name\":\"Shop\",\"item\":\"https:\/\/nembutalhouse.com\/shop\/\"},{\"@type\":\"ListItem\",\"position\":3,\"name\":\"Buy Brallobarbital (Vesparax)\"}]},{\"@type\":\"WebSite\",\"@id\":\"https:\/\/nembutalhouse.com\/#website\",\"url\":\"https:\/\/nembutalhouse.com\/\",\"name\":\"Nembutal House\",\"description\":\"Best Nembutal Online Store\",\"publisher\":{\"@id\":\"https:\/\/nembutalhouse.com\/#organization\"},\"potentialAction\":[{\"@type\":\"SearchAction\",\"target\":{\"@type\":\"EntryPoint\",\"urlTemplate\":\"https:\/\/nembutalhouse.com\/?s={search_term_string}\"},\"query-input\":{\"@type\":\"PropertyValueSpecification\",\"valueRequired\":true,\"valueName\":\"search_term_string\"}}],\"inLanguage\":\"da-DK\"},{\"@type\":\"Organization\",\"@id\":\"https:\/\/nembutalhouse.com\/#organization\",\"name\":\"Nembutal House\",\"url\":\"https:\/\/nembutalhouse.com\/\",\"logo\":{\"@type\":\"ImageObject\",\"inLanguage\":\"da-DK\",\"@id\":\"https:\/\/nembutalhouse.com\/#\/schema\/logo\/image\/\",\"url\":\"https:\/\/nembutalhouse.com\/wp-content\/uploads\/2022\/12\/logo.png\",\"contentUrl\":\"https:\/\/nembutalhouse.com\/wp-content\/uploads\/2022\/12\/logo.png\",\"width\":344,\"height\":103,\"caption\":\"Nembutal House\"},\"image\":{\"@id\":\"https:\/\/nembutalhouse.com\/#\/schema\/logo\/image\/\"}}]}<\/script>\n<!-- \/ Yoast SEO plugin. -->","yoast_head_json":{"title":"Buy Brallobarbital Online - Brallobarbital for Sale - NH","description":"If you want to buy Brallobarbital online and looking for a reliable online store, then buy here. We offer only high-quality Brallobarbital for sale at an affordable price.","robots":{"index":"index","follow":"follow","max-snippet":"max-snippet:-1","max-image-preview":"max-image-preview:large","max-video-preview":"max-video-preview:-1"},"canonical":"https:\/\/nembutalhouse.com\/da\/vare\/brallobarbital-vesparax\/","og_locale":"da_DK","og_type":"article","og_title":"Buy Brallobarbital Online - Brallobarbital for Sale - NH","og_description":"If you want to buy Brallobarbital online and looking for a reliable online store, then buy here. We offer only high-quality Brallobarbital for sale at an affordable price.","og_url":"https:\/\/nembutalhouse.com\/da\/vare\/brallobarbital-vesparax\/","og_site_name":"Nembutal House","article_modified_time":"2024-12-05T08:33:57+00:00","og_image":[{"width":600,"height":600,"url":"https:\/\/nembutalhouse.com\/wp-content\/uploads\/2023\/06\/brallobarbital-Vesparax-2.jpg","type":"image\/jpeg"}],"twitter_card":"summary_large_image","twitter_misc":{"Estimeret l\u00e6setid":"1 minut"},"schema":{"@context":"https:\/\/schema.org","@graph":[{"@type":"WebPage","@id":"https:\/\/nembutalhouse.com\/product\/brallobarbital-vesparax\/","url":"https:\/\/nembutalhouse.com\/product\/brallobarbital-vesparax\/","name":"Buy Brallobarbital Online - Brallobarbital for Sale - NH","isPartOf":{"@id":"https:\/\/nembutalhouse.com\/#website"},"primaryImageOfPage":{"@id":"https:\/\/nembutalhouse.com\/product\/brallobarbital-vesparax\/#primaryimage"},"image":{"@id":"https:\/\/nembutalhouse.com\/product\/brallobarbital-vesparax\/#primaryimage"},"thumbnailUrl":"https:\/\/nembutalhouse.com\/wp-content\/uploads\/2023\/06\/brallobarbital-Vesparax-2.jpg","datePublished":"2023-06-14T10:07:05+00:00","dateModified":"2024-12-05T08:33:57+00:00","description":"If you want to buy Brallobarbital online and looking for a reliable online store, then buy here. We offer only high-quality Brallobarbital for sale at an affordable price.","breadcrumb":{"@id":"https:\/\/nembutalhouse.com\/product\/brallobarbital-vesparax\/#breadcrumb"},"inLanguage":"da-DK","potentialAction":[{"@type":"ReadAction","target":["https:\/\/nembutalhouse.com\/product\/brallobarbital-vesparax\/"]}]},{"@type":"ImageObject","inLanguage":"da-DK","@id":"https:\/\/nembutalhouse.com\/product\/brallobarbital-vesparax\/#primaryimage","url":"https:\/\/nembutalhouse.com\/wp-content\/uploads\/2023\/06\/brallobarbital-Vesparax-2.jpg","contentUrl":"https:\/\/nembutalhouse.com\/wp-content\/uploads\/2023\/06\/brallobarbital-Vesparax-2.jpg","width":600,"height":600,"caption":"brallobarbital-Vesparax"},{"@type":"BreadcrumbList","@id":"https:\/\/nembutalhouse.com\/product\/brallobarbital-vesparax\/#breadcrumb","itemListElement":[{"@type":"ListItem","position":1,"name":"Home","item":"https:\/\/nembutalhouse.com\/"},{"@type":"ListItem","position":2,"name":"Shop","item":"https:\/\/nembutalhouse.com\/shop\/"},{"@type":"ListItem","position":3,"name":"Buy Brallobarbital (Vesparax)"}]},{"@type":"WebSite","@id":"https:\/\/nembutalhouse.com\/#website","url":"https:\/\/nembutalhouse.com\/","name":"Nembutal House","description":"Best Nembutal Online Store","publisher":{"@id":"https:\/\/nembutalhouse.com\/#organization"},"potentialAction":[{"@type":"SearchAction","target":{"@type":"EntryPoint","urlTemplate":"https:\/\/nembutalhouse.com\/?s={search_term_string}"},"query-input":{"@type":"PropertyValueSpecification","valueRequired":true,"valueName":"search_term_string"}}],"inLanguage":"da-DK"},{"@type":"Organization","@id":"https:\/\/nembutalhouse.com\/#organization","name":"Nembutal House","url":"https:\/\/nembutalhouse.com\/","logo":{"@type":"ImageObject","inLanguage":"da-DK","@id":"https:\/\/nembutalhouse.com\/#\/schema\/logo\/image\/","url":"https:\/\/nembutalhouse.com\/wp-content\/uploads\/2022\/12\/logo.png","contentUrl":"https:\/\/nembutalhouse.com\/wp-content\/uploads\/2022\/12\/logo.png","width":344,"height":103,"caption":"Nembutal House"},"image":{"@id":"https:\/\/nembutalhouse.com\/#\/schema\/logo\/image\/"}}]}},"_links":{"self":[{"href":"https:\/\/nembutalhouse.com\/da\/wp-json\/wp\/v2\/product\/300","targetHints":{"allow":["GET"]}}],"collection":[{"href":"https:\/\/nembutalhouse.com\/da\/wp-json\/wp\/v2\/product"}],"about":[{"href":"https:\/\/nembutalhouse.com\/da\/wp-json\/wp\/v2\/types\/product"}],"replies":[{"embeddable":true,"href":"https:\/\/nembutalhouse.com\/da\/wp-json\/wp\/v2\/comments?post=300"}],"wp:featuredmedia":[{"embeddable":true,"href":"https:\/\/nembutalhouse.com\/da\/wp-json\/wp\/v2\/media\/334"}],"wp:attachment":[{"href":"https:\/\/nembutalhouse.com\/da\/wp-json\/wp\/v2\/media?parent=300"}],"wp:term":[{"taxonomy":"product_cat","embeddable":true,"href":"https:\/\/nembutalhouse.com\/da\/wp-json\/wp\/v2\/product_cat?post=300"},{"taxonomy":"product_tag","embeddable":true,"href":"https:\/\/nembutalhouse.com\/da\/wp-json\/wp\/v2\/product_tag?post=300"}],"curies":[{"name":"wp","href":"https:\/\/api.w.org\/{rel}","templated":true}]}}