{"id":25,"date":"2022-12-13T18:51:32","date_gmt":"2022-12-13T18:51:32","guid":{"rendered":"https:\/\/nembutalhouse.com\/?post_type=product&#038;p=25"},"modified":"2026-03-06T11:07:36","modified_gmt":"2026-03-06T11:07:36","slug":"buy-nembutal-pills-online","status":"publish","type":"product","link":"https:\/\/nembutalhouse.com\/da\/vare\/kob-nembutal-piller-online\/","title":{"rendered":"K\u00f8b Nembutal piller online"},"content":{"rendered":"<h2>K\u00f8b Nembutal piller online<\/h2>\n<p>Den prim\u00e6re brug af <a href=\"https:\/\/nembutalhouse.com\/da\/vare\/kob-nembutal-piller-online\/\"><strong>Nembutal piller<\/strong><\/a> er som en kortvarig behandling af s\u00f8vnl\u00f8shed. Mest brugt til at hj\u00e6lpe folk med at falde i s\u00f8vn, men det er ikke nyttigt til at hj\u00e6lpe folk med at sove, n\u00e5r man behandler angst som et antikonvulsivt middel i n\u00f8dstilf\u00e6lde og som et bed\u00f8velsesmiddel f\u00f8r operation. Du kan k\u00f8be Nembutal-pillerne hos os.<\/p>\n<h3>Hvordan vil du k\u00f8be Nembutal-pillerne online?<\/h3>\n<p>Vi skiller os ud fra m\u00e6ngden ved at levere den h\u00f8jeste kvalitet <strong>Nembutal piller til salg online<\/strong> til overkommelige priser. Vores omd\u00f8mme har spredt sig vidt og bredt for at bevare et godt omd\u00f8mme. Vi tager ingen chance for at g\u00e5 p\u00e5 kompromis med kvaliteten af Nembutal piller k\u00f8b Nembutal piller, som vi s\u00e6lger til dig. Bestil Nembutal Piller online; derfor kan du k\u00f8be Nembutal piller af h\u00f8j kvalitet her fra vores online butik. Hvis du er i tvivl om, hvor du kan k\u00f8be Nembutal-piller, kan du kontakte os for den bedste oplevelse.<\/p>\n<p>Som altid er vores Nembutal-piller, der s\u00e6lges online, laboratorietestet, fordi vi bekymrer os om dit helbred. Vores pentobarbital til salg er urenhedsfri, s\u00e5 du kan fork\u00e6le dig selv med disse Nembutal-piller uden at skade dit helbred. Du kan pr\u00f8ve forskellige kilder til medicin. Men vi er overbeviste om, at vores Nembutal-piller vil give dig 100% positive resultater og perfekte l\u00f8sninger til dine helbredsproblemer. Du vil nemt k\u00f8be Nembutal-piller online gennem forskellige sider p\u00e5 markedet.<\/p>\n<h3>Hvordan bruges Nembutal-piller?<\/h3>\n<p>It is a barbiturate that acts as a sedative or antidepressant. The main purpose is used to treat insomnia. Nembutal is also used as an emergency treatment for seizures and causes patients to fall asleep for surgery. <a href=\"https:\/\/en.wikipedia.org\/?title=Nembutal&amp;redirect=no\">Nembutal<\/a> is available in generic form. You can buy it from our site with Nembutal pills for sale options.<\/p>\n<h3>Hvorfor vil du foretr\u00e6kke at k\u00f8be Nembutal-pillerne?<\/h3>\n<p>Disse Nembutal-piller er almindeligt anvendte p\u00e5 grund af deres evne til at have en beroligende effekt p\u00e5 nervesystemet i hjernen og i sidste ende bremse hjerneaktiviteten. Denne effekt fremmer afslapning og s\u00f8vn. Pentobarbital bruges i vid udstr\u00e6kning af l\u00e6ger til pr\u00e6operativ an\u00e6stesi. Men du kan blive r\u00e5det til at tage den rigtige dosis Nembutal-piller ved problemer som s\u00f8vnl\u00f8shed.<\/p>\n<p>Hvis du kan <a href=\"https:\/\/nembutalhouse.com\/da\/\" target=\"_blank\" rel=\"noopener\"><strong>k\u00f8b Nembutal online<\/strong><\/a>, det er ogs\u00e5 effektivt til psykiske lidelser s\u00e5som angst, depression og epilepsi. Det er den bedste l\u00f8sning til at f\u00e5 det bedre og f\u00e5 ordentlig afslapning ved at holde sp\u00e6ndingerne v\u00e6k. Indtagelse af Nembutal fra den forkerte kilde kan for\u00e5rsage mange negative og negative virkninger p\u00e5 dit helbred. Derfor er det vigtigt at bestille Nembutal-piller online fra en p\u00e5lidelig kilde. Vi er en af de dedikerede leverand\u00f8rer til at bringe dig Nembutal piller af h\u00f8jeste kvalitet online til overkommelige priser. Vi er et af de bedste steder at k\u00f8be Nembutal-piller.<\/p>\n<p>K\u00f8ber du hos os, skal du vide, at du er i trygge h\u00e6nder. Hvis du ikke \u00f8nsker at g\u00e5 p\u00e5 kompromis med kvaliteten af pillen for at give dig et bedre helbred, er vi dit bedste valg. Du skal bare bestille Nembutal online, s\u00e5 leverer vi den til dig hurtigst muligt. Hvis du har brug for en klar id\u00e9 om, hvordan du k\u00f8ber Nembutal-piller, s\u00e5 kontakt os venligst. Vores ekspertteam vil guide dig til at k\u00f8be Nembutal-pillerne online.<\/p>","protected":false},"excerpt":{"rendered":"<p>Hver pille med Nembutal 100 mg indeholder.<\/p>","protected":false},"featured_media":16,"comment_status":"open","ping_status":"closed","template":"","meta":{"_joinchat":[]},"product_cat":[16],"product_tag":[531,520,48,17,49,514,522,50,51,19,52,529,526,20,519,21,23,24,25,26,53,27,30,31,32,535,54,518,536,524,527,515,534,532,523,533,35,36,37,38,39,517,55,41,56,42,530,528,44,525,45,46,57,58,521,516],"class_list":{"0":"post-25","1":"product","2":"type-product","3":"status-publish","4":"has-post-thumbnail","6":"product_cat-nembutal","7":"product_tag-best-cheap-price-nembutal-pills","8":"product_tag-best-place-to-buy-nembutal-pills","9":"product_tag-buy-nembutal-exit-international","10":"product_tag-buy-nembutal-online","11":"product_tag-buy-nembutal-pentobarbital","12":"product_tag-buy-nembutal-pills","13":"product_tag-buy-nembutal-pills-legally","14":"product_tag-buy-nembutal-pills-online","15":"product_tag-buy-nembutal-pills-online-without-prescription","16":"product_tag-buy-nembutal-uk","17":"product_tag-cheap-nembutal-pills-for-sale","18":"product_tag-cheap-nembutal-pillss","19":"product_tag-high-quality-nembutal-pills","20":"product_tag-how-can-i-get-nembutal","21":"product_tag-how-to-buy-nembutal-pills","22":"product_tag-how-to-make-nembutal","23":"product_tag-how-to-purchase-nembutal","24":"product_tag-nembutal","25":"product_tag-nembutal-buy","26":"product_tag-nembutal-buy-india","27":"product_tag-nembutal-capsules-for-sale","28":"product_tag-nembutal-for-sale","29":"product_tag-nembutal-order-online","30":"product_tag-nembutal-pentobarbital-for-sale-in-usa","31":"product_tag-nembutal-pentobarbital-sodium-for-sale","32":"product_tag-nembutal-pills-for-cleaning","33":"product_tag-nembutal-pills-for-sale","34":"product_tag-nembutal-pills-liquid","35":"product_tag-nembutal-pills-powder","36":"product_tag-nembutal-pills-price","37":"product_tag-nembutal-pills-store","38":"product_tag-nembutal-pills-supplier","39":"product_tag-nembutal-pills-wiki","40":"product_tag-nembutal-pills-worldwide","41":"product_tag-nembutal-pillss-online","42":"product_tag-nembutal-pillss-use","43":"product_tag-nembutal-sodium","44":"product_tag-nembutal-suicide","45":"product_tag-nembutal-where-to-buy","46":"product_tag-order-nembutal","47":"product_tag-order-nembutal-online","48":"product_tag-order-nembutal-pills","49":"product_tag-order-nembutal-pills-online","50":"product_tag-pentobarbital","51":"product_tag-pentobarbital-buy","52":"product_tag-pentobarbital-for-sale","53":"product_tag-purcharse-nembutal-pills","54":"product_tag-shop-nembutal-pills","55":"product_tag-sodium-pentobarbital","56":"product_tag-top-quality-nembutal-pills","57":"product_tag-what-is-nembutal","58":"product_tag-where-to-buy-nembutal","59":"product_tag-where-to-buy-nembutal-pills","60":"product_tag-where-to-buy-pentobarbital-for-dogs","61":"product_tag-where-to-order-nembutal-pills","62":"product_tag-wholesale-nembutal-pills-bulk-online","64":"first","65":"instock","66":"shipping-taxable","67":"purchasable","68":"product-type-variable","69":"has-default-attributes"},"yoast_head":"<!-- This site is optimized with the Yoast SEO plugin v24.1 - https:\/\/yoast.com\/wordpress\/plugins\/seo\/ -->\n<title>Buy Nembutal Pills Online - Nembutal Pills for Sale<\/title>\n<meta name=\"description\" content=\"Where to buy nembutal pills online at the best price? Find high-quality nembutal pills for sale at our secure online store, catering to your research requirements. Order Now!\" \/>\n<meta name=\"robots\" content=\"index, follow, max-snippet:-1, max-image-preview:large, max-video-preview:-1\" \/>\n<link rel=\"canonical\" href=\"https:\/\/nembutalhouse.com\/da\/vare\/kob-nembutal-piller-online\/\" \/>\n<meta property=\"og:locale\" content=\"da_DK\" \/>\n<meta property=\"og:type\" content=\"article\" \/>\n<meta property=\"og:title\" content=\"Buy Nembutal Pills Online - Nembutal Pills for Sale\" \/>\n<meta property=\"og:description\" content=\"Where to buy nembutal pills online at the best price? Find high-quality nembutal pills for sale at our secure online store, catering to your research requirements. Order Now!\" \/>\n<meta property=\"og:url\" content=\"https:\/\/nembutalhouse.com\/da\/vare\/kob-nembutal-piller-online\/\" \/>\n<meta property=\"og:site_name\" content=\"Nembutal House\" \/>\n<meta property=\"article:modified_time\" content=\"2026-03-06T11:07:36+00:00\" \/>\n<meta property=\"og:image\" content=\"https:\/\/nembutalhouse.com\/wp-content\/uploads\/2022\/12\/nembutal-pills.jpg\" \/>\n\t<meta property=\"og:image:width\" content=\"1000\" \/>\n\t<meta property=\"og:image:height\" content=\"1000\" \/>\n\t<meta property=\"og:image:type\" content=\"image\/jpeg\" \/>\n<meta name=\"twitter:card\" content=\"summary_large_image\" \/>\n<meta name=\"twitter:label1\" content=\"Estimeret l\u00e6setid\" \/>\n\t<meta name=\"twitter:data1\" content=\"3 minutter\" \/>\n<script type=\"application\/ld+json\" class=\"yoast-schema-graph\">{\"@context\":\"https:\/\/schema.org\",\"@graph\":[{\"@type\":\"WebPage\",\"@id\":\"https:\/\/nembutalhouse.com\/product\/buy-nembutal-pills-online\/\",\"url\":\"https:\/\/nembutalhouse.com\/product\/buy-nembutal-pills-online\/\",\"name\":\"Buy Nembutal Pills Online - Nembutal Pills for Sale\",\"isPartOf\":{\"@id\":\"https:\/\/nembutalhouse.com\/#website\"},\"primaryImageOfPage\":{\"@id\":\"https:\/\/nembutalhouse.com\/product\/buy-nembutal-pills-online\/#primaryimage\"},\"image\":{\"@id\":\"https:\/\/nembutalhouse.com\/product\/buy-nembutal-pills-online\/#primaryimage\"},\"thumbnailUrl\":\"https:\/\/nembutalhouse.com\/wp-content\/uploads\/2022\/12\/nembutal-pills.jpg\",\"datePublished\":\"2022-12-13T18:51:32+00:00\",\"dateModified\":\"2026-03-06T11:07:36+00:00\",\"description\":\"Where to buy nembutal pills online at the best price? Find high-quality nembutal pills for sale at our secure online store, catering to your research requirements. Order Now!\",\"breadcrumb\":{\"@id\":\"https:\/\/nembutalhouse.com\/product\/buy-nembutal-pills-online\/#breadcrumb\"},\"inLanguage\":\"da-DK\",\"potentialAction\":[{\"@type\":\"ReadAction\",\"target\":[\"https:\/\/nembutalhouse.com\/product\/buy-nembutal-pills-online\/\"]}]},{\"@type\":\"ImageObject\",\"inLanguage\":\"da-DK\",\"@id\":\"https:\/\/nembutalhouse.com\/product\/buy-nembutal-pills-online\/#primaryimage\",\"url\":\"https:\/\/nembutalhouse.com\/wp-content\/uploads\/2022\/12\/nembutal-pills.jpg\",\"contentUrl\":\"https:\/\/nembutalhouse.com\/wp-content\/uploads\/2022\/12\/nembutal-pills.jpg\",\"width\":1000,\"height\":1000,\"caption\":\"Buy Nembutal Pills Online\"},{\"@type\":\"BreadcrumbList\",\"@id\":\"https:\/\/nembutalhouse.com\/product\/buy-nembutal-pills-online\/#breadcrumb\",\"itemListElement\":[{\"@type\":\"ListItem\",\"position\":1,\"name\":\"Home\",\"item\":\"https:\/\/nembutalhouse.com\/\"},{\"@type\":\"ListItem\",\"position\":2,\"name\":\"Shop\",\"item\":\"https:\/\/nembutalhouse.com\/shop\/\"},{\"@type\":\"ListItem\",\"position\":3,\"name\":\"Buy Nembutal Pills Online\"}]},{\"@type\":\"WebSite\",\"@id\":\"https:\/\/nembutalhouse.com\/#website\",\"url\":\"https:\/\/nembutalhouse.com\/\",\"name\":\"Nembutal House\",\"description\":\"Best Nembutal Online Store\",\"publisher\":{\"@id\":\"https:\/\/nembutalhouse.com\/#organization\"},\"potentialAction\":[{\"@type\":\"SearchAction\",\"target\":{\"@type\":\"EntryPoint\",\"urlTemplate\":\"https:\/\/nembutalhouse.com\/?s={search_term_string}\"},\"query-input\":{\"@type\":\"PropertyValueSpecification\",\"valueRequired\":true,\"valueName\":\"search_term_string\"}}],\"inLanguage\":\"da-DK\"},{\"@type\":\"Organization\",\"@id\":\"https:\/\/nembutalhouse.com\/#organization\",\"name\":\"Nembutal House\",\"url\":\"https:\/\/nembutalhouse.com\/\",\"logo\":{\"@type\":\"ImageObject\",\"inLanguage\":\"da-DK\",\"@id\":\"https:\/\/nembutalhouse.com\/#\/schema\/logo\/image\/\",\"url\":\"https:\/\/nembutalhouse.com\/wp-content\/uploads\/2022\/12\/logo.png\",\"contentUrl\":\"https:\/\/nembutalhouse.com\/wp-content\/uploads\/2022\/12\/logo.png\",\"width\":344,\"height\":103,\"caption\":\"Nembutal House\"},\"image\":{\"@id\":\"https:\/\/nembutalhouse.com\/#\/schema\/logo\/image\/\"}}]}<\/script>\n<!-- \/ Yoast SEO plugin. -->","yoast_head_json":{"title":"Buy Nembutal Pills Online - Nembutal Pills for Sale","description":"Where to buy nembutal pills online at the best price? Find high-quality nembutal pills for sale at our secure online store, catering to your research requirements. Order Now!","robots":{"index":"index","follow":"follow","max-snippet":"max-snippet:-1","max-image-preview":"max-image-preview:large","max-video-preview":"max-video-preview:-1"},"canonical":"https:\/\/nembutalhouse.com\/da\/vare\/kob-nembutal-piller-online\/","og_locale":"da_DK","og_type":"article","og_title":"Buy Nembutal Pills Online - Nembutal Pills for Sale","og_description":"Where to buy nembutal pills online at the best price? Find high-quality nembutal pills for sale at our secure online store, catering to your research requirements. Order Now!","og_url":"https:\/\/nembutalhouse.com\/da\/vare\/kob-nembutal-piller-online\/","og_site_name":"Nembutal House","article_modified_time":"2026-03-06T11:07:36+00:00","og_image":[{"width":1000,"height":1000,"url":"https:\/\/nembutalhouse.com\/wp-content\/uploads\/2022\/12\/nembutal-pills.jpg","type":"image\/jpeg"}],"twitter_card":"summary_large_image","twitter_misc":{"Estimeret l\u00e6setid":"3 minutter"},"schema":{"@context":"https:\/\/schema.org","@graph":[{"@type":"WebPage","@id":"https:\/\/nembutalhouse.com\/product\/buy-nembutal-pills-online\/","url":"https:\/\/nembutalhouse.com\/product\/buy-nembutal-pills-online\/","name":"Buy Nembutal Pills Online - Nembutal Pills for Sale","isPartOf":{"@id":"https:\/\/nembutalhouse.com\/#website"},"primaryImageOfPage":{"@id":"https:\/\/nembutalhouse.com\/product\/buy-nembutal-pills-online\/#primaryimage"},"image":{"@id":"https:\/\/nembutalhouse.com\/product\/buy-nembutal-pills-online\/#primaryimage"},"thumbnailUrl":"https:\/\/nembutalhouse.com\/wp-content\/uploads\/2022\/12\/nembutal-pills.jpg","datePublished":"2022-12-13T18:51:32+00:00","dateModified":"2026-03-06T11:07:36+00:00","description":"Where to buy nembutal pills online at the best price? Find high-quality nembutal pills for sale at our secure online store, catering to your research requirements. Order Now!","breadcrumb":{"@id":"https:\/\/nembutalhouse.com\/product\/buy-nembutal-pills-online\/#breadcrumb"},"inLanguage":"da-DK","potentialAction":[{"@type":"ReadAction","target":["https:\/\/nembutalhouse.com\/product\/buy-nembutal-pills-online\/"]}]},{"@type":"ImageObject","inLanguage":"da-DK","@id":"https:\/\/nembutalhouse.com\/product\/buy-nembutal-pills-online\/#primaryimage","url":"https:\/\/nembutalhouse.com\/wp-content\/uploads\/2022\/12\/nembutal-pills.jpg","contentUrl":"https:\/\/nembutalhouse.com\/wp-content\/uploads\/2022\/12\/nembutal-pills.jpg","width":1000,"height":1000,"caption":"Buy Nembutal Pills Online"},{"@type":"BreadcrumbList","@id":"https:\/\/nembutalhouse.com\/product\/buy-nembutal-pills-online\/#breadcrumb","itemListElement":[{"@type":"ListItem","position":1,"name":"Home","item":"https:\/\/nembutalhouse.com\/"},{"@type":"ListItem","position":2,"name":"Shop","item":"https:\/\/nembutalhouse.com\/shop\/"},{"@type":"ListItem","position":3,"name":"Buy Nembutal Pills Online"}]},{"@type":"WebSite","@id":"https:\/\/nembutalhouse.com\/#website","url":"https:\/\/nembutalhouse.com\/","name":"Nembutal House","description":"Best Nembutal Online Store","publisher":{"@id":"https:\/\/nembutalhouse.com\/#organization"},"potentialAction":[{"@type":"SearchAction","target":{"@type":"EntryPoint","urlTemplate":"https:\/\/nembutalhouse.com\/?s={search_term_string}"},"query-input":{"@type":"PropertyValueSpecification","valueRequired":true,"valueName":"search_term_string"}}],"inLanguage":"da-DK"},{"@type":"Organization","@id":"https:\/\/nembutalhouse.com\/#organization","name":"Nembutal House","url":"https:\/\/nembutalhouse.com\/","logo":{"@type":"ImageObject","inLanguage":"da-DK","@id":"https:\/\/nembutalhouse.com\/#\/schema\/logo\/image\/","url":"https:\/\/nembutalhouse.com\/wp-content\/uploads\/2022\/12\/logo.png","contentUrl":"https:\/\/nembutalhouse.com\/wp-content\/uploads\/2022\/12\/logo.png","width":344,"height":103,"caption":"Nembutal House"},"image":{"@id":"https:\/\/nembutalhouse.com\/#\/schema\/logo\/image\/"}}]}},"_links":{"self":[{"href":"https:\/\/nembutalhouse.com\/da\/wp-json\/wp\/v2\/product\/25","targetHints":{"allow":["GET"]}}],"collection":[{"href":"https:\/\/nembutalhouse.com\/da\/wp-json\/wp\/v2\/product"}],"about":[{"href":"https:\/\/nembutalhouse.com\/da\/wp-json\/wp\/v2\/types\/product"}],"replies":[{"embeddable":true,"href":"https:\/\/nembutalhouse.com\/da\/wp-json\/wp\/v2\/comments?post=25"}],"wp:featuredmedia":[{"embeddable":true,"href":"https:\/\/nembutalhouse.com\/da\/wp-json\/wp\/v2\/media\/16"}],"wp:attachment":[{"href":"https:\/\/nembutalhouse.com\/da\/wp-json\/wp\/v2\/media?parent=25"}],"wp:term":[{"taxonomy":"product_cat","embeddable":true,"href":"https:\/\/nembutalhouse.com\/da\/wp-json\/wp\/v2\/product_cat?post=25"},{"taxonomy":"product_tag","embeddable":true,"href":"https:\/\/nembutalhouse.com\/da\/wp-json\/wp\/v2\/product_tag?post=25"}],"curies":[{"name":"wp","href":"https:\/\/api.w.org\/{rel}","templated":true}]}}